{"id":61131,"date":"2021-03-05T14:11:38","date_gmt":"2021-03-05T14:11:38","guid":{"rendered":"https:\/\/onedesk.com\/des-articles\/"},"modified":"2021-12-21T21:39:17","modified_gmt":"2021-12-21T21:39:17","slug":"des-articles","status":"publish","type":"page","link":"https:\/\/onedesk.com\/fr\/des-articles\/","title":{"rendered":"des articles"},"content":{"rendered":"\t\t<div data-elementor-type=\"wp-page\" data-elementor-id=\"61131\" class=\"elementor elementor-61131 elementor-30023\" data-elementor-post-type=\"page\">\n\t\t\t\t\t\t<section class=\"elementor-section elementor-top-section elementor-element elementor-element-08c8d6c elementor-section-boxed elementor-section-height-default elementor-section-height-default\" data-id=\"08c8d6c\" data-element_type=\"section\" data-e-type=\"section\">\n\t\t\t\t\t\t<div class=\"elementor-container elementor-column-gap-default\">\n\t\t\t\t\t<div class=\"elementor-column elementor-col-100 elementor-top-column elementor-element elementor-element-05508a7\" data-id=\"05508a7\" data-element_type=\"column\" data-e-type=\"column\">\n\t\t\t<div class=\"elementor-widget-wrap\">\n\t\t\t\t\t\t\t<\/div>\n\t\t<\/div>\n\t\t\t\t\t<\/div>\n\t\t<\/section>\n\t\t\t\t<section class=\"elementor-section elementor-top-section elementor-element elementor-element-920ed23 elementor-section-boxed elementor-section-height-default elementor-section-height-default\" data-id=\"920ed23\" data-element_type=\"section\" data-e-type=\"section\">\n\t\t\t\t\t\t<div class=\"elementor-container elementor-column-gap-default\">\n\t\t\t\t\t<div class=\"elementor-column elementor-col-100 elementor-top-column elementor-element elementor-element-5c752c1\" data-id=\"5c752c1\" data-element_type=\"column\" data-e-type=\"column\">\n\t\t\t<div class=\"elementor-widget-wrap elementor-element-populated\">\n\t\t\t\t\t\t<div class=\"elementor-element elementor-element-accc652 elementor-widget elementor-widget-heading\" data-id=\"accc652\" data-element_type=\"widget\" data-e-type=\"widget\" data-widget_type=\"heading.default\">\n\t\t\t\t<div class=\"elementor-widget-container\">\n\t\t\t\t\t<h2 class=\"elementor-heading-title elementor-size-default\">OneDesk dans les m\u00e9dias<\/h2>\t\t\t\t<\/div>\n\t\t\t\t<\/div>\n\t\t\t\t<div class=\"elementor-element elementor-element-3cb7553 elementor-align-center elementor-widget elementor-widget-global elementor-global-239883 elementor-global-131872 elementor-widget-button\" data-id=\"3cb7553\" data-element_type=\"widget\" data-e-type=\"widget\" data-widget_type=\"button.default\">\n\t\t\t\t<div class=\"elementor-widget-container\">\n\t\t\t\t\t\t\t\t\t<div class=\"elementor-button-wrapper\">\n\t\t\t\t\t<a class=\"elementor-button elementor-button-link elementor-size-lg elementor-animation-grow\" href=\"https:\/\/onedesk.com\/fr\/inscription-gratuite\/\">\n\t\t\t\t\t\t<span class=\"elementor-button-content-wrapper\">\n\t\t\t\t\t\t\t\t\t<span class=\"elementor-button-text\">Inscription gratuite!<\/span>\n\t\t\t\t\t<\/span>\n\t\t\t\t\t<\/a>\n\t\t\t\t<\/div>\n\t\t\t\t\t\t\t\t<\/div>\n\t\t\t\t<\/div>\n\t\t\t\t\t<\/div>\n\t\t<\/div>\n\t\t\t\t\t<\/div>\n\t\t<\/section>\n\t\t\t\t<section class=\"elementor-section elementor-top-section elementor-element elementor-element-104376cb elementor-section-boxed elementor-section-height-default elementor-section-height-default\" data-id=\"104376cb\" data-element_type=\"section\" data-e-type=\"section\">\n\t\t\t\t\t\t<div class=\"elementor-container elementor-column-gap-default\">\n\t\t\t\t\t<div class=\"elementor-column elementor-col-100 elementor-top-column elementor-element elementor-element-5d68d85c\" data-id=\"5d68d85c\" data-element_type=\"column\" data-e-type=\"column\">\n\t\t\t<div class=\"elementor-widget-wrap elementor-element-populated\">\n\t\t\t\t\t\t<div class=\"elementor-element elementor-element-571aa1b elementor-widget elementor-widget-text-editor\" data-id=\"571aa1b\" data-element_type=\"widget\" data-e-type=\"widget\" data-widget_type=\"text-editor.default\">\n\t\t\t\t<div class=\"elementor-widget-container\">\n\t\t\t\t\t\t\t\t\t<h2>Voici ce qu&#8217;ils disent \u00e0 propos de OneDesk&nbsp;:<\/h2>\n<\/p>\n<h4 style=\"text-align: left; padding-left: 30px; padding-right: 30px;\">\u00ab&nbsp;&#8230; votre organisation pourrait vouloir jeter un coup d&#8217;\u0153il \u00e0 une plate-forme appel\u00e9e OneDesk, une application bas\u00e9e sur le cloud qui est explicitement destin\u00e9e \u00e0 coordonner les chefs de produit, les ing\u00e9nieurs, les \u00e9quipes marketing et m\u00eame les professionnels du support client.&nbsp;\u00bb<\/h4>\n<p style=\"text-align: center;\"><a href=\"https:\/\/www.zdnet.com\/blog\/small-business-matters\/cloud-platform-supports-product-development-activities\/1283\">La plate-forme cloud prend en charge les activit\u00e9s de d\u00e9veloppement de produits<\/a> , Heather Clancy, <strong>ZDNet<\/strong><\/p>\n<h4> <\/h4>\n<h4 style=\"text-align: left; padding-left: 30px; padding-right: 30px;\">\u00ab&nbsp;&#8230; le produit est structur\u00e9 pour faciliter l&#8217;identification de nouvelles opportunit\u00e9s de produits et les acheminer dans le pipeline de d\u00e9veloppement.&nbsp;\u00bb<\/h4>\n<p style=\"text-align: center;\"><a href=\"https:\/\/www.informationweek.com\/thebrainyard\/news\/social_crm\/231600044\">OneDesk traduit les commentaires en R&amp;D<\/a> , David F. Carr, <strong>InformationWeek<\/strong> <\/p>\n<p style=\"text-align: left;\"><em> <\/em><\/p>\n<h4 style=\"text-align: left; padding-left: 30px; padding-right: 30px;\">\u00ab&nbsp;&#8230; permet aux entreprises de devenir plus connect\u00e9es socialement aux clients, partenaires et employ\u00e9s.&nbsp;\u00bb<\/h4>\n<p style=\"text-align: center;\"><a href=\"https:\/\/onedesk.com\/PDF\/business_review_usa_product_development_made_easy_with_onedesk.pdf\">Le d\u00e9veloppement de produits<\/a> en toute simplicit\u00e9 , Nadia Ibanez, <strong>Business Review USA<\/strong><\/p>\n<p style=\"text-align: center;\"><em> <\/em><\/p>\n<h4 style=\"text-align: left; padding-left: 30px; padding-right: 30px;\">\u00ab Ce que j&#8217;aime le plus, c&#8217;est qu&#8217;il capture des id\u00e9es \u2013 des commentaires, des suggestions, des contributions qui seraient autrement perdues. Et il s&#8217;agit d&#8217;un processus continu, et pas seulement d&#8217;un simple \u00ab&nbsp;rassemblons les besoins pour les prochains mois&nbsp;\u00bb.<\/h4>\n<p style=\"text-align: center;\"> <a href=\"https:\/\/socialmediatoday.com\/softwarehollis\/385171\/social-media-changing-nature-product-requirements-forever\">M\u00e9dias sociaux &#8211; Changer la nature des &#8220;exigences du produit&#8221; pour toujours<\/a> , Hollis Tibbetts, <strong>Social Media Today<\/strong><\/p>\n<p style=\"text-align: center;\"><em> <\/em><\/p>\n<h4 style=\"text-align: left; padding-left: 30px; padding-right: 30px;\">\u00ab&nbsp;&#8230; du point de vue de la gestion des produits, ce sont les fonctionnalit\u00e9s, c&#8217;est la feuille de route, c&#8217;est la capacit\u00e9 \u00e0 g\u00e9rer les parties difficiles du d\u00e9veloppement qui est vraiment convaincante.&nbsp;\u00bb<\/h4>\n<p style=\"text-align: center;\"><a href=\"https:\/\/www.blogtalkradio.com\/prodmgmttalk\/2011\/11\/18\/tools-of-the-trade-onedesk-with-catherine-constantinides\">OneDesk avec Catherine Constantinides<\/a> , Cindy F Solomon, <strong>Tools of The Trade<\/strong><\/p>\n<p style=\"text-align: center;\"><em> <\/em><\/p>\n<h4 style=\"text-align: left; padding-left: 30px; padding-right: 30px;\">\u00ab&nbsp;&#8230; une suite unifi\u00e9e d&#8217;applications pour aider \u00e0 g\u00e9rer l&#8217;ensemble du cycle de vie du d\u00e9veloppement de produits.&nbsp;\u00bb<\/h4>\n<p style=\"text-align: center;\">Agile, Product Management Journal, Ian Lunn, <strong>ProductFocus<\/strong><\/p>\n<p style=\"text-align: center;\"><em> <\/em><\/p>\n<h4 style=\"text-align: left; padding-left: 30px; padding-right: 30px;\">\u00ab L&#8217;une des raisons pour lesquelles je trouve OneDesk unique est qu&#8217;il se concentre davantage sur le front-end qu&#8217;un syst\u00e8me PLM, mais offre \u00e9galement plus de capacit\u00e9s d&#8217;ex\u00e9cution que la plupart des logiciels de \u00ab&nbsp;gestion d&#8217;id\u00e9es&nbsp;\u00bb.<\/h4>\n<p style=\"text-align: center;\"> <a href=\"https:\/\/tech-clarity.com\/onedesk\/1722\/\">Une autre option d&#8217;informatique sociale pour le d\u00e9veloppement de produits&nbsp;: OneDesk<\/a> Jim Brown, <strong>Tech-Clarity<\/strong> <\/p>\n<h4> <\/h4>\n<h4 style=\"text-align: left; padding-left: 30px; padding-right: 30px;\">\u00ab&nbsp;OneDesk se positionne comme la seule application qui relie la surveillance des m\u00e9dias sociaux, les commentaires des clients, la gestion de l&#8217;innovation et des id\u00e9es, la gestion du service d&#8217;assistance, la gestion des exigences et la gestion de projet dans une zone centralis\u00e9e.&nbsp;\u00bb<\/h4>\n<p style=\"text-align: center;\"><a href=\"https:\/\/onedesk.com\/PDF\/drdobbs_beyond_requirement_so_much_more_to_manage.pdf\">Au-del\u00e0 des exigences, tellement plus pour g\u00e9rer<\/a> Adrian Bridgwater <strong>Dr.Dobb&#8217;s<\/strong><\/p>\n<h4> <\/h4>\n<h4 style=\"text-align: left; padding-left: 30px; padding-right: 30px;\">\u00ab&nbsp;L&#8217;une des principales fonctionnalit\u00e9s offertes par OneDesk se situe dans le domaine de la gestion de projet. Dans cette optique, le service permet d&#8217;importer des fichiers Microsoft Project pour d\u00e9marrer rapidement. J&#8217;ai trouv\u00e9 la possibilit\u00e9 de mettre la feuille de route du produit sur une chronologie tr\u00e8s utile, offrant une visibilit\u00e9 sur le processus de prise de d\u00e9cision ainsi qu&#8217;un sentiment de continuit\u00e9 dans les diff\u00e9rentes t\u00e2ches assign\u00e9es.&#8221;<\/h4>\n<p style=\"text-align: center;\"><a href=\"https:\/\/www.enterpriseappstoday.com\/social-media\/review-onedesk-has-centralized-collaboration-social-media-monitoring.html\">Examen&nbsp;: OneDesk a une collaboration centralis\u00e9e, une surveillance des m\u00e9dias sociaux<\/a> Paul Mah, des <strong>applications d&#8217;entreprise aujourd&#8217;hui<\/strong><\/p>\n<div style=\"float: left; width: 100%; margin-top: 10px;\">\n<h2> <\/h2>\n<h2>Des articles<\/h2>\n<\/p>\n<p>Une collection d&#8217;articles et de critiques sur OneDesk, ainsi que des articles que nous avons \u00e9crits pour diverses publications sur l&#8217;innovation et la gestion des produits.<\/p>\n<\/p>\n<\/div>\n<p><a href=\"https:\/\/onedesk.com\/PDF\/drdobbs_beyond_requirement_so_much_more_to_manage.pdf\"> Au-del\u00e0 des exigences, tellement plus \u00e0 g\u00e9rer &#8211; DrDobbs.com <\/a><\/p>\n<p><a href=\"https:\/\/onedesk.com\/PDF\/team_collaboration_the_two_way.pdf\"> Collaboration d&#8217;\u00e9quipe \u00e0 la mani\u00e8re 2.0 &#8211; CustomerThink <\/a><\/p>\n<p><a href=\"https:\/\/onedesk.com\/PDF\/get_work_done_with_onedesk_all_in_one_social_business_software.pdf\"> Travaillez plus efficacement avec OneDesk, un logiciel d&#8217;entreprise sociale tout-en-un &#8211; Logiciel pour entreprise <\/a><\/p>\n<p><a href=\"https:\/\/onedesk.com\/PDF\/four_ways_to_improve_customer_engagement_in_2013_business_2_community.pdf\"> Quatre fa\u00e7ons d&#8217;am\u00e9liorer l&#8217;engagement client en 2013 &#8211; Business 2 Community<\/a><\/p>\n<p><a href=\"https:\/\/onedesk.com\/PDF\/review_%20onedesk_has_centralized_collaboration_social_media_monitoring.pdf\"> Examen : OneDesk a une collaboration centralis\u00e9e, une surveillance des m\u00e9dias sociaux &#8211; EnterpriseAppsToday <\/a><\/p>\n<p><a href=\"https:\/\/onedesk.com\/PDF\/does_your_customer_support_strategy_stack_up_%20social_media_today.pdf\"> Votre strat\u00e9gie de support client s&#8217;accumule-t-elle&nbsp;? &#8211; Les m\u00e9dias sociaux aujourd&#8217;hui<\/a><\/p>\n<p><a href=\"https:\/\/onedesk.com\/PDF\/channeling_the_social_customer_social__media_today.pdf\"> Canaliser le client social &#8211; Les m\u00e9dias sociaux aujourd&#8217;hui<\/a><\/p>\n<p><a href=\"https:\/\/onedesk.com\/PDF\/younomy_onedesk_social_cocreation_consulting_firm.pdf\"> OneDesk&nbsp;: votre premier coup de pouce avec le d\u00e9veloppement de produits sociaux<\/a><\/p>\n<p><a href=\"https:\/\/onedesk.com\/PDF\/innovation_excellence%20_%20customer_centric_model_for_product_innovation.pdf\"> Mod\u00e8le centr\u00e9 sur le client pour l&#8217;innovation de produit &#8211; Excellence de l&#8217;innovation <\/a><\/p>\n<p><a href=\"https:\/\/onedesk.com\/PDF\/turning_customer_feedback_into_product_gold.pdf\"> Transformer les commentaires des clients en produit Gold &#8211; About.com <\/a><\/p>\n<p><a href=\"https:\/\/onedesk.com\/PDF\/lifelearn_case_study_v5.pdf\"> \u00c9tude de cas LifeLearn <\/a><\/p>\n<p><a href=\"https:\/\/onedesk.com\/PDF\/another_social_computing_option_for_product_development_%20onedesk.pdf\"> Une autre option d&#8217;informatique sociale pour le d\u00e9veloppement de produits : OneDesk &#8211; Tech-Clarity<\/a><\/p>\n<p><a href=\"https:\/\/onedesk.com\/PDF\/How-to-deal-with-collaboration-breakdown-OnPM.pdf\"> Comment g\u00e9rer la rupture de la collaboration &#8211; Sur la gestion des produits<\/a><\/p>\n<p><a href=\"https:\/\/onedesk.com\/PDF\/on_pm_what_can_tacos_teach_product_managers_about_social_product_development.pdf\"> Qu&#8217;est-ce que Tacos peut enseigner aux chefs de produit sur le d\u00e9veloppement de produits sociaux&nbsp;? &#8211; Sur la gestion des produits<\/a><\/p>\n<p><a href=\"https:\/\/onedesk.com\/PDF\/innovation_management_building-your-innovation-toolbox.pdf\"> Construire votre bo\u00eete \u00e0 outils d&#8217;innovation &#8211; Gestion de l&#8217;innovation <\/a><\/p>\n<p><a href=\"https:\/\/onedesk.com\/PDF\/innovation_management_unifying_people_processes_and_tools.pdf\"> Unifier les processus et les outils des personnes &#8211; Management de l&#8217;innovation <\/a><\/p>\n<p><a href=\"https:\/\/onedesk.com\/PDF\/fei_improving_front_and_back_end_the_innovation_process.pdf\"> Am\u00e9liorer le Front End et le Back End du processus d&#8217;innovation &#8211; Front End of Innovation<\/a><\/p>\n<p><a href=\"https:\/\/onedesk.com\/PDF\/informationweek_the_brainyard_onedesk_translates_feedback_into_rd.pdf\"> OneDesk traduit les commentaires des clients en R&amp;D &#8211; Semaine de l&#8217;information<\/a><\/p>\n<p><a href=\"https:\/\/onedesk.com\/PDF\/Innovation_Tools_Next-Gen-Social-Tech_Catherine-Constantinides_OneDesk.pdf\"> Comment les technologies sociales de nouvelle g\u00e9n\u00e9ration peuvent aider \u00e0 stimuler l&#8217;innovation &#8211; Outils d&#8217;innovation<\/a><\/p>\n<p><a href=\"https:\/\/onedesk.com\/PDF\/projects_at_work_the_social_pm__approach.pdf\"> L&#8217;Approche Social PM &#8211; Projets au Travail <\/a><\/p>\n<p><a href=\"https:\/\/onedesk.com\/PDF\/ratedcloud_onedesk_review.pdf\"> Examen OneDesk &#8211; RatedCloud<\/a><\/p>\n<p><a href=\"https:\/\/onedesk.com\/PDF\/Social-Media-Today_Changing-Product-Requirements.pdf\"> M\u00e9dias sociaux &#8211; Changer la nature des &#8220;exigences du produit&#8221; pour toujours &#8211; Les m\u00e9dias sociaux aujourd&#8217;hui<\/a><\/p>\n<p><a href=\"https:\/\/onedesk.com\/PDF\/the-social-customer_the-customer-product-connection.pdf\"> La connexion client-produit &#8211; Le client social<\/a><\/p>\n<p><a href=\"https:\/\/onedesk.com\/PDF\/zdnet_cloud-platform_supports-onedesk-api_clancy.pdf\"> La plate-forme cloud prend en charge les activit\u00e9s de d\u00e9veloppement de produits &#8211; ZDNet<\/a><\/p>\n<p><a href=\"https:\/\/onedesk.com\/PDF\/business_review_usa_product_development_made_easy_with_onedesk.pdf\"> Le d\u00e9veloppement de produits en toute simplicit\u00e9 &#8211; Business Review USA<\/a><\/p>\n\t\t\t\t\t\t\t\t<\/div>\n\t\t\t\t<\/div>\n\t\t\t\t\t<\/div>\n\t\t<\/div>\n\t\t\t\t\t<\/div>\n\t\t<\/section>\n\t\t\t\t<section class=\"elementor-section elementor-top-section elementor-element elementor-element-4d7e10a elementor-section-boxed elementor-section-height-default elementor-section-height-default\" data-id=\"4d7e10a\" data-element_type=\"section\" data-e-type=\"section\">\n\t\t\t\t\t\t<div class=\"elementor-container elementor-column-gap-default\">\n\t\t\t\t\t<div class=\"elementor-column elementor-col-100 elementor-top-column elementor-element elementor-element-c44d172\" data-id=\"c44d172\" data-element_type=\"column\" data-e-type=\"column\">\n\t\t\t<div class=\"elementor-widget-wrap\">\n\t\t\t\t\t\t\t<\/div>\n\t\t<\/div>\n\t\t\t\t\t<\/div>\n\t\t<\/section>\n\t\t\t\t<\/div>\n\t\t","protected":false},"excerpt":{"rendered":"<p>OneDesk dans les m\u00e9dias Sign up free! Voici ce qu&#8217;ils disent \u00e0 propos de OneDesk&nbsp;: \u00ab&nbsp;&#8230; votre organisation pourrait vouloir jeter un coup d&#8217;\u0153il \u00e0 une plate-forme appel\u00e9e OneDesk, une application bas\u00e9e sur le cloud qui est explicitement destin\u00e9e \u00e0 coordonner les chefs de produit, les ing\u00e9nieurs, les \u00e9quipes marketing et m\u00eame les professionnels du [&hellip;]<\/p>\n","protected":false},"author":2,"featured_media":0,"parent":0,"menu_order":60,"comment_status":"closed","ping_status":"closed","template":"","meta":{"tpgb_global_settings":"","_crdt_document":"","inline_featured_image":false,"site-sidebar-layout":"default","site-content-layout":"","ast-site-content-layout":"default","site-content-style":"default","site-sidebar-style":"default","ast-global-header-display":"","ast-banner-title-visibility":"","ast-main-header-display":"","ast-hfb-above-header-display":"","ast-hfb-below-header-display":"","ast-hfb-mobile-header-display":"","site-post-title":"","ast-breadcrumbs-content":"","ast-featured-img":"","footer-sml-layout":"","ast-disable-related-posts":"","theme-transparent-header-meta":"","adv-header-id-meta":"","stick-header-meta":"","header-above-stick-meta":"","header-main-stick-meta":"","header-below-stick-meta":"","astra-migrate-meta-layouts":"default","ast-page-background-enabled":"default","ast-page-background-meta":{"desktop":{"background-color":"var(--ast-global-color-4)","background-image":"","background-repeat":"repeat","background-position":"center center","background-size":"auto","background-attachment":"scroll","background-type":"","background-media":"","overlay-type":"","overlay-color":"","overlay-opacity":"","overlay-gradient":""},"tablet":{"background-color":"","background-image":"","background-repeat":"repeat","background-position":"center center","background-size":"auto","background-attachment":"scroll","background-type":"","background-media":"","overlay-type":"","overlay-color":"","overlay-opacity":"","overlay-gradient":""},"mobile":{"background-color":"","background-image":"","background-repeat":"repeat","background-position":"center center","background-size":"auto","background-attachment":"scroll","background-type":"","background-media":"","overlay-type":"","overlay-color":"","overlay-opacity":"","overlay-gradient":""}},"ast-content-background-meta":{"desktop":{"background-color":"var(--ast-global-color-5)","background-image":"","background-repeat":"repeat","background-position":"center center","background-size":"auto","background-attachment":"scroll","background-type":"","background-media":"","overlay-type":"","overlay-color":"","overlay-opacity":"","overlay-gradient":""},"tablet":{"background-color":"var(--ast-global-color-5)","background-image":"","background-repeat":"repeat","background-position":"center center","background-size":"auto","background-attachment":"scroll","background-type":"","background-media":"","overlay-type":"","overlay-color":"","overlay-opacity":"","overlay-gradient":""},"mobile":{"background-color":"var(--ast-global-color-5)","background-image":"","background-repeat":"repeat","background-position":"center center","background-size":"auto","background-attachment":"scroll","background-type":"","background-media":"","overlay-type":"","overlay-color":"","overlay-opacity":"","overlay-gradient":""}},"footnotes":""},"class_list":["post-61131","page","type-page","status-publish","hentry"],"yoast_head":"<!-- This site is optimized with the Yoast SEO Premium plugin v27.4 (Yoast SEO v27.4) - https:\/\/yoast.com\/product\/yoast-seo-premium-wordpress\/ -->\n<title>T\u00e9moignages de clients et articles en vedette | OneDesk<\/title>\n<meta name=\"description\" content=\"OneDesk est un logiciel de helpdesk et un logiciel de gestion de projet r\u00e9unis en une seule application. D\u00e9couvrez nos t\u00e9moignages clients et nos articles vedettes.\" \/>\n<meta name=\"robots\" content=\"index, follow, max-snippet:-1, max-image-preview:large, max-video-preview:-1\" \/>\n<link rel=\"canonical\" href=\"https:\/\/onedesk.com\/fr\/des-articles\/\" \/>\n<meta property=\"og:locale\" content=\"fr_FR\" \/>\n<meta property=\"og:type\" content=\"article\" \/>\n<meta property=\"og:title\" content=\"T\u00e9moignages de clients et articles en vedette | OneDesk\" \/>\n<meta property=\"og:description\" content=\"OneDesk est un logiciel de helpdesk et un logiciel de gestion de projet r\u00e9unis en une seule application. D\u00e9couvrez nos t\u00e9moignages clients et nos articles vedettes.\" \/>\n<meta property=\"og:url\" content=\"https:\/\/onedesk.com\/fr\/des-articles\/\" \/>\n<meta property=\"og:site_name\" content=\"OneDesk\" \/>\n<meta property=\"article:publisher\" content=\"https:\/\/www.facebook.com\/OneDeskApp\" \/>\n<meta property=\"article:modified_time\" content=\"2021-12-21T21:39:17+00:00\" \/>\n<meta property=\"og:image\" content=\"https:\/\/onedesk.com\/wp-content\/uploads\/2020\/04\/OneDesk-Logo.png\" \/>\n\t<meta property=\"og:image:width\" content=\"1280\" \/>\n\t<meta property=\"og:image:height\" content=\"800\" \/>\n\t<meta property=\"og:image:type\" content=\"image\/png\" \/>\n<meta name=\"twitter:card\" content=\"summary_large_image\" \/>\n<meta name=\"twitter:site\" content=\"@OneDeskApp\" \/>\n<meta name=\"twitter:label1\" content=\"Est. reading time\" \/>\n\t<meta name=\"twitter:data1\" content=\"4 minutes\" \/>\n<!-- \/ Yoast SEO Premium plugin. -->","yoast_head_json":{"title":"T\u00e9moignages de clients et articles en vedette | OneDesk","description":"OneDesk est un logiciel de helpdesk et un logiciel de gestion de projet r\u00e9unis en une seule application. D\u00e9couvrez nos t\u00e9moignages clients et nos articles vedettes.","robots":{"index":"index","follow":"follow","max-snippet":"max-snippet:-1","max-image-preview":"max-image-preview:large","max-video-preview":"max-video-preview:-1"},"canonical":"https:\/\/onedesk.com\/fr\/des-articles\/","og_locale":"fr_FR","og_type":"article","og_title":"T\u00e9moignages de clients et articles en vedette | OneDesk","og_description":"OneDesk est un logiciel de helpdesk et un logiciel de gestion de projet r\u00e9unis en une seule application. D\u00e9couvrez nos t\u00e9moignages clients et nos articles vedettes.","og_url":"https:\/\/onedesk.com\/fr\/des-articles\/","og_site_name":"OneDesk","article_publisher":"https:\/\/www.facebook.com\/OneDeskApp","article_modified_time":"2021-12-21T21:39:17+00:00","og_image":[{"width":1280,"height":800,"url":"https:\/\/onedesk.com\/wp-content\/uploads\/2020\/04\/OneDesk-Logo.png","type":"image\/png"}],"twitter_card":"summary_large_image","twitter_site":"@OneDeskApp","twitter_misc":{"Est. reading time":"4 minutes"},"schema":{"@context":"https:\/\/schema.org","@graph":[{"@type":"WebPage","@id":"https:\/\/onedesk.com\/fr\/des-articles\/","url":"https:\/\/onedesk.com\/fr\/des-articles\/","name":"T\u00e9moignages de clients et articles en vedette | OneDesk","isPartOf":{"@id":"https:\/\/onedesk.com\/fr\/#website"},"datePublished":"2021-03-05T14:11:38+00:00","dateModified":"2021-12-21T21:39:17+00:00","description":"OneDesk est un logiciel de helpdesk et un logiciel de gestion de projet r\u00e9unis en une seule application. D\u00e9couvrez nos t\u00e9moignages clients et nos articles vedettes.","inLanguage":"fr-FR","potentialAction":[{"@type":"ReadAction","target":["https:\/\/onedesk.com\/fr\/des-articles\/"]}]},{"@type":"WebSite","@id":"https:\/\/onedesk.com\/fr\/#website","url":"https:\/\/onedesk.com\/fr\/","name":"OneDesk","description":"Logiciel de gestion de projet et d'assistance","publisher":{"@id":"https:\/\/onedesk.com\/fr\/#organization"},"potentialAction":[{"@type":"SearchAction","target":{"@type":"EntryPoint","urlTemplate":"https:\/\/onedesk.com\/fr\/?s={search_term_string}"},"query-input":{"@type":"PropertyValueSpecification","valueRequired":true,"valueName":"search_term_string"}}],"inLanguage":"fr-FR"},{"@type":"Organization","@id":"https:\/\/onedesk.com\/fr\/#organization","name":"OneDesk","url":"https:\/\/onedesk.com\/fr\/","logo":{"@type":"ImageObject","inLanguage":"fr-FR","@id":"https:\/\/onedesk.com\/fr\/#\/schema\/logo\/image\/","url":"https:\/\/onedesk.com\/wp-content\/uploads\/2016\/01\/white-logo-small.png","contentUrl":"https:\/\/onedesk.com\/wp-content\/uploads\/2016\/01\/white-logo-small.png","width":207,"height":40,"caption":"OneDesk"},"image":{"@id":"https:\/\/onedesk.com\/fr\/#\/schema\/logo\/image\/"},"sameAs":["https:\/\/www.facebook.com\/OneDeskApp","https:\/\/x.com\/OneDeskApp","https:\/\/www.instagram.com\/onedeskapp\/","https:\/\/www.linkedin.com\/company\/onedesk-inc-1","https:\/\/www.pinterest.com\/onedesk\/","https:\/\/www.youtube.com\/user\/OneDeskApp"]}]}},"tpgb_featured_images":null,"tpgb_post_meta_info":{"get_date":"March 5, 2021","get_modified_date":"December 21, 2021","author_name":"Derek","author_url":"https:\/\/onedesk.com\/fr\/author\/derekonedesk-com\/","author_email":"derek@onedesk.com","author_website":"","author_description":"","author_facebook":"","author_twitter":"","author_instagram":"","author_role":["administrator"],"author_firstname":"Derek","author_lastname":"","user_login":"derek@onedesk.com","author_avatar":"<img alt='' src='https:\/\/secure.gravatar.com\/avatar\/457ebef17878f2246da5e4df1ab1420e949ee125154dfb140a3f3ce911b0ef71?s=200&#038;d=mm&#038;r=g' srcset='https:\/\/secure.gravatar.com\/avatar\/457ebef17878f2246da5e4df1ab1420e949ee125154dfb140a3f3ce911b0ef71?s=400&#038;d=mm&#038;r=g 2x' class='avatar avatar-200 photo' height='200' width='200' decoding='async'\/>","author_avatar_url":"https:\/\/secure.gravatar.com\/avatar\/457ebef17878f2246da5e4df1ab1420e949ee125154dfb140a3f3ce911b0ef71?s=96&d=mm&r=g","comment_count":0,"post_likes":0,"post_views":0},"tpgb_post_category":[],"jetpack_shortlink":"https:\/\/wp.me\/PfpPaI-fTZ","amp_enabled":true,"_links":{"self":[{"href":"https:\/\/onedesk.com\/fr\/wp-json\/wp\/v2\/pages\/61131","targetHints":{"allow":["GET"]}}],"collection":[{"href":"https:\/\/onedesk.com\/fr\/wp-json\/wp\/v2\/pages"}],"about":[{"href":"https:\/\/onedesk.com\/fr\/wp-json\/wp\/v2\/types\/page"}],"author":[{"embeddable":true,"href":"https:\/\/onedesk.com\/fr\/wp-json\/wp\/v2\/users\/2"}],"replies":[{"embeddable":true,"href":"https:\/\/onedesk.com\/fr\/wp-json\/wp\/v2\/comments?post=61131"}],"version-history":[{"count":2,"href":"https:\/\/onedesk.com\/fr\/wp-json\/wp\/v2\/pages\/61131\/revisions"}],"predecessor-version":[{"id":157581,"href":"https:\/\/onedesk.com\/fr\/wp-json\/wp\/v2\/pages\/61131\/revisions\/157581"}],"wp:attachment":[{"href":"https:\/\/onedesk.com\/fr\/wp-json\/wp\/v2\/media?parent=61131"}],"curies":[{"name":"wp","href":"https:\/\/api.w.org\/{rel}","templated":true}]}}