{"id":61159,"date":"2021-03-05T16:45:21","date_gmt":"2021-03-05T16:45:21","guid":{"rendered":"https:\/\/onedesk.com\/commencer\/etape-3-ajout-de-trucs\/"},"modified":"2021-03-10T18:31:45","modified_gmt":"2021-03-10T18:31:45","slug":"ajout-de-trucs","status":"publish","type":"page","link":"https:\/\/onedesk.com\/fr\/ajout-de-trucs\/","title":{"rendered":"\u00c9tape 3 &#8211; Ajouter des \u00e9l\u00e9ments"},"content":{"rendered":"<p>Maintenant que vous connaissez les concepts de base de OneDesk, il est temps de commencer \u00e0 ajouter des \u00e9l\u00e9ments. Vous pouvez cr\u00e9er des \u00e9l\u00e9ments, des projets, des utilisateurs, des clients, des feuilles de temps et plus encore.<\/p>\n<h3>Cr\u00e9er des \u00e9l\u00e9ments et des projets<\/h3>\n<p>Cliquez sur la fl\u00e8che vers le bas \u00e0 c\u00f4t\u00e9 du bouton &#8220;Ajouter&#8221; dans la barre sup\u00e9rieure et s\u00e9lectionnez ce que vous souhaitez cr\u00e9er dans le menu. Si vous cliquez sur le bouton &#8220;Ajouter&#8221; lui-m\u00eame, OneDesk essaiera de cr\u00e9er ce qu&#8217;il pense que vous voulez en fonction de votre s\u00e9lection actuelle, des param\u00e8tres par d\u00e9faut et de l&#8217;application dans laquelle vous vous trouvez. Pour cr\u00e9er des \u00e9l\u00e9ments en masse, vous pouvez importer des \u00e9l\u00e9ments (\u00e0 partir de CSV ou MPP) ou cloner des projets existants.<br \/>\n<img fetchpriority=\"high\" decoding=\"async\" class=\"wp-image-41414 aligncenter\" src=\"https:\/\/onedesk.com\/wp-content\/uploads\/2016\/01\/Create.png\" alt=\"Create Stuff\" width=\"456\" height=\"599\"><\/p>\n<p>&nbsp;<\/p>\n<h3>Partage de projets<\/h3>\n<p>Lorsque vous cr\u00e9ez un nouveau projet, vous pouvez choisir avec qui le partager. Par d\u00e9faut, il est partag\u00e9 avec tous les utilisateurs de votre entreprise au moment de sa cr\u00e9ation. Toutes les propri\u00e9t\u00e9s que vous s\u00e9lectionnez ici peuvent \u00eatre modifi\u00e9es ult\u00e9rieurement si vous changez d&#8217;avis.<br \/>\n<img decoding=\"async\" class=\"wp-image-41417 size-full aligncenter\" src=\"https:\/\/onedesk.com\/wp-content\/uploads\/2016\/01\/create-project.png\" alt=\"Create Project\" width=\"500\"><\/p>\n<p>&nbsp;<\/p>\n<h3>Cr\u00e9er des utilisateurs et des clients<\/h3>\n<p>Vous pouvez cr\u00e9er des utilisateurs ou des clients un par un ou importer des clients \u00e0 partir d&#8217;un fichier CSV ou de vos contacts. Vous pouvez cr\u00e9er des \u00e9quipes (groupes d&#8217;utilisateurs) ou des organisations clients (groupes de clients).<br \/>\n<img decoding=\"async\" class=\"aligncenter size-full wp-image-30230\" src=\"https:\/\/onedesk.com\/wp-content\/uploads\/2016\/01\/create-user.png\" alt=\"Create User\" width=\"500\"><\/p>\n","protected":false},"excerpt":{"rendered":"<p>Maintenant que vous connaissez les concepts de base de OneDesk, il est temps de commencer \u00e0 ajouter des \u00e9l\u00e9ments. Vous pouvez cr\u00e9er des \u00e9l\u00e9ments, des projets, des utilisateurs, des clients, des feuilles de temps et plus encore. Cr\u00e9er des \u00e9l\u00e9ments et des projets Cliquez sur la fl\u00e8che vers le bas \u00e0 c\u00f4t\u00e9 du bouton &#8220;Ajouter&#8221; [&hellip;]<\/p>\n","protected":false},"author":2,"featured_media":0,"parent":0,"menu_order":3,"comment_status":"closed","ping_status":"closed","template":"","meta":{"tpgb_global_settings":"","_crdt_document":"","inline_featured_image":false,"site-sidebar-layout":"default","site-content-layout":"","ast-site-content-layout":"default","site-content-style":"default","site-sidebar-style":"default","ast-global-header-display":"","ast-banner-title-visibility":"","ast-main-header-display":"","ast-hfb-above-header-display":"","ast-hfb-below-header-display":"","ast-hfb-mobile-header-display":"","site-post-title":"","ast-breadcrumbs-content":"","ast-featured-img":"","footer-sml-layout":"","ast-disable-related-posts":"","theme-transparent-header-meta":"","adv-header-id-meta":"","stick-header-meta":"","header-above-stick-meta":"","header-main-stick-meta":"","header-below-stick-meta":"","astra-migrate-meta-layouts":"default","ast-page-background-enabled":"default","ast-page-background-meta":{"desktop":{"background-color":"var(--ast-global-color-4)","background-image":"","background-repeat":"repeat","background-position":"center center","background-size":"auto","background-attachment":"scroll","background-type":"","background-media":"","overlay-type":"","overlay-color":"","overlay-opacity":"","overlay-gradient":""},"tablet":{"background-color":"","background-image":"","background-repeat":"repeat","background-position":"center center","background-size":"auto","background-attachment":"scroll","background-type":"","background-media":"","overlay-type":"","overlay-color":"","overlay-opacity":"","overlay-gradient":""},"mobile":{"background-color":"","background-image":"","background-repeat":"repeat","background-position":"center center","background-size":"auto","background-attachment":"scroll","background-type":"","background-media":"","overlay-type":"","overlay-color":"","overlay-opacity":"","overlay-gradient":""}},"ast-content-background-meta":{"desktop":{"background-color":"var(--ast-global-color-5)","background-image":"","background-repeat":"repeat","background-position":"center center","background-size":"auto","background-attachment":"scroll","background-type":"","background-media":"","overlay-type":"","overlay-color":"","overlay-opacity":"","overlay-gradient":""},"tablet":{"background-color":"var(--ast-global-color-5)","background-image":"","background-repeat":"repeat","background-position":"center center","background-size":"auto","background-attachment":"scroll","background-type":"","background-media":"","overlay-type":"","overlay-color":"","overlay-opacity":"","overlay-gradient":""},"mobile":{"background-color":"var(--ast-global-color-5)","background-image":"","background-repeat":"repeat","background-position":"center center","background-size":"auto","background-attachment":"scroll","background-type":"","background-media":"","overlay-type":"","overlay-color":"","overlay-opacity":"","overlay-gradient":""}},"footnotes":""},"class_list":["post-61159","page","type-page","status-publish","hentry"],"yoast_head":"<!-- This site is optimized with the Yoast SEO Premium plugin v27.2 (Yoast SEO v27.3) - https:\/\/yoast.com\/product\/yoast-seo-premium-wordpress\/ -->\n<title>\u00c9tape 3 - Ajouter des \u00e9l\u00e9ments - OneDesk<\/title>\n<meta name=\"description\" content=\"OneDesk est un logiciel de helpdesk et un logiciel de gestion de projet dans une seule application. Cela passe par l&#039;ajout de choses dans OneDesk.\" \/>\n<meta name=\"robots\" content=\"index, follow, max-snippet:-1, max-image-preview:large, max-video-preview:-1\" \/>\n<link rel=\"canonical\" href=\"https:\/\/onedesk.com\/fr\/ajout-de-trucs\/\" \/>\n<meta property=\"og:locale\" content=\"fr_FR\" \/>\n<meta property=\"og:type\" content=\"article\" \/>\n<meta property=\"og:title\" content=\"\u00c9tape 3 - Ajouter des \u00e9l\u00e9ments - OneDesk\" \/>\n<meta property=\"og:description\" content=\"OneDesk est un logiciel de helpdesk et un logiciel de gestion de projet dans une seule application. Cela passe par l&#039;ajout de choses dans OneDesk.\" \/>\n<meta property=\"og:url\" content=\"https:\/\/onedesk.com\/fr\/ajout-de-trucs\/\" \/>\n<meta property=\"og:site_name\" content=\"OneDesk\" \/>\n<meta property=\"article:publisher\" content=\"https:\/\/www.facebook.com\/OneDeskApp\" \/>\n<meta property=\"article:modified_time\" content=\"2021-03-10T18:31:45+00:00\" \/>\n<meta property=\"og:image\" content=\"https:\/\/onedesk.com\/wp-content\/uploads\/2016\/01\/Create.png\" \/>\n<meta name=\"twitter:card\" content=\"summary_large_image\" \/>\n<meta name=\"twitter:site\" content=\"@OneDeskApp\" \/>\n<meta name=\"twitter:label1\" content=\"Est. reading time\" \/>\n\t<meta name=\"twitter:data1\" content=\"1 minute\" \/>\n<!-- \/ Yoast SEO Premium plugin. -->","yoast_head_json":{"title":"\u00c9tape 3 - Ajouter des \u00e9l\u00e9ments - OneDesk","description":"OneDesk est un logiciel de helpdesk et un logiciel de gestion de projet dans une seule application. Cela passe par l'ajout de choses dans OneDesk.","robots":{"index":"index","follow":"follow","max-snippet":"max-snippet:-1","max-image-preview":"max-image-preview:large","max-video-preview":"max-video-preview:-1"},"canonical":"https:\/\/onedesk.com\/fr\/ajout-de-trucs\/","og_locale":"fr_FR","og_type":"article","og_title":"\u00c9tape 3 - Ajouter des \u00e9l\u00e9ments - OneDesk","og_description":"OneDesk est un logiciel de helpdesk et un logiciel de gestion de projet dans une seule application. Cela passe par l'ajout de choses dans OneDesk.","og_url":"https:\/\/onedesk.com\/fr\/ajout-de-trucs\/","og_site_name":"OneDesk","article_publisher":"https:\/\/www.facebook.com\/OneDeskApp","article_modified_time":"2021-03-10T18:31:45+00:00","og_image":[{"url":"https:\/\/onedesk.com\/wp-content\/uploads\/2016\/01\/Create.png","type":"","width":"","height":""}],"twitter_card":"summary_large_image","twitter_site":"@OneDeskApp","twitter_misc":{"Est. reading time":"1 minute"},"schema":{"@context":"https:\/\/schema.org","@graph":[{"@type":"WebPage","@id":"https:\/\/onedesk.com\/fr\/ajout-de-trucs\/","url":"https:\/\/onedesk.com\/fr\/ajout-de-trucs\/","name":"\u00c9tape 3 - Ajouter des \u00e9l\u00e9ments - OneDesk","isPartOf":{"@id":"https:\/\/onedesk.com\/fr\/#website"},"primaryImageOfPage":{"@id":"https:\/\/onedesk.com\/fr\/ajout-de-trucs\/#primaryimage"},"image":{"@id":"https:\/\/onedesk.com\/fr\/ajout-de-trucs\/#primaryimage"},"thumbnailUrl":"https:\/\/onedesk.com\/wp-content\/uploads\/2016\/01\/Create.png","datePublished":"2021-03-05T16:45:21+00:00","dateModified":"2021-03-10T18:31:45+00:00","description":"OneDesk est un logiciel de helpdesk et un logiciel de gestion de projet dans une seule application. Cela passe par l'ajout de choses dans OneDesk.","inLanguage":"fr-FR","potentialAction":[{"@type":"ReadAction","target":["https:\/\/onedesk.com\/fr\/ajout-de-trucs\/"]}]},{"@type":"ImageObject","inLanguage":"fr-FR","@id":"https:\/\/onedesk.com\/fr\/ajout-de-trucs\/#primaryimage","url":"https:\/\/onedesk.com\/wp-content\/uploads\/2016\/01\/Create.png","contentUrl":"https:\/\/onedesk.com\/wp-content\/uploads\/2016\/01\/Create.png"},{"@type":"WebSite","@id":"https:\/\/onedesk.com\/fr\/#website","url":"https:\/\/onedesk.com\/fr\/","name":"OneDesk","description":"Logiciel de gestion de projet et d'assistance","publisher":{"@id":"https:\/\/onedesk.com\/fr\/#organization"},"potentialAction":[{"@type":"SearchAction","target":{"@type":"EntryPoint","urlTemplate":"https:\/\/onedesk.com\/fr\/?s={search_term_string}"},"query-input":{"@type":"PropertyValueSpecification","valueRequired":true,"valueName":"search_term_string"}}],"inLanguage":"fr-FR"},{"@type":"Organization","@id":"https:\/\/onedesk.com\/fr\/#organization","name":"OneDesk","url":"https:\/\/onedesk.com\/fr\/","logo":{"@type":"ImageObject","inLanguage":"fr-FR","@id":"https:\/\/onedesk.com\/fr\/#\/schema\/logo\/image\/","url":"https:\/\/onedesk.com\/wp-content\/uploads\/2016\/01\/white-logo-small.png","contentUrl":"https:\/\/onedesk.com\/wp-content\/uploads\/2016\/01\/white-logo-small.png","width":207,"height":40,"caption":"OneDesk"},"image":{"@id":"https:\/\/onedesk.com\/fr\/#\/schema\/logo\/image\/"},"sameAs":["https:\/\/www.facebook.com\/OneDeskApp","https:\/\/x.com\/OneDeskApp","https:\/\/www.instagram.com\/onedeskapp\/","https:\/\/www.linkedin.com\/company\/onedesk-inc-1","https:\/\/www.pinterest.com\/onedesk\/","https:\/\/www.youtube.com\/user\/OneDeskApp"]}]}},"tpgb_featured_images":null,"tpgb_post_meta_info":{"get_date":"March 5, 2021","get_modified_date":"March 10, 2021","author_name":"Derek","author_url":"https:\/\/onedesk.com\/fr\/author\/derekonedesk-com\/","author_email":"derek@onedesk.com","author_website":"","author_description":"","author_facebook":"","author_twitter":"","author_instagram":"","author_role":["administrator"],"author_firstname":"Derek","author_lastname":"","user_login":"derek@onedesk.com","author_avatar":"<img alt='' src='https:\/\/secure.gravatar.com\/avatar\/457ebef17878f2246da5e4df1ab1420e949ee125154dfb140a3f3ce911b0ef71?s=200&#038;d=mm&#038;r=g' srcset='https:\/\/secure.gravatar.com\/avatar\/457ebef17878f2246da5e4df1ab1420e949ee125154dfb140a3f3ce911b0ef71?s=400&#038;d=mm&#038;r=g 2x' class='avatar avatar-200 photo' height='200' width='200' decoding='async'\/>","author_avatar_url":"https:\/\/secure.gravatar.com\/avatar\/457ebef17878f2246da5e4df1ab1420e949ee125154dfb140a3f3ce911b0ef71?s=96&d=mm&r=g","comment_count":0,"post_likes":0,"post_views":0},"tpgb_post_category":[],"jetpack_shortlink":"https:\/\/wp.me\/PfpPaI-fUr","amp_enabled":true,"_links":{"self":[{"href":"https:\/\/onedesk.com\/fr\/wp-json\/wp\/v2\/pages\/61159","targetHints":{"allow":["GET"]}}],"collection":[{"href":"https:\/\/onedesk.com\/fr\/wp-json\/wp\/v2\/pages"}],"about":[{"href":"https:\/\/onedesk.com\/fr\/wp-json\/wp\/v2\/types\/page"}],"author":[{"embeddable":true,"href":"https:\/\/onedesk.com\/fr\/wp-json\/wp\/v2\/users\/2"}],"replies":[{"embeddable":true,"href":"https:\/\/onedesk.com\/fr\/wp-json\/wp\/v2\/comments?post=61159"}],"version-history":[{"count":1,"href":"https:\/\/onedesk.com\/fr\/wp-json\/wp\/v2\/pages\/61159\/revisions"}],"predecessor-version":[{"id":61162,"href":"https:\/\/onedesk.com\/fr\/wp-json\/wp\/v2\/pages\/61159\/revisions\/61162"}],"wp:attachment":[{"href":"https:\/\/onedesk.com\/fr\/wp-json\/wp\/v2\/media?parent=61159"}],"curies":[{"name":"wp","href":"https:\/\/api.w.org\/{rel}","templated":true}]}}