{"id":61160,"date":"2021-03-05T16:45:34","date_gmt":"2021-03-05T16:45:34","guid":{"rendered":"https:\/\/onedesk.com\/commencer\/etape-5-collaborer\/"},"modified":"2021-03-10T18:39:26","modified_gmt":"2021-03-10T18:39:26","slug":"collaborer","status":"publish","type":"page","link":"https:\/\/onedesk.com\/fr\/collaborer\/","title":{"rendered":"\u00c9tape 5 &#8211; Collaborez"},"content":{"rendered":"<p>L&#8217;utilisation de OneDesk signifie que les conversations avec les membres de l&#8217;\u00e9quipe ou les clients ne sont jamais plus qu&#8217;un clic.<\/p>\n<p>Chez OneDesk, nous savons que la communication est souvent ce qui fait ou d\u00e9fait un projet r\u00e9ussi. Nous avons simplifi\u00e9 la collaboration avec les membres de votre \u00e9quipe et vos clients. Assurez-vous que tout le monde est toujours sur la m\u00eame page et assurez-vous de ne plus jamais avoir \u00e0 vous soucier des e-mails perdus, des tickets ou des t\u00e2ches oubli\u00e9es.<\/p>\n<h3>Attribution d&#8217;utilisateurs et d&#8217;abonn\u00e9s<\/h3>\n<p>Le partage d&#8217;un projet avec un utilisateur ou une \u00e9quipe signifie qu&#8217;ils peuvent afficher et discuter des \u00e9l\u00e9ments qu&#8217;il contient. Suivre un \u00e9l\u00e9ment signifie que vous recevrez des notifications sur toute nouvelle discussion \u00e0 ce sujet. Les auteurs, les cessionnaires et les participants \u00e0 la discussion suivront automatiquement l&#8217;\u00e9l\u00e9ment.<\/p>\n<p>Le partage d&#8217;un projet avec un client ou une organisation cliente signifie qu&#8217;ils peuvent voir les \u00e9l\u00e9ments qu&#8217;il contient sur le portail client (cela d\u00e9pend \u00e9galement des param\u00e8tres de votre portail). Si vous ne partagez pas le projet avec eux, vous pouvez toujours partager des tickets individuels, des t\u00e2ches ou d&#8217;autres \u00e9l\u00e9ments avec vos clients.<\/p>\n<p>Pour partager un projet, ouvrez le menu du projet en haut \u00e0 gauche de la page et cliquez sur l&#8217;ic\u00f4ne \u00abPartager\u00bb \u00e0 c\u00f4t\u00e9 du projet. Vous pouvez ajouter des utilisateurs existants, de nouveaux utilisateurs, des clients ou des \u00e9quipes au projet.<\/p>\n<p><img fetchpriority=\"high\" decoding=\"async\" class=\"wp-image-41420 aligncenter\" src=\"https:\/\/onedesk.com\/wp-content\/uploads\/2016\/01\/share-project-menu.png\" alt=\"\" width=\"583\" height=\"583\"><\/p>\n<p>&nbsp;<\/p>\n<p>Vous pouvez \u00e9galement attribuer un \u00e9l\u00e9ment \u00e0 un utilisateur ou \u00e0 une \u00e9quipe. Cela signifie qu&#8217;ils sont responsables de l&#8217;ex\u00e9cution de cette t\u00e2che ou de la r\u00e9solution du ticket. Pour attribuer, ouvrez les d\u00e9tails de l&#8217;\u00e9l\u00e9ment et ajoutez un ou plusieurs cessionnaires.<\/p>\n<p>&nbsp;<\/p>\n<p><img decoding=\"async\" class=\"aligncenter size-medium wp-image-30688\" src=\"https:\/\/onedesk.com\/wp-content\/uploads\/2016\/01\/assign-user-300x291.png\" alt=\"User Assign\"><\/p>\n<p>&nbsp;<\/p>\n<p>&nbsp;<\/p>\n<h3>Conversations, e-mails et notifications<\/h3>\n<p>Vous pouvez discuter des t\u00e2ches, des tickets et des projets avec vos co\u00e9quipiers et clients depuis l&#8217;application Web principale OneDesk, depuis l&#8217;application mobile, par e-mail, depuis la messagerie ou depuis le portail client. Les discussions sont captur\u00e9es et fil\u00e9es de mani\u00e8re transparente au fur et \u00e0 mesure que les r\u00e9ponses sont re\u00e7ues. Vous pouvez m\u00eame configurer des r\u00e9ponses automatiques pour prendre en charge les r\u00e9ponses standard. Puisque les conversations sont en temps r\u00e9el, vous accomplirez votre travail plus rapidement sans avoir besoin de recharger une page pour voir une r\u00e9ponse.<br \/>\n<b><\/b><\/p>\n<p><img decoding=\"async\" class=\"aligncenter size-medium wp-image-30691\" src=\"https:\/\/onedesk.com\/wp-content\/uploads\/2016\/01\/discussion-300x238.png\" alt=\"\" width=\"400\"><\/p>\n<h3>Pi\u00e8ces jointes<\/h3>\n<p>Partagez des pi\u00e8ces jointes avec les membres de votre \u00e9quipe directement sur n&#8217;importe quel \u00e9l\u00e9ment ou projet. Besoin de partager une aide visuelle, un document, un design ou une capture d&#8217;\u00e9cran? Attachez-le et tout le monde sur le projet a un acc\u00e8s instantan\u00e9. Vous pouvez m\u00eame joindre des \u00e9l\u00e9ments par e-mail, \u00e0 des conversations et m\u00eame dans le messager.<\/p>\n","protected":false},"excerpt":{"rendered":"<p>L&#8217;utilisation de OneDesk signifie que les conversations avec les membres de l&#8217;\u00e9quipe ou les clients ne sont jamais plus qu&#8217;un clic. Chez OneDesk, nous savons que la communication est souvent ce qui fait ou d\u00e9fait un projet r\u00e9ussi. Nous avons simplifi\u00e9 la collaboration avec les membres de votre \u00e9quipe et vos clients. Assurez-vous que tout [&hellip;]<\/p>\n","protected":false},"author":1,"featured_media":0,"parent":0,"menu_order":5,"comment_status":"closed","ping_status":"closed","template":"","meta":{"tpgb_global_settings":"","_crdt_document":"","inline_featured_image":false,"site-sidebar-layout":"default","site-content-layout":"","ast-site-content-layout":"default","site-content-style":"default","site-sidebar-style":"default","ast-global-header-display":"","ast-banner-title-visibility":"","ast-main-header-display":"","ast-hfb-above-header-display":"","ast-hfb-below-header-display":"","ast-hfb-mobile-header-display":"","site-post-title":"","ast-breadcrumbs-content":"","ast-featured-img":"","footer-sml-layout":"","ast-disable-related-posts":"","theme-transparent-header-meta":"","adv-header-id-meta":"","stick-header-meta":"","header-above-stick-meta":"","header-main-stick-meta":"","header-below-stick-meta":"","astra-migrate-meta-layouts":"default","ast-page-background-enabled":"default","ast-page-background-meta":{"desktop":{"background-color":"var(--ast-global-color-4)","background-image":"","background-repeat":"repeat","background-position":"center center","background-size":"auto","background-attachment":"scroll","background-type":"","background-media":"","overlay-type":"","overlay-color":"","overlay-opacity":"","overlay-gradient":""},"tablet":{"background-color":"","background-image":"","background-repeat":"repeat","background-position":"center center","background-size":"auto","background-attachment":"scroll","background-type":"","background-media":"","overlay-type":"","overlay-color":"","overlay-opacity":"","overlay-gradient":""},"mobile":{"background-color":"","background-image":"","background-repeat":"repeat","background-position":"center center","background-size":"auto","background-attachment":"scroll","background-type":"","background-media":"","overlay-type":"","overlay-color":"","overlay-opacity":"","overlay-gradient":""}},"ast-content-background-meta":{"desktop":{"background-color":"var(--ast-global-color-5)","background-image":"","background-repeat":"repeat","background-position":"center center","background-size":"auto","background-attachment":"scroll","background-type":"","background-media":"","overlay-type":"","overlay-color":"","overlay-opacity":"","overlay-gradient":""},"tablet":{"background-color":"var(--ast-global-color-5)","background-image":"","background-repeat":"repeat","background-position":"center center","background-size":"auto","background-attachment":"scroll","background-type":"","background-media":"","overlay-type":"","overlay-color":"","overlay-opacity":"","overlay-gradient":""},"mobile":{"background-color":"var(--ast-global-color-5)","background-image":"","background-repeat":"repeat","background-position":"center center","background-size":"auto","background-attachment":"scroll","background-type":"","background-media":"","overlay-type":"","overlay-color":"","overlay-opacity":"","overlay-gradient":""}},"footnotes":""},"class_list":["post-61160","page","type-page","status-publish","hentry"],"yoast_head":"<!-- This site is optimized with the Yoast SEO Premium plugin v27.2 (Yoast SEO v27.3) - https:\/\/yoast.com\/product\/yoast-seo-premium-wordpress\/ -->\n<title>\u00c9tape 5 - Collaborez - OneDesk<\/title>\n<meta name=\"description\" content=\"OneDesk est un logiciel de helpdesk et un logiciel de gestion de projet dans une seule application. Cela montre comment collaborer avec d&#039;autres personnes dans OneDesk.\" \/>\n<meta name=\"robots\" content=\"index, follow, max-snippet:-1, max-image-preview:large, max-video-preview:-1\" \/>\n<link rel=\"canonical\" href=\"https:\/\/onedesk.com\/fr\/collaborer\/\" \/>\n<meta property=\"og:locale\" content=\"fr_FR\" \/>\n<meta property=\"og:type\" content=\"article\" \/>\n<meta property=\"og:title\" content=\"\u00c9tape 5 - Collaborez - OneDesk\" \/>\n<meta property=\"og:description\" content=\"OneDesk est un logiciel de helpdesk et un logiciel de gestion de projet dans une seule application. Cela montre comment collaborer avec d&#039;autres personnes dans OneDesk.\" \/>\n<meta property=\"og:url\" content=\"https:\/\/onedesk.com\/fr\/collaborer\/\" \/>\n<meta property=\"og:site_name\" content=\"OneDesk\" \/>\n<meta property=\"article:publisher\" content=\"https:\/\/www.facebook.com\/OneDeskApp\" \/>\n<meta property=\"article:modified_time\" content=\"2021-03-10T18:39:26+00:00\" \/>\n<meta property=\"og:image\" content=\"https:\/\/onedesk.com\/wp-content\/uploads\/2016\/01\/share-project-menu.png\" \/>\n<meta name=\"twitter:card\" content=\"summary_large_image\" \/>\n<meta name=\"twitter:site\" content=\"@OneDeskApp\" \/>\n<meta name=\"twitter:label1\" content=\"Est. reading time\" \/>\n\t<meta name=\"twitter:data1\" content=\"2 minutes\" \/>\n<!-- \/ Yoast SEO Premium plugin. -->","yoast_head_json":{"title":"\u00c9tape 5 - Collaborez - OneDesk","description":"OneDesk est un logiciel de helpdesk et un logiciel de gestion de projet dans une seule application. Cela montre comment collaborer avec d'autres personnes dans OneDesk.","robots":{"index":"index","follow":"follow","max-snippet":"max-snippet:-1","max-image-preview":"max-image-preview:large","max-video-preview":"max-video-preview:-1"},"canonical":"https:\/\/onedesk.com\/fr\/collaborer\/","og_locale":"fr_FR","og_type":"article","og_title":"\u00c9tape 5 - Collaborez - OneDesk","og_description":"OneDesk est un logiciel de helpdesk et un logiciel de gestion de projet dans une seule application. Cela montre comment collaborer avec d'autres personnes dans OneDesk.","og_url":"https:\/\/onedesk.com\/fr\/collaborer\/","og_site_name":"OneDesk","article_publisher":"https:\/\/www.facebook.com\/OneDeskApp","article_modified_time":"2021-03-10T18:39:26+00:00","og_image":[{"url":"https:\/\/onedesk.com\/wp-content\/uploads\/2016\/01\/share-project-menu.png","type":"","width":"","height":""}],"twitter_card":"summary_large_image","twitter_site":"@OneDeskApp","twitter_misc":{"Est. reading time":"2 minutes"},"schema":{"@context":"https:\/\/schema.org","@graph":[{"@type":"WebPage","@id":"https:\/\/onedesk.com\/fr\/collaborer\/","url":"https:\/\/onedesk.com\/fr\/collaborer\/","name":"\u00c9tape 5 - Collaborez - OneDesk","isPartOf":{"@id":"https:\/\/onedesk.com\/fr\/#website"},"primaryImageOfPage":{"@id":"https:\/\/onedesk.com\/fr\/collaborer\/#primaryimage"},"image":{"@id":"https:\/\/onedesk.com\/fr\/collaborer\/#primaryimage"},"thumbnailUrl":"https:\/\/onedesk.com\/wp-content\/uploads\/2016\/01\/share-project-menu.png","datePublished":"2021-03-05T16:45:34+00:00","dateModified":"2021-03-10T18:39:26+00:00","description":"OneDesk est un logiciel de helpdesk et un logiciel de gestion de projet dans une seule application. Cela montre comment collaborer avec d'autres personnes dans OneDesk.","inLanguage":"fr-FR","potentialAction":[{"@type":"ReadAction","target":["https:\/\/onedesk.com\/fr\/collaborer\/"]}]},{"@type":"ImageObject","inLanguage":"fr-FR","@id":"https:\/\/onedesk.com\/fr\/collaborer\/#primaryimage","url":"https:\/\/onedesk.com\/wp-content\/uploads\/2016\/01\/share-project-menu.png","contentUrl":"https:\/\/onedesk.com\/wp-content\/uploads\/2016\/01\/share-project-menu.png"},{"@type":"WebSite","@id":"https:\/\/onedesk.com\/fr\/#website","url":"https:\/\/onedesk.com\/fr\/","name":"OneDesk","description":"Logiciel de gestion de projet et d'assistance","publisher":{"@id":"https:\/\/onedesk.com\/fr\/#organization"},"potentialAction":[{"@type":"SearchAction","target":{"@type":"EntryPoint","urlTemplate":"https:\/\/onedesk.com\/fr\/?s={search_term_string}"},"query-input":{"@type":"PropertyValueSpecification","valueRequired":true,"valueName":"search_term_string"}}],"inLanguage":"fr-FR"},{"@type":"Organization","@id":"https:\/\/onedesk.com\/fr\/#organization","name":"OneDesk","url":"https:\/\/onedesk.com\/fr\/","logo":{"@type":"ImageObject","inLanguage":"fr-FR","@id":"https:\/\/onedesk.com\/fr\/#\/schema\/logo\/image\/","url":"https:\/\/onedesk.com\/wp-content\/uploads\/2016\/01\/white-logo-small.png","contentUrl":"https:\/\/onedesk.com\/wp-content\/uploads\/2016\/01\/white-logo-small.png","width":207,"height":40,"caption":"OneDesk"},"image":{"@id":"https:\/\/onedesk.com\/fr\/#\/schema\/logo\/image\/"},"sameAs":["https:\/\/www.facebook.com\/OneDeskApp","https:\/\/x.com\/OneDeskApp","https:\/\/www.instagram.com\/onedeskapp\/","https:\/\/www.linkedin.com\/company\/onedesk-inc-1","https:\/\/www.pinterest.com\/onedesk\/","https:\/\/www.youtube.com\/user\/OneDeskApp"]}]}},"tpgb_featured_images":null,"tpgb_post_meta_info":{"get_date":"March 5, 2021","get_modified_date":"March 10, 2021","author_name":"server.admin@onedesk.com","author_url":"https:\/\/onedesk.com\/fr\/author\/server-adminonedesk-com\/","author_email":"server.admin@onedesk.com","author_website":"","author_description":"","author_facebook":"","author_twitter":"","author_instagram":"","author_role":["administrator"],"author_firstname":"","author_lastname":"","user_login":"server.admin@onedesk.com","author_avatar":"<img alt='' src='https:\/\/secure.gravatar.com\/avatar\/a37d6b270be81ecbf4ab9ca7260f2d1ee4d0295343706f0648e9d7a0d75243d3?s=200&#038;d=mm&#038;r=g' srcset='https:\/\/secure.gravatar.com\/avatar\/a37d6b270be81ecbf4ab9ca7260f2d1ee4d0295343706f0648e9d7a0d75243d3?s=400&#038;d=mm&#038;r=g 2x' class='avatar avatar-200 photo' height='200' width='200' decoding='async'\/>","author_avatar_url":"https:\/\/secure.gravatar.com\/avatar\/a37d6b270be81ecbf4ab9ca7260f2d1ee4d0295343706f0648e9d7a0d75243d3?s=96&d=mm&r=g","comment_count":0,"post_likes":0,"post_views":0},"tpgb_post_category":[],"jetpack_shortlink":"https:\/\/wp.me\/PfpPaI-fUs","amp_enabled":true,"_links":{"self":[{"href":"https:\/\/onedesk.com\/fr\/wp-json\/wp\/v2\/pages\/61160","targetHints":{"allow":["GET"]}}],"collection":[{"href":"https:\/\/onedesk.com\/fr\/wp-json\/wp\/v2\/pages"}],"about":[{"href":"https:\/\/onedesk.com\/fr\/wp-json\/wp\/v2\/types\/page"}],"author":[{"embeddable":true,"href":"https:\/\/onedesk.com\/fr\/wp-json\/wp\/v2\/users\/1"}],"replies":[{"embeddable":true,"href":"https:\/\/onedesk.com\/fr\/wp-json\/wp\/v2\/comments?post=61160"}],"version-history":[{"count":1,"href":"https:\/\/onedesk.com\/fr\/wp-json\/wp\/v2\/pages\/61160\/revisions"}],"predecessor-version":[{"id":61167,"href":"https:\/\/onedesk.com\/fr\/wp-json\/wp\/v2\/pages\/61160\/revisions\/61167"}],"wp:attachment":[{"href":"https:\/\/onedesk.com\/fr\/wp-json\/wp\/v2\/media?parent=61160"}],"curies":[{"name":"wp","href":"https:\/\/api.w.org\/{rel}","templated":true}]}}