{"id":61163,"date":"2021-03-05T16:45:36","date_gmt":"2021-03-05T16:45:36","guid":{"rendered":"https:\/\/onedesk.com\/commencer\/etape-6-strategie\/"},"modified":"2021-03-05T16:45:59","modified_gmt":"2021-03-05T16:45:59","slug":"etape-6-strategie","status":"publish","type":"page","link":"https:\/\/onedesk.com\/fr\/etape-6-strategie\/","title":{"rendered":"\u00c9tape 6 &#8211; \u00c9laborer une strat\u00e9gie"},"content":{"rendered":"<h3>Tableaux d&#8217;\u00e9tat<\/h3>\n<p>Les tableaux d&#8217;\u00e9tat sont utiles pour g\u00e9rer facilement vos projets, t\u00e2ches ou autres \u00e9l\u00e9ments. Chaque projet ou t\u00e2che est repr\u00e9sent\u00e9 par une carte et le fait de glisser vers une nouvelle colonne la met \u00e0 jour. Les colonnes \u00e9tant personnalisables, vous pouvez cr\u00e9er des tableaux pour: <\/p>\n<li>mettre \u00e0 jour le statut des t\u00e2ches ou des projets entiers<\/li>\n<li>affectation entre les membres de l&#8217;\u00e9quipe<\/li>\n<li>d\u00e9placer des projets d&#8217;un quartier \u00e0 l&#8217;autre<\/li>\n<li>d\u00e9placement de t\u00e2ches entre projets<\/li>\n<li>red\u00e9finition des priorit\u00e9s des t\u00e2ches ou des projets<\/li>\n<p><img decoding=\"async\" class=\"aligncenter size-medium wp-image-30712\" src=\"https:\/\/onedesk.com\/wp-content\/uploads\/2016\/01\/cards-3-300x141.png\" alt=\"New Status Board Move 2\"><\/p>\n<h3>Outils de priorisation pour les chefs de produit<\/h3>\n<p>Cet outil vous aide \u00e0 \u00e9valuer, noter et approuver de nouvelles fonctionnalit\u00e9s.<br \/>\nL&#8217;outil de hi\u00e9rarchisation de OneDesk vous permet d&#8217;\u00e9valuer vos \u00e9l\u00e9ments de type d&#8217;entit\u00e9. \u00c9valuez simplement les propri\u00e9t\u00e9s que vous leur avez attribu\u00e9es en fonction de vos objectifs commerciaux actuels. Cela calcule un \u00abscore global\u00bb num\u00e9rique pour chaque fonctionnalit\u00e9 que vous pouvez utiliser pour comparer les \u00e9l\u00e9ments et les d\u00e9placer vers l&#8217;\u00e9tape suivante.<br \/>\n<img decoding=\"async\" class=\"aligncenter size-medium wp-image-30698\" src=\"https:\/\/onedesk.com\/wp-content\/uploads\/2016\/01\/scoring-300x131.png\" alt=\"OD Prioritization Tool\"><\/p>\n<h3>Outils de feuille de route<\/h3>\n<p>Cr\u00e9er une feuille de route produit \u00e0 partir de z\u00e9ro peut \u00eatre long et compliqu\u00e9, mais avec OneDesk, votre feuille de route produit est g\u00e9n\u00e9r\u00e9e au fur et \u00e0 mesure. Lorsque vous cr\u00e9ez vos projets, ajoutez des \u00e9l\u00e9ments et planifiez des t\u00e2ches, une chronologie de feuille de route est automatiquement cr\u00e9\u00e9e. Cliquez simplement sur la chronologie de la feuille de route ou la feuille de route Gantt pour voir votre progression.<br \/>\nVous pouvez \u00e9galement ajouter des marqueurs d&#8217;\u00e9tape et tout autre objectif en cours de route \u00e0 partir du bouton sup\u00e9rieur + et ils appara\u00eetront automatiquement sur la feuille de route.<br \/>\n<img decoding=\"async\" class=\"aligncenter size-medium wp-image-30928\" src=\"https:\/\/onedesk.com\/wp-content\/uploads\/2016\/01\/roadmap-300x262.png\" alt=\"roadmap\"><\/p>\n","protected":false},"excerpt":{"rendered":"<p>Tableaux d&#8217;\u00e9tat Les tableaux d&#8217;\u00e9tat sont utiles pour g\u00e9rer facilement vos projets, t\u00e2ches ou autres \u00e9l\u00e9ments. Chaque projet ou t\u00e2che est repr\u00e9sent\u00e9 par une carte et le fait de glisser vers une nouvelle colonne la met \u00e0 jour. Les colonnes \u00e9tant personnalisables, vous pouvez cr\u00e9er des tableaux pour: mettre \u00e0 jour le statut des t\u00e2ches [&hellip;]<\/p>\n","protected":false},"author":1,"featured_media":0,"parent":0,"menu_order":2,"comment_status":"closed","ping_status":"closed","template":"","meta":{"tpgb_global_settings":"","_crdt_document":"","inline_featured_image":false,"site-sidebar-layout":"default","site-content-layout":"","ast-site-content-layout":"default","site-content-style":"default","site-sidebar-style":"default","ast-global-header-display":"","ast-banner-title-visibility":"","ast-main-header-display":"","ast-hfb-above-header-display":"","ast-hfb-below-header-display":"","ast-hfb-mobile-header-display":"","site-post-title":"","ast-breadcrumbs-content":"","ast-featured-img":"","footer-sml-layout":"","ast-disable-related-posts":"","theme-transparent-header-meta":"","adv-header-id-meta":"","stick-header-meta":"","header-above-stick-meta":"","header-main-stick-meta":"","header-below-stick-meta":"","astra-migrate-meta-layouts":"default","ast-page-background-enabled":"default","ast-page-background-meta":{"desktop":{"background-color":"var(--ast-global-color-4)","background-image":"","background-repeat":"repeat","background-position":"center center","background-size":"auto","background-attachment":"scroll","background-type":"","background-media":"","overlay-type":"","overlay-color":"","overlay-opacity":"","overlay-gradient":""},"tablet":{"background-color":"","background-image":"","background-repeat":"repeat","background-position":"center center","background-size":"auto","background-attachment":"scroll","background-type":"","background-media":"","overlay-type":"","overlay-color":"","overlay-opacity":"","overlay-gradient":""},"mobile":{"background-color":"","background-image":"","background-repeat":"repeat","background-position":"center center","background-size":"auto","background-attachment":"scroll","background-type":"","background-media":"","overlay-type":"","overlay-color":"","overlay-opacity":"","overlay-gradient":""}},"ast-content-background-meta":{"desktop":{"background-color":"var(--ast-global-color-5)","background-image":"","background-repeat":"repeat","background-position":"center center","background-size":"auto","background-attachment":"scroll","background-type":"","background-media":"","overlay-type":"","overlay-color":"","overlay-opacity":"","overlay-gradient":""},"tablet":{"background-color":"var(--ast-global-color-5)","background-image":"","background-repeat":"repeat","background-position":"center center","background-size":"auto","background-attachment":"scroll","background-type":"","background-media":"","overlay-type":"","overlay-color":"","overlay-opacity":"","overlay-gradient":""},"mobile":{"background-color":"var(--ast-global-color-5)","background-image":"","background-repeat":"repeat","background-position":"center center","background-size":"auto","background-attachment":"scroll","background-type":"","background-media":"","overlay-type":"","overlay-color":"","overlay-opacity":"","overlay-gradient":""}},"footnotes":""},"class_list":["post-61163","page","type-page","status-publish","hentry"],"yoast_head":"<!-- This site is optimized with the Yoast SEO Premium plugin v27.2 (Yoast SEO v27.3) - https:\/\/yoast.com\/product\/yoast-seo-premium-wordpress\/ -->\n<title>\u00c9tape 6 - \u00c9laborer une strat\u00e9gie - OneDesk<\/title>\n<meta name=\"description\" content=\"OneDesk est un logiciel de helpdesk et un logiciel de gestion de projet dans une seule application. Travaillez avec vos clients sur leurs projets et leurs tickets sur une plateforme unifi\u00e9e.\" \/>\n<meta name=\"robots\" content=\"index, follow, max-snippet:-1, max-image-preview:large, max-video-preview:-1\" \/>\n<link rel=\"canonical\" href=\"https:\/\/onedesk.com\/fr\/etape-6-strategie\/\" \/>\n<meta property=\"og:locale\" content=\"fr_FR\" \/>\n<meta property=\"og:type\" content=\"article\" \/>\n<meta property=\"og:title\" content=\"\u00c9tape 6 - \u00c9laborer une strat\u00e9gie - OneDesk\" \/>\n<meta property=\"og:description\" content=\"OneDesk est un logiciel de helpdesk et un logiciel de gestion de projet dans une seule application. Travaillez avec vos clients sur leurs projets et leurs tickets sur une plateforme unifi\u00e9e.\" \/>\n<meta property=\"og:url\" content=\"https:\/\/onedesk.com\/fr\/etape-6-strategie\/\" \/>\n<meta property=\"og:site_name\" content=\"OneDesk\" \/>\n<meta property=\"article:publisher\" content=\"https:\/\/www.facebook.com\/OneDeskApp\" \/>\n<meta property=\"article:modified_time\" content=\"2021-03-05T16:45:59+00:00\" \/>\n<meta property=\"og:image\" content=\"https:\/\/onedesk.com\/wp-content\/uploads\/2016\/01\/cards-3-300x141.png\" \/>\n<meta name=\"twitter:card\" content=\"summary_large_image\" \/>\n<meta name=\"twitter:site\" content=\"@OneDeskApp\" \/>\n<meta name=\"twitter:label1\" content=\"Est. reading time\" \/>\n\t<meta name=\"twitter:data1\" content=\"1 minute\" \/>\n<!-- \/ Yoast SEO Premium plugin. -->","yoast_head_json":{"title":"\u00c9tape 6 - \u00c9laborer une strat\u00e9gie - OneDesk","description":"OneDesk est un logiciel de helpdesk et un logiciel de gestion de projet dans une seule application. Travaillez avec vos clients sur leurs projets et leurs tickets sur une plateforme unifi\u00e9e.","robots":{"index":"index","follow":"follow","max-snippet":"max-snippet:-1","max-image-preview":"max-image-preview:large","max-video-preview":"max-video-preview:-1"},"canonical":"https:\/\/onedesk.com\/fr\/etape-6-strategie\/","og_locale":"fr_FR","og_type":"article","og_title":"\u00c9tape 6 - \u00c9laborer une strat\u00e9gie - OneDesk","og_description":"OneDesk est un logiciel de helpdesk et un logiciel de gestion de projet dans une seule application. Travaillez avec vos clients sur leurs projets et leurs tickets sur une plateforme unifi\u00e9e.","og_url":"https:\/\/onedesk.com\/fr\/etape-6-strategie\/","og_site_name":"OneDesk","article_publisher":"https:\/\/www.facebook.com\/OneDeskApp","article_modified_time":"2021-03-05T16:45:59+00:00","og_image":[{"url":"https:\/\/onedesk.com\/wp-content\/uploads\/2016\/01\/cards-3-300x141.png","type":"","width":"","height":""}],"twitter_card":"summary_large_image","twitter_site":"@OneDeskApp","twitter_misc":{"Est. reading time":"1 minute"},"schema":{"@context":"https:\/\/schema.org","@graph":[{"@type":"WebPage","@id":"https:\/\/onedesk.com\/fr\/etape-6-strategie\/","url":"https:\/\/onedesk.com\/fr\/etape-6-strategie\/","name":"\u00c9tape 6 - \u00c9laborer une strat\u00e9gie - OneDesk","isPartOf":{"@id":"https:\/\/onedesk.com\/fr\/#website"},"primaryImageOfPage":{"@id":"https:\/\/onedesk.com\/fr\/etape-6-strategie\/#primaryimage"},"image":{"@id":"https:\/\/onedesk.com\/fr\/etape-6-strategie\/#primaryimage"},"thumbnailUrl":"https:\/\/onedesk.com\/wp-content\/uploads\/2016\/01\/cards-3-300x141.png","datePublished":"2021-03-05T16:45:36+00:00","dateModified":"2021-03-05T16:45:59+00:00","description":"OneDesk est un logiciel de helpdesk et un logiciel de gestion de projet dans une seule application. Travaillez avec vos clients sur leurs projets et leurs tickets sur une plateforme unifi\u00e9e.","inLanguage":"fr-FR","potentialAction":[{"@type":"ReadAction","target":["https:\/\/onedesk.com\/fr\/etape-6-strategie\/"]}]},{"@type":"ImageObject","inLanguage":"fr-FR","@id":"https:\/\/onedesk.com\/fr\/etape-6-strategie\/#primaryimage","url":"https:\/\/onedesk.com\/wp-content\/uploads\/2016\/01\/cards-3-300x141.png","contentUrl":"https:\/\/onedesk.com\/wp-content\/uploads\/2016\/01\/cards-3-300x141.png"},{"@type":"WebSite","@id":"https:\/\/onedesk.com\/fr\/#website","url":"https:\/\/onedesk.com\/fr\/","name":"OneDesk","description":"Logiciel de gestion de projet et d'assistance","publisher":{"@id":"https:\/\/onedesk.com\/fr\/#organization"},"potentialAction":[{"@type":"SearchAction","target":{"@type":"EntryPoint","urlTemplate":"https:\/\/onedesk.com\/fr\/?s={search_term_string}"},"query-input":{"@type":"PropertyValueSpecification","valueRequired":true,"valueName":"search_term_string"}}],"inLanguage":"fr-FR"},{"@type":"Organization","@id":"https:\/\/onedesk.com\/fr\/#organization","name":"OneDesk","url":"https:\/\/onedesk.com\/fr\/","logo":{"@type":"ImageObject","inLanguage":"fr-FR","@id":"https:\/\/onedesk.com\/fr\/#\/schema\/logo\/image\/","url":"https:\/\/onedesk.com\/wp-content\/uploads\/2016\/01\/white-logo-small.png","contentUrl":"https:\/\/onedesk.com\/wp-content\/uploads\/2016\/01\/white-logo-small.png","width":207,"height":40,"caption":"OneDesk"},"image":{"@id":"https:\/\/onedesk.com\/fr\/#\/schema\/logo\/image\/"},"sameAs":["https:\/\/www.facebook.com\/OneDeskApp","https:\/\/x.com\/OneDeskApp","https:\/\/www.instagram.com\/onedeskapp\/","https:\/\/www.linkedin.com\/company\/onedesk-inc-1","https:\/\/www.pinterest.com\/onedesk\/","https:\/\/www.youtube.com\/user\/OneDeskApp"]}]}},"tpgb_featured_images":null,"tpgb_post_meta_info":{"get_date":"March 5, 2021","get_modified_date":"March 5, 2021","author_name":"server.admin@onedesk.com","author_url":"https:\/\/onedesk.com\/fr\/author\/server-adminonedesk-com\/","author_email":"server.admin@onedesk.com","author_website":"","author_description":"","author_facebook":"","author_twitter":"","author_instagram":"","author_role":["administrator"],"author_firstname":"","author_lastname":"","user_login":"server.admin@onedesk.com","author_avatar":"<img alt='' src='https:\/\/secure.gravatar.com\/avatar\/a37d6b270be81ecbf4ab9ca7260f2d1ee4d0295343706f0648e9d7a0d75243d3?s=200&#038;d=mm&#038;r=g' srcset='https:\/\/secure.gravatar.com\/avatar\/a37d6b270be81ecbf4ab9ca7260f2d1ee4d0295343706f0648e9d7a0d75243d3?s=400&#038;d=mm&#038;r=g 2x' class='avatar avatar-200 photo' height='200' width='200' decoding='async'\/>","author_avatar_url":"https:\/\/secure.gravatar.com\/avatar\/a37d6b270be81ecbf4ab9ca7260f2d1ee4d0295343706f0648e9d7a0d75243d3?s=96&d=mm&r=g","comment_count":0,"post_likes":0,"post_views":0},"tpgb_post_category":[],"jetpack_shortlink":"https:\/\/wp.me\/PfpPaI-fUv","amp_enabled":true,"_links":{"self":[{"href":"https:\/\/onedesk.com\/fr\/wp-json\/wp\/v2\/pages\/61163","targetHints":{"allow":["GET"]}}],"collection":[{"href":"https:\/\/onedesk.com\/fr\/wp-json\/wp\/v2\/pages"}],"about":[{"href":"https:\/\/onedesk.com\/fr\/wp-json\/wp\/v2\/types\/page"}],"author":[{"embeddable":true,"href":"https:\/\/onedesk.com\/fr\/wp-json\/wp\/v2\/users\/1"}],"replies":[{"embeddable":true,"href":"https:\/\/onedesk.com\/fr\/wp-json\/wp\/v2\/comments?post=61163"}],"version-history":[{"count":1,"href":"https:\/\/onedesk.com\/fr\/wp-json\/wp\/v2\/pages\/61163\/revisions"}],"predecessor-version":[{"id":61166,"href":"https:\/\/onedesk.com\/fr\/wp-json\/wp\/v2\/pages\/61163\/revisions\/61166"}],"wp:attachment":[{"href":"https:\/\/onedesk.com\/fr\/wp-json\/wp\/v2\/media?parent=61163"}],"curies":[{"name":"wp","href":"https:\/\/api.w.org\/{rel}","templated":true}]}}