{"id":61164,"date":"2021-03-05T16:45:38","date_gmt":"2021-03-05T16:45:38","guid":{"rendered":"https:\/\/onedesk.com\/commencer\/etape-4-personnaliser\/"},"modified":"2021-03-05T16:46:06","modified_gmt":"2021-03-05T16:46:06","slug":"etape-4-personnaliser","status":"publish","type":"page","link":"https:\/\/onedesk.com\/fr\/etape-4-personnaliser\/","title":{"rendered":"\u00c9tape 4 &#8211; Personnalisez"},"content":{"rendered":"<p><span style=\"font-weight: 400;\">Vous savez comment cr\u00e9er des projets, y placer des \u00e9l\u00e9ments et modifier leurs propri\u00e9t\u00e9s au fur et \u00e0 mesure que vous travaillez dessus. Mais il y a beaucoup de choses sous le capot que vous pouvez modifier pour vous assurer que OneDesk fonctionne comme vous travaillez. <\/span><\/p>\n<p><span style=\"font-weight: 400;\">Pour effectuer ces modifications, ouvrez le panneau d&#8217;administration \u00e0 l&#8217;aide de l&#8217;ic\u00f4ne d&#8217;engrenage en bas \u00e0 gauche (mais uniquement pour les administrateurs de votre organisation). <\/span><\/p>\n<ol>\n<li><strong>Personnalisez vos TYPES D&#8217;ARTICLES &#8211; <\/strong><br \/>\n<span style=\"font-weight: 400;\">OneDesk est livr\u00e9 avec quelques types d&#8217;\u00e9l\u00e9ments d\u00e9j\u00e0 activ\u00e9s (comme les &#8220;tickets&#8221; ou les &#8220;t\u00e2ches&#8221;), mais si vous avez besoin d&#8217;autres types, pas de probl\u00e8me! <em> <\/em> Vous pouvez \u00e9galement g\u00e9rer le nom, la visibilit\u00e9, les statuts, l&#8217;ic\u00f4ne, etc. de chaque type d&#8217;\u00e9l\u00e9ment.<\/span><\/li>\n<li><strong>Personnalisez vos APPLICATIONS &#8211; <\/strong><br \/>\n<span style=\"font-weight: 400;\">OneDesk cat\u00e9gorise les \u00e9l\u00e9ments en plusieurs \u00abapplications\u00bb. Ils comprennent des tickets, des t\u00e2ches et des fonctionnalit\u00e9s. Si vous n&#8217;en avez besoin que de 1 ou 2, vous pouvez d\u00e9sactiver les autres.<\/span><\/li>\n<li><strong>Personnalisez vos INT\u00c9GRATIONS &#8211; <\/strong><br \/>\n<span style=\"font-weight: 400;\"><span style=\"font-weight: 400;\">OneDesk peut se connecter \u00e0 d&#8217;autres applications, telles que Salesforce, Microsoft, Jira, Zapier et bien d&#8217;autres. L&#8217;authentification unique (SSO) est \u00e9galement disponible.<\/span><\/span><\/li>\n<li><strong>Ajouter des CHAMPS PERSONNALIS\u00c9S &#8211; <\/strong><br \/>\n<span style=\"font-weight: 400;\">Vous pouvez ajouter des propri\u00e9t\u00e9s personnalis\u00e9es \u00e0 des \u00e9l\u00e9ments ou des projets et les ajouter en tant que colonnes dans la grille. Les types de champs incluent la date, le choix, le texte, le nombre et le co\u00fbt.<\/span><\/li>\n<li><strong>Personnaliser les formulaires &#8211; <\/strong><br \/>\n<span style=\"font-weight: 400;\">Lorsque vos utilisateurs ou clients cr\u00e9ent des \u00e9l\u00e9ments, vous pouvez demander que certains champs d&#8217;informations soient inclus. Vous pouvez ajouter (ou supprimer) des propri\u00e9t\u00e9s aux formulaires (y compris les champs personnalis\u00e9s), modifier l&#8217;ordre dans lequel elles apparaissent et si elles sont obligatoires.<\/span><\/li>\n<li><strong>Personnalisez vos EMAILS &#8211; <\/strong><br \/>\n<span style=\"font-weight: 400;\">OneDesk envoie des notifications par e-mail pour garder vos utilisateurs et clients inform\u00e9s. Vous pouvez modifier le contenu de ces e-mails et leur apparence en ajoutant un en-t\u00eate, une signature et un logo. OneDesk capture les r\u00e9ponses par e-mail pour les notifications de discussion, de sorte que vous pouvez \u00e9galement d\u00e9finir vos adresses d&#8217;affichage de r\u00e9ponse et de non-r\u00e9ponse.<\/span><\/li>\n<li><strong>ACCORDS DE NIVEAU DE SERVICE &#8211; <\/strong><br \/>\n<span style=\"font-weight: 400;\">D\u00e9finissez les politiques SLA pour les temps de r\u00e9ponse \/ d&#8217;attente \/ de r\u00e9solution pour diff\u00e9rentes priorit\u00e9s de ticket. Attribuez automatiquement de nouveaux tickets aux SLA et informez l&#8217;agent affect\u00e9 lorsque les SLA sont sur le point de violer.<\/span><\/li>\n<\/ol>\n<p>&nbsp;<\/p>\n<p>&nbsp;<\/p>\n<p>&nbsp;<\/p>\n<div id=\"customizePortal\">\n<h2 style=\"text-align: center;\">Personnalisez vos applications client<\/h2>\n<\/div>\n<p><span style=\"font-weight: 400;\">Vos applications client OneDesk sont votre connexion \u00e0 vos clients. <\/span><span style=\"font-weight: 400;\">Les applications client disponibles incluent le chat en direct, le portail client, la base de connaissances et les formulaires de ticket. Les applications client peuvent \u00eatre aussi ouvertes ou restreintes que vous le souhaitez. Utilisez les options d&#8217;administration pour configurer vos applications comme vous l&#8217;aimez. Trouvez ces options sous<em> Administration&gt; Applications client<\/em><\/span><\/p>\n<ol>\n<li><strong>Ajouter et supprimer des applications client.<\/strong> Vous pouvez s\u00e9lectionner les applications client qui s&#8217;affichent sur votre site Web en activant ou d\u00e9sactivant simplement les commutateurs.<\/li>\n<li><strong>Apparence.<\/strong> Vous pouvez modifier l&#8217;apparence de vos applications client, y compris la couleur, le logo, le message d&#8217;accueil, la langue, les options de filtrage, etc.<\/li>\n<li><strong>Propri\u00e9t\u00e9s.<\/strong> Vous pouvez d\u00e9terminer quelles propri\u00e9t\u00e9s des tickets sont visibles par vos clients sur le portail client et la base de connaissances.<\/li>\n<li><strong>Publication d\u2019\u00e9l\u00e9ments.<\/strong> Dans OneDesk, les \u00e9l\u00e9ments apparaissent sur le portail lorsqu&#8217;ils sont<em> publi\u00e9<\/em> . Chaque \u00e9l\u00e9ment a une case \u00e0 cocher \u00abpubli\u00e9\u00bb dans son panneau de d\u00e9tails et les tickets sont automatiquement publi\u00e9s par d\u00e9faut aupr\u00e8s de leurs cr\u00e9ateurs.<\/li>\n<li><strong>Quels \u00e9l\u00e9ments sont visibles.<\/strong> Vous pouvez d\u00e9finir des r\u00e8gles sur les \u00e9l\u00e9ments qu&#8217;un client, un visiteur anonyme ou un client connect\u00e9 peut voir. Limitez-le \u00e0 certains articles, \u00e0 leurs propres billets uniquement ou \u00e0 d&#8217;autres options.<\/li>\n<li><strong>Formulaires de billets<\/strong> Vous pouvez personnaliser plusieurs formulaires diff\u00e9rents que vos clients peuvent utiliser pour soumettre des tickets, des demandes et d&#8217;autres \u00e9l\u00e9ments. Vous pouvez m\u00eame ajouter des champs personnalis\u00e9s et marquer certains champs comme requis.<\/li>\n<li><strong>Enregistrement du client.<\/strong> Par d\u00e9faut, votre portail client OneDesk permet aux clients de s&#8217;inscrire eux-m\u00eames. Si vous souhaitez limiter l&#8217;acc\u00e8s au portail par &#8220;invitation uniquement&#8221;, vous pouvez \u00e9galement le faire. Vous envoyez les invitations depuis la vue &#8220;clients&#8221;.<\/li>\n<li><strong>Connexion requise?<\/strong> Voulez-vous que quiconque visite votre portail puisse voir les \u00e9l\u00e9ments publi\u00e9s? Sinon, vous pouvez exiger qu&#8217;ils soient connect\u00e9s avant d&#8217;acc\u00e9der aux \u00e9l\u00e9ments.<\/li>\n<li><strong>Restreindre les articles par demandeur.<\/strong> Une fois qu&#8217;un client est connect\u00e9, vous pouvez toujours ne pas vouloir qu&#8217;il voit tous les \u00e9l\u00e9ments. Vous pouvez limiter ce qu&#8217;ils voient aux seuls \u00e9l\u00e9ments publi\u00e9s cr\u00e9\u00e9s: par eux-m\u00eames, par des clients dans la m\u00eame \u00aborganisation client\u00bb (un groupe de clients), par des \u00e9l\u00e9ments dans des projets sp\u00e9cifi\u00e9s, ou sans restriction du tout.<\/li>\n<li><strong>Qui peut soumettre des articles?<\/strong> Voulez-vous des commentaires anonymes sur votre portail? Sinon, vous pouvez demander aux clients de se connecter pour soumettre des articles.<\/li>\n<li><strong>Mettez vos applications client sur votre site Web.<\/strong> L&#8217;ajout du portail client OneDesk \u00e0 votre site Web est facile. Collez simplement un petit extrait de code javascript avant la balise de fermeture du corps &#8220;&lt; \/corps&gt; &#8220;sur les pages sur lesquelles vous souhaitez qu&#8217;il apparaisse. L&#8217;extrait et les instructions se trouvent sous<em> Administration&gt; Applications client<\/em><\/li>\n<\/ol>\n<p>&nbsp;<\/p>\n<p>&nbsp;<\/p>\n<h2 style=\"text-align: center;\">Automatisez votre flux de travail<\/h2>\n<p><span style=\"font-weight: 400;\">OneDesk vous facilite la vie en automatisant de nombreuses petites choses que vous pourriez avoir \u00e0 faire manuellement. OneDesk dispose d&#8217;un &#8220;moteur d&#8217;automatisation&#8221; puissant mais facile \u00e0 utiliser, qui peut mettre \u00e0 jour des \u00e9l\u00e9ments, envoyer des notifications, affecter des utilisateurs et bien plus encore. <\/span><span style=\"font-weight: 400;\">Trouvez ces options sous<em> Administration&gt; Applications&gt; s\u00e9lectionnez l&#8217;application de tickets ou de t\u00e2ches et configurez votre automatisation de flux de travail<\/em><\/span><\/p>\n<p>Chaque fois que quelque chose se produit dans OneDesk, vous souhaiterez peut-\u00eatre qu&#8217;une action soit entreprise. Par exemple, vous voudrez peut-\u00eatre:<\/p>\n<ul>\n<li>Attribuez automatiquement tout nouveau ticket soumis par un client.<\/li>\n<li>Envoyez un e-mail de remerciement pour informer le client que vous l&#8217;avez re\u00e7u.<\/li>\n<li>Faites savoir \u00e0 un client que vous avez publi\u00e9 la fonctionnalit\u00e9 demand\u00e9e.<\/li>\n<li>Rappelez \u00e0 un cessionnaire les t\u00e2ches \u00e0 venir.<\/li>\n<li>Mettez \u00e0 jour le statut d&#8217;un \u00e9l\u00e9ment dont 50% de son travail est termin\u00e9.<\/li>\n<li>Fermez automatiquement les tickets inactifs apr\u00e8s 30 jours.<\/li>\n<li>Des centaines de possibilit\u00e9s suppl\u00e9mentaires.<\/li>\n<\/ul>\n<p><strong>Comment l&#8217;utiliser<\/strong><\/p>\n<p>Nous livrons avec quelques automatisations d\u00e9j\u00e0 construites, mais vous pouvez les modifier ou cr\u00e9er les v\u00f4tres en quelques clics.<\/p>\n<ol>\n<li>Sous<em> Administration&gt; Billets \/ T\u00e2ches&gt; Automatisations de flux de travail<\/em> , cliquez sur &#8220;Cr\u00e9er une automatisation du flux de travail&#8221;.<\/li>\n<li>Remplissez la phrase indiquant \u00e0 OneDesk quels sont les \u00e9l\u00e9ments concern\u00e9s, le changement (d\u00e9clencheur) \u00e0 \u00e9couter et les actions \u00e0 entreprendre. Cliquez sur Enregistrer.<\/li>\n<\/ol>\n<p><img fetchpriority=\"high\" decoding=\"async\" class=\"aligncenter size-full wp-image-58855\" src=\"https:\/\/onedesk.com\/wp-content\/uploads\/2016\/02\/automations-1.gif\" alt=\"automations (1)\" width=\"1110\" height=\"76\"><\/p>\n<p>Cr\u00e9ez-en autant que vous en avez besoin!<\/p>\n","protected":false},"excerpt":{"rendered":"<p>Vous savez comment cr\u00e9er des projets, y placer des \u00e9l\u00e9ments et modifier leurs propri\u00e9t\u00e9s au fur et \u00e0 mesure que vous travaillez dessus. Mais il y a beaucoup de choses sous le capot que vous pouvez modifier pour vous assurer que OneDesk fonctionne comme vous travaillez. Pour effectuer ces modifications, ouvrez le panneau d&#8217;administration \u00e0 [&hellip;]<\/p>\n","protected":false},"author":2,"featured_media":0,"parent":0,"menu_order":4,"comment_status":"closed","ping_status":"closed","template":"","meta":{"tpgb_global_settings":"","_crdt_document":"","inline_featured_image":false,"site-sidebar-layout":"default","site-content-layout":"","ast-site-content-layout":"default","site-content-style":"default","site-sidebar-style":"default","ast-global-header-display":"","ast-banner-title-visibility":"","ast-main-header-display":"","ast-hfb-above-header-display":"","ast-hfb-below-header-display":"","ast-hfb-mobile-header-display":"","site-post-title":"","ast-breadcrumbs-content":"","ast-featured-img":"","footer-sml-layout":"","ast-disable-related-posts":"","theme-transparent-header-meta":"","adv-header-id-meta":"","stick-header-meta":"","header-above-stick-meta":"","header-main-stick-meta":"","header-below-stick-meta":"","astra-migrate-meta-layouts":"default","ast-page-background-enabled":"default","ast-page-background-meta":{"desktop":{"background-color":"var(--ast-global-color-4)","background-image":"","background-repeat":"repeat","background-position":"center center","background-size":"auto","background-attachment":"scroll","background-type":"","background-media":"","overlay-type":"","overlay-color":"","overlay-opacity":"","overlay-gradient":""},"tablet":{"background-color":"","background-image":"","background-repeat":"repeat","background-position":"center center","background-size":"auto","background-attachment":"scroll","background-type":"","background-media":"","overlay-type":"","overlay-color":"","overlay-opacity":"","overlay-gradient":""},"mobile":{"background-color":"","background-image":"","background-repeat":"repeat","background-position":"center center","background-size":"auto","background-attachment":"scroll","background-type":"","background-media":"","overlay-type":"","overlay-color":"","overlay-opacity":"","overlay-gradient":""}},"ast-content-background-meta":{"desktop":{"background-color":"var(--ast-global-color-5)","background-image":"","background-repeat":"repeat","background-position":"center center","background-size":"auto","background-attachment":"scroll","background-type":"","background-media":"","overlay-type":"","overlay-color":"","overlay-opacity":"","overlay-gradient":""},"tablet":{"background-color":"var(--ast-global-color-5)","background-image":"","background-repeat":"repeat","background-position":"center center","background-size":"auto","background-attachment":"scroll","background-type":"","background-media":"","overlay-type":"","overlay-color":"","overlay-opacity":"","overlay-gradient":""},"mobile":{"background-color":"var(--ast-global-color-5)","background-image":"","background-repeat":"repeat","background-position":"center center","background-size":"auto","background-attachment":"scroll","background-type":"","background-media":"","overlay-type":"","overlay-color":"","overlay-opacity":"","overlay-gradient":""}},"footnotes":""},"class_list":["post-61164","page","type-page","status-publish","hentry"],"yoast_head":"<!-- This site is optimized with the Yoast SEO Premium plugin v27.4 (Yoast SEO v27.5) - https:\/\/yoast.com\/product\/yoast-seo-premium-wordpress\/ -->\n<title>\u00c9tape 4 - Personnalisez - OneDesk<\/title>\n<meta name=\"description\" content=\"OneDesk est un logiciel de helpdesk et un logiciel de gestion de projet dans une seule application. Cela concerne les options de personnalisation dans OneDesk.\" \/>\n<meta name=\"robots\" content=\"index, follow, max-snippet:-1, max-image-preview:large, max-video-preview:-1\" \/>\n<link rel=\"canonical\" href=\"https:\/\/onedesk.com\/fr\/etape-4-personnaliser\/\" \/>\n<meta property=\"og:locale\" content=\"fr_FR\" \/>\n<meta property=\"og:type\" content=\"article\" \/>\n<meta property=\"og:title\" content=\"\u00c9tape 4 - Personnalisez - OneDesk\" \/>\n<meta property=\"og:description\" content=\"OneDesk est un logiciel de helpdesk et un logiciel de gestion de projet dans une seule application. Cela concerne les options de personnalisation dans OneDesk.\" \/>\n<meta property=\"og:url\" content=\"https:\/\/onedesk.com\/fr\/etape-4-personnaliser\/\" \/>\n<meta property=\"og:site_name\" content=\"OneDesk\" \/>\n<meta property=\"article:publisher\" content=\"https:\/\/www.facebook.com\/OneDeskApp\" \/>\n<meta property=\"article:modified_time\" content=\"2021-03-05T16:46:06+00:00\" \/>\n<meta property=\"og:image\" content=\"https:\/\/onedesk.com\/wp-content\/uploads\/2016\/02\/automations-1.gif\" \/>\n<meta name=\"twitter:card\" content=\"summary_large_image\" \/>\n<meta name=\"twitter:site\" content=\"@OneDeskApp\" \/>\n<meta name=\"twitter:label1\" content=\"Est. reading time\" \/>\n\t<meta name=\"twitter:data1\" content=\"6 minutes\" \/>\n<!-- \/ Yoast SEO Premium plugin. -->","yoast_head_json":{"title":"\u00c9tape 4 - Personnalisez - OneDesk","description":"OneDesk est un logiciel de helpdesk et un logiciel de gestion de projet dans une seule application. Cela concerne les options de personnalisation dans OneDesk.","robots":{"index":"index","follow":"follow","max-snippet":"max-snippet:-1","max-image-preview":"max-image-preview:large","max-video-preview":"max-video-preview:-1"},"canonical":"https:\/\/onedesk.com\/fr\/etape-4-personnaliser\/","og_locale":"fr_FR","og_type":"article","og_title":"\u00c9tape 4 - Personnalisez - OneDesk","og_description":"OneDesk est un logiciel de helpdesk et un logiciel de gestion de projet dans une seule application. Cela concerne les options de personnalisation dans OneDesk.","og_url":"https:\/\/onedesk.com\/fr\/etape-4-personnaliser\/","og_site_name":"OneDesk","article_publisher":"https:\/\/www.facebook.com\/OneDeskApp","article_modified_time":"2021-03-05T16:46:06+00:00","og_image":[{"url":"https:\/\/onedesk.com\/wp-content\/uploads\/2016\/02\/automations-1.gif","type":"","width":"","height":""}],"twitter_card":"summary_large_image","twitter_site":"@OneDeskApp","twitter_misc":{"Est. reading time":"6 minutes"},"schema":{"@context":"https:\/\/schema.org","@graph":[{"@type":"WebPage","@id":"https:\/\/onedesk.com\/fr\/etape-4-personnaliser\/","url":"https:\/\/onedesk.com\/fr\/etape-4-personnaliser\/","name":"\u00c9tape 4 - Personnalisez - OneDesk","isPartOf":{"@id":"https:\/\/onedesk.com\/fr\/#website"},"primaryImageOfPage":{"@id":"https:\/\/onedesk.com\/fr\/etape-4-personnaliser\/#primaryimage"},"image":{"@id":"https:\/\/onedesk.com\/fr\/etape-4-personnaliser\/#primaryimage"},"thumbnailUrl":"https:\/\/onedesk.com\/wp-content\/uploads\/2016\/02\/automations-1.gif","datePublished":"2021-03-05T16:45:38+00:00","dateModified":"2021-03-05T16:46:06+00:00","description":"OneDesk est un logiciel de helpdesk et un logiciel de gestion de projet dans une seule application. Cela concerne les options de personnalisation dans OneDesk.","inLanguage":"fr-FR","potentialAction":[{"@type":"ReadAction","target":["https:\/\/onedesk.com\/fr\/etape-4-personnaliser\/"]}]},{"@type":"ImageObject","inLanguage":"fr-FR","@id":"https:\/\/onedesk.com\/fr\/etape-4-personnaliser\/#primaryimage","url":"https:\/\/onedesk.com\/wp-content\/uploads\/2016\/02\/automations-1.gif","contentUrl":"https:\/\/onedesk.com\/wp-content\/uploads\/2016\/02\/automations-1.gif"},{"@type":"WebSite","@id":"https:\/\/onedesk.com\/fr\/#website","url":"https:\/\/onedesk.com\/fr\/","name":"OneDesk","description":"Logiciel de gestion de projet et d'assistance","publisher":{"@id":"https:\/\/onedesk.com\/fr\/#organization"},"potentialAction":[{"@type":"SearchAction","target":{"@type":"EntryPoint","urlTemplate":"https:\/\/onedesk.com\/fr\/?s={search_term_string}"},"query-input":{"@type":"PropertyValueSpecification","valueRequired":true,"valueName":"search_term_string"}}],"inLanguage":"fr-FR"},{"@type":"Organization","@id":"https:\/\/onedesk.com\/fr\/#organization","name":"OneDesk","url":"https:\/\/onedesk.com\/fr\/","logo":{"@type":"ImageObject","inLanguage":"fr-FR","@id":"https:\/\/onedesk.com\/fr\/#\/schema\/logo\/image\/","url":"https:\/\/onedesk.com\/wp-content\/uploads\/2016\/01\/white-logo-small.png","contentUrl":"https:\/\/onedesk.com\/wp-content\/uploads\/2016\/01\/white-logo-small.png","width":207,"height":40,"caption":"OneDesk"},"image":{"@id":"https:\/\/onedesk.com\/fr\/#\/schema\/logo\/image\/"},"sameAs":["https:\/\/www.facebook.com\/OneDeskApp","https:\/\/x.com\/OneDeskApp","https:\/\/www.instagram.com\/onedeskapp\/","https:\/\/www.linkedin.com\/company\/onedesk-inc-1","https:\/\/www.pinterest.com\/onedesk\/","https:\/\/www.youtube.com\/user\/OneDeskApp"]}]}},"tpgb_featured_images":null,"tpgb_post_meta_info":{"get_date":"March 5, 2021","get_modified_date":"March 5, 2021","author_name":"Derek","author_url":"https:\/\/onedesk.com\/fr\/author\/derekonedesk-com\/","author_email":"derek@onedesk.com","author_website":"","author_description":"","author_facebook":"","author_twitter":"","author_instagram":"","author_role":["administrator"],"author_firstname":"Derek","author_lastname":"","user_login":"derek@onedesk.com","author_avatar":"<img alt='' src='https:\/\/secure.gravatar.com\/avatar\/457ebef17878f2246da5e4df1ab1420e949ee125154dfb140a3f3ce911b0ef71?s=200&#038;d=mm&#038;r=g' srcset='https:\/\/secure.gravatar.com\/avatar\/457ebef17878f2246da5e4df1ab1420e949ee125154dfb140a3f3ce911b0ef71?s=400&#038;d=mm&#038;r=g 2x' class='avatar avatar-200 photo' height='200' width='200' decoding='async'\/>","author_avatar_url":"https:\/\/secure.gravatar.com\/avatar\/457ebef17878f2246da5e4df1ab1420e949ee125154dfb140a3f3ce911b0ef71?s=96&d=mm&r=g","comment_count":0,"post_likes":0,"post_views":0},"tpgb_post_category":[],"jetpack_shortlink":"https:\/\/wp.me\/PfpPaI-fUw","amp_enabled":true,"_links":{"self":[{"href":"https:\/\/onedesk.com\/fr\/wp-json\/wp\/v2\/pages\/61164","targetHints":{"allow":["GET"]}}],"collection":[{"href":"https:\/\/onedesk.com\/fr\/wp-json\/wp\/v2\/pages"}],"about":[{"href":"https:\/\/onedesk.com\/fr\/wp-json\/wp\/v2\/types\/page"}],"author":[{"embeddable":true,"href":"https:\/\/onedesk.com\/fr\/wp-json\/wp\/v2\/users\/2"}],"replies":[{"embeddable":true,"href":"https:\/\/onedesk.com\/fr\/wp-json\/wp\/v2\/comments?post=61164"}],"version-history":[{"count":1,"href":"https:\/\/onedesk.com\/fr\/wp-json\/wp\/v2\/pages\/61164\/revisions"}],"predecessor-version":[{"id":61170,"href":"https:\/\/onedesk.com\/fr\/wp-json\/wp\/v2\/pages\/61164\/revisions\/61170"}],"wp:attachment":[{"href":"https:\/\/onedesk.com\/fr\/wp-json\/wp\/v2\/media?parent=61164"}],"curies":[{"name":"wp","href":"https:\/\/api.w.org\/{rel}","templated":true}]}}