{"id":61165,"date":"2021-03-05T16:45:38","date_gmt":"2021-03-05T16:45:38","guid":{"rendered":"https:\/\/onedesk.com\/commencer\/concepts-de-base\/"},"modified":"2021-03-05T16:45:53","modified_gmt":"2021-03-05T16:45:53","slug":"concepts-de-base","status":"publish","type":"page","link":"https:\/\/onedesk.com\/fr\/concepts-de-base\/","title":{"rendered":"\u00c9tape 2 &#8211; Concepts de base"},"content":{"rendered":"<h2 style=\"text-align: center;\">Les choses dans OneDesk<\/h2>\n<h3 style=\"text-align: center;\">(\u00e9galement appel\u00e9 &#8220;Comment vos donn\u00e9es sont structur\u00e9es&#8221;)<\/h3>\n<p>Pour comprendre comment OneDesk organise vos affaires, vous n&#8217;avez besoin que de quelques concepts:<em> Articles<\/em> ,<em> Projet<\/em> , et<em> Portefeuilles<\/em> .<\/p>\n<ol>\n<li><strong>ITEMS &#8211; Les \u00e9l\u00e9ments de base que vous g\u00e9rez<\/strong><br \/>\nCe sont les \u00e9l\u00e9ments que vous g\u00e9rez et suivez, tels que<em> T\u00e2ches<\/em> ou<em> des billets<\/em> . Ils sont class\u00e9s sous Ticket, Fonctionnalit\u00e9s et T\u00e2ches. Vous pouvez \u00e9galement cr\u00e9er d&#8217;autres types si vous le souhaitez.<\/li>\n<li><strong>PROJETS &#8211; groupes d&#8217;items<\/strong><br \/>\nCeux-ci contiennent des collections d&#8217;articles. Ils repr\u00e9sentent des choses comme<em> projets<\/em> et<em> communiqu\u00e9s<\/em> , mais vous pouvez cr\u00e9er d&#8217;autres types de projets si n\u00e9cessaire. \u00c0 l&#8217;int\u00e9rieur des projets, vos \u00e9l\u00e9ments peuvent \u00eatre plac\u00e9s dans une structure de dossiers pour les garder organis\u00e9s.<\/li>\n<li><strong>PORTFOLIOS &#8211; groupes de PROJETS<\/strong><br \/>\nLes portefeuilles contiennent des projets. Utilisez-les pour organiser ensemble des projets ou des versions connexes. Vous pouvez imbriquer des \u00abportefeuilles\u00bb \u00e0 n&#8217;importe quelle profondeur et un projet peut appartenir \u00e0 plusieurs portefeuilles, ce qui vous permet de cr\u00e9er des structures tr\u00e8s flexibles.<\/li>\n<\/ol>\n<p>&nbsp;<\/p>\n<p><img fetchpriority=\"high\" decoding=\"async\" class=\"size-full wp-image-59066 aligncenter\" src=\"https:\/\/onedesk.com\/wp-content\/uploads\/2016\/02\/Item-and-Container-Visual2.png\" alt=\"\" width=\"761\" height=\"420\"><\/p>\n<p>&nbsp;<\/p>\n<p>&nbsp;<\/p>\n<h2 style=\"text-align: center;\">Naviguer dans OneDesk<\/h2>\n<p>OneDesk vous permet d&#8217;acc\u00e9der \u00e0 vos \u00e9l\u00e9ments et conteneurs de plusieurs mani\u00e8res. Pour naviguer en toute confiance, vous devez conna\u00eetre les<em> S\u00e9lecteur de projet<\/em> ,<em> Vues<\/em> et<em> Filtres<\/em> .<\/p>\n<p>&nbsp;<\/p>\n<p><strong><img decoding=\"async\" class=\"alignright wp-image-41402 \" src=\"https:\/\/onedesk.com\/wp-content\/uploads\/2016\/01\/scope.png\" alt=\"\" width=\"429\" height=\"225\">1. PROJECT SELECTOR &#8211; Le niveau de la hi\u00e9rarchie de projet que vous regardez<\/strong><br \/>\nLorsque vous avez organis\u00e9 vos \u00e9l\u00e9ments en projets et vos projets en une structure, vous disposez d&#8217;une mani\u00e8re tr\u00e8s flexible de voir vos diff\u00e9rents projets. Le s\u00e9lecteur de projet dans le coin sup\u00e9rieur gauche de votre \u00e9cran vous permet de d\u00e9finir le niveau de hi\u00e9rarchie sur lequel vous souhaitez vous concentrer. Par exemple, si vous d\u00e9finissez votre port\u00e9e sur \u00abKrypton Portfolio\u00bb, vous verrez tous les PROJETS et ITEMS \u00e0 l&#8217;int\u00e9rieur de ce PORTFOLIO.<\/p>\n<p>&nbsp;<\/p>\n<p>&nbsp;<\/p>\n<p>&nbsp;<\/p>\n<p><strong><img decoding=\"async\" class=\"wp-image-41411 alignleft\" src=\"https:\/\/onedesk.com\/wp-content\/uploads\/2016\/01\/apps.png\" alt=\"\" width=\"50\">2. APPLICATION &#8211; La cat\u00e9gorie des \u00e9l\u00e9ments et la mani\u00e8re dont vous souhaitez les afficher.<\/strong><br \/>\nLes applications sont des ic\u00f4nes situ\u00e9es dans la barre de gauche. Par exemple, la s\u00e9lection de \u00abt\u00e2ches\u00bb vous montrera votre application de t\u00e2ches o\u00f9 vous pouvez planifier et ex\u00e9cuter les t\u00e2ches de votre projet. La s\u00e9lection de tickets affichera votre application d&#8217;assistance, la s\u00e9lection d&#8217;utilisateurs affichera votre application d&#8217;utilisateurs, etc.<\/p>\n<p>Dans chaque application, vous pouvez \u00e9galement s\u00e9lectionner la vue (voir ci-dessous).<\/p>\n<p>&nbsp;<\/p>\n<p>&nbsp;<\/p>\n<p>&nbsp;<\/p>\n<p>&nbsp;<\/p>\n<p>&nbsp;<\/p>\n<p>&nbsp;<\/p>\n<p>&nbsp;<\/p>\n<p><strong><img decoding=\"async\" class=\"alignright size-medium wp-image-44251\" src=\"https:\/\/onedesk.com\/wp-content\/uploads\/2016\/01\/new-view-e1559577779882-258x300.png\" alt=\"\" width=\"258\" height=\"300\" srcset=\"https:\/\/onedesk.com\/wp-content\/uploads\/2016\/01\/new-view-e1559577779882-258x300.png 258w, https:\/\/onedesk.com\/wp-content\/uploads\/2016\/01\/new-view-e1559577779882-255x296.png 255w, https:\/\/onedesk.com\/wp-content\/uploads\/2016\/01\/new-view-e1559577779882-69x80.png 69w, https:\/\/onedesk.com\/wp-content\/uploads\/2016\/01\/new-view-e1559577779882-34x40.png 34w, https:\/\/onedesk.com\/wp-content\/uploads\/2016\/01\/new-view-e1559577779882-480x558.png 480w, https:\/\/onedesk.com\/wp-content\/uploads\/2016\/01\/new-view-e1559577779882-500x581.png 500w, https:\/\/onedesk.com\/wp-content\/uploads\/2016\/01\/new-view-e1559577779882-360x419.png 360w, https:\/\/onedesk.com\/wp-content\/uploads\/2016\/01\/new-view-e1559577779882.png 547w\" sizes=\"(max-width: 258px) 100vw, 258px\" \/>  3. VUES &#8211; Filtrer, regrouper et mettre en page les \u00e9l\u00e9ments trouv\u00e9s dans les applications<\/strong><br \/>\nLes vues se trouvent \u00e0 c\u00f4t\u00e9 de la barre d&#8217;application sur la gauche. Les vues standard incluent des mises en page telles que Tree, Flat, Gantt, Cards, Calendar, Roadmap et Dashboard, mais vous pouvez cr\u00e9er vos propres vues personnalis\u00e9es. OneDesk a des vues personnalis\u00e9es pr\u00e9-cr\u00e9\u00e9es comme \u00abMon Todo\u00bb et \u00abBo\u00eete de r\u00e9ception des t\u00e2ches\u00bb, que vous pouvez supprimer ou modifier. Cliquez sur l&#8217;ic\u00f4ne \u00e0 c\u00f4t\u00e9 de &#8220;MES VUES&#8221; pour cr\u00e9er votre propre vue, dans laquelle vous pouvez s\u00e9lectionner la mise en page, les filtres et le regroupement. Vous pouvez enregistrer et partager ces vues afin que tous les membres de votre entreprise puissent les utiliser. La visibilit\u00e9, l&#8217;ordre et le tri des colonnes peuvent \u00e9galement \u00eatre enregistr\u00e9s dans la vue.<\/p>\n<p>&nbsp;<\/p>\n<p>&nbsp;<\/p>\n<p>&nbsp;<\/p>\n<p>&nbsp;<\/p>\n<p>PROJECT SELECTOR, APPLICATIONS et VIEWS fonctionnent ensemble pour vous donner un contr\u00f4le pr\u00e9cis sur ce que vous voulez regarder. Vous pouvez \u00e9galement RECHERCHER dans une vue par mot-cl\u00e9 ou<em> ID de l&#8217;article<\/em> .<\/p>\n","protected":false},"excerpt":{"rendered":"<p>Les choses dans OneDesk (\u00e9galement appel\u00e9 &#8220;Comment vos donn\u00e9es sont structur\u00e9es&#8221;) Pour comprendre comment OneDesk organise vos affaires, vous n&#8217;avez besoin que de quelques concepts: Articles , Projet , et Portefeuilles . ITEMS &#8211; Les \u00e9l\u00e9ments de base que vous g\u00e9rez Ce sont les \u00e9l\u00e9ments que vous g\u00e9rez et suivez, tels que T\u00e2ches ou des [&hellip;]<\/p>\n","protected":false},"author":2,"featured_media":0,"parent":0,"menu_order":1,"comment_status":"closed","ping_status":"closed","template":"","meta":{"tpgb_global_settings":"","_crdt_document":"","inline_featured_image":false,"site-sidebar-layout":"default","site-content-layout":"","ast-site-content-layout":"default","site-content-style":"default","site-sidebar-style":"default","ast-global-header-display":"","ast-banner-title-visibility":"","ast-main-header-display":"","ast-hfb-above-header-display":"","ast-hfb-below-header-display":"","ast-hfb-mobile-header-display":"","site-post-title":"","ast-breadcrumbs-content":"","ast-featured-img":"","footer-sml-layout":"","ast-disable-related-posts":"","theme-transparent-header-meta":"","adv-header-id-meta":"","stick-header-meta":"","header-above-stick-meta":"","header-main-stick-meta":"","header-below-stick-meta":"","astra-migrate-meta-layouts":"default","ast-page-background-enabled":"default","ast-page-background-meta":{"desktop":{"background-color":"var(--ast-global-color-4)","background-image":"","background-repeat":"repeat","background-position":"center center","background-size":"auto","background-attachment":"scroll","background-type":"","background-media":"","overlay-type":"","overlay-color":"","overlay-opacity":"","overlay-gradient":""},"tablet":{"background-color":"","background-image":"","background-repeat":"repeat","background-position":"center center","background-size":"auto","background-attachment":"scroll","background-type":"","background-media":"","overlay-type":"","overlay-color":"","overlay-opacity":"","overlay-gradient":""},"mobile":{"background-color":"","background-image":"","background-repeat":"repeat","background-position":"center center","background-size":"auto","background-attachment":"scroll","background-type":"","background-media":"","overlay-type":"","overlay-color":"","overlay-opacity":"","overlay-gradient":""}},"ast-content-background-meta":{"desktop":{"background-color":"var(--ast-global-color-5)","background-image":"","background-repeat":"repeat","background-position":"center center","background-size":"auto","background-attachment":"scroll","background-type":"","background-media":"","overlay-type":"","overlay-color":"","overlay-opacity":"","overlay-gradient":""},"tablet":{"background-color":"var(--ast-global-color-5)","background-image":"","background-repeat":"repeat","background-position":"center center","background-size":"auto","background-attachment":"scroll","background-type":"","background-media":"","overlay-type":"","overlay-color":"","overlay-opacity":"","overlay-gradient":""},"mobile":{"background-color":"var(--ast-global-color-5)","background-image":"","background-repeat":"repeat","background-position":"center center","background-size":"auto","background-attachment":"scroll","background-type":"","background-media":"","overlay-type":"","overlay-color":"","overlay-opacity":"","overlay-gradient":""}},"footnotes":""},"class_list":["post-61165","page","type-page","status-publish","hentry"],"yoast_head":"<!-- This site is optimized with the Yoast SEO Premium plugin v27.2 (Yoast SEO v27.3) - https:\/\/yoast.com\/product\/yoast-seo-premium-wordpress\/ -->\n<title>\u00c9tape 2 - Concepts de base - OneDesk<\/title>\n<meta name=\"description\" content=\"OneDesk est un logiciel de helpdesk et un logiciel de gestion de projet dans une seule application. Cela explique les concepts de base dans OneDesk.\" \/>\n<meta name=\"robots\" content=\"index, follow, max-snippet:-1, max-image-preview:large, max-video-preview:-1\" \/>\n<link rel=\"canonical\" href=\"https:\/\/onedesk.com\/fr\/concepts-de-base\/\" \/>\n<meta property=\"og:locale\" content=\"fr_FR\" \/>\n<meta property=\"og:type\" content=\"article\" \/>\n<meta property=\"og:title\" content=\"\u00c9tape 2 - Concepts de base - OneDesk\" \/>\n<meta property=\"og:description\" content=\"OneDesk est un logiciel de helpdesk et un logiciel de gestion de projet dans une seule application. Cela explique les concepts de base dans OneDesk.\" \/>\n<meta property=\"og:url\" content=\"https:\/\/onedesk.com\/fr\/concepts-de-base\/\" \/>\n<meta property=\"og:site_name\" content=\"OneDesk\" \/>\n<meta property=\"article:publisher\" content=\"https:\/\/www.facebook.com\/OneDeskApp\" \/>\n<meta property=\"article:modified_time\" content=\"2021-03-05T16:45:53+00:00\" \/>\n<meta property=\"og:image\" content=\"https:\/\/onedesk.com\/wp-content\/uploads\/2016\/02\/Item-and-Container-Visual2.png\" \/>\n<meta name=\"twitter:card\" content=\"summary_large_image\" \/>\n<meta name=\"twitter:site\" content=\"@OneDeskApp\" \/>\n<meta name=\"twitter:label1\" content=\"Est. reading time\" \/>\n\t<meta name=\"twitter:data1\" content=\"3 minutes\" \/>\n<!-- \/ Yoast SEO Premium plugin. -->","yoast_head_json":{"title":"\u00c9tape 2 - Concepts de base - OneDesk","description":"OneDesk est un logiciel de helpdesk et un logiciel de gestion de projet dans une seule application. Cela explique les concepts de base dans OneDesk.","robots":{"index":"index","follow":"follow","max-snippet":"max-snippet:-1","max-image-preview":"max-image-preview:large","max-video-preview":"max-video-preview:-1"},"canonical":"https:\/\/onedesk.com\/fr\/concepts-de-base\/","og_locale":"fr_FR","og_type":"article","og_title":"\u00c9tape 2 - Concepts de base - OneDesk","og_description":"OneDesk est un logiciel de helpdesk et un logiciel de gestion de projet dans une seule application. Cela explique les concepts de base dans OneDesk.","og_url":"https:\/\/onedesk.com\/fr\/concepts-de-base\/","og_site_name":"OneDesk","article_publisher":"https:\/\/www.facebook.com\/OneDeskApp","article_modified_time":"2021-03-05T16:45:53+00:00","og_image":[{"url":"https:\/\/onedesk.com\/wp-content\/uploads\/2016\/02\/Item-and-Container-Visual2.png","type":"","width":"","height":""}],"twitter_card":"summary_large_image","twitter_site":"@OneDeskApp","twitter_misc":{"Est. reading time":"3 minutes"},"schema":{"@context":"https:\/\/schema.org","@graph":[{"@type":"WebPage","@id":"https:\/\/onedesk.com\/fr\/concepts-de-base\/","url":"https:\/\/onedesk.com\/fr\/concepts-de-base\/","name":"\u00c9tape 2 - Concepts de base - OneDesk","isPartOf":{"@id":"https:\/\/onedesk.com\/fr\/#website"},"primaryImageOfPage":{"@id":"https:\/\/onedesk.com\/fr\/concepts-de-base\/#primaryimage"},"image":{"@id":"https:\/\/onedesk.com\/fr\/concepts-de-base\/#primaryimage"},"thumbnailUrl":"https:\/\/onedesk.com\/wp-content\/uploads\/2016\/02\/Item-and-Container-Visual2.png","datePublished":"2021-03-05T16:45:38+00:00","dateModified":"2021-03-05T16:45:53+00:00","description":"OneDesk est un logiciel de helpdesk et un logiciel de gestion de projet dans une seule application. Cela explique les concepts de base dans OneDesk.","inLanguage":"fr-FR","potentialAction":[{"@type":"ReadAction","target":["https:\/\/onedesk.com\/fr\/concepts-de-base\/"]}]},{"@type":"ImageObject","inLanguage":"fr-FR","@id":"https:\/\/onedesk.com\/fr\/concepts-de-base\/#primaryimage","url":"https:\/\/onedesk.com\/wp-content\/uploads\/2016\/02\/Item-and-Container-Visual2.png","contentUrl":"https:\/\/onedesk.com\/wp-content\/uploads\/2016\/02\/Item-and-Container-Visual2.png"},{"@type":"WebSite","@id":"https:\/\/onedesk.com\/fr\/#website","url":"https:\/\/onedesk.com\/fr\/","name":"OneDesk","description":"Logiciel de gestion de projet et d'assistance","publisher":{"@id":"https:\/\/onedesk.com\/fr\/#organization"},"potentialAction":[{"@type":"SearchAction","target":{"@type":"EntryPoint","urlTemplate":"https:\/\/onedesk.com\/fr\/?s={search_term_string}"},"query-input":{"@type":"PropertyValueSpecification","valueRequired":true,"valueName":"search_term_string"}}],"inLanguage":"fr-FR"},{"@type":"Organization","@id":"https:\/\/onedesk.com\/fr\/#organization","name":"OneDesk","url":"https:\/\/onedesk.com\/fr\/","logo":{"@type":"ImageObject","inLanguage":"fr-FR","@id":"https:\/\/onedesk.com\/fr\/#\/schema\/logo\/image\/","url":"https:\/\/onedesk.com\/wp-content\/uploads\/2016\/01\/white-logo-small.png","contentUrl":"https:\/\/onedesk.com\/wp-content\/uploads\/2016\/01\/white-logo-small.png","width":207,"height":40,"caption":"OneDesk"},"image":{"@id":"https:\/\/onedesk.com\/fr\/#\/schema\/logo\/image\/"},"sameAs":["https:\/\/www.facebook.com\/OneDeskApp","https:\/\/x.com\/OneDeskApp","https:\/\/www.instagram.com\/onedeskapp\/","https:\/\/www.linkedin.com\/company\/onedesk-inc-1","https:\/\/www.pinterest.com\/onedesk\/","https:\/\/www.youtube.com\/user\/OneDeskApp"]}]}},"tpgb_featured_images":null,"tpgb_post_meta_info":{"get_date":"March 5, 2021","get_modified_date":"March 5, 2021","author_name":"Derek","author_url":"https:\/\/onedesk.com\/fr\/author\/derekonedesk-com\/","author_email":"derek@onedesk.com","author_website":"","author_description":"","author_facebook":"","author_twitter":"","author_instagram":"","author_role":["administrator"],"author_firstname":"Derek","author_lastname":"","user_login":"derek@onedesk.com","author_avatar":"<img alt='' src='https:\/\/secure.gravatar.com\/avatar\/457ebef17878f2246da5e4df1ab1420e949ee125154dfb140a3f3ce911b0ef71?s=200&#038;d=mm&#038;r=g' srcset='https:\/\/secure.gravatar.com\/avatar\/457ebef17878f2246da5e4df1ab1420e949ee125154dfb140a3f3ce911b0ef71?s=400&#038;d=mm&#038;r=g 2x' class='avatar avatar-200 photo' height='200' width='200' decoding='async'\/>","author_avatar_url":"https:\/\/secure.gravatar.com\/avatar\/457ebef17878f2246da5e4df1ab1420e949ee125154dfb140a3f3ce911b0ef71?s=96&d=mm&r=g","comment_count":0,"post_likes":0,"post_views":0},"tpgb_post_category":[],"jetpack_shortlink":"https:\/\/wp.me\/PfpPaI-fUx","amp_enabled":true,"_links":{"self":[{"href":"https:\/\/onedesk.com\/fr\/wp-json\/wp\/v2\/pages\/61165","targetHints":{"allow":["GET"]}}],"collection":[{"href":"https:\/\/onedesk.com\/fr\/wp-json\/wp\/v2\/pages"}],"about":[{"href":"https:\/\/onedesk.com\/fr\/wp-json\/wp\/v2\/types\/page"}],"author":[{"embeddable":true,"href":"https:\/\/onedesk.com\/fr\/wp-json\/wp\/v2\/users\/2"}],"replies":[{"embeddable":true,"href":"https:\/\/onedesk.com\/fr\/wp-json\/wp\/v2\/comments?post=61165"}],"version-history":[{"count":1,"href":"https:\/\/onedesk.com\/fr\/wp-json\/wp\/v2\/pages\/61165\/revisions"}],"predecessor-version":[{"id":61169,"href":"https:\/\/onedesk.com\/fr\/wp-json\/wp\/v2\/pages\/61165\/revisions\/61169"}],"wp:attachment":[{"href":"https:\/\/onedesk.com\/fr\/wp-json\/wp\/v2\/media?parent=61165"}],"curies":[{"name":"wp","href":"https:\/\/api.w.org\/{rel}","templated":true}]}}