{"id":95143,"date":"2021-05-26T15:37:56","date_gmt":"2021-05-26T15:37:56","guid":{"rendered":"https:\/\/onedesk.com\/?page_id=95143"},"modified":"2021-05-26T15:38:05","modified_gmt":"2021-05-26T15:38:05","slug":"livre-demo-2","status":"publish","type":"page","link":"https:\/\/onedesk.com\/fr\/demo\/livre-demo-2\/","title":{"rendered":"R\u00e9server une d\u00e9mo"},"content":{"rendered":"<p>Vous voulez en savoir plus sur la mani\u00e8re dont OneDesk peut aider votre entreprise? R\u00e9servez une d\u00e9mo individuelle avec nous d\u00e8s aujourd&#8217;hui! Choisissez simplement l&#8217;heure que vous souhaitez dans le calendrier ci-dessous et nous ferons le reste.<br \/>\n<iframe id=\"myframe\" style=\"overflow: hidden;\" src=\"https:\/\/onedesk-demos.youcanbook.me\/\" width=\"950px\" height=\"1200px\" frameborder=\"0\">Votre navigateur ne prend pas en charge les iframes.<br \/>\n<\/iframe><\/p>\n","protected":false},"excerpt":{"rendered":"<p>Vous voulez en savoir plus sur la mani\u00e8re dont OneDesk peut aider votre entreprise? R\u00e9servez une d\u00e9mo individuelle avec nous d\u00e8s aujourd&#8217;hui! Choisissez simplement l&#8217;heure que vous souhaitez dans le calendrier ci-dessous et nous ferons le reste. Votre navigateur ne prend pas en charge les iframes.<\/p>\n","protected":false},"author":27,"featured_media":0,"parent":61069,"menu_order":1,"comment_status":"closed","ping_status":"closed","template":"","meta":{"tpgb_global_settings":"","_crdt_document":"","inline_featured_image":false,"site-sidebar-layout":"default","site-content-layout":"","ast-site-content-layout":"default","site-content-style":"default","site-sidebar-style":"default","ast-global-header-display":"","ast-banner-title-visibility":"","ast-main-header-display":"","ast-hfb-above-header-display":"","ast-hfb-below-header-display":"","ast-hfb-mobile-header-display":"","site-post-title":"","ast-breadcrumbs-content":"","ast-featured-img":"","footer-sml-layout":"","ast-disable-related-posts":"","theme-transparent-header-meta":"","adv-header-id-meta":"","stick-header-meta":"","header-above-stick-meta":"","header-main-stick-meta":"","header-below-stick-meta":"","astra-migrate-meta-layouts":"default","ast-page-background-enabled":"default","ast-page-background-meta":{"desktop":{"background-color":"var(--ast-global-color-4)","background-image":"","background-repeat":"repeat","background-position":"center center","background-size":"auto","background-attachment":"scroll","background-type":"","background-media":"","overlay-type":"","overlay-color":"","overlay-opacity":"","overlay-gradient":""},"tablet":{"background-color":"","background-image":"","background-repeat":"repeat","background-position":"center center","background-size":"auto","background-attachment":"scroll","background-type":"","background-media":"","overlay-type":"","overlay-color":"","overlay-opacity":"","overlay-gradient":""},"mobile":{"background-color":"","background-image":"","background-repeat":"repeat","background-position":"center center","background-size":"auto","background-attachment":"scroll","background-type":"","background-media":"","overlay-type":"","overlay-color":"","overlay-opacity":"","overlay-gradient":""}},"ast-content-background-meta":{"desktop":{"background-color":"var(--ast-global-color-5)","background-image":"","background-repeat":"repeat","background-position":"center center","background-size":"auto","background-attachment":"scroll","background-type":"","background-media":"","overlay-type":"","overlay-color":"","overlay-opacity":"","overlay-gradient":""},"tablet":{"background-color":"var(--ast-global-color-5)","background-image":"","background-repeat":"repeat","background-position":"center center","background-size":"auto","background-attachment":"scroll","background-type":"","background-media":"","overlay-type":"","overlay-color":"","overlay-opacity":"","overlay-gradient":""},"mobile":{"background-color":"var(--ast-global-color-5)","background-image":"","background-repeat":"repeat","background-position":"center center","background-size":"auto","background-attachment":"scroll","background-type":"","background-media":"","overlay-type":"","overlay-color":"","overlay-opacity":"","overlay-gradient":""}},"footnotes":""},"class_list":["post-95143","page","type-page","status-publish","hentry"],"yoast_head":"<!-- This site is optimized with the Yoast SEO Premium plugin v27.2 (Yoast SEO v27.3) - https:\/\/yoast.com\/product\/yoast-seo-premium-wordpress\/ -->\n<title>R\u00e9server une d\u00e9mo | Logiciel d&#039;assistance et de gestion de projet | OneDesk<\/title>\n<meta name=\"description\" content=\"OneDesk est un logiciel d&#039;assistance et de gestion de projet dans une seule application. Laissez-nous vous montrer comment cela fonctionne lorsque vous r\u00e9servez une d\u00e9mo avec nous.\" \/>\n<meta name=\"robots\" content=\"index, follow, max-snippet:-1, max-image-preview:large, max-video-preview:-1\" \/>\n<link rel=\"canonical\" href=\"https:\/\/onedesk.com\/fr\/demo\/livre-demo-2\/\" \/>\n<meta property=\"og:locale\" content=\"fr_FR\" \/>\n<meta property=\"og:type\" content=\"article\" \/>\n<meta property=\"og:title\" content=\"R\u00e9server une d\u00e9mo | Logiciel d&#039;assistance et de gestion de projet | OneDesk\" \/>\n<meta property=\"og:description\" content=\"OneDesk est un logiciel d&#039;assistance et de gestion de projet dans une seule application. Laissez-nous vous montrer comment cela fonctionne lorsque vous r\u00e9servez une d\u00e9mo avec nous.\" \/>\n<meta property=\"og:url\" content=\"https:\/\/onedesk.com\/fr\/demo\/livre-demo-2\/\" \/>\n<meta property=\"og:site_name\" content=\"OneDesk\" \/>\n<meta property=\"article:publisher\" content=\"https:\/\/www.facebook.com\/OneDeskApp\" \/>\n<meta property=\"article:modified_time\" content=\"2021-05-26T15:38:05+00:00\" \/>\n<meta property=\"og:image\" content=\"https:\/\/onedesk.com\/wp-content\/uploads\/2020\/04\/OneDesk-Logo.png\" \/>\n\t<meta property=\"og:image:width\" content=\"1280\" \/>\n\t<meta property=\"og:image:height\" content=\"800\" \/>\n\t<meta property=\"og:image:type\" content=\"image\/png\" \/>\n<meta name=\"twitter:card\" content=\"summary_large_image\" \/>\n<meta name=\"twitter:site\" content=\"@OneDeskApp\" \/>\n<!-- \/ Yoast SEO Premium plugin. -->","yoast_head_json":{"title":"R\u00e9server une d\u00e9mo | Logiciel d'assistance et de gestion de projet | OneDesk","description":"OneDesk est un logiciel d'assistance et de gestion de projet dans une seule application. Laissez-nous vous montrer comment cela fonctionne lorsque vous r\u00e9servez une d\u00e9mo avec nous.","robots":{"index":"index","follow":"follow","max-snippet":"max-snippet:-1","max-image-preview":"max-image-preview:large","max-video-preview":"max-video-preview:-1"},"canonical":"https:\/\/onedesk.com\/fr\/demo\/livre-demo-2\/","og_locale":"fr_FR","og_type":"article","og_title":"R\u00e9server une d\u00e9mo | Logiciel d'assistance et de gestion de projet | OneDesk","og_description":"OneDesk est un logiciel d'assistance et de gestion de projet dans une seule application. Laissez-nous vous montrer comment cela fonctionne lorsque vous r\u00e9servez une d\u00e9mo avec nous.","og_url":"https:\/\/onedesk.com\/fr\/demo\/livre-demo-2\/","og_site_name":"OneDesk","article_publisher":"https:\/\/www.facebook.com\/OneDeskApp","article_modified_time":"2021-05-26T15:38:05+00:00","og_image":[{"width":1280,"height":800,"url":"https:\/\/onedesk.com\/wp-content\/uploads\/2020\/04\/OneDesk-Logo.png","type":"image\/png"}],"twitter_card":"summary_large_image","twitter_site":"@OneDeskApp","schema":{"@context":"https:\/\/schema.org","@graph":[{"@type":"WebPage","@id":"https:\/\/onedesk.com\/fr\/demo\/livre-demo-2\/","url":"https:\/\/onedesk.com\/fr\/demo\/livre-demo-2\/","name":"R\u00e9server une d\u00e9mo | Logiciel d'assistance et de gestion de projet | OneDesk","isPartOf":{"@id":"https:\/\/onedesk.com\/fr\/#website"},"datePublished":"2021-05-26T15:37:56+00:00","dateModified":"2021-05-26T15:38:05+00:00","description":"OneDesk est un logiciel d'assistance et de gestion de projet dans une seule application. Laissez-nous vous montrer comment cela fonctionne lorsque vous r\u00e9servez une d\u00e9mo avec nous.","breadcrumb":{"@id":"https:\/\/onedesk.com\/fr\/demo\/livre-demo-2\/#breadcrumb"},"inLanguage":"fr-FR","potentialAction":[{"@type":"ReadAction","target":["https:\/\/onedesk.com\/fr\/demo\/livre-demo-2\/"]}]},{"@type":"BreadcrumbList","@id":"https:\/\/onedesk.com\/fr\/demo\/livre-demo-2\/#breadcrumb","itemListElement":[{"@type":"ListItem","position":1,"name":"d\u00e9mo","item":"https:\/\/onedesk.com\/fr\/demo\/"},{"@type":"ListItem","position":2,"name":"R\u00e9server une d\u00e9mo"}]},{"@type":"WebSite","@id":"https:\/\/onedesk.com\/fr\/#website","url":"https:\/\/onedesk.com\/fr\/","name":"OneDesk","description":"Logiciel de gestion de projet et d'assistance","publisher":{"@id":"https:\/\/onedesk.com\/fr\/#organization"},"potentialAction":[{"@type":"SearchAction","target":{"@type":"EntryPoint","urlTemplate":"https:\/\/onedesk.com\/fr\/?s={search_term_string}"},"query-input":{"@type":"PropertyValueSpecification","valueRequired":true,"valueName":"search_term_string"}}],"inLanguage":"fr-FR"},{"@type":"Organization","@id":"https:\/\/onedesk.com\/fr\/#organization","name":"OneDesk","url":"https:\/\/onedesk.com\/fr\/","logo":{"@type":"ImageObject","inLanguage":"fr-FR","@id":"https:\/\/onedesk.com\/fr\/#\/schema\/logo\/image\/","url":"https:\/\/onedesk.com\/wp-content\/uploads\/2016\/01\/white-logo-small.png","contentUrl":"https:\/\/onedesk.com\/wp-content\/uploads\/2016\/01\/white-logo-small.png","width":207,"height":40,"caption":"OneDesk"},"image":{"@id":"https:\/\/onedesk.com\/fr\/#\/schema\/logo\/image\/"},"sameAs":["https:\/\/www.facebook.com\/OneDeskApp","https:\/\/x.com\/OneDeskApp","https:\/\/www.instagram.com\/onedeskapp\/","https:\/\/www.linkedin.com\/company\/onedesk-inc-1","https:\/\/www.pinterest.com\/onedesk\/","https:\/\/www.youtube.com\/user\/OneDeskApp"]}]}},"tpgb_featured_images":null,"tpgb_post_meta_info":{"get_date":"May 26, 2021","get_modified_date":"May 26, 2021","author_name":"Sabrin Yusef","author_url":"https:\/\/onedesk.com\/fr\/author\/sarbin-yusef\/","author_email":"sabrin.yusef@onedesk.com","author_website":"","author_description":"","author_facebook":"","author_twitter":"","author_instagram":"","author_role":["customer"],"author_firstname":"Sabrin","author_lastname":"Yusef","user_login":"sarbin.yusef","author_avatar":"<img alt='' src='https:\/\/secure.gravatar.com\/avatar\/1f20332b0900369c93c9c272e03885bde073bf214b3dd3eb4bea569a45bea588?s=200&#038;d=mm&#038;r=g' srcset='https:\/\/secure.gravatar.com\/avatar\/1f20332b0900369c93c9c272e03885bde073bf214b3dd3eb4bea569a45bea588?s=400&#038;d=mm&#038;r=g 2x' class='avatar avatar-200 photo' height='200' width='200' decoding='async'\/>","author_avatar_url":"https:\/\/secure.gravatar.com\/avatar\/1f20332b0900369c93c9c272e03885bde073bf214b3dd3eb4bea569a45bea588?s=96&d=mm&r=g","comment_count":0,"post_likes":0,"post_views":0},"tpgb_post_category":[],"jetpack_shortlink":"https:\/\/wp.me\/PfpPaI-oKz","amp_enabled":true,"_links":{"self":[{"href":"https:\/\/onedesk.com\/fr\/wp-json\/wp\/v2\/pages\/95143","targetHints":{"allow":["GET"]}}],"collection":[{"href":"https:\/\/onedesk.com\/fr\/wp-json\/wp\/v2\/pages"}],"about":[{"href":"https:\/\/onedesk.com\/fr\/wp-json\/wp\/v2\/types\/page"}],"author":[{"embeddable":true,"href":"https:\/\/onedesk.com\/fr\/wp-json\/wp\/v2\/users\/27"}],"replies":[{"embeddable":true,"href":"https:\/\/onedesk.com\/fr\/wp-json\/wp\/v2\/comments?post=95143"}],"version-history":[{"count":1,"href":"https:\/\/onedesk.com\/fr\/wp-json\/wp\/v2\/pages\/95143\/revisions"}],"predecessor-version":[{"id":101003,"href":"https:\/\/onedesk.com\/fr\/wp-json\/wp\/v2\/pages\/95143\/revisions\/101003"}],"up":[{"embeddable":true,"href":"https:\/\/onedesk.com\/fr\/wp-json\/wp\/v2\/pages\/61069"}],"wp:attachment":[{"href":"https:\/\/onedesk.com\/fr\/wp-json\/wp\/v2\/media?parent=95143"}],"curies":[{"name":"wp","href":"https:\/\/api.w.org\/{rel}","templated":true}]}}