{"id":238532,"date":"2022-07-29T15:07:37","date_gmt":"2022-07-29T15:07:37","guid":{"rendered":"https:\/\/onedesk.com\/obiljezja-indeks\/redovi-e-poste\/"},"modified":"2023-08-08T20:37:50","modified_gmt":"2023-08-08T20:37:50","slug":"redovi-e-poste","status":"publish","type":"page","link":"https:\/\/onedesk.com\/hr\/obiljezja-indeks\/redovi-e-poste\/","title":{"rendered":"Redovi e-po\u0161te"},"content":{"rendered":"\t\t<div data-elementor-type=\"wp-page\" data-elementor-id=\"238532\" class=\"elementor elementor-238532 elementor-163785\" data-elementor-post-type=\"page\">\n\t\t\t\t\t\t<section class=\"elementor-section elementor-top-section elementor-element elementor-element-36dfef6 elementor-section-boxed elementor-section-height-default elementor-section-height-default\" data-id=\"36dfef6\" data-element_type=\"section\" data-e-type=\"section\">\n\t\t\t\t\t\t<div class=\"elementor-container elementor-column-gap-default\">\n\t\t\t\t\t<div class=\"elementor-column elementor-col-100 elementor-top-column elementor-element elementor-element-233b030\" data-id=\"233b030\" data-element_type=\"column\" data-e-type=\"column\">\n\t\t\t<div class=\"elementor-widget-wrap elementor-element-populated\">\n\t\t\t\t\t\t<div class=\"elementor-element elementor-element-9e83950 elementor-widget elementor-widget-heading\" data-id=\"9e83950\" data-element_type=\"widget\" data-e-type=\"widget\" data-widget_type=\"heading.default\">\n\t\t\t\t<div class=\"elementor-widget-container\">\n\t\t\t\t\t<h1 class=\"elementor-heading-title elementor-size-default\">Redovi e-po\u0161te<\/h1>\t\t\t\t<\/div>\n\t\t\t\t<\/div>\n\t\t\t\t<div class=\"elementor-element elementor-element-b912720 elementor-widget elementor-widget-text-editor\" data-id=\"b912720\" data-element_type=\"widget\" data-e-type=\"widget\" data-widget_type=\"text-editor.default\">\n\t\t\t\t<div class=\"elementor-widget-container\">\n\t\t\t\t\t\t\t\t\t<p>Izradite karte s vi\u0161e adresa e-po\u0161te i automatski rutajte sa svake.<\/p>\n\t\t\t\t\t\t\t\t<\/div>\n\t\t\t\t<\/div>\n\t\t\t\t<div class=\"elementor-element elementor-element-91264f2 elementor-align-center elementor-widget elementor-widget-global elementor-global-233731 elementor-global-131872 elementor-widget-button\" data-id=\"91264f2\" data-element_type=\"widget\" data-e-type=\"widget\" data-widget_type=\"button.default\">\n\t\t\t\t<div class=\"elementor-widget-container\">\n\t\t\t\t\t\t\t\t\t<div class=\"elementor-button-wrapper\">\n\t\t\t\t\t<a class=\"elementor-button elementor-button-link elementor-size-lg elementor-animation-grow\" href=\"https:\/\/onedesk.com\/hr\/bez-registracije\/\">\n\t\t\t\t\t\t<span class=\"elementor-button-content-wrapper\">\n\t\t\t\t\t\t\t\t\t<span class=\"elementor-button-text\">Prijavite se besplatno!<\/span>\n\t\t\t\t\t<\/span>\n\t\t\t\t\t<\/a>\n\t\t\t\t<\/div>\n\t\t\t\t\t\t\t\t<\/div>\n\t\t\t\t<\/div>\n\t\t\t\t\t<\/div>\n\t\t<\/div>\n\t\t\t\t\t<\/div>\n\t\t<\/section>\n\t\t\t\t<section class=\"elementor-section elementor-top-section elementor-element elementor-element-f98e6f2 elementor-section-boxed elementor-section-height-default elementor-section-height-default\" data-id=\"f98e6f2\" data-element_type=\"section\" data-e-type=\"section\">\n\t\t\t\t\t\t<div class=\"elementor-container elementor-column-gap-default\">\n\t\t\t\t\t<div class=\"elementor-column elementor-col-50 elementor-top-column elementor-element elementor-element-e4c59ad\" data-id=\"e4c59ad\" data-element_type=\"column\" data-e-type=\"column\">\n\t\t\t<div class=\"elementor-widget-wrap elementor-element-populated\">\n\t\t\t\t\t\t<div class=\"elementor-element elementor-element-32c87ef elementor-widget elementor-widget-image\" data-id=\"32c87ef\" data-element_type=\"widget\" data-e-type=\"widget\" data-widget_type=\"image.default\">\n\t\t\t\t<div class=\"elementor-widget-container\">\n\t\t\t\t\t\t\t\t\t\t\t\t\t\t\t<img fetchpriority=\"high\" decoding=\"async\" width=\"512\" height=\"512\" src=\"https:\/\/onedesk.com\/wp-content\/uploads\/2021\/11\/email-forward.png\" class=\"attachment-large size-large wp-image-230080\" alt=\"Proslje\u0111ivanje e-po\u0161te\" srcset=\"https:\/\/onedesk.com\/wp-content\/uploads\/2021\/11\/email-forward.png 512w, https:\/\/onedesk.com\/wp-content\/uploads\/2021\/11\/email-forward-300x300.png 300w, https:\/\/onedesk.com\/wp-content\/uploads\/2021\/11\/email-forward-150x150.png 150w\" sizes=\"(max-width: 512px) 100vw, 512px\" \/>\t\t\t\t\t\t\t\t\t\t\t\t\t\t\t<\/div>\n\t\t\t\t<\/div>\n\t\t\t\t\t<\/div>\n\t\t<\/div>\n\t\t\t\t<div class=\"elementor-column elementor-col-50 elementor-top-column elementor-element elementor-element-ec59ecc\" data-id=\"ec59ecc\" data-element_type=\"column\" data-e-type=\"column\">\n\t\t\t<div class=\"elementor-widget-wrap elementor-element-populated\">\n\t\t\t\t\t\t<div class=\"elementor-element elementor-element-06cddec elementor-widget elementor-widget-heading\" data-id=\"06cddec\" data-element_type=\"widget\" data-e-type=\"widget\" data-widget_type=\"heading.default\">\n\t\t\t\t<div class=\"elementor-widget-container\">\n\t\t\t\t\t<h2 class=\"elementor-heading-title elementor-size-default\">Vi\u0161estruki redovi \u010dekanja e-po\u0161te<\/h2>\t\t\t\t<\/div>\n\t\t\t\t<\/div>\n\t\t\t\t<div class=\"elementor-element elementor-element-45d17b4 elementor-widget elementor-widget-text-editor\" data-id=\"45d17b4\" data-element_type=\"widget\" data-e-type=\"widget\" data-widget_type=\"text-editor.default\">\n\t\t\t\t<div class=\"elementor-widget-container\">\n\t\t\t\t\t\t\t\t\t<p>OneDesk pru\u017ea vrlo fleksibilne mogu\u0107nosti stvaranja e-po\u0161te do ulaznice i automatskog usmjeravanja. U OneDesku, &#8216;Redovi e-po\u0161te&#8217; odnose se na tok dolazne e-po\u0161te s adrese e-po\u0161te. Kao takva, svaka e-po\u0161ta koju povezujete ili s koje proslje\u0111ujete ima vlastiti &#8216;\u010cek \u010dekanja e-po\u0161te&#8217;.<\/p>\n\t\t\t\t\t\t\t\t<\/div>\n\t\t\t\t<\/div>\n\t\t\t\t<div class=\"elementor-element elementor-element-94e9289 elementor-widget elementor-widget-text-editor\" data-id=\"94e9289\" data-element_type=\"widget\" data-e-type=\"widget\" data-widget_type=\"text-editor.default\">\n\t\t\t\t<div class=\"elementor-widget-container\">\n\t\t\t\t\t\t\t\t\t<p><a href=\"https:\/\/onedesk.com\/email-queues\/\">Konfigurirajte naziv reda e-po\u0161te<\/a> i boju oznake tako da uvijek znate odakle potje\u010du va\u0161e prijave i kamo trebaju i\u0107i.<\/p>\n\t\t\t\t\t\t\t\t<\/div>\n\t\t\t\t<\/div>\n\t\t\t\t\t<\/div>\n\t\t<\/div>\n\t\t\t\t\t<\/div>\n\t\t<\/section>\n\t\t\t\t<section class=\"elementor-section elementor-top-section elementor-element elementor-element-02f7d4f elementor-section-boxed elementor-section-height-default elementor-section-height-default\" data-id=\"02f7d4f\" data-element_type=\"section\" data-e-type=\"section\">\n\t\t\t\t\t\t<div class=\"elementor-container elementor-column-gap-default\">\n\t\t\t\t\t<div class=\"elementor-column elementor-col-50 elementor-top-column elementor-element elementor-element-86f313f\" data-id=\"86f313f\" data-element_type=\"column\" data-e-type=\"column\">\n\t\t\t<div class=\"elementor-widget-wrap elementor-element-populated\">\n\t\t\t\t\t\t<div class=\"elementor-element elementor-element-350238d elementor-widget elementor-widget-heading\" data-id=\"350238d\" data-element_type=\"widget\" data-e-type=\"widget\" data-widget_type=\"heading.default\">\n\t\t\t\t<div class=\"elementor-widget-container\">\n\t\t\t\t\t<h2 class=\"elementor-heading-title elementor-size-default\">Ruta putem \u010dekanja e-po\u0161te<\/h2>\t\t\t\t<\/div>\n\t\t\t\t<\/div>\n\t\t\t\t<div class=\"elementor-element elementor-element-70686cd elementor-widget elementor-widget-text-editor\" data-id=\"70686cd\" data-element_type=\"widget\" data-e-type=\"widget\" data-widget_type=\"text-editor.default\">\n\t\t\t\t<div class=\"elementor-widget-container\">\n\t\t\t\t\t\t\t\t\t<p>U OneDesku je lako postaviti vrlo prilagodljive automatizacije kako bi odgovarale va\u0161im potrebama tijeka rada i u\u0161tedjele vam vrijeme. <\/p>\n<p>Usmjeravanje tiketa mo\u017ee se koristiti za dodjelu tiketa agentima ili timovima, premje\u0161tanje tiketa na projekte, slanje prilago\u0111enih automatskih odgovora i jo\u0161 mnogo toga !<\/p>\n\t\t\t\t\t\t\t\t<\/div>\n\t\t\t\t<\/div>\n\t\t\t\t\t<\/div>\n\t\t<\/div>\n\t\t\t\t<div class=\"elementor-column elementor-col-50 elementor-top-column elementor-element elementor-element-a57842d\" data-id=\"a57842d\" data-element_type=\"column\" data-e-type=\"column\">\n\t\t\t<div class=\"elementor-widget-wrap elementor-element-populated\">\n\t\t\t\t\t\t<div class=\"elementor-element elementor-element-8f1b47b elementor-widget elementor-widget-image\" data-id=\"8f1b47b\" data-element_type=\"widget\" data-e-type=\"widget\" data-widget_type=\"image.default\">\n\t\t\t\t<div class=\"elementor-widget-container\">\n\t\t\t\t\t\t\t\t\t\t\t\t\t\t\t<img decoding=\"async\" width=\"775\" height=\"302\" src=\"https:\/\/onedesk.com\/wp-content\/uploads\/2022\/02\/AssigntoSupportRoute.png\" class=\"attachment-large size-large wp-image-230717\" alt=\"Dodijelite ulaznicu putem \u010dekanja za e-po\u0161tu\" srcset=\"https:\/\/onedesk.com\/wp-content\/uploads\/2022\/02\/AssigntoSupportRoute.png 775w, https:\/\/onedesk.com\/wp-content\/uploads\/2022\/02\/AssigntoSupportRoute-300x117.png 300w, https:\/\/onedesk.com\/wp-content\/uploads\/2022\/02\/AssigntoSupportRoute-768x299.png 768w\" sizes=\"(max-width: 775px) 100vw, 775px\" \/>\t\t\t\t\t\t\t\t\t\t\t\t\t\t\t<\/div>\n\t\t\t\t<\/div>\n\t\t\t\t\t<\/div>\n\t\t<\/div>\n\t\t\t\t\t<\/div>\n\t\t<\/section>\n\t\t\t\t<section class=\"elementor-section elementor-top-section elementor-element elementor-element-b21227d elementor-section-boxed elementor-section-height-default elementor-section-height-default\" data-id=\"b21227d\" data-element_type=\"section\" data-e-type=\"section\">\n\t\t\t\t\t\t<div class=\"elementor-container elementor-column-gap-default\">\n\t\t\t\t\t<div class=\"elementor-column elementor-col-100 elementor-top-column elementor-element elementor-element-1ecadee\" data-id=\"1ecadee\" data-element_type=\"column\" data-e-type=\"column\">\n\t\t\t<div class=\"elementor-widget-wrap elementor-element-populated\">\n\t\t\t\t\t\t<div class=\"elementor-element elementor-element-17b804c elementor-widget elementor-widget-heading\" data-id=\"17b804c\" data-element_type=\"widget\" data-e-type=\"widget\" data-widget_type=\"heading.default\">\n\t\t\t\t<div class=\"elementor-widget-container\">\n\t\t\t\t\t<h2 class=\"elementor-heading-title elementor-size-default\">Sredstva za u\u010denje<\/h2>\t\t\t\t<\/div>\n\t\t\t\t<\/div>\n\t\t\t\t\t<\/div>\n\t\t<\/div>\n\t\t\t\t\t<\/div>\n\t\t<\/section>\n\t\t\t\t<section class=\"elementor-section elementor-top-section elementor-element elementor-element-0721516 elementor-section-boxed elementor-section-height-default elementor-section-height-default\" data-id=\"0721516\" data-element_type=\"section\" data-e-type=\"section\">\n\t\t\t\t\t\t<div class=\"elementor-container elementor-column-gap-default\">\n\t\t\t\t\t<div class=\"elementor-column elementor-col-33 elementor-top-column elementor-element elementor-element-f6dbf20\" data-id=\"f6dbf20\" data-element_type=\"column\" data-e-type=\"column\" data-settings=\"{&quot;background_background&quot;:&quot;classic&quot;}\">\n\t\t\t<div class=\"elementor-widget-wrap elementor-element-populated\">\n\t\t\t\t\t\t<div class=\"elementor-element elementor-element-7e6a753 elementor-widget elementor-widget-heading\" data-id=\"7e6a753\" data-element_type=\"widget\" data-e-type=\"widget\" data-widget_type=\"heading.default\">\n\t\t\t\t<div class=\"elementor-widget-container\">\n\t\t\t\t\t<h3 class=\"elementor-heading-title elementor-size-default\"><a href=\"https:\/\/kb.onedesk.com\/app-od\/o-onedesk\/knowledge-base-1\/article-2c4d8949-cae6-4528-b4f1-672aab8715da\">E-mail na kartu<\/a><\/h3>\t\t\t\t<\/div>\n\t\t\t\t<\/div>\n\t\t\t\t<div class=\"elementor-element elementor-element-df90bcd elementor-widget elementor-widget-text-editor\" data-id=\"df90bcd\" data-element_type=\"widget\" data-e-type=\"widget\" data-widget_type=\"text-editor.default\">\n\t\t\t\t<div class=\"elementor-widget-container\">\n\t\t\t\t\t\t\t\t\t<p>Automatski kreirajte ulaznice iz pristigle e-po\u0161te.<\/p>\n<p><strong><a href=\"https:\/\/kb.onedesk.com\/app-od\/o-onedesk\/knowledge-base-1\/article-2c4d8949-cae6-4528-b4f1-672aab8715da\">Saznajte vi\u0161e&gt;&gt;<\/a><\/strong><\/p>\n\t\t\t\t\t\t\t\t<\/div>\n\t\t\t\t<\/div>\n\t\t\t\t\t<\/div>\n\t\t<\/div>\n\t\t\t\t<div class=\"elementor-column elementor-col-33 elementor-top-column elementor-element elementor-element-0f380f8\" data-id=\"0f380f8\" data-element_type=\"column\" data-e-type=\"column\" data-settings=\"{&quot;background_background&quot;:&quot;classic&quot;}\">\n\t\t\t<div class=\"elementor-widget-wrap elementor-element-populated\">\n\t\t\t\t\t\t<div class=\"elementor-element elementor-element-330f6ba elementor-widget elementor-widget-heading\" data-id=\"330f6ba\" data-element_type=\"widget\" data-e-type=\"widget\" data-widget_type=\"heading.default\">\n\t\t\t\t<div class=\"elementor-widget-container\">\n\t\t\t\t\t<h3 class=\"elementor-heading-title elementor-size-default\"><a href=\"https:\/\/kb.onedesk.com\/app-od\/o-onedesk\/knowledge-base-1\/article-d435fbae-ebe9-45fd-9bc4-6b46a1fca579\">O redovima e-po\u0161te<\/a><\/h3>\t\t\t\t<\/div>\n\t\t\t\t<\/div>\n\t\t\t\t<div class=\"elementor-element elementor-element-38c3786 elementor-widget elementor-widget-text-editor\" data-id=\"38c3786\" data-element_type=\"widget\" data-e-type=\"widget\" data-widget_type=\"text-editor.default\">\n\t\t\t\t<div class=\"elementor-widget-container\">\n\t\t\t\t\t\t\t\t\t<p>\u0160to su redovi e-po\u0161te u OneDesku i kako ih mogu koristiti?<\/p>\n<p><strong><a href=\"https:\/\/kb.onedesk.com\/app-od\/o-onedesk\/knowledge-base-1\/article-d435fbae-ebe9-45fd-9bc4-6b46a1fca579\">Saznajte vi\u0161e&gt;&gt;<\/a><\/strong><\/p>\n\t\t\t\t\t\t\t\t<\/div>\n\t\t\t\t<\/div>\n\t\t\t\t\t<\/div>\n\t\t<\/div>\n\t\t\t\t<div class=\"elementor-column elementor-col-33 elementor-top-column elementor-element elementor-element-c079b18\" data-id=\"c079b18\" data-element_type=\"column\" data-e-type=\"column\" data-settings=\"{&quot;background_background&quot;:&quot;classic&quot;}\">\n\t\t\t<div class=\"elementor-widget-wrap elementor-element-populated\">\n\t\t\t\t\t\t<div class=\"elementor-element elementor-element-433288d elementor-widget elementor-widget-heading\" data-id=\"433288d\" data-element_type=\"widget\" data-e-type=\"widget\" data-widget_type=\"heading.default\">\n\t\t\t\t<div class=\"elementor-widget-container\">\n\t\t\t\t\t<h3 class=\"elementor-heading-title elementor-size-default\"><a href=\"https:\/\/kb.onedesk.com\/app-od\/o-onedesk\/knowledge-base-1\/article-44b65d90-017c-4e1d-8481-997d81dd65b2\">Postavke e-po\u0161te<\/a><\/h3>\t\t\t\t<\/div>\n\t\t\t\t<\/div>\n\t\t\t\t<div class=\"elementor-element elementor-element-6278555 elementor-widget elementor-widget-text-editor\" data-id=\"6278555\" data-element_type=\"widget\" data-e-type=\"widget\" data-widget_type=\"text-editor.default\">\n\t\t\t\t<div class=\"elementor-widget-container\">\n\t\t\t\t\t\t\t\t\t<p>Konfigurirajte postavke odlazne i dolazne e-po\u0161te.  <\/p>\n<p><strong><a href=\"https:\/\/kb.onedesk.com\/app-od\/o-onedesk\/knowledge-base-1\/article-44b65d90-017c-4e1d-8481-997d81dd65b2\">Saznajte vi\u0161e&gt;&gt;<\/a><\/strong><\/p>\n\t\t\t\t\t\t\t\t<\/div>\n\t\t\t\t<\/div>\n\t\t\t\t\t<\/div>\n\t\t<\/div>\n\t\t\t\t\t<\/div>\n\t\t<\/section>\n\t\t\t\t<\/div>\n\t\t","protected":false},"excerpt":{"rendered":"<p>Redovi e-po\u0161te Izradite karte s vi\u0161e adresa e-po\u0161te i automatski rutajte sa svake. Sign up free! Vi\u0161estruki redovi \u010dekanja e-po\u0161te OneDesk pru\u017ea vrlo fleksibilne mogu\u0107nosti stvaranja e-po\u0161te do ulaznice i automatskog usmjeravanja. U OneDesku, &#8216;Redovi e-po\u0161te&#8217; odnose se na tok dolazne e-po\u0161te s adrese e-po\u0161te. Kao takva, svaka e-po\u0161ta koju povezujete ili s koje proslje\u0111ujete [&hellip;]<\/p>\n","protected":false},"author":30,"featured_media":0,"parent":235288,"menu_order":0,"comment_status":"closed","ping_status":"closed","template":"","meta":{"tpgb_global_settings":"","_crdt_document":"","inline_featured_image":false,"site-sidebar-layout":"no-sidebar","site-content-layout":"page-builder","ast-site-content-layout":"default","site-content-style":"default","site-sidebar-style":"default","ast-global-header-display":"","ast-banner-title-visibility":"","ast-main-header-display":"","ast-hfb-above-header-display":"","ast-hfb-below-header-display":"","ast-hfb-mobile-header-display":"","site-post-title":"disabled","ast-breadcrumbs-content":"","ast-featured-img":"disabled","footer-sml-layout":"","ast-disable-related-posts":"","theme-transparent-header-meta":"","adv-header-id-meta":"","stick-header-meta":"","header-above-stick-meta":"","header-main-stick-meta":"","header-below-stick-meta":"","astra-migrate-meta-layouts":"default","ast-page-background-enabled":"default","ast-page-background-meta":{"desktop":{"background-color":"var(--ast-global-color-4)","background-image":"","background-repeat":"repeat","background-position":"center center","background-size":"auto","background-attachment":"scroll","background-type":"","background-media":"","overlay-type":"","overlay-color":"","overlay-opacity":"","overlay-gradient":""},"tablet":{"background-color":"","background-image":"","background-repeat":"repeat","background-position":"center center","background-size":"auto","background-attachment":"scroll","background-type":"","background-media":"","overlay-type":"","overlay-color":"","overlay-opacity":"","overlay-gradient":""},"mobile":{"background-color":"","background-image":"","background-repeat":"repeat","background-position":"center center","background-size":"auto","background-attachment":"scroll","background-type":"","background-media":"","overlay-type":"","overlay-color":"","overlay-opacity":"","overlay-gradient":""}},"ast-content-background-meta":{"desktop":{"background-color":"var(--ast-global-color-5)","background-image":"","background-repeat":"repeat","background-position":"center center","background-size":"auto","background-attachment":"scroll","background-type":"","background-media":"","overlay-type":"","overlay-color":"","overlay-opacity":"","overlay-gradient":""},"tablet":{"background-color":"var(--ast-global-color-5)","background-image":"","background-repeat":"repeat","background-position":"center center","background-size":"auto","background-attachment":"scroll","background-type":"","background-media":"","overlay-type":"","overlay-color":"","overlay-opacity":"","overlay-gradient":""},"mobile":{"background-color":"var(--ast-global-color-5)","background-image":"","background-repeat":"repeat","background-position":"center center","background-size":"auto","background-attachment":"scroll","background-type":"","background-media":"","overlay-type":"","overlay-color":"","overlay-opacity":"","overlay-gradient":""}},"footnotes":""},"class_list":["post-238532","page","type-page","status-publish","hentry"],"yoast_head":"<!-- This site is optimized with the Yoast SEO Premium plugin v27.3 (Yoast SEO v27.3) - https:\/\/yoast.com\/product\/yoast-seo-premium-wordpress\/ -->\n<title>Redovi e-po\u0161te | Zna\u010dajke | OneDesk Help Desk &amp; PM<\/title>\n<meta name=\"description\" content=\"OneDesk vam omogu\u0107uje kori\u0161tenje vi\u0161e e-poruka za izradu ulaznica, konfiguriranje redova i automatsko usmjeravanje ovisno o adresi e-po\u0161te.\" \/>\n<meta name=\"robots\" content=\"index, follow, max-snippet:-1, max-image-preview:large, max-video-preview:-1\" \/>\n<link rel=\"canonical\" href=\"https:\/\/onedesk.com\/hr\/obiljezja-indeks\/redovi-e-poste\/\" \/>\n<meta property=\"og:locale\" content=\"hr_HR\" \/>\n<meta property=\"og:type\" content=\"article\" \/>\n<meta property=\"og:title\" content=\"Redovi e-po\u0161te | Zna\u010dajke | OneDesk Help Desk &amp; PM\" \/>\n<meta property=\"og:description\" content=\"OneDesk vam omogu\u0107uje kori\u0161tenje vi\u0161e e-poruka za izradu ulaznica, konfiguriranje redova i automatsko usmjeravanje ovisno o adresi e-po\u0161te.\" \/>\n<meta property=\"og:url\" content=\"https:\/\/onedesk.com\/hr\/obiljezja-indeks\/redovi-e-poste\/\" \/>\n<meta property=\"og:site_name\" content=\"OneDesk\" \/>\n<meta property=\"article:publisher\" content=\"https:\/\/www.facebook.com\/OneDeskApp\" \/>\n<meta property=\"article:modified_time\" content=\"2023-08-08T20:37:50+00:00\" \/>\n<meta property=\"og:image\" content=\"https:\/\/onedesk.com\/wp-content\/uploads\/2021\/11\/email-forward.png\" \/>\n<meta name=\"twitter:card\" content=\"summary_large_image\" \/>\n<meta name=\"twitter:site\" content=\"@OneDeskApp\" \/>\n<meta name=\"twitter:label1\" content=\"Est. reading time\" \/>\n\t<meta name=\"twitter:data1\" content=\"1 minute\" \/>\n<!-- \/ Yoast SEO Premium plugin. -->","yoast_head_json":{"title":"Redovi e-po\u0161te | Zna\u010dajke | OneDesk Help Desk & PM","description":"OneDesk vam omogu\u0107uje kori\u0161tenje vi\u0161e e-poruka za izradu ulaznica, konfiguriranje redova i automatsko usmjeravanje ovisno o adresi e-po\u0161te.","robots":{"index":"index","follow":"follow","max-snippet":"max-snippet:-1","max-image-preview":"max-image-preview:large","max-video-preview":"max-video-preview:-1"},"canonical":"https:\/\/onedesk.com\/hr\/obiljezja-indeks\/redovi-e-poste\/","og_locale":"hr_HR","og_type":"article","og_title":"Redovi e-po\u0161te | Zna\u010dajke | OneDesk Help Desk & PM","og_description":"OneDesk vam omogu\u0107uje kori\u0161tenje vi\u0161e e-poruka za izradu ulaznica, konfiguriranje redova i automatsko usmjeravanje ovisno o adresi e-po\u0161te.","og_url":"https:\/\/onedesk.com\/hr\/obiljezja-indeks\/redovi-e-poste\/","og_site_name":"OneDesk","article_publisher":"https:\/\/www.facebook.com\/OneDeskApp","article_modified_time":"2023-08-08T20:37:50+00:00","og_image":[{"url":"https:\/\/onedesk.com\/wp-content\/uploads\/2021\/11\/email-forward.png","type":"","width":"","height":""}],"twitter_card":"summary_large_image","twitter_site":"@OneDeskApp","twitter_misc":{"Est. reading time":"1 minute"},"schema":{"@context":"https:\/\/schema.org","@graph":[{"@type":"WebPage","@id":"https:\/\/onedesk.com\/hr\/obiljezja-indeks\/redovi-e-poste\/","url":"https:\/\/onedesk.com\/hr\/obiljezja-indeks\/redovi-e-poste\/","name":"Redovi e-po\u0161te | Zna\u010dajke | OneDesk Help Desk & PM","isPartOf":{"@id":"https:\/\/onedesk.com\/hr\/#website"},"primaryImageOfPage":{"@id":"https:\/\/onedesk.com\/hr\/obiljezja-indeks\/redovi-e-poste\/#primaryimage"},"image":{"@id":"https:\/\/onedesk.com\/hr\/obiljezja-indeks\/redovi-e-poste\/#primaryimage"},"thumbnailUrl":"https:\/\/onedesk.com\/wp-content\/uploads\/2021\/11\/email-forward.png","datePublished":"2022-07-29T15:07:37+00:00","dateModified":"2023-08-08T20:37:50+00:00","description":"OneDesk vam omogu\u0107uje kori\u0161tenje vi\u0161e e-poruka za izradu ulaznica, konfiguriranje redova i automatsko usmjeravanje ovisno o adresi e-po\u0161te.","breadcrumb":{"@id":"https:\/\/onedesk.com\/hr\/obiljezja-indeks\/redovi-e-poste\/#breadcrumb"},"inLanguage":"hr","potentialAction":[{"@type":"ReadAction","target":["https:\/\/onedesk.com\/hr\/obiljezja-indeks\/redovi-e-poste\/"]}]},{"@type":"ImageObject","inLanguage":"hr","@id":"https:\/\/onedesk.com\/hr\/obiljezja-indeks\/redovi-e-poste\/#primaryimage","url":"https:\/\/onedesk.com\/wp-content\/uploads\/2021\/11\/email-forward.png","contentUrl":"https:\/\/onedesk.com\/wp-content\/uploads\/2021\/11\/email-forward.png"},{"@type":"BreadcrumbList","@id":"https:\/\/onedesk.com\/hr\/obiljezja-indeks\/redovi-e-poste\/#breadcrumb","itemListElement":[{"@type":"ListItem","position":1,"name":"Indeks zna\u010dajki OneDeska","item":"https:\/\/onedesk.com\/hr\/obiljezja-indeks\/"},{"@type":"ListItem","position":2,"name":"Redovi e-po\u0161te"}]},{"@type":"WebSite","@id":"https:\/\/onedesk.com\/hr\/#website","url":"https:\/\/onedesk.com\/hr\/","name":"OneDesk","description":"Project Management &amp; Helpdesk Software","publisher":{"@id":"https:\/\/onedesk.com\/hr\/#organization"},"potentialAction":[{"@type":"SearchAction","target":{"@type":"EntryPoint","urlTemplate":"https:\/\/onedesk.com\/hr\/?s={search_term_string}"},"query-input":{"@type":"PropertyValueSpecification","valueRequired":true,"valueName":"search_term_string"}}],"inLanguage":"hr"},{"@type":"Organization","@id":"https:\/\/onedesk.com\/hr\/#organization","name":"OneDesk","url":"https:\/\/onedesk.com\/hr\/","logo":{"@type":"ImageObject","inLanguage":"hr","@id":"https:\/\/onedesk.com\/hr\/#\/schema\/logo\/image\/","url":"https:\/\/onedesk.com\/wp-content\/uploads\/2016\/01\/white-logo-small.png","contentUrl":"https:\/\/onedesk.com\/wp-content\/uploads\/2016\/01\/white-logo-small.png","width":207,"height":40,"caption":"OneDesk"},"image":{"@id":"https:\/\/onedesk.com\/hr\/#\/schema\/logo\/image\/"},"sameAs":["https:\/\/www.facebook.com\/OneDeskApp","https:\/\/x.com\/OneDeskApp","https:\/\/www.instagram.com\/onedeskapp\/","https:\/\/www.linkedin.com\/company\/onedesk-inc-1","https:\/\/www.pinterest.com\/onedesk\/","https:\/\/www.youtube.com\/user\/OneDeskApp"]}]}},"tpgb_featured_images":null,"tpgb_post_meta_info":{"get_date":"July 29, 2022","get_modified_date":"August 8, 2023","author_name":"Erin Richardson","author_url":"https:\/\/onedesk.com\/hr\/author\/erin-richardsononedesk-com\/","author_email":"erin.richardson@onedesk.com","author_website":"","author_description":"","author_facebook":"","author_twitter":"","author_instagram":"","author_role":["administrator"],"author_firstname":"Erin","author_lastname":"Richardson","user_login":"erin.richardson@onedesk.com","author_avatar":"<img alt='' src='https:\/\/secure.gravatar.com\/avatar\/5b43ac2756efc1d5aa46746163fa71ceee43f42a78652ebc70940d512d77cba0?s=200&#038;d=mm&#038;r=g' srcset='https:\/\/secure.gravatar.com\/avatar\/5b43ac2756efc1d5aa46746163fa71ceee43f42a78652ebc70940d512d77cba0?s=400&#038;d=mm&#038;r=g 2x' class='avatar avatar-200 photo' height='200' width='200' decoding='async'\/>","author_avatar_url":"https:\/\/secure.gravatar.com\/avatar\/5b43ac2756efc1d5aa46746163fa71ceee43f42a78652ebc70940d512d77cba0?s=96&d=mm&r=g","comment_count":0,"post_likes":0,"post_views":0},"tpgb_post_category":[],"jetpack_shortlink":"https:\/\/wp.me\/PfpPaI-103i","amp_enabled":true,"_links":{"self":[{"href":"https:\/\/onedesk.com\/hr\/wp-json\/wp\/v2\/pages\/238532","targetHints":{"allow":["GET"]}}],"collection":[{"href":"https:\/\/onedesk.com\/hr\/wp-json\/wp\/v2\/pages"}],"about":[{"href":"https:\/\/onedesk.com\/hr\/wp-json\/wp\/v2\/types\/page"}],"author":[{"embeddable":true,"href":"https:\/\/onedesk.com\/hr\/wp-json\/wp\/v2\/users\/30"}],"replies":[{"embeddable":true,"href":"https:\/\/onedesk.com\/hr\/wp-json\/wp\/v2\/comments?post=238532"}],"version-history":[{"count":3,"href":"https:\/\/onedesk.com\/hr\/wp-json\/wp\/v2\/pages\/238532\/revisions"}],"predecessor-version":[{"id":255246,"href":"https:\/\/onedesk.com\/hr\/wp-json\/wp\/v2\/pages\/238532\/revisions\/255246"}],"up":[{"embeddable":true,"href":"https:\/\/onedesk.com\/hr\/wp-json\/wp\/v2\/pages\/235288"}],"wp:attachment":[{"href":"https:\/\/onedesk.com\/hr\/wp-json\/wp\/v2\/media?parent=238532"}],"curies":[{"name":"wp","href":"https:\/\/api.w.org\/{rel}","templated":true}]}}