{"id":243053,"date":"2022-11-09T15:24:54","date_gmt":"2022-11-09T15:24:54","guid":{"rendered":"https:\/\/onedesk.com\/obiljezja-indeks\/visejezicna-sposobnost\/"},"modified":"2023-08-08T19:00:46","modified_gmt":"2023-08-08T19:00:46","slug":"visejezicna-sposobnost","status":"publish","type":"page","link":"https:\/\/onedesk.com\/hr\/obiljezja-indeks\/visejezicna-sposobnost\/","title":{"rendered":"Vi\u0161ejezi\u010dna mogu\u0107nost"},"content":{"rendered":"\t\t<div data-elementor-type=\"wp-page\" data-elementor-id=\"243053\" class=\"elementor elementor-243053 elementor-101055\" data-elementor-post-type=\"page\">\n\t\t\t\t\t\t<section class=\"elementor-section elementor-top-section elementor-element elementor-element-1737df6a elementor-section-boxed elementor-section-height-default elementor-section-height-default\" data-id=\"1737df6a\" data-element_type=\"section\" data-e-type=\"section\">\n\t\t\t\t\t\t<div class=\"elementor-container elementor-column-gap-default\">\n\t\t\t\t\t<div class=\"elementor-column elementor-col-100 elementor-top-column elementor-element elementor-element-204cecf9\" data-id=\"204cecf9\" data-element_type=\"column\" data-e-type=\"column\">\n\t\t\t<div class=\"elementor-widget-wrap elementor-element-populated\">\n\t\t\t\t\t\t<div class=\"elementor-element elementor-element-4837a0fc elementor-widget elementor-widget-heading\" data-id=\"4837a0fc\" data-element_type=\"widget\" data-e-type=\"widget\" data-widget_type=\"heading.default\">\n\t\t\t\t<div class=\"elementor-widget-container\">\n\t\t\t\t\t<h2 class=\"elementor-heading-title elementor-size-default\">Vi\u0161ejezi\u010dna mogu\u0107nost<\/h2>\t\t\t\t<\/div>\n\t\t\t\t<\/div>\n\t\t\t\t<div class=\"elementor-element elementor-element-2dc676af elementor-widget elementor-widget-text-editor\" data-id=\"2dc676af\" data-element_type=\"widget\" data-e-type=\"widget\" data-widget_type=\"text-editor.default\">\n\t\t\t\t<div class=\"elementor-widget-container\">\n\t\t\t\t\t\t\t\t\t<p>Radite na jeziku po svom izboru. <\/p>\n\t\t\t\t\t\t\t\t<\/div>\n\t\t\t\t<\/div>\n\t\t\t\t<div class=\"elementor-element elementor-element-2b9f41c elementor-align-center elementor-widget elementor-widget-global elementor-global-233731 elementor-global-131872 elementor-widget-button\" data-id=\"2b9f41c\" data-element_type=\"widget\" data-e-type=\"widget\" data-widget_type=\"button.default\">\n\t\t\t\t<div class=\"elementor-widget-container\">\n\t\t\t\t\t\t\t\t\t<div class=\"elementor-button-wrapper\">\n\t\t\t\t\t<a class=\"elementor-button elementor-button-link elementor-size-lg elementor-animation-grow\" href=\"https:\/\/onedesk.com\/hr\/bez-registracije\/\">\n\t\t\t\t\t\t<span class=\"elementor-button-content-wrapper\">\n\t\t\t\t\t\t\t\t\t<span class=\"elementor-button-text\">Prijavite se besplatno!<\/span>\n\t\t\t\t\t<\/span>\n\t\t\t\t\t<\/a>\n\t\t\t\t<\/div>\n\t\t\t\t\t\t\t\t<\/div>\n\t\t\t\t<\/div>\n\t\t\t\t\t<\/div>\n\t\t<\/div>\n\t\t\t\t\t<\/div>\n\t\t<\/section>\n\t\t\t\t<section class=\"elementor-section elementor-top-section elementor-element elementor-element-cb52e72 elementor-section-boxed elementor-section-height-default elementor-section-height-default\" data-id=\"cb52e72\" data-element_type=\"section\" data-e-type=\"section\">\n\t\t\t\t\t\t<div class=\"elementor-container elementor-column-gap-default\">\n\t\t\t\t\t<div class=\"elementor-column elementor-col-50 elementor-top-column elementor-element elementor-element-41273f6b\" data-id=\"41273f6b\" data-element_type=\"column\" data-e-type=\"column\">\n\t\t\t<div class=\"elementor-widget-wrap elementor-element-populated\">\n\t\t\t\t\t\t<div class=\"elementor-element elementor-element-f634b1d elementor-widget elementor-widget-image\" data-id=\"f634b1d\" data-element_type=\"widget\" data-e-type=\"widget\" data-widget_type=\"image.default\">\n\t\t\t\t<div class=\"elementor-widget-container\">\n\t\t\t\t\t\t\t\t\t\t\t\t\t\t\t<img fetchpriority=\"high\" decoding=\"async\" width=\"1024\" height=\"1019\" src=\"https:\/\/onedesk.com\/wp-content\/uploads\/2021\/05\/Multi-Language-Capability-1024x1019.png\" class=\"attachment-large size-large wp-image-217348\" alt=\"\" srcset=\"https:\/\/onedesk.com\/wp-content\/uploads\/2021\/05\/Multi-Language-Capability-1024x1019.png 1024w, https:\/\/onedesk.com\/wp-content\/uploads\/2021\/05\/Multi-Language-Capability-300x298.png 300w, https:\/\/onedesk.com\/wp-content\/uploads\/2021\/05\/Multi-Language-Capability-150x150.png 150w, https:\/\/onedesk.com\/wp-content\/uploads\/2021\/05\/Multi-Language-Capability-768x764.png 768w, https:\/\/onedesk.com\/wp-content\/uploads\/2021\/05\/Multi-Language-Capability-302x300.png 302w, https:\/\/onedesk.com\/wp-content\/uploads\/2021\/05\/Multi-Language-Capability-905x900.png 905w, https:\/\/onedesk.com\/wp-content\/uploads\/2021\/05\/Multi-Language-Capability-255x254.png 255w, https:\/\/onedesk.com\/wp-content\/uploads\/2021\/05\/Multi-Language-Capability-80x80.png 80w, https:\/\/onedesk.com\/wp-content\/uploads\/2021\/05\/Multi-Language-Capability-40x40.png 40w, https:\/\/onedesk.com\/wp-content\/uploads\/2021\/05\/Multi-Language-Capability-60x60.png 60w, https:\/\/onedesk.com\/wp-content\/uploads\/2021\/05\/Multi-Language-Capability-480x477.png 480w, https:\/\/onedesk.com\/wp-content\/uploads\/2021\/05\/Multi-Language-Capability-500x497.png 500w, https:\/\/onedesk.com\/wp-content\/uploads\/2021\/05\/Multi-Language-Capability-750x746.png 750w, https:\/\/onedesk.com\/wp-content\/uploads\/2021\/05\/Multi-Language-Capability-360x358.png 360w, https:\/\/onedesk.com\/wp-content\/uploads\/2021\/05\/Multi-Language-Capability.png 1508w\" sizes=\"(max-width: 1024px) 100vw, 1024px\" \/>\t\t\t\t\t\t\t\t\t\t\t\t\t\t\t<\/div>\n\t\t\t\t<\/div>\n\t\t\t\t\t<\/div>\n\t\t<\/div>\n\t\t\t\t<div class=\"elementor-column elementor-col-50 elementor-top-column elementor-element elementor-element-222523bc\" data-id=\"222523bc\" data-element_type=\"column\" data-e-type=\"column\">\n\t\t\t<div class=\"elementor-widget-wrap elementor-element-populated\">\n\t\t\t\t\t\t<div class=\"elementor-element elementor-element-eaba348 elementor-widget elementor-widget-heading\" data-id=\"eaba348\" data-element_type=\"widget\" data-e-type=\"widget\" data-widget_type=\"heading.default\">\n\t\t\t\t<div class=\"elementor-widget-container\">\n\t\t\t\t\t<h2 class=\"elementor-heading-title elementor-size-default\">Postavite svoje jezi\u010dne postavke <\/h2>\t\t\t\t<\/div>\n\t\t\t\t<\/div>\n\t\t\t\t<div class=\"elementor-element elementor-element-106d5c96 elementor-widget elementor-widget-text-editor\" data-id=\"106d5c96\" data-element_type=\"widget\" data-e-type=\"widget\" data-widget_type=\"text-editor.default\">\n\t\t\t\t<div class=\"elementor-widget-container\">\n\t\t\t\t\t\t\t\t\t<p>OneDesk vam omogu\u0107uje promjenu <a href=\"https:\/\/onedesk.com\/hr\/visejezicna-podrska\/\">jezika<\/a> su\u010delja na razini <a href=\"https:\/\/onedesk.com\/features-index\/company-preferences\/\">tvrtke<\/a> , korisnika i korisnika. To vam omogu\u0107uje sljede\u0107e:<\/p>\n<ul>\n<li>Uskladite jezik su\u010delja OneDeska s preferencijama jezika va\u0161e tvrtke.<\/li>\n<li>Dopustite korisnicima da odaberu \u017eeljeni jezik su\u010delja ako je va\u0161a tvrtka vi\u0161ejezi\u010dna.<\/li>\n<li>Pobolj\u0161ajte korisni\u010dko iskustvo dopu\u0161taju\u0107i im da odaberu \u017eeljeni jezik u <a href=\"https:\/\/onedesk.com\/hr\/dodajte-aplikacije-na-svoju-web-stranicu\/\">korisni\u010dkim aplikacijama<\/a><\/li>\n<\/ul>\n\t\t\t\t\t\t\t\t<\/div>\n\t\t\t\t<\/div>\n\t\t\t\t\t<\/div>\n\t\t<\/div>\n\t\t\t\t\t<\/div>\n\t\t<\/section>\n\t\t\t\t<section class=\"elementor-section elementor-top-section elementor-element elementor-element-5cd4721 elementor-section-boxed elementor-section-height-default elementor-section-height-default\" data-id=\"5cd4721\" data-element_type=\"section\" data-e-type=\"section\">\n\t\t\t\t\t\t<div class=\"elementor-container elementor-column-gap-default\">\n\t\t\t\t\t<div class=\"elementor-column elementor-col-100 elementor-top-column elementor-element elementor-element-bebaeee\" data-id=\"bebaeee\" data-element_type=\"column\" data-e-type=\"column\">\n\t\t\t<div class=\"elementor-widget-wrap elementor-element-populated\">\n\t\t\t\t\t\t<div class=\"elementor-element elementor-element-ad413eb elementor-widget elementor-widget-heading\" data-id=\"ad413eb\" data-element_type=\"widget\" data-e-type=\"widget\" data-widget_type=\"heading.default\">\n\t\t\t\t<div class=\"elementor-widget-container\">\n\t\t\t\t\t<h2 class=\"elementor-heading-title elementor-size-default\">Sredstva za u\u010denje<\/h2>\t\t\t\t<\/div>\n\t\t\t\t<\/div>\n\t\t\t\t\t<\/div>\n\t\t<\/div>\n\t\t\t\t\t<\/div>\n\t\t<\/section>\n\t\t\t\t<section class=\"elementor-section elementor-top-section elementor-element elementor-element-b416c2b elementor-section-boxed elementor-section-height-default elementor-section-height-default\" data-id=\"b416c2b\" data-element_type=\"section\" data-e-type=\"section\">\n\t\t\t\t\t\t<div class=\"elementor-container elementor-column-gap-default\">\n\t\t\t\t\t<div class=\"elementor-column elementor-col-50 elementor-top-column elementor-element elementor-element-8dd41a9\" data-id=\"8dd41a9\" data-element_type=\"column\" data-e-type=\"column\" data-settings=\"{&quot;background_background&quot;:&quot;classic&quot;}\">\n\t\t\t<div class=\"elementor-widget-wrap elementor-element-populated\">\n\t\t\t\t\t\t<div class=\"elementor-element elementor-element-5fad198 elementor-widget elementor-widget-heading\" data-id=\"5fad198\" data-element_type=\"widget\" data-e-type=\"widget\" data-widget_type=\"heading.default\">\n\t\t\t\t<div class=\"elementor-widget-container\">\n\t\t\t\t\t<h3 class=\"elementor-heading-title elementor-size-default\"><a href=\"https:\/\/kb.onedesk.com\/app-od\/o-onedesk\/knowledge-base-1\/article-7bcc3927-3076-48d9-905c-c3ce833f2961\">Postavke jezika<\/a><\/h3>\t\t\t\t<\/div>\n\t\t\t\t<\/div>\n\t\t\t\t<div class=\"elementor-element elementor-element-1b61330 elementor-widget elementor-widget-text-editor\" data-id=\"1b61330\" data-element_type=\"widget\" data-e-type=\"widget\" data-widget_type=\"text-editor.default\">\n\t\t\t\t<div class=\"elementor-widget-container\">\n\t\t\t\t\t\t\t\t\t<p>Postavite svoj jezik na razini tvrtke, agenta ili klijenta. <\/p>\n<p><a href=\"https:\/\/kb.onedesk.com\/app-od\/o-onedesk\/knowledge-base-1\/article-7bcc3927-3076-48d9-905c-c3ce833f2961\"><strong>Saznajte vi\u0161e&gt;&gt;<\/strong><\/a><\/p>\n\t\t\t\t\t\t\t\t<\/div>\n\t\t\t\t<\/div>\n\t\t\t\t\t<\/div>\n\t\t<\/div>\n\t\t\t\t<div class=\"elementor-column elementor-col-50 elementor-top-column elementor-element elementor-element-be968af\" data-id=\"be968af\" data-element_type=\"column\" data-e-type=\"column\" data-settings=\"{&quot;background_background&quot;:&quot;classic&quot;}\">\n\t\t\t<div class=\"elementor-widget-wrap elementor-element-populated\">\n\t\t\t\t\t\t<div class=\"elementor-element elementor-element-7497f0b elementor-widget elementor-widget-heading\" data-id=\"7497f0b\" data-element_type=\"widget\" data-e-type=\"widget\" data-widget_type=\"heading.default\">\n\t\t\t\t<div class=\"elementor-widget-container\">\n\t\t\t\t\t<h3 class=\"elementor-heading-title elementor-size-default\"><a href=\"https:\/\/kb.onedesk.com\/app-od\/o-onedesk\/knowledge-base-1\/article-ae3e3b56-14f6-440e-853c-2046cd9c75e6\">Kanali komunikacije s kupcima<\/a><\/h3>\t\t\t\t<\/div>\n\t\t\t\t<\/div>\n\t\t\t\t<div class=\"elementor-element elementor-element-b300ed0 elementor-widget elementor-widget-text-editor\" data-id=\"b300ed0\" data-element_type=\"widget\" data-e-type=\"widget\" data-widget_type=\"text-editor.default\">\n\t\t\t\t<div class=\"elementor-widget-container\">\n\t\t\t\t\t\t\t\t\t<p>Komunicirajte sa svojim klijentima ili krajnjim korisnicima putem razli\u010ditih kanala.<\/p>\n<p><a href=\"https:\/\/kb.onedesk.com\/app-od\/o-onedesk\/knowledge-base-1\/article-ae3e3b56-14f6-440e-853c-2046cd9c75e6\"><strong>Saznajte vi\u0161e&gt;&gt;<\/strong><\/a><\/p>\n\t\t\t\t\t\t\t\t<\/div>\n\t\t\t\t<\/div>\n\t\t\t\t\t<\/div>\n\t\t<\/div>\n\t\t\t\t\t<\/div>\n\t\t<\/section>\n\t\t\t\t<\/div>\n\t\t","protected":false},"excerpt":{"rendered":"<p>Vi\u0161ejezi\u010dna mogu\u0107nost Radite na jeziku po svom izboru. Sign up free! Postavite svoje jezi\u010dne postavke OneDesk vam omogu\u0107uje promjenu jezika su\u010delja na razini tvrtke , korisnika i korisnika. To vam omogu\u0107uje sljede\u0107e: Uskladite jezik su\u010delja OneDeska s preferencijama jezika va\u0161e tvrtke. Dopustite korisnicima da odaberu \u017eeljeni jezik su\u010delja ako je va\u0161a tvrtka vi\u0161ejezi\u010dna. Pobolj\u0161ajte korisni\u010dko [&hellip;]<\/p>\n","protected":false},"author":30,"featured_media":0,"parent":235288,"menu_order":21,"comment_status":"closed","ping_status":"closed","template":"","meta":{"tpgb_global_settings":"","_crdt_document":"","inline_featured_image":false,"site-sidebar-layout":"default","site-content-layout":"","ast-site-content-layout":"default","site-content-style":"default","site-sidebar-style":"default","ast-global-header-display":"","ast-banner-title-visibility":"","ast-main-header-display":"","ast-hfb-above-header-display":"","ast-hfb-below-header-display":"","ast-hfb-mobile-header-display":"","site-post-title":"","ast-breadcrumbs-content":"","ast-featured-img":"","footer-sml-layout":"","ast-disable-related-posts":"","theme-transparent-header-meta":"","adv-header-id-meta":"","stick-header-meta":"","header-above-stick-meta":"","header-main-stick-meta":"","header-below-stick-meta":"","astra-migrate-meta-layouts":"default","ast-page-background-enabled":"default","ast-page-background-meta":{"desktop":{"background-color":"var(--ast-global-color-4)","background-image":"","background-repeat":"repeat","background-position":"center center","background-size":"auto","background-attachment":"scroll","background-type":"","background-media":"","overlay-type":"","overlay-color":"","overlay-opacity":"","overlay-gradient":""},"tablet":{"background-color":"","background-image":"","background-repeat":"repeat","background-position":"center center","background-size":"auto","background-attachment":"scroll","background-type":"","background-media":"","overlay-type":"","overlay-color":"","overlay-opacity":"","overlay-gradient":""},"mobile":{"background-color":"","background-image":"","background-repeat":"repeat","background-position":"center center","background-size":"auto","background-attachment":"scroll","background-type":"","background-media":"","overlay-type":"","overlay-color":"","overlay-opacity":"","overlay-gradient":""}},"ast-content-background-meta":{"desktop":{"background-color":"var(--ast-global-color-5)","background-image":"","background-repeat":"repeat","background-position":"center center","background-size":"auto","background-attachment":"scroll","background-type":"","background-media":"","overlay-type":"","overlay-color":"","overlay-opacity":"","overlay-gradient":""},"tablet":{"background-color":"var(--ast-global-color-5)","background-image":"","background-repeat":"repeat","background-position":"center center","background-size":"auto","background-attachment":"scroll","background-type":"","background-media":"","overlay-type":"","overlay-color":"","overlay-opacity":"","overlay-gradient":""},"mobile":{"background-color":"var(--ast-global-color-5)","background-image":"","background-repeat":"repeat","background-position":"center center","background-size":"auto","background-attachment":"scroll","background-type":"","background-media":"","overlay-type":"","overlay-color":"","overlay-opacity":"","overlay-gradient":""}},"footnotes":""},"class_list":["post-243053","page","type-page","status-publish","hentry"],"yoast_head":"<!-- This site is optimized with the Yoast SEO Premium plugin v27.3 (Yoast SEO v27.3) - https:\/\/yoast.com\/product\/yoast-seo-premium-wordpress\/ -->\n<title>Mogu\u0107nost vi\u0161e jezika | Zna\u010dajke | OneDesk Help Desk i upravljanje projektima<\/title>\n<meta name=\"description\" content=\"OneDesk je softver za podr\u0161ku i upravljanje projektima. Na\u0161a vi\u0161ejezi\u010dna zna\u010dajka omogu\u0107uje vam odabir jezika su\u010delja OneDeska.\" \/>\n<meta name=\"robots\" content=\"index, follow, max-snippet:-1, max-image-preview:large, max-video-preview:-1\" \/>\n<link rel=\"canonical\" href=\"https:\/\/onedesk.com\/hr\/obiljezja-indeks\/visejezicna-sposobnost\/\" \/>\n<meta property=\"og:locale\" content=\"hr_HR\" \/>\n<meta property=\"og:type\" content=\"article\" \/>\n<meta property=\"og:title\" content=\"Mogu\u0107nost vi\u0161e jezika | Zna\u010dajke | OneDesk Help Desk i upravljanje projektima\" \/>\n<meta property=\"og:description\" content=\"OneDesk je softver za podr\u0161ku i upravljanje projektima. Na\u0161a vi\u0161ejezi\u010dna zna\u010dajka omogu\u0107uje vam odabir jezika su\u010delja OneDeska.\" \/>\n<meta property=\"og:url\" content=\"https:\/\/onedesk.com\/hr\/obiljezja-indeks\/visejezicna-sposobnost\/\" \/>\n<meta property=\"og:site_name\" content=\"OneDesk\" \/>\n<meta property=\"article:publisher\" content=\"https:\/\/www.facebook.com\/OneDeskApp\" \/>\n<meta property=\"article:modified_time\" content=\"2023-08-08T19:00:46+00:00\" \/>\n<meta property=\"og:image\" content=\"https:\/\/onedesk.com\/wp-content\/uploads\/2021\/05\/Multi-Language-Capability-1024x1019.png\" \/>\n<meta name=\"twitter:card\" content=\"summary_large_image\" \/>\n<meta name=\"twitter:site\" content=\"@OneDeskApp\" \/>\n<meta name=\"twitter:label1\" content=\"Est. reading time\" \/>\n\t<meta name=\"twitter:data1\" content=\"1 minute\" \/>\n<!-- \/ Yoast SEO Premium plugin. -->","yoast_head_json":{"title":"Mogu\u0107nost vi\u0161e jezika | Zna\u010dajke | OneDesk Help Desk i upravljanje projektima","description":"OneDesk je softver za podr\u0161ku i upravljanje projektima. Na\u0161a vi\u0161ejezi\u010dna zna\u010dajka omogu\u0107uje vam odabir jezika su\u010delja OneDeska.","robots":{"index":"index","follow":"follow","max-snippet":"max-snippet:-1","max-image-preview":"max-image-preview:large","max-video-preview":"max-video-preview:-1"},"canonical":"https:\/\/onedesk.com\/hr\/obiljezja-indeks\/visejezicna-sposobnost\/","og_locale":"hr_HR","og_type":"article","og_title":"Mogu\u0107nost vi\u0161e jezika | Zna\u010dajke | OneDesk Help Desk i upravljanje projektima","og_description":"OneDesk je softver za podr\u0161ku i upravljanje projektima. Na\u0161a vi\u0161ejezi\u010dna zna\u010dajka omogu\u0107uje vam odabir jezika su\u010delja OneDeska.","og_url":"https:\/\/onedesk.com\/hr\/obiljezja-indeks\/visejezicna-sposobnost\/","og_site_name":"OneDesk","article_publisher":"https:\/\/www.facebook.com\/OneDeskApp","article_modified_time":"2023-08-08T19:00:46+00:00","og_image":[{"url":"https:\/\/onedesk.com\/wp-content\/uploads\/2021\/05\/Multi-Language-Capability-1024x1019.png","type":"","width":"","height":""}],"twitter_card":"summary_large_image","twitter_site":"@OneDeskApp","twitter_misc":{"Est. reading time":"1 minute"},"schema":{"@context":"https:\/\/schema.org","@graph":[{"@type":"WebPage","@id":"https:\/\/onedesk.com\/hr\/obiljezja-indeks\/visejezicna-sposobnost\/","url":"https:\/\/onedesk.com\/hr\/obiljezja-indeks\/visejezicna-sposobnost\/","name":"Mogu\u0107nost vi\u0161e jezika | Zna\u010dajke | OneDesk Help Desk i upravljanje projektima","isPartOf":{"@id":"https:\/\/onedesk.com\/hr\/#website"},"primaryImageOfPage":{"@id":"https:\/\/onedesk.com\/hr\/obiljezja-indeks\/visejezicna-sposobnost\/#primaryimage"},"image":{"@id":"https:\/\/onedesk.com\/hr\/obiljezja-indeks\/visejezicna-sposobnost\/#primaryimage"},"thumbnailUrl":"https:\/\/onedesk.com\/wp-content\/uploads\/2021\/05\/Multi-Language-Capability-1024x1019.png","datePublished":"2022-11-09T15:24:54+00:00","dateModified":"2023-08-08T19:00:46+00:00","description":"OneDesk je softver za podr\u0161ku i upravljanje projektima. Na\u0161a vi\u0161ejezi\u010dna zna\u010dajka omogu\u0107uje vam odabir jezika su\u010delja OneDeska.","breadcrumb":{"@id":"https:\/\/onedesk.com\/hr\/obiljezja-indeks\/visejezicna-sposobnost\/#breadcrumb"},"inLanguage":"hr","potentialAction":[{"@type":"ReadAction","target":["https:\/\/onedesk.com\/hr\/obiljezja-indeks\/visejezicna-sposobnost\/"]}]},{"@type":"ImageObject","inLanguage":"hr","@id":"https:\/\/onedesk.com\/hr\/obiljezja-indeks\/visejezicna-sposobnost\/#primaryimage","url":"https:\/\/onedesk.com\/wp-content\/uploads\/2021\/05\/Multi-Language-Capability-1024x1019.png","contentUrl":"https:\/\/onedesk.com\/wp-content\/uploads\/2021\/05\/Multi-Language-Capability-1024x1019.png"},{"@type":"BreadcrumbList","@id":"https:\/\/onedesk.com\/hr\/obiljezja-indeks\/visejezicna-sposobnost\/#breadcrumb","itemListElement":[{"@type":"ListItem","position":1,"name":"Indeks zna\u010dajki OneDeska","item":"https:\/\/onedesk.com\/hr\/obiljezja-indeks\/"},{"@type":"ListItem","position":2,"name":"Vi\u0161ejezi\u010dna mogu\u0107nost"}]},{"@type":"WebSite","@id":"https:\/\/onedesk.com\/hr\/#website","url":"https:\/\/onedesk.com\/hr\/","name":"OneDesk","description":"Project Management &amp; Helpdesk Software","publisher":{"@id":"https:\/\/onedesk.com\/hr\/#organization"},"potentialAction":[{"@type":"SearchAction","target":{"@type":"EntryPoint","urlTemplate":"https:\/\/onedesk.com\/hr\/?s={search_term_string}"},"query-input":{"@type":"PropertyValueSpecification","valueRequired":true,"valueName":"search_term_string"}}],"inLanguage":"hr"},{"@type":"Organization","@id":"https:\/\/onedesk.com\/hr\/#organization","name":"OneDesk","url":"https:\/\/onedesk.com\/hr\/","logo":{"@type":"ImageObject","inLanguage":"hr","@id":"https:\/\/onedesk.com\/hr\/#\/schema\/logo\/image\/","url":"https:\/\/onedesk.com\/wp-content\/uploads\/2016\/01\/white-logo-small.png","contentUrl":"https:\/\/onedesk.com\/wp-content\/uploads\/2016\/01\/white-logo-small.png","width":207,"height":40,"caption":"OneDesk"},"image":{"@id":"https:\/\/onedesk.com\/hr\/#\/schema\/logo\/image\/"},"sameAs":["https:\/\/www.facebook.com\/OneDeskApp","https:\/\/x.com\/OneDeskApp","https:\/\/www.instagram.com\/onedeskapp\/","https:\/\/www.linkedin.com\/company\/onedesk-inc-1","https:\/\/www.pinterest.com\/onedesk\/","https:\/\/www.youtube.com\/user\/OneDeskApp"]}]}},"tpgb_featured_images":null,"tpgb_post_meta_info":{"get_date":"November 9, 2022","get_modified_date":"August 8, 2023","author_name":"Erin Richardson","author_url":"https:\/\/onedesk.com\/hr\/author\/erin-richardsononedesk-com\/","author_email":"erin.richardson@onedesk.com","author_website":"","author_description":"","author_facebook":"","author_twitter":"","author_instagram":"","author_role":["administrator"],"author_firstname":"Erin","author_lastname":"Richardson","user_login":"erin.richardson@onedesk.com","author_avatar":"<img alt='' src='https:\/\/secure.gravatar.com\/avatar\/5b43ac2756efc1d5aa46746163fa71ceee43f42a78652ebc70940d512d77cba0?s=200&#038;d=mm&#038;r=g' srcset='https:\/\/secure.gravatar.com\/avatar\/5b43ac2756efc1d5aa46746163fa71ceee43f42a78652ebc70940d512d77cba0?s=400&#038;d=mm&#038;r=g 2x' class='avatar avatar-200 photo' height='200' width='200' decoding='async'\/>","author_avatar_url":"https:\/\/secure.gravatar.com\/avatar\/5b43ac2756efc1d5aa46746163fa71ceee43f42a78652ebc70940d512d77cba0?s=96&d=mm&r=g","comment_count":0,"post_likes":0,"post_views":0},"tpgb_post_category":[],"jetpack_shortlink":"https:\/\/wp.me\/PfpPaI-11ed","amp_enabled":true,"_links":{"self":[{"href":"https:\/\/onedesk.com\/hr\/wp-json\/wp\/v2\/pages\/243053","targetHints":{"allow":["GET"]}}],"collection":[{"href":"https:\/\/onedesk.com\/hr\/wp-json\/wp\/v2\/pages"}],"about":[{"href":"https:\/\/onedesk.com\/hr\/wp-json\/wp\/v2\/types\/page"}],"author":[{"embeddable":true,"href":"https:\/\/onedesk.com\/hr\/wp-json\/wp\/v2\/users\/30"}],"replies":[{"embeddable":true,"href":"https:\/\/onedesk.com\/hr\/wp-json\/wp\/v2\/comments?post=243053"}],"version-history":[{"count":3,"href":"https:\/\/onedesk.com\/hr\/wp-json\/wp\/v2\/pages\/243053\/revisions"}],"predecessor-version":[{"id":252758,"href":"https:\/\/onedesk.com\/hr\/wp-json\/wp\/v2\/pages\/243053\/revisions\/252758"}],"up":[{"embeddable":true,"href":"https:\/\/onedesk.com\/hr\/wp-json\/wp\/v2\/pages\/235288"}],"wp:attachment":[{"href":"https:\/\/onedesk.com\/hr\/wp-json\/wp\/v2\/media?parent=243053"}],"curies":[{"name":"wp","href":"https:\/\/api.w.org\/{rel}","templated":true}]}}