{"id":252700,"date":"2023-08-08T18:59:21","date_gmt":"2023-08-08T18:59:21","guid":{"rendered":"https:\/\/onedesk.com\/obiljezja-indeks\/spajanje-stavki\/"},"modified":"2023-08-08T18:59:38","modified_gmt":"2023-08-08T18:59:38","slug":"spajanje-stavki","status":"publish","type":"page","link":"https:\/\/onedesk.com\/hr\/obiljezja-indeks\/spajanje-stavki\/","title":{"rendered":"Spajanje stavki"},"content":{"rendered":"\t\t<div data-elementor-type=\"wp-page\" data-elementor-id=\"252700\" class=\"elementor elementor-252700 elementor-117919\" data-elementor-post-type=\"page\">\n\t\t\t\t\t\t<section class=\"elementor-section elementor-top-section elementor-element elementor-element-b8d3cd6 elementor-section-boxed elementor-section-height-default elementor-section-height-default\" data-id=\"b8d3cd6\" data-element_type=\"section\" data-e-type=\"section\">\n\t\t\t\t\t\t<div class=\"elementor-container elementor-column-gap-default\">\n\t\t\t\t\t<div class=\"elementor-column elementor-col-100 elementor-top-column elementor-element elementor-element-605f37\" data-id=\"605f37\" data-element_type=\"column\" data-e-type=\"column\">\n\t\t\t<div class=\"elementor-widget-wrap elementor-element-populated\">\n\t\t\t\t\t\t<div class=\"elementor-element elementor-element-230b39cb elementor-widget elementor-widget-heading\" data-id=\"230b39cb\" data-element_type=\"widget\" data-e-type=\"widget\" data-widget_type=\"heading.default\">\n\t\t\t\t<div class=\"elementor-widget-container\">\n\t\t\t\t\t<h1 class=\"elementor-heading-title elementor-size-default\">Spajanje stavki<\/h1>\t\t\t\t<\/div>\n\t\t\t\t<\/div>\n\t\t\t\t<div class=\"elementor-element elementor-element-767daac2 elementor-widget elementor-widget-text-editor\" data-id=\"767daac2\" data-element_type=\"widget\" data-e-type=\"widget\" data-widget_type=\"text-editor.default\">\n\t\t\t\t<div class=\"elementor-widget-container\">\n\t\t\t\t\t\t\t\t\t<p>Imate vi\u0161e ulaznica za isto izdanje? Lako kombinirajte svoj posao uz OneDeskovu zna\u010dajku spajanja.<\/p>\n\t\t\t\t\t\t\t\t<\/div>\n\t\t\t\t<\/div>\n\t\t\t\t<div class=\"elementor-element elementor-element-a9f3845 elementor-align-center elementor-widget elementor-widget-global elementor-global-233731 elementor-global-131872 elementor-widget-button\" data-id=\"a9f3845\" data-element_type=\"widget\" data-e-type=\"widget\" data-widget_type=\"button.default\">\n\t\t\t\t<div class=\"elementor-widget-container\">\n\t\t\t\t\t\t\t\t\t<div class=\"elementor-button-wrapper\">\n\t\t\t\t\t<a class=\"elementor-button elementor-button-link elementor-size-lg elementor-animation-grow\" href=\"https:\/\/onedesk.com\/hr\/bez-registracije\/\">\n\t\t\t\t\t\t<span class=\"elementor-button-content-wrapper\">\n\t\t\t\t\t\t\t\t\t<span class=\"elementor-button-text\">Prijavite se besplatno!<\/span>\n\t\t\t\t\t<\/span>\n\t\t\t\t\t<\/a>\n\t\t\t\t<\/div>\n\t\t\t\t\t\t\t\t<\/div>\n\t\t\t\t<\/div>\n\t\t\t\t\t<\/div>\n\t\t<\/div>\n\t\t\t\t\t<\/div>\n\t\t<\/section>\n\t\t\t\t<section class=\"elementor-section elementor-top-section elementor-element elementor-element-5ce26098 elementor-section-boxed elementor-section-height-default elementor-section-height-default\" data-id=\"5ce26098\" data-element_type=\"section\" data-e-type=\"section\">\n\t\t\t\t\t\t<div class=\"elementor-container elementor-column-gap-default\">\n\t\t\t\t\t<div class=\"elementor-column elementor-col-50 elementor-top-column elementor-element elementor-element-41d5746d\" data-id=\"41d5746d\" data-element_type=\"column\" data-e-type=\"column\">\n\t\t\t<div class=\"elementor-widget-wrap elementor-element-populated\">\n\t\t\t\t\t\t<div class=\"elementor-element elementor-element-2dacd5f elementor-widget elementor-widget-image\" data-id=\"2dacd5f\" data-element_type=\"widget\" data-e-type=\"widget\" data-widget_type=\"image.default\">\n\t\t\t\t<div class=\"elementor-widget-container\">\n\t\t\t\t\t\t\t\t\t\t\t\t\t\t\t<img fetchpriority=\"high\" decoding=\"async\" width=\"1024\" height=\"835\" src=\"https:\/\/onedesk.com\/wp-content\/uploads\/2021\/07\/merging-01-1024x835.png\" class=\"attachment-large size-large wp-image-226425\" alt=\"\" srcset=\"https:\/\/onedesk.com\/wp-content\/uploads\/2021\/07\/merging-01-1024x835.png 1024w, https:\/\/onedesk.com\/wp-content\/uploads\/2021\/07\/merging-01-300x245.png 300w, https:\/\/onedesk.com\/wp-content\/uploads\/2021\/07\/merging-01-768x626.png 768w, https:\/\/onedesk.com\/wp-content\/uploads\/2021\/07\/merging-01-368x300.png 368w, https:\/\/onedesk.com\/wp-content\/uploads\/2021\/07\/merging-01-255x208.png 255w, https:\/\/onedesk.com\/wp-content\/uploads\/2021\/07\/merging-01-98x80.png 98w, https:\/\/onedesk.com\/wp-content\/uploads\/2021\/07\/merging-01-49x40.png 49w, https:\/\/onedesk.com\/wp-content\/uploads\/2021\/07\/merging-01-480x392.png 480w, https:\/\/onedesk.com\/wp-content\/uploads\/2021\/07\/merging-01-500x408.png 500w, https:\/\/onedesk.com\/wp-content\/uploads\/2021\/07\/merging-01-750x612.png 750w, https:\/\/onedesk.com\/wp-content\/uploads\/2021\/07\/merging-01-360x294.png 360w, https:\/\/onedesk.com\/wp-content\/uploads\/2021\/07\/merging-01.png 1047w\" sizes=\"(max-width: 1024px) 100vw, 1024px\" \/>\t\t\t\t\t\t\t\t\t\t\t\t\t\t\t<\/div>\n\t\t\t\t<\/div>\n\t\t\t\t\t<\/div>\n\t\t<\/div>\n\t\t\t\t<div class=\"elementor-column elementor-col-50 elementor-top-column elementor-element elementor-element-335c1751\" data-id=\"335c1751\" data-element_type=\"column\" data-e-type=\"column\">\n\t\t\t<div class=\"elementor-widget-wrap elementor-element-populated\">\n\t\t\t\t\t\t<div class=\"elementor-element elementor-element-49badd4 elementor-widget elementor-widget-heading\" data-id=\"49badd4\" data-element_type=\"widget\" data-e-type=\"widget\" data-widget_type=\"heading.default\">\n\t\t\t\t<div class=\"elementor-widget-container\">\n\t\t\t\t\t<h2 class=\"elementor-heading-title elementor-size-default\">Spojite karte ili zadatke<\/h2>\t\t\t\t<\/div>\n\t\t\t\t<\/div>\n\t\t\t\t<div class=\"elementor-element elementor-element-7691d4c1 elementor-widget elementor-widget-text-editor\" data-id=\"7691d4c1\" data-element_type=\"widget\" data-e-type=\"widget\" data-widget_type=\"text-editor.default\">\n\t\t\t\t<div class=\"elementor-widget-container\">\n\t\t\t\t\t\t\t\t\t<p>OneDesk vam omogu\u0107uje spajanje dvije ili vi\u0161e ulaznica ili zadataka (stavki) u jednu. Spajanje stavki omogu\u0107uje vam da radite na jednoj radnoj stavci sa svim zajedni\u010dkim informacijama, dok tako\u0111er a\u017eurirate klijente koji su ih sve tra\u017eili s jedne lokacije. Mo\u017eete kontrolirati promjene napravljene na spojenim stavkama, kao \u0161to je status \u017eivotnog ciklusa, postotak dovr\u0161enosti, koje informacije kopirati naprijed i naravno, nakon svega toga, poslati poruku da obavijestite sve pratitelje o spajanju.<\/p>\n\t\t\t\t\t\t\t\t<\/div>\n\t\t\t\t<\/div>\n\t\t\t\t\t<\/div>\n\t\t<\/div>\n\t\t\t\t\t<\/div>\n\t\t<\/section>\n\t\t\t\t<\/div>\n\t\t","protected":false},"excerpt":{"rendered":"<p>Spajanje stavki Imate vi\u0161e ulaznica za isto izdanje? Lako kombinirajte svoj posao uz OneDeskovu zna\u010dajku spajanja. Sign up free! Spojite karte ili zadatke OneDesk vam omogu\u0107uje spajanje dvije ili vi\u0161e ulaznica ili zadataka (stavki) u jednu. Spajanje stavki omogu\u0107uje vam da radite na jednoj radnoj stavci sa svim zajedni\u010dkim informacijama, dok tako\u0111er a\u017eurirate klijente koji [&hellip;]<\/p>\n","protected":false},"author":25,"featured_media":0,"parent":235288,"menu_order":23,"comment_status":"closed","ping_status":"closed","template":"","meta":{"tpgb_global_settings":"","_crdt_document":"","inline_featured_image":false,"site-sidebar-layout":"default","site-content-layout":"","ast-site-content-layout":"default","site-content-style":"default","site-sidebar-style":"default","ast-global-header-display":"","ast-banner-title-visibility":"","ast-main-header-display":"","ast-hfb-above-header-display":"","ast-hfb-below-header-display":"","ast-hfb-mobile-header-display":"","site-post-title":"","ast-breadcrumbs-content":"","ast-featured-img":"","footer-sml-layout":"","ast-disable-related-posts":"","theme-transparent-header-meta":"","adv-header-id-meta":"","stick-header-meta":"","header-above-stick-meta":"","header-main-stick-meta":"","header-below-stick-meta":"","astra-migrate-meta-layouts":"default","ast-page-background-enabled":"default","ast-page-background-meta":{"desktop":{"background-color":"var(--ast-global-color-4)","background-image":"","background-repeat":"repeat","background-position":"center center","background-size":"auto","background-attachment":"scroll","background-type":"","background-media":"","overlay-type":"","overlay-color":"","overlay-opacity":"","overlay-gradient":""},"tablet":{"background-color":"","background-image":"","background-repeat":"repeat","background-position":"center center","background-size":"auto","background-attachment":"scroll","background-type":"","background-media":"","overlay-type":"","overlay-color":"","overlay-opacity":"","overlay-gradient":""},"mobile":{"background-color":"","background-image":"","background-repeat":"repeat","background-position":"center center","background-size":"auto","background-attachment":"scroll","background-type":"","background-media":"","overlay-type":"","overlay-color":"","overlay-opacity":"","overlay-gradient":""}},"ast-content-background-meta":{"desktop":{"background-color":"var(--ast-global-color-5)","background-image":"","background-repeat":"repeat","background-position":"center center","background-size":"auto","background-attachment":"scroll","background-type":"","background-media":"","overlay-type":"","overlay-color":"","overlay-opacity":"","overlay-gradient":""},"tablet":{"background-color":"var(--ast-global-color-5)","background-image":"","background-repeat":"repeat","background-position":"center center","background-size":"auto","background-attachment":"scroll","background-type":"","background-media":"","overlay-type":"","overlay-color":"","overlay-opacity":"","overlay-gradient":""},"mobile":{"background-color":"var(--ast-global-color-5)","background-image":"","background-repeat":"repeat","background-position":"center center","background-size":"auto","background-attachment":"scroll","background-type":"","background-media":"","overlay-type":"","overlay-color":"","overlay-opacity":"","overlay-gradient":""}},"footnotes":""},"class_list":["post-252700","page","type-page","status-publish","hentry"],"yoast_head":"<!-- This site is optimized with the Yoast SEO Premium plugin v27.4 (Yoast SEO v27.4) - https:\/\/yoast.com\/product\/yoast-seo-premium-wordpress\/ -->\n<title>Spajanje stavki | Aplikacija OneDesk HelpDesk &amp; Project Management<\/title>\n<meta name=\"description\" content=\"OneDesk je softver za podr\u0161ku i upravljanje projektima. Mo\u017eete spojiti ulaznice i zadatke kako biste njima upravljali kao jednom cjelinom.\" \/>\n<meta name=\"robots\" content=\"index, follow, max-snippet:-1, max-image-preview:large, max-video-preview:-1\" \/>\n<link rel=\"canonical\" href=\"https:\/\/onedesk.com\/hr\/obiljezja-indeks\/spajanje-stavki\/\" \/>\n<meta property=\"og:locale\" content=\"hr_HR\" \/>\n<meta property=\"og:type\" content=\"article\" \/>\n<meta property=\"og:title\" content=\"Spajanje stavki | Aplikacija OneDesk HelpDesk &amp; Project Management\" \/>\n<meta property=\"og:description\" content=\"OneDesk je softver za podr\u0161ku i upravljanje projektima. Mo\u017eete spojiti ulaznice i zadatke kako biste njima upravljali kao jednom cjelinom.\" \/>\n<meta property=\"og:url\" content=\"https:\/\/onedesk.com\/hr\/obiljezja-indeks\/spajanje-stavki\/\" \/>\n<meta property=\"og:site_name\" content=\"OneDesk\" \/>\n<meta property=\"article:publisher\" content=\"https:\/\/www.facebook.com\/OneDeskApp\" \/>\n<meta property=\"article:modified_time\" content=\"2023-08-08T18:59:38+00:00\" \/>\n<meta property=\"og:image\" content=\"https:\/\/onedesk.com\/wp-content\/uploads\/2021\/07\/merging-01-1024x835.png\" \/>\n<meta name=\"twitter:card\" content=\"summary_large_image\" \/>\n<meta name=\"twitter:site\" content=\"@OneDeskApp\" \/>\n<meta name=\"twitter:label1\" content=\"Est. reading time\" \/>\n\t<meta name=\"twitter:data1\" content=\"1 minute\" \/>\n<!-- \/ Yoast SEO Premium plugin. -->","yoast_head_json":{"title":"Spajanje stavki | Aplikacija OneDesk HelpDesk & Project Management","description":"OneDesk je softver za podr\u0161ku i upravljanje projektima. Mo\u017eete spojiti ulaznice i zadatke kako biste njima upravljali kao jednom cjelinom.","robots":{"index":"index","follow":"follow","max-snippet":"max-snippet:-1","max-image-preview":"max-image-preview:large","max-video-preview":"max-video-preview:-1"},"canonical":"https:\/\/onedesk.com\/hr\/obiljezja-indeks\/spajanje-stavki\/","og_locale":"hr_HR","og_type":"article","og_title":"Spajanje stavki | Aplikacija OneDesk HelpDesk & Project Management","og_description":"OneDesk je softver za podr\u0161ku i upravljanje projektima. Mo\u017eete spojiti ulaznice i zadatke kako biste njima upravljali kao jednom cjelinom.","og_url":"https:\/\/onedesk.com\/hr\/obiljezja-indeks\/spajanje-stavki\/","og_site_name":"OneDesk","article_publisher":"https:\/\/www.facebook.com\/OneDeskApp","article_modified_time":"2023-08-08T18:59:38+00:00","og_image":[{"url":"https:\/\/onedesk.com\/wp-content\/uploads\/2021\/07\/merging-01-1024x835.png","type":"","width":"","height":""}],"twitter_card":"summary_large_image","twitter_site":"@OneDeskApp","twitter_misc":{"Est. reading time":"1 minute"},"schema":{"@context":"https:\/\/schema.org","@graph":[{"@type":"WebPage","@id":"https:\/\/onedesk.com\/hr\/obiljezja-indeks\/spajanje-stavki\/","url":"https:\/\/onedesk.com\/hr\/obiljezja-indeks\/spajanje-stavki\/","name":"Spajanje stavki | Aplikacija OneDesk HelpDesk & Project Management","isPartOf":{"@id":"https:\/\/onedesk.com\/hr\/#website"},"primaryImageOfPage":{"@id":"https:\/\/onedesk.com\/hr\/obiljezja-indeks\/spajanje-stavki\/#primaryimage"},"image":{"@id":"https:\/\/onedesk.com\/hr\/obiljezja-indeks\/spajanje-stavki\/#primaryimage"},"thumbnailUrl":"https:\/\/onedesk.com\/wp-content\/uploads\/2021\/07\/merging-01-1024x835.png","datePublished":"2023-08-08T18:59:21+00:00","dateModified":"2023-08-08T18:59:38+00:00","description":"OneDesk je softver za podr\u0161ku i upravljanje projektima. Mo\u017eete spojiti ulaznice i zadatke kako biste njima upravljali kao jednom cjelinom.","breadcrumb":{"@id":"https:\/\/onedesk.com\/hr\/obiljezja-indeks\/spajanje-stavki\/#breadcrumb"},"inLanguage":"hr","potentialAction":[{"@type":"ReadAction","target":["https:\/\/onedesk.com\/hr\/obiljezja-indeks\/spajanje-stavki\/"]}]},{"@type":"ImageObject","inLanguage":"hr","@id":"https:\/\/onedesk.com\/hr\/obiljezja-indeks\/spajanje-stavki\/#primaryimage","url":"https:\/\/onedesk.com\/wp-content\/uploads\/2021\/07\/merging-01-1024x835.png","contentUrl":"https:\/\/onedesk.com\/wp-content\/uploads\/2021\/07\/merging-01-1024x835.png"},{"@type":"BreadcrumbList","@id":"https:\/\/onedesk.com\/hr\/obiljezja-indeks\/spajanje-stavki\/#breadcrumb","itemListElement":[{"@type":"ListItem","position":1,"name":"Indeks zna\u010dajki OneDeska","item":"https:\/\/onedesk.com\/hr\/obiljezja-indeks\/"},{"@type":"ListItem","position":2,"name":"Spajanje stavki"}]},{"@type":"WebSite","@id":"https:\/\/onedesk.com\/hr\/#website","url":"https:\/\/onedesk.com\/hr\/","name":"OneDesk","description":"Project Management &amp; Helpdesk Software","publisher":{"@id":"https:\/\/onedesk.com\/hr\/#organization"},"potentialAction":[{"@type":"SearchAction","target":{"@type":"EntryPoint","urlTemplate":"https:\/\/onedesk.com\/hr\/?s={search_term_string}"},"query-input":{"@type":"PropertyValueSpecification","valueRequired":true,"valueName":"search_term_string"}}],"inLanguage":"hr"},{"@type":"Organization","@id":"https:\/\/onedesk.com\/hr\/#organization","name":"OneDesk","url":"https:\/\/onedesk.com\/hr\/","logo":{"@type":"ImageObject","inLanguage":"hr","@id":"https:\/\/onedesk.com\/hr\/#\/schema\/logo\/image\/","url":"https:\/\/onedesk.com\/wp-content\/uploads\/2016\/01\/white-logo-small.png","contentUrl":"https:\/\/onedesk.com\/wp-content\/uploads\/2016\/01\/white-logo-small.png","width":207,"height":40,"caption":"OneDesk"},"image":{"@id":"https:\/\/onedesk.com\/hr\/#\/schema\/logo\/image\/"},"sameAs":["https:\/\/www.facebook.com\/OneDeskApp","https:\/\/x.com\/OneDeskApp","https:\/\/www.instagram.com\/onedeskapp\/","https:\/\/www.linkedin.com\/company\/onedesk-inc-1","https:\/\/www.pinterest.com\/onedesk\/","https:\/\/www.youtube.com\/user\/OneDeskApp"]}]}},"tpgb_featured_images":null,"tpgb_post_meta_info":{"get_date":"August 8, 2023","get_modified_date":"August 8, 2023","author_name":"Kenneth Lim","author_url":"https:\/\/onedesk.com\/hr\/author\/ken-lim\/","author_email":"ken.lim@onedesk.com","author_website":"","author_description":"","author_facebook":"","author_twitter":"","author_instagram":"","author_role":["subscriber"],"author_firstname":"Kenneth","author_lastname":"Lim","user_login":"ken.lim","author_avatar":"<img alt='' src='https:\/\/secure.gravatar.com\/avatar\/a4ec21f0334373cadb0a505588ce84b318527287a4e82901cc7c9b983073d3e7?s=200&#038;d=mm&#038;r=g' srcset='https:\/\/secure.gravatar.com\/avatar\/a4ec21f0334373cadb0a505588ce84b318527287a4e82901cc7c9b983073d3e7?s=400&#038;d=mm&#038;r=g 2x' class='avatar avatar-200 photo' height='200' width='200' decoding='async'\/>","author_avatar_url":"https:\/\/secure.gravatar.com\/avatar\/a4ec21f0334373cadb0a505588ce84b318527287a4e82901cc7c9b983073d3e7?s=96&d=mm&r=g","comment_count":0,"post_likes":0,"post_views":0},"tpgb_post_category":[],"jetpack_shortlink":"https:\/\/wp.me\/PfpPaI-13JO","amp_enabled":true,"_links":{"self":[{"href":"https:\/\/onedesk.com\/hr\/wp-json\/wp\/v2\/pages\/252700","targetHints":{"allow":["GET"]}}],"collection":[{"href":"https:\/\/onedesk.com\/hr\/wp-json\/wp\/v2\/pages"}],"about":[{"href":"https:\/\/onedesk.com\/hr\/wp-json\/wp\/v2\/types\/page"}],"author":[{"embeddable":true,"href":"https:\/\/onedesk.com\/hr\/wp-json\/wp\/v2\/users\/25"}],"replies":[{"embeddable":true,"href":"https:\/\/onedesk.com\/hr\/wp-json\/wp\/v2\/comments?post=252700"}],"version-history":[{"count":3,"href":"https:\/\/onedesk.com\/hr\/wp-json\/wp\/v2\/pages\/252700\/revisions"}],"predecessor-version":[{"id":252742,"href":"https:\/\/onedesk.com\/hr\/wp-json\/wp\/v2\/pages\/252700\/revisions\/252742"}],"up":[{"embeddable":true,"href":"https:\/\/onedesk.com\/hr\/wp-json\/wp\/v2\/pages\/235288"}],"wp:attachment":[{"href":"https:\/\/onedesk.com\/hr\/wp-json\/wp\/v2\/media?parent=252700"}],"curies":[{"name":"wp","href":"https:\/\/api.w.org\/{rel}","templated":true}]}}