{"id":78611,"date":"2021-03-18T17:45:14","date_gmt":"2021-03-18T17:45:14","guid":{"rendered":"https:\/\/onedesk.com\/iniziare\/passaggio-3-aggiunta-roba\/"},"modified":"2021-03-18T17:45:25","modified_gmt":"2021-03-18T17:45:25","slug":"passaggio-3-aggiunta-roba","status":"publish","type":"page","link":"https:\/\/onedesk.com\/it\/passaggio-3-aggiunta-roba\/","title":{"rendered":"Passaggio 3: aggiunta di elementi"},"content":{"rendered":"<p>Ora che conosci i concetti di base di OneDesk, \u00e8 il momento di iniziare ad aggiungere elementi. Puoi creare articoli, progetti, utenti, clienti, schede attivit\u00e0 e altro ancora.<\/p>\n<h3>Creazione di oggetti e progetti<\/h3>\n<p>Fai clic sulla freccia verso il basso accanto al pulsante &#8220;Aggiungi&#8221; nella barra in alto e seleziona ci\u00f2 che desideri creare dal menu. Se fai clic sul pulsante &#8220;Aggiungi&#8221; stesso, OneDesk prover\u00e0 a creare ci\u00f2 che pensa che desideri in base alla selezione corrente, alle impostazioni predefinite e all&#8217;applicazione in cui ti trovi. Per creare elementi in blocco, puoi importare elementi (da CSV o MPP) o clonare progetti esistenti.<br \/>\n<img fetchpriority=\"high\" decoding=\"async\" class=\"wp-image-41414 aligncenter\" src=\"https:\/\/onedesk.com\/wp-content\/uploads\/2016\/01\/Create.png\" alt=\"Create Stuff\" width=\"456\" height=\"599\"><\/p>\n<p>&nbsp;<\/p>\n<h3>Condivisione di progetti<\/h3>\n<p>Quando crei un nuovo progetto puoi scegliere con chi condividerlo. Per impostazione predefinita, \u00e8 condiviso con tutti gli utenti della tua azienda al momento della creazione. Tutte le propriet\u00e0 che selezioni qui possono essere modificate in seguito se cambi idea.<br \/>\n<img decoding=\"async\" class=\"wp-image-41417 size-full aligncenter\" src=\"https:\/\/onedesk.com\/wp-content\/uploads\/2016\/01\/create-project.png\" alt=\"Create Project\" width=\"500\"><\/p>\n<p>&nbsp;<\/p>\n<h3>Creazione di utenti e clienti<\/h3>\n<p>Puoi creare utenti o clienti uno alla volta o importare clienti da file CSV o dai tuoi contatti. \u00c8 possibile creare team (gruppi di utenti) o organizzazioni di clienti (gruppi di clienti).<br \/>\n<img decoding=\"async\" class=\"aligncenter size-full wp-image-30230\" src=\"https:\/\/onedesk.com\/wp-content\/uploads\/2016\/01\/create-user.png\" alt=\"Create User\" width=\"500\"><\/p>\n","protected":false},"excerpt":{"rendered":"<p>Ora che conosci i concetti di base di OneDesk, \u00e8 il momento di iniziare ad aggiungere elementi. Puoi creare articoli, progetti, utenti, clienti, schede attivit\u00e0 e altro ancora. Creazione di oggetti e progetti Fai clic sulla freccia verso il basso accanto al pulsante &#8220;Aggiungi&#8221; nella barra in alto e seleziona ci\u00f2 che desideri creare dal [&hellip;]<\/p>\n","protected":false},"author":2,"featured_media":0,"parent":0,"menu_order":3,"comment_status":"closed","ping_status":"closed","template":"","meta":{"tpgb_global_settings":"","_crdt_document":"","inline_featured_image":false,"site-sidebar-layout":"default","site-content-layout":"","ast-site-content-layout":"default","site-content-style":"default","site-sidebar-style":"default","ast-global-header-display":"","ast-banner-title-visibility":"","ast-main-header-display":"","ast-hfb-above-header-display":"","ast-hfb-below-header-display":"","ast-hfb-mobile-header-display":"","site-post-title":"","ast-breadcrumbs-content":"","ast-featured-img":"","footer-sml-layout":"","ast-disable-related-posts":"","theme-transparent-header-meta":"","adv-header-id-meta":"","stick-header-meta":"","header-above-stick-meta":"","header-main-stick-meta":"","header-below-stick-meta":"","astra-migrate-meta-layouts":"default","ast-page-background-enabled":"default","ast-page-background-meta":{"desktop":{"background-color":"var(--ast-global-color-4)","background-image":"","background-repeat":"repeat","background-position":"center center","background-size":"auto","background-attachment":"scroll","background-type":"","background-media":"","overlay-type":"","overlay-color":"","overlay-opacity":"","overlay-gradient":""},"tablet":{"background-color":"","background-image":"","background-repeat":"repeat","background-position":"center center","background-size":"auto","background-attachment":"scroll","background-type":"","background-media":"","overlay-type":"","overlay-color":"","overlay-opacity":"","overlay-gradient":""},"mobile":{"background-color":"","background-image":"","background-repeat":"repeat","background-position":"center center","background-size":"auto","background-attachment":"scroll","background-type":"","background-media":"","overlay-type":"","overlay-color":"","overlay-opacity":"","overlay-gradient":""}},"ast-content-background-meta":{"desktop":{"background-color":"var(--ast-global-color-5)","background-image":"","background-repeat":"repeat","background-position":"center center","background-size":"auto","background-attachment":"scroll","background-type":"","background-media":"","overlay-type":"","overlay-color":"","overlay-opacity":"","overlay-gradient":""},"tablet":{"background-color":"var(--ast-global-color-5)","background-image":"","background-repeat":"repeat","background-position":"center center","background-size":"auto","background-attachment":"scroll","background-type":"","background-media":"","overlay-type":"","overlay-color":"","overlay-opacity":"","overlay-gradient":""},"mobile":{"background-color":"var(--ast-global-color-5)","background-image":"","background-repeat":"repeat","background-position":"center center","background-size":"auto","background-attachment":"scroll","background-type":"","background-media":"","overlay-type":"","overlay-color":"","overlay-opacity":"","overlay-gradient":""}},"footnotes":""},"class_list":["post-78611","page","type-page","status-publish","hentry"],"yoast_head":"<!-- This site is optimized with the Yoast SEO Premium plugin v27.4 (Yoast SEO v27.4) - https:\/\/yoast.com\/product\/yoast-seo-premium-wordpress\/ -->\n<title>Passaggio 3: aggiunta di elementi - OneDesk<\/title>\n<meta name=\"description\" content=\"OneDesk \u00e8 un software di helpdesk e un software di gestione dei progetti in un&#039;unica applicazione. Questo va oltre l&#039;aggiunta di elementi all&#039;interno di OneDesk.\" \/>\n<meta name=\"robots\" content=\"index, follow, max-snippet:-1, max-image-preview:large, max-video-preview:-1\" \/>\n<link rel=\"canonical\" href=\"https:\/\/onedesk.com\/it\/passaggio-3-aggiunta-roba\/\" \/>\n<meta property=\"og:locale\" content=\"it_IT\" \/>\n<meta property=\"og:type\" content=\"article\" \/>\n<meta property=\"og:title\" content=\"Passaggio 3: aggiunta di elementi - OneDesk\" \/>\n<meta property=\"og:description\" content=\"OneDesk \u00e8 un software di helpdesk e un software di gestione dei progetti in un&#039;unica applicazione. Questo va oltre l&#039;aggiunta di elementi all&#039;interno di OneDesk.\" \/>\n<meta property=\"og:url\" content=\"https:\/\/onedesk.com\/it\/passaggio-3-aggiunta-roba\/\" \/>\n<meta property=\"og:site_name\" content=\"OneDesk\" \/>\n<meta property=\"article:publisher\" content=\"https:\/\/www.facebook.com\/OneDeskApp\" \/>\n<meta property=\"article:modified_time\" content=\"2021-03-18T17:45:25+00:00\" \/>\n<meta property=\"og:image\" content=\"https:\/\/onedesk.com\/wp-content\/uploads\/2016\/01\/Create.png\" \/>\n<meta name=\"twitter:card\" content=\"summary_large_image\" \/>\n<meta name=\"twitter:site\" content=\"@OneDeskApp\" \/>\n<meta name=\"twitter:label1\" content=\"Est. reading time\" \/>\n\t<meta name=\"twitter:data1\" content=\"1 minute\" \/>\n<!-- \/ Yoast SEO Premium plugin. -->","yoast_head_json":{"title":"Passaggio 3: aggiunta di elementi - OneDesk","description":"OneDesk \u00e8 un software di helpdesk e un software di gestione dei progetti in un'unica applicazione. Questo va oltre l'aggiunta di elementi all'interno di OneDesk.","robots":{"index":"index","follow":"follow","max-snippet":"max-snippet:-1","max-image-preview":"max-image-preview:large","max-video-preview":"max-video-preview:-1"},"canonical":"https:\/\/onedesk.com\/it\/passaggio-3-aggiunta-roba\/","og_locale":"it_IT","og_type":"article","og_title":"Passaggio 3: aggiunta di elementi - OneDesk","og_description":"OneDesk \u00e8 un software di helpdesk e un software di gestione dei progetti in un'unica applicazione. Questo va oltre l'aggiunta di elementi all'interno di OneDesk.","og_url":"https:\/\/onedesk.com\/it\/passaggio-3-aggiunta-roba\/","og_site_name":"OneDesk","article_publisher":"https:\/\/www.facebook.com\/OneDeskApp","article_modified_time":"2021-03-18T17:45:25+00:00","og_image":[{"url":"https:\/\/onedesk.com\/wp-content\/uploads\/2016\/01\/Create.png","type":"","width":"","height":""}],"twitter_card":"summary_large_image","twitter_site":"@OneDeskApp","twitter_misc":{"Est. reading time":"1 minute"},"schema":{"@context":"https:\/\/schema.org","@graph":[{"@type":"WebPage","@id":"https:\/\/onedesk.com\/it\/passaggio-3-aggiunta-roba\/","url":"https:\/\/onedesk.com\/it\/passaggio-3-aggiunta-roba\/","name":"Passaggio 3: aggiunta di elementi - OneDesk","isPartOf":{"@id":"https:\/\/onedesk.com\/it\/#website"},"primaryImageOfPage":{"@id":"https:\/\/onedesk.com\/it\/passaggio-3-aggiunta-roba\/#primaryimage"},"image":{"@id":"https:\/\/onedesk.com\/it\/passaggio-3-aggiunta-roba\/#primaryimage"},"thumbnailUrl":"https:\/\/onedesk.com\/wp-content\/uploads\/2016\/01\/Create.png","datePublished":"2021-03-18T17:45:14+00:00","dateModified":"2021-03-18T17:45:25+00:00","description":"OneDesk \u00e8 un software di helpdesk e un software di gestione dei progetti in un'unica applicazione. Questo va oltre l'aggiunta di elementi all'interno di OneDesk.","inLanguage":"it-IT","potentialAction":[{"@type":"ReadAction","target":["https:\/\/onedesk.com\/it\/passaggio-3-aggiunta-roba\/"]}]},{"@type":"ImageObject","inLanguage":"it-IT","@id":"https:\/\/onedesk.com\/it\/passaggio-3-aggiunta-roba\/#primaryimage","url":"https:\/\/onedesk.com\/wp-content\/uploads\/2016\/01\/Create.png","contentUrl":"https:\/\/onedesk.com\/wp-content\/uploads\/2016\/01\/Create.png"},{"@type":"WebSite","@id":"https:\/\/onedesk.com\/it\/#website","url":"https:\/\/onedesk.com\/it\/","name":"OneDesk","description":"Software per la gestione dei progetti e l'helpdesk","publisher":{"@id":"https:\/\/onedesk.com\/it\/#organization"},"potentialAction":[{"@type":"SearchAction","target":{"@type":"EntryPoint","urlTemplate":"https:\/\/onedesk.com\/it\/?s={search_term_string}"},"query-input":{"@type":"PropertyValueSpecification","valueRequired":true,"valueName":"search_term_string"}}],"inLanguage":"it-IT"},{"@type":"Organization","@id":"https:\/\/onedesk.com\/it\/#organization","name":"OneDesk","url":"https:\/\/onedesk.com\/it\/","logo":{"@type":"ImageObject","inLanguage":"it-IT","@id":"https:\/\/onedesk.com\/it\/#\/schema\/logo\/image\/","url":"https:\/\/onedesk.com\/wp-content\/uploads\/2016\/01\/white-logo-small.png","contentUrl":"https:\/\/onedesk.com\/wp-content\/uploads\/2016\/01\/white-logo-small.png","width":207,"height":40,"caption":"OneDesk"},"image":{"@id":"https:\/\/onedesk.com\/it\/#\/schema\/logo\/image\/"},"sameAs":["https:\/\/www.facebook.com\/OneDeskApp","https:\/\/x.com\/OneDeskApp","https:\/\/www.instagram.com\/onedeskapp\/","https:\/\/www.linkedin.com\/company\/onedesk-inc-1","https:\/\/www.pinterest.com\/onedesk\/","https:\/\/www.youtube.com\/user\/OneDeskApp"]}]}},"tpgb_featured_images":null,"tpgb_post_meta_info":{"get_date":"March 18, 2021","get_modified_date":"March 18, 2021","author_name":"Derek","author_url":"https:\/\/onedesk.com\/it\/author\/derekonedesk-com\/","author_email":"derek@onedesk.com","author_website":"","author_description":"","author_facebook":"","author_twitter":"","author_instagram":"","author_role":["administrator"],"author_firstname":"Derek","author_lastname":"","user_login":"derek@onedesk.com","author_avatar":"<img alt='' src='https:\/\/secure.gravatar.com\/avatar\/457ebef17878f2246da5e4df1ab1420e949ee125154dfb140a3f3ce911b0ef71?s=200&#038;d=mm&#038;r=g' srcset='https:\/\/secure.gravatar.com\/avatar\/457ebef17878f2246da5e4df1ab1420e949ee125154dfb140a3f3ce911b0ef71?s=400&#038;d=mm&#038;r=g 2x' class='avatar avatar-200 photo' height='200' width='200' decoding='async'\/>","author_avatar_url":"https:\/\/secure.gravatar.com\/avatar\/457ebef17878f2246da5e4df1ab1420e949ee125154dfb140a3f3ce911b0ef71?s=96&d=mm&r=g","comment_count":0,"post_likes":0,"post_views":0},"tpgb_post_category":[],"jetpack_shortlink":"https:\/\/wp.me\/PfpPaI-krV","amp_enabled":true,"_links":{"self":[{"href":"https:\/\/onedesk.com\/it\/wp-json\/wp\/v2\/pages\/78611","targetHints":{"allow":["GET"]}}],"collection":[{"href":"https:\/\/onedesk.com\/it\/wp-json\/wp\/v2\/pages"}],"about":[{"href":"https:\/\/onedesk.com\/it\/wp-json\/wp\/v2\/types\/page"}],"author":[{"embeddable":true,"href":"https:\/\/onedesk.com\/it\/wp-json\/wp\/v2\/users\/2"}],"replies":[{"embeddable":true,"href":"https:\/\/onedesk.com\/it\/wp-json\/wp\/v2\/comments?post=78611"}],"version-history":[{"count":1,"href":"https:\/\/onedesk.com\/it\/wp-json\/wp\/v2\/pages\/78611\/revisions"}],"predecessor-version":[{"id":78753,"href":"https:\/\/onedesk.com\/it\/wp-json\/wp\/v2\/pages\/78611\/revisions\/78753"}],"wp:attachment":[{"href":"https:\/\/onedesk.com\/it\/wp-json\/wp\/v2\/media?parent=78611"}],"curies":[{"name":"wp","href":"https:\/\/api.w.org\/{rel}","templated":true}]}}