{"id":147509,"date":"2021-12-13T19:08:30","date_gmt":"2021-12-13T19:08:30","guid":{"rendered":"https:\/\/onedesk.com\/industrieen\/bedrijfsmanagement\/"},"modified":"2021-12-13T19:08:30","modified_gmt":"2021-12-13T19:08:30","slug":"bedrijfsmanagement","status":"publish","type":"page","link":"https:\/\/onedesk.com\/nl\/industrieen\/bedrijfsmanagement\/","title":{"rendered":"Bedrijfsmanagement"},"content":{"rendered":"<p>Beheer uw bedrijf effici\u00ebnter en bereik meer.<\/p>\n<ul>\n<li>Lever betere service: OneDesk bevat alle tools die u nodig heeft om uw klanten tevreden te stellen, waaronder: een helpdesk, livechat, klantenportaal, kennisbank en ticketingsysteem.<\/li>\n<li>Neem betere zakelijke beslissingen: de tools die je nodig hebt om het inzicht te krijgen dat je nodig hebt, waaronder: dashboards, rapporten, gant-diagrammen en meer.<\/li>\n<li>Maximaliseer teameffici\u00ebntie: automatiseer uw workflows, plan en plan projecten, werk in realtime samen, houd de tijd bij en meer.<\/li>\n<\/ul>\n<p>Al deze mogelijkheden zijn nauw ge\u00efntegreerd in \u00e9\u00e9n pakket dat u helpt uw bedrijf te laten groeien door u te concentreren op het leveren van waarde.<\/p>\n","protected":false},"excerpt":{"rendered":"<p>Beheer uw bedrijf effici\u00ebnter en bereik meer. Lever betere service: OneDesk bevat alle tools die u nodig heeft om uw klanten tevreden te stellen, waaronder: een helpdesk, livechat, klantenportaal, kennisbank en ticketingsysteem. Neem betere zakelijke beslissingen: de tools die je nodig hebt om het inzicht te krijgen dat je nodig hebt, waaronder: dashboards, rapporten, gant-diagrammen [&hellip;]<\/p>\n","protected":false},"author":1,"featured_media":0,"parent":96783,"menu_order":5,"comment_status":"closed","ping_status":"closed","template":"","meta":{"tpgb_global_settings":"","_crdt_document":"","inline_featured_image":false,"site-sidebar-layout":"default","site-content-layout":"","ast-site-content-layout":"default","site-content-style":"default","site-sidebar-style":"default","ast-global-header-display":"","ast-banner-title-visibility":"","ast-main-header-display":"","ast-hfb-above-header-display":"","ast-hfb-below-header-display":"","ast-hfb-mobile-header-display":"","site-post-title":"","ast-breadcrumbs-content":"","ast-featured-img":"","footer-sml-layout":"","ast-disable-related-posts":"","theme-transparent-header-meta":"","adv-header-id-meta":"","stick-header-meta":"","header-above-stick-meta":"","header-main-stick-meta":"","header-below-stick-meta":"","astra-migrate-meta-layouts":"default","ast-page-background-enabled":"default","ast-page-background-meta":{"desktop":{"background-color":"var(--ast-global-color-4)","background-image":"","background-repeat":"repeat","background-position":"center center","background-size":"auto","background-attachment":"scroll","background-type":"","background-media":"","overlay-type":"","overlay-color":"","overlay-opacity":"","overlay-gradient":""},"tablet":{"background-color":"","background-image":"","background-repeat":"repeat","background-position":"center center","background-size":"auto","background-attachment":"scroll","background-type":"","background-media":"","overlay-type":"","overlay-color":"","overlay-opacity":"","overlay-gradient":""},"mobile":{"background-color":"","background-image":"","background-repeat":"repeat","background-position":"center center","background-size":"auto","background-attachment":"scroll","background-type":"","background-media":"","overlay-type":"","overlay-color":"","overlay-opacity":"","overlay-gradient":""}},"ast-content-background-meta":{"desktop":{"background-color":"var(--ast-global-color-5)","background-image":"","background-repeat":"repeat","background-position":"center center","background-size":"auto","background-attachment":"scroll","background-type":"","background-media":"","overlay-type":"","overlay-color":"","overlay-opacity":"","overlay-gradient":""},"tablet":{"background-color":"var(--ast-global-color-5)","background-image":"","background-repeat":"repeat","background-position":"center center","background-size":"auto","background-attachment":"scroll","background-type":"","background-media":"","overlay-type":"","overlay-color":"","overlay-opacity":"","overlay-gradient":""},"mobile":{"background-color":"var(--ast-global-color-5)","background-image":"","background-repeat":"repeat","background-position":"center center","background-size":"auto","background-attachment":"scroll","background-type":"","background-media":"","overlay-type":"","overlay-color":"","overlay-opacity":"","overlay-gradient":""}},"footnotes":""},"class_list":["post-147509","page","type-page","status-publish","hentry"],"yoast_head":"<!-- This site is optimized with the Yoast SEO Premium plugin v27.2 (Yoast SEO v27.3) - https:\/\/yoast.com\/product\/yoast-seo-premium-wordpress\/ -->\n<title>Oplossing voor bedrijfsbeheersoftware | OneDesk<\/title>\n<meta name=\"description\" content=\"OneDesk is helpdesk- en projectmanagementsoftware in \u00e9\u00e9n applicatie. Ontdek hoe u uw workflows kunt optimaliseren en automatiseren met ons systeem.\" \/>\n<meta name=\"robots\" content=\"index, follow, max-snippet:-1, max-image-preview:large, max-video-preview:-1\" \/>\n<link rel=\"canonical\" href=\"https:\/\/onedesk.com\/nl\/industrieen\/bedrijfsmanagement\/\" \/>\n<meta property=\"og:locale\" content=\"nl_NL\" \/>\n<meta property=\"og:type\" content=\"article\" \/>\n<meta property=\"og:title\" content=\"Oplossing voor bedrijfsbeheersoftware | OneDesk\" \/>\n<meta property=\"og:description\" content=\"OneDesk is helpdesk- en projectmanagementsoftware in \u00e9\u00e9n applicatie. Ontdek hoe u uw workflows kunt optimaliseren en automatiseren met ons systeem.\" \/>\n<meta property=\"og:url\" content=\"https:\/\/onedesk.com\/nl\/industrieen\/bedrijfsmanagement\/\" \/>\n<meta property=\"og:site_name\" content=\"OneDesk\" \/>\n<meta property=\"article:publisher\" content=\"https:\/\/www.facebook.com\/OneDeskApp\" \/>\n<meta property=\"og:image\" content=\"https:\/\/onedesk.com\/wp-content\/uploads\/2020\/04\/OneDesk-Logo.png\" \/>\n\t<meta property=\"og:image:width\" content=\"1280\" \/>\n\t<meta property=\"og:image:height\" content=\"800\" \/>\n\t<meta property=\"og:image:type\" content=\"image\/png\" \/>\n<meta name=\"twitter:card\" content=\"summary_large_image\" \/>\n<meta name=\"twitter:site\" content=\"@OneDeskApp\" \/>\n<meta name=\"twitter:label1\" content=\"Est. reading time\" \/>\n\t<meta name=\"twitter:data1\" content=\"1 minute\" \/>\n<!-- \/ Yoast SEO Premium plugin. -->","yoast_head_json":{"title":"Oplossing voor bedrijfsbeheersoftware | OneDesk","description":"OneDesk is helpdesk- en projectmanagementsoftware in \u00e9\u00e9n applicatie. Ontdek hoe u uw workflows kunt optimaliseren en automatiseren met ons systeem.","robots":{"index":"index","follow":"follow","max-snippet":"max-snippet:-1","max-image-preview":"max-image-preview:large","max-video-preview":"max-video-preview:-1"},"canonical":"https:\/\/onedesk.com\/nl\/industrieen\/bedrijfsmanagement\/","og_locale":"nl_NL","og_type":"article","og_title":"Oplossing voor bedrijfsbeheersoftware | OneDesk","og_description":"OneDesk is helpdesk- en projectmanagementsoftware in \u00e9\u00e9n applicatie. Ontdek hoe u uw workflows kunt optimaliseren en automatiseren met ons systeem.","og_url":"https:\/\/onedesk.com\/nl\/industrieen\/bedrijfsmanagement\/","og_site_name":"OneDesk","article_publisher":"https:\/\/www.facebook.com\/OneDeskApp","og_image":[{"width":1280,"height":800,"url":"https:\/\/onedesk.com\/wp-content\/uploads\/2020\/04\/OneDesk-Logo.png","type":"image\/png"}],"twitter_card":"summary_large_image","twitter_site":"@OneDeskApp","twitter_misc":{"Est. reading time":"1 minute"},"schema":{"@context":"https:\/\/schema.org","@graph":[{"@type":"WebPage","@id":"https:\/\/onedesk.com\/nl\/industrieen\/bedrijfsmanagement\/","url":"https:\/\/onedesk.com\/nl\/industrieen\/bedrijfsmanagement\/","name":"Oplossing voor bedrijfsbeheersoftware | OneDesk","isPartOf":{"@id":"https:\/\/onedesk.com\/nl\/#website"},"datePublished":"2021-12-13T19:08:30+00:00","description":"OneDesk is helpdesk- en projectmanagementsoftware in \u00e9\u00e9n applicatie. Ontdek hoe u uw workflows kunt optimaliseren en automatiseren met ons systeem.","breadcrumb":{"@id":"https:\/\/onedesk.com\/nl\/industrieen\/bedrijfsmanagement\/#breadcrumb"},"inLanguage":"nl-NL","potentialAction":[{"@type":"ReadAction","target":["https:\/\/onedesk.com\/nl\/industrieen\/bedrijfsmanagement\/"]}]},{"@type":"BreadcrumbList","@id":"https:\/\/onedesk.com\/nl\/industrieen\/bedrijfsmanagement\/#breadcrumb","itemListElement":[{"@type":"ListItem","position":1,"name":"Industrie\u00ebn","item":"https:\/\/onedesk.com\/nl\/industrieen\/"},{"@type":"ListItem","position":2,"name":"Bedrijfsmanagement"}]},{"@type":"WebSite","@id":"https:\/\/onedesk.com\/nl\/#website","url":"https:\/\/onedesk.com\/nl\/","name":"OneDesk","description":"Projectbeheer en helpdesksoftware","publisher":{"@id":"https:\/\/onedesk.com\/nl\/#organization"},"potentialAction":[{"@type":"SearchAction","target":{"@type":"EntryPoint","urlTemplate":"https:\/\/onedesk.com\/nl\/?s={search_term_string}"},"query-input":{"@type":"PropertyValueSpecification","valueRequired":true,"valueName":"search_term_string"}}],"inLanguage":"nl-NL"},{"@type":"Organization","@id":"https:\/\/onedesk.com\/nl\/#organization","name":"OneDesk","url":"https:\/\/onedesk.com\/nl\/","logo":{"@type":"ImageObject","inLanguage":"nl-NL","@id":"https:\/\/onedesk.com\/nl\/#\/schema\/logo\/image\/","url":"https:\/\/onedesk.com\/wp-content\/uploads\/2016\/01\/white-logo-small.png","contentUrl":"https:\/\/onedesk.com\/wp-content\/uploads\/2016\/01\/white-logo-small.png","width":207,"height":40,"caption":"OneDesk"},"image":{"@id":"https:\/\/onedesk.com\/nl\/#\/schema\/logo\/image\/"},"sameAs":["https:\/\/www.facebook.com\/OneDeskApp","https:\/\/x.com\/OneDeskApp","https:\/\/www.instagram.com\/onedeskapp\/","https:\/\/www.linkedin.com\/company\/onedesk-inc-1","https:\/\/www.pinterest.com\/onedesk\/","https:\/\/www.youtube.com\/user\/OneDeskApp"]}]}},"tpgb_featured_images":null,"tpgb_post_meta_info":{"get_date":"December 13, 2021","get_modified_date":"December 13, 2021","author_name":"server.admin@onedesk.com","author_url":"https:\/\/onedesk.com\/nl\/author\/server-adminonedesk-com\/","author_email":"server.admin@onedesk.com","author_website":"","author_description":"","author_facebook":"","author_twitter":"","author_instagram":"","author_role":["administrator"],"author_firstname":"","author_lastname":"","user_login":"server.admin@onedesk.com","author_avatar":"<img alt='' src='https:\/\/secure.gravatar.com\/avatar\/a37d6b270be81ecbf4ab9ca7260f2d1ee4d0295343706f0648e9d7a0d75243d3?s=200&#038;d=mm&#038;r=g' srcset='https:\/\/secure.gravatar.com\/avatar\/a37d6b270be81ecbf4ab9ca7260f2d1ee4d0295343706f0648e9d7a0d75243d3?s=400&#038;d=mm&#038;r=g 2x' class='avatar avatar-200 photo' height='200' width='200' decoding='async'\/>","author_avatar_url":"https:\/\/secure.gravatar.com\/avatar\/a37d6b270be81ecbf4ab9ca7260f2d1ee4d0295343706f0648e9d7a0d75243d3?s=96&d=mm&r=g","comment_count":0,"post_likes":0,"post_views":0},"tpgb_post_category":[],"jetpack_shortlink":"https:\/\/wp.me\/PfpPaI-Cnb","amp_enabled":true,"_links":{"self":[{"href":"https:\/\/onedesk.com\/nl\/wp-json\/wp\/v2\/pages\/147509","targetHints":{"allow":["GET"]}}],"collection":[{"href":"https:\/\/onedesk.com\/nl\/wp-json\/wp\/v2\/pages"}],"about":[{"href":"https:\/\/onedesk.com\/nl\/wp-json\/wp\/v2\/types\/page"}],"author":[{"embeddable":true,"href":"https:\/\/onedesk.com\/nl\/wp-json\/wp\/v2\/users\/1"}],"replies":[{"embeddable":true,"href":"https:\/\/onedesk.com\/nl\/wp-json\/wp\/v2\/comments?post=147509"}],"version-history":[{"count":0,"href":"https:\/\/onedesk.com\/nl\/wp-json\/wp\/v2\/pages\/147509\/revisions"}],"up":[{"embeddable":true,"href":"https:\/\/onedesk.com\/nl\/wp-json\/wp\/v2\/pages\/96783"}],"wp:attachment":[{"href":"https:\/\/onedesk.com\/nl\/wp-json\/wp\/v2\/media?parent=147509"}],"curies":[{"name":"wp","href":"https:\/\/api.w.org\/{rel}","templated":true}]}}