{"id":152366,"date":"2021-12-16T20:37:43","date_gmt":"2021-12-16T20:37:43","guid":{"rendered":"https:\/\/onedesk.com\/kenmerken-index\/integraties\/"},"modified":"2024-07-19T21:02:33","modified_gmt":"2024-07-19T21:02:33","slug":"integraties","status":"publish","type":"page","link":"https:\/\/onedesk.com\/nl\/kenmerken-index\/integraties\/","title":{"rendered":"Integraties"},"content":{"rendered":"\t\t<div data-elementor-type=\"wp-page\" data-elementor-id=\"152366\" class=\"elementor elementor-152366 elementor-101176\" data-elementor-post-type=\"page\">\n\t\t\t\t\t\t<section class=\"elementor-section elementor-top-section elementor-element elementor-element-4053034 elementor-section-boxed elementor-section-height-default elementor-section-height-default\" data-id=\"4053034\" data-element_type=\"section\" data-e-type=\"section\">\n\t\t\t\t\t\t<div class=\"elementor-container elementor-column-gap-default\">\n\t\t\t\t\t<div class=\"elementor-column elementor-col-100 elementor-top-column elementor-element elementor-element-83b99aa\" data-id=\"83b99aa\" data-element_type=\"column\" data-e-type=\"column\">\n\t\t\t<div class=\"elementor-widget-wrap elementor-element-populated\">\n\t\t\t\t\t\t<div class=\"elementor-element elementor-element-34661ea elementor-widget elementor-widget-heading\" data-id=\"34661ea\" data-element_type=\"widget\" data-e-type=\"widget\" data-widget_type=\"heading.default\">\n\t\t\t\t<div class=\"elementor-widget-container\">\n\t\t\t\t\t<h1 class=\"elementor-heading-title elementor-size-default\">Integraties<\/h1>\t\t\t\t<\/div>\n\t\t\t\t<\/div>\n\t\t\t\t<div class=\"elementor-element elementor-element-decfbf7 elementor-widget elementor-widget-text-editor\" data-id=\"decfbf7\" data-element_type=\"widget\" data-e-type=\"widget\" data-widget_type=\"text-editor.default\">\n\t\t\t\t<div class=\"elementor-widget-container\">\n\t\t\t\t\t\t\t\t\t<p>Integreer uw andere tools eenvoudig met OneDesk<\/p>\n\t\t\t\t\t\t\t\t<\/div>\n\t\t\t\t<\/div>\n\t\t\t\t<div class=\"elementor-element elementor-element-9b2a583 elementor-align-center elementor-widget elementor-widget-global elementor-global-131872 elementor-widget-button\" data-id=\"9b2a583\" data-element_type=\"widget\" data-e-type=\"widget\" data-widget_type=\"button.default\">\n\t\t\t\t<div class=\"elementor-widget-container\">\n\t\t\t\t\t\t\t\t\t<div class=\"elementor-button-wrapper\">\n\t\t\t\t\t<a class=\"elementor-button elementor-button-link elementor-size-lg elementor-animation-grow\" href=\"\/signupfree\/\">\n\t\t\t\t\t\t<span class=\"elementor-button-content-wrapper\">\n\t\t\t\t\t\t\t\t\t<span class=\"elementor-button-text\">Sign up free!<\/span>\n\t\t\t\t\t<\/span>\n\t\t\t\t\t<\/a>\n\t\t\t\t<\/div>\n\t\t\t\t\t\t\t\t<\/div>\n\t\t\t\t<\/div>\n\t\t\t\t\t<\/div>\n\t\t<\/div>\n\t\t\t\t\t<\/div>\n\t\t<\/section>\n\t\t\t\t<section class=\"elementor-section elementor-top-section elementor-element elementor-element-9ec4823 elementor-section-boxed elementor-section-height-default elementor-section-height-default\" data-id=\"9ec4823\" data-element_type=\"section\" data-e-type=\"section\">\n\t\t\t\t\t\t<div class=\"elementor-container elementor-column-gap-default\">\n\t\t\t\t\t<div class=\"elementor-column elementor-col-50 elementor-top-column elementor-element elementor-element-54595f0\" data-id=\"54595f0\" data-element_type=\"column\" data-e-type=\"column\">\n\t\t\t<div class=\"elementor-widget-wrap elementor-element-populated\">\n\t\t\t\t\t\t<div class=\"elementor-element elementor-element-04e81ca elementor-widget elementor-widget-image\" data-id=\"04e81ca\" data-element_type=\"widget\" data-e-type=\"widget\" data-widget_type=\"image.default\">\n\t\t\t\t<div class=\"elementor-widget-container\">\n\t\t\t\t\t\t\t\t\t\t\t\t\t\t\t<img fetchpriority=\"high\" decoding=\"async\" width=\"1020\" height=\"1024\" src=\"https:\/\/onedesk.com\/wp-content\/uploads\/2021\/05\/logos-1020x1024.png\" class=\"attachment-large size-large wp-image-101187\" alt=\"integraties\" srcset=\"https:\/\/onedesk.com\/wp-content\/uploads\/2021\/05\/logos-1020x1024.png 1020w, https:\/\/onedesk.com\/wp-content\/uploads\/2021\/05\/logos-300x300.png 300w, https:\/\/onedesk.com\/wp-content\/uploads\/2021\/05\/logos-150x150.png 150w, https:\/\/onedesk.com\/wp-content\/uploads\/2021\/05\/logos-768x771.png 768w, https:\/\/onedesk.com\/wp-content\/uploads\/2021\/05\/logos-1530x1536.png 1530w, https:\/\/onedesk.com\/wp-content\/uploads\/2021\/05\/logos-299x300.png 299w, https:\/\/onedesk.com\/wp-content\/uploads\/2021\/05\/logos-897x900.png 897w, https:\/\/onedesk.com\/wp-content\/uploads\/2021\/05\/logos-255x256.png 255w, https:\/\/onedesk.com\/wp-content\/uploads\/2021\/05\/logos-80x80.png 80w, https:\/\/onedesk.com\/wp-content\/uploads\/2021\/05\/logos-40x40.png 40w, https:\/\/onedesk.com\/wp-content\/uploads\/2021\/05\/logos-60x60.png 60w, https:\/\/onedesk.com\/wp-content\/uploads\/2021\/05\/logos-480x482.png 480w, https:\/\/onedesk.com\/wp-content\/uploads\/2021\/05\/logos-500x502.png 500w, https:\/\/onedesk.com\/wp-content\/uploads\/2021\/05\/logos-750x753.png 750w, https:\/\/onedesk.com\/wp-content\/uploads\/2021\/05\/logos-360x361.png 360w, https:\/\/onedesk.com\/wp-content\/uploads\/2021\/05\/logos-380x380.png 380w, https:\/\/onedesk.com\/wp-content\/uploads\/2021\/05\/logos.png 1542w\" sizes=\"(max-width: 1020px) 100vw, 1020px\" \/>\t\t\t\t\t\t\t\t\t\t\t\t\t\t\t<\/div>\n\t\t\t\t<\/div>\n\t\t\t\t\t<\/div>\n\t\t<\/div>\n\t\t\t\t<div class=\"elementor-column elementor-col-50 elementor-top-column elementor-element elementor-element-0ebc8dc\" data-id=\"0ebc8dc\" data-element_type=\"column\" data-e-type=\"column\">\n\t\t\t<div class=\"elementor-widget-wrap elementor-element-populated\">\n\t\t\t\t\t\t<div class=\"elementor-element elementor-element-c448e55 elementor-widget elementor-widget-heading\" data-id=\"c448e55\" data-element_type=\"widget\" data-e-type=\"widget\" data-widget_type=\"heading.default\">\n\t\t\t\t<div class=\"elementor-widget-container\">\n\t\t\t\t\t<h2 class=\"elementor-heading-title elementor-size-default\">Integreer uw workflow in verschillende webapplicaties<\/h2>\t\t\t\t<\/div>\n\t\t\t\t<\/div>\n\t\t\t\t<div class=\"elementor-element elementor-element-e0e5efd elementor-widget elementor-widget-text-editor\" data-id=\"e0e5efd\" data-element_type=\"widget\" data-e-type=\"widget\" data-widget_type=\"text-editor.default\">\n\t\t\t\t<div class=\"elementor-widget-container\">\n\t\t\t\t\t\t\t\t\t<p>OneDesk biedt u kant-en-klare integraties met enkele van de meest populaire webapplicaties die worden gebruikt voor werkproductiviteit, communicatie, factureringsbeheer en meer. Met deze integraties kunt u uw workflow integreren tussen alle applicaties waarmee u al vertrouwd bent.  <a href=\"https:\/\/onedesk.com\/nl\/integreren-met-onedesk\/\"><a href=\"https:\/\/onedesk.com\/nl\/integreren-met-onedesk\/\">Klik om alle applicaties te bekijken waarmee OneDesk standaard kan worden ge\u00efntegreerd.<\/a><\/a><\/p>\n\t\t\t\t\t\t\t\t<\/div>\n\t\t\t\t<\/div>\n\t\t\t\t<div class=\"elementor-element elementor-element-36de15c elementor-widget elementor-widget-heading\" data-id=\"36de15c\" data-element_type=\"widget\" data-e-type=\"widget\" data-widget_type=\"heading.default\">\n\t\t\t\t<div class=\"elementor-widget-container\">\n\t\t\t\t\t<h2 class=\"elementor-heading-title elementor-size-default\">Out of the Box Zapier-integraties<\/h2>\t\t\t\t<\/div>\n\t\t\t\t<\/div>\n\t\t\t\t<div class=\"elementor-element elementor-element-5f7957e elementor-widget elementor-widget-text-editor\" data-id=\"5f7957e\" data-element_type=\"widget\" data-e-type=\"widget\" data-widget_type=\"text-editor.default\">\n\t\t\t\t<div class=\"elementor-widget-container\">\n\t\t\t\t\t\t\t\t\t<p>Dankzij de integratie van OneDesk met Zapier kunt u OneDesk verbinden met honderden webapplicaties. Geautomatiseerde verbindingen genaamd \u201cZaps\u201d kunnen binnen enkele minuten worden opgezet zonder dat codering vereist is. Deze Zaps kunnen u helpen uw dagelijkse taken te automatiseren en workflows op te bouwen tussen OneDesk en honderden andere populaire applicaties.  <a href=\"https:\/\/zapier.com\/apps\/onedesk\/integrations\"><a href=\"https:\/\/zapier.com\/apps\/onedesk\/integrations\">Bekijk hier alle mogelijke Zapier-integraties.<\/a><\/a><\/p>\n\t\t\t\t\t\t\t\t<\/div>\n\t\t\t\t<\/div>\n\t\t\t\t<div class=\"elementor-element elementor-element-69afbb9 elementor-widget elementor-widget-heading\" data-id=\"69afbb9\" data-element_type=\"widget\" data-e-type=\"widget\" data-widget_type=\"heading.default\">\n\t\t\t\t<div class=\"elementor-widget-container\">\n\t\t\t\t\t<h2 class=\"elementor-heading-title elementor-size-default\">Bouw uw eigen met API<\/h2>\t\t\t\t<\/div>\n\t\t\t\t<\/div>\n\t\t\t\t<div class=\"elementor-element elementor-element-856e475 elementor-widget elementor-widget-text-editor\" data-id=\"856e475\" data-element_type=\"widget\" data-e-type=\"widget\" data-widget_type=\"text-editor.default\">\n\t\t\t\t<div class=\"elementor-widget-container\">\n\t\t\t\t\t\t\t\t\t<p>Wilt u uw eigen integratie coderen? OneDesk heeft ook een openbare REST API waarmee u nog meer apps kunt koppelen. Bezoek onze <a href=\"https:\/\/onedesk.com\/dev\/\">API-documentatie<\/a> .  <\/p>\n\t\t\t\t\t\t\t\t<\/div>\n\t\t\t\t<\/div>\n\t\t\t\t\t<\/div>\n\t\t<\/div>\n\t\t\t\t\t<\/div>\n\t\t<\/section>\n\t\t\t\t<section class=\"elementor-section elementor-top-section elementor-element elementor-element-f9deb9a elementor-section-boxed elementor-section-height-default elementor-section-height-default\" data-id=\"f9deb9a\" data-element_type=\"section\" data-e-type=\"section\">\n\t\t\t\t\t\t<div class=\"elementor-container elementor-column-gap-default\">\n\t\t\t\t\t<div class=\"elementor-column elementor-col-100 elementor-top-column elementor-element elementor-element-fb98e8b\" data-id=\"fb98e8b\" data-element_type=\"column\" data-e-type=\"column\">\n\t\t\t<div class=\"elementor-widget-wrap elementor-element-populated\">\n\t\t\t\t\t\t<div class=\"elementor-element elementor-element-f3613e4 elementor-widget elementor-widget-heading\" data-id=\"f3613e4\" data-element_type=\"widget\" data-e-type=\"widget\" data-widget_type=\"heading.default\">\n\t\t\t\t<div class=\"elementor-widget-container\">\n\t\t\t\t\t<h2 class=\"elementor-heading-title elementor-size-default\">Leermiddelen<\/h2>\t\t\t\t<\/div>\n\t\t\t\t<\/div>\n\t\t\t\t\t<\/div>\n\t\t<\/div>\n\t\t\t\t\t<\/div>\n\t\t<\/section>\n\t\t\t\t<section class=\"elementor-section elementor-top-section elementor-element elementor-element-8067ce1 elementor-section-boxed elementor-section-height-default elementor-section-height-default\" data-id=\"8067ce1\" data-element_type=\"section\" data-e-type=\"section\">\n\t\t\t\t\t\t<div class=\"elementor-container elementor-column-gap-default\">\n\t\t\t\t\t<div class=\"elementor-column elementor-col-33 elementor-top-column elementor-element elementor-element-59521d5\" data-id=\"59521d5\" data-element_type=\"column\" data-e-type=\"column\" data-settings=\"{&quot;background_background&quot;:&quot;classic&quot;}\">\n\t\t\t<div class=\"elementor-widget-wrap elementor-element-populated\">\n\t\t\t\t\t\t<div class=\"elementor-element elementor-element-0944909 elementor-widget elementor-widget-heading\" data-id=\"0944909\" data-element_type=\"widget\" data-e-type=\"widget\" data-widget_type=\"heading.default\">\n\t\t\t\t<div class=\"elementor-widget-container\">\n\t\t\t\t\t<h3 class=\"elementor-heading-title elementor-size-default\"><a href=\"https:\/\/kb.onedesk.com\/app-od\/o-onedesk\/knowledge-base-1\/article-235d90bf-f375-49ad-b5f5-6edaca16ad3c\">Integratie met QuickBooks  <\/a><\/h3>\t\t\t\t<\/div>\n\t\t\t\t<\/div>\n\t\t\t\t<div class=\"elementor-element elementor-element-c76ce5f elementor-widget elementor-widget-text-editor\" data-id=\"c76ce5f\" data-element_type=\"widget\" data-e-type=\"widget\" data-widget_type=\"text-editor.default\">\n\t\t\t\t<div class=\"elementor-widget-container\">\n\t\t\t\t\t\t\t\t\t<p>Push urenstaten van OneDesk naar tijdactiviteiten in QuickBooks.<\/p>\n<p><a href=\"https:\/\/kb.onedesk.com\/app-od\/o-onedesk\/knowledge-base-1\/article-235d90bf-f375-49ad-b5f5-6edaca16ad3c\"><strong>Leer meer&gt;&gt;<\/strong><\/a><\/p>\n\t\t\t\t\t\t\t\t<\/div>\n\t\t\t\t<\/div>\n\t\t\t\t\t<\/div>\n\t\t<\/div>\n\t\t\t\t<div class=\"elementor-column elementor-col-33 elementor-top-column elementor-element elementor-element-984f813\" data-id=\"984f813\" data-element_type=\"column\" data-e-type=\"column\" data-settings=\"{&quot;background_background&quot;:&quot;classic&quot;}\">\n\t\t\t<div class=\"elementor-widget-wrap elementor-element-populated\">\n\t\t\t\t\t\t<div class=\"elementor-element elementor-element-fc061b8 elementor-widget elementor-widget-heading\" data-id=\"fc061b8\" data-element_type=\"widget\" data-e-type=\"widget\" data-widget_type=\"heading.default\">\n\t\t\t\t<div class=\"elementor-widget-container\">\n\t\t\t\t\t<h3 class=\"elementor-heading-title elementor-size-default\"><a href=\"https:\/\/kb.onedesk.com\/app-od\/o-onedesk\/knowledge-base-1\/article-16eba41d-a062-4bf2-9ec1-6926a858a432\">SSO gebruiken<\/a><\/h3>\t\t\t\t<\/div>\n\t\t\t\t<\/div>\n\t\t\t\t<div class=\"elementor-element elementor-element-f22d004 elementor-widget elementor-widget-text-editor\" data-id=\"f22d004\" data-element_type=\"widget\" data-e-type=\"widget\" data-widget_type=\"text-editor.default\">\n\t\t\t\t<div class=\"elementor-widget-container\">\n\t\t\t\t\t\t\t\t\t<p>OneDesk biedt Single Sign On (SSO) voor zowel gebruikers als klanten.  <\/p>\n<p><strong><a href=\"https:\/\/kb.onedesk.com\/app-od\/o-onedesk\/knowledge-base-1\/article-16eba41d-a062-4bf2-9ec1-6926a858a432\">Leer meer&gt;&gt;<\/a><\/strong><\/p>\n\t\t\t\t\t\t\t\t<\/div>\n\t\t\t\t<\/div>\n\t\t\t\t\t<\/div>\n\t\t<\/div>\n\t\t\t\t<div class=\"elementor-column elementor-col-33 elementor-top-column elementor-element elementor-element-97bb14e\" data-id=\"97bb14e\" data-element_type=\"column\" data-e-type=\"column\" data-settings=\"{&quot;background_background&quot;:&quot;classic&quot;}\">\n\t\t\t<div class=\"elementor-widget-wrap elementor-element-populated\">\n\t\t\t\t\t\t<div class=\"elementor-element elementor-element-5a47a0d elementor-widget elementor-widget-heading\" data-id=\"5a47a0d\" data-element_type=\"widget\" data-e-type=\"widget\" data-widget_type=\"heading.default\">\n\t\t\t\t<div class=\"elementor-widget-container\">\n\t\t\t\t\t<h3 class=\"elementor-heading-title elementor-size-default\"><a href=\"https:\/\/kb.onedesk.com\/app-od\/o-onedesk\/knowledge-base-1\/article-9956d826-aa53-442c-af87-193e8e7c4a5e\">Integreren met Zapier<\/a><\/h3>\t\t\t\t<\/div>\n\t\t\t\t<\/div>\n\t\t\t\t<div class=\"elementor-element elementor-element-7a2755f elementor-widget elementor-widget-text-editor\" data-id=\"7a2755f\" data-element_type=\"widget\" data-e-type=\"widget\" data-widget_type=\"text-editor.default\">\n\t\t\t\t<div class=\"elementor-widget-container\">\n\t\t\t\t\t\t\t\t\t<p>Met Zapier kun je je eigen integraties cre\u00ebren &#8211; geen codering vereist.  <\/p>\n<p><a href=\"https:\/\/kb.onedesk.com\/app-od\/o-onedesk\/knowledge-base-1\/article-9956d826-aa53-442c-af87-193e8e7c4a5e\"><strong>Leer meer&gt;&gt;<\/strong><\/a><\/p>\n\t\t\t\t\t\t\t\t<\/div>\n\t\t\t\t<\/div>\n\t\t\t\t\t<\/div>\n\t\t<\/div>\n\t\t\t\t\t<\/div>\n\t\t<\/section>\n\t\t\t\t<\/div>\n\t\t","protected":false},"excerpt":{"rendered":"<p>Integraties Integreer uw andere tools eenvoudig met OneDesk Sign up free! Integreer uw workflow in verschillende webapplicaties OneDesk biedt u kant-en-klare integraties met enkele van de meest populaire webapplicaties die worden gebruikt voor werkproductiviteit, communicatie, factureringsbeheer en meer. Met deze integraties kunt u uw workflow integreren tussen alle applicaties waarmee u al vertrouwd bent. Klik [&hellip;]<\/p>\n","protected":false},"author":27,"featured_media":0,"parent":151671,"menu_order":26,"comment_status":"closed","ping_status":"closed","template":"","meta":{"tpgb_global_settings":"","_crdt_document":"","inline_featured_image":false,"site-sidebar-layout":"default","site-content-layout":"","ast-site-content-layout":"default","site-content-style":"default","site-sidebar-style":"default","ast-global-header-display":"","ast-banner-title-visibility":"","ast-main-header-display":"","ast-hfb-above-header-display":"","ast-hfb-below-header-display":"","ast-hfb-mobile-header-display":"","site-post-title":"","ast-breadcrumbs-content":"","ast-featured-img":"","footer-sml-layout":"","ast-disable-related-posts":"","theme-transparent-header-meta":"","adv-header-id-meta":"","stick-header-meta":"","header-above-stick-meta":"","header-main-stick-meta":"","header-below-stick-meta":"","astra-migrate-meta-layouts":"default","ast-page-background-enabled":"default","ast-page-background-meta":{"desktop":{"background-color":"var(--ast-global-color-4)","background-image":"","background-repeat":"repeat","background-position":"center center","background-size":"auto","background-attachment":"scroll","background-type":"","background-media":"","overlay-type":"","overlay-color":"","overlay-opacity":"","overlay-gradient":""},"tablet":{"background-color":"","background-image":"","background-repeat":"repeat","background-position":"center center","background-size":"auto","background-attachment":"scroll","background-type":"","background-media":"","overlay-type":"","overlay-color":"","overlay-opacity":"","overlay-gradient":""},"mobile":{"background-color":"","background-image":"","background-repeat":"repeat","background-position":"center center","background-size":"auto","background-attachment":"scroll","background-type":"","background-media":"","overlay-type":"","overlay-color":"","overlay-opacity":"","overlay-gradient":""}},"ast-content-background-meta":{"desktop":{"background-color":"var(--ast-global-color-5)","background-image":"","background-repeat":"repeat","background-position":"center center","background-size":"auto","background-attachment":"scroll","background-type":"","background-media":"","overlay-type":"","overlay-color":"","overlay-opacity":"","overlay-gradient":""},"tablet":{"background-color":"var(--ast-global-color-5)","background-image":"","background-repeat":"repeat","background-position":"center center","background-size":"auto","background-attachment":"scroll","background-type":"","background-media":"","overlay-type":"","overlay-color":"","overlay-opacity":"","overlay-gradient":""},"mobile":{"background-color":"var(--ast-global-color-5)","background-image":"","background-repeat":"repeat","background-position":"center center","background-size":"auto","background-attachment":"scroll","background-type":"","background-media":"","overlay-type":"","overlay-color":"","overlay-opacity":"","overlay-gradient":""}},"footnotes":""},"class_list":["post-152366","page","type-page","status-publish","hentry"],"yoast_head":"<!-- This site is optimized with the Yoast SEO Premium plugin v27.6 (Yoast SEO v27.6) - https:\/\/yoast.com\/product\/yoast-seo-premium-wordpress\/ -->\n<title>Integraties | Kenmerken | OneDesk HelpDesk- en projectbeheer-app<\/title>\n<meta name=\"description\" content=\"OneDesk is helpdesk- en projectmanagementsoftware in \u00e9\u00e9n. OneDesk kan worden ge\u00efntegreerd met uw favoriete webapplicaties.\" \/>\n<meta name=\"robots\" content=\"index, follow, max-snippet:-1, max-image-preview:large, max-video-preview:-1\" \/>\n<link rel=\"canonical\" href=\"https:\/\/onedesk.com\/nl\/kenmerken-index\/integraties\/\" \/>\n<meta property=\"og:locale\" content=\"nl_NL\" \/>\n<meta property=\"og:type\" content=\"article\" \/>\n<meta property=\"og:title\" content=\"Integraties | Kenmerken | OneDesk HelpDesk- en projectbeheer-app\" \/>\n<meta property=\"og:description\" content=\"OneDesk is helpdesk- en projectmanagementsoftware in \u00e9\u00e9n. OneDesk kan worden ge\u00efntegreerd met uw favoriete webapplicaties.\" \/>\n<meta property=\"og:url\" content=\"https:\/\/onedesk.com\/nl\/kenmerken-index\/integraties\/\" \/>\n<meta property=\"og:site_name\" content=\"OneDesk\" \/>\n<meta property=\"article:publisher\" content=\"https:\/\/www.facebook.com\/OneDeskApp\" \/>\n<meta property=\"article:modified_time\" content=\"2024-07-19T21:02:33+00:00\" \/>\n<meta property=\"og:image\" content=\"https:\/\/onedesk.com\/wp-content\/uploads\/2021\/05\/logos-1020x1024.png\" \/>\n<meta name=\"twitter:card\" content=\"summary_large_image\" \/>\n<meta name=\"twitter:site\" content=\"@OneDeskApp\" \/>\n<meta name=\"twitter:label1\" content=\"Est. reading time\" \/>\n\t<meta name=\"twitter:data1\" content=\"1 minute\" \/>\n<!-- \/ Yoast SEO Premium plugin. -->","yoast_head_json":{"title":"Integraties | Kenmerken | OneDesk HelpDesk- en projectbeheer-app","description":"OneDesk is helpdesk- en projectmanagementsoftware in \u00e9\u00e9n. OneDesk kan worden ge\u00efntegreerd met uw favoriete webapplicaties.","robots":{"index":"index","follow":"follow","max-snippet":"max-snippet:-1","max-image-preview":"max-image-preview:large","max-video-preview":"max-video-preview:-1"},"canonical":"https:\/\/onedesk.com\/nl\/kenmerken-index\/integraties\/","og_locale":"nl_NL","og_type":"article","og_title":"Integraties | Kenmerken | OneDesk HelpDesk- en projectbeheer-app","og_description":"OneDesk is helpdesk- en projectmanagementsoftware in \u00e9\u00e9n. OneDesk kan worden ge\u00efntegreerd met uw favoriete webapplicaties.","og_url":"https:\/\/onedesk.com\/nl\/kenmerken-index\/integraties\/","og_site_name":"OneDesk","article_publisher":"https:\/\/www.facebook.com\/OneDeskApp","article_modified_time":"2024-07-19T21:02:33+00:00","og_image":[{"url":"https:\/\/onedesk.com\/wp-content\/uploads\/2021\/05\/logos-1020x1024.png","type":"","width":"","height":""}],"twitter_card":"summary_large_image","twitter_site":"@OneDeskApp","twitter_misc":{"Est. reading time":"1 minute"},"schema":{"@context":"https:\/\/schema.org","@graph":[{"@type":"WebPage","@id":"https:\/\/onedesk.com\/nl\/kenmerken-index\/integraties\/","url":"https:\/\/onedesk.com\/nl\/kenmerken-index\/integraties\/","name":"Integraties | Kenmerken | OneDesk HelpDesk- en projectbeheer-app","isPartOf":{"@id":"https:\/\/onedesk.com\/nl\/#website"},"primaryImageOfPage":{"@id":"https:\/\/onedesk.com\/nl\/kenmerken-index\/integraties\/#primaryimage"},"image":{"@id":"https:\/\/onedesk.com\/nl\/kenmerken-index\/integraties\/#primaryimage"},"thumbnailUrl":"https:\/\/onedesk.com\/wp-content\/uploads\/2021\/05\/logos-1020x1024.png","datePublished":"2021-12-16T20:37:43+00:00","dateModified":"2024-07-19T21:02:33+00:00","description":"OneDesk is helpdesk- en projectmanagementsoftware in \u00e9\u00e9n. OneDesk kan worden ge\u00efntegreerd met uw favoriete webapplicaties.","breadcrumb":{"@id":"https:\/\/onedesk.com\/nl\/kenmerken-index\/integraties\/#breadcrumb"},"inLanguage":"nl-NL","potentialAction":[{"@type":"ReadAction","target":["https:\/\/onedesk.com\/nl\/kenmerken-index\/integraties\/"]}]},{"@type":"ImageObject","inLanguage":"nl-NL","@id":"https:\/\/onedesk.com\/nl\/kenmerken-index\/integraties\/#primaryimage","url":"https:\/\/onedesk.com\/wp-content\/uploads\/2021\/05\/logos-1020x1024.png","contentUrl":"https:\/\/onedesk.com\/wp-content\/uploads\/2021\/05\/logos-1020x1024.png"},{"@type":"BreadcrumbList","@id":"https:\/\/onedesk.com\/nl\/kenmerken-index\/integraties\/#breadcrumb","itemListElement":[{"@type":"ListItem","position":1,"name":"Index van OneDesk-functies","item":"https:\/\/onedesk.com\/nl\/kenmerken-index\/"},{"@type":"ListItem","position":2,"name":"Integraties"}]},{"@type":"WebSite","@id":"https:\/\/onedesk.com\/nl\/#website","url":"https:\/\/onedesk.com\/nl\/","name":"OneDesk","description":"Projectbeheer en helpdesksoftware","publisher":{"@id":"https:\/\/onedesk.com\/nl\/#organization"},"potentialAction":[{"@type":"SearchAction","target":{"@type":"EntryPoint","urlTemplate":"https:\/\/onedesk.com\/nl\/?s={search_term_string}"},"query-input":{"@type":"PropertyValueSpecification","valueRequired":true,"valueName":"search_term_string"}}],"inLanguage":"nl-NL"},{"@type":"Organization","@id":"https:\/\/onedesk.com\/nl\/#organization","name":"OneDesk","url":"https:\/\/onedesk.com\/nl\/","logo":{"@type":"ImageObject","inLanguage":"nl-NL","@id":"https:\/\/onedesk.com\/nl\/#\/schema\/logo\/image\/","url":"https:\/\/onedesk.com\/wp-content\/uploads\/2016\/01\/white-logo-small.png","contentUrl":"https:\/\/onedesk.com\/wp-content\/uploads\/2016\/01\/white-logo-small.png","width":207,"height":40,"caption":"OneDesk"},"image":{"@id":"https:\/\/onedesk.com\/nl\/#\/schema\/logo\/image\/"},"sameAs":["https:\/\/www.facebook.com\/OneDeskApp","https:\/\/x.com\/OneDeskApp","https:\/\/www.instagram.com\/onedeskapp\/","https:\/\/www.linkedin.com\/company\/onedesk-inc-1","https:\/\/www.pinterest.com\/onedesk\/","https:\/\/www.youtube.com\/user\/OneDeskApp"]}]}},"tpgb_featured_images":null,"tpgb_post_meta_info":{"get_date":"December 16, 2021","get_modified_date":"July 19, 2024","author_name":"Sabrin Yusef","author_url":"https:\/\/onedesk.com\/nl\/author\/sarbin-yusef\/","author_email":"sabrin.yusef@onedesk.com","author_website":"","author_description":"","author_facebook":"","author_twitter":"","author_instagram":"","author_role":["customer"],"author_firstname":"Sabrin","author_lastname":"Yusef","user_login":"sarbin.yusef","author_avatar":"<img alt='' src='https:\/\/secure.gravatar.com\/avatar\/1f20332b0900369c93c9c272e03885bde073bf214b3dd3eb4bea569a45bea588?s=200&#038;d=mm&#038;r=g' srcset='https:\/\/secure.gravatar.com\/avatar\/1f20332b0900369c93c9c272e03885bde073bf214b3dd3eb4bea569a45bea588?s=400&#038;d=mm&#038;r=g 2x' class='avatar avatar-200 photo' height='200' width='200' decoding='async'\/>","author_avatar_url":"https:\/\/secure.gravatar.com\/avatar\/1f20332b0900369c93c9c272e03885bde073bf214b3dd3eb4bea569a45bea588?s=96&d=mm&r=g","comment_count":0,"post_likes":0,"post_views":0},"tpgb_post_category":[],"jetpack_shortlink":"https:\/\/wp.me\/PfpPaI-DDw","amp_enabled":true,"_links":{"self":[{"href":"https:\/\/onedesk.com\/nl\/wp-json\/wp\/v2\/pages\/152366","targetHints":{"allow":["GET"]}}],"collection":[{"href":"https:\/\/onedesk.com\/nl\/wp-json\/wp\/v2\/pages"}],"about":[{"href":"https:\/\/onedesk.com\/nl\/wp-json\/wp\/v2\/types\/page"}],"author":[{"embeddable":true,"href":"https:\/\/onedesk.com\/nl\/wp-json\/wp\/v2\/users\/27"}],"replies":[{"embeddable":true,"href":"https:\/\/onedesk.com\/nl\/wp-json\/wp\/v2\/comments?post=152366"}],"version-history":[{"count":5,"href":"https:\/\/onedesk.com\/nl\/wp-json\/wp\/v2\/pages\/152366\/revisions"}],"predecessor-version":[{"id":273460,"href":"https:\/\/onedesk.com\/nl\/wp-json\/wp\/v2\/pages\/152366\/revisions\/273460"}],"up":[{"embeddable":true,"href":"https:\/\/onedesk.com\/nl\/wp-json\/wp\/v2\/pages\/151671"}],"wp:attachment":[{"href":"https:\/\/onedesk.com\/nl\/wp-json\/wp\/v2\/media?parent=152366"}],"curies":[{"name":"wp","href":"https:\/\/api.w.org\/{rel}","templated":true}]}}