{"id":157763,"date":"2021-12-21T21:44:03","date_gmt":"2021-12-21T21:44:03","guid":{"rendered":"https:\/\/onedesk.com\/onedesk-security-2\/"},"modified":"2021-12-21T21:44:03","modified_gmt":"2021-12-21T21:44:03","slug":"onedesk-security-2","status":"publish","type":"page","link":"https:\/\/onedesk.com\/nl\/onedesk-security-2\/","title":{"rendered":"OneDesk-beveiliging en privacy"},"content":{"rendered":"<p>OneDesk begrijpt het belang van beveiliging en privacy. Daarom geven we prioriteit aan het beschermen en beveiligen van de gegevens van onze klanten. OneDesk gebruikt verschillende beveiligingsmaatregelen om ervoor te zorgen dat uw gegevens te allen tijde worden beschermd:<br \/>\n<\/br><br \/>\n<\/br><\/p>\n<h2>OneDesk wordt gehost op AWS<\/h2>\n<p>De OneDesk-servers worden gehost op Amazon Web Services (AWS) in de Verenigde Staten. Deze beveiligde faciliteiten zijn waar veel van &#8216;s werelds grootste bedrijven hun gegevens en diensten hosten. AWS houdt zich aan meerdere beveiligingsnormen en nalevingscertificeringen, zoals PCI-DSS, HIPAA\/HITECH, FedRAMP, AVG, FIPS 140-2 en NIST 800-171. U kunt <a href=\"https:\/\/aws.amazon.com\/security\/\">hier<\/a> meer lezen over de beveiliging van AWS.<br \/>\n<\/br><br \/>\n<\/br><\/p>\n<h2>SSL-codering<\/h2>\n<p>OneDesk draagt gegevens volledig over via SSL (Secure Sockets Layer). OneDesk gebruikt het SSL-coderingsbeveiligingsprotocol om ervoor te zorgen dat uw gegevens worden gecodeerd wanneer deze worden overgedragen tussen ons systeem en uw computers en apparaten. Over-the-wire gegevens worden tijdens het transport altijd versleuteld, zodat uw informatie beschermd is.<br \/>\n<\/br><br \/>\n<\/br><\/p>\n<h2>Versleutelde inloggegevens<\/h2>\n<p>OneDesk biedt ook bescherming voor uw gebruikersnamen en wachtwoorden. Hoewel deze informatie op onze servers wordt opgeslagen, wordt deze gecodeerd om de bescherming ervan te garanderen.<br \/>\n<\/br><br \/>\n<\/br><\/p>\n<h2>Cloudback-ups voor uw gegevens<\/h2>\n<p>OneDesk plant en voert elke 6 uur een cloudback-up uit van al uw gegevens in ons systeem. Dit is om ervoor te zorgen dat, mochten er zich problemen voordoen in ons systeem, u niet meer dan 6 uur aan gegevens verliest (tot op heden is dit gegevensverlies nooit voorgekomen). Als extra maatregel kunnen uw werkitems die zijn opgeslagen op de OneDesk-servers ook op elk moment naar CSV worden ge\u00ebxporteerd met behulp van onze exportweergave en rapportagefuncties. Hierdoor kunt u indien nodig uw eigen back-ups maken.<br \/>\n<\/br><br \/>\n<\/br><\/p>\n<h2>Geen opgeslagen creditcardgegevens<\/h2>\n<p>Wanneer u een betaald abonnement op OneDesk hebt, wordt de creditcardverwerking uitgevoerd door Stripe, een extern online betalingsverwerkingsbedrijf. OneDesk registreert nooit creditcardgegevens. Dit zorgt voor naleving van de Payment Card Industry Data Security Standard (PCI DSS). U kunt <a href=\"https:\/\/stripe.com\/docs\/security\/stripe\">hier<\/a> meer te weten komen over de beveiligingsmaatregelen van Stripe.<br \/>\n<\/br><br \/>\n<\/br><\/p>\n<h2>NIST-standaarden voor wachtwoorden<\/h2>\n<p>OneDesk volgt de wachtwoordvereisten van het National Institute of Standards and Technology (NIST). OneDesk begrijpt dat het hebben van sterke wachtwoorden de beveiliging van uw gegevens verbetert, dus we zorgen ervoor dat de gegevens van onze klanten worden beschermd met wachtwoorden die voldoen aan de NIST-richtlijnen die zijn uiteengezet in 800-63B, die u <a href=\"https:\/\/pages.nist.gov\/800-63-3\/sp800-63b.html\">hier<\/a> kunt vinden.<br \/>\n<\/br><br \/>\n<\/br><\/p>\n<h2>Afgedwongen sessie time-out (optioneel)<\/h2>\n<p>We begrijpen dat onze klanten andere prioriteiten hebben die ertoe kunnen leiden dat ze OneDesk onbeheerd openlaten in een webbrowser. Dit is de reden waarom we sessietime-outs afdwingen, waardoor u automatisch wordt uitgelogd bij OneDesk als u uw bureau een tijdje onbeheerd achterlaat. Houd er rekening mee dat dit een optionele beveiligingsfunctie is die u kunt uitschakelen.<br \/>\n<\/br><br \/>\n<\/br><\/p>\n<h2>On-Premise &amp; Private Cloud-implementatie<\/h2>\n<p>Als u de beveiliging zelf wilt beheren of vanwege compliance-redenen moet doen, bieden wij on-premise of private cloud-implementatie. Voor de private cloud wordt deze gehost op AWS of Microsoft Azure. We bieden ook on-premise als u op uw eigen servers wilt hosten. Deze opties hebben minimale gebruiksvereisten en aparte prijzen. Neem contact met ons op voor meer informatie.<br \/>\n<\/br><br \/>\n<\/br><\/p>\n<h2>Privacy<\/h2>\n<p>OneDesk geeft veel om uw privacy. U kunt <a href=\"https:\/\/onedesk.com\/gdpr\/\">hier<\/a> meer lezen over onze naleving van de AVG. U kunt ook ons <a href=\"https:\/\/onedesk.com\/privacy-policy\/\">privacybeleid<\/a> lezen.<br \/>\n<\/br><br \/>\n<\/br><\/p>\n<h2>Mogelijkheden voor eenmalige aanmelding<\/h2>\n<p>OneDesk implementeert SAML versie 2.0, Open ID Connect en andere identiteitsproviders zodat u Single Sign-On (SSO) kunt inschakelen voor uw gebruikers en klanten. We integreren ook met Azure Active Directory. SSO-mogelijkheden verminderen het aantal aanvalsoppervlakken wanneer uw gebruikers en klanten slechts \u00e9\u00e9n set inloggegevens gebruiken.<br \/>\n<\/br><br \/>\n<\/br><\/p>\n<h2>Interne toegangsrechten<\/h2>\n<p>Met OneDesk kunt u toegangsrechten op toepassingsniveau instellen in de OneDesk-app. Dit zorgt ervoor dat u controle heeft over welke applicaties uw interne gebruikers kunnen gebruiken en wat ze binnen die applicaties kunnen doen.<br \/>\n<\/br><br \/>\n<\/br><\/p>\n<h2>FedRAMP-naleving<\/h2>\n<p>Hoewel OneDesk geen onafhankelijke FedRAMP-autorisatie heeft, worden we gehost op Amazon Web Services in de regio VS-Oost. <a href=\"https:\/\/aws.amazon.com\/compliance\/fedramp\/\">AWS is FedRAMP-compatibel<\/a> in deze regio.<\/p>\n<p><a href=\"https:\/\/onedesk.com\/terms-and-conditions\/\">Lees onze Algemene voorwaarden.<\/a><\/p>\n","protected":false},"excerpt":{"rendered":"<p>OneDesk begrijpt het belang van beveiliging en privacy. Daarom geven we prioriteit aan het beschermen en beveiligen van de gegevens van onze klanten. OneDesk gebruikt verschillende beveiligingsmaatregelen om ervoor te zorgen dat uw gegevens te allen tijde worden beschermd: OneDesk wordt gehost op AWS De OneDesk-servers worden gehost op Amazon Web Services (AWS) in de [&hellip;]<\/p>\n","protected":false},"author":27,"featured_media":0,"parent":0,"menu_order":0,"comment_status":"closed","ping_status":"closed","template":"","meta":{"tpgb_global_settings":"","_crdt_document":"","inline_featured_image":false,"site-sidebar-layout":"default","site-content-layout":"","ast-site-content-layout":"default","site-content-style":"default","site-sidebar-style":"default","ast-global-header-display":"","ast-banner-title-visibility":"","ast-main-header-display":"","ast-hfb-above-header-display":"","ast-hfb-below-header-display":"","ast-hfb-mobile-header-display":"","site-post-title":"","ast-breadcrumbs-content":"","ast-featured-img":"","footer-sml-layout":"","ast-disable-related-posts":"","theme-transparent-header-meta":"","adv-header-id-meta":"","stick-header-meta":"","header-above-stick-meta":"","header-main-stick-meta":"","header-below-stick-meta":"","astra-migrate-meta-layouts":"default","ast-page-background-enabled":"default","ast-page-background-meta":{"desktop":{"background-color":"var(--ast-global-color-4)","background-image":"","background-repeat":"repeat","background-position":"center center","background-size":"auto","background-attachment":"scroll","background-type":"","background-media":"","overlay-type":"","overlay-color":"","overlay-opacity":"","overlay-gradient":""},"tablet":{"background-color":"","background-image":"","background-repeat":"repeat","background-position":"center center","background-size":"auto","background-attachment":"scroll","background-type":"","background-media":"","overlay-type":"","overlay-color":"","overlay-opacity":"","overlay-gradient":""},"mobile":{"background-color":"","background-image":"","background-repeat":"repeat","background-position":"center center","background-size":"auto","background-attachment":"scroll","background-type":"","background-media":"","overlay-type":"","overlay-color":"","overlay-opacity":"","overlay-gradient":""}},"ast-content-background-meta":{"desktop":{"background-color":"var(--ast-global-color-5)","background-image":"","background-repeat":"repeat","background-position":"center center","background-size":"auto","background-attachment":"scroll","background-type":"","background-media":"","overlay-type":"","overlay-color":"","overlay-opacity":"","overlay-gradient":""},"tablet":{"background-color":"var(--ast-global-color-5)","background-image":"","background-repeat":"repeat","background-position":"center center","background-size":"auto","background-attachment":"scroll","background-type":"","background-media":"","overlay-type":"","overlay-color":"","overlay-opacity":"","overlay-gradient":""},"mobile":{"background-color":"var(--ast-global-color-5)","background-image":"","background-repeat":"repeat","background-position":"center center","background-size":"auto","background-attachment":"scroll","background-type":"","background-media":"","overlay-type":"","overlay-color":"","overlay-opacity":"","overlay-gradient":""}},"footnotes":""},"class_list":["post-157763","page","type-page","status-publish","hentry"],"yoast_head":"<!-- This site is optimized with the Yoast SEO Premium plugin v27.5 (Yoast SEO v27.5) - https:\/\/yoast.com\/product\/yoast-seo-premium-wordpress\/ -->\n<title>OneDesk-beveiliging en privacy - OneDesk<\/title>\n<meta name=\"description\" content=\"OneDesk is helpdesksoftware en projectbeheersoftware in \u00e9\u00e9n applicatie. Werk samen met uw klanten aan hun projecten en tickets op \u00e9\u00e9n ge\u00efntegreerd platform.\" \/>\n<meta name=\"robots\" content=\"index, follow, max-snippet:-1, max-image-preview:large, max-video-preview:-1\" \/>\n<link rel=\"canonical\" href=\"https:\/\/onedesk.com\/nl\/onedesk-security-2\/\" \/>\n<meta property=\"og:locale\" content=\"nl_NL\" \/>\n<meta property=\"og:type\" content=\"article\" \/>\n<meta property=\"og:title\" content=\"OneDesk-beveiliging en privacy - OneDesk\" \/>\n<meta property=\"og:description\" content=\"OneDesk is helpdesksoftware en projectbeheersoftware in \u00e9\u00e9n applicatie. Werk samen met uw klanten aan hun projecten en tickets op \u00e9\u00e9n ge\u00efntegreerd platform.\" \/>\n<meta property=\"og:url\" content=\"https:\/\/onedesk.com\/nl\/onedesk-security-2\/\" \/>\n<meta property=\"og:site_name\" content=\"OneDesk\" \/>\n<meta property=\"article:publisher\" content=\"https:\/\/www.facebook.com\/OneDeskApp\" \/>\n<meta property=\"og:image\" content=\"https:\/\/onedesk.com\/wp-content\/uploads\/2020\/04\/OneDesk-Logo.png\" \/>\n\t<meta property=\"og:image:width\" content=\"1280\" \/>\n\t<meta property=\"og:image:height\" content=\"800\" \/>\n\t<meta property=\"og:image:type\" content=\"image\/png\" \/>\n<meta name=\"twitter:card\" content=\"summary_large_image\" \/>\n<meta name=\"twitter:site\" content=\"@OneDeskApp\" \/>\n<meta name=\"twitter:label1\" content=\"Est. reading time\" \/>\n\t<meta name=\"twitter:data1\" content=\"3 minutes\" \/>\n<!-- \/ Yoast SEO Premium plugin. -->","yoast_head_json":{"title":"OneDesk-beveiliging en privacy - OneDesk","description":"OneDesk is helpdesksoftware en projectbeheersoftware in \u00e9\u00e9n applicatie. Werk samen met uw klanten aan hun projecten en tickets op \u00e9\u00e9n ge\u00efntegreerd platform.","robots":{"index":"index","follow":"follow","max-snippet":"max-snippet:-1","max-image-preview":"max-image-preview:large","max-video-preview":"max-video-preview:-1"},"canonical":"https:\/\/onedesk.com\/nl\/onedesk-security-2\/","og_locale":"nl_NL","og_type":"article","og_title":"OneDesk-beveiliging en privacy - OneDesk","og_description":"OneDesk is helpdesksoftware en projectbeheersoftware in \u00e9\u00e9n applicatie. Werk samen met uw klanten aan hun projecten en tickets op \u00e9\u00e9n ge\u00efntegreerd platform.","og_url":"https:\/\/onedesk.com\/nl\/onedesk-security-2\/","og_site_name":"OneDesk","article_publisher":"https:\/\/www.facebook.com\/OneDeskApp","og_image":[{"width":1280,"height":800,"url":"https:\/\/onedesk.com\/wp-content\/uploads\/2020\/04\/OneDesk-Logo.png","type":"image\/png"}],"twitter_card":"summary_large_image","twitter_site":"@OneDeskApp","twitter_misc":{"Est. reading time":"3 minutes"},"schema":{"@context":"https:\/\/schema.org","@graph":[{"@type":"WebPage","@id":"https:\/\/onedesk.com\/nl\/onedesk-security-2\/","url":"https:\/\/onedesk.com\/nl\/onedesk-security-2\/","name":"OneDesk-beveiliging en privacy - OneDesk","isPartOf":{"@id":"https:\/\/onedesk.com\/nl\/#website"},"datePublished":"2021-12-21T21:44:03+00:00","description":"OneDesk is helpdesksoftware en projectbeheersoftware in \u00e9\u00e9n applicatie. Werk samen met uw klanten aan hun projecten en tickets op \u00e9\u00e9n ge\u00efntegreerd platform.","inLanguage":"nl-NL","potentialAction":[{"@type":"ReadAction","target":["https:\/\/onedesk.com\/nl\/onedesk-security-2\/"]}]},{"@type":"WebSite","@id":"https:\/\/onedesk.com\/nl\/#website","url":"https:\/\/onedesk.com\/nl\/","name":"OneDesk","description":"Projectbeheer en helpdesksoftware","publisher":{"@id":"https:\/\/onedesk.com\/nl\/#organization"},"potentialAction":[{"@type":"SearchAction","target":{"@type":"EntryPoint","urlTemplate":"https:\/\/onedesk.com\/nl\/?s={search_term_string}"},"query-input":{"@type":"PropertyValueSpecification","valueRequired":true,"valueName":"search_term_string"}}],"inLanguage":"nl-NL"},{"@type":"Organization","@id":"https:\/\/onedesk.com\/nl\/#organization","name":"OneDesk","url":"https:\/\/onedesk.com\/nl\/","logo":{"@type":"ImageObject","inLanguage":"nl-NL","@id":"https:\/\/onedesk.com\/nl\/#\/schema\/logo\/image\/","url":"https:\/\/onedesk.com\/wp-content\/uploads\/2016\/01\/white-logo-small.png","contentUrl":"https:\/\/onedesk.com\/wp-content\/uploads\/2016\/01\/white-logo-small.png","width":207,"height":40,"caption":"OneDesk"},"image":{"@id":"https:\/\/onedesk.com\/nl\/#\/schema\/logo\/image\/"},"sameAs":["https:\/\/www.facebook.com\/OneDeskApp","https:\/\/x.com\/OneDeskApp","https:\/\/www.instagram.com\/onedeskapp\/","https:\/\/www.linkedin.com\/company\/onedesk-inc-1","https:\/\/www.pinterest.com\/onedesk\/","https:\/\/www.youtube.com\/user\/OneDeskApp"]}]}},"tpgb_featured_images":null,"tpgb_post_meta_info":{"get_date":"December 21, 2021","get_modified_date":"December 21, 2021","author_name":"Sabrin Yusef","author_url":"https:\/\/onedesk.com\/nl\/author\/sarbin-yusef\/","author_email":"sabrin.yusef@onedesk.com","author_website":"","author_description":"","author_facebook":"","author_twitter":"","author_instagram":"","author_role":["customer"],"author_firstname":"Sabrin","author_lastname":"Yusef","user_login":"sarbin.yusef","author_avatar":"<img alt='' src='https:\/\/secure.gravatar.com\/avatar\/1f20332b0900369c93c9c272e03885bde073bf214b3dd3eb4bea569a45bea588?s=200&#038;d=mm&#038;r=g' srcset='https:\/\/secure.gravatar.com\/avatar\/1f20332b0900369c93c9c272e03885bde073bf214b3dd3eb4bea569a45bea588?s=400&#038;d=mm&#038;r=g 2x' class='avatar avatar-200 photo' height='200' width='200' decoding='async'\/>","author_avatar_url":"https:\/\/secure.gravatar.com\/avatar\/1f20332b0900369c93c9c272e03885bde073bf214b3dd3eb4bea569a45bea588?s=96&d=mm&r=g","comment_count":0,"post_likes":0,"post_views":0},"tpgb_post_category":[],"jetpack_shortlink":"https:\/\/wp.me\/PfpPaI-F2z","amp_enabled":true,"_links":{"self":[{"href":"https:\/\/onedesk.com\/nl\/wp-json\/wp\/v2\/pages\/157763","targetHints":{"allow":["GET"]}}],"collection":[{"href":"https:\/\/onedesk.com\/nl\/wp-json\/wp\/v2\/pages"}],"about":[{"href":"https:\/\/onedesk.com\/nl\/wp-json\/wp\/v2\/types\/page"}],"author":[{"embeddable":true,"href":"https:\/\/onedesk.com\/nl\/wp-json\/wp\/v2\/users\/27"}],"replies":[{"embeddable":true,"href":"https:\/\/onedesk.com\/nl\/wp-json\/wp\/v2\/comments?post=157763"}],"version-history":[{"count":0,"href":"https:\/\/onedesk.com\/nl\/wp-json\/wp\/v2\/pages\/157763\/revisions"}],"wp:attachment":[{"href":"https:\/\/onedesk.com\/nl\/wp-json\/wp\/v2\/media?parent=157763"}],"curies":[{"name":"wp","href":"https:\/\/api.w.org\/{rel}","templated":true}]}}