{"id":260702,"date":"2023-10-27T18:11:11","date_gmt":"2023-10-27T18:11:11","guid":{"rendered":"https:\/\/onedesk.com\/embedded-onboarding-gids-7\/"},"modified":"2024-07-19T20:34:09","modified_gmt":"2024-07-19T20:34:09","slug":"embedded-onboarding-gids-7","status":"publish","type":"page","link":"https:\/\/onedesk.com\/nl\/embedded-onboarding-gids-7\/","title":{"rendered":"Ingebouwde introductiegids Pagina 7"},"content":{"rendered":"\t\t<div data-elementor-type=\"wp-page\" data-elementor-id=\"260702\" class=\"elementor elementor-260702 elementor-259783\" data-elementor-post-type=\"page\">\n\t\t\t\t<div class=\"elementor-element elementor-element-d727a81 e-flex e-con-boxed e-con e-parent\" data-id=\"d727a81\" data-element_type=\"container\" data-e-type=\"container\">\n\t\t\t\t\t<div class=\"e-con-inner\">\n\t\t\t\t<div class=\"elementor-element elementor-element-ed02e35 elementor-widget elementor-widget-heading\" data-id=\"ed02e35\" data-element_type=\"widget\" data-e-type=\"widget\" data-widget_type=\"heading.default\">\n\t\t\t\t<div class=\"elementor-widget-container\">\n\t\t\t\t\t<h1 class=\"elementor-heading-title elementor-size-default\">Abonneren en live gaan<\/h1>\t\t\t\t<\/div>\n\t\t\t\t<\/div>\n\t\t\t\t\t<\/div>\n\t\t\t\t<\/div>\n\t\t<div class=\"elementor-element elementor-element-4d94e4d e-flex e-con-boxed e-con e-parent\" data-id=\"4d94e4d\" data-element_type=\"container\" data-e-type=\"container\">\n\t\t\t\t\t<div class=\"e-con-inner\">\n\t\t<div class=\"elementor-element elementor-element-bf7d7ce e-con-full e-flex e-con e-child\" data-id=\"bf7d7ce\" data-element_type=\"container\" data-e-type=\"container\">\n\t\t\t\t<div class=\"elementor-element elementor-element-6d9311c elementor-widget elementor-widget-heading\" data-id=\"6d9311c\" data-element_type=\"widget\" data-e-type=\"widget\" data-widget_type=\"heading.default\">\n\t\t\t\t<div class=\"elementor-widget-container\">\n\t\t\t\t\t<h3 class=\"elementor-heading-title elementor-size-default\">Inhoud introductiegids:<\/h3>\t\t\t\t<\/div>\n\t\t\t\t<\/div>\n\t\t\t\t<div class=\"elementor-element elementor-element-37158d2 uael-nav-menu__breakpoint-mobile uael-nav-menu__align-left uael-submenu-icon-arrow uael-link-redirect-child uael-nav-menu-toggle-label-no elementor-widget elementor-widget-uael-nav-menu\" data-id=\"37158d2\" data-element_type=\"widget\" data-e-type=\"widget\" data-widget_type=\"uael-nav-menu.default\">\n\t\t\t\t<div class=\"elementor-widget-container\">\n\t\t\t\t\t\t\t<div class=\"uael-nav-menu uael-layout-vertical uael-nav-menu-layout\" data-layout=\"vertical\">\n\t\t\t\t<div role=\"button\" class=\"uael-nav-menu__toggle elementor-clickable\">\n\t\t\t\t\t<span class=\"screen-reader-text\">Main Menu<\/span>\n\t\t\t\t\t<div class=\"uael-nav-menu-icon\">\n\t\t\t\t\t\t<i aria-hidden=\"true\" class=\"fas fa-align-justify\"><\/i>\t\t\t\t\t<\/div>\n\t\t\t\t\t\t\t\t\t<\/div>\n\t\t\t\t\t\t\t<nav class=\"uael-nav-menu__layout-vertical uael-nav-menu__submenu-arrow\" data-toggle-icon=\"&lt;i aria-hidden=&quot;true&quot; class=&quot;fas fa-align-justify&quot;&gt;&lt;\/i&gt;\" data-close-icon=\"&lt;i aria-hidden=&quot;true&quot; class=&quot;far fa-window-close&quot;&gt;&lt;\/i&gt;\" data-full-width=\"yes\"><ul id=\"menu-1-37158d2\" class=\"uael-nav-menu\"><li id=\"menu-item-259728\" class=\"menu-item menu-item-type-post_type menu-item-object-page parent uael-creative-menu\"><a href=\"https:\/\/onedesk.com\/embedded-onboarding-guide\/\" class = \"uael-menu-item\">Ingebouwde introductiegids<\/a><\/li>\n<li id=\"menu-item-259729\" class=\"menu-item menu-item-type-post_type menu-item-object-page parent uael-creative-menu\"><a href=\"https:\/\/onedesk.com\/embedded-onboarding-guide-2\/\" class = \"uael-menu-item\">Pagina met ge\u00efntegreerde onboardinggids2<\/a><\/li>\n<li id=\"menu-item-259730\" class=\"menu-item menu-item-type-post_type menu-item-object-page parent uael-creative-menu\"><a href=\"https:\/\/onedesk.com\/embedded-onboarding-guide-3\/\" class = \"uael-menu-item\">Ingebouwde onboardinghandleiding Pagina 3<\/a><\/li>\n<li id=\"menu-item-259731\" class=\"menu-item menu-item-type-post_type menu-item-object-page parent uael-creative-menu\"><a href=\"https:\/\/onedesk.com\/embedded-onboarding-guide-4\/\" class = \"uael-menu-item\">Ingebouwde onboardinghandleiding Pagina 4<\/a><\/li>\n<li id=\"menu-item-259780\" class=\"menu-item menu-item-type-post_type menu-item-object-page parent uael-creative-menu\"><a href=\"https:\/\/onedesk.com\/embedded-onboarding-guide-5\/\" class = \"uael-menu-item\">Ingebouwde introductiegids Pagina 5<\/a><\/li>\n<li id=\"menu-item-259785\" class=\"menu-item menu-item-type-post_type menu-item-object-page parent uael-creative-menu\"><a href=\"https:\/\/onedesk.com\/embedded-onboarding-guide-6\/\" class = \"uael-menu-item\">Ingebouwde introductiegids Pagina 6<\/a><\/li>\n<li id=\"menu-item-259786\" class=\"menu-item menu-item-type-post_type menu-item-object-page parent uael-creative-menu\"><a href=\"https:\/\/onedesk.com\/embedded-onboarding-guide-7\/\" class = \"uael-menu-item\">Ingebouwde introductiegids Pagina 7<\/a><\/li>\n<\/ul><\/nav>\n\t\t\t\t\t<\/div>\n\t\t\t\t\t\t\t<\/div>\n\t\t\t\t<\/div>\n\t\t\t\t<\/div>\n\t\t<div class=\"elementor-element elementor-element-3f073d9 e-con-full e-flex e-con e-child\" data-id=\"3f073d9\" data-element_type=\"container\" data-e-type=\"container\">\n\t\t\t\t<div class=\"elementor-element elementor-element-3961762 elementor-widget elementor-widget-heading\" data-id=\"3961762\" data-element_type=\"widget\" data-e-type=\"widget\" data-widget_type=\"heading.default\">\n\t\t\t\t<div class=\"elementor-widget-container\">\n\t\t\t\t\t<h2 class=\"elementor-heading-title elementor-size-default\">Pro gaan!<\/h2>\t\t\t\t<\/div>\n\t\t\t\t<\/div>\n\t\t\t\t<div class=\"elementor-element elementor-element-b839d61 elementor-widget elementor-widget-text-editor\" data-id=\"b839d61\" data-element_type=\"widget\" data-e-type=\"widget\" data-widget_type=\"text-editor.default\">\n\t\t\t\t<div class=\"elementor-widget-container\">\n\t\t\t\t\t\t\t\t\t<p>In de hele handleiding hebben we onze ondersteuningskanalen toegevoegd, workflows opgezet en geleerd hoe we ons werk kunnen beheren. Wanneer u klaar bent om professioneel te gaan werken, kunt u uw gratis proefperiode eenvoudig updaten naar een gelicentieerd abonnement. Lees <a href=\"\/?p=94900\">hier<\/a> meer over onze prijzen en veelgestelde vragen of bekijk de video over hoe u zich kunt abonneren.<\/p>\n\t\t\t\t\t\t\t\t<\/div>\n\t\t\t\t<\/div>\n\t\t\t\t<div class=\"elementor-element elementor-element-321ec0e elementor-widget elementor-widget-video\" data-id=\"321ec0e\" data-element_type=\"widget\" data-e-type=\"widget\" data-settings=\"{&quot;youtube_url&quot;:&quot;https:\\\/\\\/youtu.be\\\/6ca3n8SF3PQ?si=QgsQEw4v1MurvcpG&quot;,&quot;video_type&quot;:&quot;youtube&quot;,&quot;controls&quot;:&quot;yes&quot;}\" data-widget_type=\"video.default\">\n\t\t\t\t<div class=\"elementor-widget-container\">\n\t\t\t\t\t\t\t<div class=\"elementor-wrapper elementor-open-inline\">\n\t\t\t<div class=\"elementor-video\"><\/div>\t\t<\/div>\n\t\t\t\t\t\t<\/div>\n\t\t\t\t<\/div>\n\t\t\t\t<\/div>\n\t\t\t\t\t<\/div>\n\t\t\t\t<\/div>\n\t\t<div class=\"elementor-element elementor-element-85a8e07 e-flex e-con-boxed e-con e-parent\" data-id=\"85a8e07\" data-element_type=\"container\" data-e-type=\"container\">\n\t\t\t\t\t<div class=\"e-con-inner\">\n\t\t\t\t<div class=\"elementor-element elementor-element-46917ca elementor-widget elementor-widget-text-editor\" data-id=\"46917ca\" data-element_type=\"widget\" data-e-type=\"widget\" data-widget_type=\"text-editor.default\">\n\t\t\t\t<div class=\"elementor-widget-container\">\n\t\t\t\t\t\t\t\t\t<p>Uw account is nu klaar! Je kunt aan de slag met het ondersteunen van klanten en het plannen van projecten.<\/p>\n\t\t\t\t\t\t\t\t<\/div>\n\t\t\t\t<\/div>\n\t\t\t\t<div class=\"elementor-element elementor-element-9cfaf05 elementor-widget elementor-widget-heading\" data-id=\"9cfaf05\" data-element_type=\"widget\" data-e-type=\"widget\" data-widget_type=\"heading.default\">\n\t\t\t\t<div class=\"elementor-widget-container\">\n\t\t\t\t\t<h2 class=\"elementor-heading-title elementor-size-default\">Dieper duiken<\/h2>\t\t\t\t<\/div>\n\t\t\t\t<\/div>\n\t\t\t\t<div class=\"elementor-element elementor-element-35b417e elementor-widget elementor-widget-text-editor\" data-id=\"35b417e\" data-element_type=\"widget\" data-e-type=\"widget\" data-widget_type=\"text-editor.default\">\n\t\t\t\t<div class=\"elementor-widget-container\">\n\t\t\t\t\t\t\t\t\t<p>Deze introductiegids is bedoeld om u te begeleiden bij het aan de slag gaan met OneDesk. OneDesk is echter zeer aanpasbaar en biedt een reeks functies voor het beheren van facturen, werklastbeheer, rapportage en meer. Ontdek gerust de andere beschikbare functies om het meeste uit OneDesk te halen!<\/p>\n<p>Aanbevolen kenmerken:<\/p>\n\t\t\t\t\t\t\t\t<\/div>\n\t\t\t\t<\/div>\n\t\t\t\t<div class=\"elementor-element elementor-element-1d042cf elementor-widget elementor-widget-text-editor\" data-id=\"1d042cf\" data-element_type=\"widget\" data-e-type=\"widget\" data-widget_type=\"text-editor.default\">\n\t\t\t\t<div class=\"elementor-widget-container\">\n\t\t\t\t\t\t\t\t\t<ul>\n<li><a href=\"https:\/\/kb.onedesk.com\/app-od\/o-onedesk\/knowledge-base-1\/article-a04cff47-b6fb-4c03-bc07-f89fc0737be7\" target=\"_blank\" rel=\"noopener\">Facturering<\/a><\/li>\n<li><a href=\"https:\/\/kb.onedesk.com\/app-od\/o-onedesk\/knowledge-base-1\/article-b485316c-08ab-4b5a-a8bf-bf7cb19b9c49\" target=\"_blank\" rel=\"noopener\">Hulpbronnenbeheer<\/a><\/li>\n<li><a href=\"https:\/\/kb.onedesk.com\/app-od\/o-onedesk\/knowledge-base-1\/article-8ee2e05f-9bdf-4dd9-bb12-32cc60b7eec5\" target=\"_blank\" rel=\"noopener\">Rapportage en analyse<\/a><\/li>\n<li><a href=\"https:\/\/kb.onedesk.com\/app-od\/o-onedesk\/knowledge-base-1\/category-b7906630-b973-43ed-9484-aa1a86b400fb\" target=\"_blank\" rel=\"noopener\">Beheer &amp; Configuratie<\/a><\/li>\n<\/ul>\n<p>Aanbevolen bronnen:<\/p>\n<ul>\n<li><a href=\"https:\/\/youtu.be\/ebvV8LlGRrM\" target=\"_blank\" rel=\"noopener\">Volledige overzichtsdemo<\/a><\/li>\n<li><a href=\"https:\/\/kb.onedesk.com\/app-od\/o-onedesk\/knowledge-base-1\" target=\"_blank\" rel=\"noopener\">Onze kennisbank<\/a><\/li>\n<li><a href=\"https:\/\/onedesk.com\/nl\/onedesk-videogids\/\" target=\"_blank\" rel=\"noopener\">Videogids<\/a><\/li>\n<\/ul>\n\t\t\t\t\t\t\t\t<\/div>\n\t\t\t\t<\/div>\n\t\t\t\t<div class=\"elementor-element elementor-element-4ba1256 elementor-widget elementor-widget-html\" data-id=\"4ba1256\" data-element_type=\"widget\" data-e-type=\"widget\" data-widget_type=\"html.default\">\n\t\t\t\t<div class=\"elementor-widget-container\">\n\t\t\t\t\t<div id=\"noODwidget\" style=\"display:none\"><\/div>\t\t\t\t<\/div>\n\t\t\t\t<\/div>\n\t\t\t\t\t<\/div>\n\t\t\t\t<\/div>\n\t\t\t\t<\/div>\n\t\t","protected":false},"excerpt":{"rendered":"<p>Abonneren en live gaan Inhoud introductiegids: Main Menu First Steps Interface &#038; Navigation Work Structure &#038; Organization Adding Support Channels Ticketing &#038; Support Flow Project Management &#038; Tasks Subscribing &#038; Going Live Pro gaan! In de hele handleiding hebben we onze ondersteuningskanalen toegevoegd, workflows opgezet en geleerd hoe we ons werk kunnen beheren. Wanneer u [&hellip;]<\/p>\n","protected":false},"author":30,"featured_media":0,"parent":0,"menu_order":0,"comment_status":"closed","ping_status":"closed","template":"elementor_canvas","meta":{"tpgb_global_settings":"","_crdt_document":"","inline_featured_image":false,"site-sidebar-layout":"no-sidebar","site-content-layout":"page-builder","ast-site-content-layout":"full-width-container","site-content-style":"default","site-sidebar-style":"default","ast-global-header-display":"","ast-banner-title-visibility":"","ast-main-header-display":"","ast-hfb-above-header-display":"","ast-hfb-below-header-display":"","ast-hfb-mobile-header-display":"","site-post-title":"disabled","ast-breadcrumbs-content":"","ast-featured-img":"disabled","footer-sml-layout":"","ast-disable-related-posts":"","theme-transparent-header-meta":"","adv-header-id-meta":"","stick-header-meta":"","header-above-stick-meta":"","header-main-stick-meta":"","header-below-stick-meta":"","astra-migrate-meta-layouts":"default","ast-page-background-enabled":"default","ast-page-background-meta":{"desktop":{"background-color":"var(--ast-global-color-4)","background-image":"","background-repeat":"repeat","background-position":"center center","background-size":"auto","background-attachment":"scroll","background-type":"","background-media":"","overlay-type":"","overlay-color":"","overlay-opacity":"","overlay-gradient":""},"tablet":{"background-color":"","background-image":"","background-repeat":"repeat","background-position":"center center","background-size":"auto","background-attachment":"scroll","background-type":"","background-media":"","overlay-type":"","overlay-color":"","overlay-opacity":"","overlay-gradient":""},"mobile":{"background-color":"","background-image":"","background-repeat":"repeat","background-position":"center center","background-size":"auto","background-attachment":"scroll","background-type":"","background-media":"","overlay-type":"","overlay-color":"","overlay-opacity":"","overlay-gradient":""}},"ast-content-background-meta":{"desktop":{"background-color":"var(--ast-global-color-5)","background-image":"","background-repeat":"repeat","background-position":"center center","background-size":"auto","background-attachment":"scroll","background-type":"","background-media":"","overlay-type":"","overlay-color":"","overlay-opacity":"","overlay-gradient":""},"tablet":{"background-color":"var(--ast-global-color-5)","background-image":"","background-repeat":"repeat","background-position":"center center","background-size":"auto","background-attachment":"scroll","background-type":"","background-media":"","overlay-type":"","overlay-color":"","overlay-opacity":"","overlay-gradient":""},"mobile":{"background-color":"var(--ast-global-color-5)","background-image":"","background-repeat":"repeat","background-position":"center center","background-size":"auto","background-attachment":"scroll","background-type":"","background-media":"","overlay-type":"","overlay-color":"","overlay-opacity":"","overlay-gradient":""}},"footnotes":""},"class_list":["post-260702","page","type-page","status-publish","hentry"],"yoast_head":"<!-- This site is optimized with the Yoast SEO Premium plugin v27.2 (Yoast SEO v27.3) - https:\/\/yoast.com\/product\/yoast-seo-premium-wordpress\/ -->\n<title>Ingebouwde introductiegids Pagina 7 - OneDesk<\/title>\n<meta name=\"description\" content=\"OneDesk is helpdesksoftware en projectbeheersoftware in \u00e9\u00e9n applicatie. Werk samen met uw klanten aan hun projecten en tickets op \u00e9\u00e9n ge\u00efntegreerd platform.\" \/>\n<meta name=\"robots\" content=\"index, follow, max-snippet:-1, max-image-preview:large, max-video-preview:-1\" \/>\n<link rel=\"canonical\" href=\"https:\/\/onedesk.com\/nl\/embedded-onboarding-gids-7\/\" \/>\n<meta property=\"og:locale\" content=\"nl_NL\" \/>\n<meta property=\"og:type\" content=\"article\" \/>\n<meta property=\"og:title\" content=\"Ingebouwde introductiegids Pagina 7 - OneDesk\" \/>\n<meta property=\"og:description\" content=\"OneDesk is helpdesksoftware en projectbeheersoftware in \u00e9\u00e9n applicatie. Werk samen met uw klanten aan hun projecten en tickets op \u00e9\u00e9n ge\u00efntegreerd platform.\" \/>\n<meta property=\"og:url\" content=\"https:\/\/onedesk.com\/nl\/embedded-onboarding-gids-7\/\" \/>\n<meta property=\"og:site_name\" content=\"OneDesk\" \/>\n<meta property=\"article:publisher\" content=\"https:\/\/www.facebook.com\/OneDeskApp\" \/>\n<meta property=\"article:modified_time\" content=\"2024-07-19T20:34:09+00:00\" \/>\n<meta property=\"og:image\" content=\"https:\/\/onedesk.com\/wp-content\/uploads\/2020\/04\/OneDesk-Logo.png\" \/>\n\t<meta property=\"og:image:width\" content=\"1280\" \/>\n\t<meta property=\"og:image:height\" content=\"800\" \/>\n\t<meta property=\"og:image:type\" content=\"image\/png\" \/>\n<meta name=\"twitter:card\" content=\"summary_large_image\" \/>\n<meta name=\"twitter:site\" content=\"@OneDeskApp\" \/>\n<meta name=\"twitter:label1\" content=\"Est. reading time\" \/>\n\t<meta name=\"twitter:data1\" content=\"1 minute\" \/>\n<!-- \/ Yoast SEO Premium plugin. -->","yoast_head_json":{"title":"Ingebouwde introductiegids Pagina 7 - OneDesk","description":"OneDesk is helpdesksoftware en projectbeheersoftware in \u00e9\u00e9n applicatie. Werk samen met uw klanten aan hun projecten en tickets op \u00e9\u00e9n ge\u00efntegreerd platform.","robots":{"index":"index","follow":"follow","max-snippet":"max-snippet:-1","max-image-preview":"max-image-preview:large","max-video-preview":"max-video-preview:-1"},"canonical":"https:\/\/onedesk.com\/nl\/embedded-onboarding-gids-7\/","og_locale":"nl_NL","og_type":"article","og_title":"Ingebouwde introductiegids Pagina 7 - OneDesk","og_description":"OneDesk is helpdesksoftware en projectbeheersoftware in \u00e9\u00e9n applicatie. Werk samen met uw klanten aan hun projecten en tickets op \u00e9\u00e9n ge\u00efntegreerd platform.","og_url":"https:\/\/onedesk.com\/nl\/embedded-onboarding-gids-7\/","og_site_name":"OneDesk","article_publisher":"https:\/\/www.facebook.com\/OneDeskApp","article_modified_time":"2024-07-19T20:34:09+00:00","og_image":[{"width":1280,"height":800,"url":"https:\/\/onedesk.com\/wp-content\/uploads\/2020\/04\/OneDesk-Logo.png","type":"image\/png"}],"twitter_card":"summary_large_image","twitter_site":"@OneDeskApp","twitter_misc":{"Est. reading time":"1 minute"},"schema":{"@context":"https:\/\/schema.org","@graph":[{"@type":"WebPage","@id":"https:\/\/onedesk.com\/nl\/embedded-onboarding-gids-7\/","url":"https:\/\/onedesk.com\/nl\/embedded-onboarding-gids-7\/","name":"Ingebouwde introductiegids Pagina 7 - OneDesk","isPartOf":{"@id":"https:\/\/onedesk.com\/nl\/#website"},"datePublished":"2023-10-27T18:11:11+00:00","dateModified":"2024-07-19T20:34:09+00:00","description":"OneDesk is helpdesksoftware en projectbeheersoftware in \u00e9\u00e9n applicatie. Werk samen met uw klanten aan hun projecten en tickets op \u00e9\u00e9n ge\u00efntegreerd platform.","inLanguage":"nl-NL","potentialAction":[{"@type":"ReadAction","target":["https:\/\/onedesk.com\/nl\/embedded-onboarding-gids-7\/"]}]},{"@type":"WebSite","@id":"https:\/\/onedesk.com\/nl\/#website","url":"https:\/\/onedesk.com\/nl\/","name":"OneDesk","description":"Projectbeheer en helpdesksoftware","publisher":{"@id":"https:\/\/onedesk.com\/nl\/#organization"},"potentialAction":[{"@type":"SearchAction","target":{"@type":"EntryPoint","urlTemplate":"https:\/\/onedesk.com\/nl\/?s={search_term_string}"},"query-input":{"@type":"PropertyValueSpecification","valueRequired":true,"valueName":"search_term_string"}}],"inLanguage":"nl-NL"},{"@type":"Organization","@id":"https:\/\/onedesk.com\/nl\/#organization","name":"OneDesk","url":"https:\/\/onedesk.com\/nl\/","logo":{"@type":"ImageObject","inLanguage":"nl-NL","@id":"https:\/\/onedesk.com\/nl\/#\/schema\/logo\/image\/","url":"https:\/\/onedesk.com\/wp-content\/uploads\/2016\/01\/white-logo-small.png","contentUrl":"https:\/\/onedesk.com\/wp-content\/uploads\/2016\/01\/white-logo-small.png","width":207,"height":40,"caption":"OneDesk"},"image":{"@id":"https:\/\/onedesk.com\/nl\/#\/schema\/logo\/image\/"},"sameAs":["https:\/\/www.facebook.com\/OneDeskApp","https:\/\/x.com\/OneDeskApp","https:\/\/www.instagram.com\/onedeskapp\/","https:\/\/www.linkedin.com\/company\/onedesk-inc-1","https:\/\/www.pinterest.com\/onedesk\/","https:\/\/www.youtube.com\/user\/OneDeskApp"]}]}},"tpgb_featured_images":null,"tpgb_post_meta_info":{"get_date":"October 27, 2023","get_modified_date":"July 19, 2024","author_name":"Erin Richardson","author_url":"https:\/\/onedesk.com\/nl\/author\/erin-richardsononedesk-com\/","author_email":"erin.richardson@onedesk.com","author_website":"","author_description":"","author_facebook":"","author_twitter":"","author_instagram":"","author_role":["administrator"],"author_firstname":"Erin","author_lastname":"Richardson","user_login":"erin.richardson@onedesk.com","author_avatar":"<img alt='' src='https:\/\/secure.gravatar.com\/avatar\/5b43ac2756efc1d5aa46746163fa71ceee43f42a78652ebc70940d512d77cba0?s=200&#038;d=mm&#038;r=g' srcset='https:\/\/secure.gravatar.com\/avatar\/5b43ac2756efc1d5aa46746163fa71ceee43f42a78652ebc70940d512d77cba0?s=400&#038;d=mm&#038;r=g 2x' class='avatar avatar-200 photo' height='200' width='200' decoding='async'\/>","author_avatar_url":"https:\/\/secure.gravatar.com\/avatar\/5b43ac2756efc1d5aa46746163fa71ceee43f42a78652ebc70940d512d77cba0?s=96&d=mm&r=g","comment_count":0,"post_likes":0,"post_views":0},"tpgb_post_category":[],"jetpack_shortlink":"https:\/\/wp.me\/PfpPaI-15OS","amp_enabled":false,"_links":{"self":[{"href":"https:\/\/onedesk.com\/nl\/wp-json\/wp\/v2\/pages\/260702","targetHints":{"allow":["GET"]}}],"collection":[{"href":"https:\/\/onedesk.com\/nl\/wp-json\/wp\/v2\/pages"}],"about":[{"href":"https:\/\/onedesk.com\/nl\/wp-json\/wp\/v2\/types\/page"}],"author":[{"embeddable":true,"href":"https:\/\/onedesk.com\/nl\/wp-json\/wp\/v2\/users\/30"}],"replies":[{"embeddable":true,"href":"https:\/\/onedesk.com\/nl\/wp-json\/wp\/v2\/comments?post=260702"}],"version-history":[{"count":9,"href":"https:\/\/onedesk.com\/nl\/wp-json\/wp\/v2\/pages\/260702\/revisions"}],"predecessor-version":[{"id":272815,"href":"https:\/\/onedesk.com\/nl\/wp-json\/wp\/v2\/pages\/260702\/revisions\/272815"}],"wp:attachment":[{"href":"https:\/\/onedesk.com\/nl\/wp-json\/wp\/v2\/media?parent=260702"}],"curies":[{"name":"wp","href":"https:\/\/api.w.org\/{rel}","templated":true}]}}