{"id":98216,"date":"2021-05-12T18:41:22","date_gmt":"2021-05-12T18:41:22","guid":{"rendered":"https:\/\/onedesk.com\/demo-2\/"},"modified":"2021-05-12T18:41:46","modified_gmt":"2021-05-12T18:41:46","slug":"demo","status":"publish","type":"page","link":"https:\/\/onedesk.com\/nl\/demo\/","title":{"rendered":"demo"},"content":{"rendered":"","protected":false},"excerpt":{"rendered":"","protected":false},"author":2,"featured_media":0,"parent":0,"menu_order":58,"comment_status":"closed","ping_status":"closed","template":"","meta":{"tpgb_global_settings":"","_crdt_document":"","inline_featured_image":false,"site-sidebar-layout":"default","site-content-layout":"","ast-site-content-layout":"default","site-content-style":"default","site-sidebar-style":"default","ast-global-header-display":"","ast-banner-title-visibility":"","ast-main-header-display":"","ast-hfb-above-header-display":"","ast-hfb-below-header-display":"","ast-hfb-mobile-header-display":"","site-post-title":"","ast-breadcrumbs-content":"","ast-featured-img":"","footer-sml-layout":"","ast-disable-related-posts":"","theme-transparent-header-meta":"","adv-header-id-meta":"","stick-header-meta":"","header-above-stick-meta":"","header-main-stick-meta":"","header-below-stick-meta":"","astra-migrate-meta-layouts":"default","ast-page-background-enabled":"default","ast-page-background-meta":{"desktop":{"background-color":"var(--ast-global-color-4)","background-image":"","background-repeat":"repeat","background-position":"center center","background-size":"auto","background-attachment":"scroll","background-type":"","background-media":"","overlay-type":"","overlay-color":"","overlay-opacity":"","overlay-gradient":""},"tablet":{"background-color":"","background-image":"","background-repeat":"repeat","background-position":"center center","background-size":"auto","background-attachment":"scroll","background-type":"","background-media":"","overlay-type":"","overlay-color":"","overlay-opacity":"","overlay-gradient":""},"mobile":{"background-color":"","background-image":"","background-repeat":"repeat","background-position":"center center","background-size":"auto","background-attachment":"scroll","background-type":"","background-media":"","overlay-type":"","overlay-color":"","overlay-opacity":"","overlay-gradient":""}},"ast-content-background-meta":{"desktop":{"background-color":"var(--ast-global-color-5)","background-image":"","background-repeat":"repeat","background-position":"center center","background-size":"auto","background-attachment":"scroll","background-type":"","background-media":"","overlay-type":"","overlay-color":"","overlay-opacity":"","overlay-gradient":""},"tablet":{"background-color":"var(--ast-global-color-5)","background-image":"","background-repeat":"repeat","background-position":"center center","background-size":"auto","background-attachment":"scroll","background-type":"","background-media":"","overlay-type":"","overlay-color":"","overlay-opacity":"","overlay-gradient":""},"mobile":{"background-color":"var(--ast-global-color-5)","background-image":"","background-repeat":"repeat","background-position":"center center","background-size":"auto","background-attachment":"scroll","background-type":"","background-media":"","overlay-type":"","overlay-color":"","overlay-opacity":"","overlay-gradient":""}},"footnotes":""},"class_list":["post-98216","page","type-page","status-publish","hentry"],"yoast_head":"<!-- This site is optimized with the Yoast SEO Premium plugin v27.2 (Yoast SEO v27.3) - https:\/\/yoast.com\/product\/yoast-seo-premium-wordpress\/ -->\n<title>demo - OneDesk<\/title>\n<meta name=\"description\" content=\"OneDesk is helpdesksoftware en projectbeheersoftware in \u00e9\u00e9n applicatie. Werk samen met uw klanten aan hun projecten en tickets op \u00e9\u00e9n ge\u00efntegreerd platform.\" \/>\n<meta name=\"robots\" content=\"index, follow, max-snippet:-1, max-image-preview:large, max-video-preview:-1\" \/>\n<link rel=\"canonical\" href=\"https:\/\/onedesk.com\/nl\/demo\/\" \/>\n<meta property=\"og:locale\" content=\"nl_NL\" \/>\n<meta property=\"og:type\" content=\"article\" \/>\n<meta property=\"og:title\" content=\"demo - OneDesk\" \/>\n<meta property=\"og:description\" content=\"OneDesk is helpdesksoftware en projectbeheersoftware in \u00e9\u00e9n applicatie. Werk samen met uw klanten aan hun projecten en tickets op \u00e9\u00e9n ge\u00efntegreerd platform.\" \/>\n<meta property=\"og:url\" content=\"https:\/\/onedesk.com\/nl\/demo\/\" \/>\n<meta property=\"og:site_name\" content=\"OneDesk\" \/>\n<meta property=\"article:publisher\" content=\"https:\/\/www.facebook.com\/OneDeskApp\" \/>\n<meta property=\"article:modified_time\" content=\"2021-05-12T18:41:46+00:00\" \/>\n<meta property=\"og:image\" content=\"https:\/\/onedesk.com\/wp-content\/uploads\/2020\/04\/OneDesk-Logo.png\" \/>\n\t<meta property=\"og:image:width\" content=\"1280\" \/>\n\t<meta property=\"og:image:height\" content=\"800\" \/>\n\t<meta property=\"og:image:type\" content=\"image\/png\" \/>\n<meta name=\"twitter:card\" content=\"summary_large_image\" \/>\n<meta name=\"twitter:site\" content=\"@OneDeskApp\" \/>\n<!-- \/ Yoast SEO Premium plugin. -->","yoast_head_json":{"title":"demo - OneDesk","description":"OneDesk is helpdesksoftware en projectbeheersoftware in \u00e9\u00e9n applicatie. Werk samen met uw klanten aan hun projecten en tickets op \u00e9\u00e9n ge\u00efntegreerd platform.","robots":{"index":"index","follow":"follow","max-snippet":"max-snippet:-1","max-image-preview":"max-image-preview:large","max-video-preview":"max-video-preview:-1"},"canonical":"https:\/\/onedesk.com\/nl\/demo\/","og_locale":"nl_NL","og_type":"article","og_title":"demo - OneDesk","og_description":"OneDesk is helpdesksoftware en projectbeheersoftware in \u00e9\u00e9n applicatie. Werk samen met uw klanten aan hun projecten en tickets op \u00e9\u00e9n ge\u00efntegreerd platform.","og_url":"https:\/\/onedesk.com\/nl\/demo\/","og_site_name":"OneDesk","article_publisher":"https:\/\/www.facebook.com\/OneDeskApp","article_modified_time":"2021-05-12T18:41:46+00:00","og_image":[{"width":1280,"height":800,"url":"https:\/\/onedesk.com\/wp-content\/uploads\/2020\/04\/OneDesk-Logo.png","type":"image\/png"}],"twitter_card":"summary_large_image","twitter_site":"@OneDeskApp","schema":{"@context":"https:\/\/schema.org","@graph":[{"@type":"WebPage","@id":"https:\/\/onedesk.com\/nl\/demo\/","url":"https:\/\/onedesk.com\/nl\/demo\/","name":"demo - OneDesk","isPartOf":{"@id":"https:\/\/onedesk.com\/nl\/#website"},"datePublished":"2021-05-12T18:41:22+00:00","dateModified":"2021-05-12T18:41:46+00:00","description":"OneDesk is helpdesksoftware en projectbeheersoftware in \u00e9\u00e9n applicatie. Werk samen met uw klanten aan hun projecten en tickets op \u00e9\u00e9n ge\u00efntegreerd platform.","inLanguage":"nl-NL","potentialAction":[{"@type":"ReadAction","target":["https:\/\/onedesk.com\/nl\/demo\/"]}]},{"@type":"WebSite","@id":"https:\/\/onedesk.com\/nl\/#website","url":"https:\/\/onedesk.com\/nl\/","name":"OneDesk","description":"Projectbeheer en helpdesksoftware","publisher":{"@id":"https:\/\/onedesk.com\/nl\/#organization"},"potentialAction":[{"@type":"SearchAction","target":{"@type":"EntryPoint","urlTemplate":"https:\/\/onedesk.com\/nl\/?s={search_term_string}"},"query-input":{"@type":"PropertyValueSpecification","valueRequired":true,"valueName":"search_term_string"}}],"inLanguage":"nl-NL"},{"@type":"Organization","@id":"https:\/\/onedesk.com\/nl\/#organization","name":"OneDesk","url":"https:\/\/onedesk.com\/nl\/","logo":{"@type":"ImageObject","inLanguage":"nl-NL","@id":"https:\/\/onedesk.com\/nl\/#\/schema\/logo\/image\/","url":"https:\/\/onedesk.com\/wp-content\/uploads\/2016\/01\/white-logo-small.png","contentUrl":"https:\/\/onedesk.com\/wp-content\/uploads\/2016\/01\/white-logo-small.png","width":207,"height":40,"caption":"OneDesk"},"image":{"@id":"https:\/\/onedesk.com\/nl\/#\/schema\/logo\/image\/"},"sameAs":["https:\/\/www.facebook.com\/OneDeskApp","https:\/\/x.com\/OneDeskApp","https:\/\/www.instagram.com\/onedeskapp\/","https:\/\/www.linkedin.com\/company\/onedesk-inc-1","https:\/\/www.pinterest.com\/onedesk\/","https:\/\/www.youtube.com\/user\/OneDeskApp"]}]}},"tpgb_featured_images":null,"tpgb_post_meta_info":{"get_date":"May 12, 2021","get_modified_date":"May 12, 2021","author_name":"Derek","author_url":"https:\/\/onedesk.com\/nl\/author\/derekonedesk-com\/","author_email":"derek@onedesk.com","author_website":"","author_description":"","author_facebook":"","author_twitter":"","author_instagram":"","author_role":["administrator"],"author_firstname":"Derek","author_lastname":"","user_login":"derek@onedesk.com","author_avatar":"<img alt='' src='https:\/\/secure.gravatar.com\/avatar\/457ebef17878f2246da5e4df1ab1420e949ee125154dfb140a3f3ce911b0ef71?s=200&#038;d=mm&#038;r=g' srcset='https:\/\/secure.gravatar.com\/avatar\/457ebef17878f2246da5e4df1ab1420e949ee125154dfb140a3f3ce911b0ef71?s=400&#038;d=mm&#038;r=g 2x' class='avatar avatar-200 photo' height='200' width='200' decoding='async'\/>","author_avatar_url":"https:\/\/secure.gravatar.com\/avatar\/457ebef17878f2246da5e4df1ab1420e949ee125154dfb140a3f3ce911b0ef71?s=96&d=mm&r=g","comment_count":0,"post_likes":0,"post_views":0},"tpgb_post_category":[],"jetpack_shortlink":"https:\/\/wp.me\/PfpPaI-py8","amp_enabled":true,"_links":{"self":[{"href":"https:\/\/onedesk.com\/nl\/wp-json\/wp\/v2\/pages\/98216","targetHints":{"allow":["GET"]}}],"collection":[{"href":"https:\/\/onedesk.com\/nl\/wp-json\/wp\/v2\/pages"}],"about":[{"href":"https:\/\/onedesk.com\/nl\/wp-json\/wp\/v2\/types\/page"}],"author":[{"embeddable":true,"href":"https:\/\/onedesk.com\/nl\/wp-json\/wp\/v2\/users\/2"}],"replies":[{"embeddable":true,"href":"https:\/\/onedesk.com\/nl\/wp-json\/wp\/v2\/comments?post=98216"}],"version-history":[{"count":1,"href":"https:\/\/onedesk.com\/nl\/wp-json\/wp\/v2\/pages\/98216\/revisions"}],"predecessor-version":[{"id":98222,"href":"https:\/\/onedesk.com\/nl\/wp-json\/wp\/v2\/pages\/98216\/revisions\/98222"}],"wp:attachment":[{"href":"https:\/\/onedesk.com\/nl\/wp-json\/wp\/v2\/media?parent=98216"}],"curies":[{"name":"wp","href":"https:\/\/api.w.org\/{rel}","templated":true}]}}