{"id":154761,"date":"2021-12-20T15:16:28","date_gmt":"2021-12-20T15:16:28","guid":{"rendered":"https:\/\/onedesk.com\/gar-live-til-kunder\/"},"modified":"2022-01-21T21:37:26","modified_gmt":"2022-01-21T21:37:26","slug":"gar-live-til-kunder","status":"publish","type":"page","link":"https:\/\/onedesk.com\/no\/gar-live-til-kunder\/","title":{"rendered":"Sendes live til kundene"},"content":{"rendered":"\t\t<div data-elementor-type=\"wp-page\" data-elementor-id=\"154761\" class=\"elementor elementor-154761 elementor-144072\" data-elementor-post-type=\"page\">\n\t\t\t\t\t\t<section class=\"elementor-section elementor-top-section elementor-element elementor-element-d8872a1 elementor-section-boxed elementor-section-height-default elementor-section-height-default\" data-id=\"d8872a1\" data-element_type=\"section\" data-e-type=\"section\">\n\t\t\t\t\t\t<div class=\"elementor-container elementor-column-gap-default\">\n\t\t\t\t\t<div class=\"elementor-column elementor-col-100 elementor-top-column elementor-element elementor-element-716e9b9b\" data-id=\"716e9b9b\" data-element_type=\"column\" data-e-type=\"column\">\n\t\t\t<div class=\"elementor-widget-wrap elementor-element-populated\">\n\t\t\t\t\t\t\t<\/div>\n\t\t<\/div>\n\t\t\t\t\t<\/div>\n\t\t<\/section>\n\t\t\t\t<section class=\"elementor-section elementor-top-section elementor-element elementor-element-5232b60f elementor-section-boxed elementor-section-height-default elementor-section-height-default\" data-id=\"5232b60f\" data-element_type=\"section\" data-e-type=\"section\">\n\t\t\t\t\t\t<div class=\"elementor-container elementor-column-gap-default\">\n\t\t\t\t\t<div class=\"elementor-column elementor-col-33 elementor-top-column elementor-element elementor-element-7982d243\" data-id=\"7982d243\" data-element_type=\"column\" data-e-type=\"column\">\n\t\t\t<div class=\"elementor-widget-wrap elementor-element-populated\">\n\t\t\t\t\t\t<div class=\"elementor-element elementor-element-2e446fcb elementor-widget elementor-widget-heading\" data-id=\"2e446fcb\" data-element_type=\"widget\" data-e-type=\"widget\" data-widget_type=\"heading.default\">\n\t\t\t\t<div class=\"elementor-widget-container\">\n\t\t\t\t\t<h4 class=\"elementor-heading-title elementor-size-default\">Innholdsfortegnelse<\/h4>\t\t\t\t<\/div>\n\t\t\t\t<\/div>\n\t\t\t\t<div class=\"elementor-element elementor-element-dfdd81f elementor-nav-menu--dropdown-tablet elementor-nav-menu__text-align-aside elementor-nav-menu--toggle elementor-nav-menu--burger elementor-widget elementor-widget-nav-menu\" data-id=\"dfdd81f\" data-element_type=\"widget\" data-e-type=\"widget\" data-settings=\"{&quot;layout&quot;:&quot;vertical&quot;,&quot;submenu_icon&quot;:{&quot;value&quot;:&quot;&lt;i class=\\&quot;fas fa-caret-down\\&quot; aria-hidden=\\&quot;true\\&quot;&gt;&lt;\\\/i&gt;&quot;,&quot;library&quot;:&quot;fa-solid&quot;},&quot;toggle&quot;:&quot;burger&quot;}\" data-widget_type=\"nav-menu.default\">\n\t\t\t\t<div class=\"elementor-widget-container\">\n\t\t\t\t\t\t\t\t<nav aria-label=\"Menu\" class=\"elementor-nav-menu--main elementor-nav-menu__container elementor-nav-menu--layout-vertical e--pointer-underline e--animation-fade\">\n\t\t\t\t<ul id=\"menu-1-dfdd81f\" class=\"elementor-nav-menu sm-vertical\"><li class=\"menu-item menu-item-type-post_type menu-item-object-page menu-item-157391\"><a href=\"https:\/\/onedesk.com\/no\/forste-10-minutter-i-onedesk\/\" class=\"elementor-item menu-link\">De f\u00f8rste 10 minuttene i OneDesk<\/a><\/li>\n<li class=\"menu-item menu-item-type-post_type menu-item-object-page menu-item-157392\"><a href=\"https:\/\/onedesk.com\/no\/ombord-pa-teamet-ditt\/\" class=\"elementor-item menu-link\">Ta med teamet ditt<\/a><\/li>\n<li class=\"menu-item menu-item-type-post_type menu-item-object-page menu-item-157393\"><a href=\"https:\/\/onedesk.com\/no\/abonnerer-going-pro\/\" class=\"elementor-item menu-link\">Abonner og g\u00e5r Pro<\/a><\/li>\n<li class=\"menu-item menu-item-type-post_type menu-item-object-page menu-item-157439\"><a href=\"https:\/\/onedesk.com\/no\/gar-live-til-kunder\/\" class=\"elementor-item menu-link\">Sendes live til kundene<\/a><\/li>\n<li class=\"menu-item menu-item-type-post_type menu-item-object-page menu-item-157440\"><a href=\"https:\/\/onedesk.com\/no\/billett-ruting-arbeidsflyter\/\" class=\"elementor-item menu-link\">Billettruting og arbeidsflyter<\/a><\/li>\n<li class=\"menu-item menu-item-type-post_type menu-item-object-page menu-item-157441\"><a href=\"https:\/\/onedesk.com\/no\/prosjekt-ledelse-oppgave-arbeidsflyter\/\" class=\"elementor-item menu-link\">Prosjektledelse og arbeidsflyter<\/a><\/li>\n<li class=\"menu-item menu-item-type-post_type menu-item-object-page menu-item-157442\"><a href=\"https:\/\/onedesk.com\/no\/kommunisere-med-kunder\/\" class=\"elementor-item menu-link\">Kommunisere med kunder<\/a><\/li>\n<li class=\"menu-item menu-item-type-post_type menu-item-object-page menu-item-157443\"><a href=\"https:\/\/onedesk.com\/no\/sporingsarbeid\/\" class=\"elementor-item menu-link\">Sporingsarbeid<\/a><\/li>\n<\/ul>\t\t\t<\/nav>\n\t\t\t\t\t<div class=\"elementor-menu-toggle\" role=\"button\" tabindex=\"0\" aria-label=\"Menu Toggle\" aria-expanded=\"false\">\n\t\t\t<i aria-hidden=\"true\" role=\"presentation\" class=\"elementor-menu-toggle__icon--open eicon-menu-bar\"><\/i><i aria-hidden=\"true\" role=\"presentation\" class=\"elementor-menu-toggle__icon--close eicon-close\"><\/i>\t\t<\/div>\n\t\t\t\t\t<nav class=\"elementor-nav-menu--dropdown elementor-nav-menu__container\" aria-hidden=\"true\">\n\t\t\t\t<ul id=\"menu-2-dfdd81f\" class=\"elementor-nav-menu sm-vertical\"><li class=\"menu-item menu-item-type-post_type menu-item-object-page menu-item-157391\"><a href=\"https:\/\/onedesk.com\/no\/forste-10-minutter-i-onedesk\/\" class=\"elementor-item menu-link\" tabindex=\"-1\">De f\u00f8rste 10 minuttene i OneDesk<\/a><\/li>\n<li class=\"menu-item menu-item-type-post_type menu-item-object-page menu-item-157392\"><a href=\"https:\/\/onedesk.com\/no\/ombord-pa-teamet-ditt\/\" class=\"elementor-item menu-link\" tabindex=\"-1\">Ta med teamet ditt<\/a><\/li>\n<li class=\"menu-item menu-item-type-post_type menu-item-object-page menu-item-157393\"><a href=\"https:\/\/onedesk.com\/no\/abonnerer-going-pro\/\" class=\"elementor-item menu-link\" tabindex=\"-1\">Abonner og g\u00e5r Pro<\/a><\/li>\n<li class=\"menu-item menu-item-type-post_type menu-item-object-page menu-item-157439\"><a href=\"https:\/\/onedesk.com\/no\/gar-live-til-kunder\/\" class=\"elementor-item menu-link\" tabindex=\"-1\">Sendes live til kundene<\/a><\/li>\n<li class=\"menu-item menu-item-type-post_type menu-item-object-page menu-item-157440\"><a href=\"https:\/\/onedesk.com\/no\/billett-ruting-arbeidsflyter\/\" class=\"elementor-item menu-link\" tabindex=\"-1\">Billettruting og arbeidsflyter<\/a><\/li>\n<li class=\"menu-item menu-item-type-post_type menu-item-object-page menu-item-157441\"><a href=\"https:\/\/onedesk.com\/no\/prosjekt-ledelse-oppgave-arbeidsflyter\/\" class=\"elementor-item menu-link\" tabindex=\"-1\">Prosjektledelse og arbeidsflyter<\/a><\/li>\n<li class=\"menu-item menu-item-type-post_type menu-item-object-page menu-item-157442\"><a href=\"https:\/\/onedesk.com\/no\/kommunisere-med-kunder\/\" class=\"elementor-item menu-link\" tabindex=\"-1\">Kommunisere med kunder<\/a><\/li>\n<li class=\"menu-item menu-item-type-post_type menu-item-object-page menu-item-157443\"><a href=\"https:\/\/onedesk.com\/no\/sporingsarbeid\/\" class=\"elementor-item menu-link\" tabindex=\"-1\">Sporingsarbeid<\/a><\/li>\n<\/ul>\t\t\t<\/nav>\n\t\t\t\t\t\t<\/div>\n\t\t\t\t<\/div>\n\t\t\t\t<div class=\"elementor-element elementor-element-375bf3b0 elementor-widget elementor-widget-heading\" data-id=\"375bf3b0\" data-element_type=\"widget\" data-e-type=\"widget\" data-widget_type=\"heading.default\">\n\t\t\t\t<div class=\"elementor-widget-container\">\n\t\t\t\t\t<h4 class=\"elementor-heading-title elementor-size-default\">Dykke dypere<\/h4>\t\t\t\t<\/div>\n\t\t\t\t<\/div>\n\t\t\t\t<div class=\"elementor-element elementor-element-53a4fd9 elementor-nav-menu--dropdown-tablet elementor-nav-menu__text-align-aside elementor-nav-menu--toggle elementor-nav-menu--burger elementor-widget elementor-widget-nav-menu\" data-id=\"53a4fd9\" data-element_type=\"widget\" data-e-type=\"widget\" data-settings=\"{&quot;layout&quot;:&quot;vertical&quot;,&quot;submenu_icon&quot;:{&quot;value&quot;:&quot;&lt;i class=\\&quot;fas fa-caret-down\\&quot; aria-hidden=\\&quot;true\\&quot;&gt;&lt;\\\/i&gt;&quot;,&quot;library&quot;:&quot;fa-solid&quot;},&quot;toggle&quot;:&quot;burger&quot;}\" data-widget_type=\"nav-menu.default\">\n\t\t\t\t<div class=\"elementor-widget-container\">\n\t\t\t\t\t\t\t\t<nav aria-label=\"Menu\" class=\"elementor-nav-menu--main elementor-nav-menu__container elementor-nav-menu--layout-vertical e--pointer-underline e--animation-fade\">\n\t\t\t\t<ul id=\"menu-1-53a4fd9\" class=\"elementor-nav-menu sm-vertical\"><li class=\"menu-item menu-item-type-post_type menu-item-object-page menu-item-157485\"><a href=\"https:\/\/onedesk.com\/no\/tilpasse-din-arbeidsflyt\/\" class=\"elementor-item menu-link\">Tilpass arbeidsflyten din<\/a><\/li>\n<li class=\"menu-item menu-item-type-post_type menu-item-object-page menu-item-157486\"><a href=\"https:\/\/onedesk.com\/no\/tilpasse-din-brukeropplevelsen\/\" class=\"elementor-item menu-link\">Tilpasse brukeropplevelsen<\/a><\/li>\n<li class=\"menu-item menu-item-type-post_type menu-item-object-page menu-item-157487\"><a href=\"https:\/\/onedesk.com\/no\/tilpasse-dine-kunder-opplevelse\/\" class=\"elementor-item menu-link\">Tilpasse kundenes opplevelse<\/a><\/li>\n<li class=\"menu-item menu-item-type-post_type menu-item-object-page menu-item-157488\"><a href=\"https:\/\/onedesk.com\/no\/administrerende-brukere\/\" class=\"elementor-item menu-link\">Administrere brukere<\/a><\/li>\n<li class=\"menu-item menu-item-type-post_type menu-item-object-page menu-item-157489\"><a href=\"https:\/\/onedesk.com\/no\/administrerende-kunder\/\" class=\"elementor-item menu-link\">Administrere kunder<\/a><\/li>\n<li class=\"menu-item menu-item-type-post_type menu-item-object-page menu-item-157535\"><a href=\"https:\/\/onedesk.com\/no\/onedesk-kunnskapsbase\/\" class=\"elementor-item menu-link\">OneDesk kunnskapsbase<\/a><\/li>\n<li class=\"menu-item menu-item-type-post_type menu-item-object-page menu-item-157536\"><a href=\"https:\/\/onedesk.com\/no\/onedesk-live-chat\/\" class=\"elementor-item menu-link\">OneDesk Live Chat<\/a><\/li>\n<li class=\"menu-item menu-item-type-post_type menu-item-object-page menu-item-157537\"><a href=\"https:\/\/onedesk.com\/no\/onedesk-klient-portal\/\" class=\"elementor-item menu-link\">OneDesk klientportal<\/a><\/li>\n<li class=\"menu-item menu-item-type-post_type menu-item-object-page menu-item-157538\"><a href=\"https:\/\/onedesk.com\/no\/analyser\/\" class=\"elementor-item menu-link\">Analytics<\/a><\/li>\n<\/ul>\t\t\t<\/nav>\n\t\t\t\t\t<div class=\"elementor-menu-toggle\" role=\"button\" tabindex=\"0\" aria-label=\"Menu Toggle\" aria-expanded=\"false\">\n\t\t\t<i aria-hidden=\"true\" role=\"presentation\" class=\"elementor-menu-toggle__icon--open eicon-menu-bar\"><\/i><i aria-hidden=\"true\" role=\"presentation\" class=\"elementor-menu-toggle__icon--close eicon-close\"><\/i>\t\t<\/div>\n\t\t\t\t\t<nav class=\"elementor-nav-menu--dropdown elementor-nav-menu__container\" aria-hidden=\"true\">\n\t\t\t\t<ul id=\"menu-2-53a4fd9\" class=\"elementor-nav-menu sm-vertical\"><li class=\"menu-item menu-item-type-post_type menu-item-object-page menu-item-157485\"><a href=\"https:\/\/onedesk.com\/no\/tilpasse-din-arbeidsflyt\/\" class=\"elementor-item menu-link\" tabindex=\"-1\">Tilpass arbeidsflyten din<\/a><\/li>\n<li class=\"menu-item menu-item-type-post_type menu-item-object-page menu-item-157486\"><a href=\"https:\/\/onedesk.com\/no\/tilpasse-din-brukeropplevelsen\/\" class=\"elementor-item menu-link\" tabindex=\"-1\">Tilpasse brukeropplevelsen<\/a><\/li>\n<li class=\"menu-item menu-item-type-post_type menu-item-object-page menu-item-157487\"><a href=\"https:\/\/onedesk.com\/no\/tilpasse-dine-kunder-opplevelse\/\" class=\"elementor-item menu-link\" tabindex=\"-1\">Tilpasse kundenes opplevelse<\/a><\/li>\n<li class=\"menu-item menu-item-type-post_type menu-item-object-page menu-item-157488\"><a href=\"https:\/\/onedesk.com\/no\/administrerende-brukere\/\" class=\"elementor-item menu-link\" tabindex=\"-1\">Administrere brukere<\/a><\/li>\n<li class=\"menu-item menu-item-type-post_type menu-item-object-page menu-item-157489\"><a href=\"https:\/\/onedesk.com\/no\/administrerende-kunder\/\" class=\"elementor-item menu-link\" tabindex=\"-1\">Administrere kunder<\/a><\/li>\n<li class=\"menu-item menu-item-type-post_type menu-item-object-page menu-item-157535\"><a href=\"https:\/\/onedesk.com\/no\/onedesk-kunnskapsbase\/\" class=\"elementor-item menu-link\" tabindex=\"-1\">OneDesk kunnskapsbase<\/a><\/li>\n<li class=\"menu-item menu-item-type-post_type menu-item-object-page menu-item-157536\"><a href=\"https:\/\/onedesk.com\/no\/onedesk-live-chat\/\" class=\"elementor-item menu-link\" tabindex=\"-1\">OneDesk Live Chat<\/a><\/li>\n<li class=\"menu-item menu-item-type-post_type menu-item-object-page menu-item-157537\"><a href=\"https:\/\/onedesk.com\/no\/onedesk-klient-portal\/\" class=\"elementor-item menu-link\" tabindex=\"-1\">OneDesk klientportal<\/a><\/li>\n<li class=\"menu-item menu-item-type-post_type menu-item-object-page menu-item-157538\"><a href=\"https:\/\/onedesk.com\/no\/analyser\/\" class=\"elementor-item menu-link\" tabindex=\"-1\">Analytics<\/a><\/li>\n<\/ul>\t\t\t<\/nav>\n\t\t\t\t\t\t<\/div>\n\t\t\t\t<\/div>\n\t\t\t\t\t<\/div>\n\t\t<\/div>\n\t\t\t\t<div class=\"elementor-column elementor-col-66 elementor-top-column elementor-element elementor-element-78dfa67\" data-id=\"78dfa67\" data-element_type=\"column\" data-e-type=\"column\">\n\t\t\t<div class=\"elementor-widget-wrap elementor-element-populated\">\n\t\t\t\t\t\t<div class=\"elementor-element elementor-element-27dd3185 elementor-widget elementor-widget-html\" data-id=\"27dd3185\" data-element_type=\"widget\" data-e-type=\"widget\" data-widget_type=\"html.default\">\n\t\t\t\t<div class=\"elementor-widget-container\">\n\t\t\t\t\t<p>\nKlar til \u00e5 betjene kundene dine? N\u00e5r du har blitt proff, kan du n\u00e5 legge til\/laste opp kundene dine og begynne \u00e5 ta i mot arbeidsforesp\u00f8rslene deres. OneDesks hurtigoppsettveiviser hjelper deg med \u00e5 sette opp automatisk videresending av e-post og inkluderer instruksjoner om hvordan du plasserer OneDesk-kundeappene p\u00e5 nettstedet ditt.<\/p>\n<\/br>\n<h2>Videresending av e-post<\/h2>\n<br>\n<center><img fetchpriority=\"high\" decoding=\"async\" src=\"https:\/\/onedesk.com\/wp-content\/uploads\/2021\/09\/06-Email-to-Ticket-1.png\" alt=\"E-post til Ticket\" width=\"991\" height=\"568\" class=\"alignnone size-full wp-image-127169\"><\/center>\n<br>\n<p>Du kan sette opp automatisk videresending av e-post i OneDesk, som lar deg koble opp e-postkontoene dine direkte til Ticket-appen din i OneDesk. Du kan konfigurere dette fra administrasjonsdelen eller fra OneDesk hurtigoppsettveiviser i Kom i gang-veiledningen i toppnavigasjonen.<\/p>\n\n<p>L\u00e6r mer om videresending av e-post til billett her: <a href=\"https:\/\/onedesk.com\/no\/automatisk-videresending-av-din-e-post-til-onedesk-ved-hjelp-av-gmail-gsuite\/\">Gmail<\/a> <a href=\"https:\/\/onedesk.com\/no\/automatisk-videresending-omdirigering-din-e-post-til-onedesk-bruker-outlook-2\/\">Outlook<\/a><\/p>\n<br>\n<h2>Legge til kundeapper p\u00e5 nettstedet ditt<\/h2>\n<br>\n<center><img decoding=\"async\" src=\"https:\/\/onedesk.com\/wp-content\/uploads\/2021\/10\/Adding-Customer-Apps-on-Your-Site.jpg\" alt=\"Legge til kundeapper p\u00e5 nettstedet ditt\" width=\"1000\" class=\"alignleft size-full wp-image-139827\"><\/center>\n<br>\n<p>Du kan legge til dine kundevendte applikasjoner p\u00e5 nettstedet ditt for \u00e5 la kundene dine samhandle med deg p\u00e5 noen forskjellige m\u00e5ter. Den f\u00f8rste m\u00e5ten er \u00e5 legge til en kodebit p\u00e5 nettstedet ditt, og den andre er gjennom v\u00e5r <a href=\"https:\/\/wordpress.org\/plugins\/onedesk\/\">wordpress-plugin<\/a> .<\/p>\n<br>\n<button class=\"guidebutton\" onclick=\"window.location.href='\/subscribing-going-pro\/';\"><Previous{{{wpml_tag_32}}}\n{{{wpml_tag_33}}}Next ><\/button>\t\t\t\t<\/div>\n\t\t\t\t<\/div>\n\t\t\t\t\t<\/div>\n\t\t<\/div>\n\t\t\t\t\t<\/div>\n\t\t<\/section>\n\t\t\t\t<\/div>\n\t\t","protected":false},"excerpt":{"rendered":"<p>Innholdsfortegnelse Dykke dypere Klar til \u00e5 betjene kundene dine? N\u00e5r du har blitt proff, kan du n\u00e5 legge til\/laste opp kundene dine og begynne \u00e5 ta i mot arbeidsforesp\u00f8rslene deres. OneDesks hurtigoppsettveiviser hjelper deg med \u00e5 sette opp automatisk videresending av e-post og inkluderer instruksjoner om hvordan du plasserer OneDesk-kundeappene p\u00e5 nettstedet ditt. Videresending av [&hellip;]<\/p>\n","protected":false},"author":27,"featured_media":0,"parent":0,"menu_order":0,"comment_status":"closed","ping_status":"closed","template":"","meta":{"tpgb_global_settings":"","_crdt_document":"","inline_featured_image":false,"site-sidebar-layout":"no-sidebar","site-content-layout":"page-builder","ast-site-content-layout":"default","site-content-style":"default","site-sidebar-style":"default","ast-global-header-display":"","ast-banner-title-visibility":"","ast-main-header-display":"","ast-hfb-above-header-display":"","ast-hfb-below-header-display":"","ast-hfb-mobile-header-display":"","site-post-title":"disabled","ast-breadcrumbs-content":"","ast-featured-img":"disabled","footer-sml-layout":"","ast-disable-related-posts":"","theme-transparent-header-meta":"","adv-header-id-meta":"","stick-header-meta":"","header-above-stick-meta":"","header-main-stick-meta":"","header-below-stick-meta":"","astra-migrate-meta-layouts":"default","ast-page-background-enabled":"default","ast-page-background-meta":{"desktop":{"background-color":"var(--ast-global-color-4)","background-image":"","background-repeat":"repeat","background-position":"center center","background-size":"auto","background-attachment":"scroll","background-type":"","background-media":"","overlay-type":"","overlay-color":"","overlay-opacity":"","overlay-gradient":""},"tablet":{"background-color":"","background-image":"","background-repeat":"repeat","background-position":"center center","background-size":"auto","background-attachment":"scroll","background-type":"","background-media":"","overlay-type":"","overlay-color":"","overlay-opacity":"","overlay-gradient":""},"mobile":{"background-color":"","background-image":"","background-repeat":"repeat","background-position":"center center","background-size":"auto","background-attachment":"scroll","background-type":"","background-media":"","overlay-type":"","overlay-color":"","overlay-opacity":"","overlay-gradient":""}},"ast-content-background-meta":{"desktop":{"background-color":"var(--ast-global-color-5)","background-image":"","background-repeat":"repeat","background-position":"center center","background-size":"auto","background-attachment":"scroll","background-type":"","background-media":"","overlay-type":"","overlay-color":"","overlay-opacity":"","overlay-gradient":""},"tablet":{"background-color":"var(--ast-global-color-5)","background-image":"","background-repeat":"repeat","background-position":"center center","background-size":"auto","background-attachment":"scroll","background-type":"","background-media":"","overlay-type":"","overlay-color":"","overlay-opacity":"","overlay-gradient":""},"mobile":{"background-color":"var(--ast-global-color-5)","background-image":"","background-repeat":"repeat","background-position":"center center","background-size":"auto","background-attachment":"scroll","background-type":"","background-media":"","overlay-type":"","overlay-color":"","overlay-opacity":"","overlay-gradient":""}},"footnotes":""},"class_list":["post-154761","page","type-page","status-publish","hentry"],"yoast_head":"<!-- This site is optimized with the Yoast SEO Premium plugin v27.5 (Yoast SEO v27.5) - https:\/\/yoast.com\/product\/yoast-seo-premium-wordpress\/ -->\n<title>Betjen dine kunder | OneDesk HelpDesk &amp; PM Onboarding Guide<\/title>\n<meta name=\"description\" content=\"OneDesk er helpdesk og prosjektstyringsprogramvare i \u00e9n applikasjon. Finn ut hvordan du setter opp kundest\u00f8ttesystemet.\" \/>\n<meta name=\"robots\" content=\"index, follow, max-snippet:-1, max-image-preview:large, max-video-preview:-1\" \/>\n<link rel=\"canonical\" href=\"https:\/\/onedesk.com\/no\/gar-live-til-kunder\/\" \/>\n<meta property=\"og:locale\" content=\"nb_NO\" \/>\n<meta property=\"og:type\" content=\"article\" \/>\n<meta property=\"og:title\" content=\"Betjen dine kunder | OneDesk HelpDesk &amp; PM Onboarding Guide\" \/>\n<meta property=\"og:description\" content=\"OneDesk er helpdesk og prosjektstyringsprogramvare i \u00e9n applikasjon. Finn ut hvordan du setter opp kundest\u00f8ttesystemet.\" \/>\n<meta property=\"og:url\" content=\"https:\/\/onedesk.com\/no\/gar-live-til-kunder\/\" \/>\n<meta property=\"og:site_name\" content=\"OneDesk\" \/>\n<meta property=\"article:publisher\" content=\"https:\/\/www.facebook.com\/OneDeskApp\" \/>\n<meta property=\"article:modified_time\" content=\"2022-01-21T21:37:26+00:00\" \/>\n<meta property=\"og:image\" content=\"https:\/\/onedesk.com\/wp-content\/uploads\/2021\/09\/06-Email-to-Ticket-1.png\" \/>\n<meta name=\"twitter:card\" content=\"summary_large_image\" \/>\n<meta name=\"twitter:site\" content=\"@OneDeskApp\" \/>\n<meta name=\"twitter:label1\" content=\"Est. reading time\" \/>\n\t<meta name=\"twitter:data1\" content=\"1 minute\" \/>\n<!-- \/ Yoast SEO Premium plugin. -->","yoast_head_json":{"title":"Betjen dine kunder | OneDesk HelpDesk & PM Onboarding Guide","description":"OneDesk er helpdesk og prosjektstyringsprogramvare i \u00e9n applikasjon. Finn ut hvordan du setter opp kundest\u00f8ttesystemet.","robots":{"index":"index","follow":"follow","max-snippet":"max-snippet:-1","max-image-preview":"max-image-preview:large","max-video-preview":"max-video-preview:-1"},"canonical":"https:\/\/onedesk.com\/no\/gar-live-til-kunder\/","og_locale":"nb_NO","og_type":"article","og_title":"Betjen dine kunder | OneDesk HelpDesk & PM Onboarding Guide","og_description":"OneDesk er helpdesk og prosjektstyringsprogramvare i \u00e9n applikasjon. Finn ut hvordan du setter opp kundest\u00f8ttesystemet.","og_url":"https:\/\/onedesk.com\/no\/gar-live-til-kunder\/","og_site_name":"OneDesk","article_publisher":"https:\/\/www.facebook.com\/OneDeskApp","article_modified_time":"2022-01-21T21:37:26+00:00","og_image":[{"url":"https:\/\/onedesk.com\/wp-content\/uploads\/2021\/09\/06-Email-to-Ticket-1.png","type":"","width":"","height":""}],"twitter_card":"summary_large_image","twitter_site":"@OneDeskApp","twitter_misc":{"Est. reading time":"1 minute"},"schema":{"@context":"https:\/\/schema.org","@graph":[{"@type":"WebPage","@id":"https:\/\/onedesk.com\/no\/gar-live-til-kunder\/","url":"https:\/\/onedesk.com\/no\/gar-live-til-kunder\/","name":"Betjen dine kunder | OneDesk HelpDesk & PM Onboarding Guide","isPartOf":{"@id":"https:\/\/onedesk.com\/no\/#website"},"primaryImageOfPage":{"@id":"https:\/\/onedesk.com\/no\/gar-live-til-kunder\/#primaryimage"},"image":{"@id":"https:\/\/onedesk.com\/no\/gar-live-til-kunder\/#primaryimage"},"thumbnailUrl":"https:\/\/onedesk.com\/wp-content\/uploads\/2021\/09\/06-Email-to-Ticket-1.png","datePublished":"2021-12-20T15:16:28+00:00","dateModified":"2022-01-21T21:37:26+00:00","description":"OneDesk er helpdesk og prosjektstyringsprogramvare i \u00e9n applikasjon. Finn ut hvordan du setter opp kundest\u00f8ttesystemet.","inLanguage":"nb-NO","potentialAction":[{"@type":"ReadAction","target":["https:\/\/onedesk.com\/no\/gar-live-til-kunder\/"]}]},{"@type":"ImageObject","inLanguage":"nb-NO","@id":"https:\/\/onedesk.com\/no\/gar-live-til-kunder\/#primaryimage","url":"https:\/\/onedesk.com\/wp-content\/uploads\/2021\/09\/06-Email-to-Ticket-1.png","contentUrl":"https:\/\/onedesk.com\/wp-content\/uploads\/2021\/09\/06-Email-to-Ticket-1.png"},{"@type":"WebSite","@id":"https:\/\/onedesk.com\/no\/#website","url":"https:\/\/onedesk.com\/no\/","name":"OneDesk","description":"Prosjektledelse og Helpdesk-programvare","publisher":{"@id":"https:\/\/onedesk.com\/no\/#organization"},"potentialAction":[{"@type":"SearchAction","target":{"@type":"EntryPoint","urlTemplate":"https:\/\/onedesk.com\/no\/?s={search_term_string}"},"query-input":{"@type":"PropertyValueSpecification","valueRequired":true,"valueName":"search_term_string"}}],"inLanguage":"nb-NO"},{"@type":"Organization","@id":"https:\/\/onedesk.com\/no\/#organization","name":"OneDesk","url":"https:\/\/onedesk.com\/no\/","logo":{"@type":"ImageObject","inLanguage":"nb-NO","@id":"https:\/\/onedesk.com\/no\/#\/schema\/logo\/image\/","url":"https:\/\/onedesk.com\/wp-content\/uploads\/2016\/01\/white-logo-small.png","contentUrl":"https:\/\/onedesk.com\/wp-content\/uploads\/2016\/01\/white-logo-small.png","width":207,"height":40,"caption":"OneDesk"},"image":{"@id":"https:\/\/onedesk.com\/no\/#\/schema\/logo\/image\/"},"sameAs":["https:\/\/www.facebook.com\/OneDeskApp","https:\/\/x.com\/OneDeskApp","https:\/\/www.instagram.com\/onedeskapp\/","https:\/\/www.linkedin.com\/company\/onedesk-inc-1","https:\/\/www.pinterest.com\/onedesk\/","https:\/\/www.youtube.com\/user\/OneDeskApp"]}]}},"tpgb_featured_images":null,"tpgb_post_meta_info":{"get_date":"December 20, 2021","get_modified_date":"January 21, 2022","author_name":"Sabrin Yusef","author_url":"https:\/\/onedesk.com\/no\/author\/sarbin-yusef\/","author_email":"sabrin.yusef@onedesk.com","author_website":"","author_description":"","author_facebook":"","author_twitter":"","author_instagram":"","author_role":["customer"],"author_firstname":"Sabrin","author_lastname":"Yusef","user_login":"sarbin.yusef","author_avatar":"<img alt='' src='https:\/\/secure.gravatar.com\/avatar\/1f20332b0900369c93c9c272e03885bde073bf214b3dd3eb4bea569a45bea588?s=200&#038;d=mm&#038;r=g' srcset='https:\/\/secure.gravatar.com\/avatar\/1f20332b0900369c93c9c272e03885bde073bf214b3dd3eb4bea569a45bea588?s=400&#038;d=mm&#038;r=g 2x' class='avatar avatar-200 photo' height='200' width='200' decoding='async'\/>","author_avatar_url":"https:\/\/secure.gravatar.com\/avatar\/1f20332b0900369c93c9c272e03885bde073bf214b3dd3eb4bea569a45bea588?s=96&d=mm&r=g","comment_count":0,"post_likes":0,"post_views":0},"tpgb_post_category":[],"jetpack_shortlink":"https:\/\/wp.me\/PfpPaI-Eg9","amp_enabled":true,"_links":{"self":[{"href":"https:\/\/onedesk.com\/no\/wp-json\/wp\/v2\/pages\/154761","targetHints":{"allow":["GET"]}}],"collection":[{"href":"https:\/\/onedesk.com\/no\/wp-json\/wp\/v2\/pages"}],"about":[{"href":"https:\/\/onedesk.com\/no\/wp-json\/wp\/v2\/types\/page"}],"author":[{"embeddable":true,"href":"https:\/\/onedesk.com\/no\/wp-json\/wp\/v2\/users\/27"}],"replies":[{"embeddable":true,"href":"https:\/\/onedesk.com\/no\/wp-json\/wp\/v2\/comments?post=154761"}],"version-history":[{"count":7,"href":"https:\/\/onedesk.com\/no\/wp-json\/wp\/v2\/pages\/154761\/revisions"}],"predecessor-version":[{"id":162201,"href":"https:\/\/onedesk.com\/no\/wp-json\/wp\/v2\/pages\/154761\/revisions\/162201"}],"wp:attachment":[{"href":"https:\/\/onedesk.com\/no\/wp-json\/wp\/v2\/media?parent=154761"}],"curies":[{"name":"wp","href":"https:\/\/api.w.org\/{rel}","templated":true}]}}