{"id":154917,"date":"2021-12-20T16:01:13","date_gmt":"2021-12-20T16:01:13","guid":{"rendered":"https:\/\/onedesk.com\/funksjonsindeks\/agent-ytelse-overvaking\/"},"modified":"2023-08-08T19:08:13","modified_gmt":"2023-08-08T19:08:13","slug":"agent-ytelse-overvaking","status":"publish","type":"page","link":"https:\/\/onedesk.com\/no\/funksjonsindeks\/agent-ytelse-overvaking\/","title":{"rendered":"Agentytelsesoverv\u00e5king"},"content":{"rendered":"\t\t<div data-elementor-type=\"wp-page\" data-elementor-id=\"154917\" class=\"elementor elementor-154917 elementor-83361\" data-elementor-post-type=\"page\">\n\t\t\t\t\t\t<section class=\"elementor-section elementor-top-section elementor-element elementor-element-2c81b050 elementor-section-boxed elementor-section-height-default elementor-section-height-default\" data-id=\"2c81b050\" data-element_type=\"section\" data-e-type=\"section\">\n\t\t\t\t\t\t<div class=\"elementor-container elementor-column-gap-default\">\n\t\t\t\t\t<div class=\"elementor-column elementor-col-100 elementor-top-column elementor-element elementor-element-3e3e858b\" data-id=\"3e3e858b\" data-element_type=\"column\" data-e-type=\"column\">\n\t\t\t<div class=\"elementor-widget-wrap elementor-element-populated\">\n\t\t\t\t\t\t<div class=\"elementor-element elementor-element-40e3604 elementor-widget elementor-widget-heading\" data-id=\"40e3604\" data-element_type=\"widget\" data-e-type=\"widget\" data-widget_type=\"heading.default\">\n\t\t\t\t<div class=\"elementor-widget-container\">\n\t\t\t\t\t<h1 class=\"elementor-heading-title elementor-size-default\">Overv\u00e5king av agentytelse<\/h1>\t\t\t\t<\/div>\n\t\t\t\t<\/div>\n\t\t\t\t<div class=\"elementor-element elementor-element-7d903f05 elementor-widget elementor-widget-text-editor\" data-id=\"7d903f05\" data-element_type=\"widget\" data-e-type=\"widget\" data-widget_type=\"text-editor.default\">\n\t\t\t\t<div class=\"elementor-widget-container\">\n\t\t\t\t\t\t\t\t\t<p>Forbedre kvaliteten p\u00e5 st\u00f8tteteamet ditt.<\/p>\n\t\t\t\t\t\t\t\t<\/div>\n\t\t\t\t<\/div>\n\t\t\t\t<div class=\"elementor-element elementor-element-34300d3 elementor-align-center elementor-widget elementor-widget-global elementor-global-239887 elementor-global-131872 elementor-widget-button\" data-id=\"34300d3\" data-element_type=\"widget\" data-e-type=\"widget\" data-widget_type=\"button.default\">\n\t\t\t\t<div class=\"elementor-widget-container\">\n\t\t\t\t\t\t\t\t\t<div class=\"elementor-button-wrapper\">\n\t\t\t\t\t<a class=\"elementor-button elementor-button-link elementor-size-lg elementor-animation-grow\" href=\"https:\/\/onedesk.com\/no\/registrer-deg-gratis\/\">\n\t\t\t\t\t\t<span class=\"elementor-button-content-wrapper\">\n\t\t\t\t\t\t\t\t\t<span class=\"elementor-button-text\">Registrer deg gratis!<\/span>\n\t\t\t\t\t<\/span>\n\t\t\t\t\t<\/a>\n\t\t\t\t<\/div>\n\t\t\t\t\t\t\t\t<\/div>\n\t\t\t\t<\/div>\n\t\t\t\t\t<\/div>\n\t\t<\/div>\n\t\t\t\t\t<\/div>\n\t\t<\/section>\n\t\t\t\t<section class=\"elementor-section elementor-top-section elementor-element elementor-element-6616523c elementor-section-boxed elementor-section-height-default elementor-section-height-default\" data-id=\"6616523c\" data-element_type=\"section\" data-e-type=\"section\">\n\t\t\t\t\t\t<div class=\"elementor-container elementor-column-gap-default\">\n\t\t\t\t\t<div class=\"elementor-column elementor-col-100 elementor-top-column elementor-element elementor-element-76fc810\" data-id=\"76fc810\" data-element_type=\"column\" data-e-type=\"column\">\n\t\t\t<div class=\"elementor-widget-wrap elementor-element-populated\">\n\t\t\t\t\t\t<div class=\"elementor-element elementor-element-26067075 elementor-widget elementor-widget-image\" data-id=\"26067075\" data-element_type=\"widget\" data-e-type=\"widget\" data-widget_type=\"image.default\">\n\t\t\t\t<div class=\"elementor-widget-container\">\n\t\t\t\t\t\t\t\t\t\t\t\t\t\t\t<img fetchpriority=\"high\" decoding=\"async\" width=\"768\" height=\"512\" src=\"https:\/\/onedesk.com\/wp-content\/uploads\/2021\/12\/pexels-tima-miroshnichenko-5453836-scaled-1-768x512.jpg\" class=\"attachment-medium_large size-medium_large wp-image-144666\" alt=\"kontor\" srcset=\"https:\/\/onedesk.com\/wp-content\/uploads\/2021\/12\/pexels-tima-miroshnichenko-5453836-scaled-1-768x512.jpg 768w, https:\/\/onedesk.com\/wp-content\/uploads\/2021\/12\/pexels-tima-miroshnichenko-5453836-scaled-1-300x200.jpg 300w, https:\/\/onedesk.com\/wp-content\/uploads\/2021\/12\/pexels-tima-miroshnichenko-5453836-scaled-1-1024x682.jpg 1024w, https:\/\/onedesk.com\/wp-content\/uploads\/2021\/12\/pexels-tima-miroshnichenko-5453836-scaled-1-1536x1024.jpg 1536w, https:\/\/onedesk.com\/wp-content\/uploads\/2021\/12\/pexels-tima-miroshnichenko-5453836-scaled-1-2048x1365.jpg 2048w\" sizes=\"(max-width: 768px) 100vw, 768px\" \/>\t\t\t\t\t\t\t\t\t\t\t\t\t\t\t<\/div>\n\t\t\t\t<\/div>\n\t\t\t\t\t<\/div>\n\t\t<\/div>\n\t\t\t\t\t<\/div>\n\t\t<\/section>\n\t\t\t\t<section class=\"elementor-section elementor-top-section elementor-element elementor-element-2a6cc0f7 elementor-section-boxed elementor-section-height-default elementor-section-height-default\" data-id=\"2a6cc0f7\" data-element_type=\"section\" data-e-type=\"section\">\n\t\t\t\t\t\t<div class=\"elementor-container elementor-column-gap-default\">\n\t\t\t\t\t<div class=\"elementor-column elementor-col-100 elementor-top-column elementor-element elementor-element-273eea6c\" data-id=\"273eea6c\" data-element_type=\"column\" data-e-type=\"column\">\n\t\t\t<div class=\"elementor-widget-wrap elementor-element-populated\">\n\t\t\t\t\t\t<div class=\"elementor-element elementor-element-5d3bb837 elementor-widget elementor-widget-text-editor\" data-id=\"5d3bb837\" data-element_type=\"widget\" data-e-type=\"widget\" data-widget_type=\"text-editor.default\">\n\t\t\t\t<div class=\"elementor-widget-container\">\n\t\t\t\t\t\t\t\t\t<p>OneDesk lar deg overv\u00e5ke og kj\u00f8re rapporter p\u00e5 helpdesk-agentene dine for \u00e5 sikre at de f\u00e5r arbeidet gjort effektivt samtidig som de leverer eksepsjonell kundest\u00f8tte. Her er fordelene med denne funksjonen:<\/p>\n\t\t\t\t\t\t\t\t<\/div>\n\t\t\t\t<\/div>\n\t\t\t\t\t<\/div>\n\t\t<\/div>\n\t\t\t\t\t<\/div>\n\t\t<\/section>\n\t\t\t\t<section class=\"elementor-section elementor-top-section elementor-element elementor-element-6642d9e6 elementor-section-boxed elementor-section-height-default elementor-section-height-default\" data-id=\"6642d9e6\" data-element_type=\"section\" data-e-type=\"section\">\n\t\t\t\t\t\t<div class=\"elementor-container elementor-column-gap-default\">\n\t\t\t\t\t<div class=\"elementor-column elementor-col-50 elementor-top-column elementor-element elementor-element-e75e79c\" data-id=\"e75e79c\" data-element_type=\"column\" data-e-type=\"column\">\n\t\t\t<div class=\"elementor-widget-wrap elementor-element-populated\">\n\t\t\t\t\t\t<div class=\"elementor-element elementor-element-cf56eaf elementor-widget elementor-widget-image\" data-id=\"cf56eaf\" data-element_type=\"widget\" data-e-type=\"widget\" data-widget_type=\"image.default\">\n\t\t\t\t<div class=\"elementor-widget-container\">\n\t\t\t\t\t\t\t\t\t\t\t\t\t\t\t<img decoding=\"async\" width=\"702\" height=\"397\" src=\"https:\/\/onedesk.com\/wp-content\/uploads\/2021\/04\/Timer-Tracking.png\" class=\"attachment-large size-large wp-image-144675\" alt=\"tidtakersporing\" srcset=\"https:\/\/onedesk.com\/wp-content\/uploads\/2021\/04\/Timer-Tracking.png 702w, https:\/\/onedesk.com\/wp-content\/uploads\/2021\/04\/Timer-Tracking-300x170.png 300w, https:\/\/onedesk.com\/wp-content\/uploads\/2021\/04\/Timer-Tracking-530x300.png 530w, https:\/\/onedesk.com\/wp-content\/uploads\/2021\/04\/Timer-Tracking-255x144.png 255w, https:\/\/onedesk.com\/wp-content\/uploads\/2021\/04\/Timer-Tracking-141x80.png 141w, https:\/\/onedesk.com\/wp-content\/uploads\/2021\/04\/Timer-Tracking-71x40.png 71w, https:\/\/onedesk.com\/wp-content\/uploads\/2021\/04\/Timer-Tracking-480x271.png 480w, https:\/\/onedesk.com\/wp-content\/uploads\/2021\/04\/Timer-Tracking-500x283.png 500w, https:\/\/onedesk.com\/wp-content\/uploads\/2021\/04\/Timer-Tracking-360x204.png 360w\" sizes=\"(max-width: 702px) 100vw, 702px\" \/>\t\t\t\t\t\t\t\t\t\t\t\t\t\t\t<\/div>\n\t\t\t\t<\/div>\n\t\t\t\t\t<\/div>\n\t\t<\/div>\n\t\t\t\t<div class=\"elementor-column elementor-col-50 elementor-top-column elementor-element elementor-element-2ada26e3\" data-id=\"2ada26e3\" data-element_type=\"column\" data-e-type=\"column\">\n\t\t\t<div class=\"elementor-widget-wrap elementor-element-populated\">\n\t\t\t\t\t\t<div class=\"elementor-element elementor-element-1a9a4b47 elementor-widget elementor-widget-heading\" data-id=\"1a9a4b47\" data-element_type=\"widget\" data-e-type=\"widget\" data-widget_type=\"heading.default\">\n\t\t\t\t<div class=\"elementor-widget-container\">\n\t\t\t\t\t<h2 class=\"elementor-heading-title elementor-size-default\">Se en agents n\u00e5v\u00e6rende og tidligere aktiviteter<\/h2>\t\t\t\t<\/div>\n\t\t\t\t<\/div>\n\t\t\t\t<div class=\"elementor-element elementor-element-727598bd elementor-widget elementor-widget-text-editor\" data-id=\"727598bd\" data-element_type=\"widget\" data-e-type=\"widget\" data-widget_type=\"text-editor.default\">\n\t\t\t\t<div class=\"elementor-widget-container\">\n\t\t\t\t\t\t\t\t\t<p>OneDesk lar deg se hva agentene dine jobber med i sanntid. Se hvem som for \u00f8yeblikket jobber med hvilken billett gjennom <a href=\"https:\/\/onedesk.com\/no\/funksjonsindeks\/konfigurerbare-arbeidsvisninger\/\">tilpassede visninger<\/a> samt timeroverv\u00e5kingswidgeten. Du kan ogs\u00e5 spore alle dine agenters tidligere aktiviteter for \u00e5 se hva de har jobbet med over en periode.<\/p>\n\t\t\t\t\t\t\t\t<\/div>\n\t\t\t\t<\/div>\n\t\t\t\t\t<\/div>\n\t\t<\/div>\n\t\t\t\t\t<\/div>\n\t\t<\/section>\n\t\t\t\t<section class=\"elementor-section elementor-top-section elementor-element elementor-element-1a8082ef elementor-section-boxed elementor-section-height-default elementor-section-height-default\" data-id=\"1a8082ef\" data-element_type=\"section\" data-e-type=\"section\">\n\t\t\t\t\t\t<div class=\"elementor-container elementor-column-gap-default\">\n\t\t\t\t\t<div class=\"elementor-column elementor-col-50 elementor-top-column elementor-element elementor-element-5b575981\" data-id=\"5b575981\" data-element_type=\"column\" data-e-type=\"column\">\n\t\t\t<div class=\"elementor-widget-wrap elementor-element-populated\">\n\t\t\t\t\t\t<div class=\"elementor-element elementor-element-1e5cff41 elementor-widget elementor-widget-heading\" data-id=\"1e5cff41\" data-element_type=\"widget\" data-e-type=\"widget\" data-widget_type=\"heading.default\">\n\t\t\t\t<div class=\"elementor-widget-container\">\n\t\t\t\t\t<h2 class=\"elementor-heading-title elementor-size-default\">Generer agentytelsesrapporter<\/h2>\t\t\t\t<\/div>\n\t\t\t\t<\/div>\n\t\t\t\t<div class=\"elementor-element elementor-element-a910bcb elementor-widget elementor-widget-text-editor\" data-id=\"a910bcb\" data-element_type=\"widget\" data-e-type=\"widget\" data-widget_type=\"text-editor.default\">\n\t\t\t\t<div class=\"elementor-widget-container\">\n\t\t\t\t\t\t\t\t\t<p>OneDesk tilbyr flere m\u00e5ter \u00e5 <a href=\"https:\/\/onedesk.com\/no\/funksjonsindeks\/agent-ytelse-overvaking\/\">vise rapporter om agentytelse p\u00e5<\/a> . Du kan se den totale mengden arbeid hver agent har utf\u00f8rt sammen med fordelingen av loggede timer. Du kan visuelt se arbeidstimene hver agent har logget p\u00e5 sammenlignet med hverandre. Du kan sammenligne antall ferdige, p\u00e5g\u00e5ende og ikke startet billetter per agent. Det er ogs\u00e5 en tilfredshetsscore som indikerer den generelle tilfredsheten til kunder som betjenes av hver agent.<\/p>\n\t\t\t\t\t\t\t\t<\/div>\n\t\t\t\t<\/div>\n\t\t\t\t\t<\/div>\n\t\t<\/div>\n\t\t\t\t<div class=\"elementor-column elementor-col-50 elementor-top-column elementor-element elementor-element-61c8615b\" data-id=\"61c8615b\" data-element_type=\"column\" data-e-type=\"column\">\n\t\t\t<div class=\"elementor-widget-wrap elementor-element-populated\">\n\t\t\t\t\t\t<div class=\"elementor-element elementor-element-ffba19d elementor-widget elementor-widget-image\" data-id=\"ffba19d\" data-element_type=\"widget\" data-e-type=\"widget\" data-widget_type=\"image.default\">\n\t\t\t\t<div class=\"elementor-widget-container\">\n\t\t\t\t\t\t\t\t\t\t\t\t\t\t\t<img decoding=\"async\" width=\"400\" height=\"398\" src=\"https:\/\/onedesk.com\/wp-content\/uploads\/2021\/04\/Assignee.png\" class=\"attachment-large size-large wp-image-144680\" alt=\"rapporter fra oppdragstaker\" srcset=\"https:\/\/onedesk.com\/wp-content\/uploads\/2021\/04\/Assignee.png 400w, https:\/\/onedesk.com\/wp-content\/uploads\/2021\/04\/Assignee-300x300.png 300w, https:\/\/onedesk.com\/wp-content\/uploads\/2021\/04\/Assignee-150x150.png 150w, https:\/\/onedesk.com\/wp-content\/uploads\/2021\/04\/Assignee-302x300.png 302w, https:\/\/onedesk.com\/wp-content\/uploads\/2021\/04\/Assignee-255x254.png 255w, https:\/\/onedesk.com\/wp-content\/uploads\/2021\/04\/Assignee-80x80.png 80w, https:\/\/onedesk.com\/wp-content\/uploads\/2021\/04\/Assignee-40x40.png 40w, https:\/\/onedesk.com\/wp-content\/uploads\/2021\/04\/Assignee-60x60.png 60w, https:\/\/onedesk.com\/wp-content\/uploads\/2021\/04\/Assignee-360x358.png 360w\" sizes=\"(max-width: 400px) 100vw, 400px\" \/>\t\t\t\t\t\t\t\t\t\t\t\t\t\t\t<\/div>\n\t\t\t\t<\/div>\n\t\t\t\t\t<\/div>\n\t\t<\/div>\n\t\t\t\t\t<\/div>\n\t\t<\/section>\n\t\t\t\t<\/div>\n\t\t","protected":false},"excerpt":{"rendered":"<p>Overv\u00e5king av agentytelse Forbedre kvaliteten p\u00e5 st\u00f8tteteamet ditt. Sign up free! OneDesk lar deg overv\u00e5ke og kj\u00f8re rapporter p\u00e5 helpdesk-agentene dine for \u00e5 sikre at de f\u00e5r arbeidet gjort effektivt samtidig som de leverer eksepsjonell kundest\u00f8tte. Her er fordelene med denne funksjonen: Se en agents n\u00e5v\u00e6rende og tidligere aktiviteter OneDesk lar deg se hva agentene [&hellip;]<\/p>\n","protected":false},"author":25,"featured_media":0,"parent":151677,"menu_order":7,"comment_status":"closed","ping_status":"closed","template":"","meta":{"tpgb_global_settings":"","_crdt_document":"","inline_featured_image":false,"site-sidebar-layout":"default","site-content-layout":"","ast-site-content-layout":"default","site-content-style":"default","site-sidebar-style":"default","ast-global-header-display":"","ast-banner-title-visibility":"","ast-main-header-display":"","ast-hfb-above-header-display":"","ast-hfb-below-header-display":"","ast-hfb-mobile-header-display":"","site-post-title":"","ast-breadcrumbs-content":"","ast-featured-img":"","footer-sml-layout":"","ast-disable-related-posts":"","theme-transparent-header-meta":"","adv-header-id-meta":"","stick-header-meta":"","header-above-stick-meta":"","header-main-stick-meta":"","header-below-stick-meta":"","astra-migrate-meta-layouts":"default","ast-page-background-enabled":"default","ast-page-background-meta":{"desktop":{"background-color":"var(--ast-global-color-4)","background-image":"","background-repeat":"repeat","background-position":"center center","background-size":"auto","background-attachment":"scroll","background-type":"","background-media":"","overlay-type":"","overlay-color":"","overlay-opacity":"","overlay-gradient":""},"tablet":{"background-color":"","background-image":"","background-repeat":"repeat","background-position":"center center","background-size":"auto","background-attachment":"scroll","background-type":"","background-media":"","overlay-type":"","overlay-color":"","overlay-opacity":"","overlay-gradient":""},"mobile":{"background-color":"","background-image":"","background-repeat":"repeat","background-position":"center center","background-size":"auto","background-attachment":"scroll","background-type":"","background-media":"","overlay-type":"","overlay-color":"","overlay-opacity":"","overlay-gradient":""}},"ast-content-background-meta":{"desktop":{"background-color":"var(--ast-global-color-5)","background-image":"","background-repeat":"repeat","background-position":"center center","background-size":"auto","background-attachment":"scroll","background-type":"","background-media":"","overlay-type":"","overlay-color":"","overlay-opacity":"","overlay-gradient":""},"tablet":{"background-color":"var(--ast-global-color-5)","background-image":"","background-repeat":"repeat","background-position":"center center","background-size":"auto","background-attachment":"scroll","background-type":"","background-media":"","overlay-type":"","overlay-color":"","overlay-opacity":"","overlay-gradient":""},"mobile":{"background-color":"var(--ast-global-color-5)","background-image":"","background-repeat":"repeat","background-position":"center center","background-size":"auto","background-attachment":"scroll","background-type":"","background-media":"","overlay-type":"","overlay-color":"","overlay-opacity":"","overlay-gradient":""}},"footnotes":""},"class_list":["post-154917","page","type-page","status-publish","hentry"],"yoast_head":"<!-- This site is optimized with the Yoast SEO Premium plugin v27.4 (Yoast SEO v27.5) - https:\/\/yoast.com\/product\/yoast-seo-premium-wordpress\/ -->\n<title>Overv\u00e5king av agentytelse | OneDesk Help Desk-programvareapp<\/title>\n<meta name=\"description\" content=\"OneDesk er helpdesk og prosjektledelsesprogramvare. Finn ut hvordan OneDesk lar deg overv\u00e5ke ytelsen til helpdesk-agentene dine.\" \/>\n<meta name=\"robots\" content=\"index, follow, max-snippet:-1, max-image-preview:large, max-video-preview:-1\" \/>\n<link rel=\"canonical\" href=\"https:\/\/onedesk.com\/no\/funksjonsindeks\/agent-ytelse-overvaking\/\" \/>\n<meta property=\"og:locale\" content=\"nb_NO\" \/>\n<meta property=\"og:type\" content=\"article\" \/>\n<meta property=\"og:title\" content=\"Overv\u00e5king av agentytelse | OneDesk Help Desk-programvareapp\" \/>\n<meta property=\"og:description\" content=\"OneDesk er helpdesk og prosjektledelsesprogramvare. Finn ut hvordan OneDesk lar deg overv\u00e5ke ytelsen til helpdesk-agentene dine.\" \/>\n<meta property=\"og:url\" content=\"https:\/\/onedesk.com\/no\/funksjonsindeks\/agent-ytelse-overvaking\/\" \/>\n<meta property=\"og:site_name\" content=\"OneDesk\" \/>\n<meta property=\"article:publisher\" content=\"https:\/\/www.facebook.com\/OneDeskApp\" \/>\n<meta property=\"article:modified_time\" content=\"2023-08-08T19:08:13+00:00\" \/>\n<meta property=\"og:image\" content=\"https:\/\/onedesk.com\/wp-content\/uploads\/2021\/12\/pexels-tima-miroshnichenko-5453836-scaled-1-768x512.jpg\" \/>\n<meta name=\"twitter:card\" content=\"summary_large_image\" \/>\n<meta name=\"twitter:site\" content=\"@OneDeskApp\" \/>\n<meta name=\"twitter:label1\" content=\"Est. reading time\" \/>\n\t<meta name=\"twitter:data1\" content=\"1 minute\" \/>\n<!-- \/ Yoast SEO Premium plugin. -->","yoast_head_json":{"title":"Overv\u00e5king av agentytelse | OneDesk Help Desk-programvareapp","description":"OneDesk er helpdesk og prosjektledelsesprogramvare. Finn ut hvordan OneDesk lar deg overv\u00e5ke ytelsen til helpdesk-agentene dine.","robots":{"index":"index","follow":"follow","max-snippet":"max-snippet:-1","max-image-preview":"max-image-preview:large","max-video-preview":"max-video-preview:-1"},"canonical":"https:\/\/onedesk.com\/no\/funksjonsindeks\/agent-ytelse-overvaking\/","og_locale":"nb_NO","og_type":"article","og_title":"Overv\u00e5king av agentytelse | OneDesk Help Desk-programvareapp","og_description":"OneDesk er helpdesk og prosjektledelsesprogramvare. Finn ut hvordan OneDesk lar deg overv\u00e5ke ytelsen til helpdesk-agentene dine.","og_url":"https:\/\/onedesk.com\/no\/funksjonsindeks\/agent-ytelse-overvaking\/","og_site_name":"OneDesk","article_publisher":"https:\/\/www.facebook.com\/OneDeskApp","article_modified_time":"2023-08-08T19:08:13+00:00","og_image":[{"url":"https:\/\/onedesk.com\/wp-content\/uploads\/2021\/12\/pexels-tima-miroshnichenko-5453836-scaled-1-768x512.jpg","type":"","width":"","height":""}],"twitter_card":"summary_large_image","twitter_site":"@OneDeskApp","twitter_misc":{"Est. reading time":"1 minute"},"schema":{"@context":"https:\/\/schema.org","@graph":[{"@type":"WebPage","@id":"https:\/\/onedesk.com\/no\/funksjonsindeks\/agent-ytelse-overvaking\/","url":"https:\/\/onedesk.com\/no\/funksjonsindeks\/agent-ytelse-overvaking\/","name":"Overv\u00e5king av agentytelse | OneDesk Help Desk-programvareapp","isPartOf":{"@id":"https:\/\/onedesk.com\/no\/#website"},"primaryImageOfPage":{"@id":"https:\/\/onedesk.com\/no\/funksjonsindeks\/agent-ytelse-overvaking\/#primaryimage"},"image":{"@id":"https:\/\/onedesk.com\/no\/funksjonsindeks\/agent-ytelse-overvaking\/#primaryimage"},"thumbnailUrl":"https:\/\/onedesk.com\/wp-content\/uploads\/2021\/12\/pexels-tima-miroshnichenko-5453836-scaled-1-768x512.jpg","datePublished":"2021-12-20T16:01:13+00:00","dateModified":"2023-08-08T19:08:13+00:00","description":"OneDesk er helpdesk og prosjektledelsesprogramvare. Finn ut hvordan OneDesk lar deg overv\u00e5ke ytelsen til helpdesk-agentene dine.","breadcrumb":{"@id":"https:\/\/onedesk.com\/no\/funksjonsindeks\/agent-ytelse-overvaking\/#breadcrumb"},"inLanguage":"nb-NO","potentialAction":[{"@type":"ReadAction","target":["https:\/\/onedesk.com\/no\/funksjonsindeks\/agent-ytelse-overvaking\/"]}]},{"@type":"ImageObject","inLanguage":"nb-NO","@id":"https:\/\/onedesk.com\/no\/funksjonsindeks\/agent-ytelse-overvaking\/#primaryimage","url":"https:\/\/onedesk.com\/wp-content\/uploads\/2021\/12\/pexels-tima-miroshnichenko-5453836-scaled-1-768x512.jpg","contentUrl":"https:\/\/onedesk.com\/wp-content\/uploads\/2021\/12\/pexels-tima-miroshnichenko-5453836-scaled-1-768x512.jpg"},{"@type":"BreadcrumbList","@id":"https:\/\/onedesk.com\/no\/funksjonsindeks\/agent-ytelse-overvaking\/#breadcrumb","itemListElement":[{"@type":"ListItem","position":1,"name":"OneDesk-funksjonsindeks","item":"https:\/\/onedesk.com\/no\/funksjonsindeks\/"},{"@type":"ListItem","position":2,"name":"Agentytelsesoverv\u00e5king"}]},{"@type":"WebSite","@id":"https:\/\/onedesk.com\/no\/#website","url":"https:\/\/onedesk.com\/no\/","name":"OneDesk","description":"Prosjektledelse og Helpdesk-programvare","publisher":{"@id":"https:\/\/onedesk.com\/no\/#organization"},"potentialAction":[{"@type":"SearchAction","target":{"@type":"EntryPoint","urlTemplate":"https:\/\/onedesk.com\/no\/?s={search_term_string}"},"query-input":{"@type":"PropertyValueSpecification","valueRequired":true,"valueName":"search_term_string"}}],"inLanguage":"nb-NO"},{"@type":"Organization","@id":"https:\/\/onedesk.com\/no\/#organization","name":"OneDesk","url":"https:\/\/onedesk.com\/no\/","logo":{"@type":"ImageObject","inLanguage":"nb-NO","@id":"https:\/\/onedesk.com\/no\/#\/schema\/logo\/image\/","url":"https:\/\/onedesk.com\/wp-content\/uploads\/2016\/01\/white-logo-small.png","contentUrl":"https:\/\/onedesk.com\/wp-content\/uploads\/2016\/01\/white-logo-small.png","width":207,"height":40,"caption":"OneDesk"},"image":{"@id":"https:\/\/onedesk.com\/no\/#\/schema\/logo\/image\/"},"sameAs":["https:\/\/www.facebook.com\/OneDeskApp","https:\/\/x.com\/OneDeskApp","https:\/\/www.instagram.com\/onedeskapp\/","https:\/\/www.linkedin.com\/company\/onedesk-inc-1","https:\/\/www.pinterest.com\/onedesk\/","https:\/\/www.youtube.com\/user\/OneDeskApp"]}]}},"tpgb_featured_images":null,"tpgb_post_meta_info":{"get_date":"December 20, 2021","get_modified_date":"August 8, 2023","author_name":"Kenneth Lim","author_url":"https:\/\/onedesk.com\/no\/author\/ken-lim\/","author_email":"ken.lim@onedesk.com","author_website":"","author_description":"","author_facebook":"","author_twitter":"","author_instagram":"","author_role":["subscriber"],"author_firstname":"Kenneth","author_lastname":"Lim","user_login":"ken.lim","author_avatar":"<img alt='' src='https:\/\/secure.gravatar.com\/avatar\/a4ec21f0334373cadb0a505588ce84b318527287a4e82901cc7c9b983073d3e7?s=200&#038;d=mm&#038;r=g' srcset='https:\/\/secure.gravatar.com\/avatar\/a4ec21f0334373cadb0a505588ce84b318527287a4e82901cc7c9b983073d3e7?s=400&#038;d=mm&#038;r=g 2x' class='avatar avatar-200 photo' height='200' width='200' decoding='async'\/>","author_avatar_url":"https:\/\/secure.gravatar.com\/avatar\/a4ec21f0334373cadb0a505588ce84b318527287a4e82901cc7c9b983073d3e7?s=96&d=mm&r=g","comment_count":0,"post_likes":0,"post_views":0},"tpgb_post_category":[],"jetpack_shortlink":"https:\/\/wp.me\/PfpPaI-EiF","amp_enabled":true,"_links":{"self":[{"href":"https:\/\/onedesk.com\/no\/wp-json\/wp\/v2\/pages\/154917","targetHints":{"allow":["GET"]}}],"collection":[{"href":"https:\/\/onedesk.com\/no\/wp-json\/wp\/v2\/pages"}],"about":[{"href":"https:\/\/onedesk.com\/no\/wp-json\/wp\/v2\/types\/page"}],"author":[{"embeddable":true,"href":"https:\/\/onedesk.com\/no\/wp-json\/wp\/v2\/users\/25"}],"replies":[{"embeddable":true,"href":"https:\/\/onedesk.com\/no\/wp-json\/wp\/v2\/comments?post=154917"}],"version-history":[{"count":5,"href":"https:\/\/onedesk.com\/no\/wp-json\/wp\/v2\/pages\/154917\/revisions"}],"predecessor-version":[{"id":253061,"href":"https:\/\/onedesk.com\/no\/wp-json\/wp\/v2\/pages\/154917\/revisions\/253061"}],"up":[{"embeddable":true,"href":"https:\/\/onedesk.com\/no\/wp-json\/wp\/v2\/pages\/151677"}],"wp:attachment":[{"href":"https:\/\/onedesk.com\/no\/wp-json\/wp\/v2\/media?parent=154917"}],"curies":[{"name":"wp","href":"https:\/\/api.w.org\/{rel}","templated":true}]}}