{"id":156862,"date":"2021-12-21T20:18:00","date_gmt":"2021-12-21T20:18:00","guid":{"rendered":"https:\/\/onedesk.com\/onedesk-kunnskapsbase\/"},"modified":"2022-01-21T19:10:46","modified_gmt":"2022-01-21T19:10:46","slug":"onedesk-kunnskapsbase","status":"publish","type":"page","link":"https:\/\/onedesk.com\/no\/onedesk-kunnskapsbase\/","title":{"rendered":"OneDesk kunnskapsbase"},"content":{"rendered":"\t\t<div data-elementor-type=\"wp-page\" data-elementor-id=\"156862\" class=\"elementor elementor-156862 elementor-144082\" data-elementor-post-type=\"page\">\n\t\t\t\t\t\t<section class=\"elementor-section elementor-top-section elementor-element elementor-element-42f59e00 elementor-section-boxed elementor-section-height-default elementor-section-height-default\" data-id=\"42f59e00\" data-element_type=\"section\" data-e-type=\"section\">\n\t\t\t\t\t\t<div class=\"elementor-container elementor-column-gap-default\">\n\t\t\t\t\t<div class=\"elementor-column elementor-col-100 elementor-top-column elementor-element elementor-element-64c02b60\" data-id=\"64c02b60\" data-element_type=\"column\" data-e-type=\"column\">\n\t\t\t<div class=\"elementor-widget-wrap elementor-element-populated\">\n\t\t\t\t\t\t\t<\/div>\n\t\t<\/div>\n\t\t\t\t\t<\/div>\n\t\t<\/section>\n\t\t\t\t<section class=\"elementor-section elementor-top-section elementor-element elementor-element-726166af elementor-section-boxed elementor-section-height-default elementor-section-height-default\" data-id=\"726166af\" data-element_type=\"section\" data-e-type=\"section\">\n\t\t\t\t\t\t<div class=\"elementor-container elementor-column-gap-default\">\n\t\t\t\t\t<div class=\"elementor-column elementor-col-33 elementor-top-column elementor-element elementor-element-9bb17c5\" data-id=\"9bb17c5\" data-element_type=\"column\" data-e-type=\"column\">\n\t\t\t<div class=\"elementor-widget-wrap elementor-element-populated\">\n\t\t\t\t\t\t<div class=\"elementor-element elementor-element-349ee132 elementor-widget elementor-widget-heading\" data-id=\"349ee132\" data-element_type=\"widget\" data-e-type=\"widget\" data-widget_type=\"heading.default\">\n\t\t\t\t<div class=\"elementor-widget-container\">\n\t\t\t\t\t<h4 class=\"elementor-heading-title elementor-size-default\">Innholdsfortegnelse<\/h4>\t\t\t\t<\/div>\n\t\t\t\t<\/div>\n\t\t\t\t<div class=\"elementor-element elementor-element-d3b6cec elementor-nav-menu--dropdown-tablet elementor-nav-menu__text-align-aside elementor-nav-menu--toggle elementor-nav-menu--burger elementor-widget elementor-widget-nav-menu\" data-id=\"d3b6cec\" data-element_type=\"widget\" data-e-type=\"widget\" data-settings=\"{&quot;layout&quot;:&quot;vertical&quot;,&quot;submenu_icon&quot;:{&quot;value&quot;:&quot;&lt;i class=\\&quot;fas fa-caret-down\\&quot; aria-hidden=\\&quot;true\\&quot;&gt;&lt;\\\/i&gt;&quot;,&quot;library&quot;:&quot;fa-solid&quot;},&quot;toggle&quot;:&quot;burger&quot;}\" data-widget_type=\"nav-menu.default\">\n\t\t\t\t<div class=\"elementor-widget-container\">\n\t\t\t\t\t\t\t\t<nav aria-label=\"Menu\" class=\"elementor-nav-menu--main elementor-nav-menu__container elementor-nav-menu--layout-vertical e--pointer-underline e--animation-fade\">\n\t\t\t\t<ul id=\"menu-1-d3b6cec\" class=\"elementor-nav-menu sm-vertical\"><li class=\"menu-item menu-item-type-post_type menu-item-object-page menu-item-157391\"><a href=\"https:\/\/onedesk.com\/no\/forste-10-minutter-i-onedesk\/\" class=\"elementor-item menu-link\">De f\u00f8rste 10 minuttene i OneDesk<\/a><\/li>\n<li class=\"menu-item menu-item-type-post_type menu-item-object-page menu-item-157392\"><a href=\"https:\/\/onedesk.com\/no\/ombord-pa-teamet-ditt\/\" class=\"elementor-item menu-link\">Ta med teamet ditt<\/a><\/li>\n<li class=\"menu-item menu-item-type-post_type menu-item-object-page menu-item-157393\"><a href=\"https:\/\/onedesk.com\/no\/abonnerer-going-pro\/\" class=\"elementor-item menu-link\">Abonner og g\u00e5r Pro<\/a><\/li>\n<li class=\"menu-item menu-item-type-post_type menu-item-object-page menu-item-157439\"><a href=\"https:\/\/onedesk.com\/no\/gar-live-til-kunder\/\" class=\"elementor-item menu-link\">Sendes live til kundene<\/a><\/li>\n<li class=\"menu-item menu-item-type-post_type menu-item-object-page menu-item-157440\"><a href=\"https:\/\/onedesk.com\/no\/billett-ruting-arbeidsflyter\/\" class=\"elementor-item menu-link\">Billettruting og arbeidsflyter<\/a><\/li>\n<li class=\"menu-item menu-item-type-post_type menu-item-object-page menu-item-157441\"><a href=\"https:\/\/onedesk.com\/no\/prosjekt-ledelse-oppgave-arbeidsflyter\/\" class=\"elementor-item menu-link\">Prosjektledelse og arbeidsflyter<\/a><\/li>\n<li class=\"menu-item menu-item-type-post_type menu-item-object-page menu-item-157442\"><a href=\"https:\/\/onedesk.com\/no\/kommunisere-med-kunder\/\" class=\"elementor-item menu-link\">Kommunisere med kunder<\/a><\/li>\n<li class=\"menu-item menu-item-type-post_type menu-item-object-page menu-item-157443\"><a href=\"https:\/\/onedesk.com\/no\/sporingsarbeid\/\" class=\"elementor-item menu-link\">Sporingsarbeid<\/a><\/li>\n<\/ul>\t\t\t<\/nav>\n\t\t\t\t\t<div class=\"elementor-menu-toggle\" role=\"button\" tabindex=\"0\" aria-label=\"Menu Toggle\" aria-expanded=\"false\">\n\t\t\t<i aria-hidden=\"true\" role=\"presentation\" class=\"elementor-menu-toggle__icon--open eicon-menu-bar\"><\/i><i aria-hidden=\"true\" role=\"presentation\" class=\"elementor-menu-toggle__icon--close eicon-close\"><\/i>\t\t<\/div>\n\t\t\t\t\t<nav class=\"elementor-nav-menu--dropdown elementor-nav-menu__container\" aria-hidden=\"true\">\n\t\t\t\t<ul id=\"menu-2-d3b6cec\" class=\"elementor-nav-menu sm-vertical\"><li class=\"menu-item menu-item-type-post_type menu-item-object-page menu-item-157391\"><a href=\"https:\/\/onedesk.com\/no\/forste-10-minutter-i-onedesk\/\" class=\"elementor-item menu-link\" tabindex=\"-1\">De f\u00f8rste 10 minuttene i OneDesk<\/a><\/li>\n<li class=\"menu-item menu-item-type-post_type menu-item-object-page menu-item-157392\"><a href=\"https:\/\/onedesk.com\/no\/ombord-pa-teamet-ditt\/\" class=\"elementor-item menu-link\" tabindex=\"-1\">Ta med teamet ditt<\/a><\/li>\n<li class=\"menu-item menu-item-type-post_type menu-item-object-page menu-item-157393\"><a href=\"https:\/\/onedesk.com\/no\/abonnerer-going-pro\/\" class=\"elementor-item menu-link\" tabindex=\"-1\">Abonner og g\u00e5r Pro<\/a><\/li>\n<li class=\"menu-item menu-item-type-post_type menu-item-object-page menu-item-157439\"><a href=\"https:\/\/onedesk.com\/no\/gar-live-til-kunder\/\" class=\"elementor-item menu-link\" tabindex=\"-1\">Sendes live til kundene<\/a><\/li>\n<li class=\"menu-item menu-item-type-post_type menu-item-object-page menu-item-157440\"><a href=\"https:\/\/onedesk.com\/no\/billett-ruting-arbeidsflyter\/\" class=\"elementor-item menu-link\" tabindex=\"-1\">Billettruting og arbeidsflyter<\/a><\/li>\n<li class=\"menu-item menu-item-type-post_type menu-item-object-page menu-item-157441\"><a href=\"https:\/\/onedesk.com\/no\/prosjekt-ledelse-oppgave-arbeidsflyter\/\" class=\"elementor-item menu-link\" tabindex=\"-1\">Prosjektledelse og arbeidsflyter<\/a><\/li>\n<li class=\"menu-item menu-item-type-post_type menu-item-object-page menu-item-157442\"><a href=\"https:\/\/onedesk.com\/no\/kommunisere-med-kunder\/\" class=\"elementor-item menu-link\" tabindex=\"-1\">Kommunisere med kunder<\/a><\/li>\n<li class=\"menu-item menu-item-type-post_type menu-item-object-page menu-item-157443\"><a href=\"https:\/\/onedesk.com\/no\/sporingsarbeid\/\" class=\"elementor-item menu-link\" tabindex=\"-1\">Sporingsarbeid<\/a><\/li>\n<\/ul>\t\t\t<\/nav>\n\t\t\t\t\t\t<\/div>\n\t\t\t\t<\/div>\n\t\t\t\t<div class=\"elementor-element elementor-element-373a8442 elementor-widget elementor-widget-heading\" data-id=\"373a8442\" data-element_type=\"widget\" data-e-type=\"widget\" data-widget_type=\"heading.default\">\n\t\t\t\t<div class=\"elementor-widget-container\">\n\t\t\t\t\t<h4 class=\"elementor-heading-title elementor-size-default\">Dykke dypere<\/h4>\t\t\t\t<\/div>\n\t\t\t\t<\/div>\n\t\t\t\t<div class=\"elementor-element elementor-element-c0285c2 elementor-nav-menu--dropdown-tablet elementor-nav-menu__text-align-aside elementor-nav-menu--toggle elementor-nav-menu--burger elementor-widget elementor-widget-nav-menu\" data-id=\"c0285c2\" data-element_type=\"widget\" data-e-type=\"widget\" data-settings=\"{&quot;layout&quot;:&quot;vertical&quot;,&quot;submenu_icon&quot;:{&quot;value&quot;:&quot;&lt;i class=\\&quot;fas fa-caret-down\\&quot; aria-hidden=\\&quot;true\\&quot;&gt;&lt;\\\/i&gt;&quot;,&quot;library&quot;:&quot;fa-solid&quot;},&quot;toggle&quot;:&quot;burger&quot;}\" data-widget_type=\"nav-menu.default\">\n\t\t\t\t<div class=\"elementor-widget-container\">\n\t\t\t\t\t\t\t\t<nav aria-label=\"Menu\" class=\"elementor-nav-menu--main elementor-nav-menu__container elementor-nav-menu--layout-vertical e--pointer-underline e--animation-fade\">\n\t\t\t\t<ul id=\"menu-1-c0285c2\" class=\"elementor-nav-menu sm-vertical\"><li class=\"menu-item menu-item-type-post_type menu-item-object-page menu-item-157485\"><a href=\"https:\/\/onedesk.com\/no\/tilpasse-din-arbeidsflyt\/\" class=\"elementor-item menu-link\">Tilpass arbeidsflyten din<\/a><\/li>\n<li class=\"menu-item menu-item-type-post_type menu-item-object-page menu-item-157486\"><a href=\"https:\/\/onedesk.com\/no\/tilpasse-din-brukeropplevelsen\/\" class=\"elementor-item menu-link\">Tilpasse brukeropplevelsen<\/a><\/li>\n<li class=\"menu-item menu-item-type-post_type menu-item-object-page menu-item-157487\"><a href=\"https:\/\/onedesk.com\/no\/tilpasse-dine-kunder-opplevelse\/\" class=\"elementor-item menu-link\">Tilpasse kundenes opplevelse<\/a><\/li>\n<li class=\"menu-item menu-item-type-post_type menu-item-object-page menu-item-157488\"><a href=\"https:\/\/onedesk.com\/no\/administrerende-brukere\/\" class=\"elementor-item menu-link\">Administrere brukere<\/a><\/li>\n<li class=\"menu-item menu-item-type-post_type menu-item-object-page menu-item-157489\"><a href=\"https:\/\/onedesk.com\/no\/administrerende-kunder\/\" class=\"elementor-item menu-link\">Administrere kunder<\/a><\/li>\n<li class=\"menu-item menu-item-type-post_type menu-item-object-page menu-item-157535\"><a href=\"https:\/\/onedesk.com\/no\/onedesk-kunnskapsbase\/\" class=\"elementor-item menu-link\">OneDesk kunnskapsbase<\/a><\/li>\n<li class=\"menu-item menu-item-type-post_type menu-item-object-page menu-item-157536\"><a href=\"https:\/\/onedesk.com\/no\/onedesk-live-chat\/\" class=\"elementor-item menu-link\">OneDesk Live Chat<\/a><\/li>\n<li class=\"menu-item menu-item-type-post_type menu-item-object-page menu-item-157537\"><a href=\"https:\/\/onedesk.com\/no\/onedesk-klient-portal\/\" class=\"elementor-item menu-link\">OneDesk klientportal<\/a><\/li>\n<li class=\"menu-item menu-item-type-post_type menu-item-object-page menu-item-157538\"><a href=\"https:\/\/onedesk.com\/no\/analyser\/\" class=\"elementor-item menu-link\">Analytics<\/a><\/li>\n<\/ul>\t\t\t<\/nav>\n\t\t\t\t\t<div class=\"elementor-menu-toggle\" role=\"button\" tabindex=\"0\" aria-label=\"Menu Toggle\" aria-expanded=\"false\">\n\t\t\t<i aria-hidden=\"true\" role=\"presentation\" class=\"elementor-menu-toggle__icon--open eicon-menu-bar\"><\/i><i aria-hidden=\"true\" role=\"presentation\" class=\"elementor-menu-toggle__icon--close eicon-close\"><\/i>\t\t<\/div>\n\t\t\t\t\t<nav class=\"elementor-nav-menu--dropdown elementor-nav-menu__container\" aria-hidden=\"true\">\n\t\t\t\t<ul id=\"menu-2-c0285c2\" class=\"elementor-nav-menu sm-vertical\"><li class=\"menu-item menu-item-type-post_type menu-item-object-page menu-item-157485\"><a href=\"https:\/\/onedesk.com\/no\/tilpasse-din-arbeidsflyt\/\" class=\"elementor-item menu-link\" tabindex=\"-1\">Tilpass arbeidsflyten din<\/a><\/li>\n<li class=\"menu-item menu-item-type-post_type menu-item-object-page menu-item-157486\"><a href=\"https:\/\/onedesk.com\/no\/tilpasse-din-brukeropplevelsen\/\" class=\"elementor-item menu-link\" tabindex=\"-1\">Tilpasse brukeropplevelsen<\/a><\/li>\n<li class=\"menu-item menu-item-type-post_type menu-item-object-page menu-item-157487\"><a href=\"https:\/\/onedesk.com\/no\/tilpasse-dine-kunder-opplevelse\/\" class=\"elementor-item menu-link\" tabindex=\"-1\">Tilpasse kundenes opplevelse<\/a><\/li>\n<li class=\"menu-item menu-item-type-post_type menu-item-object-page menu-item-157488\"><a href=\"https:\/\/onedesk.com\/no\/administrerende-brukere\/\" class=\"elementor-item menu-link\" tabindex=\"-1\">Administrere brukere<\/a><\/li>\n<li class=\"menu-item menu-item-type-post_type menu-item-object-page menu-item-157489\"><a href=\"https:\/\/onedesk.com\/no\/administrerende-kunder\/\" class=\"elementor-item menu-link\" tabindex=\"-1\">Administrere kunder<\/a><\/li>\n<li class=\"menu-item menu-item-type-post_type menu-item-object-page menu-item-157535\"><a href=\"https:\/\/onedesk.com\/no\/onedesk-kunnskapsbase\/\" class=\"elementor-item menu-link\" tabindex=\"-1\">OneDesk kunnskapsbase<\/a><\/li>\n<li class=\"menu-item menu-item-type-post_type menu-item-object-page menu-item-157536\"><a href=\"https:\/\/onedesk.com\/no\/onedesk-live-chat\/\" class=\"elementor-item menu-link\" tabindex=\"-1\">OneDesk Live Chat<\/a><\/li>\n<li class=\"menu-item menu-item-type-post_type menu-item-object-page menu-item-157537\"><a href=\"https:\/\/onedesk.com\/no\/onedesk-klient-portal\/\" class=\"elementor-item menu-link\" tabindex=\"-1\">OneDesk klientportal<\/a><\/li>\n<li class=\"menu-item menu-item-type-post_type menu-item-object-page menu-item-157538\"><a href=\"https:\/\/onedesk.com\/no\/analyser\/\" class=\"elementor-item menu-link\" tabindex=\"-1\">Analytics<\/a><\/li>\n<\/ul>\t\t\t<\/nav>\n\t\t\t\t\t\t<\/div>\n\t\t\t\t<\/div>\n\t\t\t\t\t<\/div>\n\t\t<\/div>\n\t\t\t\t<div class=\"elementor-column elementor-col-66 elementor-top-column elementor-element elementor-element-185a3391\" data-id=\"185a3391\" data-element_type=\"column\" data-e-type=\"column\">\n\t\t\t<div class=\"elementor-widget-wrap elementor-element-populated\">\n\t\t\t\t\t\t<div class=\"elementor-element elementor-element-591b5a2c elementor-widget elementor-widget-html\" data-id=\"591b5a2c\" data-element_type=\"widget\" data-e-type=\"widget\" data-widget_type=\"html.default\">\n\t\t\t\t<div class=\"elementor-widget-container\">\n\t\t\t\t\t<h2>Tilpassbarhet<\/h2>\n<br>\n<center><img fetchpriority=\"high\" decoding=\"async\" src=\"https:\/\/onedesk.com\/wp-content\/uploads\/2021\/10\/Customizability.jpg\" alt=\"Tilpassbarhet\" width=\"1000\" height=\"457\" class=\"alignleft size-full wp-image-140400\"><\/center>\n<br>\n<p>I OneDesk kan kunnskapsbasen din merkes og tilpasses. Du kan endre det visuelle utseendet og fargene for \u00e5 merke kunnskapsbasen din med bedriftens farger og logo. Du kan ogs\u00e5 endre overskriftstekstene og legge til\/justere funksjonsartiklene som vises.<\/p>\n\n<p><a href=\"https:\/\/kb.onedesk.com\/app-od\/o-onedesk\/knowledge-base-1\/article-dc97b26b-c8ff-41d0-8814-6d655b23cfbb\">L\u00e6r mer om kunnskapsbaser her.<\/a><\/p>\n<br>\n<h2>Flere KB<\/h2>\n<br>\n<center><img decoding=\"async\" src=\"https:\/\/onedesk.com\/wp-content\/uploads\/2021\/10\/Multiple-KBs.jpg\" alt=\"Flere KB\" width=\"1000\" height=\"256\" class=\"alignleft size-full wp-image-140411\"><\/center>\n<br>\n<p>Det kan v\u00e6re lurt \u00e5 gi kunnskapsbaseartikler og informasjon til forskjellige m\u00e5lgrupper. I OneDesk har du muligheten til \u00e5 lage flere kunnskapsbaser, som hver kan tilpasses med sin egen unike merkevarebygging og design. Kunnskapsbasene dine kan inneholde forskjellige artikler og informasjon i hver av dem.<\/p>\n\n<p><a href=\"https:\/\/kb.onedesk.com\/app-od\/o-onedesk\/knowledge-base-1\/article-4752312f-295c-4051-b480-8a31dd7e3bde\">L\u00e6r mer om hvordan du oppretter flere kunnskapsbaser her.<\/a><\/p>\n<br>\n<button class=\"guidebutton\" onclick=\"window.location.href='\/managing-customers\/';\"><Previous{{{wpml_tag_30}}}\n{{{wpml_tag_31}}}Next ><\/button>\t\t\t\t<\/div>\n\t\t\t\t<\/div>\n\t\t\t\t\t<\/div>\n\t\t<\/div>\n\t\t\t\t\t<\/div>\n\t\t<\/section>\n\t\t\t\t<\/div>\n\t\t","protected":false},"excerpt":{"rendered":"<p>Innholdsfortegnelse Dykke dypere Tilpassbarhet I OneDesk kan kunnskapsbasen din merkes og tilpasses. Du kan endre det visuelle utseendet og fargene for \u00e5 merke kunnskapsbasen din med bedriftens farger og logo. Du kan ogs\u00e5 endre overskriftstekstene og legge til\/justere funksjonsartiklene som vises. L\u00e6r mer om kunnskapsbaser her. Flere KB Det kan v\u00e6re lurt \u00e5 gi kunnskapsbaseartikler [&hellip;]<\/p>\n","protected":false},"author":25,"featured_media":0,"parent":0,"menu_order":0,"comment_status":"closed","ping_status":"closed","template":"","meta":{"tpgb_global_settings":"","_crdt_document":"","inline_featured_image":false,"site-sidebar-layout":"no-sidebar","site-content-layout":"page-builder","ast-site-content-layout":"default","site-content-style":"default","site-sidebar-style":"default","ast-global-header-display":"","ast-banner-title-visibility":"","ast-main-header-display":"","ast-hfb-above-header-display":"","ast-hfb-below-header-display":"","ast-hfb-mobile-header-display":"","site-post-title":"disabled","ast-breadcrumbs-content":"","ast-featured-img":"disabled","footer-sml-layout":"","ast-disable-related-posts":"","theme-transparent-header-meta":"","adv-header-id-meta":"","stick-header-meta":"","header-above-stick-meta":"","header-main-stick-meta":"","header-below-stick-meta":"","astra-migrate-meta-layouts":"default","ast-page-background-enabled":"default","ast-page-background-meta":{"desktop":{"background-color":"var(--ast-global-color-4)","background-image":"","background-repeat":"repeat","background-position":"center center","background-size":"auto","background-attachment":"scroll","background-type":"","background-media":"","overlay-type":"","overlay-color":"","overlay-opacity":"","overlay-gradient":""},"tablet":{"background-color":"","background-image":"","background-repeat":"repeat","background-position":"center center","background-size":"auto","background-attachment":"scroll","background-type":"","background-media":"","overlay-type":"","overlay-color":"","overlay-opacity":"","overlay-gradient":""},"mobile":{"background-color":"","background-image":"","background-repeat":"repeat","background-position":"center center","background-size":"auto","background-attachment":"scroll","background-type":"","background-media":"","overlay-type":"","overlay-color":"","overlay-opacity":"","overlay-gradient":""}},"ast-content-background-meta":{"desktop":{"background-color":"var(--ast-global-color-5)","background-image":"","background-repeat":"repeat","background-position":"center center","background-size":"auto","background-attachment":"scroll","background-type":"","background-media":"","overlay-type":"","overlay-color":"","overlay-opacity":"","overlay-gradient":""},"tablet":{"background-color":"var(--ast-global-color-5)","background-image":"","background-repeat":"repeat","background-position":"center center","background-size":"auto","background-attachment":"scroll","background-type":"","background-media":"","overlay-type":"","overlay-color":"","overlay-opacity":"","overlay-gradient":""},"mobile":{"background-color":"var(--ast-global-color-5)","background-image":"","background-repeat":"repeat","background-position":"center center","background-size":"auto","background-attachment":"scroll","background-type":"","background-media":"","overlay-type":"","overlay-color":"","overlay-opacity":"","overlay-gradient":""}},"footnotes":""},"class_list":["post-156862","page","type-page","status-publish","hentry"],"yoast_head":"<!-- This site is optimized with the Yoast SEO Premium plugin v27.6 (Yoast SEO v27.6) - https:\/\/yoast.com\/product\/yoast-seo-premium-wordpress\/ -->\n<title>OneDesk kunnskapsbase | OneDesk HelpDesk &amp; PM Onboarding Guide<\/title>\n<meta name=\"description\" content=\"OneDesk er helpdesk og prosjektstyringsprogramvare i \u00e9n app. Bruk flere tilpassbare kunnskapsbaser for din helpdesk og klienter.\" \/>\n<meta name=\"robots\" content=\"index, follow, max-snippet:-1, max-image-preview:large, max-video-preview:-1\" \/>\n<link rel=\"canonical\" href=\"https:\/\/onedesk.com\/no\/onedesk-kunnskapsbase\/\" \/>\n<meta property=\"og:locale\" content=\"nb_NO\" \/>\n<meta property=\"og:type\" content=\"article\" \/>\n<meta property=\"og:title\" content=\"OneDesk kunnskapsbase | OneDesk HelpDesk &amp; PM Onboarding Guide\" \/>\n<meta property=\"og:description\" content=\"OneDesk er helpdesk og prosjektstyringsprogramvare i \u00e9n app. Bruk flere tilpassbare kunnskapsbaser for din helpdesk og klienter.\" \/>\n<meta property=\"og:url\" content=\"https:\/\/onedesk.com\/no\/onedesk-kunnskapsbase\/\" \/>\n<meta property=\"og:site_name\" content=\"OneDesk\" \/>\n<meta property=\"article:publisher\" content=\"https:\/\/www.facebook.com\/OneDeskApp\" \/>\n<meta property=\"article:modified_time\" content=\"2022-01-21T19:10:46+00:00\" \/>\n<meta property=\"og:image\" content=\"https:\/\/onedesk.com\/wp-content\/uploads\/2021\/10\/Customizability.jpg\" \/>\n<meta name=\"twitter:card\" content=\"summary_large_image\" \/>\n<meta name=\"twitter:site\" content=\"@OneDeskApp\" \/>\n<meta name=\"twitter:label1\" content=\"Est. reading time\" \/>\n\t<meta name=\"twitter:data1\" content=\"1 minute\" \/>\n<!-- \/ Yoast SEO Premium plugin. -->","yoast_head_json":{"title":"OneDesk kunnskapsbase | OneDesk HelpDesk & PM Onboarding Guide","description":"OneDesk er helpdesk og prosjektstyringsprogramvare i \u00e9n app. Bruk flere tilpassbare kunnskapsbaser for din helpdesk og klienter.","robots":{"index":"index","follow":"follow","max-snippet":"max-snippet:-1","max-image-preview":"max-image-preview:large","max-video-preview":"max-video-preview:-1"},"canonical":"https:\/\/onedesk.com\/no\/onedesk-kunnskapsbase\/","og_locale":"nb_NO","og_type":"article","og_title":"OneDesk kunnskapsbase | OneDesk HelpDesk & PM Onboarding Guide","og_description":"OneDesk er helpdesk og prosjektstyringsprogramvare i \u00e9n app. Bruk flere tilpassbare kunnskapsbaser for din helpdesk og klienter.","og_url":"https:\/\/onedesk.com\/no\/onedesk-kunnskapsbase\/","og_site_name":"OneDesk","article_publisher":"https:\/\/www.facebook.com\/OneDeskApp","article_modified_time":"2022-01-21T19:10:46+00:00","og_image":[{"url":"https:\/\/onedesk.com\/wp-content\/uploads\/2021\/10\/Customizability.jpg","type":"","width":"","height":""}],"twitter_card":"summary_large_image","twitter_site":"@OneDeskApp","twitter_misc":{"Est. reading time":"1 minute"},"schema":{"@context":"https:\/\/schema.org","@graph":[{"@type":"WebPage","@id":"https:\/\/onedesk.com\/no\/onedesk-kunnskapsbase\/","url":"https:\/\/onedesk.com\/no\/onedesk-kunnskapsbase\/","name":"OneDesk kunnskapsbase | OneDesk HelpDesk & PM Onboarding Guide","isPartOf":{"@id":"https:\/\/onedesk.com\/no\/#website"},"primaryImageOfPage":{"@id":"https:\/\/onedesk.com\/no\/onedesk-kunnskapsbase\/#primaryimage"},"image":{"@id":"https:\/\/onedesk.com\/no\/onedesk-kunnskapsbase\/#primaryimage"},"thumbnailUrl":"https:\/\/onedesk.com\/wp-content\/uploads\/2021\/10\/Customizability.jpg","datePublished":"2021-12-21T20:18:00+00:00","dateModified":"2022-01-21T19:10:46+00:00","description":"OneDesk er helpdesk og prosjektstyringsprogramvare i \u00e9n app. Bruk flere tilpassbare kunnskapsbaser for din helpdesk og klienter.","inLanguage":"nb-NO","potentialAction":[{"@type":"ReadAction","target":["https:\/\/onedesk.com\/no\/onedesk-kunnskapsbase\/"]}]},{"@type":"ImageObject","inLanguage":"nb-NO","@id":"https:\/\/onedesk.com\/no\/onedesk-kunnskapsbase\/#primaryimage","url":"https:\/\/onedesk.com\/wp-content\/uploads\/2021\/10\/Customizability.jpg","contentUrl":"https:\/\/onedesk.com\/wp-content\/uploads\/2021\/10\/Customizability.jpg"},{"@type":"WebSite","@id":"https:\/\/onedesk.com\/no\/#website","url":"https:\/\/onedesk.com\/no\/","name":"OneDesk","description":"Prosjektledelse og Helpdesk-programvare","publisher":{"@id":"https:\/\/onedesk.com\/no\/#organization"},"potentialAction":[{"@type":"SearchAction","target":{"@type":"EntryPoint","urlTemplate":"https:\/\/onedesk.com\/no\/?s={search_term_string}"},"query-input":{"@type":"PropertyValueSpecification","valueRequired":true,"valueName":"search_term_string"}}],"inLanguage":"nb-NO"},{"@type":"Organization","@id":"https:\/\/onedesk.com\/no\/#organization","name":"OneDesk","url":"https:\/\/onedesk.com\/no\/","logo":{"@type":"ImageObject","inLanguage":"nb-NO","@id":"https:\/\/onedesk.com\/no\/#\/schema\/logo\/image\/","url":"https:\/\/onedesk.com\/wp-content\/uploads\/2016\/01\/white-logo-small.png","contentUrl":"https:\/\/onedesk.com\/wp-content\/uploads\/2016\/01\/white-logo-small.png","width":207,"height":40,"caption":"OneDesk"},"image":{"@id":"https:\/\/onedesk.com\/no\/#\/schema\/logo\/image\/"},"sameAs":["https:\/\/www.facebook.com\/OneDeskApp","https:\/\/x.com\/OneDeskApp","https:\/\/www.instagram.com\/onedeskapp\/","https:\/\/www.linkedin.com\/company\/onedesk-inc-1","https:\/\/www.pinterest.com\/onedesk\/","https:\/\/www.youtube.com\/user\/OneDeskApp"]}]}},"tpgb_featured_images":null,"tpgb_post_meta_info":{"get_date":"December 21, 2021","get_modified_date":"January 21, 2022","author_name":"Kenneth Lim","author_url":"https:\/\/onedesk.com\/no\/author\/ken-lim\/","author_email":"ken.lim@onedesk.com","author_website":"","author_description":"","author_facebook":"","author_twitter":"","author_instagram":"","author_role":["subscriber"],"author_firstname":"Kenneth","author_lastname":"Lim","user_login":"ken.lim","author_avatar":"<img alt='' src='https:\/\/secure.gravatar.com\/avatar\/a4ec21f0334373cadb0a505588ce84b318527287a4e82901cc7c9b983073d3e7?s=200&#038;d=mm&#038;r=g' srcset='https:\/\/secure.gravatar.com\/avatar\/a4ec21f0334373cadb0a505588ce84b318527287a4e82901cc7c9b983073d3e7?s=400&#038;d=mm&#038;r=g 2x' class='avatar avatar-200 photo' height='200' width='200' decoding='async'\/>","author_avatar_url":"https:\/\/secure.gravatar.com\/avatar\/a4ec21f0334373cadb0a505588ce84b318527287a4e82901cc7c9b983073d3e7?s=96&d=mm&r=g","comment_count":0,"post_likes":0,"post_views":0},"tpgb_post_category":[],"jetpack_shortlink":"https:\/\/wp.me\/PfpPaI-EO2","amp_enabled":true,"_links":{"self":[{"href":"https:\/\/onedesk.com\/no\/wp-json\/wp\/v2\/pages\/156862","targetHints":{"allow":["GET"]}}],"collection":[{"href":"https:\/\/onedesk.com\/no\/wp-json\/wp\/v2\/pages"}],"about":[{"href":"https:\/\/onedesk.com\/no\/wp-json\/wp\/v2\/types\/page"}],"author":[{"embeddable":true,"href":"https:\/\/onedesk.com\/no\/wp-json\/wp\/v2\/users\/25"}],"replies":[{"embeddable":true,"href":"https:\/\/onedesk.com\/no\/wp-json\/wp\/v2\/comments?post=156862"}],"version-history":[{"count":3,"href":"https:\/\/onedesk.com\/no\/wp-json\/wp\/v2\/pages\/156862\/revisions"}],"predecessor-version":[{"id":162005,"href":"https:\/\/onedesk.com\/no\/wp-json\/wp\/v2\/pages\/156862\/revisions\/162005"}],"wp:attachment":[{"href":"https:\/\/onedesk.com\/no\/wp-json\/wp\/v2\/media?parent=156862"}],"curies":[{"name":"wp","href":"https:\/\/api.w.org\/{rel}","templated":true}]}}