{"id":156905,"date":"2021-12-21T20:18:33","date_gmt":"2021-12-21T20:18:33","guid":{"rendered":"https:\/\/onedesk.com\/onedesk-klient-portal\/"},"modified":"2022-04-07T18:21:26","modified_gmt":"2022-04-07T18:21:26","slug":"onedesk-klient-portal","status":"publish","type":"page","link":"https:\/\/onedesk.com\/no\/onedesk-klient-portal\/","title":{"rendered":"OneDesk klientportal"},"content":{"rendered":"\t\t<div data-elementor-type=\"wp-page\" data-elementor-id=\"156905\" class=\"elementor elementor-156905 elementor-144084\" data-elementor-post-type=\"page\">\n\t\t\t\t\t\t<section class=\"elementor-section elementor-top-section elementor-element elementor-element-165c077 elementor-section-boxed elementor-section-height-default elementor-section-height-default\" data-id=\"165c077\" data-element_type=\"section\" data-e-type=\"section\">\n\t\t\t\t\t\t<div class=\"elementor-container elementor-column-gap-default\">\n\t\t\t\t\t<div class=\"elementor-column elementor-col-100 elementor-top-column elementor-element elementor-element-c5c44f0\" data-id=\"c5c44f0\" data-element_type=\"column\" data-e-type=\"column\">\n\t\t\t<div class=\"elementor-widget-wrap elementor-element-populated\">\n\t\t\t\t\t\t<div class=\"elementor-element elementor-element-3b25dba elementor-widget elementor-widget-heading\" data-id=\"3b25dba\" data-element_type=\"widget\" data-e-type=\"widget\" data-widget_type=\"heading.default\">\n\t\t\t\t<div class=\"elementor-widget-container\">\n\t\t\t\t\t<h1 class=\"elementor-heading-title elementor-size-default\">OneDesk klientportal<\/h1>\t\t\t\t<\/div>\n\t\t\t\t<\/div>\n\t\t\t\t\t<\/div>\n\t\t<\/div>\n\t\t\t\t\t<\/div>\n\t\t<\/section>\n\t\t\t\t<section class=\"elementor-section elementor-top-section elementor-element elementor-element-7180dad elementor-section-boxed elementor-section-height-default elementor-section-height-default\" data-id=\"7180dad\" data-element_type=\"section\" data-e-type=\"section\">\n\t\t\t\t\t\t<div class=\"elementor-container elementor-column-gap-default\">\n\t\t\t\t\t<div class=\"elementor-column elementor-col-33 elementor-top-column elementor-element elementor-element-20f7e0cf\" data-id=\"20f7e0cf\" data-element_type=\"column\" data-e-type=\"column\">\n\t\t\t<div class=\"elementor-widget-wrap elementor-element-populated\">\n\t\t\t\t\t\t<div class=\"elementor-element elementor-element-ec72def elementor-widget elementor-widget-heading\" data-id=\"ec72def\" data-element_type=\"widget\" data-e-type=\"widget\" data-widget_type=\"heading.default\">\n\t\t\t\t<div class=\"elementor-widget-container\">\n\t\t\t\t\t<h4 class=\"elementor-heading-title elementor-size-default\">Innholdsfortegnelse<\/h4>\t\t\t\t<\/div>\n\t\t\t\t<\/div>\n\t\t\t\t<div class=\"elementor-element elementor-element-cee6257 elementor-nav-menu--dropdown-tablet elementor-nav-menu__text-align-aside elementor-nav-menu--toggle elementor-nav-menu--burger elementor-widget elementor-widget-nav-menu\" data-id=\"cee6257\" data-element_type=\"widget\" data-e-type=\"widget\" data-settings=\"{&quot;layout&quot;:&quot;vertical&quot;,&quot;submenu_icon&quot;:{&quot;value&quot;:&quot;&lt;i class=\\&quot;fas fa-caret-down\\&quot; aria-hidden=\\&quot;true\\&quot;&gt;&lt;\\\/i&gt;&quot;,&quot;library&quot;:&quot;fa-solid&quot;},&quot;toggle&quot;:&quot;burger&quot;}\" data-widget_type=\"nav-menu.default\">\n\t\t\t\t<div class=\"elementor-widget-container\">\n\t\t\t\t\t\t\t\t<nav aria-label=\"Menu\" class=\"elementor-nav-menu--main elementor-nav-menu__container elementor-nav-menu--layout-vertical e--pointer-underline e--animation-fade\">\n\t\t\t\t<ul id=\"menu-1-cee6257\" class=\"elementor-nav-menu sm-vertical\"><li class=\"menu-item menu-item-type-post_type menu-item-object-page menu-item-157391\"><a href=\"https:\/\/onedesk.com\/no\/forste-10-minutter-i-onedesk\/\" class=\"elementor-item menu-link\">De f\u00f8rste 10 minuttene i OneDesk<\/a><\/li>\n<li class=\"menu-item menu-item-type-post_type menu-item-object-page menu-item-157392\"><a href=\"https:\/\/onedesk.com\/no\/ombord-pa-teamet-ditt\/\" class=\"elementor-item menu-link\">Ta med teamet ditt<\/a><\/li>\n<li class=\"menu-item menu-item-type-post_type menu-item-object-page menu-item-157393\"><a href=\"https:\/\/onedesk.com\/no\/abonnerer-going-pro\/\" class=\"elementor-item menu-link\">Abonner og g\u00e5r Pro<\/a><\/li>\n<li class=\"menu-item menu-item-type-post_type menu-item-object-page menu-item-157439\"><a href=\"https:\/\/onedesk.com\/no\/gar-live-til-kunder\/\" class=\"elementor-item menu-link\">Sendes live til kundene<\/a><\/li>\n<li class=\"menu-item menu-item-type-post_type menu-item-object-page menu-item-157440\"><a href=\"https:\/\/onedesk.com\/no\/billett-ruting-arbeidsflyter\/\" class=\"elementor-item menu-link\">Billettruting og arbeidsflyter<\/a><\/li>\n<li class=\"menu-item menu-item-type-post_type menu-item-object-page menu-item-157441\"><a href=\"https:\/\/onedesk.com\/no\/prosjekt-ledelse-oppgave-arbeidsflyter\/\" class=\"elementor-item menu-link\">Prosjektledelse og arbeidsflyter<\/a><\/li>\n<li class=\"menu-item menu-item-type-post_type menu-item-object-page menu-item-157442\"><a href=\"https:\/\/onedesk.com\/no\/kommunisere-med-kunder\/\" class=\"elementor-item menu-link\">Kommunisere med kunder<\/a><\/li>\n<li class=\"menu-item menu-item-type-post_type menu-item-object-page menu-item-157443\"><a href=\"https:\/\/onedesk.com\/no\/sporingsarbeid\/\" class=\"elementor-item menu-link\">Sporingsarbeid<\/a><\/li>\n<\/ul>\t\t\t<\/nav>\n\t\t\t\t\t<div class=\"elementor-menu-toggle\" role=\"button\" tabindex=\"0\" aria-label=\"Menu Toggle\" aria-expanded=\"false\">\n\t\t\t<i aria-hidden=\"true\" role=\"presentation\" class=\"elementor-menu-toggle__icon--open eicon-menu-bar\"><\/i><i aria-hidden=\"true\" role=\"presentation\" class=\"elementor-menu-toggle__icon--close eicon-close\"><\/i>\t\t<\/div>\n\t\t\t\t\t<nav class=\"elementor-nav-menu--dropdown elementor-nav-menu__container\" aria-hidden=\"true\">\n\t\t\t\t<ul id=\"menu-2-cee6257\" class=\"elementor-nav-menu sm-vertical\"><li class=\"menu-item menu-item-type-post_type menu-item-object-page menu-item-157391\"><a href=\"https:\/\/onedesk.com\/no\/forste-10-minutter-i-onedesk\/\" class=\"elementor-item menu-link\" tabindex=\"-1\">De f\u00f8rste 10 minuttene i OneDesk<\/a><\/li>\n<li class=\"menu-item menu-item-type-post_type menu-item-object-page menu-item-157392\"><a href=\"https:\/\/onedesk.com\/no\/ombord-pa-teamet-ditt\/\" class=\"elementor-item menu-link\" tabindex=\"-1\">Ta med teamet ditt<\/a><\/li>\n<li class=\"menu-item menu-item-type-post_type menu-item-object-page menu-item-157393\"><a href=\"https:\/\/onedesk.com\/no\/abonnerer-going-pro\/\" class=\"elementor-item menu-link\" tabindex=\"-1\">Abonner og g\u00e5r Pro<\/a><\/li>\n<li class=\"menu-item menu-item-type-post_type menu-item-object-page menu-item-157439\"><a href=\"https:\/\/onedesk.com\/no\/gar-live-til-kunder\/\" class=\"elementor-item menu-link\" tabindex=\"-1\">Sendes live til kundene<\/a><\/li>\n<li class=\"menu-item menu-item-type-post_type menu-item-object-page menu-item-157440\"><a href=\"https:\/\/onedesk.com\/no\/billett-ruting-arbeidsflyter\/\" class=\"elementor-item menu-link\" tabindex=\"-1\">Billettruting og arbeidsflyter<\/a><\/li>\n<li class=\"menu-item menu-item-type-post_type menu-item-object-page menu-item-157441\"><a href=\"https:\/\/onedesk.com\/no\/prosjekt-ledelse-oppgave-arbeidsflyter\/\" class=\"elementor-item menu-link\" tabindex=\"-1\">Prosjektledelse og arbeidsflyter<\/a><\/li>\n<li class=\"menu-item menu-item-type-post_type menu-item-object-page menu-item-157442\"><a href=\"https:\/\/onedesk.com\/no\/kommunisere-med-kunder\/\" class=\"elementor-item menu-link\" tabindex=\"-1\">Kommunisere med kunder<\/a><\/li>\n<li class=\"menu-item menu-item-type-post_type menu-item-object-page menu-item-157443\"><a href=\"https:\/\/onedesk.com\/no\/sporingsarbeid\/\" class=\"elementor-item menu-link\" tabindex=\"-1\">Sporingsarbeid<\/a><\/li>\n<\/ul>\t\t\t<\/nav>\n\t\t\t\t\t\t<\/div>\n\t\t\t\t<\/div>\n\t\t\t\t<div class=\"elementor-element elementor-element-4cebd658 elementor-widget elementor-widget-heading\" data-id=\"4cebd658\" data-element_type=\"widget\" data-e-type=\"widget\" data-widget_type=\"heading.default\">\n\t\t\t\t<div class=\"elementor-widget-container\">\n\t\t\t\t\t<h4 class=\"elementor-heading-title elementor-size-default\">Dykke dypere<\/h4>\t\t\t\t<\/div>\n\t\t\t\t<\/div>\n\t\t\t\t<div class=\"elementor-element elementor-element-0529baf elementor-nav-menu--dropdown-tablet elementor-nav-menu__text-align-aside elementor-nav-menu--toggle elementor-nav-menu--burger elementor-widget elementor-widget-nav-menu\" data-id=\"0529baf\" data-element_type=\"widget\" data-e-type=\"widget\" data-settings=\"{&quot;layout&quot;:&quot;vertical&quot;,&quot;submenu_icon&quot;:{&quot;value&quot;:&quot;&lt;i class=\\&quot;fas fa-caret-down\\&quot; aria-hidden=\\&quot;true\\&quot;&gt;&lt;\\\/i&gt;&quot;,&quot;library&quot;:&quot;fa-solid&quot;},&quot;toggle&quot;:&quot;burger&quot;}\" data-widget_type=\"nav-menu.default\">\n\t\t\t\t<div class=\"elementor-widget-container\">\n\t\t\t\t\t\t\t\t<nav aria-label=\"Menu\" class=\"elementor-nav-menu--main elementor-nav-menu__container elementor-nav-menu--layout-vertical e--pointer-underline e--animation-fade\">\n\t\t\t\t<ul id=\"menu-1-0529baf\" class=\"elementor-nav-menu sm-vertical\"><li class=\"menu-item menu-item-type-post_type menu-item-object-page menu-item-157485\"><a href=\"https:\/\/onedesk.com\/no\/tilpasse-din-arbeidsflyt\/\" class=\"elementor-item menu-link\">Tilpass arbeidsflyten din<\/a><\/li>\n<li class=\"menu-item menu-item-type-post_type menu-item-object-page menu-item-157486\"><a href=\"https:\/\/onedesk.com\/no\/tilpasse-din-brukeropplevelsen\/\" class=\"elementor-item menu-link\">Tilpasse brukeropplevelsen<\/a><\/li>\n<li class=\"menu-item menu-item-type-post_type menu-item-object-page menu-item-157487\"><a href=\"https:\/\/onedesk.com\/no\/tilpasse-dine-kunder-opplevelse\/\" class=\"elementor-item menu-link\">Tilpasse kundenes opplevelse<\/a><\/li>\n<li class=\"menu-item menu-item-type-post_type menu-item-object-page menu-item-157488\"><a href=\"https:\/\/onedesk.com\/no\/administrerende-brukere\/\" class=\"elementor-item menu-link\">Administrere brukere<\/a><\/li>\n<li class=\"menu-item menu-item-type-post_type menu-item-object-page menu-item-157489\"><a href=\"https:\/\/onedesk.com\/no\/administrerende-kunder\/\" class=\"elementor-item menu-link\">Administrere kunder<\/a><\/li>\n<li class=\"menu-item menu-item-type-post_type menu-item-object-page menu-item-157535\"><a href=\"https:\/\/onedesk.com\/no\/onedesk-kunnskapsbase\/\" class=\"elementor-item menu-link\">OneDesk kunnskapsbase<\/a><\/li>\n<li class=\"menu-item menu-item-type-post_type menu-item-object-page menu-item-157536\"><a href=\"https:\/\/onedesk.com\/no\/onedesk-live-chat\/\" class=\"elementor-item menu-link\">OneDesk Live Chat<\/a><\/li>\n<li class=\"menu-item menu-item-type-post_type menu-item-object-page menu-item-157537\"><a href=\"https:\/\/onedesk.com\/no\/onedesk-klient-portal\/\" class=\"elementor-item menu-link\">OneDesk klientportal<\/a><\/li>\n<li class=\"menu-item menu-item-type-post_type menu-item-object-page menu-item-157538\"><a href=\"https:\/\/onedesk.com\/no\/analyser\/\" class=\"elementor-item menu-link\">Analytics<\/a><\/li>\n<\/ul>\t\t\t<\/nav>\n\t\t\t\t\t<div class=\"elementor-menu-toggle\" role=\"button\" tabindex=\"0\" aria-label=\"Menu Toggle\" aria-expanded=\"false\">\n\t\t\t<i aria-hidden=\"true\" role=\"presentation\" class=\"elementor-menu-toggle__icon--open eicon-menu-bar\"><\/i><i aria-hidden=\"true\" role=\"presentation\" class=\"elementor-menu-toggle__icon--close eicon-close\"><\/i>\t\t<\/div>\n\t\t\t\t\t<nav class=\"elementor-nav-menu--dropdown elementor-nav-menu__container\" aria-hidden=\"true\">\n\t\t\t\t<ul id=\"menu-2-0529baf\" class=\"elementor-nav-menu sm-vertical\"><li class=\"menu-item menu-item-type-post_type menu-item-object-page menu-item-157485\"><a href=\"https:\/\/onedesk.com\/no\/tilpasse-din-arbeidsflyt\/\" class=\"elementor-item menu-link\" tabindex=\"-1\">Tilpass arbeidsflyten din<\/a><\/li>\n<li class=\"menu-item menu-item-type-post_type menu-item-object-page menu-item-157486\"><a href=\"https:\/\/onedesk.com\/no\/tilpasse-din-brukeropplevelsen\/\" class=\"elementor-item menu-link\" tabindex=\"-1\">Tilpasse brukeropplevelsen<\/a><\/li>\n<li class=\"menu-item menu-item-type-post_type menu-item-object-page menu-item-157487\"><a href=\"https:\/\/onedesk.com\/no\/tilpasse-dine-kunder-opplevelse\/\" class=\"elementor-item menu-link\" tabindex=\"-1\">Tilpasse kundenes opplevelse<\/a><\/li>\n<li class=\"menu-item menu-item-type-post_type menu-item-object-page menu-item-157488\"><a href=\"https:\/\/onedesk.com\/no\/administrerende-brukere\/\" class=\"elementor-item menu-link\" tabindex=\"-1\">Administrere brukere<\/a><\/li>\n<li class=\"menu-item menu-item-type-post_type menu-item-object-page menu-item-157489\"><a href=\"https:\/\/onedesk.com\/no\/administrerende-kunder\/\" class=\"elementor-item menu-link\" tabindex=\"-1\">Administrere kunder<\/a><\/li>\n<li class=\"menu-item menu-item-type-post_type menu-item-object-page menu-item-157535\"><a href=\"https:\/\/onedesk.com\/no\/onedesk-kunnskapsbase\/\" class=\"elementor-item menu-link\" tabindex=\"-1\">OneDesk kunnskapsbase<\/a><\/li>\n<li class=\"menu-item menu-item-type-post_type menu-item-object-page menu-item-157536\"><a href=\"https:\/\/onedesk.com\/no\/onedesk-live-chat\/\" class=\"elementor-item menu-link\" tabindex=\"-1\">OneDesk Live Chat<\/a><\/li>\n<li class=\"menu-item menu-item-type-post_type menu-item-object-page menu-item-157537\"><a href=\"https:\/\/onedesk.com\/no\/onedesk-klient-portal\/\" class=\"elementor-item menu-link\" tabindex=\"-1\">OneDesk klientportal<\/a><\/li>\n<li class=\"menu-item menu-item-type-post_type menu-item-object-page menu-item-157538\"><a href=\"https:\/\/onedesk.com\/no\/analyser\/\" class=\"elementor-item menu-link\" tabindex=\"-1\">Analytics<\/a><\/li>\n<\/ul>\t\t\t<\/nav>\n\t\t\t\t\t\t<\/div>\n\t\t\t\t<\/div>\n\t\t\t\t\t<\/div>\n\t\t<\/div>\n\t\t\t\t<div class=\"elementor-column elementor-col-66 elementor-top-column elementor-element elementor-element-3dae5f48\" data-id=\"3dae5f48\" data-element_type=\"column\" data-e-type=\"column\">\n\t\t\t<div class=\"elementor-widget-wrap elementor-element-populated\">\n\t\t\t\t\t\t<div class=\"elementor-element elementor-element-560dbce elementor-widget elementor-widget-html\" data-id=\"560dbce\" data-element_type=\"widget\" data-e-type=\"widget\" data-widget_type=\"html.default\">\n\t\t\t\t<div class=\"elementor-widget-container\">\n\t\t\t\t\t<h2>Tilpass utseende og merkevarebygging<\/h2>\n<br>\n<center><img fetchpriority=\"high\" decoding=\"async\" src=\"https:\/\/onedesk.com\/wp-content\/uploads\/2021\/10\/Customize-Appearance-Branding-1.jpg\" alt=\"Tilpass utseende og merkevarebygging\" width=\"1000\" height=\"525\" class=\"alignleft size-full wp-image-140457\"><\/center>\n<br>\n<p>I OneDesk kan du tilpasse utseendet til og legge til merkevarebygging til kundeportalen din. Du kan endre fargeskjemaet til portalen og endre logoen som vises for \u00e5 f\u00e5 \u00f8nsket utseende. Du kan ogs\u00e5 bestemme hvilke st\u00f8tteforesp\u00f8rselsskjemaer som vises p\u00e5 portalen, slik at kundene dine enkelt kan sende inn foresp\u00f8rsler til deg.<\/p>\n<br>\n<h2>Viser spesifikk informasjon<\/h2>\n<br>\n<center><img decoding=\"async\" src=\"https:\/\/onedesk.com\/wp-content\/uploads\/2021\/10\/Showing-Specific-Information.jpg\" alt=\"Viser spesifikk informasjon\" width=\"1000\" height=\"608\" class=\"alignleft size-full wp-image-140468\"><\/center>\n<br>\n<p>Kundeportalen din kan vise informasjonen du \u00f8nsker. Du kan bestemme om en kunde m\u00e5 logges p\u00e5 for \u00e5 se varene i portalen, hvilke varer de kan se og mer. Du kan ogs\u00e5 bestemme hva som vises n\u00e5r kundene dine g\u00e5r inn p\u00e5 portalen og sjekke informasjonen om en billett eller oppgave. Du kan bestemme om de kan se hvem som har blitt tildelt en foresp\u00f8rsel, den planlagte tidsplanen for foresp\u00f8rselen og mer.<\/p>\n\n<p><a href=\"https:\/\/kb.onedesk.com\/app-od\/o-onedesk\/knowledge-base-1\/article-f13f22a5-2cb6-41c8-a621-b28485dde2d8\">Les mer om kundeportalen her.<\/a><\/p>\n<br>\n<button class=\"guidebutton\" onclick=\"window.location.href='\/onedesk-live-chat\/';\"><Previous{{{wpml_tag_26}}}\n{{{wpml_tag_27}}}Next ><\/button>\t\t\t\t<\/div>\n\t\t\t\t<\/div>\n\t\t\t\t\t<\/div>\n\t\t<\/div>\n\t\t\t\t\t<\/div>\n\t\t<\/section>\n\t\t\t\t<\/div>\n\t\t","protected":false},"excerpt":{"rendered":"<p>OneDesk klientportal Innholdsfortegnelse Dykke dypere Tilpass utseende og merkevarebygging I OneDesk kan du tilpasse utseendet til og legge til merkevarebygging til kundeportalen din. Du kan endre fargeskjemaet til portalen og endre logoen som vises for \u00e5 f\u00e5 \u00f8nsket utseende. Du kan ogs\u00e5 bestemme hvilke st\u00f8tteforesp\u00f8rselsskjemaer som vises p\u00e5 portalen, slik at kundene dine enkelt kan [&hellip;]<\/p>\n","protected":false},"author":25,"featured_media":0,"parent":0,"menu_order":0,"comment_status":"closed","ping_status":"closed","template":"","meta":{"tpgb_global_settings":"","_crdt_document":"","inline_featured_image":false,"site-sidebar-layout":"no-sidebar","site-content-layout":"page-builder","ast-site-content-layout":"default","site-content-style":"default","site-sidebar-style":"default","ast-global-header-display":"","ast-banner-title-visibility":"","ast-main-header-display":"","ast-hfb-above-header-display":"","ast-hfb-below-header-display":"","ast-hfb-mobile-header-display":"","site-post-title":"disabled","ast-breadcrumbs-content":"","ast-featured-img":"disabled","footer-sml-layout":"","ast-disable-related-posts":"","theme-transparent-header-meta":"","adv-header-id-meta":"","stick-header-meta":"","header-above-stick-meta":"","header-main-stick-meta":"","header-below-stick-meta":"","astra-migrate-meta-layouts":"default","ast-page-background-enabled":"default","ast-page-background-meta":{"desktop":{"background-color":"var(--ast-global-color-4)","background-image":"","background-repeat":"repeat","background-position":"center center","background-size":"auto","background-attachment":"scroll","background-type":"","background-media":"","overlay-type":"","overlay-color":"","overlay-opacity":"","overlay-gradient":""},"tablet":{"background-color":"","background-image":"","background-repeat":"repeat","background-position":"center center","background-size":"auto","background-attachment":"scroll","background-type":"","background-media":"","overlay-type":"","overlay-color":"","overlay-opacity":"","overlay-gradient":""},"mobile":{"background-color":"","background-image":"","background-repeat":"repeat","background-position":"center center","background-size":"auto","background-attachment":"scroll","background-type":"","background-media":"","overlay-type":"","overlay-color":"","overlay-opacity":"","overlay-gradient":""}},"ast-content-background-meta":{"desktop":{"background-color":"var(--ast-global-color-5)","background-image":"","background-repeat":"repeat","background-position":"center center","background-size":"auto","background-attachment":"scroll","background-type":"","background-media":"","overlay-type":"","overlay-color":"","overlay-opacity":"","overlay-gradient":""},"tablet":{"background-color":"var(--ast-global-color-5)","background-image":"","background-repeat":"repeat","background-position":"center center","background-size":"auto","background-attachment":"scroll","background-type":"","background-media":"","overlay-type":"","overlay-color":"","overlay-opacity":"","overlay-gradient":""},"mobile":{"background-color":"var(--ast-global-color-5)","background-image":"","background-repeat":"repeat","background-position":"center center","background-size":"auto","background-attachment":"scroll","background-type":"","background-media":"","overlay-type":"","overlay-color":"","overlay-opacity":"","overlay-gradient":""}},"footnotes":""},"class_list":["post-156905","page","type-page","status-publish","hentry"],"yoast_head":"<!-- This site is optimized with the Yoast SEO Premium plugin v27.6 (Yoast SEO v27.6) - https:\/\/yoast.com\/product\/yoast-seo-premium-wordpress\/ -->\n<title>OneDesk-klientportal | OneDesk HelpDesk &amp; PM Onboarding Guide<\/title>\n<meta name=\"description\" content=\"OneDesk er helpdesk og prosjektstyringsprogramvare i \u00e9n applikasjon. Finn ut mer om kundeportalens oppsett og tilpasningsalternativer.\" \/>\n<meta name=\"robots\" content=\"index, follow, max-snippet:-1, max-image-preview:large, max-video-preview:-1\" \/>\n<link rel=\"canonical\" href=\"https:\/\/onedesk.com\/no\/onedesk-klient-portal\/\" \/>\n<meta property=\"og:locale\" content=\"nb_NO\" \/>\n<meta property=\"og:type\" content=\"article\" \/>\n<meta property=\"og:title\" content=\"OneDesk-klientportal | OneDesk HelpDesk &amp; PM Onboarding Guide\" \/>\n<meta property=\"og:description\" content=\"OneDesk er helpdesk og prosjektstyringsprogramvare i \u00e9n applikasjon. Finn ut mer om kundeportalens oppsett og tilpasningsalternativer.\" \/>\n<meta property=\"og:url\" content=\"https:\/\/onedesk.com\/no\/onedesk-klient-portal\/\" \/>\n<meta property=\"og:site_name\" content=\"OneDesk\" \/>\n<meta property=\"article:publisher\" content=\"https:\/\/www.facebook.com\/OneDeskApp\" \/>\n<meta property=\"article:modified_time\" content=\"2022-04-07T18:21:26+00:00\" \/>\n<meta property=\"og:image\" content=\"https:\/\/onedesk.com\/wp-content\/uploads\/2021\/10\/Customize-Appearance-Branding-1.jpg\" \/>\n<meta name=\"twitter:card\" content=\"summary_large_image\" \/>\n<meta name=\"twitter:site\" content=\"@OneDeskApp\" \/>\n<meta name=\"twitter:label1\" content=\"Est. reading time\" \/>\n\t<meta name=\"twitter:data1\" content=\"1 minute\" \/>\n<!-- \/ Yoast SEO Premium plugin. -->","yoast_head_json":{"title":"OneDesk-klientportal | OneDesk HelpDesk & PM Onboarding Guide","description":"OneDesk er helpdesk og prosjektstyringsprogramvare i \u00e9n applikasjon. Finn ut mer om kundeportalens oppsett og tilpasningsalternativer.","robots":{"index":"index","follow":"follow","max-snippet":"max-snippet:-1","max-image-preview":"max-image-preview:large","max-video-preview":"max-video-preview:-1"},"canonical":"https:\/\/onedesk.com\/no\/onedesk-klient-portal\/","og_locale":"nb_NO","og_type":"article","og_title":"OneDesk-klientportal | OneDesk HelpDesk & PM Onboarding Guide","og_description":"OneDesk er helpdesk og prosjektstyringsprogramvare i \u00e9n applikasjon. Finn ut mer om kundeportalens oppsett og tilpasningsalternativer.","og_url":"https:\/\/onedesk.com\/no\/onedesk-klient-portal\/","og_site_name":"OneDesk","article_publisher":"https:\/\/www.facebook.com\/OneDeskApp","article_modified_time":"2022-04-07T18:21:26+00:00","og_image":[{"url":"https:\/\/onedesk.com\/wp-content\/uploads\/2021\/10\/Customize-Appearance-Branding-1.jpg","type":"","width":"","height":""}],"twitter_card":"summary_large_image","twitter_site":"@OneDeskApp","twitter_misc":{"Est. reading time":"1 minute"},"schema":{"@context":"https:\/\/schema.org","@graph":[{"@type":"WebPage","@id":"https:\/\/onedesk.com\/no\/onedesk-klient-portal\/","url":"https:\/\/onedesk.com\/no\/onedesk-klient-portal\/","name":"OneDesk-klientportal | OneDesk HelpDesk & PM Onboarding Guide","isPartOf":{"@id":"https:\/\/onedesk.com\/no\/#website"},"primaryImageOfPage":{"@id":"https:\/\/onedesk.com\/no\/onedesk-klient-portal\/#primaryimage"},"image":{"@id":"https:\/\/onedesk.com\/no\/onedesk-klient-portal\/#primaryimage"},"thumbnailUrl":"https:\/\/onedesk.com\/wp-content\/uploads\/2021\/10\/Customize-Appearance-Branding-1.jpg","datePublished":"2021-12-21T20:18:33+00:00","dateModified":"2022-04-07T18:21:26+00:00","description":"OneDesk er helpdesk og prosjektstyringsprogramvare i \u00e9n applikasjon. Finn ut mer om kundeportalens oppsett og tilpasningsalternativer.","inLanguage":"nb-NO","potentialAction":[{"@type":"ReadAction","target":["https:\/\/onedesk.com\/no\/onedesk-klient-portal\/"]}]},{"@type":"ImageObject","inLanguage":"nb-NO","@id":"https:\/\/onedesk.com\/no\/onedesk-klient-portal\/#primaryimage","url":"https:\/\/onedesk.com\/wp-content\/uploads\/2021\/10\/Customize-Appearance-Branding-1.jpg","contentUrl":"https:\/\/onedesk.com\/wp-content\/uploads\/2021\/10\/Customize-Appearance-Branding-1.jpg"},{"@type":"WebSite","@id":"https:\/\/onedesk.com\/no\/#website","url":"https:\/\/onedesk.com\/no\/","name":"OneDesk","description":"Prosjektledelse og Helpdesk-programvare","publisher":{"@id":"https:\/\/onedesk.com\/no\/#organization"},"potentialAction":[{"@type":"SearchAction","target":{"@type":"EntryPoint","urlTemplate":"https:\/\/onedesk.com\/no\/?s={search_term_string}"},"query-input":{"@type":"PropertyValueSpecification","valueRequired":true,"valueName":"search_term_string"}}],"inLanguage":"nb-NO"},{"@type":"Organization","@id":"https:\/\/onedesk.com\/no\/#organization","name":"OneDesk","url":"https:\/\/onedesk.com\/no\/","logo":{"@type":"ImageObject","inLanguage":"nb-NO","@id":"https:\/\/onedesk.com\/no\/#\/schema\/logo\/image\/","url":"https:\/\/onedesk.com\/wp-content\/uploads\/2016\/01\/white-logo-small.png","contentUrl":"https:\/\/onedesk.com\/wp-content\/uploads\/2016\/01\/white-logo-small.png","width":207,"height":40,"caption":"OneDesk"},"image":{"@id":"https:\/\/onedesk.com\/no\/#\/schema\/logo\/image\/"},"sameAs":["https:\/\/www.facebook.com\/OneDeskApp","https:\/\/x.com\/OneDeskApp","https:\/\/www.instagram.com\/onedeskapp\/","https:\/\/www.linkedin.com\/company\/onedesk-inc-1","https:\/\/www.pinterest.com\/onedesk\/","https:\/\/www.youtube.com\/user\/OneDeskApp"]}]}},"tpgb_featured_images":null,"tpgb_post_meta_info":{"get_date":"December 21, 2021","get_modified_date":"April 7, 2022","author_name":"Kenneth Lim","author_url":"https:\/\/onedesk.com\/no\/author\/ken-lim\/","author_email":"ken.lim@onedesk.com","author_website":"","author_description":"","author_facebook":"","author_twitter":"","author_instagram":"","author_role":["subscriber"],"author_firstname":"Kenneth","author_lastname":"Lim","user_login":"ken.lim","author_avatar":"<img alt='' src='https:\/\/secure.gravatar.com\/avatar\/a4ec21f0334373cadb0a505588ce84b318527287a4e82901cc7c9b983073d3e7?s=200&#038;d=mm&#038;r=g' srcset='https:\/\/secure.gravatar.com\/avatar\/a4ec21f0334373cadb0a505588ce84b318527287a4e82901cc7c9b983073d3e7?s=400&#038;d=mm&#038;r=g 2x' class='avatar avatar-200 photo' height='200' width='200' decoding='async'\/>","author_avatar_url":"https:\/\/secure.gravatar.com\/avatar\/a4ec21f0334373cadb0a505588ce84b318527287a4e82901cc7c9b983073d3e7?s=96&d=mm&r=g","comment_count":0,"post_likes":0,"post_views":0},"tpgb_post_category":[],"jetpack_shortlink":"https:\/\/wp.me\/PfpPaI-EOJ","amp_enabled":true,"_links":{"self":[{"href":"https:\/\/onedesk.com\/no\/wp-json\/wp\/v2\/pages\/156905","targetHints":{"allow":["GET"]}}],"collection":[{"href":"https:\/\/onedesk.com\/no\/wp-json\/wp\/v2\/pages"}],"about":[{"href":"https:\/\/onedesk.com\/no\/wp-json\/wp\/v2\/types\/page"}],"author":[{"embeddable":true,"href":"https:\/\/onedesk.com\/no\/wp-json\/wp\/v2\/users\/25"}],"replies":[{"embeddable":true,"href":"https:\/\/onedesk.com\/no\/wp-json\/wp\/v2\/comments?post=156905"}],"version-history":[{"count":3,"href":"https:\/\/onedesk.com\/no\/wp-json\/wp\/v2\/pages\/156905\/revisions"}],"predecessor-version":[{"id":168779,"href":"https:\/\/onedesk.com\/no\/wp-json\/wp\/v2\/pages\/156905\/revisions\/168779"}],"wp:attachment":[{"href":"https:\/\/onedesk.com\/no\/wp-json\/wp\/v2\/media?parent=156905"}],"curies":[{"name":"wp","href":"https:\/\/api.w.org\/{rel}","templated":true}]}}