{"id":156924,"date":"2021-12-21T20:18:48","date_gmt":"2021-12-21T20:18:48","guid":{"rendered":"https:\/\/onedesk.com\/analyser\/"},"modified":"2022-06-23T13:18:50","modified_gmt":"2022-06-23T13:18:50","slug":"analyser","status":"publish","type":"page","link":"https:\/\/onedesk.com\/no\/analyser\/","title":{"rendered":"Analytics"},"content":{"rendered":"\t\t<div data-elementor-type=\"wp-page\" data-elementor-id=\"156924\" class=\"elementor elementor-156924 elementor-144085\" data-elementor-post-type=\"page\">\n\t\t\t\t\t\t<section class=\"elementor-section elementor-top-section elementor-element elementor-element-6d2b148c elementor-section-boxed elementor-section-height-default elementor-section-height-default\" data-id=\"6d2b148c\" data-element_type=\"section\" data-e-type=\"section\">\n\t\t\t\t\t\t<div class=\"elementor-container elementor-column-gap-default\">\n\t\t\t\t\t<div class=\"elementor-column elementor-col-100 elementor-top-column elementor-element elementor-element-435687db\" data-id=\"435687db\" data-element_type=\"column\" data-e-type=\"column\">\n\t\t\t<div class=\"elementor-widget-wrap elementor-element-populated\">\n\t\t\t\t\t\t\t<\/div>\n\t\t<\/div>\n\t\t\t\t\t<\/div>\n\t\t<\/section>\n\t\t\t\t<section class=\"elementor-section elementor-top-section elementor-element elementor-element-56a681f1 elementor-section-boxed elementor-section-height-default elementor-section-height-default\" data-id=\"56a681f1\" data-element_type=\"section\" data-e-type=\"section\">\n\t\t\t\t\t\t<div class=\"elementor-container elementor-column-gap-default\">\n\t\t\t\t\t<div class=\"elementor-column elementor-col-33 elementor-top-column elementor-element elementor-element-72010722\" data-id=\"72010722\" data-element_type=\"column\" data-e-type=\"column\">\n\t\t\t<div class=\"elementor-widget-wrap elementor-element-populated\">\n\t\t\t\t\t\t<div class=\"elementor-element elementor-element-7967107e elementor-widget elementor-widget-heading\" data-id=\"7967107e\" data-element_type=\"widget\" data-e-type=\"widget\" data-widget_type=\"heading.default\">\n\t\t\t\t<div class=\"elementor-widget-container\">\n\t\t\t\t\t<h4 class=\"elementor-heading-title elementor-size-default\">Innholdsfortegnelse<\/h4>\t\t\t\t<\/div>\n\t\t\t\t<\/div>\n\t\t\t\t<div class=\"elementor-element elementor-element-40c5cca elementor-nav-menu--dropdown-tablet elementor-nav-menu__text-align-aside elementor-nav-menu--toggle elementor-nav-menu--burger elementor-widget elementor-widget-nav-menu\" data-id=\"40c5cca\" data-element_type=\"widget\" data-e-type=\"widget\" data-settings=\"{&quot;layout&quot;:&quot;vertical&quot;,&quot;submenu_icon&quot;:{&quot;value&quot;:&quot;&lt;i class=\\&quot;fas fa-caret-down\\&quot; aria-hidden=\\&quot;true\\&quot;&gt;&lt;\\\/i&gt;&quot;,&quot;library&quot;:&quot;fa-solid&quot;},&quot;toggle&quot;:&quot;burger&quot;}\" data-widget_type=\"nav-menu.default\">\n\t\t\t\t<div class=\"elementor-widget-container\">\n\t\t\t\t\t\t\t\t<nav aria-label=\"Menu\" class=\"elementor-nav-menu--main elementor-nav-menu__container elementor-nav-menu--layout-vertical e--pointer-underline e--animation-fade\">\n\t\t\t\t<ul id=\"menu-1-40c5cca\" class=\"elementor-nav-menu sm-vertical\"><li class=\"menu-item menu-item-type-post_type menu-item-object-page menu-item-157391\"><a href=\"https:\/\/onedesk.com\/no\/forste-10-minutter-i-onedesk\/\" class=\"elementor-item menu-link\">De f\u00f8rste 10 minuttene i OneDesk<\/a><\/li>\n<li class=\"menu-item menu-item-type-post_type menu-item-object-page menu-item-157392\"><a href=\"https:\/\/onedesk.com\/no\/ombord-pa-teamet-ditt\/\" class=\"elementor-item menu-link\">Ta med teamet ditt<\/a><\/li>\n<li class=\"menu-item menu-item-type-post_type menu-item-object-page menu-item-157393\"><a href=\"https:\/\/onedesk.com\/no\/abonnerer-going-pro\/\" class=\"elementor-item menu-link\">Abonner og g\u00e5r Pro<\/a><\/li>\n<li class=\"menu-item menu-item-type-post_type menu-item-object-page menu-item-157439\"><a href=\"https:\/\/onedesk.com\/no\/gar-live-til-kunder\/\" class=\"elementor-item menu-link\">Sendes live til kundene<\/a><\/li>\n<li class=\"menu-item menu-item-type-post_type menu-item-object-page menu-item-157440\"><a href=\"https:\/\/onedesk.com\/no\/billett-ruting-arbeidsflyter\/\" class=\"elementor-item menu-link\">Billettruting og arbeidsflyter<\/a><\/li>\n<li class=\"menu-item menu-item-type-post_type menu-item-object-page menu-item-157441\"><a href=\"https:\/\/onedesk.com\/no\/prosjekt-ledelse-oppgave-arbeidsflyter\/\" class=\"elementor-item menu-link\">Prosjektledelse og arbeidsflyter<\/a><\/li>\n<li class=\"menu-item menu-item-type-post_type menu-item-object-page menu-item-157442\"><a href=\"https:\/\/onedesk.com\/no\/kommunisere-med-kunder\/\" class=\"elementor-item menu-link\">Kommunisere med kunder<\/a><\/li>\n<li class=\"menu-item menu-item-type-post_type menu-item-object-page menu-item-157443\"><a href=\"https:\/\/onedesk.com\/no\/sporingsarbeid\/\" class=\"elementor-item menu-link\">Sporingsarbeid<\/a><\/li>\n<\/ul>\t\t\t<\/nav>\n\t\t\t\t\t<div class=\"elementor-menu-toggle\" role=\"button\" tabindex=\"0\" aria-label=\"Menu Toggle\" aria-expanded=\"false\">\n\t\t\t<i aria-hidden=\"true\" role=\"presentation\" class=\"elementor-menu-toggle__icon--open eicon-menu-bar\"><\/i><i aria-hidden=\"true\" role=\"presentation\" class=\"elementor-menu-toggle__icon--close eicon-close\"><\/i>\t\t<\/div>\n\t\t\t\t\t<nav class=\"elementor-nav-menu--dropdown elementor-nav-menu__container\" aria-hidden=\"true\">\n\t\t\t\t<ul id=\"menu-2-40c5cca\" class=\"elementor-nav-menu sm-vertical\"><li class=\"menu-item menu-item-type-post_type menu-item-object-page menu-item-157391\"><a href=\"https:\/\/onedesk.com\/no\/forste-10-minutter-i-onedesk\/\" class=\"elementor-item menu-link\" tabindex=\"-1\">De f\u00f8rste 10 minuttene i OneDesk<\/a><\/li>\n<li class=\"menu-item menu-item-type-post_type menu-item-object-page menu-item-157392\"><a href=\"https:\/\/onedesk.com\/no\/ombord-pa-teamet-ditt\/\" class=\"elementor-item menu-link\" tabindex=\"-1\">Ta med teamet ditt<\/a><\/li>\n<li class=\"menu-item menu-item-type-post_type menu-item-object-page menu-item-157393\"><a href=\"https:\/\/onedesk.com\/no\/abonnerer-going-pro\/\" class=\"elementor-item menu-link\" tabindex=\"-1\">Abonner og g\u00e5r Pro<\/a><\/li>\n<li class=\"menu-item menu-item-type-post_type menu-item-object-page menu-item-157439\"><a href=\"https:\/\/onedesk.com\/no\/gar-live-til-kunder\/\" class=\"elementor-item menu-link\" tabindex=\"-1\">Sendes live til kundene<\/a><\/li>\n<li class=\"menu-item menu-item-type-post_type menu-item-object-page menu-item-157440\"><a href=\"https:\/\/onedesk.com\/no\/billett-ruting-arbeidsflyter\/\" class=\"elementor-item menu-link\" tabindex=\"-1\">Billettruting og arbeidsflyter<\/a><\/li>\n<li class=\"menu-item menu-item-type-post_type menu-item-object-page menu-item-157441\"><a href=\"https:\/\/onedesk.com\/no\/prosjekt-ledelse-oppgave-arbeidsflyter\/\" class=\"elementor-item menu-link\" tabindex=\"-1\">Prosjektledelse og arbeidsflyter<\/a><\/li>\n<li class=\"menu-item menu-item-type-post_type menu-item-object-page menu-item-157442\"><a href=\"https:\/\/onedesk.com\/no\/kommunisere-med-kunder\/\" class=\"elementor-item menu-link\" tabindex=\"-1\">Kommunisere med kunder<\/a><\/li>\n<li class=\"menu-item menu-item-type-post_type menu-item-object-page menu-item-157443\"><a href=\"https:\/\/onedesk.com\/no\/sporingsarbeid\/\" class=\"elementor-item menu-link\" tabindex=\"-1\">Sporingsarbeid<\/a><\/li>\n<\/ul>\t\t\t<\/nav>\n\t\t\t\t\t\t<\/div>\n\t\t\t\t<\/div>\n\t\t\t\t<div class=\"elementor-element elementor-element-1450c6e3 elementor-widget elementor-widget-heading\" data-id=\"1450c6e3\" data-element_type=\"widget\" data-e-type=\"widget\" data-widget_type=\"heading.default\">\n\t\t\t\t<div class=\"elementor-widget-container\">\n\t\t\t\t\t<h4 class=\"elementor-heading-title elementor-size-default\">Dykke dypere<\/h4>\t\t\t\t<\/div>\n\t\t\t\t<\/div>\n\t\t\t\t<div class=\"elementor-element elementor-element-1fb1336 elementor-nav-menu--dropdown-tablet elementor-nav-menu__text-align-aside elementor-nav-menu--toggle elementor-nav-menu--burger elementor-widget elementor-widget-nav-menu\" data-id=\"1fb1336\" data-element_type=\"widget\" data-e-type=\"widget\" data-settings=\"{&quot;layout&quot;:&quot;vertical&quot;,&quot;submenu_icon&quot;:{&quot;value&quot;:&quot;&lt;i class=\\&quot;fas fa-caret-down\\&quot; aria-hidden=\\&quot;true\\&quot;&gt;&lt;\\\/i&gt;&quot;,&quot;library&quot;:&quot;fa-solid&quot;},&quot;toggle&quot;:&quot;burger&quot;}\" data-widget_type=\"nav-menu.default\">\n\t\t\t\t<div class=\"elementor-widget-container\">\n\t\t\t\t\t\t\t\t<nav aria-label=\"Menu\" class=\"elementor-nav-menu--main elementor-nav-menu__container elementor-nav-menu--layout-vertical e--pointer-underline e--animation-fade\">\n\t\t\t\t<ul id=\"menu-1-1fb1336\" class=\"elementor-nav-menu sm-vertical\"><li class=\"menu-item menu-item-type-post_type menu-item-object-page menu-item-157485\"><a href=\"https:\/\/onedesk.com\/no\/tilpasse-din-arbeidsflyt\/\" class=\"elementor-item menu-link\">Tilpass arbeidsflyten din<\/a><\/li>\n<li class=\"menu-item menu-item-type-post_type menu-item-object-page menu-item-157486\"><a href=\"https:\/\/onedesk.com\/no\/tilpasse-din-brukeropplevelsen\/\" class=\"elementor-item menu-link\">Tilpasse brukeropplevelsen<\/a><\/li>\n<li class=\"menu-item menu-item-type-post_type menu-item-object-page menu-item-157487\"><a href=\"https:\/\/onedesk.com\/no\/tilpasse-dine-kunder-opplevelse\/\" class=\"elementor-item menu-link\">Tilpasse kundenes opplevelse<\/a><\/li>\n<li class=\"menu-item menu-item-type-post_type menu-item-object-page menu-item-157488\"><a href=\"https:\/\/onedesk.com\/no\/administrerende-brukere\/\" class=\"elementor-item menu-link\">Administrere brukere<\/a><\/li>\n<li class=\"menu-item menu-item-type-post_type menu-item-object-page menu-item-157489\"><a href=\"https:\/\/onedesk.com\/no\/administrerende-kunder\/\" class=\"elementor-item menu-link\">Administrere kunder<\/a><\/li>\n<li class=\"menu-item menu-item-type-post_type menu-item-object-page menu-item-157535\"><a href=\"https:\/\/onedesk.com\/no\/onedesk-kunnskapsbase\/\" class=\"elementor-item menu-link\">OneDesk kunnskapsbase<\/a><\/li>\n<li class=\"menu-item menu-item-type-post_type menu-item-object-page menu-item-157536\"><a href=\"https:\/\/onedesk.com\/no\/onedesk-live-chat\/\" class=\"elementor-item menu-link\">OneDesk Live Chat<\/a><\/li>\n<li class=\"menu-item menu-item-type-post_type menu-item-object-page menu-item-157537\"><a href=\"https:\/\/onedesk.com\/no\/onedesk-klient-portal\/\" class=\"elementor-item menu-link\">OneDesk klientportal<\/a><\/li>\n<li class=\"menu-item menu-item-type-post_type menu-item-object-page menu-item-157538\"><a href=\"https:\/\/onedesk.com\/no\/analyser\/\" class=\"elementor-item menu-link\">Analytics<\/a><\/li>\n<\/ul>\t\t\t<\/nav>\n\t\t\t\t\t<div class=\"elementor-menu-toggle\" role=\"button\" tabindex=\"0\" aria-label=\"Menu Toggle\" aria-expanded=\"false\">\n\t\t\t<i aria-hidden=\"true\" role=\"presentation\" class=\"elementor-menu-toggle__icon--open eicon-menu-bar\"><\/i><i aria-hidden=\"true\" role=\"presentation\" class=\"elementor-menu-toggle__icon--close eicon-close\"><\/i>\t\t<\/div>\n\t\t\t\t\t<nav class=\"elementor-nav-menu--dropdown elementor-nav-menu__container\" aria-hidden=\"true\">\n\t\t\t\t<ul id=\"menu-2-1fb1336\" class=\"elementor-nav-menu sm-vertical\"><li class=\"menu-item menu-item-type-post_type menu-item-object-page menu-item-157485\"><a href=\"https:\/\/onedesk.com\/no\/tilpasse-din-arbeidsflyt\/\" class=\"elementor-item menu-link\" tabindex=\"-1\">Tilpass arbeidsflyten din<\/a><\/li>\n<li class=\"menu-item menu-item-type-post_type menu-item-object-page menu-item-157486\"><a href=\"https:\/\/onedesk.com\/no\/tilpasse-din-brukeropplevelsen\/\" class=\"elementor-item menu-link\" tabindex=\"-1\">Tilpasse brukeropplevelsen<\/a><\/li>\n<li class=\"menu-item menu-item-type-post_type menu-item-object-page menu-item-157487\"><a href=\"https:\/\/onedesk.com\/no\/tilpasse-dine-kunder-opplevelse\/\" class=\"elementor-item menu-link\" tabindex=\"-1\">Tilpasse kundenes opplevelse<\/a><\/li>\n<li class=\"menu-item menu-item-type-post_type menu-item-object-page menu-item-157488\"><a href=\"https:\/\/onedesk.com\/no\/administrerende-brukere\/\" class=\"elementor-item menu-link\" tabindex=\"-1\">Administrere brukere<\/a><\/li>\n<li class=\"menu-item menu-item-type-post_type menu-item-object-page menu-item-157489\"><a href=\"https:\/\/onedesk.com\/no\/administrerende-kunder\/\" class=\"elementor-item menu-link\" tabindex=\"-1\">Administrere kunder<\/a><\/li>\n<li class=\"menu-item menu-item-type-post_type menu-item-object-page menu-item-157535\"><a href=\"https:\/\/onedesk.com\/no\/onedesk-kunnskapsbase\/\" class=\"elementor-item menu-link\" tabindex=\"-1\">OneDesk kunnskapsbase<\/a><\/li>\n<li class=\"menu-item menu-item-type-post_type menu-item-object-page menu-item-157536\"><a href=\"https:\/\/onedesk.com\/no\/onedesk-live-chat\/\" class=\"elementor-item menu-link\" tabindex=\"-1\">OneDesk Live Chat<\/a><\/li>\n<li class=\"menu-item menu-item-type-post_type menu-item-object-page menu-item-157537\"><a href=\"https:\/\/onedesk.com\/no\/onedesk-klient-portal\/\" class=\"elementor-item menu-link\" tabindex=\"-1\">OneDesk klientportal<\/a><\/li>\n<li class=\"menu-item menu-item-type-post_type menu-item-object-page menu-item-157538\"><a href=\"https:\/\/onedesk.com\/no\/analyser\/\" class=\"elementor-item menu-link\" tabindex=\"-1\">Analytics<\/a><\/li>\n<\/ul>\t\t\t<\/nav>\n\t\t\t\t\t\t<\/div>\n\t\t\t\t<\/div>\n\t\t\t\t\t<\/div>\n\t\t<\/div>\n\t\t\t\t<div class=\"elementor-column elementor-col-66 elementor-top-column elementor-element elementor-element-38b47d6a\" data-id=\"38b47d6a\" data-element_type=\"column\" data-e-type=\"column\">\n\t\t\t<div class=\"elementor-widget-wrap elementor-element-populated\">\n\t\t\t\t\t\t<div class=\"elementor-element elementor-element-381d7f67 elementor-widget elementor-widget-html\" data-id=\"381d7f67\" data-element_type=\"widget\" data-e-type=\"widget\" data-widget_type=\"html.default\">\n\t\t\t\t<div class=\"elementor-widget-container\">\n\t\t\t\t\t<h2>Rapporter og rapportplanlegging<\/h2>\n<br>\n<center><img fetchpriority=\"high\" decoding=\"async\" src=\"https:\/\/onedesk.com\/wp-content\/uploads\/2021\/10\/Reports-Report-Scheduling.jpg\" alt=\"Rapporter og rapportplanlegging\" width=\"1000\" height=\"940\" class=\"alignleft size-full wp-image-140480\"><\/center>\n<br>\n<p>OneDesk lar deg rapportere om fremdriften til billettene, oppgavene og prosjektene dine. Hold deg oppdatert p\u00e5 helpdesk og prosjektledelse. Du kan tilpasse og importere dataene dine for \u00e5 hjelpe deg med \u00e5 ta informerte beslutninger for \u00e5 forbedre effektiviteten ytterligere.<\/p>\n\n<p><a href=\"https:\/\/kb.onedesk.com\/app-od\/o-onedesk\/knowledge-base-1\/article-8ee2e05f-9bdf-4dd9-bb12-32cc60b7eec5\">Les mer om rapportering her.<\/a><\/p>\n<br>\n<h2>Aktiviteter<\/h2>\n<br>\n<center><img decoding=\"async\" src=\"https:\/\/onedesk.com\/wp-content\/uploads\/2021\/10\/Activities.jpg\" alt=\"Aktiviteter\" width=\"1000\" height=\"427\" class=\"alignleft size-full wp-image-140491\"><\/center>\n<br>\n<p>OneDesk lar deg revidere arbeidet med tilgang til en fullstendig gjennomsiktig historikk over endringer p\u00e5 billetter, oppgaver og prosjekter. F\u00e5 synlighet til statusoppdateringer, kundekommunikasjon, arbeidsautomatisering og mer. Administratorer kan revidere arbeidet med alle aktiviteter utf\u00f8rt i OneDesk. Brukere kan se sin egen aktivitetsl\u00f8ype samt aktiviteter fullf\u00f8rt p\u00e5 et elementniv\u00e5.<\/p>\n\n<p><a href=\"https:\/\/kb.onedesk.com\/app-od\/o-onedesk\/knowledge-base-1\/article-3ccf22c5-8ec8-4e5e-b760-5684af806ec2\">L\u00e6r mer om aktiviteter.<\/a><\/p>\n<br>\n<h2>Diagrammer<\/h2>\n<br>\n<center><img decoding=\"async\" src=\"https:\/\/onedesk.com\/wp-content\/uploads\/2021\/10\/Charts.jpg\" alt=\"Diagrammer\" width=\"1000\" height=\"773\" class=\"alignleft size-full wp-image-140502\"><\/center>\n<br>\n<p>Du kan se dataene dine i OneDesk som visuelle diagrammer og grafer i diagramapplikasjonen. OneDesk lar deg lage ditt eget dashbord med grafer og diagrammer som viser data om billetter, oppgaver, prosjekter, kundetilfredshet og mer. Dataene fra disse diagrammene kan eksporteres som bilder eller utskriftsvennlige filer.<\/p> \n\n<p><a href=\"https:\/\/kb.onedesk.com\/app-od\/o-onedesk\/knowledge-base-1\/article-81ea47f3-3af2-4e60-99e1-ac681df1ed30\">L\u00e6r mer om diagrammer her.<\/a><\/p>\n<br>\n<button class=\"guidebutton\" onclick=\"window.location.href='\/onedesk-client-portal\/';\"><previous><\/previous><\/button>\t\t\t\t<\/div>\n\t\t\t\t<\/div>\n\t\t\t\t\t<\/div>\n\t\t<\/div>\n\t\t\t\t\t<\/div>\n\t\t<\/section>\n\t\t\t\t<\/div>\n\t\t","protected":false},"excerpt":{"rendered":"<p>Innholdsfortegnelse Dykke dypere Rapporter og rapportplanlegging OneDesk lar deg rapportere om fremdriften til billettene, oppgavene og prosjektene dine. Hold deg oppdatert p\u00e5 helpdesk og prosjektledelse. Du kan tilpasse og importere dataene dine for \u00e5 hjelpe deg med \u00e5 ta informerte beslutninger for \u00e5 forbedre effektiviteten ytterligere. Les mer om rapportering her. Aktiviteter OneDesk lar deg [&hellip;]<\/p>\n","protected":false},"author":25,"featured_media":0,"parent":0,"menu_order":0,"comment_status":"closed","ping_status":"closed","template":"","meta":{"tpgb_global_settings":"","_crdt_document":"","inline_featured_image":false,"site-sidebar-layout":"no-sidebar","site-content-layout":"page-builder","ast-site-content-layout":"default","site-content-style":"default","site-sidebar-style":"default","ast-global-header-display":"","ast-banner-title-visibility":"","ast-main-header-display":"","ast-hfb-above-header-display":"","ast-hfb-below-header-display":"","ast-hfb-mobile-header-display":"","site-post-title":"disabled","ast-breadcrumbs-content":"","ast-featured-img":"disabled","footer-sml-layout":"","ast-disable-related-posts":"","theme-transparent-header-meta":"","adv-header-id-meta":"","stick-header-meta":"","header-above-stick-meta":"","header-main-stick-meta":"","header-below-stick-meta":"","astra-migrate-meta-layouts":"default","ast-page-background-enabled":"default","ast-page-background-meta":{"desktop":{"background-color":"var(--ast-global-color-4)","background-image":"","background-repeat":"repeat","background-position":"center center","background-size":"auto","background-attachment":"scroll","background-type":"","background-media":"","overlay-type":"","overlay-color":"","overlay-opacity":"","overlay-gradient":""},"tablet":{"background-color":"","background-image":"","background-repeat":"repeat","background-position":"center center","background-size":"auto","background-attachment":"scroll","background-type":"","background-media":"","overlay-type":"","overlay-color":"","overlay-opacity":"","overlay-gradient":""},"mobile":{"background-color":"","background-image":"","background-repeat":"repeat","background-position":"center center","background-size":"auto","background-attachment":"scroll","background-type":"","background-media":"","overlay-type":"","overlay-color":"","overlay-opacity":"","overlay-gradient":""}},"ast-content-background-meta":{"desktop":{"background-color":"var(--ast-global-color-5)","background-image":"","background-repeat":"repeat","background-position":"center center","background-size":"auto","background-attachment":"scroll","background-type":"","background-media":"","overlay-type":"","overlay-color":"","overlay-opacity":"","overlay-gradient":""},"tablet":{"background-color":"var(--ast-global-color-5)","background-image":"","background-repeat":"repeat","background-position":"center center","background-size":"auto","background-attachment":"scroll","background-type":"","background-media":"","overlay-type":"","overlay-color":"","overlay-opacity":"","overlay-gradient":""},"mobile":{"background-color":"var(--ast-global-color-5)","background-image":"","background-repeat":"repeat","background-position":"center center","background-size":"auto","background-attachment":"scroll","background-type":"","background-media":"","overlay-type":"","overlay-color":"","overlay-opacity":"","overlay-gradient":""}},"footnotes":""},"class_list":["post-156924","page","type-page","status-publish","hentry"],"yoast_head":"<!-- This site is optimized with the Yoast SEO Premium plugin v27.6 (Yoast SEO v27.6) - https:\/\/yoast.com\/product\/yoast-seo-premium-wordpress\/ -->\n<title>Analytics | OneDesk HelpDesk &amp; PM Onboarding Guide<\/title>\n<meta name=\"description\" content=\"OneDesk er helpdesk og prosjektledelsesprogramvare i ett program. L\u00e6r alt om analyseapplikasjonen og planlagt rapportering.\" \/>\n<meta name=\"robots\" content=\"index, follow, max-snippet:-1, max-image-preview:large, max-video-preview:-1\" \/>\n<link rel=\"canonical\" href=\"https:\/\/onedesk.com\/no\/analyser\/\" \/>\n<meta property=\"og:locale\" content=\"nb_NO\" \/>\n<meta property=\"og:type\" content=\"article\" \/>\n<meta property=\"og:title\" content=\"Analytics | OneDesk HelpDesk &amp; PM Onboarding Guide\" \/>\n<meta property=\"og:description\" content=\"OneDesk er helpdesk og prosjektledelsesprogramvare i ett program. L\u00e6r alt om analyseapplikasjonen og planlagt rapportering.\" \/>\n<meta property=\"og:url\" content=\"https:\/\/onedesk.com\/no\/analyser\/\" \/>\n<meta property=\"og:site_name\" content=\"OneDesk\" \/>\n<meta property=\"article:publisher\" content=\"https:\/\/www.facebook.com\/OneDeskApp\" \/>\n<meta property=\"article:modified_time\" content=\"2022-06-23T13:18:50+00:00\" \/>\n<meta property=\"og:image\" content=\"https:\/\/onedesk.com\/wp-content\/uploads\/2021\/10\/Reports-Report-Scheduling.jpg\" \/>\n<meta name=\"twitter:card\" content=\"summary_large_image\" \/>\n<meta name=\"twitter:site\" content=\"@OneDeskApp\" \/>\n<meta name=\"twitter:label1\" content=\"Est. reading time\" \/>\n\t<meta name=\"twitter:data1\" content=\"1 minute\" \/>\n<!-- \/ Yoast SEO Premium plugin. -->","yoast_head_json":{"title":"Analytics | OneDesk HelpDesk & PM Onboarding Guide","description":"OneDesk er helpdesk og prosjektledelsesprogramvare i ett program. L\u00e6r alt om analyseapplikasjonen og planlagt rapportering.","robots":{"index":"index","follow":"follow","max-snippet":"max-snippet:-1","max-image-preview":"max-image-preview:large","max-video-preview":"max-video-preview:-1"},"canonical":"https:\/\/onedesk.com\/no\/analyser\/","og_locale":"nb_NO","og_type":"article","og_title":"Analytics | OneDesk HelpDesk & PM Onboarding Guide","og_description":"OneDesk er helpdesk og prosjektledelsesprogramvare i ett program. L\u00e6r alt om analyseapplikasjonen og planlagt rapportering.","og_url":"https:\/\/onedesk.com\/no\/analyser\/","og_site_name":"OneDesk","article_publisher":"https:\/\/www.facebook.com\/OneDeskApp","article_modified_time":"2022-06-23T13:18:50+00:00","og_image":[{"url":"https:\/\/onedesk.com\/wp-content\/uploads\/2021\/10\/Reports-Report-Scheduling.jpg","type":"","width":"","height":""}],"twitter_card":"summary_large_image","twitter_site":"@OneDeskApp","twitter_misc":{"Est. reading time":"1 minute"},"schema":{"@context":"https:\/\/schema.org","@graph":[{"@type":"WebPage","@id":"https:\/\/onedesk.com\/no\/analyser\/","url":"https:\/\/onedesk.com\/no\/analyser\/","name":"Analytics | OneDesk HelpDesk & PM Onboarding Guide","isPartOf":{"@id":"https:\/\/onedesk.com\/no\/#website"},"primaryImageOfPage":{"@id":"https:\/\/onedesk.com\/no\/analyser\/#primaryimage"},"image":{"@id":"https:\/\/onedesk.com\/no\/analyser\/#primaryimage"},"thumbnailUrl":"https:\/\/onedesk.com\/wp-content\/uploads\/2021\/10\/Reports-Report-Scheduling.jpg","datePublished":"2021-12-21T20:18:48+00:00","dateModified":"2022-06-23T13:18:50+00:00","description":"OneDesk er helpdesk og prosjektledelsesprogramvare i ett program. L\u00e6r alt om analyseapplikasjonen og planlagt rapportering.","inLanguage":"nb-NO","potentialAction":[{"@type":"ReadAction","target":["https:\/\/onedesk.com\/no\/analyser\/"]}]},{"@type":"ImageObject","inLanguage":"nb-NO","@id":"https:\/\/onedesk.com\/no\/analyser\/#primaryimage","url":"https:\/\/onedesk.com\/wp-content\/uploads\/2021\/10\/Reports-Report-Scheduling.jpg","contentUrl":"https:\/\/onedesk.com\/wp-content\/uploads\/2021\/10\/Reports-Report-Scheduling.jpg"},{"@type":"WebSite","@id":"https:\/\/onedesk.com\/no\/#website","url":"https:\/\/onedesk.com\/no\/","name":"OneDesk","description":"Prosjektledelse og Helpdesk-programvare","publisher":{"@id":"https:\/\/onedesk.com\/no\/#organization"},"potentialAction":[{"@type":"SearchAction","target":{"@type":"EntryPoint","urlTemplate":"https:\/\/onedesk.com\/no\/?s={search_term_string}"},"query-input":{"@type":"PropertyValueSpecification","valueRequired":true,"valueName":"search_term_string"}}],"inLanguage":"nb-NO"},{"@type":"Organization","@id":"https:\/\/onedesk.com\/no\/#organization","name":"OneDesk","url":"https:\/\/onedesk.com\/no\/","logo":{"@type":"ImageObject","inLanguage":"nb-NO","@id":"https:\/\/onedesk.com\/no\/#\/schema\/logo\/image\/","url":"https:\/\/onedesk.com\/wp-content\/uploads\/2016\/01\/white-logo-small.png","contentUrl":"https:\/\/onedesk.com\/wp-content\/uploads\/2016\/01\/white-logo-small.png","width":207,"height":40,"caption":"OneDesk"},"image":{"@id":"https:\/\/onedesk.com\/no\/#\/schema\/logo\/image\/"},"sameAs":["https:\/\/www.facebook.com\/OneDeskApp","https:\/\/x.com\/OneDeskApp","https:\/\/www.instagram.com\/onedeskapp\/","https:\/\/www.linkedin.com\/company\/onedesk-inc-1","https:\/\/www.pinterest.com\/onedesk\/","https:\/\/www.youtube.com\/user\/OneDeskApp"]}]}},"tpgb_featured_images":null,"tpgb_post_meta_info":{"get_date":"December 21, 2021","get_modified_date":"June 23, 2022","author_name":"Kenneth Lim","author_url":"https:\/\/onedesk.com\/no\/author\/ken-lim\/","author_email":"ken.lim@onedesk.com","author_website":"","author_description":"","author_facebook":"","author_twitter":"","author_instagram":"","author_role":["subscriber"],"author_firstname":"Kenneth","author_lastname":"Lim","user_login":"ken.lim","author_avatar":"<img alt='' src='https:\/\/secure.gravatar.com\/avatar\/a4ec21f0334373cadb0a505588ce84b318527287a4e82901cc7c9b983073d3e7?s=200&#038;d=mm&#038;r=g' srcset='https:\/\/secure.gravatar.com\/avatar\/a4ec21f0334373cadb0a505588ce84b318527287a4e82901cc7c9b983073d3e7?s=400&#038;d=mm&#038;r=g 2x' class='avatar avatar-200 photo' height='200' width='200' decoding='async'\/>","author_avatar_url":"https:\/\/secure.gravatar.com\/avatar\/a4ec21f0334373cadb0a505588ce84b318527287a4e82901cc7c9b983073d3e7?s=96&d=mm&r=g","comment_count":0,"post_likes":0,"post_views":0},"tpgb_post_category":[],"jetpack_shortlink":"https:\/\/wp.me\/PfpPaI-EP2","amp_enabled":true,"_links":{"self":[{"href":"https:\/\/onedesk.com\/no\/wp-json\/wp\/v2\/pages\/156924","targetHints":{"allow":["GET"]}}],"collection":[{"href":"https:\/\/onedesk.com\/no\/wp-json\/wp\/v2\/pages"}],"about":[{"href":"https:\/\/onedesk.com\/no\/wp-json\/wp\/v2\/types\/page"}],"author":[{"embeddable":true,"href":"https:\/\/onedesk.com\/no\/wp-json\/wp\/v2\/users\/25"}],"replies":[{"embeddable":true,"href":"https:\/\/onedesk.com\/no\/wp-json\/wp\/v2\/comments?post=156924"}],"version-history":[{"count":4,"href":"https:\/\/onedesk.com\/no\/wp-json\/wp\/v2\/pages\/156924\/revisions"}],"predecessor-version":[{"id":234438,"href":"https:\/\/onedesk.com\/no\/wp-json\/wp\/v2\/pages\/156924\/revisions\/234438"}],"wp:attachment":[{"href":"https:\/\/onedesk.com\/no\/wp-json\/wp\/v2\/media?parent=156924"}],"curies":[{"name":"wp","href":"https:\/\/api.w.org\/{rel}","templated":true}]}}