{"id":169614,"date":"2022-04-14T14:29:41","date_gmt":"2022-04-14T14:29:41","guid":{"rendered":"https:\/\/onedesk.com\/funksjonsindeks\/obligatoriske-felt-endrer-status\/"},"modified":"2023-08-08T18:51:38","modified_gmt":"2023-08-08T18:51:38","slug":"obligatoriske-felt-endrer-status","status":"publish","type":"page","link":"https:\/\/onedesk.com\/no\/funksjonsindeks\/obligatoriske-felt-endrer-status\/","title":{"rendered":"Obligatoriske felter \u00e5 fylle ut f\u00f8r du endrer status"},"content":{"rendered":"\t\t<div data-elementor-type=\"wp-page\" data-elementor-id=\"169614\" class=\"elementor elementor-169614 elementor-169571\" data-elementor-post-type=\"page\">\n\t\t\t\t\t\t<section class=\"elementor-section elementor-top-section elementor-element elementor-element-34e81a75 elementor-section-boxed elementor-section-height-default elementor-section-height-default\" data-id=\"34e81a75\" data-element_type=\"section\" data-e-type=\"section\">\n\t\t\t\t\t\t<div class=\"elementor-container elementor-column-gap-default\">\n\t\t\t\t\t<div class=\"elementor-column elementor-col-100 elementor-top-column elementor-element elementor-element-5a1dfc19\" data-id=\"5a1dfc19\" data-element_type=\"column\" data-e-type=\"column\">\n\t\t\t<div class=\"elementor-widget-wrap\">\n\t\t\t\t\t\t\t<\/div>\n\t\t<\/div>\n\t\t\t\t\t<\/div>\n\t\t<\/section>\n\t\t\t\t<section class=\"elementor-section elementor-top-section elementor-element elementor-element-4f72231e elementor-section-boxed elementor-section-height-default elementor-section-height-default\" data-id=\"4f72231e\" data-element_type=\"section\" data-e-type=\"section\">\n\t\t\t\t\t\t<div class=\"elementor-container elementor-column-gap-default\">\n\t\t\t\t\t<div class=\"elementor-column elementor-col-100 elementor-top-column elementor-element elementor-element-67ebb38f\" data-id=\"67ebb38f\" data-element_type=\"column\" data-e-type=\"column\">\n\t\t\t<div class=\"elementor-widget-wrap elementor-element-populated\">\n\t\t\t\t\t\t<div class=\"elementor-element elementor-element-3a8a8d77 elementor-widget elementor-widget-heading\" data-id=\"3a8a8d77\" data-element_type=\"widget\" data-e-type=\"widget\" data-widget_type=\"heading.default\">\n\t\t\t\t<div class=\"elementor-widget-container\">\n\t\t\t\t\t<h1 class=\"elementor-heading-title elementor-size-default\">Valider obligatoriske felt f\u00f8r en statusendring<\/h1>\t\t\t\t<\/div>\n\t\t\t\t<\/div>\n\t\t\t\t\t<\/div>\n\t\t<\/div>\n\t\t\t\t\t<\/div>\n\t\t<\/section>\n\t\t\t\t<section class=\"elementor-section elementor-top-section elementor-element elementor-element-4baf5ced elementor-section-boxed elementor-section-height-default elementor-section-height-default\" data-id=\"4baf5ced\" data-element_type=\"section\" data-e-type=\"section\">\n\t\t\t\t\t\t<div class=\"elementor-container elementor-column-gap-default\">\n\t\t\t\t\t<div class=\"elementor-column elementor-col-100 elementor-top-column elementor-element elementor-element-282de958\" data-id=\"282de958\" data-element_type=\"column\" data-e-type=\"column\">\n\t\t\t<div class=\"elementor-widget-wrap elementor-element-populated\">\n\t\t\t\t\t\t<div class=\"elementor-element elementor-element-3123bb9c elementor-widget elementor-widget-text-editor\" data-id=\"3123bb9c\" data-element_type=\"widget\" data-e-type=\"widget\" data-widget_type=\"text-editor.default\">\n\t\t\t\t<div class=\"elementor-widget-container\">\n\t\t\t\t\t\t\t\t\t<p>S\u00f8rg for at alt arbeidet ditt er gjort \u2013 konfigurer billettene og oppgavene dine i OneDesk for \u00e5 be brukerne dine fylle ut spesifikke felt f\u00f8r de endrer livssyklusstatuser.<\/p>\n\t\t\t\t\t\t\t\t<\/div>\n\t\t\t\t<\/div>\n\t\t\t\t\t<\/div>\n\t\t<\/div>\n\t\t\t\t\t<\/div>\n\t\t<\/section>\n\t\t\t\t<section class=\"elementor-section elementor-top-section elementor-element elementor-element-4a92af68 elementor-section-boxed elementor-section-height-default elementor-section-height-default\" data-id=\"4a92af68\" data-element_type=\"section\" data-e-type=\"section\">\n\t\t\t\t\t\t<div class=\"elementor-container elementor-column-gap-default\">\n\t\t\t\t\t<div class=\"elementor-column elementor-col-100 elementor-top-column elementor-element elementor-element-7a4d8fc0\" data-id=\"7a4d8fc0\" data-element_type=\"column\" data-e-type=\"column\">\n\t\t\t<div class=\"elementor-widget-wrap elementor-element-populated\">\n\t\t\t\t\t\t<div class=\"elementor-element elementor-element-39d94ce4 elementor-align-center elementor-widget elementor-widget-global elementor-global-239887 elementor-global-131872 elementor-widget-button\" data-id=\"39d94ce4\" data-element_type=\"widget\" data-e-type=\"widget\" data-widget_type=\"button.default\">\n\t\t\t\t<div class=\"elementor-widget-container\">\n\t\t\t\t\t\t\t\t\t<div class=\"elementor-button-wrapper\">\n\t\t\t\t\t<a class=\"elementor-button elementor-button-link elementor-size-lg elementor-animation-grow\" href=\"https:\/\/onedesk.com\/no\/registrer-deg-gratis\/\">\n\t\t\t\t\t\t<span class=\"elementor-button-content-wrapper\">\n\t\t\t\t\t\t\t\t\t<span class=\"elementor-button-text\">Registrer deg gratis!<\/span>\n\t\t\t\t\t<\/span>\n\t\t\t\t\t<\/a>\n\t\t\t\t<\/div>\n\t\t\t\t\t\t\t\t<\/div>\n\t\t\t\t<\/div>\n\t\t\t\t\t<\/div>\n\t\t<\/div>\n\t\t\t\t\t<\/div>\n\t\t<\/section>\n\t\t\t\t<section class=\"elementor-section elementor-top-section elementor-element elementor-element-63a1753b elementor-section-boxed elementor-section-height-default elementor-section-height-default\" data-id=\"63a1753b\" data-element_type=\"section\" data-e-type=\"section\">\n\t\t\t\t\t\t<div class=\"elementor-container elementor-column-gap-default\">\n\t\t\t\t\t<div class=\"elementor-column elementor-col-100 elementor-top-column elementor-element elementor-element-38f4b395\" data-id=\"38f4b395\" data-element_type=\"column\" data-e-type=\"column\">\n\t\t\t<div class=\"elementor-widget-wrap elementor-element-populated\">\n\t\t\t\t\t\t<div class=\"elementor-element elementor-element-40141520 elementor-widget elementor-widget-spacer\" data-id=\"40141520\" data-element_type=\"widget\" data-e-type=\"widget\" data-widget_type=\"spacer.default\">\n\t\t\t\t<div class=\"elementor-widget-container\">\n\t\t\t\t\t\t\t<div class=\"elementor-spacer\">\n\t\t\t<div class=\"elementor-spacer-inner\"><\/div>\n\t\t<\/div>\n\t\t\t\t\t\t<\/div>\n\t\t\t\t<\/div>\n\t\t\t\t\t<\/div>\n\t\t<\/div>\n\t\t\t\t\t<\/div>\n\t\t<\/section>\n\t\t\t\t<section class=\"elementor-section elementor-top-section elementor-element elementor-element-220f243a elementor-section-boxed elementor-section-height-default elementor-section-height-default\" data-id=\"220f243a\" data-element_type=\"section\" data-e-type=\"section\">\n\t\t\t\t\t\t<div class=\"elementor-container elementor-column-gap-default\">\n\t\t\t\t\t<div class=\"elementor-column elementor-col-50 elementor-top-column elementor-element elementor-element-6317d531\" data-id=\"6317d531\" data-element_type=\"column\" data-e-type=\"column\">\n\t\t\t<div class=\"elementor-widget-wrap elementor-element-populated\">\n\t\t\t\t\t\t<div class=\"elementor-element elementor-element-98ccef4 elementor-widget elementor-widget-heading\" data-id=\"98ccef4\" data-element_type=\"widget\" data-e-type=\"widget\" data-widget_type=\"heading.default\">\n\t\t\t\t<div class=\"elementor-widget-container\">\n\t\t\t\t\t<h2 class=\"elementor-heading-title elementor-size-default\">S\u00f8rg for at arbeidet er utf\u00f8rt<\/h2>\t\t\t\t<\/div>\n\t\t\t\t<\/div>\n\t\t\t\t<div class=\"elementor-element elementor-element-7cc8ee8e elementor-widget elementor-widget-text-editor\" data-id=\"7cc8ee8e\" data-element_type=\"widget\" data-e-type=\"widget\" data-widget_type=\"text-editor.default\">\n\t\t\t\t<div class=\"elementor-widget-container\">\n\t\t\t\t\t\t\t\t\tI OneDesk kan du angi sp\u00f8rsm\u00e5l slik at n\u00e5r brukerne dine endrer billetten eller oppgavens livssyklusstatus, blir de bedt om \u00e5 fylle ut feltene du spesifiserer.\n\nS\u00f8rg for at brukerne dine fyller ut n\u00f8dvendig informasjon, for eksempel en billetts prosentandel fullf\u00f8rt, svarer til kunder, sender timelister og mer med denne funksjonaliteten.\t\t\t\t\t\t\t\t<\/div>\n\t\t\t\t<\/div>\n\t\t\t\t\t<\/div>\n\t\t<\/div>\n\t\t\t\t<div class=\"elementor-column elementor-col-50 elementor-top-column elementor-element elementor-element-7fd02621\" data-id=\"7fd02621\" data-element_type=\"column\" data-e-type=\"column\">\n\t\t\t<div class=\"elementor-widget-wrap elementor-element-populated\">\n\t\t\t\t\t\t<div class=\"elementor-element elementor-element-9f53638 elementor-widget elementor-widget-image\" data-id=\"9f53638\" data-element_type=\"widget\" data-e-type=\"widget\" data-widget_type=\"image.default\">\n\t\t\t\t<div class=\"elementor-widget-container\">\n\t\t\t\t\t\t\t\t\t\t\t\t\t\t\t<img fetchpriority=\"high\" decoding=\"async\" width=\"1024\" height=\"521\" src=\"https:\/\/onedesk.com\/wp-content\/uploads\/2022\/04\/Validate-1024x521.png\" class=\"attachment-large size-large wp-image-169583\" alt=\"obligatoriske felt p\u00e5 statusendringsmenyen\" srcset=\"https:\/\/onedesk.com\/wp-content\/uploads\/2022\/04\/Validate-1024x521.png 1024w, https:\/\/onedesk.com\/wp-content\/uploads\/2022\/04\/Validate-300x153.png 300w, https:\/\/onedesk.com\/wp-content\/uploads\/2022\/04\/Validate-768x391.png 768w, https:\/\/onedesk.com\/wp-content\/uploads\/2022\/04\/Validate.png 1052w\" sizes=\"(max-width: 1024px) 100vw, 1024px\" \/>\t\t\t\t\t\t\t\t\t\t\t\t\t\t\t<\/div>\n\t\t\t\t<\/div>\n\t\t\t\t\t<\/div>\n\t\t<\/div>\n\t\t\t\t\t<\/div>\n\t\t<\/section>\n\t\t\t\t<section class=\"elementor-section elementor-top-section elementor-element elementor-element-d86fa9b elementor-section-boxed elementor-section-height-default elementor-section-height-default\" data-id=\"d86fa9b\" data-element_type=\"section\" data-e-type=\"section\">\n\t\t\t\t\t\t<div class=\"elementor-container elementor-column-gap-default\">\n\t\t\t\t\t<div class=\"elementor-column elementor-col-100 elementor-top-column elementor-element elementor-element-c045158\" data-id=\"c045158\" data-element_type=\"column\" data-e-type=\"column\">\n\t\t\t<div class=\"elementor-widget-wrap elementor-element-populated\">\n\t\t\t\t\t\t<div class=\"elementor-element elementor-element-fab7e28 elementor-widget elementor-widget-spacer\" data-id=\"fab7e28\" data-element_type=\"widget\" data-e-type=\"widget\" data-widget_type=\"spacer.default\">\n\t\t\t\t<div class=\"elementor-widget-container\">\n\t\t\t\t\t\t\t<div class=\"elementor-spacer\">\n\t\t\t<div class=\"elementor-spacer-inner\"><\/div>\n\t\t<\/div>\n\t\t\t\t\t\t<\/div>\n\t\t\t\t<\/div>\n\t\t\t\t\t<\/div>\n\t\t<\/div>\n\t\t\t\t\t<\/div>\n\t\t<\/section>\n\t\t<div class=\"elementor-element elementor-element-89bb563 e-flex e-con-boxed e-con e-parent\" data-id=\"89bb563\" data-element_type=\"container\" data-e-type=\"container\">\n\t\t\t\t\t<div class=\"e-con-inner\">\n\t\t\t\t<div class=\"elementor-element elementor-element-c69c8f7 elementor-widget elementor-widget-heading\" data-id=\"c69c8f7\" data-element_type=\"widget\" data-e-type=\"widget\" data-widget_type=\"heading.default\">\n\t\t\t\t<div class=\"elementor-widget-container\">\n\t\t\t\t\t<h2 class=\"elementor-heading-title elementor-size-default\">L\u00e6ringsressurser<\/h2>\t\t\t\t<\/div>\n\t\t\t\t<\/div>\n\t\t\t\t\t<\/div>\n\t\t\t\t<\/div>\n\t\t<div class=\"elementor-element elementor-element-0ef7ffc e-flex e-con-boxed e-con e-parent\" data-id=\"0ef7ffc\" data-element_type=\"container\" data-e-type=\"container\">\n\t\t\t\t\t<div class=\"e-con-inner\">\n\t\t<div class=\"elementor-element elementor-element-ed6fcad e-con-full e-flex e-con e-parent\" data-id=\"ed6fcad\" data-element_type=\"container\" data-e-type=\"container\" data-settings=\"{&quot;background_background&quot;:&quot;classic&quot;}\">\n\t\t\t\t<div class=\"elementor-element elementor-element-fc139f9 elementor-widget elementor-widget-heading\" data-id=\"fc139f9\" data-element_type=\"widget\" data-e-type=\"widget\" data-widget_type=\"heading.default\">\n\t\t\t\t<div class=\"elementor-widget-container\">\n\t\t\t\t\t<h3 class=\"elementor-heading-title elementor-size-default\"><a href=\"https:\/\/kb.onedesk.com\/app-od\/o-onedesk\/knowledge-base-1\/article-3a443249-1405-4b60-9c1c-a07659c1511d\">Konfigurerbare statuser<\/a><\/h3>\t\t\t\t<\/div>\n\t\t\t\t<\/div>\n\t\t\t\t<div class=\"elementor-element elementor-element-fd7dcf4 elementor-widget elementor-widget-text-editor\" data-id=\"fd7dcf4\" data-element_type=\"widget\" data-e-type=\"widget\" data-widget_type=\"text-editor.default\">\n\t\t\t\t<div class=\"elementor-widget-container\">\n\t\t\t\t\t\t\t\t\t<p>L\u00e6r hvordan du oppretter statuser for \u00e5 definere arbeidsflyttrinnene dine.<\/p>\n<p><strong><a href=\"https:\/\/kb.onedesk.com\/app-od\/o-onedesk\/knowledge-base-1\/article-3a443249-1405-4b60-9c1c-a07659c1511d\">Les mer&gt;&gt;<\/a><\/strong><\/p>\n\t\t\t\t\t\t\t\t<\/div>\n\t\t\t\t<\/div>\n\t\t\t\t<\/div>\n\t\t<div class=\"elementor-element elementor-element-b3f23ea e-con-full e-flex e-con e-parent\" data-id=\"b3f23ea\" data-element_type=\"container\" data-e-type=\"container\" data-settings=\"{&quot;background_background&quot;:&quot;classic&quot;}\">\n\t\t\t\t<div class=\"elementor-element elementor-element-cf2c27b elementor-widget elementor-widget-heading\" data-id=\"cf2c27b\" data-element_type=\"widget\" data-e-type=\"widget\" data-widget_type=\"heading.default\">\n\t\t\t\t<div class=\"elementor-widget-container\">\n\t\t\t\t\t<h3 class=\"elementor-heading-title elementor-size-default\"><a href=\"https:\/\/kb.onedesk.com\/app-od\/o-onedesk\/knowledge-base-1\/article-42a0766a-5b9f-4c6a-94df-32b5e5dc60a3\">Bruker validering av statusendring<\/a><\/h3>\t\t\t\t<\/div>\n\t\t\t\t<\/div>\n\t\t\t\t<div class=\"elementor-element elementor-element-5726490 elementor-widget elementor-widget-text-editor\" data-id=\"5726490\" data-element_type=\"widget\" data-e-type=\"widget\" data-widget_type=\"text-editor.default\">\n\t\t\t\t<div class=\"elementor-widget-container\">\n\t\t\t\t\t\t\t\t\t<p>Be en person om \u00e5 utf\u00f8re en handling (eller handlinger) f\u00f8r livssyklusstatusen kan endres.<\/p>\n<p><strong><a href=\"https:\/\/kb.onedesk.com\/app-od\/o-onedesk\/knowledge-base-1\/article-42a0766a-5b9f-4c6a-94df-32b5e5dc60a3\">Les mer&gt;&gt;<\/a><\/strong><\/p>\n\t\t\t\t\t\t\t\t<\/div>\n\t\t\t\t<\/div>\n\t\t\t\t<\/div>\n\t\t<div class=\"elementor-element elementor-element-8bc583a e-con-full e-flex e-con e-parent\" data-id=\"8bc583a\" data-element_type=\"container\" data-e-type=\"container\" data-settings=\"{&quot;background_background&quot;:&quot;classic&quot;}\">\n\t\t\t\t<div class=\"elementor-element elementor-element-4505757 elementor-widget elementor-widget-heading\" data-id=\"4505757\" data-element_type=\"widget\" data-e-type=\"widget\" data-widget_type=\"heading.default\">\n\t\t\t\t<div class=\"elementor-widget-container\">\n\t\t\t\t\t<h3 class=\"elementor-heading-title elementor-size-default\"><a href=\"https:\/\/kb.onedesk.com\/app-od\/o-onedesk\/knowledge-base-1\/article-966c952b-672d-486a-bc70-fd54c4d59d0f\">Bruke egendefinerte felt<\/a><\/h3>\t\t\t\t<\/div>\n\t\t\t\t<\/div>\n\t\t\t\t<div class=\"elementor-element elementor-element-842c575 elementor-widget elementor-widget-text-editor\" data-id=\"842c575\" data-element_type=\"widget\" data-e-type=\"widget\" data-widget_type=\"text-editor.default\">\n\t\t\t\t<div class=\"elementor-widget-container\">\n\t\t\t\t\t\t\t\t\t<p>L\u00e6r \u00e5 lage og bruke egendefinerte egenskaper.  <\/p>\n<p><strong><a href=\"https:\/\/kb.onedesk.com\/app-od\/o-onedesk\/knowledge-base-1\/article-966c952b-672d-486a-bc70-fd54c4d59d0f\">Les mer&gt;&gt;<\/a><\/strong><\/p>\n\t\t\t\t\t\t\t\t<\/div>\n\t\t\t\t<\/div>\n\t\t\t\t<\/div>\n\t\t\t\t\t<\/div>\n\t\t\t\t<\/div>\n\t\t\t\t<\/div>\n\t\t","protected":false},"excerpt":{"rendered":"<p>Valider obligatoriske felt f\u00f8r en statusendring S\u00f8rg for at alt arbeidet ditt er gjort \u2013 konfigurer billettene og oppgavene dine i OneDesk for \u00e5 be brukerne dine fylle ut spesifikke felt f\u00f8r de endrer livssyklusstatuser. Sign up free! S\u00f8rg for at arbeidet er utf\u00f8rt I OneDesk kan du angi sp\u00f8rsm\u00e5l slik at n\u00e5r brukerne dine [&hellip;]<\/p>\n","protected":false},"author":29,"featured_media":0,"parent":151677,"menu_order":0,"comment_status":"closed","ping_status":"closed","template":"","meta":{"tpgb_global_settings":"","_crdt_document":"","inline_featured_image":false,"site-sidebar-layout":"no-sidebar","site-content-layout":"page-builder","ast-site-content-layout":"default","site-content-style":"default","site-sidebar-style":"default","ast-global-header-display":"","ast-banner-title-visibility":"","ast-main-header-display":"","ast-hfb-above-header-display":"","ast-hfb-below-header-display":"","ast-hfb-mobile-header-display":"","site-post-title":"disabled","ast-breadcrumbs-content":"","ast-featured-img":"disabled","footer-sml-layout":"","ast-disable-related-posts":"","theme-transparent-header-meta":"","adv-header-id-meta":"","stick-header-meta":"","header-above-stick-meta":"","header-main-stick-meta":"","header-below-stick-meta":"","astra-migrate-meta-layouts":"default","ast-page-background-enabled":"default","ast-page-background-meta":{"desktop":{"background-color":"var(--ast-global-color-4)","background-image":"","background-repeat":"repeat","background-position":"center center","background-size":"auto","background-attachment":"scroll","background-type":"","background-media":"","overlay-type":"","overlay-color":"","overlay-opacity":"","overlay-gradient":""},"tablet":{"background-color":"","background-image":"","background-repeat":"repeat","background-position":"center center","background-size":"auto","background-attachment":"scroll","background-type":"","background-media":"","overlay-type":"","overlay-color":"","overlay-opacity":"","overlay-gradient":""},"mobile":{"background-color":"","background-image":"","background-repeat":"repeat","background-position":"center center","background-size":"auto","background-attachment":"scroll","background-type":"","background-media":"","overlay-type":"","overlay-color":"","overlay-opacity":"","overlay-gradient":""}},"ast-content-background-meta":{"desktop":{"background-color":"var(--ast-global-color-5)","background-image":"","background-repeat":"repeat","background-position":"center center","background-size":"auto","background-attachment":"scroll","background-type":"","background-media":"","overlay-type":"","overlay-color":"","overlay-opacity":"","overlay-gradient":""},"tablet":{"background-color":"var(--ast-global-color-5)","background-image":"","background-repeat":"repeat","background-position":"center center","background-size":"auto","background-attachment":"scroll","background-type":"","background-media":"","overlay-type":"","overlay-color":"","overlay-opacity":"","overlay-gradient":""},"mobile":{"background-color":"var(--ast-global-color-5)","background-image":"","background-repeat":"repeat","background-position":"center center","background-size":"auto","background-attachment":"scroll","background-type":"","background-media":"","overlay-type":"","overlay-color":"","overlay-opacity":"","overlay-gradient":""}},"footnotes":""},"class_list":["post-169614","page","type-page","status-publish","hentry"],"yoast_head":"<!-- This site is optimized with the Yoast SEO Premium plugin v27.2 (Yoast SEO v27.3) - https:\/\/yoast.com\/product\/yoast-seo-premium-wordpress\/ -->\n<title>Obligatoriske felter \u00e5 fylle ut f\u00f8r du endrer status | OneDesk-programvare<\/title>\n<meta name=\"description\" content=\"OneDesk er helpdesk og prosjektledelse i ett. OneDesk st\u00f8tter \u00e5 kreve at visse felt fylles ut f\u00f8r du endrer en vares status.\" \/>\n<meta name=\"robots\" content=\"index, follow, max-snippet:-1, max-image-preview:large, max-video-preview:-1\" \/>\n<link rel=\"canonical\" href=\"https:\/\/onedesk.com\/no\/funksjonsindeks\/obligatoriske-felt-endrer-status\/\" \/>\n<meta property=\"og:locale\" content=\"nb_NO\" \/>\n<meta property=\"og:type\" content=\"article\" \/>\n<meta property=\"og:title\" content=\"Obligatoriske felter \u00e5 fylle ut f\u00f8r du endrer status | OneDesk-programvare\" \/>\n<meta property=\"og:description\" content=\"OneDesk er helpdesk og prosjektledelse i ett. OneDesk st\u00f8tter \u00e5 kreve at visse felt fylles ut f\u00f8r du endrer en vares status.\" \/>\n<meta property=\"og:url\" content=\"https:\/\/onedesk.com\/no\/funksjonsindeks\/obligatoriske-felt-endrer-status\/\" \/>\n<meta property=\"og:site_name\" content=\"OneDesk\" \/>\n<meta property=\"article:publisher\" content=\"https:\/\/www.facebook.com\/OneDeskApp\" \/>\n<meta property=\"article:modified_time\" content=\"2023-08-08T18:51:38+00:00\" \/>\n<meta property=\"og:image\" content=\"https:\/\/onedesk.com\/wp-content\/uploads\/2022\/04\/Validate-1024x521.png\" \/>\n<meta name=\"twitter:card\" content=\"summary_large_image\" \/>\n<meta name=\"twitter:site\" content=\"@OneDeskApp\" \/>\n<meta name=\"twitter:label1\" content=\"Est. reading time\" \/>\n\t<meta name=\"twitter:data1\" content=\"1 minute\" \/>\n<!-- \/ Yoast SEO Premium plugin. -->","yoast_head_json":{"title":"Obligatoriske felter \u00e5 fylle ut f\u00f8r du endrer status | OneDesk-programvare","description":"OneDesk er helpdesk og prosjektledelse i ett. OneDesk st\u00f8tter \u00e5 kreve at visse felt fylles ut f\u00f8r du endrer en vares status.","robots":{"index":"index","follow":"follow","max-snippet":"max-snippet:-1","max-image-preview":"max-image-preview:large","max-video-preview":"max-video-preview:-1"},"canonical":"https:\/\/onedesk.com\/no\/funksjonsindeks\/obligatoriske-felt-endrer-status\/","og_locale":"nb_NO","og_type":"article","og_title":"Obligatoriske felter \u00e5 fylle ut f\u00f8r du endrer status | OneDesk-programvare","og_description":"OneDesk er helpdesk og prosjektledelse i ett. OneDesk st\u00f8tter \u00e5 kreve at visse felt fylles ut f\u00f8r du endrer en vares status.","og_url":"https:\/\/onedesk.com\/no\/funksjonsindeks\/obligatoriske-felt-endrer-status\/","og_site_name":"OneDesk","article_publisher":"https:\/\/www.facebook.com\/OneDeskApp","article_modified_time":"2023-08-08T18:51:38+00:00","og_image":[{"url":"https:\/\/onedesk.com\/wp-content\/uploads\/2022\/04\/Validate-1024x521.png","type":"","width":"","height":""}],"twitter_card":"summary_large_image","twitter_site":"@OneDeskApp","twitter_misc":{"Est. reading time":"1 minute"},"schema":{"@context":"https:\/\/schema.org","@graph":[{"@type":"WebPage","@id":"https:\/\/onedesk.com\/no\/funksjonsindeks\/obligatoriske-felt-endrer-status\/","url":"https:\/\/onedesk.com\/no\/funksjonsindeks\/obligatoriske-felt-endrer-status\/","name":"Obligatoriske felter \u00e5 fylle ut f\u00f8r du endrer status | OneDesk-programvare","isPartOf":{"@id":"https:\/\/onedesk.com\/no\/#website"},"primaryImageOfPage":{"@id":"https:\/\/onedesk.com\/no\/funksjonsindeks\/obligatoriske-felt-endrer-status\/#primaryimage"},"image":{"@id":"https:\/\/onedesk.com\/no\/funksjonsindeks\/obligatoriske-felt-endrer-status\/#primaryimage"},"thumbnailUrl":"https:\/\/onedesk.com\/wp-content\/uploads\/2022\/04\/Validate-1024x521.png","datePublished":"2022-04-14T14:29:41+00:00","dateModified":"2023-08-08T18:51:38+00:00","description":"OneDesk er helpdesk og prosjektledelse i ett. OneDesk st\u00f8tter \u00e5 kreve at visse felt fylles ut f\u00f8r du endrer en vares status.","breadcrumb":{"@id":"https:\/\/onedesk.com\/no\/funksjonsindeks\/obligatoriske-felt-endrer-status\/#breadcrumb"},"inLanguage":"nb-NO","potentialAction":[{"@type":"ReadAction","target":["https:\/\/onedesk.com\/no\/funksjonsindeks\/obligatoriske-felt-endrer-status\/"]}]},{"@type":"ImageObject","inLanguage":"nb-NO","@id":"https:\/\/onedesk.com\/no\/funksjonsindeks\/obligatoriske-felt-endrer-status\/#primaryimage","url":"https:\/\/onedesk.com\/wp-content\/uploads\/2022\/04\/Validate-1024x521.png","contentUrl":"https:\/\/onedesk.com\/wp-content\/uploads\/2022\/04\/Validate-1024x521.png"},{"@type":"BreadcrumbList","@id":"https:\/\/onedesk.com\/no\/funksjonsindeks\/obligatoriske-felt-endrer-status\/#breadcrumb","itemListElement":[{"@type":"ListItem","position":1,"name":"OneDesk-funksjonsindeks","item":"https:\/\/onedesk.com\/no\/funksjonsindeks\/"},{"@type":"ListItem","position":2,"name":"Obligatoriske felter \u00e5 fylle ut f\u00f8r du endrer status"}]},{"@type":"WebSite","@id":"https:\/\/onedesk.com\/no\/#website","url":"https:\/\/onedesk.com\/no\/","name":"OneDesk","description":"Prosjektledelse og Helpdesk-programvare","publisher":{"@id":"https:\/\/onedesk.com\/no\/#organization"},"potentialAction":[{"@type":"SearchAction","target":{"@type":"EntryPoint","urlTemplate":"https:\/\/onedesk.com\/no\/?s={search_term_string}"},"query-input":{"@type":"PropertyValueSpecification","valueRequired":true,"valueName":"search_term_string"}}],"inLanguage":"nb-NO"},{"@type":"Organization","@id":"https:\/\/onedesk.com\/no\/#organization","name":"OneDesk","url":"https:\/\/onedesk.com\/no\/","logo":{"@type":"ImageObject","inLanguage":"nb-NO","@id":"https:\/\/onedesk.com\/no\/#\/schema\/logo\/image\/","url":"https:\/\/onedesk.com\/wp-content\/uploads\/2016\/01\/white-logo-small.png","contentUrl":"https:\/\/onedesk.com\/wp-content\/uploads\/2016\/01\/white-logo-small.png","width":207,"height":40,"caption":"OneDesk"},"image":{"@id":"https:\/\/onedesk.com\/no\/#\/schema\/logo\/image\/"},"sameAs":["https:\/\/www.facebook.com\/OneDeskApp","https:\/\/x.com\/OneDeskApp","https:\/\/www.instagram.com\/onedeskapp\/","https:\/\/www.linkedin.com\/company\/onedesk-inc-1","https:\/\/www.pinterest.com\/onedesk\/","https:\/\/www.youtube.com\/user\/OneDeskApp"]}]}},"tpgb_featured_images":null,"tpgb_post_meta_info":{"get_date":"April 14, 2022","get_modified_date":"August 8, 2023","author_name":"Collin Downs","author_url":"https:\/\/onedesk.com\/no\/author\/collin-downsonedesk-com\/","author_email":"collin.downs@onedesk.com","author_website":"","author_description":"","author_facebook":"","author_twitter":"","author_instagram":"","author_role":["administrator"],"author_firstname":"Collin","author_lastname":"Downs","user_login":"collin.downs@onedesk.com","author_avatar":"<img alt='' src='https:\/\/secure.gravatar.com\/avatar\/ec336ca26b903df815531e506f07436fe1d31b86f8eefa650b985241d79b55fc?s=200&#038;d=mm&#038;r=g' srcset='https:\/\/secure.gravatar.com\/avatar\/ec336ca26b903df815531e506f07436fe1d31b86f8eefa650b985241d79b55fc?s=400&#038;d=mm&#038;r=g 2x' class='avatar avatar-200 photo' height='200' width='200' decoding='async'\/>","author_avatar_url":"https:\/\/secure.gravatar.com\/avatar\/ec336ca26b903df815531e506f07436fe1d31b86f8eefa650b985241d79b55fc?s=96&d=mm&r=g","comment_count":0,"post_likes":0,"post_views":0},"tpgb_post_category":[],"jetpack_shortlink":"https:\/\/wp.me\/PfpPaI-I7I","amp_enabled":true,"_links":{"self":[{"href":"https:\/\/onedesk.com\/no\/wp-json\/wp\/v2\/pages\/169614","targetHints":{"allow":["GET"]}}],"collection":[{"href":"https:\/\/onedesk.com\/no\/wp-json\/wp\/v2\/pages"}],"about":[{"href":"https:\/\/onedesk.com\/no\/wp-json\/wp\/v2\/types\/page"}],"author":[{"embeddable":true,"href":"https:\/\/onedesk.com\/no\/wp-json\/wp\/v2\/users\/29"}],"replies":[{"embeddable":true,"href":"https:\/\/onedesk.com\/no\/wp-json\/wp\/v2\/comments?post=169614"}],"version-history":[{"count":4,"href":"https:\/\/onedesk.com\/no\/wp-json\/wp\/v2\/pages\/169614\/revisions"}],"predecessor-version":[{"id":252340,"href":"https:\/\/onedesk.com\/no\/wp-json\/wp\/v2\/pages\/169614\/revisions\/252340"}],"up":[{"embeddable":true,"href":"https:\/\/onedesk.com\/no\/wp-json\/wp\/v2\/pages\/151677"}],"wp:attachment":[{"href":"https:\/\/onedesk.com\/no\/wp-json\/wp\/v2\/media?parent=169614"}],"curies":[{"name":"wp","href":"https:\/\/api.w.org\/{rel}","templated":true}]}}