{"id":259315,"date":"2023-09-28T18:46:23","date_gmt":"2023-09-28T18:46:23","guid":{"rendered":"https:\/\/onedesk.com\/losninger\/kundeservice-administrasjon\/"},"modified":"2023-09-28T18:46:23","modified_gmt":"2023-09-28T18:46:23","slug":"kundeservice-administrasjon","status":"publish","type":"page","link":"https:\/\/onedesk.com\/no\/losninger\/kundeservice-administrasjon\/","title":{"rendered":"Kundeserviceadministrasjon"},"content":{"rendered":"<p><img fetchpriority=\"high\" decoding=\"async\" class=\"aligncenter size-full wp-image-47364\" src=\"https:\/\/onedesk.com\/wp-content\/uploads\/2020\/02\/support-2355701_1280.jpg\" alt=\"Programvare for kundeserviceadministrasjon\" width=\"640\" height=\"427\" srcset=\"https:\/\/onedesk.com\/wp-content\/uploads\/2020\/02\/support-2355701_1280.jpg 1280w, https:\/\/onedesk.com\/wp-content\/uploads\/2020\/02\/support-2355701_1280-300x200.jpg 300w, https:\/\/onedesk.com\/wp-content\/uploads\/2020\/02\/support-2355701_1280-1024x682.jpg 1024w, https:\/\/onedesk.com\/wp-content\/uploads\/2020\/02\/support-2355701_1280-768x512.jpg 768w, https:\/\/onedesk.com\/wp-content\/uploads\/2020\/02\/support-2355701_1280-450x300.jpg 450w, https:\/\/onedesk.com\/wp-content\/uploads\/2020\/02\/support-2355701_1280-1140x760.jpg 1140w, https:\/\/onedesk.com\/wp-content\/uploads\/2020\/02\/support-2355701_1280-255x170.jpg 255w, https:\/\/onedesk.com\/wp-content\/uploads\/2020\/02\/support-2355701_1280-120x80.jpg 120w, https:\/\/onedesk.com\/wp-content\/uploads\/2020\/02\/support-2355701_1280-60x40.jpg 60w, https:\/\/onedesk.com\/wp-content\/uploads\/2020\/02\/support-2355701_1280-480x320.jpg 480w, https:\/\/onedesk.com\/wp-content\/uploads\/2020\/02\/support-2355701_1280-500x333.jpg 500w, https:\/\/onedesk.com\/wp-content\/uploads\/2020\/02\/support-2355701_1280-750x500.jpg 750w, https:\/\/onedesk.com\/wp-content\/uploads\/2020\/02\/support-2355701_1280-360x240.jpg 360w\" sizes=\"(max-width: 640px) 100vw, 640px\" \/><\/p>\n<p>Automatiser og effektiviser din kundeserviceadministrasjon for \u00e5 levere h\u00f8ykvalitetsst\u00f8tte, redusere kostnader og holde kundene forn\u00f8yde. Kundeservice kan v\u00e6re et arbeidskrevende arbeid, men er likevel n\u00f8dvendig for \u00e5 beholde kundene og holde dem forn\u00f8yde. N\u00e5r kundest\u00f8tte flyttes til nettet, er det ikke nok for bedrifter \u00e5 bare svare p\u00e5 innkommende henvendelser. I \u00f8kende grad f\u00e5r kunder og potensielle kunder svarene sine over hele nettet og via flere nye kanaler.<\/p>\n<h3>Customer Service Management byr p\u00e5 mange utfordringer, inkludert:<\/h3>\n<ul>\n<li>Oppl\u00e6ring av supportteamet for \u00e5 yte utmerket kundeservice.<\/li>\n<li>Holde kostnadene under kontroll, selv om ressursene reduseres og foresp\u00f8rslene \u00f8ker.<\/li>\n<li>Tilstreber \u00e5 redusere responstiden uten \u00e5 ofre kvaliteten p\u00e5 oppl\u00f8sningene.<\/li>\n<li>Effektivt kommunisere kundehensyn og foresp\u00f8rsler til andre avdelinger i selskapet, inkludert salg, produktadministrasjon og profesjonelle tjenester.<\/li>\n<li>Regelmessig evaluering av kundetilfredshet og implementering av retningslinjer for \u00e5 forbedre den.<\/li>\n<li>Utvikle en kunnskapsbase som adresserer de hyppigste henvendelsene.<\/li>\n<\/ul>\n<p>&nbsp;<\/p>\n<h3>For selskaper som kan m\u00f8te disse utfordringene, er fordelene og mulighetene betydelige:<\/h3>\n<ul>\n<li>Lever st\u00f8tte av h\u00f8yere kvalitet uten \u00e5 \u00f8ke kostnadene eller ansette flere st\u00f8tteteammedlemmer.<\/li>\n<li>Reduser responstid og overholdelse av serviceniv\u00e5avtaler.<\/li>\n<li>Test og evaluer st\u00f8ttetiltak som f\u00f8rer til \u00f8kt kundetilfredshet.<\/li>\n<li>Forn\u00f8yde kunder f\u00f8rer til gjenganger, reduserer salgskostnader og \u00f8ker inntektene.<\/li>\n<li>Lojale kunder forteller andre, og gir den billigste og mest effektive formen for markedsf\u00f8ring.<\/li>\n<\/ul>\n<h3>OneDesk gir verkt\u00f8yene for \u00e5 overvinne utfordringene med kundeserviceadministrasjon. Dette er hvordan:<\/h3>\n<ul>\n<li>Lag og tildel sp\u00f8rsm\u00e5l, billetter og oppgaver til teammedlemmene dine og administrer arbeidsflyten i serviceavdelingen.<\/li>\n<li>Flytt kundest\u00f8tte til nettet og opprett en fellesskapsportal p\u00e5 nettstedet ditt der kunder kan sende inn foresp\u00f8rsler og diskutere l\u00f8sninger.<\/li>\n<li>Publiser og kategoriser st\u00f8tteartikler slik at kunder kan finne l\u00f8sninger p\u00e5 vanlige problemer p\u00e5 egen h\u00e5nd.<\/li>\n<li>Automatiser responssyklusen med en kraftig og fleksibel automatiseringsmotor som f\u00f8lger reglene og svarmalene til virksomheten din.<\/li>\n<li>Videresend kunde-e-post eller f\u00e5 kunder til \u00e5 sende e-post direkte til din OneDesk-konto.<\/li>\n<li>La kundene hjelpe hverandre ved \u00e5 \u00e5pne opp diskusjoner om sp\u00f8rsm\u00e5l og ideer. Deretter merker du bare et svar som &#8220;beste svar&#8221;.<\/li>\n<li>Knytt kundesaker direkte til krav og oppgaver slik at de er synlige for andre avdelinger enn kundeservice: Salg, markedsf\u00f8ring, produktledelse og ledere.<\/li>\n<\/ul>\n","protected":false},"excerpt":{"rendered":"<p>Automatiser og effektiviser din kundeserviceadministrasjon for \u00e5 levere h\u00f8ykvalitetsst\u00f8tte, redusere kostnader og holde kundene forn\u00f8yde. Kundeservice kan v\u00e6re et arbeidskrevende arbeid, men er likevel n\u00f8dvendig for \u00e5 beholde kundene og holde dem forn\u00f8yde. N\u00e5r kundest\u00f8tte flyttes til nettet, er det ikke nok for bedrifter \u00e5 bare svare p\u00e5 innkommende henvendelser. I \u00f8kende grad f\u00e5r kunder [&hellip;]<\/p>\n","protected":false},"author":2,"featured_media":0,"parent":92639,"menu_order":1,"comment_status":"closed","ping_status":"open","template":"","meta":{"tpgb_global_settings":"","_crdt_document":"","inline_featured_image":false,"site-sidebar-layout":"default","site-content-layout":"","ast-site-content-layout":"default","site-content-style":"default","site-sidebar-style":"default","ast-global-header-display":"","ast-banner-title-visibility":"","ast-main-header-display":"","ast-hfb-above-header-display":"","ast-hfb-below-header-display":"","ast-hfb-mobile-header-display":"","site-post-title":"","ast-breadcrumbs-content":"","ast-featured-img":"","footer-sml-layout":"","ast-disable-related-posts":"","theme-transparent-header-meta":"","adv-header-id-meta":"","stick-header-meta":"","header-above-stick-meta":"","header-main-stick-meta":"","header-below-stick-meta":"","astra-migrate-meta-layouts":"default","ast-page-background-enabled":"default","ast-page-background-meta":{"desktop":{"background-color":"var(--ast-global-color-4)","background-image":"","background-repeat":"repeat","background-position":"center center","background-size":"auto","background-attachment":"scroll","background-type":"","background-media":"","overlay-type":"","overlay-color":"","overlay-opacity":"","overlay-gradient":""},"tablet":{"background-color":"","background-image":"","background-repeat":"repeat","background-position":"center center","background-size":"auto","background-attachment":"scroll","background-type":"","background-media":"","overlay-type":"","overlay-color":"","overlay-opacity":"","overlay-gradient":""},"mobile":{"background-color":"","background-image":"","background-repeat":"repeat","background-position":"center center","background-size":"auto","background-attachment":"scroll","background-type":"","background-media":"","overlay-type":"","overlay-color":"","overlay-opacity":"","overlay-gradient":""}},"ast-content-background-meta":{"desktop":{"background-color":"var(--ast-global-color-5)","background-image":"","background-repeat":"repeat","background-position":"center center","background-size":"auto","background-attachment":"scroll","background-type":"","background-media":"","overlay-type":"","overlay-color":"","overlay-opacity":"","overlay-gradient":""},"tablet":{"background-color":"var(--ast-global-color-5)","background-image":"","background-repeat":"repeat","background-position":"center center","background-size":"auto","background-attachment":"scroll","background-type":"","background-media":"","overlay-type":"","overlay-color":"","overlay-opacity":"","overlay-gradient":""},"mobile":{"background-color":"var(--ast-global-color-5)","background-image":"","background-repeat":"repeat","background-position":"center center","background-size":"auto","background-attachment":"scroll","background-type":"","background-media":"","overlay-type":"","overlay-color":"","overlay-opacity":"","overlay-gradient":""}},"footnotes":""},"class_list":["post-259315","page","type-page","status-publish","hentry"],"yoast_head":"<!-- This site is optimized with the Yoast SEO Premium plugin v27.3 (Yoast SEO v27.3) - https:\/\/yoast.com\/product\/yoast-seo-premium-wordpress\/ -->\n<title>Customer Service Management Help Desk Programvarel\u00f8sning | OneDesk<\/title>\n<meta name=\"description\" content=\"Programvare for god kundeserviceadministrasjon er n\u00f8kkelen til \u00e5 levere god kundest\u00f8tte. OneDesk gir deg verkt\u00f8yene for \u00e5 st\u00f8tte kundene dine uten problemer\" \/>\n<meta name=\"robots\" content=\"index, follow, max-snippet:-1, max-image-preview:large, max-video-preview:-1\" \/>\n<link rel=\"canonical\" href=\"https:\/\/onedesk.com\/no\/losninger\/kundeservice-administrasjon\/\" \/>\n<meta property=\"og:locale\" content=\"nb_NO\" \/>\n<meta property=\"og:type\" content=\"article\" \/>\n<meta property=\"og:title\" content=\"Customer Service Management Help Desk Programvarel\u00f8sning | OneDesk\" \/>\n<meta property=\"og:description\" content=\"Programvare for god kundeserviceadministrasjon er n\u00f8kkelen til \u00e5 levere god kundest\u00f8tte. OneDesk gir deg verkt\u00f8yene for \u00e5 st\u00f8tte kundene dine uten problemer\" \/>\n<meta property=\"og:url\" content=\"https:\/\/onedesk.com\/no\/losninger\/kundeservice-administrasjon\/\" \/>\n<meta property=\"og:site_name\" content=\"OneDesk\" \/>\n<meta property=\"article:publisher\" content=\"https:\/\/www.facebook.com\/OneDeskApp\" \/>\n<meta property=\"og:image\" content=\"https:\/\/onedesk.com\/wp-content\/uploads\/2020\/02\/support-2355701_1280.jpg\" \/>\n<meta name=\"twitter:card\" content=\"summary_large_image\" \/>\n<meta name=\"twitter:site\" content=\"@OneDeskApp\" \/>\n<meta name=\"twitter:label1\" content=\"Est. reading time\" \/>\n\t<meta name=\"twitter:data1\" content=\"2 minutes\" \/>\n<!-- \/ Yoast SEO Premium plugin. -->","yoast_head_json":{"title":"Customer Service Management Help Desk Programvarel\u00f8sning | OneDesk","description":"Programvare for god kundeserviceadministrasjon er n\u00f8kkelen til \u00e5 levere god kundest\u00f8tte. OneDesk gir deg verkt\u00f8yene for \u00e5 st\u00f8tte kundene dine uten problemer","robots":{"index":"index","follow":"follow","max-snippet":"max-snippet:-1","max-image-preview":"max-image-preview:large","max-video-preview":"max-video-preview:-1"},"canonical":"https:\/\/onedesk.com\/no\/losninger\/kundeservice-administrasjon\/","og_locale":"nb_NO","og_type":"article","og_title":"Customer Service Management Help Desk Programvarel\u00f8sning | OneDesk","og_description":"Programvare for god kundeserviceadministrasjon er n\u00f8kkelen til \u00e5 levere god kundest\u00f8tte. OneDesk gir deg verkt\u00f8yene for \u00e5 st\u00f8tte kundene dine uten problemer","og_url":"https:\/\/onedesk.com\/no\/losninger\/kundeservice-administrasjon\/","og_site_name":"OneDesk","article_publisher":"https:\/\/www.facebook.com\/OneDeskApp","og_image":[{"url":"https:\/\/onedesk.com\/wp-content\/uploads\/2020\/02\/support-2355701_1280.jpg","type":"","width":"","height":""}],"twitter_card":"summary_large_image","twitter_site":"@OneDeskApp","twitter_misc":{"Est. reading time":"2 minutes"},"schema":{"@context":"https:\/\/schema.org","@graph":[{"@type":"WebPage","@id":"https:\/\/onedesk.com\/no\/losninger\/kundeservice-administrasjon\/","url":"https:\/\/onedesk.com\/no\/losninger\/kundeservice-administrasjon\/","name":"Customer Service Management Help Desk Programvarel\u00f8sning | OneDesk","isPartOf":{"@id":"https:\/\/onedesk.com\/no\/#website"},"primaryImageOfPage":{"@id":"https:\/\/onedesk.com\/no\/losninger\/kundeservice-administrasjon\/#primaryimage"},"image":{"@id":"https:\/\/onedesk.com\/no\/losninger\/kundeservice-administrasjon\/#primaryimage"},"thumbnailUrl":"https:\/\/onedesk.com\/wp-content\/uploads\/2020\/02\/support-2355701_1280.jpg","datePublished":"2023-09-28T18:46:23+00:00","description":"Programvare for god kundeserviceadministrasjon er n\u00f8kkelen til \u00e5 levere god kundest\u00f8tte. OneDesk gir deg verkt\u00f8yene for \u00e5 st\u00f8tte kundene dine uten problemer","breadcrumb":{"@id":"https:\/\/onedesk.com\/no\/losninger\/kundeservice-administrasjon\/#breadcrumb"},"inLanguage":"nb-NO","potentialAction":[{"@type":"ReadAction","target":["https:\/\/onedesk.com\/no\/losninger\/kundeservice-administrasjon\/"]}]},{"@type":"ImageObject","inLanguage":"nb-NO","@id":"https:\/\/onedesk.com\/no\/losninger\/kundeservice-administrasjon\/#primaryimage","url":"https:\/\/onedesk.com\/wp-content\/uploads\/2020\/02\/support-2355701_1280.jpg","contentUrl":"https:\/\/onedesk.com\/wp-content\/uploads\/2020\/02\/support-2355701_1280.jpg"},{"@type":"BreadcrumbList","@id":"https:\/\/onedesk.com\/no\/losninger\/kundeservice-administrasjon\/#breadcrumb","itemListElement":[{"@type":"ListItem","position":1,"name":"Prosjektledelse og Helpdesk-l\u00f8sninger","item":"https:\/\/onedesk.com\/no\/solutions\/"},{"@type":"ListItem","position":2,"name":"Kundeserviceadministrasjon"}]},{"@type":"WebSite","@id":"https:\/\/onedesk.com\/no\/#website","url":"https:\/\/onedesk.com\/no\/","name":"OneDesk","description":"Prosjektledelse og Helpdesk-programvare","publisher":{"@id":"https:\/\/onedesk.com\/no\/#organization"},"potentialAction":[{"@type":"SearchAction","target":{"@type":"EntryPoint","urlTemplate":"https:\/\/onedesk.com\/no\/?s={search_term_string}"},"query-input":{"@type":"PropertyValueSpecification","valueRequired":true,"valueName":"search_term_string"}}],"inLanguage":"nb-NO"},{"@type":"Organization","@id":"https:\/\/onedesk.com\/no\/#organization","name":"OneDesk","url":"https:\/\/onedesk.com\/no\/","logo":{"@type":"ImageObject","inLanguage":"nb-NO","@id":"https:\/\/onedesk.com\/no\/#\/schema\/logo\/image\/","url":"https:\/\/onedesk.com\/wp-content\/uploads\/2016\/01\/white-logo-small.png","contentUrl":"https:\/\/onedesk.com\/wp-content\/uploads\/2016\/01\/white-logo-small.png","width":207,"height":40,"caption":"OneDesk"},"image":{"@id":"https:\/\/onedesk.com\/no\/#\/schema\/logo\/image\/"},"sameAs":["https:\/\/www.facebook.com\/OneDeskApp","https:\/\/x.com\/OneDeskApp","https:\/\/www.instagram.com\/onedeskapp\/","https:\/\/www.linkedin.com\/company\/onedesk-inc-1","https:\/\/www.pinterest.com\/onedesk\/","https:\/\/www.youtube.com\/user\/OneDeskApp"]}]}},"tpgb_featured_images":null,"tpgb_post_meta_info":{"get_date":"September 28, 2023","get_modified_date":"September 28, 2023","author_name":"Derek","author_url":"https:\/\/onedesk.com\/no\/author\/derekonedesk-com\/","author_email":"derek@onedesk.com","author_website":"","author_description":"","author_facebook":"","author_twitter":"","author_instagram":"","author_role":["administrator"],"author_firstname":"Derek","author_lastname":"","user_login":"derek@onedesk.com","author_avatar":"<img alt='' src='https:\/\/secure.gravatar.com\/avatar\/457ebef17878f2246da5e4df1ab1420e949ee125154dfb140a3f3ce911b0ef71?s=200&#038;d=mm&#038;r=g' srcset='https:\/\/secure.gravatar.com\/avatar\/457ebef17878f2246da5e4df1ab1420e949ee125154dfb140a3f3ce911b0ef71?s=400&#038;d=mm&#038;r=g 2x' class='avatar avatar-200 photo' height='200' width='200' decoding='async'\/>","author_avatar_url":"https:\/\/secure.gravatar.com\/avatar\/457ebef17878f2246da5e4df1ab1420e949ee125154dfb140a3f3ce911b0ef71?s=96&d=mm&r=g","comment_count":0,"post_likes":0,"post_views":0},"tpgb_post_category":[],"jetpack_shortlink":"https:\/\/wp.me\/PfpPaI-15sv","amp_enabled":true,"_links":{"self":[{"href":"https:\/\/onedesk.com\/no\/wp-json\/wp\/v2\/pages\/259315","targetHints":{"allow":["GET"]}}],"collection":[{"href":"https:\/\/onedesk.com\/no\/wp-json\/wp\/v2\/pages"}],"about":[{"href":"https:\/\/onedesk.com\/no\/wp-json\/wp\/v2\/types\/page"}],"author":[{"embeddable":true,"href":"https:\/\/onedesk.com\/no\/wp-json\/wp\/v2\/users\/2"}],"replies":[{"embeddable":true,"href":"https:\/\/onedesk.com\/no\/wp-json\/wp\/v2\/comments?post=259315"}],"version-history":[{"count":0,"href":"https:\/\/onedesk.com\/no\/wp-json\/wp\/v2\/pages\/259315\/revisions"}],"up":[{"embeddable":true,"href":"https:\/\/onedesk.com\/no\/wp-json\/wp\/v2\/pages\/92639"}],"wp:attachment":[{"href":"https:\/\/onedesk.com\/no\/wp-json\/wp\/v2\/media?parent=259315"}],"curies":[{"name":"wp","href":"https:\/\/api.w.org\/{rel}","templated":true}]}}