{"id":260594,"date":"2023-10-27T18:09:35","date_gmt":"2023-10-27T18:09:35","guid":{"rendered":"https:\/\/onedesk.com\/embedded-onboarding-guide-3\/"},"modified":"2024-07-19T20:31:06","modified_gmt":"2024-07-19T20:31:06","slug":"embedded-onboarding-guide-3","status":"publish","type":"page","link":"https:\/\/onedesk.com\/no\/embedded-onboarding-guide-3\/","title":{"rendered":"Innebygd Onboarding Guide Side 3"},"content":{"rendered":"\t\t<div data-elementor-type=\"wp-page\" data-elementor-id=\"260594\" class=\"elementor elementor-260594 elementor-259723\" data-elementor-post-type=\"page\">\n\t\t\t\t<div class=\"elementor-element elementor-element-84ecc98 e-flex e-con-boxed e-con e-parent\" data-id=\"84ecc98\" data-element_type=\"container\" data-e-type=\"container\">\n\t\t\t\t\t<div class=\"e-con-inner\">\n\t\t\t\t<div class=\"elementor-element elementor-element-c4036e9 elementor-widget elementor-widget-heading\" data-id=\"c4036e9\" data-element_type=\"widget\" data-e-type=\"widget\" data-widget_type=\"heading.default\">\n\t\t\t\t<div class=\"elementor-widget-container\">\n\t\t\t\t\t<h1 class=\"elementor-heading-title elementor-size-default\">Struktur og organisasjon  <\/h1>\t\t\t\t<\/div>\n\t\t\t\t<\/div>\n\t\t\t\t\t<\/div>\n\t\t\t\t<\/div>\n\t\t<div class=\"elementor-element elementor-element-c557c40 e-flex e-con-boxed e-con e-parent\" data-id=\"c557c40\" data-element_type=\"container\" data-e-type=\"container\">\n\t\t\t\t\t<div class=\"e-con-inner\">\n\t\t<div class=\"elementor-element elementor-element-cd3a9ea e-con-full e-flex e-con e-child\" data-id=\"cd3a9ea\" data-element_type=\"container\" data-e-type=\"container\">\n\t\t\t\t<div class=\"elementor-element elementor-element-40374e9 elementor-widget elementor-widget-heading\" data-id=\"40374e9\" data-element_type=\"widget\" data-e-type=\"widget\" data-widget_type=\"heading.default\">\n\t\t\t\t<div class=\"elementor-widget-container\">\n\t\t\t\t\t<h3 class=\"elementor-heading-title elementor-size-default\">Innhold i onboardingguiden:<\/h3>\t\t\t\t<\/div>\n\t\t\t\t<\/div>\n\t\t\t\t<div class=\"elementor-element elementor-element-5a6a40e uael-nav-menu__breakpoint-mobile uael-nav-menu__align-left uael-submenu-icon-arrow uael-link-redirect-child uael-nav-menu-toggle-label-no elementor-widget elementor-widget-uael-nav-menu\" data-id=\"5a6a40e\" data-element_type=\"widget\" data-e-type=\"widget\" data-widget_type=\"uael-nav-menu.default\">\n\t\t\t\t<div class=\"elementor-widget-container\">\n\t\t\t\t\t\t\t<div class=\"uael-nav-menu uael-layout-vertical uael-nav-menu-layout\" data-layout=\"vertical\">\n\t\t\t\t<div role=\"button\" class=\"uael-nav-menu__toggle elementor-clickable\">\n\t\t\t\t\t<span class=\"screen-reader-text\">Main Menu<\/span>\n\t\t\t\t\t<div class=\"uael-nav-menu-icon\">\n\t\t\t\t\t\t<i aria-hidden=\"true\" class=\"fas fa-align-justify\"><\/i>\t\t\t\t\t<\/div>\n\t\t\t\t\t\t\t\t\t<\/div>\n\t\t\t\t\t\t\t<nav class=\"uael-nav-menu__layout-vertical uael-nav-menu__submenu-arrow\" data-toggle-icon=\"&lt;i aria-hidden=&quot;true&quot; class=&quot;fas fa-align-justify&quot;&gt;&lt;\/i&gt;\" data-close-icon=\"&lt;i aria-hidden=&quot;true&quot; class=&quot;far fa-window-close&quot;&gt;&lt;\/i&gt;\" data-full-width=\"yes\"><ul id=\"menu-1-5a6a40e\" class=\"uael-nav-menu\"><li id=\"menu-item-259728\" class=\"menu-item menu-item-type-post_type menu-item-object-page parent uael-creative-menu\"><a href=\"https:\/\/onedesk.com\/embedded-onboarding-guide\/\" class = \"uael-menu-item\">Innebygd Onboarding Guide<\/a><\/li>\n<li id=\"menu-item-259729\" class=\"menu-item menu-item-type-post_type menu-item-object-page parent uael-creative-menu\"><a href=\"https:\/\/onedesk.com\/embedded-onboarding-guide-2\/\" class = \"uael-menu-item\">Innebygd Onboarding Guide Side2<\/a><\/li>\n<li id=\"menu-item-259730\" class=\"menu-item menu-item-type-post_type menu-item-object-page parent uael-creative-menu\"><a href=\"https:\/\/onedesk.com\/embedded-onboarding-guide-3\/\" class = \"uael-menu-item\">Innebygd Onboarding Guide Side 3<\/a><\/li>\n<li id=\"menu-item-259731\" class=\"menu-item menu-item-type-post_type menu-item-object-page parent uael-creative-menu\"><a href=\"https:\/\/onedesk.com\/embedded-onboarding-guide-4\/\" class = \"uael-menu-item\">Innebygd Onboarding Guide Side 4<\/a><\/li>\n<li id=\"menu-item-259780\" class=\"menu-item menu-item-type-post_type menu-item-object-page parent uael-creative-menu\"><a href=\"https:\/\/onedesk.com\/embedded-onboarding-guide-5\/\" class = \"uael-menu-item\">Innebygd Onboarding Guide Side 5<\/a><\/li>\n<li id=\"menu-item-259785\" class=\"menu-item menu-item-type-post_type menu-item-object-page parent uael-creative-menu\"><a href=\"https:\/\/onedesk.com\/embedded-onboarding-guide-6\/\" class = \"uael-menu-item\">Innebygd Onboarding Guide Side 6<\/a><\/li>\n<li id=\"menu-item-259786\" class=\"menu-item menu-item-type-post_type menu-item-object-page parent uael-creative-menu\"><a href=\"https:\/\/onedesk.com\/embedded-onboarding-guide-7\/\" class = \"uael-menu-item\">Innebygd Onboarding Guide Side 7<\/a><\/li>\n<\/ul><\/nav>\n\t\t\t\t\t<\/div>\n\t\t\t\t\t\t\t<\/div>\n\t\t\t\t<\/div>\n\t\t\t\t<\/div>\n\t\t<div class=\"elementor-element elementor-element-7db3c0e e-con-full e-flex e-con e-child\" data-id=\"7db3c0e\" data-element_type=\"container\" data-e-type=\"container\">\n\t\t\t\t<div class=\"elementor-element elementor-element-40d45dd elementor-widget elementor-widget-text-editor\" data-id=\"40d45dd\" data-element_type=\"widget\" data-e-type=\"widget\" data-widget_type=\"text-editor.default\">\n\t\t\t\t<div class=\"elementor-widget-container\">\n\t\t\t\t\t\t\t\t\t<p>I OneDesk kan du utf\u00f8re arbeid p\u00e5 billetter, oppgaver, prosjekter, fakturaer og mer. Hovedarbeidspostene er <a href=\"https:\/\/kb.onedesk.com\/app-od\/o-onedesk\/knowledge-base-1\/article-26831a8b-29fb-4102-bc99-5b548dd77d8b\" target=\"_blank\" rel=\"noopener\"><u>billetter og oppgaver<\/u><\/a> . Billetter er prim\u00e6rt for kundest\u00f8tte, mens oppgaver prim\u00e6rt er for prosjektplanlegging eller eskalering.  <\/p>\n<p>Billetter og oppgaver kan organiseres i f\u00f8lgende objekter: portef\u00f8ljer, prosjekter og mapper.  <\/p>\n<p>Portef\u00f8ljer og mapper skaper struktur. Portef\u00f8ljer organiserer prosjekter. Prosjekter er beholdere for billetter og oppgaver. Mapper kan gi ytterligere struktur ved \u00e5 holde billetter eller oppgaver innenfor prosjektet.<\/p>\n<p>Bildet nedenfor illustrerer hierarkiet av arbeid i OneDesk.  <\/p>\n\t\t\t\t\t\t\t\t<\/div>\n\t\t\t\t<\/div>\n\t\t\t\t<div class=\"elementor-element elementor-element-ae61842 elementor-widget elementor-widget-image\" data-id=\"ae61842\" data-element_type=\"widget\" data-e-type=\"widget\" data-widget_type=\"image.default\">\n\t\t\t\t<div class=\"elementor-widget-container\">\n\t\t\t\t\t\t\t\t\t\t\t\t\t\t\t<img fetchpriority=\"high\" decoding=\"async\" width=\"300\" height=\"285\" src=\"https:\/\/onedesk.com\/wp-content\/uploads\/2023\/03\/Hierarchy-OD-300x285.png\" class=\"attachment-medium size-medium wp-image-247533\" alt=\"\" srcset=\"https:\/\/onedesk.com\/wp-content\/uploads\/2023\/03\/Hierarchy-OD-300x285.png 300w, https:\/\/onedesk.com\/wp-content\/uploads\/2023\/03\/Hierarchy-OD.png 472w\" sizes=\"(max-width: 300px) 100vw, 300px\" \/>\t\t\t\t\t\t\t\t\t\t\t\t\t\t\t<\/div>\n\t\t\t\t<\/div>\n\t\t\t\t<\/div>\n\t\t\t\t\t<\/div>\n\t\t\t\t<\/div>\n\t\t<div class=\"elementor-element elementor-element-f03e93a e-flex e-con-boxed e-con e-parent\" data-id=\"f03e93a\" data-element_type=\"container\" data-e-type=\"container\">\n\t\t\t\t\t<div class=\"e-con-inner\">\n\t\t\t\t<div class=\"elementor-element elementor-element-2a8fb74 elementor-widget elementor-widget-video\" data-id=\"2a8fb74\" data-element_type=\"widget\" data-e-type=\"widget\" data-settings=\"{&quot;youtube_url&quot;:&quot;https:\\\/\\\/youtu.be\\\/zQZQUy5Plh8&quot;,&quot;video_type&quot;:&quot;youtube&quot;,&quot;controls&quot;:&quot;yes&quot;}\" data-widget_type=\"video.default\">\n\t\t\t\t<div class=\"elementor-widget-container\">\n\t\t\t\t\t\t\t<div class=\"elementor-wrapper elementor-open-inline\">\n\t\t\t<div class=\"elementor-video\"><\/div>\t\t<\/div>\n\t\t\t\t\t\t<\/div>\n\t\t\t\t<\/div>\n\t\t\t\t\t<\/div>\n\t\t\t\t<\/div>\n\t\t<div class=\"elementor-element elementor-element-3560cee e-flex e-con-boxed e-con e-parent\" data-id=\"3560cee\" data-element_type=\"container\" data-e-type=\"container\">\n\t\t\t\t\t<div class=\"e-con-inner\">\n\t\t\t\t<div class=\"elementor-element elementor-element-eeb57c5 elementor-widget elementor-widget-heading\" data-id=\"eeb57c5\" data-element_type=\"widget\" data-e-type=\"widget\" data-widget_type=\"heading.default\">\n\t\t\t\t<div class=\"elementor-widget-container\">\n\t\t\t\t\t<h2 class=\"elementor-heading-title elementor-size-default\">Hvordan strukturere arbeidet ditt<\/h2>\t\t\t\t<\/div>\n\t\t\t\t<\/div>\n\t\t\t\t<div class=\"elementor-element elementor-element-de26ffe elementor-widget elementor-widget-text-editor\" data-id=\"de26ffe\" data-element_type=\"widget\" data-e-type=\"widget\" data-widget_type=\"text-editor.default\">\n\t\t\t\t<div class=\"elementor-widget-container\">\n\t\t\t\t\t\t\t\t\t<p>En vanlig konfigurasjon er \u00e5 lage portef\u00f8ljer for \u00e5 representere forskjellige team eller avdelinger. Innenfor hver portef\u00f8lje er de ulike prosjektene teamet jobber med. En annen konfigurasjon er \u00e5 bruke portef\u00f8ljer for \u00e5 representere klienter du betjener, med hvert av deres prosjekter i den respektive portef\u00f8ljen.  <\/p>\n<p><b>Tips:<\/b> Du kan bruke underportef\u00f8ljer til \u00e5 dele opp prosjekter ytterligere.  <\/p>\n<p>Bildet til venstre viser et eksempel p\u00e5 en avdelingsstruktur. Til h\u00f8yre viser et eksempel p\u00e5 en struktur for hver klient som bruker underportef\u00f8ljer.  <\/p>\n\t\t\t\t\t\t\t\t<\/div>\n\t\t\t\t<\/div>\n\t\t\t\t\t<\/div>\n\t\t\t\t<\/div>\n\t\t<div class=\"elementor-element elementor-element-aad00bd e-flex e-con-boxed e-con e-parent\" data-id=\"aad00bd\" data-element_type=\"container\" data-e-type=\"container\">\n\t\t\t\t\t<div class=\"e-con-inner\">\n\t\t<div class=\"elementor-element elementor-element-024c691 e-con-full e-flex e-con e-child\" data-id=\"024c691\" data-element_type=\"container\" data-e-type=\"container\">\n\t\t\t\t<div class=\"elementor-element elementor-element-cd27d28 elementor-widget elementor-widget-image\" data-id=\"cd27d28\" data-element_type=\"widget\" data-e-type=\"widget\" data-widget_type=\"image.default\">\n\t\t\t\t<div class=\"elementor-widget-container\">\n\t\t\t\t\t\t\t\t\t\t\t\t\t\t\t<img decoding=\"async\" width=\"649\" height=\"625\" src=\"https:\/\/onedesk.com\/wp-content\/uploads\/2022\/10\/Example-Structure.png\" class=\"attachment-large size-large wp-image-241537\" alt=\"\" srcset=\"https:\/\/onedesk.com\/wp-content\/uploads\/2022\/10\/Example-Structure.png 649w, https:\/\/onedesk.com\/wp-content\/uploads\/2022\/10\/Example-Structure-300x289.png 300w\" sizes=\"(max-width: 649px) 100vw, 649px\" \/>\t\t\t\t\t\t\t\t\t\t\t\t\t\t\t<\/div>\n\t\t\t\t<\/div>\n\t\t\t\t<\/div>\n\t\t<div class=\"elementor-element elementor-element-63d6179 e-con-full e-flex e-con e-child\" data-id=\"63d6179\" data-element_type=\"container\" data-e-type=\"container\">\n\t\t\t\t<div class=\"elementor-element elementor-element-791bd89 elementor-widget elementor-widget-image\" data-id=\"791bd89\" data-element_type=\"widget\" data-e-type=\"widget\" data-widget_type=\"image.default\">\n\t\t\t\t<div class=\"elementor-widget-container\">\n\t\t\t\t\t\t\t\t\t\t\t\t\t\t\t<img decoding=\"async\" width=\"488\" height=\"634\" src=\"https:\/\/onedesk.com\/wp-content\/uploads\/2023\/10\/department-structure.webp\" class=\"attachment-medium_large size-medium_large wp-image-259914\" alt=\"\" srcset=\"https:\/\/onedesk.com\/wp-content\/uploads\/2023\/10\/department-structure.webp 488w, https:\/\/onedesk.com\/wp-content\/uploads\/2023\/10\/department-structure-231x300.webp 231w\" sizes=\"(max-width: 488px) 100vw, 488px\" \/>\t\t\t\t\t\t\t\t\t\t\t\t\t\t\t<\/div>\n\t\t\t\t<\/div>\n\t\t\t\t<\/div>\n\t\t\t\t\t<\/div>\n\t\t\t\t<\/div>\n\t\t<div class=\"elementor-element elementor-element-eb550a9 e-flex e-con-boxed e-con e-parent\" data-id=\"eb550a9\" data-element_type=\"container\" data-e-type=\"container\">\n\t\t\t\t\t<div class=\"e-con-inner\">\n\t\t\t\t<div class=\"elementor-element elementor-element-80ddec5 elementor-widget elementor-widget-text-editor\" data-id=\"80ddec5\" data-element_type=\"widget\" data-e-type=\"widget\" data-widget_type=\"text-editor.default\">\n\t\t\t\t<div class=\"elementor-widget-container\">\n\t\t\t\t\t\t\t\t\t<p>L\u00e6re mer:<\/p>\n<ul>\n<li><a href=\"https:\/\/kb.onedesk.com\/app-od\/o-onedesk\/knowledge-base-1\/article-26831a8b-29fb-4102-bc99-5b548dd77d8b\" target=\"_blank\" rel=\"noopener\">Billetter og oppgaver og deres forskjeller<\/a><\/li>\n<li><a href=\"https:\/\/kb.onedesk.com\/app-od\/o-onedesk\/knowledge-base-1\/article-d18c4937-70fc-4ee3-9708-e635e502d021\" target=\"_blank\" rel=\"noopener\">Om arbeidsstruktur<\/a><\/li>\n<li><a href=\"https:\/\/kb.onedesk.com\/app-od\/o-onedesk\/knowledge-base-1\/article-b3696d33-1cfc-4e39-9cfb-0a65b6281bed\" target=\"_blank\" rel=\"noopener\">Strukturere og organisere arbeidet ditt<\/a><\/li>\n<li><a href=\"https:\/\/kb.onedesk.com\/app-od\/o-onedesk\/knowledge-base-1\/article-8d7793d4-621d-406f-bed9-0bb972f3c568\" target=\"_blank\" rel=\"noopener\">Separere arbeid for flere avdelinger<\/a><\/li>\n<\/ul>\n\t\t\t\t\t\t\t\t<\/div>\n\t\t\t\t<\/div>\n\t\t\t\t<div class=\"elementor-element elementor-element-91777d1 elementor-widget elementor-widget-html\" data-id=\"91777d1\" data-element_type=\"widget\" data-e-type=\"widget\" data-widget_type=\"html.default\">\n\t\t\t\t<div class=\"elementor-widget-container\">\n\t\t\t\t\t<div id=\"noODwidget\" style=\"display:none\"><\/div>    \t\t\t\t<\/div>\n\t\t\t\t<\/div>\n\t\t\t\t\t<\/div>\n\t\t\t\t<\/div>\n\t\t<div class=\"elementor-element elementor-element-61fe795 e-flex e-con-boxed e-con e-parent\" data-id=\"61fe795\" data-element_type=\"container\" data-e-type=\"container\">\n\t\t\t\t\t<div class=\"e-con-inner\">\n\t\t<div class=\"elementor-element elementor-element-9608caf e-con-full e-flex e-con e-child\" data-id=\"9608caf\" data-element_type=\"container\" data-e-type=\"container\">\n\t\t\t\t<div class=\"elementor-element elementor-element-3545bca elementor-align-left elementor-widget elementor-widget-button\" data-id=\"3545bca\" data-element_type=\"widget\" data-e-type=\"widget\" data-widget_type=\"button.default\">\n\t\t\t\t<div class=\"elementor-widget-container\">\n\t\t\t\t\t\t\t\t\t<div class=\"elementor-button-wrapper\">\n\t\t\t\t\t<a class=\"elementor-button elementor-button-link elementor-size-md\" href=\"https:\/\/onedesk.com\/no\/embedded-onboarding-guide-2\/\">\n\t\t\t\t\t\t<span class=\"elementor-button-content-wrapper\">\n\t\t\t\t\t\t\t\t\t<span class=\"elementor-button-text\">&lt; Forrige<\/span>\n\t\t\t\t\t<\/span>\n\t\t\t\t\t<\/a>\n\t\t\t\t<\/div>\n\t\t\t\t\t\t\t\t<\/div>\n\t\t\t\t<\/div>\n\t\t\t\t<\/div>\n\t\t<div class=\"elementor-element elementor-element-5d41855 e-con-full e-flex e-con e-child\" data-id=\"5d41855\" data-element_type=\"container\" data-e-type=\"container\">\n\t\t\t\t<div class=\"elementor-element elementor-element-080e496 elementor-align-right elementor-widget elementor-widget-button\" data-id=\"080e496\" data-element_type=\"widget\" data-e-type=\"widget\" data-widget_type=\"button.default\">\n\t\t\t\t<div class=\"elementor-widget-container\">\n\t\t\t\t\t\t\t\t\t<div class=\"elementor-button-wrapper\">\n\t\t\t\t\t<a class=\"elementor-button elementor-button-link elementor-size-md\" href=\"https:\/\/onedesk.com\/no\/embedded-onboarding-guide-4\/\">\n\t\t\t\t\t\t<span class=\"elementor-button-content-wrapper\">\n\t\t\t\t\t\t\t\t\t<span class=\"elementor-button-text\">Neste &gt;<\/span>\n\t\t\t\t\t<\/span>\n\t\t\t\t\t<\/a>\n\t\t\t\t<\/div>\n\t\t\t\t\t\t\t\t<\/div>\n\t\t\t\t<\/div>\n\t\t\t\t<\/div>\n\t\t\t\t\t<\/div>\n\t\t\t\t<\/div>\n\t\t\t\t<\/div>\n\t\t","protected":false},"excerpt":{"rendered":"<p>Struktur og organisasjon Innhold i onboardingguiden: Main Menu First Steps Interface &#038; Navigation Work Structure &#038; Organization Adding Support Channels Ticketing &#038; Support Flow Project Management &#038; Tasks Subscribing &#038; Going Live I OneDesk kan du utf\u00f8re arbeid p\u00e5 billetter, oppgaver, prosjekter, fakturaer og mer. Hovedarbeidspostene er billetter og oppgaver . Billetter er prim\u00e6rt for [&hellip;]<\/p>\n","protected":false},"author":30,"featured_media":0,"parent":0,"menu_order":0,"comment_status":"closed","ping_status":"closed","template":"elementor_canvas","meta":{"tpgb_global_settings":"","_crdt_document":"","inline_featured_image":false,"site-sidebar-layout":"no-sidebar","site-content-layout":"page-builder","ast-site-content-layout":"full-width-container","site-content-style":"default","site-sidebar-style":"default","ast-global-header-display":"","ast-banner-title-visibility":"","ast-main-header-display":"","ast-hfb-above-header-display":"","ast-hfb-below-header-display":"","ast-hfb-mobile-header-display":"","site-post-title":"disabled","ast-breadcrumbs-content":"","ast-featured-img":"disabled","footer-sml-layout":"","ast-disable-related-posts":"","theme-transparent-header-meta":"","adv-header-id-meta":"","stick-header-meta":"","header-above-stick-meta":"","header-main-stick-meta":"","header-below-stick-meta":"","astra-migrate-meta-layouts":"default","ast-page-background-enabled":"default","ast-page-background-meta":{"desktop":{"background-color":"var(--ast-global-color-4)","background-image":"","background-repeat":"repeat","background-position":"center center","background-size":"auto","background-attachment":"scroll","background-type":"","background-media":"","overlay-type":"","overlay-color":"","overlay-opacity":"","overlay-gradient":""},"tablet":{"background-color":"","background-image":"","background-repeat":"repeat","background-position":"center center","background-size":"auto","background-attachment":"scroll","background-type":"","background-media":"","overlay-type":"","overlay-color":"","overlay-opacity":"","overlay-gradient":""},"mobile":{"background-color":"","background-image":"","background-repeat":"repeat","background-position":"center center","background-size":"auto","background-attachment":"scroll","background-type":"","background-media":"","overlay-type":"","overlay-color":"","overlay-opacity":"","overlay-gradient":""}},"ast-content-background-meta":{"desktop":{"background-color":"var(--ast-global-color-5)","background-image":"","background-repeat":"repeat","background-position":"center center","background-size":"auto","background-attachment":"scroll","background-type":"","background-media":"","overlay-type":"","overlay-color":"","overlay-opacity":"","overlay-gradient":""},"tablet":{"background-color":"var(--ast-global-color-5)","background-image":"","background-repeat":"repeat","background-position":"center center","background-size":"auto","background-attachment":"scroll","background-type":"","background-media":"","overlay-type":"","overlay-color":"","overlay-opacity":"","overlay-gradient":""},"mobile":{"background-color":"var(--ast-global-color-5)","background-image":"","background-repeat":"repeat","background-position":"center center","background-size":"auto","background-attachment":"scroll","background-type":"","background-media":"","overlay-type":"","overlay-color":"","overlay-opacity":"","overlay-gradient":""}},"footnotes":""},"class_list":["post-260594","page","type-page","status-publish","hentry"],"yoast_head":"<!-- This site is optimized with the Yoast SEO Premium plugin v27.4 (Yoast SEO v27.5) - https:\/\/yoast.com\/product\/yoast-seo-premium-wordpress\/ -->\n<title>Onboarding Guide Side 3 | OneDesk<\/title>\n<meta name=\"description\" content=\"Onboarding guide side 3\" \/>\n<meta name=\"robots\" content=\"index, follow, max-snippet:-1, max-image-preview:large, max-video-preview:-1\" \/>\n<link rel=\"canonical\" href=\"https:\/\/onedesk.com\/no\/embedded-onboarding-guide-3\/\" \/>\n<meta property=\"og:locale\" content=\"nb_NO\" \/>\n<meta property=\"og:type\" content=\"article\" \/>\n<meta property=\"og:title\" content=\"Onboarding Guide Side 3 | OneDesk\" \/>\n<meta property=\"og:description\" content=\"Onboarding guide side 3\" \/>\n<meta property=\"og:url\" content=\"https:\/\/onedesk.com\/no\/embedded-onboarding-guide-3\/\" \/>\n<meta property=\"og:site_name\" content=\"OneDesk\" \/>\n<meta property=\"article:publisher\" content=\"https:\/\/www.facebook.com\/OneDeskApp\" \/>\n<meta property=\"article:modified_time\" content=\"2024-07-19T20:31:06+00:00\" \/>\n<meta property=\"og:image\" content=\"https:\/\/onedesk.com\/wp-content\/uploads\/2023\/03\/Hierarchy-OD-300x285.png\" \/>\n<meta name=\"twitter:card\" content=\"summary_large_image\" \/>\n<meta name=\"twitter:site\" content=\"@OneDeskApp\" \/>\n<meta name=\"twitter:label1\" content=\"Est. reading time\" \/>\n\t<meta name=\"twitter:data1\" content=\"1 minute\" \/>\n<!-- \/ Yoast SEO Premium plugin. -->","yoast_head_json":{"title":"Onboarding Guide Side 3 | OneDesk","description":"Onboarding guide side 3","robots":{"index":"index","follow":"follow","max-snippet":"max-snippet:-1","max-image-preview":"max-image-preview:large","max-video-preview":"max-video-preview:-1"},"canonical":"https:\/\/onedesk.com\/no\/embedded-onboarding-guide-3\/","og_locale":"nb_NO","og_type":"article","og_title":"Onboarding Guide Side 3 | OneDesk","og_description":"Onboarding guide side 3","og_url":"https:\/\/onedesk.com\/no\/embedded-onboarding-guide-3\/","og_site_name":"OneDesk","article_publisher":"https:\/\/www.facebook.com\/OneDeskApp","article_modified_time":"2024-07-19T20:31:06+00:00","og_image":[{"url":"https:\/\/onedesk.com\/wp-content\/uploads\/2023\/03\/Hierarchy-OD-300x285.png","type":"","width":"","height":""}],"twitter_card":"summary_large_image","twitter_site":"@OneDeskApp","twitter_misc":{"Est. reading time":"1 minute"},"schema":{"@context":"https:\/\/schema.org","@graph":[{"@type":"WebPage","@id":"https:\/\/onedesk.com\/no\/embedded-onboarding-guide-3\/","url":"https:\/\/onedesk.com\/no\/embedded-onboarding-guide-3\/","name":"Onboarding Guide Side 3 | OneDesk","isPartOf":{"@id":"https:\/\/onedesk.com\/no\/#website"},"primaryImageOfPage":{"@id":"https:\/\/onedesk.com\/no\/embedded-onboarding-guide-3\/#primaryimage"},"image":{"@id":"https:\/\/onedesk.com\/no\/embedded-onboarding-guide-3\/#primaryimage"},"thumbnailUrl":"https:\/\/onedesk.com\/wp-content\/uploads\/2023\/03\/Hierarchy-OD-300x285.png","datePublished":"2023-10-27T18:09:35+00:00","dateModified":"2024-07-19T20:31:06+00:00","description":"Onboarding guide side 3","inLanguage":"nb-NO","potentialAction":[{"@type":"ReadAction","target":["https:\/\/onedesk.com\/no\/embedded-onboarding-guide-3\/"]}]},{"@type":"ImageObject","inLanguage":"nb-NO","@id":"https:\/\/onedesk.com\/no\/embedded-onboarding-guide-3\/#primaryimage","url":"https:\/\/onedesk.com\/wp-content\/uploads\/2023\/03\/Hierarchy-OD-300x285.png","contentUrl":"https:\/\/onedesk.com\/wp-content\/uploads\/2023\/03\/Hierarchy-OD-300x285.png"},{"@type":"WebSite","@id":"https:\/\/onedesk.com\/no\/#website","url":"https:\/\/onedesk.com\/no\/","name":"OneDesk","description":"Prosjektledelse og Helpdesk-programvare","publisher":{"@id":"https:\/\/onedesk.com\/no\/#organization"},"potentialAction":[{"@type":"SearchAction","target":{"@type":"EntryPoint","urlTemplate":"https:\/\/onedesk.com\/no\/?s={search_term_string}"},"query-input":{"@type":"PropertyValueSpecification","valueRequired":true,"valueName":"search_term_string"}}],"inLanguage":"nb-NO"},{"@type":"Organization","@id":"https:\/\/onedesk.com\/no\/#organization","name":"OneDesk","url":"https:\/\/onedesk.com\/no\/","logo":{"@type":"ImageObject","inLanguage":"nb-NO","@id":"https:\/\/onedesk.com\/no\/#\/schema\/logo\/image\/","url":"https:\/\/onedesk.com\/wp-content\/uploads\/2016\/01\/white-logo-small.png","contentUrl":"https:\/\/onedesk.com\/wp-content\/uploads\/2016\/01\/white-logo-small.png","width":207,"height":40,"caption":"OneDesk"},"image":{"@id":"https:\/\/onedesk.com\/no\/#\/schema\/logo\/image\/"},"sameAs":["https:\/\/www.facebook.com\/OneDeskApp","https:\/\/x.com\/OneDeskApp","https:\/\/www.instagram.com\/onedeskapp\/","https:\/\/www.linkedin.com\/company\/onedesk-inc-1","https:\/\/www.pinterest.com\/onedesk\/","https:\/\/www.youtube.com\/user\/OneDeskApp"]}]}},"tpgb_featured_images":null,"tpgb_post_meta_info":{"get_date":"October 27, 2023","get_modified_date":"July 19, 2024","author_name":"Erin Richardson","author_url":"https:\/\/onedesk.com\/no\/author\/erin-richardsononedesk-com\/","author_email":"erin.richardson@onedesk.com","author_website":"","author_description":"","author_facebook":"","author_twitter":"","author_instagram":"","author_role":["administrator"],"author_firstname":"Erin","author_lastname":"Richardson","user_login":"erin.richardson@onedesk.com","author_avatar":"<img alt='' src='https:\/\/secure.gravatar.com\/avatar\/5b43ac2756efc1d5aa46746163fa71ceee43f42a78652ebc70940d512d77cba0?s=200&#038;d=mm&#038;r=g' srcset='https:\/\/secure.gravatar.com\/avatar\/5b43ac2756efc1d5aa46746163fa71ceee43f42a78652ebc70940d512d77cba0?s=400&#038;d=mm&#038;r=g 2x' class='avatar avatar-200 photo' height='200' width='200' decoding='async'\/>","author_avatar_url":"https:\/\/secure.gravatar.com\/avatar\/5b43ac2756efc1d5aa46746163fa71ceee43f42a78652ebc70940d512d77cba0?s=96&d=mm&r=g","comment_count":0,"post_likes":0,"post_views":0},"tpgb_post_category":[],"jetpack_shortlink":"https:\/\/wp.me\/PfpPaI-15N8","amp_enabled":false,"_links":{"self":[{"href":"https:\/\/onedesk.com\/no\/wp-json\/wp\/v2\/pages\/260594","targetHints":{"allow":["GET"]}}],"collection":[{"href":"https:\/\/onedesk.com\/no\/wp-json\/wp\/v2\/pages"}],"about":[{"href":"https:\/\/onedesk.com\/no\/wp-json\/wp\/v2\/types\/page"}],"author":[{"embeddable":true,"href":"https:\/\/onedesk.com\/no\/wp-json\/wp\/v2\/users\/30"}],"replies":[{"embeddable":true,"href":"https:\/\/onedesk.com\/no\/wp-json\/wp\/v2\/comments?post=260594"}],"version-history":[{"count":10,"href":"https:\/\/onedesk.com\/no\/wp-json\/wp\/v2\/pages\/260594\/revisions"}],"predecessor-version":[{"id":272714,"href":"https:\/\/onedesk.com\/no\/wp-json\/wp\/v2\/pages\/260594\/revisions\/272714"}],"wp:attachment":[{"href":"https:\/\/onedesk.com\/no\/wp-json\/wp\/v2\/media?parent=260594"}],"curies":[{"name":"wp","href":"https:\/\/api.w.org\/{rel}","templated":true}]}}