{"id":260731,"date":"2023-10-27T18:11:30","date_gmt":"2023-10-27T18:11:30","guid":{"rendered":"https:\/\/onedesk.com\/embedded-onboarding-guide-4\/"},"modified":"2024-07-19T20:31:24","modified_gmt":"2024-07-19T20:31:24","slug":"embedded-onboarding-guide-4","status":"publish","type":"page","link":"https:\/\/onedesk.com\/no\/embedded-onboarding-guide-4\/","title":{"rendered":"Innebygd Onboarding Guide Side 4"},"content":{"rendered":"\t\t<div data-elementor-type=\"wp-page\" data-elementor-id=\"260731\" class=\"elementor elementor-260731 elementor-259726\" data-elementor-post-type=\"page\">\n\t\t\t\t<div class=\"elementor-element elementor-element-66ef04c e-flex e-con-boxed e-con e-parent\" data-id=\"66ef04c\" data-element_type=\"container\" data-e-type=\"container\">\n\t\t\t\t\t<div class=\"e-con-inner\">\n\t\t\t\t<div class=\"elementor-element elementor-element-6ba1841 elementor-widget elementor-widget-heading\" data-id=\"6ba1841\" data-element_type=\"widget\" data-e-type=\"widget\" data-widget_type=\"heading.default\">\n\t\t\t\t<div class=\"elementor-widget-container\">\n\t\t\t\t\t<h1 class=\"elementor-heading-title elementor-size-default\">Legger til st\u00f8ttekanaler<\/h1>\t\t\t\t<\/div>\n\t\t\t\t<\/div>\n\t\t\t\t\t<\/div>\n\t\t\t\t<\/div>\n\t\t<div class=\"elementor-element elementor-element-95d6613 e-flex e-con-boxed e-con e-parent\" data-id=\"95d6613\" data-element_type=\"container\" data-e-type=\"container\">\n\t\t\t\t\t<div class=\"e-con-inner\">\n\t\t<div class=\"elementor-element elementor-element-ec70383 e-con-full e-flex e-con e-child\" data-id=\"ec70383\" data-element_type=\"container\" data-e-type=\"container\">\n\t\t\t\t<div class=\"elementor-element elementor-element-a6c2ed7 elementor-widget elementor-widget-heading\" data-id=\"a6c2ed7\" data-element_type=\"widget\" data-e-type=\"widget\" data-widget_type=\"heading.default\">\n\t\t\t\t<div class=\"elementor-widget-container\">\n\t\t\t\t\t<h3 class=\"elementor-heading-title elementor-size-default\">Innhold i onboardingguiden:<\/h3>\t\t\t\t<\/div>\n\t\t\t\t<\/div>\n\t\t\t\t<div class=\"elementor-element elementor-element-edba09d uael-nav-menu__breakpoint-mobile uael-submenu-icon-arrow uael-link-redirect-child uael-nav-menu-toggle-label-no elementor-widget elementor-widget-uael-nav-menu\" data-id=\"edba09d\" data-element_type=\"widget\" data-e-type=\"widget\" data-widget_type=\"uael-nav-menu.default\">\n\t\t\t\t<div class=\"elementor-widget-container\">\n\t\t\t\t\t\t\t<div class=\"uael-nav-menu uael-layout-vertical uael-nav-menu-layout\" data-layout=\"vertical\">\n\t\t\t\t<div role=\"button\" class=\"uael-nav-menu__toggle elementor-clickable\">\n\t\t\t\t\t<span class=\"screen-reader-text\">Main Menu<\/span>\n\t\t\t\t\t<div class=\"uael-nav-menu-icon\">\n\t\t\t\t\t\t<i aria-hidden=\"true\" class=\"fas fa-align-justify\"><\/i>\t\t\t\t\t<\/div>\n\t\t\t\t\t\t\t\t\t<\/div>\n\t\t\t\t\t\t\t<nav class=\"uael-nav-menu__layout-vertical uael-nav-menu__submenu-arrow\" data-toggle-icon=\"&lt;i aria-hidden=&quot;true&quot; class=&quot;fas fa-align-justify&quot;&gt;&lt;\/i&gt;\" data-close-icon=\"&lt;i aria-hidden=&quot;true&quot; class=&quot;far fa-window-close&quot;&gt;&lt;\/i&gt;\" data-full-width=\"yes\"><ul id=\"menu-1-edba09d\" class=\"uael-nav-menu\"><li id=\"menu-item-259728\" class=\"menu-item menu-item-type-post_type menu-item-object-page parent uael-creative-menu\"><a href=\"https:\/\/onedesk.com\/embedded-onboarding-guide\/\" class = \"uael-menu-item\">Innebygd Onboarding Guide<\/a><\/li>\n<li id=\"menu-item-259729\" class=\"menu-item menu-item-type-post_type menu-item-object-page parent uael-creative-menu\"><a href=\"https:\/\/onedesk.com\/embedded-onboarding-guide-2\/\" class = \"uael-menu-item\">Innebygd Onboarding Guide Side2<\/a><\/li>\n<li id=\"menu-item-259730\" class=\"menu-item menu-item-type-post_type menu-item-object-page parent uael-creative-menu\"><a href=\"https:\/\/onedesk.com\/embedded-onboarding-guide-3\/\" class = \"uael-menu-item\">Innebygd Onboarding Guide Side 3<\/a><\/li>\n<li id=\"menu-item-259731\" class=\"menu-item menu-item-type-post_type menu-item-object-page parent uael-creative-menu\"><a href=\"https:\/\/onedesk.com\/embedded-onboarding-guide-4\/\" class = \"uael-menu-item\">Innebygd Onboarding Guide Side 4<\/a><\/li>\n<li id=\"menu-item-259780\" class=\"menu-item menu-item-type-post_type menu-item-object-page parent uael-creative-menu\"><a href=\"https:\/\/onedesk.com\/embedded-onboarding-guide-5\/\" class = \"uael-menu-item\">Innebygd Onboarding Guide Side 5<\/a><\/li>\n<li id=\"menu-item-259785\" class=\"menu-item menu-item-type-post_type menu-item-object-page parent uael-creative-menu\"><a href=\"https:\/\/onedesk.com\/embedded-onboarding-guide-6\/\" class = \"uael-menu-item\">Innebygd Onboarding Guide Side 6<\/a><\/li>\n<li id=\"menu-item-259786\" class=\"menu-item menu-item-type-post_type menu-item-object-page parent uael-creative-menu\"><a href=\"https:\/\/onedesk.com\/embedded-onboarding-guide-7\/\" class = \"uael-menu-item\">Innebygd Onboarding Guide Side 7<\/a><\/li>\n<\/ul><\/nav>\n\t\t\t\t\t<\/div>\n\t\t\t\t\t\t\t<\/div>\n\t\t\t\t<\/div>\n\t\t\t\t<\/div>\n\t\t<div class=\"elementor-element elementor-element-8feedbe e-con-full e-flex e-con e-child\" data-id=\"8feedbe\" data-element_type=\"container\" data-e-type=\"container\">\n\t\t\t\t<div class=\"elementor-element elementor-element-c1eaf0c elementor-widget elementor-widget-image\" data-id=\"c1eaf0c\" data-element_type=\"widget\" data-e-type=\"widget\" data-widget_type=\"image.default\">\n\t\t\t\t<div class=\"elementor-widget-container\">\n\t\t\t\t\t\t\t\t\t\t\t\t\t\t\t<img decoding=\"async\" src=\"https:\/\/onedesk.com\/wp-content\/uploads\/elementor\/thumbs\/06-Email-to-Ticket-1-r9ll8c4n1hxoyhpuq06z5ik7epn7qe235oyvcxpwti.png\" title=\"06-Email-to-Ticket-1\" alt=\"06-Email-to-Ticket-1\" loading=\"lazy\" \/>\t\t\t\t\t\t\t\t\t\t\t\t\t\t\t<\/div>\n\t\t\t\t<\/div>\n\t\t\t\t<div class=\"elementor-element elementor-element-d2a04ea elementor-widget elementor-widget-heading\" data-id=\"d2a04ea\" data-element_type=\"widget\" data-e-type=\"widget\" data-widget_type=\"heading.default\">\n\t\t\t\t<div class=\"elementor-widget-container\">\n\t\t\t\t\t<h2 class=\"elementor-heading-title elementor-size-default\">E-post til billett<\/h2>\t\t\t\t<\/div>\n\t\t\t\t<\/div>\n\t\t\t\t<div class=\"elementor-element elementor-element-d4282ef elementor-widget elementor-widget-text-editor\" data-id=\"d4282ef\" data-element_type=\"widget\" data-e-type=\"widget\" data-widget_type=\"text-editor.default\">\n\t\t\t\t<div class=\"elementor-widget-container\">\n\t\t\t\t\t\t\t\t\t<p>OneDesks hurtigoppsettveiviser hjelper deg med \u00e5 koble til st\u00f8tte-e-posten din og inkluderer instruksjoner om hvordan du plasserer OneDesk-kundeappene p\u00e5 nettstedet ditt. Hvis du ikke allerede har gjort det, klikk &#8220;Kom i gang&#8221; i toppnavigasjonen p\u00e5 OneDesk for \u00e5 fullf\u00f8re veiviseren. Du kan ogs\u00e5 f\u00e5 tilgang til e-posttilkobling fra administratoren&gt; E-poster&gt; Innstillinger.<\/p>\n<p>Slik fungerer e-post til billettflyt:<\/p>\n<ul>\n<li>Koble direkte til st\u00f8tte-e-posten din.<\/li>\n<li>Billetter opprettes fra nye e-poster.<\/li>\n<li>All informasjon er fanget p\u00e5 billetten, inkludert&nbsp; kundens navn og e-post.<\/li>\n<li>Svar fra billetten i OneDesk, svaret vil bli sendt til kundens innboks fra samme e-post du koblet til.<\/li>\n<\/ul>\t\t\t\t\t\t\t\t<\/div>\n\t\t\t\t<\/div>\n\t\t\t\t<\/div>\n\t\t\t\t\t<\/div>\n\t\t\t\t<\/div>\n\t\t<div class=\"elementor-element elementor-element-4a9bab6 e-flex e-con-boxed e-con e-parent\" data-id=\"4a9bab6\" data-element_type=\"container\" data-e-type=\"container\">\n\t\t\t\t\t<div class=\"e-con-inner\">\n\t\t\t\t<div class=\"elementor-element elementor-element-d6a7ebe elementor-widget elementor-widget-video\" data-id=\"d6a7ebe\" data-element_type=\"widget\" data-e-type=\"widget\" data-settings=\"{&quot;youtube_url&quot;:&quot;https:\\\/\\\/youtu.be\\\/1Vg053OmmJ8&quot;,&quot;video_type&quot;:&quot;youtube&quot;,&quot;controls&quot;:&quot;yes&quot;}\" data-widget_type=\"video.default\">\n\t\t\t\t<div class=\"elementor-widget-container\">\n\t\t\t\t\t\t\t<div class=\"elementor-wrapper elementor-open-inline\">\n\t\t\t<div class=\"elementor-video\"><\/div>\t\t<\/div>\n\t\t\t\t\t\t<\/div>\n\t\t\t\t<\/div>\n\t\t\t\t\t<\/div>\n\t\t\t\t<\/div>\n\t\t<div class=\"elementor-element elementor-element-c8dbe43 e-flex e-con-boxed e-con e-parent\" data-id=\"c8dbe43\" data-element_type=\"container\" data-e-type=\"container\">\n\t\t\t\t\t<div class=\"e-con-inner\">\n\t\t\t\t<div class=\"elementor-element elementor-element-cbc9e73 elementor-widget elementor-widget-text-editor\" data-id=\"cbc9e73\" data-element_type=\"widget\" data-e-type=\"widget\" data-widget_type=\"text-editor.default\">\n\t\t\t\t<div class=\"elementor-widget-container\">\n\t\t\t\t\t\t\t\t\t<p>L\u00e6re mer: <\/p>\n<ul>\n<li><a href=\"https:\/\/kb.onedesk.com\/app-od\/o-onedesk\/knowledge-base-1\/article-a91bd45f-e1bc-4da4-b917-785cb83ad1e9\" target=\"_blank\" rel=\"noopener\">E-postflyt og oppsett<\/a><\/li>\n<li><a href=\"https:\/\/kb.onedesk.com\/app-od\/o-onedesk\/knowledge-base-1\/article-eec0ccb3-503d-47b4-9712-bfdd2aeb9a83\" target=\"_blank\" rel=\"noopener\">Innstillinger for e-postutseende<\/a><\/li>\n<\/ul>\n\t\t\t\t\t\t\t\t<\/div>\n\t\t\t\t<\/div>\n\t\t\t\t<div class=\"elementor-element elementor-element-3173895 elementor-widget elementor-widget-heading\" data-id=\"3173895\" data-element_type=\"widget\" data-e-type=\"widget\" data-widget_type=\"heading.default\">\n\t\t\t\t<div class=\"elementor-widget-container\">\n\t\t\t\t\t<h2 class=\"elementor-heading-title elementor-size-default\">Utrulling av kundeapplikasjonene dine<\/h2>\t\t\t\t<\/div>\n\t\t\t\t<\/div>\n\t\t\t\t<div class=\"elementor-element elementor-element-33f59a8 elementor-widget elementor-widget-text-editor\" data-id=\"33f59a8\" data-element_type=\"widget\" data-e-type=\"widget\" data-widget_type=\"text-editor.default\">\n\t\t\t\t<div class=\"elementor-widget-container\">\n\t\t\t\t\t\t\t\t\t<p>Du kan tilby de kundevendte applikasjonene til dine kunder\/sluttbrukere. Disse appene (Chat, Portal, Kunnskapsbase, Skjemaer) gir ekstra st\u00f8ttekanaler og selvbetjeningsalternativer.<\/p>\n<p>Avhengig av dine preferanser, er det noen f\u00e5 metoder for \u00e5 distribuere appene. Du kan:<\/p>\n<ul>\n<li>Bygg inn nettmodulen p\u00e5 nettstedet ditt ved \u00e5 kopiere en kodebit inn i nettstedets kode.<\/li>\n<li>Legg til widgeten p\u00e5 Shopify- eller Wix-nettstedet ditt.<\/li>\n<li>Bruk WordPress eller Joomla plugin.<\/li>\n<li>Oppgi appens URL til kundene dine (lenket p\u00e5 nettstedet ditt, i en e-postsignatur osv.)<\/li>\n<\/ul>\n<div>Finn applinkene dine fra Admin&gt; Kundeapper eller generer widget-kodebiten fra Admin&gt; Kundeapper&gt; MFA-innstillinger,<br \/>Se detaljerte instruksjoner p\u00e5: <a href=\"https:\/\/onedesk.com\/no\/legg-til-apper-pa-nettstedet-ditt\/\" target=\"_blank\" rel=\"noopener\">Legge til kundeappene p\u00e5 nettstedet ditt<\/a><\/div>\n\t\t\t\t\t\t\t\t<\/div>\n\t\t\t\t<\/div>\n\t\t\t\t<div class=\"elementor-element elementor-element-003de53 elementor-widget elementor-widget-image\" data-id=\"003de53\" data-element_type=\"widget\" data-e-type=\"widget\" data-widget_type=\"image.default\">\n\t\t\t\t<div class=\"elementor-widget-container\">\n\t\t\t\t\t\t\t\t\t\t\t\t\t\t\t<img fetchpriority=\"high\" decoding=\"async\" width=\"768\" height=\"465\" src=\"https:\/\/onedesk.com\/wp-content\/uploads\/2023\/06\/Shopify-WebWidget-768x465.png\" class=\"attachment-medium_large size-medium_large wp-image-251234\" alt=\"\" srcset=\"https:\/\/onedesk.com\/wp-content\/uploads\/2023\/06\/Shopify-WebWidget-768x465.png 768w, https:\/\/onedesk.com\/wp-content\/uploads\/2023\/06\/Shopify-WebWidget-300x182.png 300w, https:\/\/onedesk.com\/wp-content\/uploads\/2023\/06\/Shopify-WebWidget-1024x621.png 1024w, https:\/\/onedesk.com\/wp-content\/uploads\/2023\/06\/Shopify-WebWidget.png 1508w\" sizes=\"(max-width: 768px) 100vw, 768px\" \/>\t\t\t\t\t\t\t\t\t\t\t\t\t\t\t<\/div>\n\t\t\t\t<\/div>\n\t\t\t\t<div class=\"elementor-element elementor-element-9c344a1 elementor-widget elementor-widget-text-editor\" data-id=\"9c344a1\" data-element_type=\"widget\" data-e-type=\"widget\" data-widget_type=\"text-editor.default\">\n\t\t\t\t<div class=\"elementor-widget-container\">\n\t\t\t\t\t\t\t\t\t<p>N\u00e5r du er ferdig, kan du gj\u00f8re endringer i kundeappene dine fra OneDesk-administratorinnstillingene. Du trenger ikke gj\u00f8re flere endringer p\u00e5 nettstedet ditt. Du kan for eksempel endre appfargene, feltene p\u00e5 nettskjemaene dine, hilsenene p\u00e5 livechatten din, eller hvilke apper som er aktivert eller deaktivert.<\/p>\n<p>L\u00e6re mer:<\/p>\n<ul>\n<li> <a href=\"https:\/\/kb.onedesk.com\/app-od\/o-onedesk\/knowledge-base-1\/article-8cdc8a0c-8d93-4574-8c51-e91ac7244e17\" target=\"_blank\" rel=\"noopener\">Om kundeapplikasjoner<\/a><\/li>\n<\/ul>\n\t\t\t\t\t\t\t\t<\/div>\n\t\t\t\t<\/div>\n\t\t\t\t<div class=\"elementor-element elementor-element-8ccf298 elementor-widget elementor-widget-html\" data-id=\"8ccf298\" data-element_type=\"widget\" data-e-type=\"widget\" data-widget_type=\"html.default\">\n\t\t\t\t<div class=\"elementor-widget-container\">\n\t\t\t\t\t<div id=\"noODwidget\" style=\"display:none\"><\/div>\t\t\t\t<\/div>\n\t\t\t\t<\/div>\n\t\t\t\t\t<\/div>\n\t\t\t\t<\/div>\n\t\t<div class=\"elementor-element elementor-element-9abbd89 e-flex e-con-boxed e-con e-parent\" data-id=\"9abbd89\" data-element_type=\"container\" data-e-type=\"container\">\n\t\t\t\t\t<div class=\"e-con-inner\">\n\t\t<div class=\"elementor-element elementor-element-9af4963 e-con-full e-flex e-con e-child\" data-id=\"9af4963\" data-element_type=\"container\" data-e-type=\"container\">\n\t\t\t\t<div class=\"elementor-element elementor-element-d222282 elementor-align-left elementor-widget elementor-widget-button\" data-id=\"d222282\" data-element_type=\"widget\" data-e-type=\"widget\" data-widget_type=\"button.default\">\n\t\t\t\t<div class=\"elementor-widget-container\">\n\t\t\t\t\t\t\t\t\t<div class=\"elementor-button-wrapper\">\n\t\t\t\t\t<a class=\"elementor-button elementor-button-link elementor-size-md\" href=\"https:\/\/onedesk.com\/no\/embedded-onboarding-guide-3\/\">\n\t\t\t\t\t\t<span class=\"elementor-button-content-wrapper\">\n\t\t\t\t\t\t\t\t\t<span class=\"elementor-button-text\">Neste &gt;<\/span>\n\t\t\t\t\t<\/span>\n\t\t\t\t\t<\/a>\n\t\t\t\t<\/div>\n\t\t\t\t\t\t\t\t<\/div>\n\t\t\t\t<\/div>\n\t\t\t\t<\/div>\n\t\t<div class=\"elementor-element elementor-element-8298970 e-con-full e-flex e-con e-child\" data-id=\"8298970\" data-element_type=\"container\" data-e-type=\"container\">\n\t\t\t\t<div class=\"elementor-element elementor-element-8a84100 elementor-align-right elementor-widget elementor-widget-button\" data-id=\"8a84100\" data-element_type=\"widget\" data-e-type=\"widget\" data-widget_type=\"button.default\">\n\t\t\t\t<div class=\"elementor-widget-container\">\n\t\t\t\t\t\t\t\t\t<div class=\"elementor-button-wrapper\">\n\t\t\t\t\t<a class=\"elementor-button elementor-button-link elementor-size-md\" href=\"https:\/\/onedesk.com\/no\/embedded-onboarding-guide-5\/\">\n\t\t\t\t\t\t<span class=\"elementor-button-content-wrapper\">\n\t\t\t\t\t\t\t\t\t<span class=\"elementor-button-text\">Neste &gt;<\/span>\n\t\t\t\t\t<\/span>\n\t\t\t\t\t<\/a>\n\t\t\t\t<\/div>\n\t\t\t\t\t\t\t\t<\/div>\n\t\t\t\t<\/div>\n\t\t\t\t<\/div>\n\t\t\t\t\t<\/div>\n\t\t\t\t<\/div>\n\t\t\t\t<\/div>\n\t\t","protected":false},"excerpt":{"rendered":"<p>Legger til st\u00f8ttekanaler Innhold i onboardingguiden: Main Menu First Steps Interface &#038; Navigation Work Structure &#038; Organization Adding Support Channels Ticketing &#038; Support Flow Project Management &#038; Tasks Subscribing &#038; Going Live E-post til billett OneDesks hurtigoppsettveiviser hjelper deg med \u00e5 koble til st\u00f8tte-e-posten din og inkluderer instruksjoner om hvordan du plasserer OneDesk-kundeappene p\u00e5 nettstedet [&hellip;]<\/p>\n","protected":false},"author":30,"featured_media":0,"parent":0,"menu_order":0,"comment_status":"closed","ping_status":"closed","template":"elementor_canvas","meta":{"tpgb_global_settings":"","_crdt_document":"","inline_featured_image":false,"site-sidebar-layout":"no-sidebar","site-content-layout":"page-builder","ast-site-content-layout":"full-width-container","site-content-style":"default","site-sidebar-style":"default","ast-global-header-display":"","ast-banner-title-visibility":"","ast-main-header-display":"","ast-hfb-above-header-display":"","ast-hfb-below-header-display":"","ast-hfb-mobile-header-display":"","site-post-title":"disabled","ast-breadcrumbs-content":"","ast-featured-img":"disabled","footer-sml-layout":"","ast-disable-related-posts":"","theme-transparent-header-meta":"","adv-header-id-meta":"","stick-header-meta":"","header-above-stick-meta":"","header-main-stick-meta":"","header-below-stick-meta":"","astra-migrate-meta-layouts":"default","ast-page-background-enabled":"default","ast-page-background-meta":{"desktop":{"background-color":"var(--ast-global-color-4)","background-image":"","background-repeat":"repeat","background-position":"center center","background-size":"auto","background-attachment":"scroll","background-type":"","background-media":"","overlay-type":"","overlay-color":"","overlay-opacity":"","overlay-gradient":""},"tablet":{"background-color":"","background-image":"","background-repeat":"repeat","background-position":"center center","background-size":"auto","background-attachment":"scroll","background-type":"","background-media":"","overlay-type":"","overlay-color":"","overlay-opacity":"","overlay-gradient":""},"mobile":{"background-color":"","background-image":"","background-repeat":"repeat","background-position":"center center","background-size":"auto","background-attachment":"scroll","background-type":"","background-media":"","overlay-type":"","overlay-color":"","overlay-opacity":"","overlay-gradient":""}},"ast-content-background-meta":{"desktop":{"background-color":"var(--ast-global-color-5)","background-image":"","background-repeat":"repeat","background-position":"center center","background-size":"auto","background-attachment":"scroll","background-type":"","background-media":"","overlay-type":"","overlay-color":"","overlay-opacity":"","overlay-gradient":""},"tablet":{"background-color":"var(--ast-global-color-5)","background-image":"","background-repeat":"repeat","background-position":"center center","background-size":"auto","background-attachment":"scroll","background-type":"","background-media":"","overlay-type":"","overlay-color":"","overlay-opacity":"","overlay-gradient":""},"mobile":{"background-color":"var(--ast-global-color-5)","background-image":"","background-repeat":"repeat","background-position":"center center","background-size":"auto","background-attachment":"scroll","background-type":"","background-media":"","overlay-type":"","overlay-color":"","overlay-opacity":"","overlay-gradient":""}},"footnotes":""},"class_list":["post-260731","page","type-page","status-publish","hentry"],"yoast_head":"<!-- This site is optimized with the Yoast SEO Premium plugin v27.4 (Yoast SEO v27.5) - https:\/\/yoast.com\/product\/yoast-seo-premium-wordpress\/ -->\n<title>Onboarding Guide Side 4 | OneDesk<\/title>\n<meta name=\"description\" content=\"Onboarding Guide side 4\" \/>\n<meta name=\"robots\" content=\"index, follow, max-snippet:-1, max-image-preview:large, max-video-preview:-1\" \/>\n<link rel=\"canonical\" href=\"https:\/\/onedesk.com\/no\/embedded-onboarding-guide-4\/\" \/>\n<meta property=\"og:locale\" content=\"nb_NO\" \/>\n<meta property=\"og:type\" content=\"article\" \/>\n<meta property=\"og:title\" content=\"Onboarding Guide Side 4 | OneDesk\" \/>\n<meta property=\"og:description\" content=\"Onboarding Guide side 4\" \/>\n<meta property=\"og:url\" content=\"https:\/\/onedesk.com\/no\/embedded-onboarding-guide-4\/\" \/>\n<meta property=\"og:site_name\" content=\"OneDesk\" \/>\n<meta property=\"article:publisher\" content=\"https:\/\/www.facebook.com\/OneDeskApp\" \/>\n<meta property=\"article:modified_time\" content=\"2024-07-19T20:31:24+00:00\" \/>\n<meta property=\"og:image\" content=\"https:\/\/onedesk.com\/wp-content\/uploads\/elementor\/thumbs\/06-Email-to-Ticket-1-qe0g5rwmnef7jre7h4siaard8fprp4044uwgzyn7fq.png\" \/>\n<meta name=\"twitter:card\" content=\"summary_large_image\" \/>\n<meta name=\"twitter:site\" content=\"@OneDeskApp\" \/>\n<meta name=\"twitter:label1\" content=\"Est. reading time\" \/>\n\t<meta name=\"twitter:data1\" content=\"2 minutes\" \/>\n<!-- \/ Yoast SEO Premium plugin. -->","yoast_head_json":{"title":"Onboarding Guide Side 4 | OneDesk","description":"Onboarding Guide side 4","robots":{"index":"index","follow":"follow","max-snippet":"max-snippet:-1","max-image-preview":"max-image-preview:large","max-video-preview":"max-video-preview:-1"},"canonical":"https:\/\/onedesk.com\/no\/embedded-onboarding-guide-4\/","og_locale":"nb_NO","og_type":"article","og_title":"Onboarding Guide Side 4 | OneDesk","og_description":"Onboarding Guide side 4","og_url":"https:\/\/onedesk.com\/no\/embedded-onboarding-guide-4\/","og_site_name":"OneDesk","article_publisher":"https:\/\/www.facebook.com\/OneDeskApp","article_modified_time":"2024-07-19T20:31:24+00:00","og_image":[{"url":"https:\/\/onedesk.com\/wp-content\/uploads\/elementor\/thumbs\/06-Email-to-Ticket-1-qe0g5rwmnef7jre7h4siaard8fprp4044uwgzyn7fq.png","type":"","width":"","height":""}],"twitter_card":"summary_large_image","twitter_site":"@OneDeskApp","twitter_misc":{"Est. reading time":"2 minutes"},"schema":{"@context":"https:\/\/schema.org","@graph":[{"@type":"WebPage","@id":"https:\/\/onedesk.com\/no\/embedded-onboarding-guide-4\/","url":"https:\/\/onedesk.com\/no\/embedded-onboarding-guide-4\/","name":"Onboarding Guide Side 4 | OneDesk","isPartOf":{"@id":"https:\/\/onedesk.com\/no\/#website"},"primaryImageOfPage":{"@id":"https:\/\/onedesk.com\/no\/embedded-onboarding-guide-4\/#primaryimage"},"image":{"@id":"https:\/\/onedesk.com\/no\/embedded-onboarding-guide-4\/#primaryimage"},"thumbnailUrl":"https:\/\/onedesk.com\/wp-content\/uploads\/elementor\/thumbs\/06-Email-to-Ticket-1-qe0g5rwmnef7jre7h4siaard8fprp4044uwgzyn7fq.png","datePublished":"2023-10-27T18:11:30+00:00","dateModified":"2024-07-19T20:31:24+00:00","description":"Onboarding Guide side 4","inLanguage":"nb-NO","potentialAction":[{"@type":"ReadAction","target":["https:\/\/onedesk.com\/no\/embedded-onboarding-guide-4\/"]}]},{"@type":"ImageObject","inLanguage":"nb-NO","@id":"https:\/\/onedesk.com\/no\/embedded-onboarding-guide-4\/#primaryimage","url":"https:\/\/onedesk.com\/wp-content\/uploads\/elementor\/thumbs\/06-Email-to-Ticket-1-qe0g5rwmnef7jre7h4siaard8fprp4044uwgzyn7fq.png","contentUrl":"https:\/\/onedesk.com\/wp-content\/uploads\/elementor\/thumbs\/06-Email-to-Ticket-1-qe0g5rwmnef7jre7h4siaard8fprp4044uwgzyn7fq.png"},{"@type":"WebSite","@id":"https:\/\/onedesk.com\/no\/#website","url":"https:\/\/onedesk.com\/no\/","name":"OneDesk","description":"Prosjektledelse og Helpdesk-programvare","publisher":{"@id":"https:\/\/onedesk.com\/no\/#organization"},"potentialAction":[{"@type":"SearchAction","target":{"@type":"EntryPoint","urlTemplate":"https:\/\/onedesk.com\/no\/?s={search_term_string}"},"query-input":{"@type":"PropertyValueSpecification","valueRequired":true,"valueName":"search_term_string"}}],"inLanguage":"nb-NO"},{"@type":"Organization","@id":"https:\/\/onedesk.com\/no\/#organization","name":"OneDesk","url":"https:\/\/onedesk.com\/no\/","logo":{"@type":"ImageObject","inLanguage":"nb-NO","@id":"https:\/\/onedesk.com\/no\/#\/schema\/logo\/image\/","url":"https:\/\/onedesk.com\/wp-content\/uploads\/2016\/01\/white-logo-small.png","contentUrl":"https:\/\/onedesk.com\/wp-content\/uploads\/2016\/01\/white-logo-small.png","width":207,"height":40,"caption":"OneDesk"},"image":{"@id":"https:\/\/onedesk.com\/no\/#\/schema\/logo\/image\/"},"sameAs":["https:\/\/www.facebook.com\/OneDeskApp","https:\/\/x.com\/OneDeskApp","https:\/\/www.instagram.com\/onedeskapp\/","https:\/\/www.linkedin.com\/company\/onedesk-inc-1","https:\/\/www.pinterest.com\/onedesk\/","https:\/\/www.youtube.com\/user\/OneDeskApp"]}]}},"tpgb_featured_images":null,"tpgb_post_meta_info":{"get_date":"October 27, 2023","get_modified_date":"July 19, 2024","author_name":"Erin Richardson","author_url":"https:\/\/onedesk.com\/no\/author\/erin-richardsononedesk-com\/","author_email":"erin.richardson@onedesk.com","author_website":"","author_description":"","author_facebook":"","author_twitter":"","author_instagram":"","author_role":["administrator"],"author_firstname":"Erin","author_lastname":"Richardson","user_login":"erin.richardson@onedesk.com","author_avatar":"<img alt='' src='https:\/\/secure.gravatar.com\/avatar\/5b43ac2756efc1d5aa46746163fa71ceee43f42a78652ebc70940d512d77cba0?s=200&#038;d=mm&#038;r=g' srcset='https:\/\/secure.gravatar.com\/avatar\/5b43ac2756efc1d5aa46746163fa71ceee43f42a78652ebc70940d512d77cba0?s=400&#038;d=mm&#038;r=g 2x' class='avatar avatar-200 photo' height='200' width='200' decoding='async'\/>","author_avatar_url":"https:\/\/secure.gravatar.com\/avatar\/5b43ac2756efc1d5aa46746163fa71ceee43f42a78652ebc70940d512d77cba0?s=96&d=mm&r=g","comment_count":0,"post_likes":0,"post_views":0},"tpgb_post_category":[],"jetpack_shortlink":"https:\/\/wp.me\/PfpPaI-15Pl","amp_enabled":false,"_links":{"self":[{"href":"https:\/\/onedesk.com\/no\/wp-json\/wp\/v2\/pages\/260731","targetHints":{"allow":["GET"]}}],"collection":[{"href":"https:\/\/onedesk.com\/no\/wp-json\/wp\/v2\/pages"}],"about":[{"href":"https:\/\/onedesk.com\/no\/wp-json\/wp\/v2\/types\/page"}],"author":[{"embeddable":true,"href":"https:\/\/onedesk.com\/no\/wp-json\/wp\/v2\/users\/30"}],"replies":[{"embeddable":true,"href":"https:\/\/onedesk.com\/no\/wp-json\/wp\/v2\/comments?post=260731"}],"version-history":[{"count":8,"href":"https:\/\/onedesk.com\/no\/wp-json\/wp\/v2\/pages\/260731\/revisions"}],"predecessor-version":[{"id":272742,"href":"https:\/\/onedesk.com\/no\/wp-json\/wp\/v2\/pages\/260731\/revisions\/272742"}],"wp:attachment":[{"href":"https:\/\/onedesk.com\/no\/wp-json\/wp\/v2\/media?parent=260731"}],"curies":[{"name":"wp","href":"https:\/\/api.w.org\/{rel}","templated":true}]}}