{"id":92101,"date":"2021-04-28T17:39:29","date_gmt":"2021-04-28T17:39:29","guid":{"rendered":"https:\/\/onedesk.com\/integrer-med-onedesk\/azure-active-katalog\/"},"modified":"2021-05-06T12:54:45","modified_gmt":"2021-05-06T12:54:45","slug":"azure-active-directory","status":"publish","type":"page","link":"https:\/\/onedesk.com\/no\/integrer-med-onedesk\/azure-active-directory\/","title":{"rendered":"Azure Active Directory"},"content":{"rendered":"<div style=\"float: left;\"><img decoding=\"async\" class=\"aligncenter size-full wp-image-46284\" style=\"margin: 20px 20px;\" src=\"https:\/\/onedesk.com\/wp-content\/uploads\/2020\/01\/azure.png\" alt=\"Azure Active Directory Integration\" width=\"84\" height=\"84\"><\/div>\n<h2>Koble Azure Active Directory til OneDesk-kontoen din<\/h2>\n<p>Legg til enkelt p\u00e5logging for OneDesk-brukerne dine ved hjelp av Azure Active Directory. Koble OneDesk&#8217;s helpdesk- og prosjektadministrasjonsprogramvare til Azure Active Directory-kontoen din for \u00e5 gj\u00f8re det enklere for brukerne \u00e5 logge p\u00e5 og administrere tilgangen til OneDesk.<\/p>\n<h3>Hva lar Azure Active Directory Integration deg gj\u00f8re?<\/h3>\n<p>Med Azure Active Directory-integrering aktivert kan du tillate at brukerne dine logger p\u00e5 OneDesk ved hjelp av deres eksisterende Active Directory-legitimasjon. Hvis disse brukerne ikke allerede har OneDesk-kontoer, kan denne integrasjonen automatisk opprette dem for deg.<\/p>\n<p>Det er enkelt \u00e5 integrere OneDesk sin helpdesk- og prosjektadministrasjonsprogramvare med Azure Active Directory-kontoen. Bare f\u00f8lg trinnene nedenfor eller se videoen.<\/p>\n","protected":false},"excerpt":{"rendered":"<p>Koble Azure Active Directory til OneDesk-kontoen din Legg til enkelt p\u00e5logging for OneDesk-brukerne dine ved hjelp av Azure Active Directory. Koble OneDesk&#8217;s helpdesk- og prosjektadministrasjonsprogramvare til Azure Active Directory-kontoen din for \u00e5 gj\u00f8re det enklere for brukerne \u00e5 logge p\u00e5 og administrere tilgangen til OneDesk. Hva lar Azure Active Directory Integration deg gj\u00f8re? Med Azure [&hellip;]<\/p>\n","protected":false},"author":1,"featured_media":0,"parent":91252,"menu_order":0,"comment_status":"closed","ping_status":"closed","template":"","meta":{"tpgb_global_settings":"","_crdt_document":"","inline_featured_image":false,"site-sidebar-layout":"default","site-content-layout":"","ast-site-content-layout":"default","site-content-style":"default","site-sidebar-style":"default","ast-global-header-display":"","ast-banner-title-visibility":"","ast-main-header-display":"","ast-hfb-above-header-display":"","ast-hfb-below-header-display":"","ast-hfb-mobile-header-display":"","site-post-title":"","ast-breadcrumbs-content":"","ast-featured-img":"","footer-sml-layout":"","ast-disable-related-posts":"","theme-transparent-header-meta":"","adv-header-id-meta":"","stick-header-meta":"","header-above-stick-meta":"","header-main-stick-meta":"","header-below-stick-meta":"","astra-migrate-meta-layouts":"default","ast-page-background-enabled":"default","ast-page-background-meta":{"desktop":{"background-color":"var(--ast-global-color-4)","background-image":"","background-repeat":"repeat","background-position":"center center","background-size":"auto","background-attachment":"scroll","background-type":"","background-media":"","overlay-type":"","overlay-color":"","overlay-opacity":"","overlay-gradient":""},"tablet":{"background-color":"","background-image":"","background-repeat":"repeat","background-position":"center center","background-size":"auto","background-attachment":"scroll","background-type":"","background-media":"","overlay-type":"","overlay-color":"","overlay-opacity":"","overlay-gradient":""},"mobile":{"background-color":"","background-image":"","background-repeat":"repeat","background-position":"center center","background-size":"auto","background-attachment":"scroll","background-type":"","background-media":"","overlay-type":"","overlay-color":"","overlay-opacity":"","overlay-gradient":""}},"ast-content-background-meta":{"desktop":{"background-color":"var(--ast-global-color-5)","background-image":"","background-repeat":"repeat","background-position":"center center","background-size":"auto","background-attachment":"scroll","background-type":"","background-media":"","overlay-type":"","overlay-color":"","overlay-opacity":"","overlay-gradient":""},"tablet":{"background-color":"var(--ast-global-color-5)","background-image":"","background-repeat":"repeat","background-position":"center center","background-size":"auto","background-attachment":"scroll","background-type":"","background-media":"","overlay-type":"","overlay-color":"","overlay-opacity":"","overlay-gradient":""},"mobile":{"background-color":"var(--ast-global-color-5)","background-image":"","background-repeat":"repeat","background-position":"center center","background-size":"auto","background-attachment":"scroll","background-type":"","background-media":"","overlay-type":"","overlay-color":"","overlay-opacity":"","overlay-gradient":""}},"footnotes":""},"class_list":["post-92101","page","type-page","status-publish","hentry"],"yoast_head":"<!-- This site is optimized with the Yoast SEO Premium plugin v27.6 (Yoast SEO v27.6) - https:\/\/yoast.com\/product\/yoast-seo-premium-wordpress\/ -->\n<title>Azure Active Directory-integrering | Prosjektledelsesprogramvare<\/title>\n<meta name=\"description\" content=\"Azure Active Directory-integrasjon er tilgjengelig for OneDesk Project Management og Help Desk-programvare. Koble til kontoen din og arbeid mer effektivt.\" \/>\n<meta name=\"robots\" content=\"index, follow, max-snippet:-1, max-image-preview:large, max-video-preview:-1\" \/>\n<link rel=\"canonical\" href=\"https:\/\/onedesk.com\/no\/integrer-med-onedesk\/azure-active-directory\/\" \/>\n<meta property=\"og:locale\" content=\"nb_NO\" \/>\n<meta property=\"og:type\" content=\"article\" \/>\n<meta property=\"og:title\" content=\"Azure Active Directory-integrering | Prosjektledelsesprogramvare\" \/>\n<meta property=\"og:description\" content=\"Azure Active Directory-integrasjon er tilgjengelig for OneDesk Project Management og Help Desk-programvare. Koble til kontoen din og arbeid mer effektivt.\" \/>\n<meta property=\"og:url\" content=\"https:\/\/onedesk.com\/no\/integrer-med-onedesk\/azure-active-directory\/\" \/>\n<meta property=\"og:site_name\" content=\"OneDesk\" \/>\n<meta property=\"article:publisher\" content=\"https:\/\/www.facebook.com\/OneDeskApp\" \/>\n<meta property=\"article:modified_time\" content=\"2021-05-06T12:54:45+00:00\" \/>\n<meta property=\"og:image\" content=\"https:\/\/onedesk.com\/wp-content\/uploads\/2020\/01\/azure.png\" \/>\n<meta name=\"twitter:card\" content=\"summary_large_image\" \/>\n<meta name=\"twitter:site\" content=\"@OneDeskApp\" \/>\n<meta name=\"twitter:label1\" content=\"Est. reading time\" \/>\n\t<meta name=\"twitter:data1\" content=\"1 minute\" \/>\n<!-- \/ Yoast SEO Premium plugin. -->","yoast_head_json":{"title":"Azure Active Directory-integrering | Prosjektledelsesprogramvare","description":"Azure Active Directory-integrasjon er tilgjengelig for OneDesk Project Management og Help Desk-programvare. Koble til kontoen din og arbeid mer effektivt.","robots":{"index":"index","follow":"follow","max-snippet":"max-snippet:-1","max-image-preview":"max-image-preview:large","max-video-preview":"max-video-preview:-1"},"canonical":"https:\/\/onedesk.com\/no\/integrer-med-onedesk\/azure-active-directory\/","og_locale":"nb_NO","og_type":"article","og_title":"Azure Active Directory-integrering | Prosjektledelsesprogramvare","og_description":"Azure Active Directory-integrasjon er tilgjengelig for OneDesk Project Management og Help Desk-programvare. Koble til kontoen din og arbeid mer effektivt.","og_url":"https:\/\/onedesk.com\/no\/integrer-med-onedesk\/azure-active-directory\/","og_site_name":"OneDesk","article_publisher":"https:\/\/www.facebook.com\/OneDeskApp","article_modified_time":"2021-05-06T12:54:45+00:00","og_image":[{"url":"https:\/\/onedesk.com\/wp-content\/uploads\/2020\/01\/azure.png","type":"","width":"","height":""}],"twitter_card":"summary_large_image","twitter_site":"@OneDeskApp","twitter_misc":{"Est. reading time":"1 minute"},"schema":{"@context":"https:\/\/schema.org","@graph":[{"@type":"WebPage","@id":"https:\/\/onedesk.com\/no\/integrer-med-onedesk\/azure-active-directory\/","url":"https:\/\/onedesk.com\/no\/integrer-med-onedesk\/azure-active-directory\/","name":"Azure Active Directory-integrering | Prosjektledelsesprogramvare","isPartOf":{"@id":"https:\/\/onedesk.com\/no\/#website"},"primaryImageOfPage":{"@id":"https:\/\/onedesk.com\/no\/integrer-med-onedesk\/azure-active-directory\/#primaryimage"},"image":{"@id":"https:\/\/onedesk.com\/no\/integrer-med-onedesk\/azure-active-directory\/#primaryimage"},"thumbnailUrl":"https:\/\/onedesk.com\/wp-content\/uploads\/2020\/01\/azure.png","datePublished":"2021-04-28T17:39:29+00:00","dateModified":"2021-05-06T12:54:45+00:00","description":"Azure Active Directory-integrasjon er tilgjengelig for OneDesk Project Management og Help Desk-programvare. Koble til kontoen din og arbeid mer effektivt.","breadcrumb":{"@id":"https:\/\/onedesk.com\/no\/integrer-med-onedesk\/azure-active-directory\/#breadcrumb"},"inLanguage":"nb-NO","potentialAction":[{"@type":"ReadAction","target":["https:\/\/onedesk.com\/no\/integrer-med-onedesk\/azure-active-directory\/"]}]},{"@type":"ImageObject","inLanguage":"nb-NO","@id":"https:\/\/onedesk.com\/no\/integrer-med-onedesk\/azure-active-directory\/#primaryimage","url":"https:\/\/onedesk.com\/wp-content\/uploads\/2020\/01\/azure.png","contentUrl":"https:\/\/onedesk.com\/wp-content\/uploads\/2020\/01\/azure.png"},{"@type":"BreadcrumbList","@id":"https:\/\/onedesk.com\/no\/integrer-med-onedesk\/azure-active-directory\/#breadcrumb","itemListElement":[{"@type":"ListItem","position":1,"name":"Integrer med OneDesk","item":"https:\/\/onedesk.com\/no\/integrer-med-onedesk\/"},{"@type":"ListItem","position":2,"name":"Azure Active Directory"}]},{"@type":"WebSite","@id":"https:\/\/onedesk.com\/no\/#website","url":"https:\/\/onedesk.com\/no\/","name":"OneDesk","description":"Prosjektledelse og Helpdesk-programvare","publisher":{"@id":"https:\/\/onedesk.com\/no\/#organization"},"potentialAction":[{"@type":"SearchAction","target":{"@type":"EntryPoint","urlTemplate":"https:\/\/onedesk.com\/no\/?s={search_term_string}"},"query-input":{"@type":"PropertyValueSpecification","valueRequired":true,"valueName":"search_term_string"}}],"inLanguage":"nb-NO"},{"@type":"Organization","@id":"https:\/\/onedesk.com\/no\/#organization","name":"OneDesk","url":"https:\/\/onedesk.com\/no\/","logo":{"@type":"ImageObject","inLanguage":"nb-NO","@id":"https:\/\/onedesk.com\/no\/#\/schema\/logo\/image\/","url":"https:\/\/onedesk.com\/wp-content\/uploads\/2016\/01\/white-logo-small.png","contentUrl":"https:\/\/onedesk.com\/wp-content\/uploads\/2016\/01\/white-logo-small.png","width":207,"height":40,"caption":"OneDesk"},"image":{"@id":"https:\/\/onedesk.com\/no\/#\/schema\/logo\/image\/"},"sameAs":["https:\/\/www.facebook.com\/OneDeskApp","https:\/\/x.com\/OneDeskApp","https:\/\/www.instagram.com\/onedeskapp\/","https:\/\/www.linkedin.com\/company\/onedesk-inc-1","https:\/\/www.pinterest.com\/onedesk\/","https:\/\/www.youtube.com\/user\/OneDeskApp"]}]}},"tpgb_featured_images":null,"tpgb_post_meta_info":{"get_date":"April 28, 2021","get_modified_date":"May 6, 2021","author_name":"server.admin@onedesk.com","author_url":"https:\/\/onedesk.com\/no\/author\/server-adminonedesk-com\/","author_email":"server.admin@onedesk.com","author_website":"","author_description":"","author_facebook":"","author_twitter":"","author_instagram":"","author_role":["administrator"],"author_firstname":"","author_lastname":"","user_login":"server.admin@onedesk.com","author_avatar":"<img alt='' src='https:\/\/secure.gravatar.com\/avatar\/a37d6b270be81ecbf4ab9ca7260f2d1ee4d0295343706f0648e9d7a0d75243d3?s=200&#038;d=mm&#038;r=g' srcset='https:\/\/secure.gravatar.com\/avatar\/a37d6b270be81ecbf4ab9ca7260f2d1ee4d0295343706f0648e9d7a0d75243d3?s=400&#038;d=mm&#038;r=g 2x' class='avatar avatar-200 photo' height='200' width='200' decoding='async'\/>","author_avatar_url":"https:\/\/secure.gravatar.com\/avatar\/a37d6b270be81ecbf4ab9ca7260f2d1ee4d0295343706f0648e9d7a0d75243d3?s=96&d=mm&r=g","comment_count":0,"post_likes":0,"post_views":0},"tpgb_post_category":[],"jetpack_shortlink":"https:\/\/wp.me\/PfpPaI-nXv","amp_enabled":true,"_links":{"self":[{"href":"https:\/\/onedesk.com\/no\/wp-json\/wp\/v2\/pages\/92101","targetHints":{"allow":["GET"]}}],"collection":[{"href":"https:\/\/onedesk.com\/no\/wp-json\/wp\/v2\/pages"}],"about":[{"href":"https:\/\/onedesk.com\/no\/wp-json\/wp\/v2\/types\/page"}],"author":[{"embeddable":true,"href":"https:\/\/onedesk.com\/no\/wp-json\/wp\/v2\/users\/1"}],"replies":[{"embeddable":true,"href":"https:\/\/onedesk.com\/no\/wp-json\/wp\/v2\/comments?post=92101"}],"version-history":[{"count":1,"href":"https:\/\/onedesk.com\/no\/wp-json\/wp\/v2\/pages\/92101\/revisions"}],"predecessor-version":[{"id":92111,"href":"https:\/\/onedesk.com\/no\/wp-json\/wp\/v2\/pages\/92101\/revisions\/92111"}],"up":[{"embeddable":true,"href":"https:\/\/onedesk.com\/no\/wp-json\/wp\/v2\/pages\/91252"}],"wp:attachment":[{"href":"https:\/\/onedesk.com\/no\/wp-json\/wp\/v2\/media?parent=92101"}],"curies":[{"name":"wp","href":"https:\/\/api.w.org\/{rel}","templated":true}]}}