{"id":92281,"date":"2021-04-28T18:27:14","date_gmt":"2021-04-28T18:27:14","guid":{"rendered":"https:\/\/onedesk.com\/integrer-med-onedesk\/okta\/"},"modified":"2021-04-28T18:27:33","modified_gmt":"2021-04-28T18:27:33","slug":"okta","status":"publish","type":"page","link":"https:\/\/onedesk.com\/no\/integrer-med-onedesk\/okta\/","title":{"rendered":"Okta"},"content":{"rendered":"<div style=\"float: left;\"><img decoding=\"async\" class=\"aligncenter wp-image-46284 size-full\" style=\"margin: 20px 20px;\" src=\"https:\/\/onedesk.com\/wp-content\/uploads\/2016\/01\/okta.jpg\" alt=\"Okta Integration\" width=\"84\" height=\"84\"><\/div>\n<h2>Koble Okta til OneDesk-kontoen din<\/h2>\n<p>Legge til<a href=\"https:\/\/onedesk.com\/videos\/single-sign-on-with-openid\/\"> enkel p\u00e5logging (SSO)<\/a> for OneDesk-brukere og kundekontoer ved \u00e5 koble til Okta. Administrer p\u00e5loggingsinformasjonen din enkelt innen Okta.<\/p>\n<h3>Hva lar Okta Integration deg gj\u00f8re?<\/h3>\n<p>Med Okta-integrering aktivert vil brukere eller kunder kunne logge p\u00e5 OneDesk-kontoene sine ved hjelp av legitimasjonen som administreres av Okta. Les mer om integrering av<a href=\"https:\/\/www.okta.com\/integrations\/onedesk\/\"> OneDesk sin helpdesk og prosjektledelsesprogramvare for Okta<\/a> p\u00e5 nettstedet Okta.<\/p>\n<p>Det er enkelt \u00e5 integrere OneDesk sin helpdesk- og prosjektledelsesprogramvare med Okta-kontoen din. Bare f\u00f8lg trinnene nedenfor eller se videoen.<\/p>\n","protected":false},"excerpt":{"rendered":"<p>Koble Okta til OneDesk-kontoen din Legge til enkel p\u00e5logging (SSO) for OneDesk-brukere og kundekontoer ved \u00e5 koble til Okta. Administrer p\u00e5loggingsinformasjonen din enkelt innen Okta. Hva lar Okta Integration deg gj\u00f8re? Med Okta-integrering aktivert vil brukere eller kunder kunne logge p\u00e5 OneDesk-kontoene sine ved hjelp av legitimasjonen som administreres av Okta. Les mer om integrering [&hellip;]<\/p>\n","protected":false},"author":1,"featured_media":0,"parent":91252,"menu_order":12,"comment_status":"closed","ping_status":"closed","template":"","meta":{"tpgb_global_settings":"","_crdt_document":"","inline_featured_image":false,"site-sidebar-layout":"default","site-content-layout":"","ast-site-content-layout":"default","site-content-style":"default","site-sidebar-style":"default","ast-global-header-display":"","ast-banner-title-visibility":"","ast-main-header-display":"","ast-hfb-above-header-display":"","ast-hfb-below-header-display":"","ast-hfb-mobile-header-display":"","site-post-title":"","ast-breadcrumbs-content":"","ast-featured-img":"","footer-sml-layout":"","ast-disable-related-posts":"","theme-transparent-header-meta":"","adv-header-id-meta":"","stick-header-meta":"","header-above-stick-meta":"","header-main-stick-meta":"","header-below-stick-meta":"","astra-migrate-meta-layouts":"default","ast-page-background-enabled":"default","ast-page-background-meta":{"desktop":{"background-color":"var(--ast-global-color-4)","background-image":"","background-repeat":"repeat","background-position":"center center","background-size":"auto","background-attachment":"scroll","background-type":"","background-media":"","overlay-type":"","overlay-color":"","overlay-opacity":"","overlay-gradient":""},"tablet":{"background-color":"","background-image":"","background-repeat":"repeat","background-position":"center center","background-size":"auto","background-attachment":"scroll","background-type":"","background-media":"","overlay-type":"","overlay-color":"","overlay-opacity":"","overlay-gradient":""},"mobile":{"background-color":"","background-image":"","background-repeat":"repeat","background-position":"center center","background-size":"auto","background-attachment":"scroll","background-type":"","background-media":"","overlay-type":"","overlay-color":"","overlay-opacity":"","overlay-gradient":""}},"ast-content-background-meta":{"desktop":{"background-color":"var(--ast-global-color-5)","background-image":"","background-repeat":"repeat","background-position":"center center","background-size":"auto","background-attachment":"scroll","background-type":"","background-media":"","overlay-type":"","overlay-color":"","overlay-opacity":"","overlay-gradient":""},"tablet":{"background-color":"var(--ast-global-color-5)","background-image":"","background-repeat":"repeat","background-position":"center center","background-size":"auto","background-attachment":"scroll","background-type":"","background-media":"","overlay-type":"","overlay-color":"","overlay-opacity":"","overlay-gradient":""},"mobile":{"background-color":"var(--ast-global-color-5)","background-image":"","background-repeat":"repeat","background-position":"center center","background-size":"auto","background-attachment":"scroll","background-type":"","background-media":"","overlay-type":"","overlay-color":"","overlay-opacity":"","overlay-gradient":""}},"footnotes":""},"class_list":["post-92281","page","type-page","status-publish","hentry"],"yoast_head":"<!-- This site is optimized with the Yoast SEO Premium plugin v27.4 (Yoast SEO v27.4) - https:\/\/yoast.com\/product\/yoast-seo-premium-wordpress\/ -->\n<title>Okta Integration | Help Desk og prosjektledelsesprogramvare OneDesk<\/title>\n<meta name=\"description\" content=\"Okta Integration er tilgjengelig for OneDesk Help Desk og Project Management Software. Koble kontoen din for \u00e5 jobbe med prosjektene mer effektivt.\" \/>\n<meta name=\"robots\" content=\"index, follow, max-snippet:-1, max-image-preview:large, max-video-preview:-1\" \/>\n<link rel=\"canonical\" href=\"https:\/\/onedesk.com\/no\/integrer-med-onedesk\/okta\/\" \/>\n<meta property=\"og:locale\" content=\"nb_NO\" \/>\n<meta property=\"og:type\" content=\"article\" \/>\n<meta property=\"og:title\" content=\"Okta Integration | Help Desk og prosjektledelsesprogramvare OneDesk\" \/>\n<meta property=\"og:description\" content=\"Okta Integration er tilgjengelig for OneDesk Help Desk og Project Management Software. Koble kontoen din for \u00e5 jobbe med prosjektene mer effektivt.\" \/>\n<meta property=\"og:url\" content=\"https:\/\/onedesk.com\/no\/integrer-med-onedesk\/okta\/\" \/>\n<meta property=\"og:site_name\" content=\"OneDesk\" \/>\n<meta property=\"article:publisher\" content=\"https:\/\/www.facebook.com\/OneDeskApp\" \/>\n<meta property=\"article:modified_time\" content=\"2021-04-28T18:27:33+00:00\" \/>\n<meta property=\"og:image\" content=\"https:\/\/onedesk.com\/wp-content\/uploads\/2016\/01\/okta.jpg\" \/>\n<meta name=\"twitter:card\" content=\"summary_large_image\" \/>\n<meta name=\"twitter:site\" content=\"@OneDeskApp\" \/>\n<!-- \/ Yoast SEO Premium plugin. -->","yoast_head_json":{"title":"Okta Integration | Help Desk og prosjektledelsesprogramvare OneDesk","description":"Okta Integration er tilgjengelig for OneDesk Help Desk og Project Management Software. Koble kontoen din for \u00e5 jobbe med prosjektene mer effektivt.","robots":{"index":"index","follow":"follow","max-snippet":"max-snippet:-1","max-image-preview":"max-image-preview:large","max-video-preview":"max-video-preview:-1"},"canonical":"https:\/\/onedesk.com\/no\/integrer-med-onedesk\/okta\/","og_locale":"nb_NO","og_type":"article","og_title":"Okta Integration | Help Desk og prosjektledelsesprogramvare OneDesk","og_description":"Okta Integration er tilgjengelig for OneDesk Help Desk og Project Management Software. Koble kontoen din for \u00e5 jobbe med prosjektene mer effektivt.","og_url":"https:\/\/onedesk.com\/no\/integrer-med-onedesk\/okta\/","og_site_name":"OneDesk","article_publisher":"https:\/\/www.facebook.com\/OneDeskApp","article_modified_time":"2021-04-28T18:27:33+00:00","og_image":[{"url":"https:\/\/onedesk.com\/wp-content\/uploads\/2016\/01\/okta.jpg","type":"","width":"","height":""}],"twitter_card":"summary_large_image","twitter_site":"@OneDeskApp","schema":{"@context":"https:\/\/schema.org","@graph":[{"@type":"WebPage","@id":"https:\/\/onedesk.com\/no\/integrer-med-onedesk\/okta\/","url":"https:\/\/onedesk.com\/no\/integrer-med-onedesk\/okta\/","name":"Okta Integration | Help Desk og prosjektledelsesprogramvare OneDesk","isPartOf":{"@id":"https:\/\/onedesk.com\/no\/#website"},"primaryImageOfPage":{"@id":"https:\/\/onedesk.com\/no\/integrer-med-onedesk\/okta\/#primaryimage"},"image":{"@id":"https:\/\/onedesk.com\/no\/integrer-med-onedesk\/okta\/#primaryimage"},"thumbnailUrl":"https:\/\/onedesk.com\/wp-content\/uploads\/2016\/01\/okta.jpg","datePublished":"2021-04-28T18:27:14+00:00","dateModified":"2021-04-28T18:27:33+00:00","description":"Okta Integration er tilgjengelig for OneDesk Help Desk og Project Management Software. Koble kontoen din for \u00e5 jobbe med prosjektene mer effektivt.","breadcrumb":{"@id":"https:\/\/onedesk.com\/no\/integrer-med-onedesk\/okta\/#breadcrumb"},"inLanguage":"nb-NO","potentialAction":[{"@type":"ReadAction","target":["https:\/\/onedesk.com\/no\/integrer-med-onedesk\/okta\/"]}]},{"@type":"ImageObject","inLanguage":"nb-NO","@id":"https:\/\/onedesk.com\/no\/integrer-med-onedesk\/okta\/#primaryimage","url":"https:\/\/onedesk.com\/wp-content\/uploads\/2016\/01\/okta.jpg","contentUrl":"https:\/\/onedesk.com\/wp-content\/uploads\/2016\/01\/okta.jpg"},{"@type":"BreadcrumbList","@id":"https:\/\/onedesk.com\/no\/integrer-med-onedesk\/okta\/#breadcrumb","itemListElement":[{"@type":"ListItem","position":1,"name":"Integrer med OneDesk","item":"https:\/\/onedesk.com\/no\/integrer-med-onedesk\/"},{"@type":"ListItem","position":2,"name":"Okta"}]},{"@type":"WebSite","@id":"https:\/\/onedesk.com\/no\/#website","url":"https:\/\/onedesk.com\/no\/","name":"OneDesk","description":"Prosjektledelse og Helpdesk-programvare","publisher":{"@id":"https:\/\/onedesk.com\/no\/#organization"},"potentialAction":[{"@type":"SearchAction","target":{"@type":"EntryPoint","urlTemplate":"https:\/\/onedesk.com\/no\/?s={search_term_string}"},"query-input":{"@type":"PropertyValueSpecification","valueRequired":true,"valueName":"search_term_string"}}],"inLanguage":"nb-NO"},{"@type":"Organization","@id":"https:\/\/onedesk.com\/no\/#organization","name":"OneDesk","url":"https:\/\/onedesk.com\/no\/","logo":{"@type":"ImageObject","inLanguage":"nb-NO","@id":"https:\/\/onedesk.com\/no\/#\/schema\/logo\/image\/","url":"https:\/\/onedesk.com\/wp-content\/uploads\/2016\/01\/white-logo-small.png","contentUrl":"https:\/\/onedesk.com\/wp-content\/uploads\/2016\/01\/white-logo-small.png","width":207,"height":40,"caption":"OneDesk"},"image":{"@id":"https:\/\/onedesk.com\/no\/#\/schema\/logo\/image\/"},"sameAs":["https:\/\/www.facebook.com\/OneDeskApp","https:\/\/x.com\/OneDeskApp","https:\/\/www.instagram.com\/onedeskapp\/","https:\/\/www.linkedin.com\/company\/onedesk-inc-1","https:\/\/www.pinterest.com\/onedesk\/","https:\/\/www.youtube.com\/user\/OneDeskApp"]}]}},"tpgb_featured_images":null,"tpgb_post_meta_info":{"get_date":"April 28, 2021","get_modified_date":"April 28, 2021","author_name":"server.admin@onedesk.com","author_url":"https:\/\/onedesk.com\/no\/author\/server-adminonedesk-com\/","author_email":"server.admin@onedesk.com","author_website":"","author_description":"","author_facebook":"","author_twitter":"","author_instagram":"","author_role":["administrator"],"author_firstname":"","author_lastname":"","user_login":"server.admin@onedesk.com","author_avatar":"<img alt='' src='https:\/\/secure.gravatar.com\/avatar\/a37d6b270be81ecbf4ab9ca7260f2d1ee4d0295343706f0648e9d7a0d75243d3?s=200&#038;d=mm&#038;r=g' srcset='https:\/\/secure.gravatar.com\/avatar\/a37d6b270be81ecbf4ab9ca7260f2d1ee4d0295343706f0648e9d7a0d75243d3?s=400&#038;d=mm&#038;r=g 2x' class='avatar avatar-200 photo' height='200' width='200' decoding='async'\/>","author_avatar_url":"https:\/\/secure.gravatar.com\/avatar\/a37d6b270be81ecbf4ab9ca7260f2d1ee4d0295343706f0648e9d7a0d75243d3?s=96&d=mm&r=g","comment_count":0,"post_likes":0,"post_views":0},"tpgb_post_category":[],"jetpack_shortlink":"https:\/\/wp.me\/PfpPaI-o0p","amp_enabled":true,"_links":{"self":[{"href":"https:\/\/onedesk.com\/no\/wp-json\/wp\/v2\/pages\/92281","targetHints":{"allow":["GET"]}}],"collection":[{"href":"https:\/\/onedesk.com\/no\/wp-json\/wp\/v2\/pages"}],"about":[{"href":"https:\/\/onedesk.com\/no\/wp-json\/wp\/v2\/types\/page"}],"author":[{"embeddable":true,"href":"https:\/\/onedesk.com\/no\/wp-json\/wp\/v2\/users\/1"}],"replies":[{"embeddable":true,"href":"https:\/\/onedesk.com\/no\/wp-json\/wp\/v2\/comments?post=92281"}],"version-history":[{"count":1,"href":"https:\/\/onedesk.com\/no\/wp-json\/wp\/v2\/pages\/92281\/revisions"}],"predecessor-version":[{"id":92307,"href":"https:\/\/onedesk.com\/no\/wp-json\/wp\/v2\/pages\/92281\/revisions\/92307"}],"up":[{"embeddable":true,"href":"https:\/\/onedesk.com\/no\/wp-json\/wp\/v2\/pages\/91252"}],"wp:attachment":[{"href":"https:\/\/onedesk.com\/no\/wp-json\/wp\/v2\/media?parent=92281"}],"curies":[{"name":"wp","href":"https:\/\/api.w.org\/{rel}","templated":true}]}}