{"id":92654,"date":"2021-04-28T18:37:11","date_gmt":"2021-04-28T18:37:11","guid":{"rendered":"https:\/\/onedesk.com\/kom-i-gang\/"},"modified":"2023-11-16T17:24:06","modified_gmt":"2023-11-16T17:24:06","slug":"komme-i-gang-gammel","status":"publish","type":"page","link":"https:\/\/onedesk.com\/no\/komme-i-gang-gammel\/","title":{"rendered":"Kom i gang med OneDesk"},"content":{"rendered":"\t\t<div data-elementor-type=\"wp-page\" data-elementor-id=\"92654\" class=\"elementor elementor-92654\" data-elementor-post-type=\"page\">\n\t\t\t\t\t\t<section class=\"elementor-section elementor-top-section elementor-element elementor-element-08ef2ca elementor-section-boxed elementor-section-height-default elementor-section-height-default\" data-id=\"08ef2ca\" data-element_type=\"section\" data-e-type=\"section\">\n\t\t\t\t\t\t<div class=\"elementor-container elementor-column-gap-default\">\n\t\t\t\t\t<div class=\"elementor-column elementor-col-100 elementor-top-column elementor-element elementor-element-4673dcf\" data-id=\"4673dcf\" data-element_type=\"column\" data-e-type=\"column\">\n\t\t\t<div class=\"elementor-widget-wrap\">\n\t\t\t\t\t\t\t<\/div>\n\t\t<\/div>\n\t\t\t\t\t<\/div>\n\t\t<\/section>\n\t\t\t\t<section class=\"elementor-section elementor-top-section elementor-element elementor-element-240eb07 elementor-section-boxed elementor-section-height-default elementor-section-height-default\" data-id=\"240eb07\" data-element_type=\"section\" data-e-type=\"section\">\n\t\t\t\t\t\t<div class=\"elementor-container elementor-column-gap-default\">\n\t\t\t\t\t<div class=\"elementor-column elementor-col-100 elementor-top-column elementor-element elementor-element-db41f88\" data-id=\"db41f88\" data-element_type=\"column\" data-e-type=\"column\">\n\t\t\t<div class=\"elementor-widget-wrap elementor-element-populated\">\n\t\t\t\t\t\t<div class=\"elementor-element elementor-element-6b20f56 elementor-widget elementor-widget-heading\" data-id=\"6b20f56\" data-element_type=\"widget\" data-e-type=\"widget\" data-widget_type=\"heading.default\">\n\t\t\t\t<div class=\"elementor-widget-container\">\n\t\t\t\t\t<h2 class=\"elementor-heading-title elementor-size-default\">Komme i gang med OneDesk<\/h2>\t\t\t\t<\/div>\n\t\t\t\t<\/div>\n\t\t\t\t\t<\/div>\n\t\t<\/div>\n\t\t\t\t\t<\/div>\n\t\t<\/section>\n\t\t\t\t<section class=\"elementor-section elementor-top-section elementor-element elementor-element-9917cb6 elementor-section-boxed elementor-section-height-default elementor-section-height-default\" data-id=\"9917cb6\" data-element_type=\"section\" data-e-type=\"section\">\n\t\t\t\t\t\t<div class=\"elementor-container elementor-column-gap-default\">\n\t\t\t\t\t<div class=\"elementor-column elementor-col-100 elementor-top-column elementor-element elementor-element-dd7f78f\" data-id=\"dd7f78f\" data-element_type=\"column\" data-e-type=\"column\">\n\t\t\t<div class=\"elementor-widget-wrap elementor-element-populated\">\n\t\t\t\t\t\t<div class=\"elementor-element elementor-element-47569c3 elementor-widget elementor-widget-text-editor\" data-id=\"47569c3\" data-element_type=\"widget\" data-e-type=\"widget\" data-widget_type=\"text-editor.default\">\n\t\t\t\t<div class=\"elementor-widget-container\">\n\t\t\t\t\t\t\t\t\t<\/p>\n<p>L\u00e6r det grunnleggende om OneDesk for \u00e5 hjelpe deg med \u00e5 sette opp raskt og smertefritt.<\/p>\n\t\t\t\t\t\t\t\t<\/div>\n\t\t\t\t<\/div>\n\t\t\t\t\t<\/div>\n\t\t<\/div>\n\t\t\t\t\t<\/div>\n\t\t<\/section>\n\t\t\t\t<section class=\"elementor-section elementor-top-section elementor-element elementor-element-d118373 elementor-section-boxed elementor-section-height-default elementor-section-height-default\" data-id=\"d118373\" data-element_type=\"section\" data-e-type=\"section\">\n\t\t\t\t\t\t<div class=\"elementor-container elementor-column-gap-default\">\n\t\t\t\t\t<div class=\"elementor-column elementor-col-100 elementor-top-column elementor-element elementor-element-fa44e5d\" data-id=\"fa44e5d\" data-element_type=\"column\" data-e-type=\"column\">\n\t\t\t<div class=\"elementor-widget-wrap elementor-element-populated\">\n\t\t\t\t\t\t<div class=\"elementor-element elementor-element-160ecfd elementor-align-center elementor-widget elementor-widget-global elementor-global-239887 elementor-global-131872 elementor-widget-button\" data-id=\"160ecfd\" data-element_type=\"widget\" data-e-type=\"widget\" data-widget_type=\"button.default\">\n\t\t\t\t<div class=\"elementor-widget-container\">\n\t\t\t\t\t\t\t\t\t<div class=\"elementor-button-wrapper\">\n\t\t\t\t\t<a class=\"elementor-button elementor-button-link elementor-size-lg elementor-animation-grow\" href=\"https:\/\/onedesk.com\/no\/registrer-deg-gratis\/\">\n\t\t\t\t\t\t<span class=\"elementor-button-content-wrapper\">\n\t\t\t\t\t\t\t\t\t<span class=\"elementor-button-text\">Registrer deg gratis!<\/span>\n\t\t\t\t\t<\/span>\n\t\t\t\t\t<\/a>\n\t\t\t\t<\/div>\n\t\t\t\t\t\t\t\t<\/div>\n\t\t\t\t<\/div>\n\t\t\t\t\t<\/div>\n\t\t<\/div>\n\t\t\t\t\t<\/div>\n\t\t<\/section>\n\t\t\t\t<section class=\"elementor-section elementor-top-section elementor-element elementor-element-b5765ae elementor-section-boxed elementor-section-height-default elementor-section-height-default\" data-id=\"b5765ae\" data-element_type=\"section\" data-e-type=\"section\">\n\t\t\t\t\t\t<div class=\"elementor-container elementor-column-gap-default\">\n\t\t\t\t\t<div class=\"elementor-column elementor-col-100 elementor-top-column elementor-element elementor-element-7adb505\" data-id=\"7adb505\" data-element_type=\"column\" data-e-type=\"column\">\n\t\t\t<div class=\"elementor-widget-wrap elementor-element-populated\">\n\t\t\t\t\t\t<div class=\"elementor-element elementor-element-ecbbbda elementor-widget elementor-widget-spacer\" data-id=\"ecbbbda\" data-element_type=\"widget\" data-e-type=\"widget\" data-widget_type=\"spacer.default\">\n\t\t\t\t<div class=\"elementor-widget-container\">\n\t\t\t\t\t\t\t<div class=\"elementor-spacer\">\n\t\t\t<div class=\"elementor-spacer-inner\"><\/div>\n\t\t<\/div>\n\t\t\t\t\t\t<\/div>\n\t\t\t\t<\/div>\n\t\t\t\t\t<\/div>\n\t\t<\/div>\n\t\t\t\t\t<\/div>\n\t\t<\/section>\n\t\t\t\t<section class=\"elementor-section elementor-top-section elementor-element elementor-element-85e0b5c elementor-section-boxed elementor-section-height-default elementor-section-height-default\" data-id=\"85e0b5c\" data-element_type=\"section\" data-e-type=\"section\">\n\t\t\t\t\t\t<div class=\"elementor-container elementor-column-gap-default\">\n\t\t\t\t\t<div class=\"elementor-column elementor-col-33 elementor-top-column elementor-element elementor-element-f52a618\" data-id=\"f52a618\" data-element_type=\"column\" data-e-type=\"column\">\n\t\t\t<div class=\"elementor-widget-wrap elementor-element-populated\">\n\t\t\t\t\t\t<div class=\"elementor-element elementor-element-716549f elementor-nav-menu__align-justify elementor-nav-menu--dropdown-tablet elementor-nav-menu__text-align-aside elementor-widget elementor-widget-nav-menu\" data-id=\"716549f\" data-element_type=\"widget\" data-e-type=\"widget\" data-settings=\"{&quot;layout&quot;:&quot;vertical&quot;,&quot;submenu_icon&quot;:{&quot;value&quot;:&quot;&lt;i class=\\&quot;fas fa-caret-down\\&quot; aria-hidden=\\&quot;true\\&quot;&gt;&lt;\\\/i&gt;&quot;,&quot;library&quot;:&quot;fa-solid&quot;}}\" data-widget_type=\"nav-menu.default\">\n\t\t\t\t<div class=\"elementor-widget-container\">\n\t\t\t\t\t\t\t\t<nav aria-label=\"Menu\" class=\"elementor-nav-menu--main elementor-nav-menu__container elementor-nav-menu--layout-vertical e--pointer-background e--animation-fade\">\n\t\t\t\t<ul id=\"menu-1-716549f\" class=\"elementor-nav-menu sm-vertical\"><li class=\"menu-item menu-item-type-custom menu-item-object-custom menu-item-149963\"><a href=\"https:\/\/onedesk.com\/get-started\/organize\/\" class=\"elementor-item menu-link\">Trinn 1 &#8211; Introduksjon til OneDesk<\/a><\/li>\n<li class=\"menu-item menu-item-type-custom menu-item-object-custom menu-item-149964\"><a href=\"https:\/\/onedesk.com\/get-started\/basic-concepts\/\" class=\"elementor-item menu-link\">Trinn 2 &#8211; Grunnleggende konsepter<\/a><\/li>\n<li class=\"menu-item menu-item-type-custom menu-item-object-custom menu-item-149965\"><a href=\"https:\/\/onedesk.com\/get-started\/step-3-adding-stuff\/\" class=\"elementor-item menu-link\">Trinn 3 &#8211; Legge til elementer i OneDesk<\/a><\/li>\n<li class=\"menu-item menu-item-type-custom menu-item-object-custom menu-item-149966\"><a href=\"https:\/\/onedesk.com\/get-started\/step-4-customize\/\" class=\"elementor-item menu-link\">Trinn 4 &#8211; Tilpasning<\/a><\/li>\n<li class=\"menu-item menu-item-type-custom menu-item-object-custom menu-item-149967\"><a href=\"https:\/\/onedesk.com\/get-started\/step-5-collaborate\/\" class=\"elementor-item menu-link\">Trinn 5 \u2013 Samarbeid<\/a><\/li>\n<li class=\"menu-item menu-item-type-custom menu-item-object-custom menu-item-149995\"><a href=\"https:\/\/onedesk.com\/onedesk-video-guide\/\" class=\"elementor-item menu-link\">Nyttige videoer<\/a><\/li>\n<\/ul>\t\t\t<\/nav>\n\t\t\t\t\t\t<nav class=\"elementor-nav-menu--dropdown elementor-nav-menu__container\" aria-hidden=\"true\">\n\t\t\t\t<ul id=\"menu-2-716549f\" class=\"elementor-nav-menu sm-vertical\"><li class=\"menu-item menu-item-type-custom menu-item-object-custom menu-item-149963\"><a href=\"https:\/\/onedesk.com\/get-started\/organize\/\" class=\"elementor-item menu-link\" tabindex=\"-1\">Trinn 1 &#8211; Introduksjon til OneDesk<\/a><\/li>\n<li class=\"menu-item menu-item-type-custom menu-item-object-custom menu-item-149964\"><a href=\"https:\/\/onedesk.com\/get-started\/basic-concepts\/\" class=\"elementor-item menu-link\" tabindex=\"-1\">Trinn 2 &#8211; Grunnleggende konsepter<\/a><\/li>\n<li class=\"menu-item menu-item-type-custom menu-item-object-custom menu-item-149965\"><a href=\"https:\/\/onedesk.com\/get-started\/step-3-adding-stuff\/\" class=\"elementor-item menu-link\" tabindex=\"-1\">Trinn 3 &#8211; Legge til elementer i OneDesk<\/a><\/li>\n<li class=\"menu-item menu-item-type-custom menu-item-object-custom menu-item-149966\"><a href=\"https:\/\/onedesk.com\/get-started\/step-4-customize\/\" class=\"elementor-item menu-link\" tabindex=\"-1\">Trinn 4 &#8211; Tilpasning<\/a><\/li>\n<li class=\"menu-item menu-item-type-custom menu-item-object-custom menu-item-149967\"><a href=\"https:\/\/onedesk.com\/get-started\/step-5-collaborate\/\" class=\"elementor-item menu-link\" tabindex=\"-1\">Trinn 5 \u2013 Samarbeid<\/a><\/li>\n<li class=\"menu-item menu-item-type-custom menu-item-object-custom menu-item-149995\"><a href=\"https:\/\/onedesk.com\/onedesk-video-guide\/\" class=\"elementor-item menu-link\" tabindex=\"-1\">Nyttige videoer<\/a><\/li>\n<\/ul>\t\t\t<\/nav>\n\t\t\t\t\t\t<\/div>\n\t\t\t\t<\/div>\n\t\t\t\t\t<\/div>\n\t\t<\/div>\n\t\t\t\t<div class=\"elementor-column elementor-col-66 elementor-top-column elementor-element elementor-element-52fb851\" data-id=\"52fb851\" data-element_type=\"column\" data-e-type=\"column\">\n\t\t\t<div class=\"elementor-widget-wrap elementor-element-populated\">\n\t\t\t\t\t\t<div class=\"elementor-element elementor-element-741f2bc elementor-widget elementor-widget-text-editor\" data-id=\"741f2bc\" data-element_type=\"widget\" data-e-type=\"widget\" data-widget_type=\"text-editor.default\">\n\t\t\t\t<div class=\"elementor-widget-container\">\n\t\t\t\t\t\t\t\t\t<p>Det kan v\u00e6re skremmende \u00e5 f\u00e5 deg og teamet ditt oppdatert p\u00e5 en ny programvare. Det er derfor OneDesk tilbyr mange ressurser for \u00e5 f\u00e5 alt til \u00e5 fungere problemfritt s\u00e5 raskt som mulig.<\/p>\n<p>Velg en lenke fra menyen og g\u00e5 gjennom flere trinn for \u00e5 komme godt i gang med OneDesk.<\/p>\n\t\t\t\t\t\t\t\t<\/div>\n\t\t\t\t<\/div>\n\t\t\t\t\t<\/div>\n\t\t<\/div>\n\t\t\t\t\t<\/div>\n\t\t<\/section>\n\t\t\t\t<section class=\"elementor-section elementor-top-section elementor-element elementor-element-2d7045e elementor-section-boxed elementor-section-height-default elementor-section-height-default\" data-id=\"2d7045e\" data-element_type=\"section\" data-e-type=\"section\">\n\t\t\t\t\t\t<div class=\"elementor-container elementor-column-gap-default\">\n\t\t\t\t\t<div class=\"elementor-column elementor-col-100 elementor-top-column elementor-element elementor-element-6f95e0d\" data-id=\"6f95e0d\" data-element_type=\"column\" data-e-type=\"column\">\n\t\t\t<div class=\"elementor-widget-wrap elementor-element-populated\">\n\t\t\t\t\t\t<div class=\"elementor-element elementor-element-4ae7186 elementor-widget elementor-widget-spacer\" data-id=\"4ae7186\" data-element_type=\"widget\" data-e-type=\"widget\" data-widget_type=\"spacer.default\">\n\t\t\t\t<div class=\"elementor-widget-container\">\n\t\t\t\t\t\t\t<div class=\"elementor-spacer\">\n\t\t\t<div class=\"elementor-spacer-inner\"><\/div>\n\t\t<\/div>\n\t\t\t\t\t\t<\/div>\n\t\t\t\t<\/div>\n\t\t\t\t\t<\/div>\n\t\t<\/div>\n\t\t\t\t\t<\/div>\n\t\t<\/section>\n\t\t\t\t<\/div>\n\t\t","protected":false},"excerpt":{"rendered":"<p>Komme i gang med OneDesk L\u00e6r det grunnleggende om OneDesk for \u00e5 hjelpe deg med \u00e5 sette opp raskt og smertefritt. Sign up free! Det kan v\u00e6re skremmende \u00e5 f\u00e5 deg og teamet ditt oppdatert p\u00e5 en ny programvare. Det er derfor OneDesk tilbyr mange ressurser for \u00e5 f\u00e5 alt til \u00e5 fungere problemfritt s\u00e5 [&hellip;]<\/p>\n","protected":false},"author":2,"featured_media":0,"parent":0,"menu_order":57,"comment_status":"closed","ping_status":"closed","template":"","meta":{"tpgb_global_settings":"","_crdt_document":"","inline_featured_image":false,"site-sidebar-layout":"no-sidebar","site-content-layout":"page-builder","ast-site-content-layout":"default","site-content-style":"default","site-sidebar-style":"default","ast-global-header-display":"","ast-banner-title-visibility":"","ast-main-header-display":"","ast-hfb-above-header-display":"","ast-hfb-below-header-display":"","ast-hfb-mobile-header-display":"","site-post-title":"disabled","ast-breadcrumbs-content":"","ast-featured-img":"disabled","footer-sml-layout":"","ast-disable-related-posts":"","theme-transparent-header-meta":"","adv-header-id-meta":"","stick-header-meta":"","header-above-stick-meta":"","header-main-stick-meta":"","header-below-stick-meta":"","astra-migrate-meta-layouts":"default","ast-page-background-enabled":"default","ast-page-background-meta":{"desktop":{"background-color":"var(--ast-global-color-4)","background-image":"","background-repeat":"repeat","background-position":"center center","background-size":"auto","background-attachment":"scroll","background-type":"","background-media":"","overlay-type":"","overlay-color":"","overlay-opacity":"","overlay-gradient":""},"tablet":{"background-color":"","background-image":"","background-repeat":"repeat","background-position":"center center","background-size":"auto","background-attachment":"scroll","background-type":"","background-media":"","overlay-type":"","overlay-color":"","overlay-opacity":"","overlay-gradient":""},"mobile":{"background-color":"","background-image":"","background-repeat":"repeat","background-position":"center center","background-size":"auto","background-attachment":"scroll","background-type":"","background-media":"","overlay-type":"","overlay-color":"","overlay-opacity":"","overlay-gradient":""}},"ast-content-background-meta":{"desktop":{"background-color":"var(--ast-global-color-5)","background-image":"","background-repeat":"repeat","background-position":"center center","background-size":"auto","background-attachment":"scroll","background-type":"","background-media":"","overlay-type":"","overlay-color":"","overlay-opacity":"","overlay-gradient":""},"tablet":{"background-color":"var(--ast-global-color-5)","background-image":"","background-repeat":"repeat","background-position":"center center","background-size":"auto","background-attachment":"scroll","background-type":"","background-media":"","overlay-type":"","overlay-color":"","overlay-opacity":"","overlay-gradient":""},"mobile":{"background-color":"var(--ast-global-color-5)","background-image":"","background-repeat":"repeat","background-position":"center center","background-size":"auto","background-attachment":"scroll","background-type":"","background-media":"","overlay-type":"","overlay-color":"","overlay-opacity":"","overlay-gradient":""}},"footnotes":""},"class_list":["post-92654","page","type-page","status-publish","hentry"],"yoast_head":"<!-- This site is optimized with the Yoast SEO Premium plugin v27.4 (Yoast SEO v27.4) - https:\/\/yoast.com\/product\/yoast-seo-premium-wordpress\/ -->\n<title>Kom i gang med OneDesk - OneDesk<\/title>\n<meta name=\"description\" content=\"OneDesk er helpdesk-programvare og prosjektledelsesprogramvare i ett program. Arbeid med kundene dine om prosjektene og billettene sine p\u00e5 en enhetlig plattform.\" \/>\n<meta name=\"robots\" content=\"index, follow, max-snippet:-1, max-image-preview:large, max-video-preview:-1\" \/>\n<link rel=\"canonical\" href=\"https:\/\/onedesk.com\/no\/komme-i-gang-gammel\/\" \/>\n<meta property=\"og:locale\" content=\"nb_NO\" \/>\n<meta property=\"og:type\" content=\"article\" \/>\n<meta property=\"og:title\" content=\"Kom i gang med OneDesk - OneDesk\" \/>\n<meta property=\"og:description\" content=\"OneDesk er helpdesk-programvare og prosjektledelsesprogramvare i ett program. Arbeid med kundene dine om prosjektene og billettene sine p\u00e5 en enhetlig plattform.\" \/>\n<meta property=\"og:url\" content=\"https:\/\/onedesk.com\/no\/komme-i-gang-gammel\/\" \/>\n<meta property=\"og:site_name\" content=\"OneDesk\" \/>\n<meta property=\"article:publisher\" content=\"https:\/\/www.facebook.com\/OneDeskApp\" \/>\n<meta property=\"article:modified_time\" content=\"2023-11-16T17:24:06+00:00\" \/>\n<meta property=\"og:image\" content=\"https:\/\/onedesk.com\/wp-content\/uploads\/2020\/04\/OneDesk-Logo.png\" \/>\n\t<meta property=\"og:image:width\" content=\"1280\" \/>\n\t<meta property=\"og:image:height\" content=\"800\" \/>\n\t<meta property=\"og:image:type\" content=\"image\/png\" \/>\n<meta name=\"twitter:card\" content=\"summary_large_image\" \/>\n<meta name=\"twitter:site\" content=\"@OneDeskApp\" \/>\n<!-- \/ Yoast SEO Premium plugin. -->","yoast_head_json":{"title":"Kom i gang med OneDesk - OneDesk","description":"OneDesk er helpdesk-programvare og prosjektledelsesprogramvare i ett program. Arbeid med kundene dine om prosjektene og billettene sine p\u00e5 en enhetlig plattform.","robots":{"index":"index","follow":"follow","max-snippet":"max-snippet:-1","max-image-preview":"max-image-preview:large","max-video-preview":"max-video-preview:-1"},"canonical":"https:\/\/onedesk.com\/no\/komme-i-gang-gammel\/","og_locale":"nb_NO","og_type":"article","og_title":"Kom i gang med OneDesk - OneDesk","og_description":"OneDesk er helpdesk-programvare og prosjektledelsesprogramvare i ett program. Arbeid med kundene dine om prosjektene og billettene sine p\u00e5 en enhetlig plattform.","og_url":"https:\/\/onedesk.com\/no\/komme-i-gang-gammel\/","og_site_name":"OneDesk","article_publisher":"https:\/\/www.facebook.com\/OneDeskApp","article_modified_time":"2023-11-16T17:24:06+00:00","og_image":[{"width":1280,"height":800,"url":"https:\/\/onedesk.com\/wp-content\/uploads\/2020\/04\/OneDesk-Logo.png","type":"image\/png"}],"twitter_card":"summary_large_image","twitter_site":"@OneDeskApp","schema":{"@context":"https:\/\/schema.org","@graph":[{"@type":"WebPage","@id":"https:\/\/onedesk.com\/no\/komme-i-gang-gammel\/","url":"https:\/\/onedesk.com\/no\/komme-i-gang-gammel\/","name":"Kom i gang med OneDesk - OneDesk","isPartOf":{"@id":"https:\/\/onedesk.com\/no\/#website"},"datePublished":"2021-04-28T18:37:11+00:00","dateModified":"2023-11-16T17:24:06+00:00","description":"OneDesk er helpdesk-programvare og prosjektledelsesprogramvare i ett program. Arbeid med kundene dine om prosjektene og billettene sine p\u00e5 en enhetlig plattform.","inLanguage":"nb-NO","potentialAction":[{"@type":"ReadAction","target":["https:\/\/onedesk.com\/no\/komme-i-gang-gammel\/"]}]},{"@type":"WebSite","@id":"https:\/\/onedesk.com\/no\/#website","url":"https:\/\/onedesk.com\/no\/","name":"OneDesk","description":"Prosjektledelse og Helpdesk-programvare","publisher":{"@id":"https:\/\/onedesk.com\/no\/#organization"},"potentialAction":[{"@type":"SearchAction","target":{"@type":"EntryPoint","urlTemplate":"https:\/\/onedesk.com\/no\/?s={search_term_string}"},"query-input":{"@type":"PropertyValueSpecification","valueRequired":true,"valueName":"search_term_string"}}],"inLanguage":"nb-NO"},{"@type":"Organization","@id":"https:\/\/onedesk.com\/no\/#organization","name":"OneDesk","url":"https:\/\/onedesk.com\/no\/","logo":{"@type":"ImageObject","inLanguage":"nb-NO","@id":"https:\/\/onedesk.com\/no\/#\/schema\/logo\/image\/","url":"https:\/\/onedesk.com\/wp-content\/uploads\/2016\/01\/white-logo-small.png","contentUrl":"https:\/\/onedesk.com\/wp-content\/uploads\/2016\/01\/white-logo-small.png","width":207,"height":40,"caption":"OneDesk"},"image":{"@id":"https:\/\/onedesk.com\/no\/#\/schema\/logo\/image\/"},"sameAs":["https:\/\/www.facebook.com\/OneDeskApp","https:\/\/x.com\/OneDeskApp","https:\/\/www.instagram.com\/onedeskapp\/","https:\/\/www.linkedin.com\/company\/onedesk-inc-1","https:\/\/www.pinterest.com\/onedesk\/","https:\/\/www.youtube.com\/user\/OneDeskApp"]}]}},"tpgb_featured_images":null,"tpgb_post_meta_info":{"get_date":"April 28, 2021","get_modified_date":"November 16, 2023","author_name":"Derek","author_url":"https:\/\/onedesk.com\/no\/author\/derekonedesk-com\/","author_email":"derek@onedesk.com","author_website":"","author_description":"","author_facebook":"","author_twitter":"","author_instagram":"","author_role":["administrator"],"author_firstname":"Derek","author_lastname":"","user_login":"derek@onedesk.com","author_avatar":"<img alt='' src='https:\/\/secure.gravatar.com\/avatar\/457ebef17878f2246da5e4df1ab1420e949ee125154dfb140a3f3ce911b0ef71?s=200&#038;d=mm&#038;r=g' srcset='https:\/\/secure.gravatar.com\/avatar\/457ebef17878f2246da5e4df1ab1420e949ee125154dfb140a3f3ce911b0ef71?s=400&#038;d=mm&#038;r=g 2x' class='avatar avatar-200 photo' height='200' width='200' decoding='async'\/>","author_avatar_url":"https:\/\/secure.gravatar.com\/avatar\/457ebef17878f2246da5e4df1ab1420e949ee125154dfb140a3f3ce911b0ef71?s=96&d=mm&r=g","comment_count":0,"post_likes":0,"post_views":0},"tpgb_post_category":[],"jetpack_shortlink":"https:\/\/wp.me\/PfpPaI-o6q","amp_enabled":true,"_links":{"self":[{"href":"https:\/\/onedesk.com\/no\/wp-json\/wp\/v2\/pages\/92654","targetHints":{"allow":["GET"]}}],"collection":[{"href":"https:\/\/onedesk.com\/no\/wp-json\/wp\/v2\/pages"}],"about":[{"href":"https:\/\/onedesk.com\/no\/wp-json\/wp\/v2\/types\/page"}],"author":[{"embeddable":true,"href":"https:\/\/onedesk.com\/no\/wp-json\/wp\/v2\/users\/2"}],"replies":[{"embeddable":true,"href":"https:\/\/onedesk.com\/no\/wp-json\/wp\/v2\/comments?post=92654"}],"version-history":[{"count":5,"href":"https:\/\/onedesk.com\/no\/wp-json\/wp\/v2\/pages\/92654\/revisions"}],"predecessor-version":[{"id":261465,"href":"https:\/\/onedesk.com\/no\/wp-json\/wp\/v2\/pages\/92654\/revisions\/261465"}],"wp:attachment":[{"href":"https:\/\/onedesk.com\/no\/wp-json\/wp\/v2\/media?parent=92654"}],"curies":[{"name":"wp","href":"https:\/\/api.w.org\/{rel}","templated":true}]}}