{"id":92660,"date":"2021-04-28T18:37:29","date_gmt":"2021-04-28T18:37:29","guid":{"rendered":"https:\/\/onedesk.com\/kom-i-gang\/organisere\/"},"modified":"2021-04-28T18:39:50","modified_gmt":"2021-04-28T18:39:50","slug":"organisere","status":"publish","type":"page","link":"https:\/\/onedesk.com\/no\/organisere\/","title":{"rendered":"Trinn 1 &#8211; Introduksjon"},"content":{"rendered":"<h3 style=\"text-align: center;\">Hva er OneDesk?<\/h3>\n<p>OneDesk kombinerer help desk og prosjektledelsesapplikasjoner for \u00e5 hjelpe deg med \u00e5 opprettholde en samarbeidsflyt mellom forretningsprosesser og teammedlemmer. Hvorfor pr\u00f8ve \u00e5 koble sammen flere forskjellige verkt\u00f8y n\u00e5r man kan gj\u00f8re jobben?<\/p>\n<h3 style=\"text-align: center;\">Hvem er OneDesk for?<\/h3>\n<p>OneDesk lar deg organisere arbeidet ditt p\u00e5 en m\u00e5te som passer for deg. Inviter teammedlemmer, kunder og forretningspartnere som jobber og samarbeider om billetter og prosjekter.<\/p>\n<p><img fetchpriority=\"high\" decoding=\"async\" class=\"aligncenter size-full wp-image-30212\" src=\"https:\/\/onedesk.com\/wp-content\/uploads\/2016\/01\/share-project.png\" alt=\"OneDesk is for who image\" width=\"544\" height=\"248\"><\/p>\n<h3 style=\"text-align: center;\">OneDesk er fleksibel<\/h3>\n<p>OneDesk er i stand til \u00e5 im\u00f8tekomme enhver arbeidsflyt du bruker. Planlegg produktene, utgivelsene og prosjektene dine ved \u00e5 bruke enten tradisjonelle top-down eller Agile tiln\u00e6rminger. OneDesk lar deg kombinere metodene som passer til prosessene dine.<\/p>\n<p>F\u00e5 arbeidet gjort &#8211; p\u00e5 din m\u00e5te.<\/p>\n<p><img decoding=\"async\" class=\"aligncenter size-full wp-image-92677\" src=\"https:\/\/onedesk.com\/wp-content\/uploads\/2016\/02\/trad-agile.png\" alt=\"trad-agile\" width=\"749\" height=\"189\"><\/p>\n","protected":false},"excerpt":{"rendered":"<p>Hva er OneDesk? OneDesk kombinerer help desk og prosjektledelsesapplikasjoner for \u00e5 hjelpe deg med \u00e5 opprettholde en samarbeidsflyt mellom forretningsprosesser og teammedlemmer. Hvorfor pr\u00f8ve \u00e5 koble sammen flere forskjellige verkt\u00f8y n\u00e5r man kan gj\u00f8re jobben? Hvem er OneDesk for? OneDesk lar deg organisere arbeidet ditt p\u00e5 en m\u00e5te som passer for deg. Inviter teammedlemmer, kunder [&hellip;]<\/p>\n","protected":false},"author":2,"featured_media":0,"parent":0,"menu_order":0,"comment_status":"closed","ping_status":"closed","template":"","meta":{"tpgb_global_settings":"","_crdt_document":"","inline_featured_image":false,"site-sidebar-layout":"default","site-content-layout":"","ast-site-content-layout":"default","site-content-style":"default","site-sidebar-style":"default","ast-global-header-display":"","ast-banner-title-visibility":"","ast-main-header-display":"","ast-hfb-above-header-display":"","ast-hfb-below-header-display":"","ast-hfb-mobile-header-display":"","site-post-title":"","ast-breadcrumbs-content":"","ast-featured-img":"","footer-sml-layout":"","ast-disable-related-posts":"","theme-transparent-header-meta":"","adv-header-id-meta":"","stick-header-meta":"","header-above-stick-meta":"","header-main-stick-meta":"","header-below-stick-meta":"","astra-migrate-meta-layouts":"default","ast-page-background-enabled":"default","ast-page-background-meta":{"desktop":{"background-color":"var(--ast-global-color-4)","background-image":"","background-repeat":"repeat","background-position":"center center","background-size":"auto","background-attachment":"scroll","background-type":"","background-media":"","overlay-type":"","overlay-color":"","overlay-opacity":"","overlay-gradient":""},"tablet":{"background-color":"","background-image":"","background-repeat":"repeat","background-position":"center center","background-size":"auto","background-attachment":"scroll","background-type":"","background-media":"","overlay-type":"","overlay-color":"","overlay-opacity":"","overlay-gradient":""},"mobile":{"background-color":"","background-image":"","background-repeat":"repeat","background-position":"center center","background-size":"auto","background-attachment":"scroll","background-type":"","background-media":"","overlay-type":"","overlay-color":"","overlay-opacity":"","overlay-gradient":""}},"ast-content-background-meta":{"desktop":{"background-color":"var(--ast-global-color-5)","background-image":"","background-repeat":"repeat","background-position":"center center","background-size":"auto","background-attachment":"scroll","background-type":"","background-media":"","overlay-type":"","overlay-color":"","overlay-opacity":"","overlay-gradient":""},"tablet":{"background-color":"var(--ast-global-color-5)","background-image":"","background-repeat":"repeat","background-position":"center center","background-size":"auto","background-attachment":"scroll","background-type":"","background-media":"","overlay-type":"","overlay-color":"","overlay-opacity":"","overlay-gradient":""},"mobile":{"background-color":"var(--ast-global-color-5)","background-image":"","background-repeat":"repeat","background-position":"center center","background-size":"auto","background-attachment":"scroll","background-type":"","background-media":"","overlay-type":"","overlay-color":"","overlay-opacity":"","overlay-gradient":""}},"footnotes":""},"class_list":["post-92660","page","type-page","status-publish","hentry"],"yoast_head":"<!-- This site is optimized with the Yoast SEO Premium plugin v27.4 (Yoast SEO v27.5) - https:\/\/yoast.com\/product\/yoast-seo-premium-wordpress\/ -->\n<title>Trinn 1 - Introduksjon - OneDesk<\/title>\n<meta name=\"description\" content=\"OneDesk er helpdesk-programvare og prosjektledelsesprogramvare i ett program. Dette er en introduksjon til OneDesk.\" \/>\n<meta name=\"robots\" content=\"index, follow, max-snippet:-1, max-image-preview:large, max-video-preview:-1\" \/>\n<link rel=\"canonical\" href=\"https:\/\/onedesk.com\/no\/organisere\/\" \/>\n<meta property=\"og:locale\" content=\"nb_NO\" \/>\n<meta property=\"og:type\" content=\"article\" \/>\n<meta property=\"og:title\" content=\"Trinn 1 - Introduksjon - OneDesk\" \/>\n<meta property=\"og:description\" content=\"OneDesk er helpdesk-programvare og prosjektledelsesprogramvare i ett program. Dette er en introduksjon til OneDesk.\" \/>\n<meta property=\"og:url\" content=\"https:\/\/onedesk.com\/no\/organisere\/\" \/>\n<meta property=\"og:site_name\" content=\"OneDesk\" \/>\n<meta property=\"article:publisher\" content=\"https:\/\/www.facebook.com\/OneDeskApp\" \/>\n<meta property=\"article:modified_time\" content=\"2021-04-28T18:39:50+00:00\" \/>\n<meta property=\"og:image\" content=\"https:\/\/onedesk.com\/wp-content\/uploads\/2016\/01\/share-project.png\" \/>\n<meta name=\"twitter:card\" content=\"summary_large_image\" \/>\n<meta name=\"twitter:site\" content=\"@OneDeskApp\" \/>\n<meta name=\"twitter:label1\" content=\"Est. reading time\" \/>\n\t<meta name=\"twitter:data1\" content=\"1 minute\" \/>\n<!-- \/ Yoast SEO Premium plugin. -->","yoast_head_json":{"title":"Trinn 1 - Introduksjon - OneDesk","description":"OneDesk er helpdesk-programvare og prosjektledelsesprogramvare i ett program. Dette er en introduksjon til OneDesk.","robots":{"index":"index","follow":"follow","max-snippet":"max-snippet:-1","max-image-preview":"max-image-preview:large","max-video-preview":"max-video-preview:-1"},"canonical":"https:\/\/onedesk.com\/no\/organisere\/","og_locale":"nb_NO","og_type":"article","og_title":"Trinn 1 - Introduksjon - OneDesk","og_description":"OneDesk er helpdesk-programvare og prosjektledelsesprogramvare i ett program. Dette er en introduksjon til OneDesk.","og_url":"https:\/\/onedesk.com\/no\/organisere\/","og_site_name":"OneDesk","article_publisher":"https:\/\/www.facebook.com\/OneDeskApp","article_modified_time":"2021-04-28T18:39:50+00:00","og_image":[{"url":"https:\/\/onedesk.com\/wp-content\/uploads\/2016\/01\/share-project.png","type":"","width":"","height":""}],"twitter_card":"summary_large_image","twitter_site":"@OneDeskApp","twitter_misc":{"Est. reading time":"1 minute"},"schema":{"@context":"https:\/\/schema.org","@graph":[{"@type":"WebPage","@id":"https:\/\/onedesk.com\/no\/organisere\/","url":"https:\/\/onedesk.com\/no\/organisere\/","name":"Trinn 1 - Introduksjon - OneDesk","isPartOf":{"@id":"https:\/\/onedesk.com\/no\/#website"},"primaryImageOfPage":{"@id":"https:\/\/onedesk.com\/no\/organisere\/#primaryimage"},"image":{"@id":"https:\/\/onedesk.com\/no\/organisere\/#primaryimage"},"thumbnailUrl":"https:\/\/onedesk.com\/wp-content\/uploads\/2016\/01\/share-project.png","datePublished":"2021-04-28T18:37:29+00:00","dateModified":"2021-04-28T18:39:50+00:00","description":"OneDesk er helpdesk-programvare og prosjektledelsesprogramvare i ett program. Dette er en introduksjon til OneDesk.","inLanguage":"nb-NO","potentialAction":[{"@type":"ReadAction","target":["https:\/\/onedesk.com\/no\/organisere\/"]}]},{"@type":"ImageObject","inLanguage":"nb-NO","@id":"https:\/\/onedesk.com\/no\/organisere\/#primaryimage","url":"https:\/\/onedesk.com\/wp-content\/uploads\/2016\/01\/share-project.png","contentUrl":"https:\/\/onedesk.com\/wp-content\/uploads\/2016\/01\/share-project.png"},{"@type":"WebSite","@id":"https:\/\/onedesk.com\/no\/#website","url":"https:\/\/onedesk.com\/no\/","name":"OneDesk","description":"Prosjektledelse og Helpdesk-programvare","publisher":{"@id":"https:\/\/onedesk.com\/no\/#organization"},"potentialAction":[{"@type":"SearchAction","target":{"@type":"EntryPoint","urlTemplate":"https:\/\/onedesk.com\/no\/?s={search_term_string}"},"query-input":{"@type":"PropertyValueSpecification","valueRequired":true,"valueName":"search_term_string"}}],"inLanguage":"nb-NO"},{"@type":"Organization","@id":"https:\/\/onedesk.com\/no\/#organization","name":"OneDesk","url":"https:\/\/onedesk.com\/no\/","logo":{"@type":"ImageObject","inLanguage":"nb-NO","@id":"https:\/\/onedesk.com\/no\/#\/schema\/logo\/image\/","url":"https:\/\/onedesk.com\/wp-content\/uploads\/2016\/01\/white-logo-small.png","contentUrl":"https:\/\/onedesk.com\/wp-content\/uploads\/2016\/01\/white-logo-small.png","width":207,"height":40,"caption":"OneDesk"},"image":{"@id":"https:\/\/onedesk.com\/no\/#\/schema\/logo\/image\/"},"sameAs":["https:\/\/www.facebook.com\/OneDeskApp","https:\/\/x.com\/OneDeskApp","https:\/\/www.instagram.com\/onedeskapp\/","https:\/\/www.linkedin.com\/company\/onedesk-inc-1","https:\/\/www.pinterest.com\/onedesk\/","https:\/\/www.youtube.com\/user\/OneDeskApp"]}]}},"tpgb_featured_images":null,"tpgb_post_meta_info":{"get_date":"April 28, 2021","get_modified_date":"April 28, 2021","author_name":"Derek","author_url":"https:\/\/onedesk.com\/no\/author\/derekonedesk-com\/","author_email":"derek@onedesk.com","author_website":"","author_description":"","author_facebook":"","author_twitter":"","author_instagram":"","author_role":["administrator"],"author_firstname":"Derek","author_lastname":"","user_login":"derek@onedesk.com","author_avatar":"<img alt='' src='https:\/\/secure.gravatar.com\/avatar\/457ebef17878f2246da5e4df1ab1420e949ee125154dfb140a3f3ce911b0ef71?s=200&#038;d=mm&#038;r=g' srcset='https:\/\/secure.gravatar.com\/avatar\/457ebef17878f2246da5e4df1ab1420e949ee125154dfb140a3f3ce911b0ef71?s=400&#038;d=mm&#038;r=g 2x' class='avatar avatar-200 photo' height='200' width='200' decoding='async'\/>","author_avatar_url":"https:\/\/secure.gravatar.com\/avatar\/457ebef17878f2246da5e4df1ab1420e949ee125154dfb140a3f3ce911b0ef71?s=96&d=mm&r=g","comment_count":0,"post_likes":0,"post_views":0},"tpgb_post_category":[],"jetpack_shortlink":"https:\/\/wp.me\/PfpPaI-o6w","amp_enabled":true,"_links":{"self":[{"href":"https:\/\/onedesk.com\/no\/wp-json\/wp\/v2\/pages\/92660","targetHints":{"allow":["GET"]}}],"collection":[{"href":"https:\/\/onedesk.com\/no\/wp-json\/wp\/v2\/pages"}],"about":[{"href":"https:\/\/onedesk.com\/no\/wp-json\/wp\/v2\/types\/page"}],"author":[{"embeddable":true,"href":"https:\/\/onedesk.com\/no\/wp-json\/wp\/v2\/users\/2"}],"replies":[{"embeddable":true,"href":"https:\/\/onedesk.com\/no\/wp-json\/wp\/v2\/comments?post=92660"}],"version-history":[{"count":2,"href":"https:\/\/onedesk.com\/no\/wp-json\/wp\/v2\/pages\/92660\/revisions"}],"predecessor-version":[{"id":92779,"href":"https:\/\/onedesk.com\/no\/wp-json\/wp\/v2\/pages\/92660\/revisions\/92779"}],"wp:attachment":[{"href":"https:\/\/onedesk.com\/no\/wp-json\/wp\/v2\/media?parent=92660"}],"curies":[{"name":"wp","href":"https:\/\/api.w.org\/{rel}","templated":true}]}}