{"id":92667,"date":"2021-04-28T18:37:43","date_gmt":"2021-04-28T18:37:43","guid":{"rendered":"https:\/\/onedesk.com\/kom-i-gang\/enkle-konsepter\/"},"modified":"2021-04-28T18:39:53","modified_gmt":"2021-04-28T18:39:53","slug":"enkle-konsepter","status":"publish","type":"page","link":"https:\/\/onedesk.com\/no\/enkle-konsepter\/","title":{"rendered":"Trinn 2 &#8211; Grunnleggende konsepter"},"content":{"rendered":"<h2 style=\"text-align: center;\">Tingene i OneDesk<\/h2>\n<h3 style=\"text-align: center;\">(ogs\u00e5 kjent som &#8220;Hvordan dataene dine er strukturert&#8221;)<\/h3>\n<p>For \u00e5 forst\u00e5 hvordan OneDesk organiserer tingene dine, trenger du bare \u00e5 f\u00e5 noen konsepter:<em> Varer<\/em> ,<em> Prosjekt<\/em> , og<em> Portef\u00f8ljer<\/em> .<\/p>\n<ol>\n<li><strong>ITEMS &#8211; De grunnleggende tingene du administrerer<\/strong><br \/>\nDette er tingene du administrerer og sporer, for eksempel<em> oppgaver<\/em> eller<em> billetter<\/em> . De er klassifisert under Ticket, Features og Tasks. Du kan ogs\u00e5 opprette andre typer hvis du vil.<\/li>\n<li><strong>PROSJEKTER &#8211; grupper av ITEMS<\/strong><br \/>\nDisse inneholder samlinger av gjenstander. De representerer ting som<em> prosjekter<\/em> og<em> utgivelser<\/em> , men du kan opprette andre typer prosjekter om n\u00f8dvendig. Inne i prosjekter kan varene dine plasseres i en mappestruktur for \u00e5 holde dem organisert.<\/li>\n<li><strong>PORTFOLIOS &#8211; grupper av PROSJEKTER<\/strong><br \/>\nPortef\u00f8ljer holder prosjekter. Bruk dem til \u00e5 organisere relaterte prosjekter eller utgivelser sammen. Du kan hekke &#8220;portef\u00f8ljer&#8221; til enhver dybde, og et prosjekt kan v\u00e6re i mer enn en portef\u00f8lje, slik at du kan lage veldig fleksible strukturer.<\/li>\n<\/ol>\n<p>&nbsp;<\/p>\n<p><img fetchpriority=\"high\" decoding=\"async\" class=\"size-full wp-image-92757 aligncenter\" src=\"https:\/\/onedesk.com\/wp-content\/uploads\/2016\/02\/Item-and-Container-Visual2.png\" alt=\"\" width=\"761\" height=\"420\"><\/p>\n<p>&nbsp;<\/p>\n<p>&nbsp;<\/p>\n<h2 style=\"text-align: center;\">Navigere i OneDesk<\/h2>\n<p>OneDesk lar deg f\u00e5 tilgang til varene og beholderne dine p\u00e5 noen f\u00e5 m\u00e5ter. For \u00e5 navigere med selvtillit m\u00e5 du vite om<em> Prosjektvelger<\/em> ,<em> Visninger<\/em> og<em> Filtre<\/em> .<\/p>\n<p>&nbsp;<\/p>\n<p><strong><img decoding=\"async\" class=\"alignright wp-image-41402 \" src=\"https:\/\/onedesk.com\/wp-content\/uploads\/2016\/01\/scope.png\" alt=\"\" width=\"429\" height=\"225\">1. PROSJEKTSVELGER &#8211; Niv\u00e5et p\u00e5 prosjekthierarkiet du ser p\u00e5<\/strong><br \/>\nN\u00e5r du har organisert elementene dine i prosjekter, og prosjektene dine i en struktur, har du en veldig fleksibel m\u00e5te \u00e5 se p\u00e5 de forskjellige prosjektene dine. PROSJEKTSVELGEREN \u00f8verst til venstre p\u00e5 skjermen lar deg stille inn hierarkiniv\u00e5et du vil fokusere p\u00e5. Hvis du for eksempel setter omfanget ditt til &#8220;Krypton Portfolio&#8221;, vil du se alle PROSJEKTER og ITEMS inne i den PORTFOLIOEN.<\/p>\n<p>&nbsp;<\/p>\n<p>&nbsp;<\/p>\n<p>&nbsp;<\/p>\n<p><strong><img decoding=\"async\" class=\"wp-image-41411 alignleft\" src=\"https:\/\/onedesk.com\/wp-content\/uploads\/2016\/01\/apps.png\" alt=\"\" width=\"50\">2. S\u00d8KNAD &#8211; Kategorien av artikler, og hvordan du vil vise dem.<\/strong><br \/>\nApplikasjoner er ikoner som du finner i venstre linje. For eksempel \u00e5 velge &#8220;oppgaver&#8221;, vil vise deg oppgaveapplikasjonen der du kan planlegge og utf\u00f8re prosjektoppgavene dine. Ved \u00e5 velge billetter vises helpdesk-applikasjonen din, valg av brukere viser brukerapplikasjonen din, etc.<\/p>\n<p>Inne i hvert program kan du ogs\u00e5 velge visningen (se nedenfor).<\/p>\n<p>&nbsp;<\/p>\n<p>&nbsp;<\/p>\n<p>&nbsp;<\/p>\n<p>&nbsp;<\/p>\n<p>&nbsp;<\/p>\n<p>&nbsp;<\/p>\n<p>&nbsp;<\/p>\n<p><strong><img decoding=\"async\" class=\"alignright size-medium wp-image-44251\" src=\"https:\/\/onedesk.com\/wp-content\/uploads\/2016\/01\/new-view-e1559577779882-258x300.png\" alt=\"\" width=\"258\" height=\"300\" srcset=\"https:\/\/onedesk.com\/wp-content\/uploads\/2016\/01\/new-view-e1559577779882-258x300.png 258w, https:\/\/onedesk.com\/wp-content\/uploads\/2016\/01\/new-view-e1559577779882-255x296.png 255w, https:\/\/onedesk.com\/wp-content\/uploads\/2016\/01\/new-view-e1559577779882-69x80.png 69w, https:\/\/onedesk.com\/wp-content\/uploads\/2016\/01\/new-view-e1559577779882-34x40.png 34w, https:\/\/onedesk.com\/wp-content\/uploads\/2016\/01\/new-view-e1559577779882-480x558.png 480w, https:\/\/onedesk.com\/wp-content\/uploads\/2016\/01\/new-view-e1559577779882-500x581.png 500w, https:\/\/onedesk.com\/wp-content\/uploads\/2016\/01\/new-view-e1559577779882-360x419.png 360w, https:\/\/onedesk.com\/wp-content\/uploads\/2016\/01\/new-view-e1559577779882.png 547w\" sizes=\"(max-width: 258px) 100vw, 258px\" \/>  3. VISNINGER &#8211; Filtrer, grupper og legg ut elementene som finnes i applikasjonene<\/strong><br \/>\nVisninger finnes ved siden av applikasjonsfeltet til venstre. Standardvisninger inkluderer oppsett som Tree, Flat, Gantt, Cards, Calendar, Roadmap og Dashboard, men du kan lage dine egne tilpassede visninger. OneDesk har noen forh\u00e5ndsopprettede tilpassede visninger som &#8220;My Todo&#8221; og &#8220;Task Inbox&#8221;, som du kan slette eller endre. Klikk p\u00e5 ikonet ved siden av &#8220;MY VIEWS&#8221; for \u00e5 lage din egen visning, der du kan velge layout, filtre og gruppering. Du kan lagre og dele disse visningene, slik at alle i selskapet ditt kan bruke dem. Kolonnens synlighet, rekkef\u00f8lge og sortering kan ogs\u00e5 lagres i visningen.<\/p>\n<p>&nbsp;<\/p>\n<p>&nbsp;<\/p>\n<p>&nbsp;<\/p>\n<p>&nbsp;<\/p>\n<p>PROSJEKTSVELGER, APPLIKASJONER og VISNINGER jobber sammen for \u00e5 gi deg finkornet kontroll over hva du vil se p\u00e5. Du kan ogs\u00e5 S\u00d8KE inne i en visning etter n\u00f8kkelord eller<em> vare-ID<\/em> .<\/p>\n","protected":false},"excerpt":{"rendered":"<p>Tingene i OneDesk (ogs\u00e5 kjent som &#8220;Hvordan dataene dine er strukturert&#8221;) For \u00e5 forst\u00e5 hvordan OneDesk organiserer tingene dine, trenger du bare \u00e5 f\u00e5 noen konsepter: Varer , Prosjekt , og Portef\u00f8ljer . ITEMS &#8211; De grunnleggende tingene du administrerer Dette er tingene du administrerer og sporer, for eksempel oppgaver eller billetter . De er [&hellip;]<\/p>\n","protected":false},"author":2,"featured_media":0,"parent":0,"menu_order":1,"comment_status":"closed","ping_status":"closed","template":"","meta":{"tpgb_global_settings":"","_crdt_document":"","inline_featured_image":false,"site-sidebar-layout":"default","site-content-layout":"","ast-site-content-layout":"default","site-content-style":"default","site-sidebar-style":"default","ast-global-header-display":"","ast-banner-title-visibility":"","ast-main-header-display":"","ast-hfb-above-header-display":"","ast-hfb-below-header-display":"","ast-hfb-mobile-header-display":"","site-post-title":"","ast-breadcrumbs-content":"","ast-featured-img":"","footer-sml-layout":"","ast-disable-related-posts":"","theme-transparent-header-meta":"","adv-header-id-meta":"","stick-header-meta":"","header-above-stick-meta":"","header-main-stick-meta":"","header-below-stick-meta":"","astra-migrate-meta-layouts":"default","ast-page-background-enabled":"default","ast-page-background-meta":{"desktop":{"background-color":"var(--ast-global-color-4)","background-image":"","background-repeat":"repeat","background-position":"center center","background-size":"auto","background-attachment":"scroll","background-type":"","background-media":"","overlay-type":"","overlay-color":"","overlay-opacity":"","overlay-gradient":""},"tablet":{"background-color":"","background-image":"","background-repeat":"repeat","background-position":"center center","background-size":"auto","background-attachment":"scroll","background-type":"","background-media":"","overlay-type":"","overlay-color":"","overlay-opacity":"","overlay-gradient":""},"mobile":{"background-color":"","background-image":"","background-repeat":"repeat","background-position":"center center","background-size":"auto","background-attachment":"scroll","background-type":"","background-media":"","overlay-type":"","overlay-color":"","overlay-opacity":"","overlay-gradient":""}},"ast-content-background-meta":{"desktop":{"background-color":"var(--ast-global-color-5)","background-image":"","background-repeat":"repeat","background-position":"center center","background-size":"auto","background-attachment":"scroll","background-type":"","background-media":"","overlay-type":"","overlay-color":"","overlay-opacity":"","overlay-gradient":""},"tablet":{"background-color":"var(--ast-global-color-5)","background-image":"","background-repeat":"repeat","background-position":"center center","background-size":"auto","background-attachment":"scroll","background-type":"","background-media":"","overlay-type":"","overlay-color":"","overlay-opacity":"","overlay-gradient":""},"mobile":{"background-color":"var(--ast-global-color-5)","background-image":"","background-repeat":"repeat","background-position":"center center","background-size":"auto","background-attachment":"scroll","background-type":"","background-media":"","overlay-type":"","overlay-color":"","overlay-opacity":"","overlay-gradient":""}},"footnotes":""},"class_list":["post-92667","page","type-page","status-publish","hentry"],"yoast_head":"<!-- This site is optimized with the Yoast SEO Premium plugin v27.3 (Yoast SEO v27.3) - https:\/\/yoast.com\/product\/yoast-seo-premium-wordpress\/ -->\n<title>Trinn 2 - Grunnleggende konsepter - OneDesk<\/title>\n<meta name=\"description\" content=\"OneDesk er helpdesk-programvare og prosjektledelsesprogramvare i ett program. Dette forklarer de grunnleggende konseptene i OneDesk.\" \/>\n<meta name=\"robots\" content=\"index, follow, max-snippet:-1, max-image-preview:large, max-video-preview:-1\" \/>\n<link rel=\"canonical\" href=\"https:\/\/onedesk.com\/no\/enkle-konsepter\/\" \/>\n<meta property=\"og:locale\" content=\"nb_NO\" \/>\n<meta property=\"og:type\" content=\"article\" \/>\n<meta property=\"og:title\" content=\"Trinn 2 - Grunnleggende konsepter - OneDesk\" \/>\n<meta property=\"og:description\" content=\"OneDesk er helpdesk-programvare og prosjektledelsesprogramvare i ett program. Dette forklarer de grunnleggende konseptene i OneDesk.\" \/>\n<meta property=\"og:url\" content=\"https:\/\/onedesk.com\/no\/enkle-konsepter\/\" \/>\n<meta property=\"og:site_name\" content=\"OneDesk\" \/>\n<meta property=\"article:publisher\" content=\"https:\/\/www.facebook.com\/OneDeskApp\" \/>\n<meta property=\"article:modified_time\" content=\"2021-04-28T18:39:53+00:00\" \/>\n<meta property=\"og:image\" content=\"https:\/\/onedesk.com\/wp-content\/uploads\/2016\/02\/Item-and-Container-Visual2.png\" \/>\n<meta name=\"twitter:card\" content=\"summary_large_image\" \/>\n<meta name=\"twitter:site\" content=\"@OneDeskApp\" \/>\n<meta name=\"twitter:label1\" content=\"Est. reading time\" \/>\n\t<meta name=\"twitter:data1\" content=\"2 minutes\" \/>\n<!-- \/ Yoast SEO Premium plugin. -->","yoast_head_json":{"title":"Trinn 2 - Grunnleggende konsepter - OneDesk","description":"OneDesk er helpdesk-programvare og prosjektledelsesprogramvare i ett program. Dette forklarer de grunnleggende konseptene i OneDesk.","robots":{"index":"index","follow":"follow","max-snippet":"max-snippet:-1","max-image-preview":"max-image-preview:large","max-video-preview":"max-video-preview:-1"},"canonical":"https:\/\/onedesk.com\/no\/enkle-konsepter\/","og_locale":"nb_NO","og_type":"article","og_title":"Trinn 2 - Grunnleggende konsepter - OneDesk","og_description":"OneDesk er helpdesk-programvare og prosjektledelsesprogramvare i ett program. Dette forklarer de grunnleggende konseptene i OneDesk.","og_url":"https:\/\/onedesk.com\/no\/enkle-konsepter\/","og_site_name":"OneDesk","article_publisher":"https:\/\/www.facebook.com\/OneDeskApp","article_modified_time":"2021-04-28T18:39:53+00:00","og_image":[{"url":"https:\/\/onedesk.com\/wp-content\/uploads\/2016\/02\/Item-and-Container-Visual2.png","type":"","width":"","height":""}],"twitter_card":"summary_large_image","twitter_site":"@OneDeskApp","twitter_misc":{"Est. reading time":"2 minutes"},"schema":{"@context":"https:\/\/schema.org","@graph":[{"@type":"WebPage","@id":"https:\/\/onedesk.com\/no\/enkle-konsepter\/","url":"https:\/\/onedesk.com\/no\/enkle-konsepter\/","name":"Trinn 2 - Grunnleggende konsepter - OneDesk","isPartOf":{"@id":"https:\/\/onedesk.com\/no\/#website"},"primaryImageOfPage":{"@id":"https:\/\/onedesk.com\/no\/enkle-konsepter\/#primaryimage"},"image":{"@id":"https:\/\/onedesk.com\/no\/enkle-konsepter\/#primaryimage"},"thumbnailUrl":"https:\/\/onedesk.com\/wp-content\/uploads\/2016\/02\/Item-and-Container-Visual2.png","datePublished":"2021-04-28T18:37:43+00:00","dateModified":"2021-04-28T18:39:53+00:00","description":"OneDesk er helpdesk-programvare og prosjektledelsesprogramvare i ett program. Dette forklarer de grunnleggende konseptene i OneDesk.","inLanguage":"nb-NO","potentialAction":[{"@type":"ReadAction","target":["https:\/\/onedesk.com\/no\/enkle-konsepter\/"]}]},{"@type":"ImageObject","inLanguage":"nb-NO","@id":"https:\/\/onedesk.com\/no\/enkle-konsepter\/#primaryimage","url":"https:\/\/onedesk.com\/wp-content\/uploads\/2016\/02\/Item-and-Container-Visual2.png","contentUrl":"https:\/\/onedesk.com\/wp-content\/uploads\/2016\/02\/Item-and-Container-Visual2.png"},{"@type":"WebSite","@id":"https:\/\/onedesk.com\/no\/#website","url":"https:\/\/onedesk.com\/no\/","name":"OneDesk","description":"Prosjektledelse og Helpdesk-programvare","publisher":{"@id":"https:\/\/onedesk.com\/no\/#organization"},"potentialAction":[{"@type":"SearchAction","target":{"@type":"EntryPoint","urlTemplate":"https:\/\/onedesk.com\/no\/?s={search_term_string}"},"query-input":{"@type":"PropertyValueSpecification","valueRequired":true,"valueName":"search_term_string"}}],"inLanguage":"nb-NO"},{"@type":"Organization","@id":"https:\/\/onedesk.com\/no\/#organization","name":"OneDesk","url":"https:\/\/onedesk.com\/no\/","logo":{"@type":"ImageObject","inLanguage":"nb-NO","@id":"https:\/\/onedesk.com\/no\/#\/schema\/logo\/image\/","url":"https:\/\/onedesk.com\/wp-content\/uploads\/2016\/01\/white-logo-small.png","contentUrl":"https:\/\/onedesk.com\/wp-content\/uploads\/2016\/01\/white-logo-small.png","width":207,"height":40,"caption":"OneDesk"},"image":{"@id":"https:\/\/onedesk.com\/no\/#\/schema\/logo\/image\/"},"sameAs":["https:\/\/www.facebook.com\/OneDeskApp","https:\/\/x.com\/OneDeskApp","https:\/\/www.instagram.com\/onedeskapp\/","https:\/\/www.linkedin.com\/company\/onedesk-inc-1","https:\/\/www.pinterest.com\/onedesk\/","https:\/\/www.youtube.com\/user\/OneDeskApp"]}]}},"tpgb_featured_images":null,"tpgb_post_meta_info":{"get_date":"April 28, 2021","get_modified_date":"April 28, 2021","author_name":"Derek","author_url":"https:\/\/onedesk.com\/no\/author\/derekonedesk-com\/","author_email":"derek@onedesk.com","author_website":"","author_description":"","author_facebook":"","author_twitter":"","author_instagram":"","author_role":["administrator"],"author_firstname":"Derek","author_lastname":"","user_login":"derek@onedesk.com","author_avatar":"<img alt='' src='https:\/\/secure.gravatar.com\/avatar\/457ebef17878f2246da5e4df1ab1420e949ee125154dfb140a3f3ce911b0ef71?s=200&#038;d=mm&#038;r=g' srcset='https:\/\/secure.gravatar.com\/avatar\/457ebef17878f2246da5e4df1ab1420e949ee125154dfb140a3f3ce911b0ef71?s=400&#038;d=mm&#038;r=g 2x' class='avatar avatar-200 photo' height='200' width='200' decoding='async'\/>","author_avatar_url":"https:\/\/secure.gravatar.com\/avatar\/457ebef17878f2246da5e4df1ab1420e949ee125154dfb140a3f3ce911b0ef71?s=96&d=mm&r=g","comment_count":0,"post_likes":0,"post_views":0},"tpgb_post_category":[],"jetpack_shortlink":"https:\/\/wp.me\/PfpPaI-o6D","amp_enabled":true,"_links":{"self":[{"href":"https:\/\/onedesk.com\/no\/wp-json\/wp\/v2\/pages\/92667","targetHints":{"allow":["GET"]}}],"collection":[{"href":"https:\/\/onedesk.com\/no\/wp-json\/wp\/v2\/pages"}],"about":[{"href":"https:\/\/onedesk.com\/no\/wp-json\/wp\/v2\/types\/page"}],"author":[{"embeddable":true,"href":"https:\/\/onedesk.com\/no\/wp-json\/wp\/v2\/users\/2"}],"replies":[{"embeddable":true,"href":"https:\/\/onedesk.com\/no\/wp-json\/wp\/v2\/comments?post=92667"}],"version-history":[{"count":1,"href":"https:\/\/onedesk.com\/no\/wp-json\/wp\/v2\/pages\/92667\/revisions"}],"predecessor-version":[{"id":92780,"href":"https:\/\/onedesk.com\/no\/wp-json\/wp\/v2\/pages\/92667\/revisions\/92780"}],"wp:attachment":[{"href":"https:\/\/onedesk.com\/no\/wp-json\/wp\/v2\/media?parent=92667"}],"curies":[{"name":"wp","href":"https:\/\/api.w.org\/{rel}","templated":true}]}}