{"id":92784,"date":"2021-04-28T18:41:54","date_gmt":"2021-04-28T18:41:54","guid":{"rendered":"https:\/\/onedesk.com\/kom-i-gang\/trinn-3-legge-til-ting\/"},"modified":"2021-04-28T18:42:08","modified_gmt":"2021-04-28T18:42:08","slug":"trinn-3-legge-til-ting","status":"publish","type":"page","link":"https:\/\/onedesk.com\/no\/trinn-3-legge-til-ting\/","title":{"rendered":"Trinn 3 &#8211; Legge til ting"},"content":{"rendered":"<p>N\u00e5 som du kjenner de grunnleggende konseptene i OneDesk, er det p\u00e5 tide \u00e5 begynne \u00e5 legge til ting. Du kan opprette varer, prosjekter, brukere, kunder, timelister og mer.<\/p>\n<h3>Lage gjenstander og prosjekter<\/h3>\n<p>Klikk p\u00e5 nedpilen ved siden av &#8220;Legg til&#8221; -knappen i den \u00f8verste linjen, og velg hva du vil lage fra menyen. Hvis du klikker p\u00e5 selve &#8220;Legg til&#8221; -knappen, vil OneDesk pr\u00f8ve \u00e5 lage det den mener du vil ha basert p\u00e5 ditt n\u00e5v\u00e6rende utvalg, standardinnstillinger og applikasjonen du er i. For \u00e5 lage varer i bulk, kan du importere varer (fra CSV eller MPP), eller klone eksisterende prosjekter.<br \/>\n<img fetchpriority=\"high\" decoding=\"async\" class=\"wp-image-41414 aligncenter\" src=\"https:\/\/onedesk.com\/wp-content\/uploads\/2016\/01\/Create.png\" alt=\"Create Stuff\" width=\"456\" height=\"599\"><\/p>\n<p>&nbsp;<\/p>\n<h3>Deling av prosjekter<\/h3>\n<p>N\u00e5r du oppretter et nytt prosjekt, kan du velge hvem du vil dele det med. Som standard deles den med alle brukere i bedriften din p\u00e5 det tidspunktet den ble opprettet. Alle eiendommer du velger her kan endres senere hvis du ombestemmer deg.<br \/>\n<img decoding=\"async\" class=\"wp-image-41417 size-full aligncenter\" src=\"https:\/\/onedesk.com\/wp-content\/uploads\/2016\/01\/create-project.png\" alt=\"Create Project\" width=\"500\"><\/p>\n<p>&nbsp;<\/p>\n<h3>Opprette brukere og kunder<\/h3>\n<p>Du kan opprette brukere eller kunder en om gangen eller importere kunder fra CSV-filer eller fra kontaktene dine. Du kan opprette team (brukergrupper) eller kundeorganisasjoner (kundegrupper).<br \/>\n<img decoding=\"async\" class=\"aligncenter size-full wp-image-30230\" src=\"https:\/\/onedesk.com\/wp-content\/uploads\/2016\/01\/create-user.png\" alt=\"Create User\" width=\"500\"><\/p>\n","protected":false},"excerpt":{"rendered":"<p>N\u00e5 som du kjenner de grunnleggende konseptene i OneDesk, er det p\u00e5 tide \u00e5 begynne \u00e5 legge til ting. Du kan opprette varer, prosjekter, brukere, kunder, timelister og mer. Lage gjenstander og prosjekter Klikk p\u00e5 nedpilen ved siden av &#8220;Legg til&#8221; -knappen i den \u00f8verste linjen, og velg hva du vil lage fra menyen. Hvis [&hellip;]<\/p>\n","protected":false},"author":2,"featured_media":0,"parent":0,"menu_order":3,"comment_status":"closed","ping_status":"closed","template":"","meta":{"tpgb_global_settings":"","_crdt_document":"","inline_featured_image":false,"site-sidebar-layout":"default","site-content-layout":"","ast-site-content-layout":"default","site-content-style":"default","site-sidebar-style":"default","ast-global-header-display":"","ast-banner-title-visibility":"","ast-main-header-display":"","ast-hfb-above-header-display":"","ast-hfb-below-header-display":"","ast-hfb-mobile-header-display":"","site-post-title":"","ast-breadcrumbs-content":"","ast-featured-img":"","footer-sml-layout":"","ast-disable-related-posts":"","theme-transparent-header-meta":"","adv-header-id-meta":"","stick-header-meta":"","header-above-stick-meta":"","header-main-stick-meta":"","header-below-stick-meta":"","astra-migrate-meta-layouts":"default","ast-page-background-enabled":"default","ast-page-background-meta":{"desktop":{"background-color":"var(--ast-global-color-4)","background-image":"","background-repeat":"repeat","background-position":"center center","background-size":"auto","background-attachment":"scroll","background-type":"","background-media":"","overlay-type":"","overlay-color":"","overlay-opacity":"","overlay-gradient":""},"tablet":{"background-color":"","background-image":"","background-repeat":"repeat","background-position":"center center","background-size":"auto","background-attachment":"scroll","background-type":"","background-media":"","overlay-type":"","overlay-color":"","overlay-opacity":"","overlay-gradient":""},"mobile":{"background-color":"","background-image":"","background-repeat":"repeat","background-position":"center center","background-size":"auto","background-attachment":"scroll","background-type":"","background-media":"","overlay-type":"","overlay-color":"","overlay-opacity":"","overlay-gradient":""}},"ast-content-background-meta":{"desktop":{"background-color":"var(--ast-global-color-5)","background-image":"","background-repeat":"repeat","background-position":"center center","background-size":"auto","background-attachment":"scroll","background-type":"","background-media":"","overlay-type":"","overlay-color":"","overlay-opacity":"","overlay-gradient":""},"tablet":{"background-color":"var(--ast-global-color-5)","background-image":"","background-repeat":"repeat","background-position":"center center","background-size":"auto","background-attachment":"scroll","background-type":"","background-media":"","overlay-type":"","overlay-color":"","overlay-opacity":"","overlay-gradient":""},"mobile":{"background-color":"var(--ast-global-color-5)","background-image":"","background-repeat":"repeat","background-position":"center center","background-size":"auto","background-attachment":"scroll","background-type":"","background-media":"","overlay-type":"","overlay-color":"","overlay-opacity":"","overlay-gradient":""}},"footnotes":""},"class_list":["post-92784","page","type-page","status-publish","hentry"],"yoast_head":"<!-- This site is optimized with the Yoast SEO Premium plugin v27.3 (Yoast SEO v27.3) - https:\/\/yoast.com\/product\/yoast-seo-premium-wordpress\/ -->\n<title>Trinn 3 - Legge til ting - OneDesk<\/title>\n<meta name=\"description\" content=\"OneDesk er helpdesk-programvare og prosjektledelsesprogramvare i ett program. Dette g\u00e5r over \u00e5 legge til ting i OneDesk.\" \/>\n<meta name=\"robots\" content=\"index, follow, max-snippet:-1, max-image-preview:large, max-video-preview:-1\" \/>\n<link rel=\"canonical\" href=\"https:\/\/onedesk.com\/no\/trinn-3-legge-til-ting\/\" \/>\n<meta property=\"og:locale\" content=\"nb_NO\" \/>\n<meta property=\"og:type\" content=\"article\" \/>\n<meta property=\"og:title\" content=\"Trinn 3 - Legge til ting - OneDesk\" \/>\n<meta property=\"og:description\" content=\"OneDesk er helpdesk-programvare og prosjektledelsesprogramvare i ett program. Dette g\u00e5r over \u00e5 legge til ting i OneDesk.\" \/>\n<meta property=\"og:url\" content=\"https:\/\/onedesk.com\/no\/trinn-3-legge-til-ting\/\" \/>\n<meta property=\"og:site_name\" content=\"OneDesk\" \/>\n<meta property=\"article:publisher\" content=\"https:\/\/www.facebook.com\/OneDeskApp\" \/>\n<meta property=\"article:modified_time\" content=\"2021-04-28T18:42:08+00:00\" \/>\n<meta property=\"og:image\" content=\"https:\/\/onedesk.com\/wp-content\/uploads\/2016\/01\/Create.png\" \/>\n<meta name=\"twitter:card\" content=\"summary_large_image\" \/>\n<meta name=\"twitter:site\" content=\"@OneDeskApp\" \/>\n<meta name=\"twitter:label1\" content=\"Est. reading time\" \/>\n\t<meta name=\"twitter:data1\" content=\"1 minute\" \/>\n<!-- \/ Yoast SEO Premium plugin. -->","yoast_head_json":{"title":"Trinn 3 - Legge til ting - OneDesk","description":"OneDesk er helpdesk-programvare og prosjektledelsesprogramvare i ett program. Dette g\u00e5r over \u00e5 legge til ting i OneDesk.","robots":{"index":"index","follow":"follow","max-snippet":"max-snippet:-1","max-image-preview":"max-image-preview:large","max-video-preview":"max-video-preview:-1"},"canonical":"https:\/\/onedesk.com\/no\/trinn-3-legge-til-ting\/","og_locale":"nb_NO","og_type":"article","og_title":"Trinn 3 - Legge til ting - OneDesk","og_description":"OneDesk er helpdesk-programvare og prosjektledelsesprogramvare i ett program. Dette g\u00e5r over \u00e5 legge til ting i OneDesk.","og_url":"https:\/\/onedesk.com\/no\/trinn-3-legge-til-ting\/","og_site_name":"OneDesk","article_publisher":"https:\/\/www.facebook.com\/OneDeskApp","article_modified_time":"2021-04-28T18:42:08+00:00","og_image":[{"url":"https:\/\/onedesk.com\/wp-content\/uploads\/2016\/01\/Create.png","type":"","width":"","height":""}],"twitter_card":"summary_large_image","twitter_site":"@OneDeskApp","twitter_misc":{"Est. reading time":"1 minute"},"schema":{"@context":"https:\/\/schema.org","@graph":[{"@type":"WebPage","@id":"https:\/\/onedesk.com\/no\/trinn-3-legge-til-ting\/","url":"https:\/\/onedesk.com\/no\/trinn-3-legge-til-ting\/","name":"Trinn 3 - Legge til ting - OneDesk","isPartOf":{"@id":"https:\/\/onedesk.com\/no\/#website"},"primaryImageOfPage":{"@id":"https:\/\/onedesk.com\/no\/trinn-3-legge-til-ting\/#primaryimage"},"image":{"@id":"https:\/\/onedesk.com\/no\/trinn-3-legge-til-ting\/#primaryimage"},"thumbnailUrl":"https:\/\/onedesk.com\/wp-content\/uploads\/2016\/01\/Create.png","datePublished":"2021-04-28T18:41:54+00:00","dateModified":"2021-04-28T18:42:08+00:00","description":"OneDesk er helpdesk-programvare og prosjektledelsesprogramvare i ett program. Dette g\u00e5r over \u00e5 legge til ting i OneDesk.","inLanguage":"nb-NO","potentialAction":[{"@type":"ReadAction","target":["https:\/\/onedesk.com\/no\/trinn-3-legge-til-ting\/"]}]},{"@type":"ImageObject","inLanguage":"nb-NO","@id":"https:\/\/onedesk.com\/no\/trinn-3-legge-til-ting\/#primaryimage","url":"https:\/\/onedesk.com\/wp-content\/uploads\/2016\/01\/Create.png","contentUrl":"https:\/\/onedesk.com\/wp-content\/uploads\/2016\/01\/Create.png"},{"@type":"WebSite","@id":"https:\/\/onedesk.com\/no\/#website","url":"https:\/\/onedesk.com\/no\/","name":"OneDesk","description":"Prosjektledelse og Helpdesk-programvare","publisher":{"@id":"https:\/\/onedesk.com\/no\/#organization"},"potentialAction":[{"@type":"SearchAction","target":{"@type":"EntryPoint","urlTemplate":"https:\/\/onedesk.com\/no\/?s={search_term_string}"},"query-input":{"@type":"PropertyValueSpecification","valueRequired":true,"valueName":"search_term_string"}}],"inLanguage":"nb-NO"},{"@type":"Organization","@id":"https:\/\/onedesk.com\/no\/#organization","name":"OneDesk","url":"https:\/\/onedesk.com\/no\/","logo":{"@type":"ImageObject","inLanguage":"nb-NO","@id":"https:\/\/onedesk.com\/no\/#\/schema\/logo\/image\/","url":"https:\/\/onedesk.com\/wp-content\/uploads\/2016\/01\/white-logo-small.png","contentUrl":"https:\/\/onedesk.com\/wp-content\/uploads\/2016\/01\/white-logo-small.png","width":207,"height":40,"caption":"OneDesk"},"image":{"@id":"https:\/\/onedesk.com\/no\/#\/schema\/logo\/image\/"},"sameAs":["https:\/\/www.facebook.com\/OneDeskApp","https:\/\/x.com\/OneDeskApp","https:\/\/www.instagram.com\/onedeskapp\/","https:\/\/www.linkedin.com\/company\/onedesk-inc-1","https:\/\/www.pinterest.com\/onedesk\/","https:\/\/www.youtube.com\/user\/OneDeskApp"]}]}},"tpgb_featured_images":null,"tpgb_post_meta_info":{"get_date":"April 28, 2021","get_modified_date":"April 28, 2021","author_name":"Derek","author_url":"https:\/\/onedesk.com\/no\/author\/derekonedesk-com\/","author_email":"derek@onedesk.com","author_website":"","author_description":"","author_facebook":"","author_twitter":"","author_instagram":"","author_role":["administrator"],"author_firstname":"Derek","author_lastname":"","user_login":"derek@onedesk.com","author_avatar":"<img alt='' src='https:\/\/secure.gravatar.com\/avatar\/457ebef17878f2246da5e4df1ab1420e949ee125154dfb140a3f3ce911b0ef71?s=200&#038;d=mm&#038;r=g' srcset='https:\/\/secure.gravatar.com\/avatar\/457ebef17878f2246da5e4df1ab1420e949ee125154dfb140a3f3ce911b0ef71?s=400&#038;d=mm&#038;r=g 2x' class='avatar avatar-200 photo' height='200' width='200' decoding='async'\/>","author_avatar_url":"https:\/\/secure.gravatar.com\/avatar\/457ebef17878f2246da5e4df1ab1420e949ee125154dfb140a3f3ce911b0ef71?s=96&d=mm&r=g","comment_count":0,"post_likes":0,"post_views":0},"tpgb_post_category":[],"jetpack_shortlink":"https:\/\/wp.me\/PfpPaI-o8w","amp_enabled":true,"_links":{"self":[{"href":"https:\/\/onedesk.com\/no\/wp-json\/wp\/v2\/pages\/92784","targetHints":{"allow":["GET"]}}],"collection":[{"href":"https:\/\/onedesk.com\/no\/wp-json\/wp\/v2\/pages"}],"about":[{"href":"https:\/\/onedesk.com\/no\/wp-json\/wp\/v2\/types\/page"}],"author":[{"embeddable":true,"href":"https:\/\/onedesk.com\/no\/wp-json\/wp\/v2\/users\/2"}],"replies":[{"embeddable":true,"href":"https:\/\/onedesk.com\/no\/wp-json\/wp\/v2\/comments?post=92784"}],"version-history":[{"count":1,"href":"https:\/\/onedesk.com\/no\/wp-json\/wp\/v2\/pages\/92784\/revisions"}],"predecessor-version":[{"id":92795,"href":"https:\/\/onedesk.com\/no\/wp-json\/wp\/v2\/pages\/92784\/revisions\/92795"}],"wp:attachment":[{"href":"https:\/\/onedesk.com\/no\/wp-json\/wp\/v2\/media?parent=92784"}],"curies":[{"name":"wp","href":"https:\/\/api.w.org\/{rel}","templated":true}]}}