{"id":92789,"date":"2021-04-28T18:42:02","date_gmt":"2021-04-28T18:42:02","guid":{"rendered":"https:\/\/onedesk.com\/kom-i-gang\/trinn-5-samarbeid\/"},"modified":"2021-04-28T18:42:45","modified_gmt":"2021-04-28T18:42:45","slug":"trinn-5-samarbeid","status":"publish","type":"page","link":"https:\/\/onedesk.com\/no\/trinn-5-samarbeid\/","title":{"rendered":"Trinn 5 &#8211; Samarbeid"},"content":{"rendered":"<p>\u00c5 bruke OneDesk betyr at samtaler med teammedlemmer eller kunder aldri er mer enn et klikk unna. test<\/p>\n<p>P\u00e5 OneDesk vet vi at kommunikasjon ofte er det som gj\u00f8r eller bryter et vellykket prosjekt. Vi har gjort det enkelt \u00e5 samarbeide med teammedlemmene og kundene dine. S\u00f8rg for at alle alltid er p\u00e5 samme side og s\u00f8rg for at du aldri trenger \u00e5 bekymre deg for tapte e-poster, billetter eller glemte oppgaver igjen.<\/p>\n<h3>Tilordne brukere og f\u00f8lgere<\/h3>\n<p>\u00c5 dele et prosjekt med en bruker eller et team betyr at de kan se p\u00e5, og diskutere ting i det. \u00c5 f\u00f8lge et element betyr at du vil motta varsler om nye diskusjoner om det. Forfattere, tilsettere og diskusjonsdeltakere vil automatisk f\u00f8lge varen.<\/p>\n<p>\u00c5 dele et prosjekt med en kunde eller kundeorganisasjon betyr at de kan se elementene i det p\u00e5 klientportalen (Dette avhenger ogs\u00e5 av portalinnstillingene dine). Hvis du ikke deler prosjektet med dem, kan du fortsatt dele individuelle billetter, oppgaver eller andre gjenstander med kundene dine.<\/p>\n<p>For \u00e5 dele et prosjekt, \u00e5pne prosjektmenyen \u00f8verst til venstre p\u00e5 siden og klikk p\u00e5 &#8220;Del&#8221; -ikonet ved siden av prosjektet. Du kan legge til eksisterende brukere, nye brukere, kunder eller team i prosjektet.<\/p>\n<p><img fetchpriority=\"high\" decoding=\"async\" class=\"wp-image-41420 aligncenter\" src=\"https:\/\/onedesk.com\/wp-content\/uploads\/2016\/01\/share-project-menu.png\" alt=\"\" width=\"583\" height=\"583\"><\/p>\n<p>&nbsp;<\/p>\n<p>Du kan ogs\u00e5 tildele et element til en bruker eller et team. Dette betyr at de er ansvarlige for \u00e5 fullf\u00f8re denne oppgaven eller l\u00f8se billetten. \u00c5 tilordne ved \u00e5 \u00e5pne varedetaljene og legge til en eller flere rettighetshavere.<\/p>\n<p>&nbsp;<\/p>\n<p><img decoding=\"async\" class=\"aligncenter size-medium wp-image-30688\" src=\"https:\/\/onedesk.com\/wp-content\/uploads\/2016\/01\/assign-user-300x291.png\" alt=\"User Assign\"><\/p>\n<p>&nbsp;<\/p>\n<p>&nbsp;<\/p>\n<h3>Samtaler, e-post og varsler<\/h3>\n<p>Du kan diskutere oppgaver, billetter og prosjekter med lagkamerater og kunder fra OneDesk-hovedappen, fra mobilappen, via e-post, fra messenger eller fra kundeportalen. Diskusjoner fanges s\u00f8ml\u00f8st og tres n\u00e5r svar mottas. Du kan til og med sette opp autosvar for \u00e5 ta vare p\u00e5 standard svar. Siden samtaler er i sanntid, vil du f\u00e5 arbeidet ditt gjort raskere uten \u00e5 m\u00e5tte laste en side p\u00e5 nytt for \u00e5 se et svar.<br \/>\n<b><\/b><\/p>\n<p><img decoding=\"async\" class=\"aligncenter size-medium wp-image-30691\" src=\"https:\/\/onedesk.com\/wp-content\/uploads\/2016\/01\/discussion-300x238.png\" alt=\"\" width=\"400\"><\/p>\n<h3>Vedlegg<\/h3>\n<p>Del vedlegg med teammedlemmene direkte p\u00e5 ethvert element eller prosjekt. Trenger du \u00e5 dele et visuelt hjelpemiddel, dokument, design eller skjermbilde? Fest det, og alle p\u00e5 prosjektet har \u00f8yeblikkelig tilgang. Du kan til og med legge ved ting via e-post, til samtaler og til og med i messenger.<\/p>\n","protected":false},"excerpt":{"rendered":"<p>\u00c5 bruke OneDesk betyr at samtaler med teammedlemmer eller kunder aldri er mer enn et klikk unna. test P\u00e5 OneDesk vet vi at kommunikasjon ofte er det som gj\u00f8r eller bryter et vellykket prosjekt. Vi har gjort det enkelt \u00e5 samarbeide med teammedlemmene og kundene dine. S\u00f8rg for at alle alltid er p\u00e5 samme side [&hellip;]<\/p>\n","protected":false},"author":1,"featured_media":0,"parent":0,"menu_order":5,"comment_status":"closed","ping_status":"closed","template":"","meta":{"tpgb_global_settings":"","_crdt_document":"","inline_featured_image":false,"site-sidebar-layout":"default","site-content-layout":"","ast-site-content-layout":"default","site-content-style":"default","site-sidebar-style":"default","ast-global-header-display":"","ast-banner-title-visibility":"","ast-main-header-display":"","ast-hfb-above-header-display":"","ast-hfb-below-header-display":"","ast-hfb-mobile-header-display":"","site-post-title":"","ast-breadcrumbs-content":"","ast-featured-img":"","footer-sml-layout":"","ast-disable-related-posts":"","theme-transparent-header-meta":"","adv-header-id-meta":"","stick-header-meta":"","header-above-stick-meta":"","header-main-stick-meta":"","header-below-stick-meta":"","astra-migrate-meta-layouts":"default","ast-page-background-enabled":"default","ast-page-background-meta":{"desktop":{"background-color":"var(--ast-global-color-4)","background-image":"","background-repeat":"repeat","background-position":"center center","background-size":"auto","background-attachment":"scroll","background-type":"","background-media":"","overlay-type":"","overlay-color":"","overlay-opacity":"","overlay-gradient":""},"tablet":{"background-color":"","background-image":"","background-repeat":"repeat","background-position":"center center","background-size":"auto","background-attachment":"scroll","background-type":"","background-media":"","overlay-type":"","overlay-color":"","overlay-opacity":"","overlay-gradient":""},"mobile":{"background-color":"","background-image":"","background-repeat":"repeat","background-position":"center center","background-size":"auto","background-attachment":"scroll","background-type":"","background-media":"","overlay-type":"","overlay-color":"","overlay-opacity":"","overlay-gradient":""}},"ast-content-background-meta":{"desktop":{"background-color":"var(--ast-global-color-5)","background-image":"","background-repeat":"repeat","background-position":"center center","background-size":"auto","background-attachment":"scroll","background-type":"","background-media":"","overlay-type":"","overlay-color":"","overlay-opacity":"","overlay-gradient":""},"tablet":{"background-color":"var(--ast-global-color-5)","background-image":"","background-repeat":"repeat","background-position":"center center","background-size":"auto","background-attachment":"scroll","background-type":"","background-media":"","overlay-type":"","overlay-color":"","overlay-opacity":"","overlay-gradient":""},"mobile":{"background-color":"var(--ast-global-color-5)","background-image":"","background-repeat":"repeat","background-position":"center center","background-size":"auto","background-attachment":"scroll","background-type":"","background-media":"","overlay-type":"","overlay-color":"","overlay-opacity":"","overlay-gradient":""}},"footnotes":""},"class_list":["post-92789","page","type-page","status-publish","hentry"],"yoast_head":"<!-- This site is optimized with the Yoast SEO Premium plugin v27.2 (Yoast SEO v27.3) - https:\/\/yoast.com\/product\/yoast-seo-premium-wordpress\/ -->\n<title>Trinn 5 - Samarbeid - OneDesk<\/title>\n<meta name=\"description\" content=\"OneDesk er helpdesk-programvare og prosjektledelsesprogramvare i ett program. Dette viser hvordan du kan samarbeide med andre i OneDesk.\" \/>\n<meta name=\"robots\" content=\"index, follow, max-snippet:-1, max-image-preview:large, max-video-preview:-1\" \/>\n<link rel=\"canonical\" href=\"https:\/\/onedesk.com\/no\/trinn-5-samarbeid\/\" \/>\n<meta property=\"og:locale\" content=\"nb_NO\" \/>\n<meta property=\"og:type\" content=\"article\" \/>\n<meta property=\"og:title\" content=\"Trinn 5 - Samarbeid - OneDesk\" \/>\n<meta property=\"og:description\" content=\"OneDesk er helpdesk-programvare og prosjektledelsesprogramvare i ett program. Dette viser hvordan du kan samarbeide med andre i OneDesk.\" \/>\n<meta property=\"og:url\" content=\"https:\/\/onedesk.com\/no\/trinn-5-samarbeid\/\" \/>\n<meta property=\"og:site_name\" content=\"OneDesk\" \/>\n<meta property=\"article:publisher\" content=\"https:\/\/www.facebook.com\/OneDeskApp\" \/>\n<meta property=\"article:modified_time\" content=\"2021-04-28T18:42:45+00:00\" \/>\n<meta property=\"og:image\" content=\"https:\/\/onedesk.com\/wp-content\/uploads\/2016\/01\/share-project-menu.png\" \/>\n<meta name=\"twitter:card\" content=\"summary_large_image\" \/>\n<meta name=\"twitter:site\" content=\"@OneDeskApp\" \/>\n<meta name=\"twitter:label1\" content=\"Est. reading time\" \/>\n\t<meta name=\"twitter:data1\" content=\"2 minutes\" \/>\n<!-- \/ Yoast SEO Premium plugin. -->","yoast_head_json":{"title":"Trinn 5 - Samarbeid - OneDesk","description":"OneDesk er helpdesk-programvare og prosjektledelsesprogramvare i ett program. Dette viser hvordan du kan samarbeide med andre i OneDesk.","robots":{"index":"index","follow":"follow","max-snippet":"max-snippet:-1","max-image-preview":"max-image-preview:large","max-video-preview":"max-video-preview:-1"},"canonical":"https:\/\/onedesk.com\/no\/trinn-5-samarbeid\/","og_locale":"nb_NO","og_type":"article","og_title":"Trinn 5 - Samarbeid - OneDesk","og_description":"OneDesk er helpdesk-programvare og prosjektledelsesprogramvare i ett program. Dette viser hvordan du kan samarbeide med andre i OneDesk.","og_url":"https:\/\/onedesk.com\/no\/trinn-5-samarbeid\/","og_site_name":"OneDesk","article_publisher":"https:\/\/www.facebook.com\/OneDeskApp","article_modified_time":"2021-04-28T18:42:45+00:00","og_image":[{"url":"https:\/\/onedesk.com\/wp-content\/uploads\/2016\/01\/share-project-menu.png","type":"","width":"","height":""}],"twitter_card":"summary_large_image","twitter_site":"@OneDeskApp","twitter_misc":{"Est. reading time":"2 minutes"},"schema":{"@context":"https:\/\/schema.org","@graph":[{"@type":"WebPage","@id":"https:\/\/onedesk.com\/no\/trinn-5-samarbeid\/","url":"https:\/\/onedesk.com\/no\/trinn-5-samarbeid\/","name":"Trinn 5 - Samarbeid - OneDesk","isPartOf":{"@id":"https:\/\/onedesk.com\/no\/#website"},"primaryImageOfPage":{"@id":"https:\/\/onedesk.com\/no\/trinn-5-samarbeid\/#primaryimage"},"image":{"@id":"https:\/\/onedesk.com\/no\/trinn-5-samarbeid\/#primaryimage"},"thumbnailUrl":"https:\/\/onedesk.com\/wp-content\/uploads\/2016\/01\/share-project-menu.png","datePublished":"2021-04-28T18:42:02+00:00","dateModified":"2021-04-28T18:42:45+00:00","description":"OneDesk er helpdesk-programvare og prosjektledelsesprogramvare i ett program. Dette viser hvordan du kan samarbeide med andre i OneDesk.","inLanguage":"nb-NO","potentialAction":[{"@type":"ReadAction","target":["https:\/\/onedesk.com\/no\/trinn-5-samarbeid\/"]}]},{"@type":"ImageObject","inLanguage":"nb-NO","@id":"https:\/\/onedesk.com\/no\/trinn-5-samarbeid\/#primaryimage","url":"https:\/\/onedesk.com\/wp-content\/uploads\/2016\/01\/share-project-menu.png","contentUrl":"https:\/\/onedesk.com\/wp-content\/uploads\/2016\/01\/share-project-menu.png"},{"@type":"WebSite","@id":"https:\/\/onedesk.com\/no\/#website","url":"https:\/\/onedesk.com\/no\/","name":"OneDesk","description":"Prosjektledelse og Helpdesk-programvare","publisher":{"@id":"https:\/\/onedesk.com\/no\/#organization"},"potentialAction":[{"@type":"SearchAction","target":{"@type":"EntryPoint","urlTemplate":"https:\/\/onedesk.com\/no\/?s={search_term_string}"},"query-input":{"@type":"PropertyValueSpecification","valueRequired":true,"valueName":"search_term_string"}}],"inLanguage":"nb-NO"},{"@type":"Organization","@id":"https:\/\/onedesk.com\/no\/#organization","name":"OneDesk","url":"https:\/\/onedesk.com\/no\/","logo":{"@type":"ImageObject","inLanguage":"nb-NO","@id":"https:\/\/onedesk.com\/no\/#\/schema\/logo\/image\/","url":"https:\/\/onedesk.com\/wp-content\/uploads\/2016\/01\/white-logo-small.png","contentUrl":"https:\/\/onedesk.com\/wp-content\/uploads\/2016\/01\/white-logo-small.png","width":207,"height":40,"caption":"OneDesk"},"image":{"@id":"https:\/\/onedesk.com\/no\/#\/schema\/logo\/image\/"},"sameAs":["https:\/\/www.facebook.com\/OneDeskApp","https:\/\/x.com\/OneDeskApp","https:\/\/www.instagram.com\/onedeskapp\/","https:\/\/www.linkedin.com\/company\/onedesk-inc-1","https:\/\/www.pinterest.com\/onedesk\/","https:\/\/www.youtube.com\/user\/OneDeskApp"]}]}},"tpgb_featured_images":null,"tpgb_post_meta_info":{"get_date":"April 28, 2021","get_modified_date":"April 28, 2021","author_name":"server.admin@onedesk.com","author_url":"https:\/\/onedesk.com\/no\/author\/server-adminonedesk-com\/","author_email":"server.admin@onedesk.com","author_website":"","author_description":"","author_facebook":"","author_twitter":"","author_instagram":"","author_role":["administrator"],"author_firstname":"","author_lastname":"","user_login":"server.admin@onedesk.com","author_avatar":"<img alt='' src='https:\/\/secure.gravatar.com\/avatar\/a37d6b270be81ecbf4ab9ca7260f2d1ee4d0295343706f0648e9d7a0d75243d3?s=200&#038;d=mm&#038;r=g' srcset='https:\/\/secure.gravatar.com\/avatar\/a37d6b270be81ecbf4ab9ca7260f2d1ee4d0295343706f0648e9d7a0d75243d3?s=400&#038;d=mm&#038;r=g 2x' class='avatar avatar-200 photo' height='200' width='200' decoding='async'\/>","author_avatar_url":"https:\/\/secure.gravatar.com\/avatar\/a37d6b270be81ecbf4ab9ca7260f2d1ee4d0295343706f0648e9d7a0d75243d3?s=96&d=mm&r=g","comment_count":0,"post_likes":0,"post_views":0},"tpgb_post_category":[],"jetpack_shortlink":"https:\/\/wp.me\/PfpPaI-o8B","amp_enabled":true,"_links":{"self":[{"href":"https:\/\/onedesk.com\/no\/wp-json\/wp\/v2\/pages\/92789","targetHints":{"allow":["GET"]}}],"collection":[{"href":"https:\/\/onedesk.com\/no\/wp-json\/wp\/v2\/pages"}],"about":[{"href":"https:\/\/onedesk.com\/no\/wp-json\/wp\/v2\/types\/page"}],"author":[{"embeddable":true,"href":"https:\/\/onedesk.com\/no\/wp-json\/wp\/v2\/users\/1"}],"replies":[{"embeddable":true,"href":"https:\/\/onedesk.com\/no\/wp-json\/wp\/v2\/comments?post=92789"}],"version-history":[{"count":1,"href":"https:\/\/onedesk.com\/no\/wp-json\/wp\/v2\/pages\/92789\/revisions"}],"predecessor-version":[{"id":92806,"href":"https:\/\/onedesk.com\/no\/wp-json\/wp\/v2\/pages\/92789\/revisions\/92806"}],"wp:attachment":[{"href":"https:\/\/onedesk.com\/no\/wp-json\/wp\/v2\/media?parent=92789"}],"curies":[{"name":"wp","href":"https:\/\/api.w.org\/{rel}","templated":true}]}}