{"id":106130,"date":"2021-06-15T14:47:22","date_gmt":"2021-06-15T14:47:22","guid":{"rendered":"https:\/\/onedesk.com\/signuppricing\/"},"modified":"2021-06-15T14:47:40","modified_gmt":"2021-06-15T14:47:40","slug":"signuppricing","status":"publish","type":"page","link":"https:\/\/onedesk.com\/pt-pt\/signuppricing\/","title":{"rendered":"Inscreva-se nos pre\u00e7os gratuitos"},"content":{"rendered":"<div style=\"margin-left: 20%; margin-bottom:30%;\">\n<h2><span style=\"font-weight: 300;color:#25aed8;font-size: 25px\">Julgamento gratuito de 14 dias<\/span><\/h2>\n<p><div class=\"frm_forms  with_frm_style frm_style_formidable-style-3\" id=\"frm_form_6_container\" >\n<form enctype=\"multipart\/form-data\" method=\"post\" class=\"frm-show-form  frm_pro_form \" id=\"form_gm8fq\" >\n<div class=\"frm_form_fields \">\n<fieldset>\n<div class=\"frm_fields_container\">\n<input type=\"hidden\" name=\"frm_action\" value=\"create\" \/>\n<input type=\"hidden\" name=\"form_id\" value=\"6\" \/>\n<input type=\"hidden\" name=\"frm_hide_fields_6\" id=\"frm_hide_fields_6\" value=\"\" \/>\n<input type=\"hidden\" name=\"form_key\" value=\"gm8fq\" \/>\n<input type=\"hidden\" name=\"item_meta[0]\" value=\"\" \/>\n<input type=\"hidden\" id=\"frm_submit_entry_6\" name=\"frm_submit_entry_6\" value=\"2125f82dc4\" \/><input type=\"hidden\" name=\"_wp_http_referer\" value=\"\/pt-pt\/wp-json\/wp\/v2\/pages\/106130\" \/><div id=\"frm_field_11_container\" class=\"frm_form_field form-field  frm_inline_container frm_first frm_half\">\r\n    <input type=\"email\" id=\"field_pgrsx\" name=\"item_meta[11]\" value=\"\"  data-invmsg=\"Email Address is invalid\" placeholder=\"enter your email...\" style=\"font-size:14px\" aria-invalid=\"false\"  \/>\r\n    \r\n    \r\n<\/div>\n<div id=\"frm_field_140_container\" class=\"frm_form_field form-field \">\n\t<div class=\"frm_submit frm_half\">\r\n\r\n<input type=\"submit\" style=\"font-size:20px\" value=\"Sign up free!\"  class=\"frm_final_submit\" formnovalidate=\"formnovalidate\" \/>\r\n<img decoding=\"async\" class=\"frm_ajax_loading\" src=\"https:\/\/onedesk.com\/wp-content\/plugins\/formidable\/images\/ajax_loader.gif\" alt=\"Sending\"\/>\r\n \n<\/div>\n\t<input type=\"hidden\" name=\"item_key\" value=\"\" \/>\n\t\t\t<div id=\"frm_field_145_container\">\n\t\t\t<label for=\"field_fioma\" >\n\t\t\t\tIf you are human, leave this field blank.\t\t\t<\/label>\n\t\t\t<input  id=\"field_fioma\" type=\"text\" class=\"frm_form_field form-field frm_verify\" name=\"item_meta[145]\" value=\"\"  \/>\n\t\t<\/div>\n\t\t<input name=\"frm_state\" type=\"hidden\" value=\"6qfuaf2lh74i6JgH7m5DJFMBMhEclHioc8\/S\/Is7z2eKCeffmWJi5PY0iNCSQGg0\" \/><\/div>\n<\/fieldset>\n<\/div>\n\n<p style=\"display: none !important;\" class=\"akismet-fields-container\" data-prefix=\"ak_\"><label>&#916;<textarea name=\"ak_hp_textarea\" cols=\"45\" rows=\"8\" maxlength=\"100\"><\/textarea><\/label><input type=\"hidden\" id=\"ak_js_1\" name=\"ak_js\" value=\"46\"\/><script>document.getElementById( \"ak_js_1\" ).setAttribute( \"value\", ( new Date() ).getTime() );<\/script><\/p><\/form>\n<\/div>\n<br \/>\n<span style=\"font-weight: 100;font-size: 12px;color: #3c9bbf\">OU iniciar s-se\u00e7\u00e3o com<\/span><a href=\"https:\/\/login.microsoftonline.com\/common\/oauth2\/v2.0\/authorize?client_id=85537a8d-b538-4105-9460-e9cef6597169&amp;response_type=code&amp;redirect_uri=https:\/\/app.onedesk.com\/integrations\/azuread\/token&amp;response_mode=query&amp;scope=openid%20email%20user.read%20profile%20directory.read.all\"><img decoding=\"async\" src=\"https:\/\/onedesk.com\/wp-content\/uploads\/2016\/01\/Asset-6MicrosoftIcon.png\" alt=\"Sign in with your Microsoft account\" width=\"44\" height=\"44\"><\/a>   <a id=\"GoogleSigninButton2\" href=\"#\"><img decoding=\"async\" src=\"https:\/\/onedesk.com\/wp-content\/uploads\/2016\/01\/Asset-4Googleicon.png\" alt=\"Sign in with your Google account\" width=\"44\" height=\"44\"><\/a>   <a id=\"LinkeinSigninButton2\" href=\"https:\/\/www.linkedin.com\/uas\/oauth2\/authorization?response_type=code&amp;client_id=77116lngp3g7pc&amp;state=https:\/\/app.onedesk.com&amp;scope=r_liteprofile%20r_emailaddress&amp;redirect_uri=https:\/\/app.onedesk.com\/integrations\/linkedin\/token\"><img decoding=\"async\" src=\"https:\/\/onedesk.com\/wp-content\/uploads\/2016\/01\/Asset-5LinkedinIcon.png\" alt=\"Sign in with your LinkedIn account\" width=\"44\" height=\"44\"><\/a><\/p>\n<ul>\n<li style=\"font-size: 16px;color:#25aed8\">N\u00e3o \u00e9 necess\u00e1rio cart\u00e3o de cr\u00e9dito<\/li>\n<li style=\"font-size: 16px;color:#25aed8\">Julgamento em destaque<\/li>\n<\/ul>\n<\/div>\n","protected":false},"excerpt":{"rendered":"<p>Julgamento gratuito de 14 dias OU iniciar s-se\u00e7\u00e3o com N\u00e3o \u00e9 necess\u00e1rio cart\u00e3o de cr\u00e9dito Julgamento em destaque<\/p>\n","protected":false},"author":27,"featured_media":0,"parent":0,"menu_order":7,"comment_status":"closed","ping_status":"closed","template":"","meta":{"tpgb_global_settings":"","_crdt_document":"","inline_featured_image":false,"site-sidebar-layout":"default","site-content-layout":"","ast-site-content-layout":"default","site-content-style":"default","site-sidebar-style":"default","ast-global-header-display":"","ast-banner-title-visibility":"","ast-main-header-display":"","ast-hfb-above-header-display":"","ast-hfb-below-header-display":"","ast-hfb-mobile-header-display":"","site-post-title":"","ast-breadcrumbs-content":"","ast-featured-img":"","footer-sml-layout":"","ast-disable-related-posts":"","theme-transparent-header-meta":"","adv-header-id-meta":"","stick-header-meta":"","header-above-stick-meta":"","header-main-stick-meta":"","header-below-stick-meta":"","astra-migrate-meta-layouts":"default","ast-page-background-enabled":"default","ast-page-background-meta":{"desktop":{"background-color":"var(--ast-global-color-4)","background-image":"","background-repeat":"repeat","background-position":"center center","background-size":"auto","background-attachment":"scroll","background-type":"","background-media":"","overlay-type":"","overlay-color":"","overlay-opacity":"","overlay-gradient":""},"tablet":{"background-color":"","background-image":"","background-repeat":"repeat","background-position":"center center","background-size":"auto","background-attachment":"scroll","background-type":"","background-media":"","overlay-type":"","overlay-color":"","overlay-opacity":"","overlay-gradient":""},"mobile":{"background-color":"","background-image":"","background-repeat":"repeat","background-position":"center center","background-size":"auto","background-attachment":"scroll","background-type":"","background-media":"","overlay-type":"","overlay-color":"","overlay-opacity":"","overlay-gradient":""}},"ast-content-background-meta":{"desktop":{"background-color":"var(--ast-global-color-5)","background-image":"","background-repeat":"repeat","background-position":"center center","background-size":"auto","background-attachment":"scroll","background-type":"","background-media":"","overlay-type":"","overlay-color":"","overlay-opacity":"","overlay-gradient":""},"tablet":{"background-color":"var(--ast-global-color-5)","background-image":"","background-repeat":"repeat","background-position":"center center","background-size":"auto","background-attachment":"scroll","background-type":"","background-media":"","overlay-type":"","overlay-color":"","overlay-opacity":"","overlay-gradient":""},"mobile":{"background-color":"var(--ast-global-color-5)","background-image":"","background-repeat":"repeat","background-position":"center center","background-size":"auto","background-attachment":"scroll","background-type":"","background-media":"","overlay-type":"","overlay-color":"","overlay-opacity":"","overlay-gradient":""}},"footnotes":""},"class_list":["post-106130","page","type-page","status-publish","hentry"],"yoast_head":"<!-- This site is optimized with the Yoast SEO Premium plugin v27.3 (Yoast SEO v27.3) - https:\/\/yoast.com\/product\/yoast-seo-premium-wordpress\/ -->\n<title>Inscreva-se nos pre\u00e7os gratuitos - OneDesk<\/title>\n<meta name=\"description\" content=\"OneDesk \u00e9 software helpdesk e software de gest\u00e3o de projetos numa \u00fanica aplica\u00e7\u00e3o. Trabalhe com os seus clientes nos seus projetos e bilhetes numa plataforma unificada.\" \/>\n<meta name=\"robots\" content=\"index, follow, max-snippet:-1, max-image-preview:large, max-video-preview:-1\" \/>\n<link rel=\"canonical\" href=\"https:\/\/onedesk.com\/pt-pt\/signuppricing\/\" \/>\n<meta property=\"og:locale\" content=\"pt_PT\" \/>\n<meta property=\"og:type\" content=\"article\" \/>\n<meta property=\"og:title\" content=\"Inscreva-se nos pre\u00e7os gratuitos - OneDesk\" \/>\n<meta property=\"og:description\" content=\"OneDesk \u00e9 software helpdesk e software de gest\u00e3o de projetos numa \u00fanica aplica\u00e7\u00e3o. Trabalhe com os seus clientes nos seus projetos e bilhetes numa plataforma unificada.\" \/>\n<meta property=\"og:url\" content=\"https:\/\/onedesk.com\/pt-pt\/signuppricing\/\" \/>\n<meta property=\"og:site_name\" content=\"OneDesk\" \/>\n<meta property=\"article:publisher\" content=\"https:\/\/www.facebook.com\/OneDeskApp\" \/>\n<meta property=\"article:modified_time\" content=\"2021-06-15T14:47:40+00:00\" \/>\n<meta property=\"og:image\" content=\"https:\/\/onedesk.com\/wp-content\/uploads\/2016\/01\/Asset-6MicrosoftIcon.png\" \/>\n<meta name=\"twitter:card\" content=\"summary_large_image\" \/>\n<meta name=\"twitter:site\" content=\"@OneDeskApp\" \/>\n<!-- \/ Yoast SEO Premium plugin. -->","yoast_head_json":{"title":"Inscreva-se nos pre\u00e7os gratuitos - OneDesk","description":"OneDesk \u00e9 software helpdesk e software de gest\u00e3o de projetos numa \u00fanica aplica\u00e7\u00e3o. Trabalhe com os seus clientes nos seus projetos e bilhetes numa plataforma unificada.","robots":{"index":"index","follow":"follow","max-snippet":"max-snippet:-1","max-image-preview":"max-image-preview:large","max-video-preview":"max-video-preview:-1"},"canonical":"https:\/\/onedesk.com\/pt-pt\/signuppricing\/","og_locale":"pt_PT","og_type":"article","og_title":"Inscreva-se nos pre\u00e7os gratuitos - OneDesk","og_description":"OneDesk \u00e9 software helpdesk e software de gest\u00e3o de projetos numa \u00fanica aplica\u00e7\u00e3o. Trabalhe com os seus clientes nos seus projetos e bilhetes numa plataforma unificada.","og_url":"https:\/\/onedesk.com\/pt-pt\/signuppricing\/","og_site_name":"OneDesk","article_publisher":"https:\/\/www.facebook.com\/OneDeskApp","article_modified_time":"2021-06-15T14:47:40+00:00","og_image":[{"url":"https:\/\/onedesk.com\/wp-content\/uploads\/2016\/01\/Asset-6MicrosoftIcon.png","type":"","width":"","height":""}],"twitter_card":"summary_large_image","twitter_site":"@OneDeskApp","schema":{"@context":"https:\/\/schema.org","@graph":[{"@type":"WebPage","@id":"https:\/\/onedesk.com\/pt-pt\/signuppricing\/","url":"https:\/\/onedesk.com\/pt-pt\/signuppricing\/","name":"Inscreva-se nos pre\u00e7os gratuitos - OneDesk","isPartOf":{"@id":"https:\/\/onedesk.com\/pt-pt\/#website"},"primaryImageOfPage":{"@id":"https:\/\/onedesk.com\/pt-pt\/signuppricing\/#primaryimage"},"image":{"@id":"https:\/\/onedesk.com\/pt-pt\/signuppricing\/#primaryimage"},"thumbnailUrl":"https:\/\/onedesk.com\/wp-content\/uploads\/2016\/01\/Asset-6MicrosoftIcon.png","datePublished":"2021-06-15T14:47:22+00:00","dateModified":"2021-06-15T14:47:40+00:00","description":"OneDesk \u00e9 software helpdesk e software de gest\u00e3o de projetos numa \u00fanica aplica\u00e7\u00e3o. Trabalhe com os seus clientes nos seus projetos e bilhetes numa plataforma unificada.","inLanguage":"pt-PT","potentialAction":[{"@type":"ReadAction","target":["https:\/\/onedesk.com\/pt-pt\/signuppricing\/"]}]},{"@type":"ImageObject","inLanguage":"pt-PT","@id":"https:\/\/onedesk.com\/pt-pt\/signuppricing\/#primaryimage","url":"https:\/\/onedesk.com\/wp-content\/uploads\/2016\/01\/Asset-6MicrosoftIcon.png","contentUrl":"https:\/\/onedesk.com\/wp-content\/uploads\/2016\/01\/Asset-6MicrosoftIcon.png"},{"@type":"WebSite","@id":"https:\/\/onedesk.com\/pt-pt\/#website","url":"https:\/\/onedesk.com\/pt-pt\/","name":"OneDesk","description":"Software de Gest\u00e3o de Projetos e Helpdesk","publisher":{"@id":"https:\/\/onedesk.com\/pt-pt\/#organization"},"potentialAction":[{"@type":"SearchAction","target":{"@type":"EntryPoint","urlTemplate":"https:\/\/onedesk.com\/pt-pt\/?s={search_term_string}"},"query-input":{"@type":"PropertyValueSpecification","valueRequired":true,"valueName":"search_term_string"}}],"inLanguage":"pt-PT"},{"@type":"Organization","@id":"https:\/\/onedesk.com\/pt-pt\/#organization","name":"OneDesk","url":"https:\/\/onedesk.com\/pt-pt\/","logo":{"@type":"ImageObject","inLanguage":"pt-PT","@id":"https:\/\/onedesk.com\/pt-pt\/#\/schema\/logo\/image\/","url":"https:\/\/onedesk.com\/wp-content\/uploads\/2016\/01\/white-logo-small.png","contentUrl":"https:\/\/onedesk.com\/wp-content\/uploads\/2016\/01\/white-logo-small.png","width":207,"height":40,"caption":"OneDesk"},"image":{"@id":"https:\/\/onedesk.com\/pt-pt\/#\/schema\/logo\/image\/"},"sameAs":["https:\/\/www.facebook.com\/OneDeskApp","https:\/\/x.com\/OneDeskApp","https:\/\/www.instagram.com\/onedeskapp\/","https:\/\/www.linkedin.com\/company\/onedesk-inc-1","https:\/\/www.pinterest.com\/onedesk\/","https:\/\/www.youtube.com\/user\/OneDeskApp"]}]}},"tpgb_featured_images":null,"tpgb_post_meta_info":{"get_date":"June 15, 2021","get_modified_date":"June 15, 2021","author_name":"Sabrin Yusef","author_url":"https:\/\/onedesk.com\/pt-pt\/author\/sarbin-yusef\/","author_email":"sabrin.yusef@onedesk.com","author_website":"","author_description":"","author_facebook":"","author_twitter":"","author_instagram":"","author_role":["customer"],"author_firstname":"Sabrin","author_lastname":"Yusef","user_login":"sarbin.yusef","author_avatar":"<img alt='' src='https:\/\/secure.gravatar.com\/avatar\/1f20332b0900369c93c9c272e03885bde073bf214b3dd3eb4bea569a45bea588?s=200&#038;d=mm&#038;r=g' srcset='https:\/\/secure.gravatar.com\/avatar\/1f20332b0900369c93c9c272e03885bde073bf214b3dd3eb4bea569a45bea588?s=400&#038;d=mm&#038;r=g 2x' class='avatar avatar-200 photo' height='200' width='200' decoding='async'\/>","author_avatar_url":"https:\/\/secure.gravatar.com\/avatar\/1f20332b0900369c93c9c272e03885bde073bf214b3dd3eb4bea569a45bea588?s=96&d=mm&r=g","comment_count":0,"post_likes":0,"post_views":0},"tpgb_post_category":[],"jetpack_shortlink":"https:\/\/wp.me\/PfpPaI-rBM","amp_enabled":true,"_links":{"self":[{"href":"https:\/\/onedesk.com\/pt-pt\/wp-json\/wp\/v2\/pages\/106130","targetHints":{"allow":["GET"]}}],"collection":[{"href":"https:\/\/onedesk.com\/pt-pt\/wp-json\/wp\/v2\/pages"}],"about":[{"href":"https:\/\/onedesk.com\/pt-pt\/wp-json\/wp\/v2\/types\/page"}],"author":[{"embeddable":true,"href":"https:\/\/onedesk.com\/pt-pt\/wp-json\/wp\/v2\/users\/27"}],"replies":[{"embeddable":true,"href":"https:\/\/onedesk.com\/pt-pt\/wp-json\/wp\/v2\/comments?post=106130"}],"version-history":[{"count":1,"href":"https:\/\/onedesk.com\/pt-pt\/wp-json\/wp\/v2\/pages\/106130\/revisions"}],"predecessor-version":[{"id":106136,"href":"https:\/\/onedesk.com\/pt-pt\/wp-json\/wp\/v2\/pages\/106130\/revisions\/106136"}],"wp:attachment":[{"href":"https:\/\/onedesk.com\/pt-pt\/wp-json\/wp\/v2\/media?parent=106130"}],"curies":[{"name":"wp","href":"https:\/\/api.w.org\/{rel}","templated":true}]}}