{"id":152357,"date":"2021-12-16T20:15:23","date_gmt":"2021-12-16T20:15:23","guid":{"rendered":"https:\/\/onedesk.com\/indice-de-caracteristicas\/gestao-de-tarefas\/"},"modified":"2023-08-08T19:03:41","modified_gmt":"2023-08-08T19:03:41","slug":"gestao-de-tarefas","status":"publish","type":"page","link":"https:\/\/onedesk.com\/pt-pt\/indice-de-caracteristicas\/gestao-de-tarefas\/","title":{"rendered":"Gest\u00e3o de Tarefas"},"content":{"rendered":"\t\t<div data-elementor-type=\"wp-page\" data-elementor-id=\"152357\" class=\"elementor elementor-152357 elementor-98991\" data-elementor-post-type=\"page\">\n\t\t\t\t\t\t<section class=\"elementor-section elementor-top-section elementor-element elementor-element-2a0337bb elementor-section-boxed elementor-section-height-default elementor-section-height-default\" data-id=\"2a0337bb\" data-element_type=\"section\" data-e-type=\"section\">\n\t\t\t\t\t\t<div class=\"elementor-container elementor-column-gap-default\">\n\t\t\t\t\t<div class=\"elementor-column elementor-col-100 elementor-top-column elementor-element elementor-element-6bb8b550\" data-id=\"6bb8b550\" data-element_type=\"column\" data-e-type=\"column\">\n\t\t\t<div class=\"elementor-widget-wrap\">\n\t\t\t\t\t\t\t<\/div>\n\t\t<\/div>\n\t\t\t\t\t<\/div>\n\t\t<\/section>\n\t\t\t\t<section class=\"elementor-section elementor-top-section elementor-element elementor-element-2f012f0 elementor-section-boxed elementor-section-height-default elementor-section-height-default\" data-id=\"2f012f0\" data-element_type=\"section\" data-e-type=\"section\">\n\t\t\t\t\t\t<div class=\"elementor-container elementor-column-gap-default\">\n\t\t\t\t\t<div class=\"elementor-column elementor-col-100 elementor-top-column elementor-element elementor-element-2863e763\" data-id=\"2863e763\" data-element_type=\"column\" data-e-type=\"column\">\n\t\t\t<div class=\"elementor-widget-wrap elementor-element-populated\">\n\t\t\t\t\t\t<div class=\"elementor-element elementor-element-3fd677fa elementor-widget elementor-widget-heading\" data-id=\"3fd677fa\" data-element_type=\"widget\" data-e-type=\"widget\" data-widget_type=\"heading.default\">\n\t\t\t\t<div class=\"elementor-widget-container\">\n\t\t\t\t\t<h2 class=\"elementor-heading-title elementor-size-default\">Gest\u00e3o de Tarefas<\/h2>\t\t\t\t<\/div>\n\t\t\t\t<\/div>\n\t\t\t\t<div class=\"elementor-element elementor-element-7f833ae8 elementor-widget elementor-widget-text-editor\" data-id=\"7f833ae8\" data-element_type=\"widget\" data-e-type=\"widget\" data-widget_type=\"text-editor.default\">\n\t\t\t\t<div class=\"elementor-widget-container\">\n\t\t\t\t\t\t\t\t\t<p>Otimizar a produtividade do trabalho e da equipa<\/p>\n\t\t\t\t\t\t\t\t<\/div>\n\t\t\t\t<\/div>\n\t\t\t\t\t<\/div>\n\t\t<\/div>\n\t\t\t\t\t<\/div>\n\t\t<\/section>\n\t\t\t\t<section class=\"elementor-section elementor-top-section elementor-element elementor-element-583bd8e0 elementor-section-boxed elementor-section-height-default elementor-section-height-default\" data-id=\"583bd8e0\" data-element_type=\"section\" data-e-type=\"section\">\n\t\t\t\t\t\t<div class=\"elementor-container elementor-column-gap-default\">\n\t\t\t\t\t<div class=\"elementor-column elementor-col-50 elementor-top-column elementor-element elementor-element-342ac01a\" data-id=\"342ac01a\" data-element_type=\"column\" data-e-type=\"column\">\n\t\t\t<div class=\"elementor-widget-wrap elementor-element-populated\">\n\t\t\t\t\t\t<div class=\"elementor-element elementor-element-99d1c06 elementor-widget elementor-widget-image\" data-id=\"99d1c06\" data-element_type=\"widget\" data-e-type=\"widget\" data-widget_type=\"image.default\">\n\t\t\t\t<div class=\"elementor-widget-container\">\n\t\t\t\t\t\t\t\t\t\t\t\t\t\t\t<img fetchpriority=\"high\" decoding=\"async\" width=\"589\" height=\"1024\" src=\"https:\/\/onedesk.com\/wp-content\/uploads\/2021\/05\/work-589x1024.png\" class=\"attachment-large size-large wp-image-99098\" alt=\"\" srcset=\"https:\/\/onedesk.com\/wp-content\/uploads\/2021\/05\/work-589x1024.png 589w, https:\/\/onedesk.com\/wp-content\/uploads\/2021\/05\/work-173x300.png 173w, https:\/\/onedesk.com\/wp-content\/uploads\/2021\/05\/work-768x1336.png 768w, https:\/\/onedesk.com\/wp-content\/uploads\/2021\/05\/work-883x1536.png 883w, https:\/\/onedesk.com\/wp-content\/uploads\/2021\/05\/work-1178x2048.png 1178w, https:\/\/onedesk.com\/wp-content\/uploads\/2021\/05\/work-518x900.png 518w, https:\/\/onedesk.com\/wp-content\/uploads\/2021\/05\/work-255x443.png 255w, https:\/\/onedesk.com\/wp-content\/uploads\/2021\/05\/work-46x80.png 46w, https:\/\/onedesk.com\/wp-content\/uploads\/2021\/05\/work-23x40.png 23w, https:\/\/onedesk.com\/wp-content\/uploads\/2021\/05\/work-480x835.png 480w, https:\/\/onedesk.com\/wp-content\/uploads\/2021\/05\/work-500x870.png 500w, https:\/\/onedesk.com\/wp-content\/uploads\/2021\/05\/work-750x1304.png 750w, https:\/\/onedesk.com\/wp-content\/uploads\/2021\/05\/work-360x626.png 360w, https:\/\/onedesk.com\/wp-content\/uploads\/2021\/05\/work.png 1288w\" sizes=\"(max-width: 589px) 100vw, 589px\" \/>\t\t\t\t\t\t\t\t\t\t\t\t\t\t\t<\/div>\n\t\t\t\t<\/div>\n\t\t\t\t\t<\/div>\n\t\t<\/div>\n\t\t\t\t<div class=\"elementor-column elementor-col-50 elementor-top-column elementor-element elementor-element-6ad095d4\" data-id=\"6ad095d4\" data-element_type=\"column\" data-e-type=\"column\">\n\t\t\t<div class=\"elementor-widget-wrap elementor-element-populated\">\n\t\t\t\t\t\t<div class=\"elementor-element elementor-element-2fcb80b7 elementor-widget elementor-widget-heading\" data-id=\"2fcb80b7\" data-element_type=\"widget\" data-e-type=\"widget\" data-widget_type=\"heading.default\">\n\t\t\t\t<div class=\"elementor-widget-container\">\n\t\t\t\t\t<h2 class=\"elementor-heading-title elementor-size-default\">Fa\u00e7a o trabalho mais eficientemente<\/h2>\t\t\t\t<\/div>\n\t\t\t\t<\/div>\n\t\t\t\t<div class=\"elementor-element elementor-element-60407861 elementor-widget elementor-widget-text-editor\" data-id=\"60407861\" data-element_type=\"widget\" data-e-type=\"widget\" data-widget_type=\"text-editor.default\">\n\t\t\t\t<div class=\"elementor-widget-container\">\n\t\t\t\t\t\t\t\t\t<p>O OneDesk tem como objetivo poupar-lhe tempo valioso ao longo dos seus dias de trabalho. Atrav\u00e9s do uso de <a href=\"https:\/\/onedesk.com\/pt-pt\/indice-de-caracteristicas\/macros\/\">macros<\/a>, voc\u00ea pode iniciar atualiza\u00e7\u00f5es em massa em v\u00e1rias tarefas no OneDesk. Isto poupa-lhe tempo que de outra forma teria gasto na atualiza\u00e7\u00e3o manual. Voc\u00ea pode atualizar em massa as tarefas, desde os status do ciclo de vida at\u00e9 a atribui\u00e7\u00e3o de trabalho em massa.<\/p>\n\t\t\t\t\t\t\t\t<\/div>\n\t\t\t\t<\/div>\n\t\t\t\t<div class=\"elementor-element elementor-element-50beb80 elementor-widget elementor-widget-heading\" data-id=\"50beb80\" data-element_type=\"widget\" data-e-type=\"widget\" data-widget_type=\"heading.default\">\n\t\t\t\t<div class=\"elementor-widget-container\">\n\t\t\t\t\t<h2 class=\"elementor-heading-title elementor-size-default\">Gerir e supervisionar facilmente todo o trabalho de equipa<\/h2>\t\t\t\t<\/div>\n\t\t\t\t<\/div>\n\t\t\t\t<div class=\"elementor-element elementor-element-9d8e0d9 elementor-widget elementor-widget-text-editor\" data-id=\"9d8e0d9\" data-element_type=\"widget\" data-e-type=\"widget\" data-widget_type=\"text-editor.default\">\n\t\t\t\t<div class=\"elementor-widget-container\">\n\t\t\t\t\t\t\t\t\t<p>O OneDesk simplifica o <a href=\"https:\/\/onedesk.com\/features-index\/tracking-work\/\">acompanhamento do trabalho que<\/a> sua equipe est\u00e1 concluindo. Um widget de painel visual e uma visualiza\u00e7\u00e3o de painel mostram a divis\u00e3o da atribui\u00e7\u00e3o de tarefas em gr\u00e1ficos e tabelas, permitindo que voc\u00ea veja facilmente quem pode estar sobrecarregado. Com a prioriza\u00e7\u00e3o de tarefas, voc\u00ea pode chamar a aten\u00e7\u00e3o da sua equipe para as tarefas mais importantes. Usando o controle de atividades, voc\u00ea pode obter um<a href=\"https:\/\/onedesk.com\/pt-pt\/indice-de-caracteristicas\/registo-de-stream-auditoria-de-atividade\/\"> log de auditoria <\/a>de todo o trabalho conclu\u00eddo em uma tarefa.<\/p>\n\t\t\t\t\t\t\t\t<\/div>\n\t\t\t\t<\/div>\n\t\t\t\t<div class=\"elementor-element elementor-element-58458b2 elementor-widget elementor-widget-heading\" data-id=\"58458b2\" data-element_type=\"widget\" data-e-type=\"widget\" data-widget_type=\"heading.default\">\n\t\t\t\t<div class=\"elementor-widget-container\">\n\t\t\t\t\t<h2 class=\"elementor-heading-title elementor-size-default\">Atribuir rapidamente tarefas ao membro da equipa certa<\/h2>\t\t\t\t<\/div>\n\t\t\t\t<\/div>\n\t\t\t\t<div class=\"elementor-element elementor-element-871e559 elementor-widget elementor-widget-text-editor\" data-id=\"871e559\" data-element_type=\"widget\" data-e-type=\"widget\" data-widget_type=\"text-editor.default\">\n\t\t\t\t<div class=\"elementor-widget-container\">\n\t\t\t\t\t\t\t\t\t<p>Suas tarefas n\u00e3o devem passar tempo sem supervis\u00e3o: use <a href=\"https:\/\/onedesk.com\/pt-pt\/indice-de-caracteristicas\/automacoes-de-fluxo-de-trabalho\/\">as automa\u00e7\u00f5es de fluxo de <\/a>trabalho do OneDesk para atribuir qualquer trabalho que chegue automaticamente. Atribua trabalho com base na prioridade, no tipo, na organiza\u00e7\u00e3o do solicitante e muito mais! Voc\u00ea tamb\u00e9m pode distribuir tarefas uniformemente com a atribui\u00e7\u00e3o autom\u00e1tica round-robin para garantir que nenhum dos membros da sua equipe esteja sobrecarregado com tarefas. Use ferramentas de <a href=\"https:\/\/onedesk.com\/pt-pt\/indice-de-caracteristicas\/atribuicao-de-recursos\/\">aloca\u00e7\u00e3o de recursos<\/a> para atribuir tarefas com base no conjunto de habilidades, disponibilidade e muito mais.<\/p>\n\t\t\t\t\t\t\t\t<\/div>\n\t\t\t\t<\/div>\n\t\t\t\t\t<\/div>\n\t\t<\/div>\n\t\t\t\t\t<\/div>\n\t\t<\/section>\n\t\t\t\t<section class=\"elementor-section elementor-top-section elementor-element elementor-element-386b9a84 elementor-section-boxed elementor-section-height-default elementor-section-height-default\" data-id=\"386b9a84\" data-element_type=\"section\" data-e-type=\"section\">\n\t\t\t\t\t\t<div class=\"elementor-container elementor-column-gap-default\">\n\t\t\t\t\t<div class=\"elementor-column elementor-col-100 elementor-top-column elementor-element elementor-element-a1eb29d\" data-id=\"a1eb29d\" data-element_type=\"column\" data-e-type=\"column\">\n\t\t\t<div class=\"elementor-widget-wrap elementor-element-populated\">\n\t\t\t\t\t\t<div class=\"elementor-element elementor-element-7fda1d86 elementor-widget elementor-widget-heading\" data-id=\"7fda1d86\" data-element_type=\"widget\" data-e-type=\"widget\" data-widget_type=\"heading.default\">\n\t\t\t\t<div class=\"elementor-widget-container\">\n\t\t\t\t\t<h2 class=\"elementor-heading-title elementor-size-default\">Monitor &amp; Receber atualiza\u00e7\u00f5es sobre todos os aspetos do trabalho<\/h2>\t\t\t\t<\/div>\n\t\t\t\t<\/div>\n\t\t\t\t<div class=\"elementor-element elementor-element-196402af elementor-widget elementor-widget-text-editor\" data-id=\"196402af\" data-element_type=\"widget\" data-e-type=\"widget\" data-widget_type=\"text-editor.default\">\n\t\t\t\t<div class=\"elementor-widget-container\">\n\t\t\t\t\t\t\t\t\t<p>Fique por dentro do que precisa ser feito e do que foi feito. O OneDesk garante que voc\u00ea esteja informado sobre as atualiza\u00e7\u00f5es em que est\u00e1 interessado com notifica\u00e7\u00f5es e mensagens de e-mail que o mant\u00eam atualizado sobre atualiza\u00e7\u00f5es de tarefas e novas conversas. Fa\u00e7a uso de relat\u00f3rios personalizados para gerar automaticamente <a href=\"https:\/\/onedesk.com\/pt-pt\/indice-de-caracteristicas\/relatorios\/\">relat\u00f3rios<\/a> a serem entregues diretamente em sua caixa de entrada de e-mail. Estes relat\u00f3rios mant\u00eam-no informado sobre todas as atualiza\u00e7\u00f5es de tarefas que SELECIONA.<\/p>\n\t\t\t\t\t\t\t\t<\/div>\n\t\t\t\t<\/div>\n\t\t\t\t\t<\/div>\n\t\t<\/div>\n\t\t\t\t\t<\/div>\n\t\t<\/section>\n\t\t\t\t<\/div>\n\t\t","protected":false},"excerpt":{"rendered":"<p>Gest\u00e3o de Tarefas Otimizar a produtividade do trabalho e da equipa Fa\u00e7a o trabalho mais eficientemente O OneDesk tem como objetivo poupar-lhe tempo valioso ao longo dos seus dias de trabalho. Atrav\u00e9s do uso de macros, voc\u00ea pode iniciar atualiza\u00e7\u00f5es em massa em v\u00e1rias tarefas no OneDesk. Isto poupa-lhe tempo que de outra forma teria [&hellip;]<\/p>\n","protected":false},"author":27,"featured_media":0,"parent":151682,"menu_order":33,"comment_status":"closed","ping_status":"closed","template":"","meta":{"tpgb_global_settings":"","_crdt_document":"","inline_featured_image":false,"site-sidebar-layout":"default","site-content-layout":"","ast-site-content-layout":"default","site-content-style":"default","site-sidebar-style":"default","ast-global-header-display":"","ast-banner-title-visibility":"","ast-main-header-display":"","ast-hfb-above-header-display":"","ast-hfb-below-header-display":"","ast-hfb-mobile-header-display":"","site-post-title":"","ast-breadcrumbs-content":"","ast-featured-img":"","footer-sml-layout":"","ast-disable-related-posts":"","theme-transparent-header-meta":"","adv-header-id-meta":"","stick-header-meta":"","header-above-stick-meta":"","header-main-stick-meta":"","header-below-stick-meta":"","astra-migrate-meta-layouts":"default","ast-page-background-enabled":"default","ast-page-background-meta":{"desktop":{"background-color":"var(--ast-global-color-4)","background-image":"","background-repeat":"repeat","background-position":"center center","background-size":"auto","background-attachment":"scroll","background-type":"","background-media":"","overlay-type":"","overlay-color":"","overlay-opacity":"","overlay-gradient":""},"tablet":{"background-color":"","background-image":"","background-repeat":"repeat","background-position":"center center","background-size":"auto","background-attachment":"scroll","background-type":"","background-media":"","overlay-type":"","overlay-color":"","overlay-opacity":"","overlay-gradient":""},"mobile":{"background-color":"","background-image":"","background-repeat":"repeat","background-position":"center center","background-size":"auto","background-attachment":"scroll","background-type":"","background-media":"","overlay-type":"","overlay-color":"","overlay-opacity":"","overlay-gradient":""}},"ast-content-background-meta":{"desktop":{"background-color":"var(--ast-global-color-5)","background-image":"","background-repeat":"repeat","background-position":"center center","background-size":"auto","background-attachment":"scroll","background-type":"","background-media":"","overlay-type":"","overlay-color":"","overlay-opacity":"","overlay-gradient":""},"tablet":{"background-color":"var(--ast-global-color-5)","background-image":"","background-repeat":"repeat","background-position":"center center","background-size":"auto","background-attachment":"scroll","background-type":"","background-media":"","overlay-type":"","overlay-color":"","overlay-opacity":"","overlay-gradient":""},"mobile":{"background-color":"var(--ast-global-color-5)","background-image":"","background-repeat":"repeat","background-position":"center center","background-size":"auto","background-attachment":"scroll","background-type":"","background-media":"","overlay-type":"","overlay-color":"","overlay-opacity":"","overlay-gradient":""}},"footnotes":""},"class_list":["post-152357","page","type-page","status-publish","hentry"],"yoast_head":"<!-- This site is optimized with the Yoast SEO Premium plugin v27.6 (Yoast SEO v27.6) - https:\/\/yoast.com\/product\/yoast-seo-premium-wordpress\/ -->\n<title>Gest\u00e3o de Tarefas | Carater\u00edsticas | OneDesk HelpDesk &amp; Gest\u00e3o de Projetos<\/title>\n<meta name=\"description\" content=\"OneDesk \u00e9 software helpdesk e software de gest\u00e3o de projetos. Saiba como o OneDesk ajuda voc\u00ea a otimizar o gerenciamento de tarefas.\" \/>\n<meta name=\"robots\" content=\"index, follow, max-snippet:-1, max-image-preview:large, max-video-preview:-1\" \/>\n<link rel=\"canonical\" href=\"https:\/\/onedesk.com\/pt-pt\/indice-de-caracteristicas\/gestao-de-tarefas\/\" \/>\n<meta property=\"og:locale\" content=\"pt_PT\" \/>\n<meta property=\"og:type\" content=\"article\" \/>\n<meta property=\"og:title\" content=\"Gest\u00e3o de Tarefas | Carater\u00edsticas | OneDesk HelpDesk &amp; Gest\u00e3o de Projetos\" \/>\n<meta property=\"og:description\" content=\"OneDesk \u00e9 software helpdesk e software de gest\u00e3o de projetos. Saiba como o OneDesk ajuda voc\u00ea a otimizar o gerenciamento de tarefas.\" \/>\n<meta property=\"og:url\" content=\"https:\/\/onedesk.com\/pt-pt\/indice-de-caracteristicas\/gestao-de-tarefas\/\" \/>\n<meta property=\"og:site_name\" content=\"OneDesk\" \/>\n<meta property=\"article:publisher\" content=\"https:\/\/www.facebook.com\/OneDeskApp\" \/>\n<meta property=\"article:modified_time\" content=\"2023-08-08T19:03:41+00:00\" \/>\n<meta property=\"og:image\" content=\"https:\/\/onedesk.com\/wp-content\/uploads\/2021\/05\/work-589x1024.png\" \/>\n<meta name=\"twitter:card\" content=\"summary_large_image\" \/>\n<meta name=\"twitter:site\" content=\"@OneDeskApp\" \/>\n<meta name=\"twitter:label1\" content=\"Est. reading time\" \/>\n\t<meta name=\"twitter:data1\" content=\"2 minutes\" \/>\n<!-- \/ Yoast SEO Premium plugin. -->","yoast_head_json":{"title":"Gest\u00e3o de Tarefas | Carater\u00edsticas | OneDesk HelpDesk & Gest\u00e3o de Projetos","description":"OneDesk \u00e9 software helpdesk e software de gest\u00e3o de projetos. Saiba como o OneDesk ajuda voc\u00ea a otimizar o gerenciamento de tarefas.","robots":{"index":"index","follow":"follow","max-snippet":"max-snippet:-1","max-image-preview":"max-image-preview:large","max-video-preview":"max-video-preview:-1"},"canonical":"https:\/\/onedesk.com\/pt-pt\/indice-de-caracteristicas\/gestao-de-tarefas\/","og_locale":"pt_PT","og_type":"article","og_title":"Gest\u00e3o de Tarefas | Carater\u00edsticas | OneDesk HelpDesk & Gest\u00e3o de Projetos","og_description":"OneDesk \u00e9 software helpdesk e software de gest\u00e3o de projetos. Saiba como o OneDesk ajuda voc\u00ea a otimizar o gerenciamento de tarefas.","og_url":"https:\/\/onedesk.com\/pt-pt\/indice-de-caracteristicas\/gestao-de-tarefas\/","og_site_name":"OneDesk","article_publisher":"https:\/\/www.facebook.com\/OneDeskApp","article_modified_time":"2023-08-08T19:03:41+00:00","og_image":[{"url":"https:\/\/onedesk.com\/wp-content\/uploads\/2021\/05\/work-589x1024.png","type":"","width":"","height":""}],"twitter_card":"summary_large_image","twitter_site":"@OneDeskApp","twitter_misc":{"Est. reading time":"2 minutes"},"schema":{"@context":"https:\/\/schema.org","@graph":[{"@type":"WebPage","@id":"https:\/\/onedesk.com\/pt-pt\/indice-de-caracteristicas\/gestao-de-tarefas\/","url":"https:\/\/onedesk.com\/pt-pt\/indice-de-caracteristicas\/gestao-de-tarefas\/","name":"Gest\u00e3o de Tarefas | Carater\u00edsticas | OneDesk HelpDesk & Gest\u00e3o de Projetos","isPartOf":{"@id":"https:\/\/onedesk.com\/pt-pt\/#website"},"primaryImageOfPage":{"@id":"https:\/\/onedesk.com\/pt-pt\/indice-de-caracteristicas\/gestao-de-tarefas\/#primaryimage"},"image":{"@id":"https:\/\/onedesk.com\/pt-pt\/indice-de-caracteristicas\/gestao-de-tarefas\/#primaryimage"},"thumbnailUrl":"https:\/\/onedesk.com\/wp-content\/uploads\/2021\/05\/work-589x1024.png","datePublished":"2021-12-16T20:15:23+00:00","dateModified":"2023-08-08T19:03:41+00:00","description":"OneDesk \u00e9 software helpdesk e software de gest\u00e3o de projetos. Saiba como o OneDesk ajuda voc\u00ea a otimizar o gerenciamento de tarefas.","breadcrumb":{"@id":"https:\/\/onedesk.com\/pt-pt\/indice-de-caracteristicas\/gestao-de-tarefas\/#breadcrumb"},"inLanguage":"pt-PT","potentialAction":[{"@type":"ReadAction","target":["https:\/\/onedesk.com\/pt-pt\/indice-de-caracteristicas\/gestao-de-tarefas\/"]}]},{"@type":"ImageObject","inLanguage":"pt-PT","@id":"https:\/\/onedesk.com\/pt-pt\/indice-de-caracteristicas\/gestao-de-tarefas\/#primaryimage","url":"https:\/\/onedesk.com\/wp-content\/uploads\/2021\/05\/work-589x1024.png","contentUrl":"https:\/\/onedesk.com\/wp-content\/uploads\/2021\/05\/work-589x1024.png"},{"@type":"BreadcrumbList","@id":"https:\/\/onedesk.com\/pt-pt\/indice-de-caracteristicas\/gestao-de-tarefas\/#breadcrumb","itemListElement":[{"@type":"ListItem","position":1,"name":"\u00cdndice de Caracter\u00edsticas OneDesk","item":"https:\/\/onedesk.com\/pt-pt\/indice-de-caracteristicas\/"},{"@type":"ListItem","position":2,"name":"Gest\u00e3o de Tarefas"}]},{"@type":"WebSite","@id":"https:\/\/onedesk.com\/pt-pt\/#website","url":"https:\/\/onedesk.com\/pt-pt\/","name":"OneDesk","description":"Software de Gest\u00e3o de Projetos e Helpdesk","publisher":{"@id":"https:\/\/onedesk.com\/pt-pt\/#organization"},"potentialAction":[{"@type":"SearchAction","target":{"@type":"EntryPoint","urlTemplate":"https:\/\/onedesk.com\/pt-pt\/?s={search_term_string}"},"query-input":{"@type":"PropertyValueSpecification","valueRequired":true,"valueName":"search_term_string"}}],"inLanguage":"pt-PT"},{"@type":"Organization","@id":"https:\/\/onedesk.com\/pt-pt\/#organization","name":"OneDesk","url":"https:\/\/onedesk.com\/pt-pt\/","logo":{"@type":"ImageObject","inLanguage":"pt-PT","@id":"https:\/\/onedesk.com\/pt-pt\/#\/schema\/logo\/image\/","url":"https:\/\/onedesk.com\/wp-content\/uploads\/2016\/01\/white-logo-small.png","contentUrl":"https:\/\/onedesk.com\/wp-content\/uploads\/2016\/01\/white-logo-small.png","width":207,"height":40,"caption":"OneDesk"},"image":{"@id":"https:\/\/onedesk.com\/pt-pt\/#\/schema\/logo\/image\/"},"sameAs":["https:\/\/www.facebook.com\/OneDeskApp","https:\/\/x.com\/OneDeskApp","https:\/\/www.instagram.com\/onedeskapp\/","https:\/\/www.linkedin.com\/company\/onedesk-inc-1","https:\/\/www.pinterest.com\/onedesk\/","https:\/\/www.youtube.com\/user\/OneDeskApp"]}]}},"tpgb_featured_images":null,"tpgb_post_meta_info":{"get_date":"December 16, 2021","get_modified_date":"August 8, 2023","author_name":"Sabrin Yusef","author_url":"https:\/\/onedesk.com\/pt-pt\/author\/sarbin-yusef\/","author_email":"sabrin.yusef@onedesk.com","author_website":"","author_description":"","author_facebook":"","author_twitter":"","author_instagram":"","author_role":["customer"],"author_firstname":"Sabrin","author_lastname":"Yusef","user_login":"sarbin.yusef","author_avatar":"<img alt='' src='https:\/\/secure.gravatar.com\/avatar\/1f20332b0900369c93c9c272e03885bde073bf214b3dd3eb4bea569a45bea588?s=200&#038;d=mm&#038;r=g' srcset='https:\/\/secure.gravatar.com\/avatar\/1f20332b0900369c93c9c272e03885bde073bf214b3dd3eb4bea569a45bea588?s=400&#038;d=mm&#038;r=g 2x' class='avatar avatar-200 photo' height='200' width='200' decoding='async'\/>","author_avatar_url":"https:\/\/secure.gravatar.com\/avatar\/1f20332b0900369c93c9c272e03885bde073bf214b3dd3eb4bea569a45bea588?s=96&d=mm&r=g","comment_count":0,"post_likes":0,"post_views":0},"tpgb_post_category":[],"jetpack_shortlink":"https:\/\/wp.me\/PfpPaI-DDn","amp_enabled":true,"_links":{"self":[{"href":"https:\/\/onedesk.com\/pt-pt\/wp-json\/wp\/v2\/pages\/152357","targetHints":{"allow":["GET"]}}],"collection":[{"href":"https:\/\/onedesk.com\/pt-pt\/wp-json\/wp\/v2\/pages"}],"about":[{"href":"https:\/\/onedesk.com\/pt-pt\/wp-json\/wp\/v2\/types\/page"}],"author":[{"embeddable":true,"href":"https:\/\/onedesk.com\/pt-pt\/wp-json\/wp\/v2\/users\/27"}],"replies":[{"embeddable":true,"href":"https:\/\/onedesk.com\/pt-pt\/wp-json\/wp\/v2\/comments?post=152357"}],"version-history":[{"count":3,"href":"https:\/\/onedesk.com\/pt-pt\/wp-json\/wp\/v2\/pages\/152357\/revisions"}],"predecessor-version":[{"id":252901,"href":"https:\/\/onedesk.com\/pt-pt\/wp-json\/wp\/v2\/pages\/152357\/revisions\/252901"}],"up":[{"embeddable":true,"href":"https:\/\/onedesk.com\/pt-pt\/wp-json\/wp\/v2\/pages\/151682"}],"wp:attachment":[{"href":"https:\/\/onedesk.com\/pt-pt\/wp-json\/wp\/v2\/media?parent=152357"}],"curies":[{"name":"wp","href":"https:\/\/api.w.org\/{rel}","templated":true}]}}