{"id":154348,"date":"2021-12-20T14:27:07","date_gmt":"2021-12-20T14:27:07","guid":{"rendered":"https:\/\/onedesk.com\/indice-de-caracteristicas\/campos-personalizados\/"},"modified":"2023-08-08T19:02:52","modified_gmt":"2023-08-08T19:02:52","slug":"campos-personalizados","status":"publish","type":"page","link":"https:\/\/onedesk.com\/pt-pt\/indice-de-caracteristicas\/campos-personalizados\/","title":{"rendered":"Campos Personalizados"},"content":{"rendered":"\t\t<div data-elementor-type=\"wp-page\" data-elementor-id=\"154348\" class=\"elementor elementor-154348 elementor-101042\" data-elementor-post-type=\"page\">\n\t\t\t\t\t\t<section class=\"elementor-section elementor-top-section elementor-element elementor-element-72e345c7 elementor-section-boxed elementor-section-height-default elementor-section-height-default\" data-id=\"72e345c7\" data-element_type=\"section\" data-e-type=\"section\">\n\t\t\t\t\t\t<div class=\"elementor-container elementor-column-gap-default\">\n\t\t\t\t\t<div class=\"elementor-column elementor-col-100 elementor-top-column elementor-element elementor-element-5ccfebe5\" data-id=\"5ccfebe5\" data-element_type=\"column\" data-e-type=\"column\">\n\t\t\t<div class=\"elementor-widget-wrap elementor-element-populated\">\n\t\t\t\t\t\t<div class=\"elementor-element elementor-element-5da69e68 elementor-widget elementor-widget-heading\" data-id=\"5da69e68\" data-element_type=\"widget\" data-e-type=\"widget\" data-widget_type=\"heading.default\">\n\t\t\t\t<div class=\"elementor-widget-container\">\n\t\t\t\t\t<h1 class=\"elementor-heading-title elementor-size-default\">Campos Personalizados<\/h1>\t\t\t\t<\/div>\n\t\t\t\t<\/div>\n\t\t\t\t<div class=\"elementor-element elementor-element-5736adbc elementor-widget elementor-widget-text-editor\" data-id=\"5736adbc\" data-element_type=\"widget\" data-e-type=\"widget\" data-widget_type=\"text-editor.default\">\n\t\t\t\t<div class=\"elementor-widget-container\">\n\t\t\t\t\t\t\t\t\t<p>Adicione informa\u00e7\u00f5es espec\u00edficas a tickets, tarefas, projetos e muito mais.<\/p>\n\t\t\t\t\t\t\t\t<\/div>\n\t\t\t\t<\/div>\n\t\t\t\t<div class=\"elementor-element elementor-element-a6ca91b elementor-align-center elementor-widget elementor-widget-global elementor-global-161534 elementor-global-131872 elementor-widget-button\" data-id=\"a6ca91b\" data-element_type=\"widget\" data-e-type=\"widget\" data-widget_type=\"button.default\">\n\t\t\t\t<div class=\"elementor-widget-container\">\n\t\t\t\t\t\t\t\t\t<div class=\"elementor-button-wrapper\">\n\t\t\t\t\t<a class=\"elementor-button elementor-button-link elementor-size-lg elementor-animation-grow\" href=\"https:\/\/onedesk.com\/pt-pt\/inscricao-livre\/\">\n\t\t\t\t\t\t<span class=\"elementor-button-content-wrapper\">\n\t\t\t\t\t\t\t\t\t<span class=\"elementor-button-text\">Inscreva-se livre!<\/span>\n\t\t\t\t\t<\/span>\n\t\t\t\t\t<\/a>\n\t\t\t\t<\/div>\n\t\t\t\t\t\t\t\t<\/div>\n\t\t\t\t<\/div>\n\t\t\t\t\t<\/div>\n\t\t<\/div>\n\t\t\t\t\t<\/div>\n\t\t<\/section>\n\t\t\t\t<section class=\"elementor-section elementor-top-section elementor-element elementor-element-4359c575 elementor-section-boxed elementor-section-height-default elementor-section-height-default\" data-id=\"4359c575\" data-element_type=\"section\" data-e-type=\"section\">\n\t\t\t\t\t\t<div class=\"elementor-container elementor-column-gap-default\">\n\t\t\t\t\t<div class=\"elementor-column elementor-col-50 elementor-top-column elementor-element elementor-element-17098f3e\" data-id=\"17098f3e\" data-element_type=\"column\" data-e-type=\"column\">\n\t\t\t<div class=\"elementor-widget-wrap elementor-element-populated\">\n\t\t\t\t\t\t<div class=\"elementor-element elementor-element-155c813 elementor-widget elementor-widget-image\" data-id=\"155c813\" data-element_type=\"widget\" data-e-type=\"widget\" data-widget_type=\"image.default\">\n\t\t\t\t<div class=\"elementor-widget-container\">\n\t\t\t\t\t\t\t\t\t\t\t\t\t\t\t<img fetchpriority=\"high\" decoding=\"async\" width=\"631\" height=\"541\" src=\"https:\/\/onedesk.com\/wp-content\/uploads\/2023\/03\/Tag-CustomField.png\" class=\"attachment-large size-large wp-image-246568\" alt=\"\" srcset=\"https:\/\/onedesk.com\/wp-content\/uploads\/2023\/03\/Tag-CustomField.png 631w, https:\/\/onedesk.com\/wp-content\/uploads\/2023\/03\/Tag-CustomField-300x257.png 300w\" sizes=\"(max-width: 631px) 100vw, 631px\" \/>\t\t\t\t\t\t\t\t\t\t\t\t\t\t\t<\/div>\n\t\t\t\t<\/div>\n\t\t\t\t\t<\/div>\n\t\t<\/div>\n\t\t\t\t<div class=\"elementor-column elementor-col-50 elementor-top-column elementor-element elementor-element-60d370b4\" data-id=\"60d370b4\" data-element_type=\"column\" data-e-type=\"column\">\n\t\t\t<div class=\"elementor-widget-wrap elementor-element-populated\">\n\t\t\t\t\t\t<div class=\"elementor-element elementor-element-4fc8f7df elementor-widget elementor-widget-text-editor\" data-id=\"4fc8f7df\" data-element_type=\"widget\" data-e-type=\"widget\" data-widget_type=\"text-editor.default\">\n\t\t\t\t<div class=\"elementor-widget-container\">\n\t\t\t\t\t\t\t\t\t<p>O OneDesk permite criar campos personalizados que s\u00e3o anexados como propriedades aos seus tickets, tarefas, quadros de hor\u00e1rios, projetos e perfis de usu\u00e1rio ou cliente. Isto permite-lhe:<\/p>\n<ul>\n<li>Acompanhe as informa\u00e7\u00f5es espec\u00edficas da sua empresa, servi\u00e7os ou processos.<\/li>\n<li>Adicione campos personalizados aos seus <a href=\"https:\/\/onedesk.com\/pt-pt\/indice-de-caracteristicas\/formas-web\/\">formul\u00e1rios Web,<\/a> garantindo que os clientes ou utilizadores finais incluam as informa\u00e7\u00f5es necess\u00e1rias.<\/li>\n<li>Use propriedades personalizadas para categorizar ou organizar o trabalho.<\/li>\n<li>Otimize seu fluxo de trabalho e economize tempo criando automa\u00e7\u00f5es com base em propriedades de campo personalizadas<\/li>\n<li>Organize e agrupe seus usu\u00e1rios e clientes com base em propriedades personalizadas.<\/li>\n<\/ul>\n\t\t\t\t\t\t\t\t<\/div>\n\t\t\t\t<\/div>\n\t\t\t\t\t<\/div>\n\t\t<\/div>\n\t\t\t\t\t<\/div>\n\t\t<\/section>\n\t\t\t\t<section class=\"elementor-section elementor-top-section elementor-element elementor-element-e2f9a6d elementor-section-boxed elementor-section-height-default elementor-section-height-default\" data-id=\"e2f9a6d\" data-element_type=\"section\" data-e-type=\"section\">\n\t\t\t\t\t\t<div class=\"elementor-container elementor-column-gap-default\">\n\t\t\t\t\t<div class=\"elementor-column elementor-col-100 elementor-top-column elementor-element elementor-element-ebf8429\" data-id=\"ebf8429\" data-element_type=\"column\" data-e-type=\"column\">\n\t\t\t<div class=\"elementor-widget-wrap elementor-element-populated\">\n\t\t\t\t\t\t<div class=\"elementor-element elementor-element-3509af0 elementor-widget elementor-widget-heading\" data-id=\"3509af0\" data-element_type=\"widget\" data-e-type=\"widget\" data-widget_type=\"heading.default\">\n\t\t\t\t<div class=\"elementor-widget-container\">\n\t\t\t\t\t<h2 class=\"elementor-heading-title elementor-size-default\">Recursos de aprendizagem<\/h2>\t\t\t\t<\/div>\n\t\t\t\t<\/div>\n\t\t\t\t\t<\/div>\n\t\t<\/div>\n\t\t\t\t\t<\/div>\n\t\t<\/section>\n\t\t\t\t<section class=\"elementor-section elementor-top-section elementor-element elementor-element-c886def elementor-section-boxed elementor-section-height-default elementor-section-height-default\" data-id=\"c886def\" data-element_type=\"section\" data-e-type=\"section\">\n\t\t\t\t\t\t<div class=\"elementor-container elementor-column-gap-default\">\n\t\t\t\t\t<div class=\"elementor-column elementor-col-33 elementor-top-column elementor-element elementor-element-7872c75\" data-id=\"7872c75\" data-element_type=\"column\" data-e-type=\"column\" data-settings=\"{&quot;background_background&quot;:&quot;classic&quot;}\">\n\t\t\t<div class=\"elementor-widget-wrap elementor-element-populated\">\n\t\t\t\t\t\t<div class=\"elementor-element elementor-element-39b0826 elementor-widget elementor-widget-heading\" data-id=\"39b0826\" data-element_type=\"widget\" data-e-type=\"widget\" data-widget_type=\"heading.default\">\n\t\t\t\t<div class=\"elementor-widget-container\">\n\t\t\t\t\t<h3 class=\"elementor-heading-title elementor-size-default\"><a href=\"https:\/\/kb.onedesk.com\/app-od\/o-onedesk\/knowledge-base-1\/article-ddf368a1-10e0-49f1-8eb5-364bae622750\">Campos personalizados condicionais<\/a><\/h3>\t\t\t\t<\/div>\n\t\t\t\t<\/div>\n\t\t\t\t<div class=\"elementor-element elementor-element-f6a6b9f elementor-widget elementor-widget-text-editor\" data-id=\"f6a6b9f\" data-element_type=\"widget\" data-e-type=\"widget\" data-widget_type=\"text-editor.default\">\n\t\t\t\t<div class=\"elementor-widget-container\">\n\t\t\t\t\t\t\t\t\t<p>Saiba como criar condi\u00e7\u00f5es para os seus campos personalizados.  <\/p>\n<p><a href=\"https:\/\/kb.onedesk.com\/app-od\/o-onedesk\/knowledge-base-1\/article-ddf368a1-10e0-49f1-8eb5-364bae622750\"><strong>Saiba mais&gt;&gt;<\/strong><\/a><\/p>\n\t\t\t\t\t\t\t\t<\/div>\n\t\t\t\t<\/div>\n\t\t\t\t\t<\/div>\n\t\t<\/div>\n\t\t\t\t<div class=\"elementor-column elementor-col-33 elementor-top-column elementor-element elementor-element-7eb9d04\" data-id=\"7eb9d04\" data-element_type=\"column\" data-e-type=\"column\" data-settings=\"{&quot;background_background&quot;:&quot;classic&quot;}\">\n\t\t\t<div class=\"elementor-widget-wrap elementor-element-populated\">\n\t\t\t\t\t\t<div class=\"elementor-element elementor-element-6df326a elementor-widget elementor-widget-heading\" data-id=\"6df326a\" data-element_type=\"widget\" data-e-type=\"widget\" data-widget_type=\"heading.default\">\n\t\t\t\t<div class=\"elementor-widget-container\">\n\t\t\t\t\t<h3 class=\"elementor-heading-title elementor-size-default\"><a href=\"https:\/\/app.onedesk.com\/app-od\/o-onedesk\/knowledge-base-1\/article-966c952b-672d-486a-bc70-fd54c4d59d0f?customerAccess=\">Usando campos personalizados<\/a><\/h3>\t\t\t\t<\/div>\n\t\t\t\t<\/div>\n\t\t\t\t<div class=\"elementor-element elementor-element-4811986 elementor-widget elementor-widget-text-editor\" data-id=\"4811986\" data-element_type=\"widget\" data-e-type=\"widget\" data-widget_type=\"text-editor.default\">\n\t\t\t\t<div class=\"elementor-widget-container\">\n\t\t\t\t\t\t\t\t\t<p>Crie seus pr\u00f3prios campos personalizados para coletar informa\u00e7\u00f5es espec\u00edficas.  <\/p>\n<p><a href=\"https:\/\/app.onedesk.com\/app-od\/o-onedesk\/knowledge-base-1\/article-966c952b-672d-486a-bc70-fd54c4d59d0f?customerAccess=\"><strong>Saiba mais&gt;&gt;<\/strong><\/a><\/p>\n\t\t\t\t\t\t\t\t<\/div>\n\t\t\t\t<\/div>\n\t\t\t\t\t<\/div>\n\t\t<\/div>\n\t\t\t\t<div class=\"elementor-column elementor-col-33 elementor-top-column elementor-element elementor-element-87cfb25\" data-id=\"87cfb25\" data-element_type=\"column\" data-e-type=\"column\" data-settings=\"{&quot;background_background&quot;:&quot;classic&quot;}\">\n\t\t\t<div class=\"elementor-widget-wrap elementor-element-populated\">\n\t\t\t\t\t\t<div class=\"elementor-element elementor-element-5f407b7 elementor-widget elementor-widget-heading\" data-id=\"5f407b7\" data-element_type=\"widget\" data-e-type=\"widget\" data-widget_type=\"heading.default\">\n\t\t\t\t<div class=\"elementor-widget-container\">\n\t\t\t\t\t<h3 class=\"elementor-heading-title elementor-size-default\"><a href=\"https:\/\/kb.onedesk.com\/app-od\/o-onedesk\/knowledge-base-1\/article-3c532b17-cb6a-4977-9cf1-b12a991e0b50\">Utiliza\u00e7\u00e3o de formul\u00e1rios Web (formul\u00e1rios de pedido de apoio)<\/a><\/h3>\t\t\t\t<\/div>\n\t\t\t\t<\/div>\n\t\t\t\t<div class=\"elementor-element elementor-element-422c13e elementor-widget elementor-widget-text-editor\" data-id=\"422c13e\" data-element_type=\"widget\" data-e-type=\"widget\" data-widget_type=\"text-editor.default\">\n\t\t\t\t<div class=\"elementor-widget-container\">\n\t\t\t\t\t\t\t\t\t<p>Os formul\u00e1rios Web permitem que os seus clientes ou utilizadores finais enviem bilhetes ou tarefas.<\/p>\n<p><strong><a href=\"https:\/\/kb.onedesk.com\/app-od\/o-onedesk\/knowledge-base-1\/article-3c532b17-cb6a-4977-9cf1-b12a991e0b50\">Saiba mais&gt;&gt;<\/a><\/strong><\/p>\n\t\t\t\t\t\t\t\t<\/div>\n\t\t\t\t<\/div>\n\t\t\t\t\t<\/div>\n\t\t<\/div>\n\t\t\t\t\t<\/div>\n\t\t<\/section>\n\t\t\t\t<\/div>\n\t\t","protected":false},"excerpt":{"rendered":"<p>Campos Personalizados Adicione informa\u00e7\u00f5es espec\u00edficas a tickets, tarefas, projetos e muito mais. Sign up free! O OneDesk permite criar campos personalizados que s\u00e3o anexados como propriedades aos seus tickets, tarefas, quadros de hor\u00e1rios, projetos e perfis de usu\u00e1rio ou cliente. Isto permite-lhe: Acompanhe as informa\u00e7\u00f5es espec\u00edficas da sua empresa, servi\u00e7os ou processos. Adicione campos personalizados [&hellip;]<\/p>\n","protected":false},"author":25,"featured_media":0,"parent":151682,"menu_order":20,"comment_status":"closed","ping_status":"closed","template":"","meta":{"tpgb_global_settings":"","_crdt_document":"","inline_featured_image":false,"site-sidebar-layout":"default","site-content-layout":"","ast-site-content-layout":"default","site-content-style":"default","site-sidebar-style":"default","ast-global-header-display":"","ast-banner-title-visibility":"","ast-main-header-display":"","ast-hfb-above-header-display":"","ast-hfb-below-header-display":"","ast-hfb-mobile-header-display":"","site-post-title":"","ast-breadcrumbs-content":"","ast-featured-img":"","footer-sml-layout":"","ast-disable-related-posts":"","theme-transparent-header-meta":"","adv-header-id-meta":"","stick-header-meta":"","header-above-stick-meta":"","header-main-stick-meta":"","header-below-stick-meta":"","astra-migrate-meta-layouts":"default","ast-page-background-enabled":"default","ast-page-background-meta":{"desktop":{"background-color":"var(--ast-global-color-4)","background-image":"","background-repeat":"repeat","background-position":"center center","background-size":"auto","background-attachment":"scroll","background-type":"","background-media":"","overlay-type":"","overlay-color":"","overlay-opacity":"","overlay-gradient":""},"tablet":{"background-color":"","background-image":"","background-repeat":"repeat","background-position":"center center","background-size":"auto","background-attachment":"scroll","background-type":"","background-media":"","overlay-type":"","overlay-color":"","overlay-opacity":"","overlay-gradient":""},"mobile":{"background-color":"","background-image":"","background-repeat":"repeat","background-position":"center center","background-size":"auto","background-attachment":"scroll","background-type":"","background-media":"","overlay-type":"","overlay-color":"","overlay-opacity":"","overlay-gradient":""}},"ast-content-background-meta":{"desktop":{"background-color":"var(--ast-global-color-5)","background-image":"","background-repeat":"repeat","background-position":"center center","background-size":"auto","background-attachment":"scroll","background-type":"","background-media":"","overlay-type":"","overlay-color":"","overlay-opacity":"","overlay-gradient":""},"tablet":{"background-color":"var(--ast-global-color-5)","background-image":"","background-repeat":"repeat","background-position":"center center","background-size":"auto","background-attachment":"scroll","background-type":"","background-media":"","overlay-type":"","overlay-color":"","overlay-opacity":"","overlay-gradient":""},"mobile":{"background-color":"var(--ast-global-color-5)","background-image":"","background-repeat":"repeat","background-position":"center center","background-size":"auto","background-attachment":"scroll","background-type":"","background-media":"","overlay-type":"","overlay-color":"","overlay-opacity":"","overlay-gradient":""}},"footnotes":""},"class_list":["post-154348","page","type-page","status-publish","hentry"],"yoast_head":"<!-- This site is optimized with the Yoast SEO Premium plugin v27.6 (Yoast SEO v27.6) - https:\/\/yoast.com\/product\/yoast-seo-premium-wordpress\/ -->\n<title>Campos personalizados | Carater\u00edsticas | OneDesk HelpDesk &amp; Aplicativo de Gerenciamento de Projetos<\/title>\n<meta name=\"description\" content=\"OneDesk \u00e9 software de gest\u00e3o de helpdesk e projeto. Nosso recurso de campos personalizados permite adicionar propriedades personalizadas a v\u00e1rios objetos no OneDesk.\" \/>\n<meta name=\"robots\" content=\"index, follow, max-snippet:-1, max-image-preview:large, max-video-preview:-1\" \/>\n<link rel=\"canonical\" href=\"https:\/\/onedesk.com\/pt-pt\/indice-de-caracteristicas\/campos-personalizados\/\" \/>\n<meta property=\"og:locale\" content=\"pt_PT\" \/>\n<meta property=\"og:type\" content=\"article\" \/>\n<meta property=\"og:title\" content=\"Campos personalizados | Carater\u00edsticas | OneDesk HelpDesk &amp; Aplicativo de Gerenciamento de Projetos\" \/>\n<meta property=\"og:description\" content=\"OneDesk \u00e9 software de gest\u00e3o de helpdesk e projeto. Nosso recurso de campos personalizados permite adicionar propriedades personalizadas a v\u00e1rios objetos no OneDesk.\" \/>\n<meta property=\"og:url\" content=\"https:\/\/onedesk.com\/pt-pt\/indice-de-caracteristicas\/campos-personalizados\/\" \/>\n<meta property=\"og:site_name\" content=\"OneDesk\" \/>\n<meta property=\"article:publisher\" content=\"https:\/\/www.facebook.com\/OneDeskApp\" \/>\n<meta property=\"article:modified_time\" content=\"2023-08-08T19:02:52+00:00\" \/>\n<meta property=\"og:image\" content=\"https:\/\/onedesk.com\/wp-content\/uploads\/2023\/03\/Tag-CustomField.png\" \/>\n<meta name=\"twitter:card\" content=\"summary_large_image\" \/>\n<meta name=\"twitter:site\" content=\"@OneDeskApp\" \/>\n<meta name=\"twitter:label1\" content=\"Est. reading time\" \/>\n\t<meta name=\"twitter:data1\" content=\"1 minute\" \/>\n<!-- \/ Yoast SEO Premium plugin. -->","yoast_head_json":{"title":"Campos personalizados | Carater\u00edsticas | OneDesk HelpDesk & Aplicativo de Gerenciamento de Projetos","description":"OneDesk \u00e9 software de gest\u00e3o de helpdesk e projeto. Nosso recurso de campos personalizados permite adicionar propriedades personalizadas a v\u00e1rios objetos no OneDesk.","robots":{"index":"index","follow":"follow","max-snippet":"max-snippet:-1","max-image-preview":"max-image-preview:large","max-video-preview":"max-video-preview:-1"},"canonical":"https:\/\/onedesk.com\/pt-pt\/indice-de-caracteristicas\/campos-personalizados\/","og_locale":"pt_PT","og_type":"article","og_title":"Campos personalizados | Carater\u00edsticas | OneDesk HelpDesk & Aplicativo de Gerenciamento de Projetos","og_description":"OneDesk \u00e9 software de gest\u00e3o de helpdesk e projeto. Nosso recurso de campos personalizados permite adicionar propriedades personalizadas a v\u00e1rios objetos no OneDesk.","og_url":"https:\/\/onedesk.com\/pt-pt\/indice-de-caracteristicas\/campos-personalizados\/","og_site_name":"OneDesk","article_publisher":"https:\/\/www.facebook.com\/OneDeskApp","article_modified_time":"2023-08-08T19:02:52+00:00","og_image":[{"url":"https:\/\/onedesk.com\/wp-content\/uploads\/2023\/03\/Tag-CustomField.png","type":"","width":"","height":""}],"twitter_card":"summary_large_image","twitter_site":"@OneDeskApp","twitter_misc":{"Est. reading time":"1 minute"},"schema":{"@context":"https:\/\/schema.org","@graph":[{"@type":"WebPage","@id":"https:\/\/onedesk.com\/pt-pt\/indice-de-caracteristicas\/campos-personalizados\/","url":"https:\/\/onedesk.com\/pt-pt\/indice-de-caracteristicas\/campos-personalizados\/","name":"Campos personalizados | Carater\u00edsticas | OneDesk HelpDesk & Aplicativo de Gerenciamento de Projetos","isPartOf":{"@id":"https:\/\/onedesk.com\/pt-pt\/#website"},"primaryImageOfPage":{"@id":"https:\/\/onedesk.com\/pt-pt\/indice-de-caracteristicas\/campos-personalizados\/#primaryimage"},"image":{"@id":"https:\/\/onedesk.com\/pt-pt\/indice-de-caracteristicas\/campos-personalizados\/#primaryimage"},"thumbnailUrl":"https:\/\/onedesk.com\/wp-content\/uploads\/2023\/03\/Tag-CustomField.png","datePublished":"2021-12-20T14:27:07+00:00","dateModified":"2023-08-08T19:02:52+00:00","description":"OneDesk \u00e9 software de gest\u00e3o de helpdesk e projeto. Nosso recurso de campos personalizados permite adicionar propriedades personalizadas a v\u00e1rios objetos no OneDesk.","breadcrumb":{"@id":"https:\/\/onedesk.com\/pt-pt\/indice-de-caracteristicas\/campos-personalizados\/#breadcrumb"},"inLanguage":"pt-PT","potentialAction":[{"@type":"ReadAction","target":["https:\/\/onedesk.com\/pt-pt\/indice-de-caracteristicas\/campos-personalizados\/"]}]},{"@type":"ImageObject","inLanguage":"pt-PT","@id":"https:\/\/onedesk.com\/pt-pt\/indice-de-caracteristicas\/campos-personalizados\/#primaryimage","url":"https:\/\/onedesk.com\/wp-content\/uploads\/2023\/03\/Tag-CustomField.png","contentUrl":"https:\/\/onedesk.com\/wp-content\/uploads\/2023\/03\/Tag-CustomField.png"},{"@type":"BreadcrumbList","@id":"https:\/\/onedesk.com\/pt-pt\/indice-de-caracteristicas\/campos-personalizados\/#breadcrumb","itemListElement":[{"@type":"ListItem","position":1,"name":"\u00cdndice de Caracter\u00edsticas OneDesk","item":"https:\/\/onedesk.com\/pt-pt\/indice-de-caracteristicas\/"},{"@type":"ListItem","position":2,"name":"Campos Personalizados"}]},{"@type":"WebSite","@id":"https:\/\/onedesk.com\/pt-pt\/#website","url":"https:\/\/onedesk.com\/pt-pt\/","name":"OneDesk","description":"Software de Gest\u00e3o de Projetos e Helpdesk","publisher":{"@id":"https:\/\/onedesk.com\/pt-pt\/#organization"},"potentialAction":[{"@type":"SearchAction","target":{"@type":"EntryPoint","urlTemplate":"https:\/\/onedesk.com\/pt-pt\/?s={search_term_string}"},"query-input":{"@type":"PropertyValueSpecification","valueRequired":true,"valueName":"search_term_string"}}],"inLanguage":"pt-PT"},{"@type":"Organization","@id":"https:\/\/onedesk.com\/pt-pt\/#organization","name":"OneDesk","url":"https:\/\/onedesk.com\/pt-pt\/","logo":{"@type":"ImageObject","inLanguage":"pt-PT","@id":"https:\/\/onedesk.com\/pt-pt\/#\/schema\/logo\/image\/","url":"https:\/\/onedesk.com\/wp-content\/uploads\/2016\/01\/white-logo-small.png","contentUrl":"https:\/\/onedesk.com\/wp-content\/uploads\/2016\/01\/white-logo-small.png","width":207,"height":40,"caption":"OneDesk"},"image":{"@id":"https:\/\/onedesk.com\/pt-pt\/#\/schema\/logo\/image\/"},"sameAs":["https:\/\/www.facebook.com\/OneDeskApp","https:\/\/x.com\/OneDeskApp","https:\/\/www.instagram.com\/onedeskapp\/","https:\/\/www.linkedin.com\/company\/onedesk-inc-1","https:\/\/www.pinterest.com\/onedesk\/","https:\/\/www.youtube.com\/user\/OneDeskApp"]}]}},"tpgb_featured_images":null,"tpgb_post_meta_info":{"get_date":"December 20, 2021","get_modified_date":"August 8, 2023","author_name":"Kenneth Lim","author_url":"https:\/\/onedesk.com\/pt-pt\/author\/ken-lim\/","author_email":"ken.lim@onedesk.com","author_website":"","author_description":"","author_facebook":"","author_twitter":"","author_instagram":"","author_role":["subscriber"],"author_firstname":"Kenneth","author_lastname":"Lim","user_login":"ken.lim","author_avatar":"<img alt='' src='https:\/\/secure.gravatar.com\/avatar\/a4ec21f0334373cadb0a505588ce84b318527287a4e82901cc7c9b983073d3e7?s=200&#038;d=mm&#038;r=g' srcset='https:\/\/secure.gravatar.com\/avatar\/a4ec21f0334373cadb0a505588ce84b318527287a4e82901cc7c9b983073d3e7?s=400&#038;d=mm&#038;r=g 2x' class='avatar avatar-200 photo' height='200' width='200' decoding='async'\/>","author_avatar_url":"https:\/\/secure.gravatar.com\/avatar\/a4ec21f0334373cadb0a505588ce84b318527287a4e82901cc7c9b983073d3e7?s=96&d=mm&r=g","comment_count":0,"post_likes":0,"post_views":0},"tpgb_post_category":[],"jetpack_shortlink":"https:\/\/wp.me\/PfpPaI-E9u","amp_enabled":true,"_links":{"self":[{"href":"https:\/\/onedesk.com\/pt-pt\/wp-json\/wp\/v2\/pages\/154348","targetHints":{"allow":["GET"]}}],"collection":[{"href":"https:\/\/onedesk.com\/pt-pt\/wp-json\/wp\/v2\/pages"}],"about":[{"href":"https:\/\/onedesk.com\/pt-pt\/wp-json\/wp\/v2\/types\/page"}],"author":[{"embeddable":true,"href":"https:\/\/onedesk.com\/pt-pt\/wp-json\/wp\/v2\/users\/25"}],"replies":[{"embeddable":true,"href":"https:\/\/onedesk.com\/pt-pt\/wp-json\/wp\/v2\/comments?post=154348"}],"version-history":[{"count":6,"href":"https:\/\/onedesk.com\/pt-pt\/wp-json\/wp\/v2\/pages\/154348\/revisions"}],"predecessor-version":[{"id":252886,"href":"https:\/\/onedesk.com\/pt-pt\/wp-json\/wp\/v2\/pages\/154348\/revisions\/252886"}],"up":[{"embeddable":true,"href":"https:\/\/onedesk.com\/pt-pt\/wp-json\/wp\/v2\/pages\/151682"}],"wp:attachment":[{"href":"https:\/\/onedesk.com\/pt-pt\/wp-json\/wp\/v2\/media?parent=154348"}],"curies":[{"name":"wp","href":"https:\/\/api.w.org\/{rel}","templated":true}]}}