{"id":154428,"date":"2021-12-20T14:34:09","date_gmt":"2021-12-20T14:34:09","guid":{"rendered":"https:\/\/onedesk.com\/indice-de-caracteristicas\/macros\/"},"modified":"2023-08-08T19:14:37","modified_gmt":"2023-08-08T19:14:37","slug":"macros","status":"publish","type":"page","link":"https:\/\/onedesk.com\/pt-pt\/indice-de-caracteristicas\/macros\/","title":{"rendered":"Macros"},"content":{"rendered":"\t\t<div data-elementor-type=\"wp-page\" data-elementor-id=\"154428\" class=\"elementor elementor-154428 elementor-74209\" data-elementor-post-type=\"page\">\n\t\t\t\t\t\t<section class=\"elementor-section elementor-top-section elementor-element elementor-element-5725ee95 elementor-section-boxed elementor-section-height-default elementor-section-height-default\" data-id=\"5725ee95\" data-element_type=\"section\" data-e-type=\"section\">\n\t\t\t\t\t\t<div class=\"elementor-container elementor-column-gap-default\">\n\t\t\t\t\t<div class=\"elementor-column elementor-col-100 elementor-top-column elementor-element elementor-element-70bc58e8\" data-id=\"70bc58e8\" data-element_type=\"column\" data-e-type=\"column\">\n\t\t\t<div class=\"elementor-widget-wrap\">\n\t\t\t\t\t\t\t<\/div>\n\t\t<\/div>\n\t\t\t\t\t<\/div>\n\t\t<\/section>\n\t\t\t\t<section class=\"elementor-section elementor-top-section elementor-element elementor-element-12db73c1 elementor-section-boxed elementor-section-height-default elementor-section-height-default\" data-id=\"12db73c1\" data-element_type=\"section\" data-e-type=\"section\">\n\t\t\t\t\t\t<div class=\"elementor-container elementor-column-gap-default\">\n\t\t\t\t\t<div class=\"elementor-column elementor-col-100 elementor-top-column elementor-element elementor-element-38bb39f7\" data-id=\"38bb39f7\" data-element_type=\"column\" data-e-type=\"column\">\n\t\t\t<div class=\"elementor-widget-wrap elementor-element-populated\">\n\t\t\t\t\t\t<div class=\"elementor-element elementor-element-3b6294f6 elementor-widget elementor-widget-heading\" data-id=\"3b6294f6\" data-element_type=\"widget\" data-e-type=\"widget\" data-widget_type=\"heading.default\">\n\t\t\t\t<div class=\"elementor-widget-container\">\n\t\t\t\t\t<h1 class=\"elementor-heading-title elementor-size-default\">Macros<\/h1>\t\t\t\t<\/div>\n\t\t\t\t<\/div>\n\t\t\t\t<div class=\"elementor-element elementor-element-7e705d30 elementor-widget elementor-widget-text-editor\" data-id=\"7e705d30\" data-element_type=\"widget\" data-e-type=\"widget\" data-widget_type=\"text-editor.default\">\n\t\t\t\t<div class=\"elementor-widget-container\">\n\t\t\t\t\t\t\t\t\t<p>Trabalhe de forma mais eficiente com macros.  <\/p>\n\t\t\t\t\t\t\t\t<\/div>\n\t\t\t\t<\/div>\n\t\t\t\t\t<\/div>\n\t\t<\/div>\n\t\t\t\t\t<\/div>\n\t\t<\/section>\n\t\t\t\t<section class=\"elementor-section elementor-top-section elementor-element elementor-element-35c470b7 elementor-section-boxed elementor-section-height-default elementor-section-height-default\" data-id=\"35c470b7\" data-element_type=\"section\" data-e-type=\"section\">\n\t\t\t\t\t\t<div class=\"elementor-container elementor-column-gap-default\">\n\t\t\t\t\t<div class=\"elementor-column elementor-col-50 elementor-top-column elementor-element elementor-element-20a9161a\" data-id=\"20a9161a\" data-element_type=\"column\" data-e-type=\"column\">\n\t\t\t<div class=\"elementor-widget-wrap elementor-element-populated\">\n\t\t\t\t\t\t<div class=\"elementor-element elementor-element-ba1ebdf elementor-widget elementor-widget-image\" data-id=\"ba1ebdf\" data-element_type=\"widget\" data-e-type=\"widget\" data-widget_type=\"image.default\">\n\t\t\t\t<div class=\"elementor-widget-container\">\n\t\t\t\t\t\t\t\t\t\t\t\t\t\t\t<img fetchpriority=\"high\" decoding=\"async\" width=\"1024\" height=\"831\" src=\"https:\/\/onedesk.com\/wp-content\/uploads\/2021\/03\/macro-1024x831.png\" class=\"attachment-large size-large wp-image-75293\" alt=\"\" srcset=\"https:\/\/onedesk.com\/wp-content\/uploads\/2021\/03\/macro-1024x831.png 1024w, https:\/\/onedesk.com\/wp-content\/uploads\/2021\/03\/macro-300x244.png 300w, https:\/\/onedesk.com\/wp-content\/uploads\/2021\/03\/macro-768x624.png 768w, https:\/\/onedesk.com\/wp-content\/uploads\/2021\/03\/macro-369x300.png 369w, https:\/\/onedesk.com\/wp-content\/uploads\/2021\/03\/macro-1108x900.png 1108w, https:\/\/onedesk.com\/wp-content\/uploads\/2021\/03\/macro-255x207.png 255w, https:\/\/onedesk.com\/wp-content\/uploads\/2021\/03\/macro-99x80.png 99w, https:\/\/onedesk.com\/wp-content\/uploads\/2021\/03\/macro-49x40.png 49w, https:\/\/onedesk.com\/wp-content\/uploads\/2021\/03\/macro-480x390.png 480w, https:\/\/onedesk.com\/wp-content\/uploads\/2021\/03\/macro-500x406.png 500w, https:\/\/onedesk.com\/wp-content\/uploads\/2021\/03\/macro-750x609.png 750w, https:\/\/onedesk.com\/wp-content\/uploads\/2021\/03\/macro-360x292.png 360w, https:\/\/onedesk.com\/wp-content\/uploads\/2021\/03\/macro.png 1500w\" sizes=\"(max-width: 1024px) 100vw, 1024px\" \/>\t\t\t\t\t\t\t\t\t\t\t\t\t\t\t<\/div>\n\t\t\t\t<\/div>\n\t\t\t\t\t<\/div>\n\t\t<\/div>\n\t\t\t\t<div class=\"elementor-column elementor-col-50 elementor-top-column elementor-element elementor-element-7ccbb04d\" data-id=\"7ccbb04d\" data-element_type=\"column\" data-e-type=\"column\">\n\t\t\t<div class=\"elementor-widget-wrap elementor-element-populated\">\n\t\t\t\t\t\t<div class=\"elementor-element elementor-element-5d3523dd elementor-widget elementor-widget-text-editor\" data-id=\"5d3523dd\" data-element_type=\"widget\" data-e-type=\"widget\" data-widget_type=\"text-editor.default\">\n\t\t\t\t<div class=\"elementor-widget-container\">\n\t\t\t\t\t\t\t\t\t<p>O OneDesk permite editar t\u00edquetes em massa, tarefas e projetos usando macros. As macros permitem modificar facilmente v\u00e1rios itens ao mesmo tempo ou v\u00e1rias propriedades em um \u00fanico item.<\/p>\n<p>Create &amp; guarde as suas macros favoritas para posterior reutiliza\u00e7\u00e3o. Liberte o seu tempo com a capacidade de fazer uma tonelada de mudan\u00e7as de uma s\u00f3 vez. Aqui est\u00e3o algumas macros \u00fateis:<\/p>\n<ul>\n<li>Reatribuindo uma grande parte dos bilhetes e tarefas de um agente para outro<\/li>\n<li>Fechar v\u00e1rios bilhetes e notificar os solicitadores sobre a mudan\u00e7a<\/li>\n<li>Defini\u00e7\u00e3o de valores de campo personalizados a granel<\/li>\n<li>Seguindo um monte de itens para ficar notificado neles<\/li>\n<li>Atribuindo a mim e defini\u00e7\u00e3o para &#8220;Em Progresso&#8221;<\/li>\n<li>Atribuindo \u00e0 minha equipa e publicando uma mensagem<\/li>\n<li>Mudar v\u00e1rios bilhetes para tarefas e mov\u00ea-los para um projeto diferente<\/li>\n<\/ul>\n<p>E muito mais!<\/p>\n\t\t\t\t\t\t\t\t<\/div>\n\t\t\t\t<\/div>\n\t\t\t\t\t<\/div>\n\t\t<\/div>\n\t\t\t\t\t<\/div>\n\t\t<\/section>\n\t\t<div class=\"elementor-element elementor-element-580a05c e-flex e-con-boxed e-con e-parent\" data-id=\"580a05c\" data-element_type=\"container\" data-e-type=\"container\">\n\t\t\t\t\t<div class=\"e-con-inner\">\n\t\t\t\t<div class=\"elementor-element elementor-element-180c972 elementor-widget elementor-widget-heading\" data-id=\"180c972\" data-element_type=\"widget\" data-e-type=\"widget\" data-widget_type=\"heading.default\">\n\t\t\t\t<div class=\"elementor-widget-container\">\n\t\t\t\t\t<h2 class=\"elementor-heading-title elementor-size-default\">Recursos de aprendizagem<\/h2>\t\t\t\t<\/div>\n\t\t\t\t<\/div>\n\t\t\t\t\t<\/div>\n\t\t\t\t<\/div>\n\t\t<div class=\"elementor-element elementor-element-b339933 e-flex e-con-boxed e-con e-parent\" data-id=\"b339933\" data-element_type=\"container\" data-e-type=\"container\">\n\t\t\t\t\t<div class=\"e-con-inner\">\n\t\t<div class=\"elementor-element elementor-element-bf9cbca e-con-full e-flex e-con e-parent\" data-id=\"bf9cbca\" data-element_type=\"container\" data-e-type=\"container\" data-settings=\"{&quot;background_background&quot;:&quot;classic&quot;}\">\n\t\t\t\t<div class=\"elementor-element elementor-element-a577735 elementor-widget elementor-widget-heading\" data-id=\"a577735\" data-element_type=\"widget\" data-e-type=\"widget\" data-widget_type=\"heading.default\">\n\t\t\t\t<div class=\"elementor-widget-container\">\n\t\t\t\t\t<h3 class=\"elementor-heading-title elementor-size-default\"><a href=\"https:\/\/kb.onedesk.com\/app-od\/o-onedesk\/knowledge-base-1\/article-a0e6a0e1-ec88-4e20-8f8e-d823da55568a\">Usando macros<\/a><\/h3>\t\t\t\t<\/div>\n\t\t\t\t<\/div>\n\t\t\t\t<div class=\"elementor-element elementor-element-f0ab847 elementor-widget elementor-widget-text-editor\" data-id=\"f0ab847\" data-element_type=\"widget\" data-e-type=\"widget\" data-widget_type=\"text-editor.default\">\n\t\t\t\t<div class=\"elementor-widget-container\">\n\t\t\t\t\t\t\t\t\t<p>Saiba tudo sobre como criar e usar macros para fazer altera\u00e7\u00f5es em massa em t\u00edquetes, tarefas e projetos.<\/p>\n<p><strong><a href=\"https:\/\/kb.onedesk.com\/app-od\/o-onedesk\/knowledge-base-1\/article-a0e6a0e1-ec88-4e20-8f8e-d823da55568a\">Ler mais&gt;&gt;<\/a><\/strong><\/p>\n\t\t\t\t\t\t\t\t<\/div>\n\t\t\t\t<\/div>\n\t\t\t\t<\/div>\n\t\t<div class=\"elementor-element elementor-element-1c4e711 e-con-full e-flex e-con e-parent\" data-id=\"1c4e711\" data-element_type=\"container\" data-e-type=\"container\" data-settings=\"{&quot;background_background&quot;:&quot;classic&quot;}\">\n\t\t\t\t<div class=\"elementor-element elementor-element-6a74dbc elementor-widget elementor-widget-heading\" data-id=\"6a74dbc\" data-element_type=\"widget\" data-e-type=\"widget\" data-widget_type=\"heading.default\">\n\t\t\t\t<div class=\"elementor-widget-container\">\n\t\t\t\t\t<h3 class=\"elementor-heading-title elementor-size-default\"><a href=\"https:\/\/kb.onedesk.com\/app-od\/o-onedesk\/knowledge-base-1\/article-bec77321-c653-43ac-919a-c415179c3a07\">Macros de quadro de hor\u00e1rios<\/a><\/h3>\t\t\t\t<\/div>\n\t\t\t\t<\/div>\n\t\t\t\t<div class=\"elementor-element elementor-element-d1ead1f elementor-widget elementor-widget-text-editor\" data-id=\"d1ead1f\" data-element_type=\"widget\" data-e-type=\"widget\" data-widget_type=\"text-editor.default\">\n\t\t\t\t<div class=\"elementor-widget-container\">\n\t\t\t\t\t\t\t\t\t<p>Saiba como fazer altera\u00e7\u00f5es em massa em quadros de hor\u00e1rios .<\/p>\n<p><strong><a href=\"https:\/\/kb.onedesk.com\/app-od\/o-onedesk\/knowledge-base-1\/article-bec77321-c653-43ac-919a-c415179c3a07\">Ler mais&gt;&gt;<\/a><\/strong><\/p>\n\t\t\t\t\t\t\t\t<\/div>\n\t\t\t\t<\/div>\n\t\t\t\t<\/div>\n\t\t<div class=\"elementor-element elementor-element-7ca41a9 e-con-full e-flex e-con e-parent\" data-id=\"7ca41a9\" data-element_type=\"container\" data-e-type=\"container\" data-settings=\"{&quot;background_background&quot;:&quot;classic&quot;}\">\n\t\t\t\t<div class=\"elementor-element elementor-element-e0886f3 elementor-widget elementor-widget-heading\" data-id=\"e0886f3\" data-element_type=\"widget\" data-e-type=\"widget\" data-widget_type=\"heading.default\">\n\t\t\t\t<div class=\"elementor-widget-container\">\n\t\t\t\t\t<h3 class=\"elementor-heading-title elementor-size-default\"><a href=\"https:\/\/kb.onedesk.com\/app-od\/o-onedesk\/knowledge-base-1\/article-385be02f-949c-45fe-91b2-d3e2b2610e2b\">Utilizar respostas guardadas<\/a><\/h3>\t\t\t\t<\/div>\n\t\t\t\t<\/div>\n\t\t\t\t<div class=\"elementor-element elementor-element-14d34d9 elementor-widget elementor-widget-text-editor\" data-id=\"14d34d9\" data-element_type=\"widget\" data-e-type=\"widget\" data-widget_type=\"text-editor.default\">\n\t\t\t\t<div class=\"elementor-widget-container\">\n\t\t\t\t\t\t\t\t\t<p>Saiba como utilizar as respostas guardadas para responder a perguntas comuns.  <\/p>\n<p><strong><a href=\"https:\/\/kb.onedesk.com\/app-od\/o-onedesk\/knowledge-base-1\/article-385be02f-949c-45fe-91b2-d3e2b2610e2b\">Ler mais&gt;&gt;<\/a><\/strong><\/p>\n\t\t\t\t\t\t\t\t<\/div>\n\t\t\t\t<\/div>\n\t\t\t\t<\/div>\n\t\t\t\t\t<\/div>\n\t\t\t\t<\/div>\n\t\t\t\t<\/div>\n\t\t","protected":false},"excerpt":{"rendered":"<p>Macros Trabalhe de forma mais eficiente com macros. O OneDesk permite editar t\u00edquetes em massa, tarefas e projetos usando macros. As macros permitem modificar facilmente v\u00e1rios itens ao mesmo tempo ou v\u00e1rias propriedades em um \u00fanico item. Create &amp; guarde as suas macros favoritas para posterior reutiliza\u00e7\u00e3o. Liberte o seu tempo com a capacidade de [&hellip;]<\/p>\n","protected":false},"author":25,"featured_media":0,"parent":151682,"menu_order":32,"comment_status":"closed","ping_status":"closed","template":"","meta":{"tpgb_global_settings":"","_crdt_document":"","inline_featured_image":false,"site-sidebar-layout":"default","site-content-layout":"","ast-site-content-layout":"default","site-content-style":"default","site-sidebar-style":"default","ast-global-header-display":"","ast-banner-title-visibility":"","ast-main-header-display":"","ast-hfb-above-header-display":"","ast-hfb-below-header-display":"","ast-hfb-mobile-header-display":"","site-post-title":"","ast-breadcrumbs-content":"","ast-featured-img":"","footer-sml-layout":"","ast-disable-related-posts":"","theme-transparent-header-meta":"","adv-header-id-meta":"","stick-header-meta":"","header-above-stick-meta":"","header-main-stick-meta":"","header-below-stick-meta":"","astra-migrate-meta-layouts":"default","ast-page-background-enabled":"default","ast-page-background-meta":{"desktop":{"background-color":"var(--ast-global-color-4)","background-image":"","background-repeat":"repeat","background-position":"center center","background-size":"auto","background-attachment":"scroll","background-type":"","background-media":"","overlay-type":"","overlay-color":"","overlay-opacity":"","overlay-gradient":""},"tablet":{"background-color":"","background-image":"","background-repeat":"repeat","background-position":"center center","background-size":"auto","background-attachment":"scroll","background-type":"","background-media":"","overlay-type":"","overlay-color":"","overlay-opacity":"","overlay-gradient":""},"mobile":{"background-color":"","background-image":"","background-repeat":"repeat","background-position":"center center","background-size":"auto","background-attachment":"scroll","background-type":"","background-media":"","overlay-type":"","overlay-color":"","overlay-opacity":"","overlay-gradient":""}},"ast-content-background-meta":{"desktop":{"background-color":"var(--ast-global-color-5)","background-image":"","background-repeat":"repeat","background-position":"center center","background-size":"auto","background-attachment":"scroll","background-type":"","background-media":"","overlay-type":"","overlay-color":"","overlay-opacity":"","overlay-gradient":""},"tablet":{"background-color":"var(--ast-global-color-5)","background-image":"","background-repeat":"repeat","background-position":"center center","background-size":"auto","background-attachment":"scroll","background-type":"","background-media":"","overlay-type":"","overlay-color":"","overlay-opacity":"","overlay-gradient":""},"mobile":{"background-color":"var(--ast-global-color-5)","background-image":"","background-repeat":"repeat","background-position":"center center","background-size":"auto","background-attachment":"scroll","background-type":"","background-media":"","overlay-type":"","overlay-color":"","overlay-opacity":"","overlay-gradient":""}},"footnotes":""},"class_list":["post-154428","page","type-page","status-publish","hentry"],"yoast_head":"<!-- This site is optimized with the Yoast SEO Premium plugin v27.6 (Yoast SEO v27.6) - https:\/\/yoast.com\/product\/yoast-seo-premium-wordpress\/ -->\n<title>| de macros Caracter\u00edsticas | OneDesk HelpDesk &amp; Project Management App<\/title>\n<meta name=\"description\" content=\"OneDesk \u00e9 software helpdesk e software de gest\u00e3o de projetos. Saiba como o OneDesk permite usar macros para melhorar a sua efici\u00eancia.\" \/>\n<meta name=\"robots\" content=\"index, follow, max-snippet:-1, max-image-preview:large, max-video-preview:-1\" \/>\n<link rel=\"canonical\" href=\"https:\/\/onedesk.com\/pt-pt\/indice-de-caracteristicas\/macros\/\" \/>\n<meta property=\"og:locale\" content=\"pt_PT\" \/>\n<meta property=\"og:type\" content=\"article\" \/>\n<meta property=\"og:title\" content=\"| de macros Caracter\u00edsticas | OneDesk HelpDesk &amp; Project Management App\" \/>\n<meta property=\"og:description\" content=\"OneDesk \u00e9 software helpdesk e software de gest\u00e3o de projetos. Saiba como o OneDesk permite usar macros para melhorar a sua efici\u00eancia.\" \/>\n<meta property=\"og:url\" content=\"https:\/\/onedesk.com\/pt-pt\/indice-de-caracteristicas\/macros\/\" \/>\n<meta property=\"og:site_name\" content=\"OneDesk\" \/>\n<meta property=\"article:publisher\" content=\"https:\/\/www.facebook.com\/OneDeskApp\" \/>\n<meta property=\"article:modified_time\" content=\"2023-08-08T19:14:37+00:00\" \/>\n<meta property=\"og:image\" content=\"https:\/\/onedesk.com\/wp-content\/uploads\/2021\/03\/macro-1024x831.png\" \/>\n<meta name=\"twitter:card\" content=\"summary_large_image\" \/>\n<meta name=\"twitter:site\" content=\"@OneDeskApp\" \/>\n<meta name=\"twitter:label1\" content=\"Est. reading time\" \/>\n\t<meta name=\"twitter:data1\" content=\"1 minute\" \/>\n<!-- \/ Yoast SEO Premium plugin. -->","yoast_head_json":{"title":"| de macros Caracter\u00edsticas | OneDesk HelpDesk & Project Management App","description":"OneDesk \u00e9 software helpdesk e software de gest\u00e3o de projetos. Saiba como o OneDesk permite usar macros para melhorar a sua efici\u00eancia.","robots":{"index":"index","follow":"follow","max-snippet":"max-snippet:-1","max-image-preview":"max-image-preview:large","max-video-preview":"max-video-preview:-1"},"canonical":"https:\/\/onedesk.com\/pt-pt\/indice-de-caracteristicas\/macros\/","og_locale":"pt_PT","og_type":"article","og_title":"| de macros Caracter\u00edsticas | OneDesk HelpDesk & Project Management App","og_description":"OneDesk \u00e9 software helpdesk e software de gest\u00e3o de projetos. Saiba como o OneDesk permite usar macros para melhorar a sua efici\u00eancia.","og_url":"https:\/\/onedesk.com\/pt-pt\/indice-de-caracteristicas\/macros\/","og_site_name":"OneDesk","article_publisher":"https:\/\/www.facebook.com\/OneDeskApp","article_modified_time":"2023-08-08T19:14:37+00:00","og_image":[{"url":"https:\/\/onedesk.com\/wp-content\/uploads\/2021\/03\/macro-1024x831.png","type":"","width":"","height":""}],"twitter_card":"summary_large_image","twitter_site":"@OneDeskApp","twitter_misc":{"Est. reading time":"1 minute"},"schema":{"@context":"https:\/\/schema.org","@graph":[{"@type":"WebPage","@id":"https:\/\/onedesk.com\/pt-pt\/indice-de-caracteristicas\/macros\/","url":"https:\/\/onedesk.com\/pt-pt\/indice-de-caracteristicas\/macros\/","name":"| de macros Caracter\u00edsticas | OneDesk HelpDesk & Project Management App","isPartOf":{"@id":"https:\/\/onedesk.com\/pt-pt\/#website"},"primaryImageOfPage":{"@id":"https:\/\/onedesk.com\/pt-pt\/indice-de-caracteristicas\/macros\/#primaryimage"},"image":{"@id":"https:\/\/onedesk.com\/pt-pt\/indice-de-caracteristicas\/macros\/#primaryimage"},"thumbnailUrl":"https:\/\/onedesk.com\/wp-content\/uploads\/2021\/03\/macro-1024x831.png","datePublished":"2021-12-20T14:34:09+00:00","dateModified":"2023-08-08T19:14:37+00:00","description":"OneDesk \u00e9 software helpdesk e software de gest\u00e3o de projetos. Saiba como o OneDesk permite usar macros para melhorar a sua efici\u00eancia.","breadcrumb":{"@id":"https:\/\/onedesk.com\/pt-pt\/indice-de-caracteristicas\/macros\/#breadcrumb"},"inLanguage":"pt-PT","potentialAction":[{"@type":"ReadAction","target":["https:\/\/onedesk.com\/pt-pt\/indice-de-caracteristicas\/macros\/"]}]},{"@type":"ImageObject","inLanguage":"pt-PT","@id":"https:\/\/onedesk.com\/pt-pt\/indice-de-caracteristicas\/macros\/#primaryimage","url":"https:\/\/onedesk.com\/wp-content\/uploads\/2021\/03\/macro-1024x831.png","contentUrl":"https:\/\/onedesk.com\/wp-content\/uploads\/2021\/03\/macro-1024x831.png"},{"@type":"BreadcrumbList","@id":"https:\/\/onedesk.com\/pt-pt\/indice-de-caracteristicas\/macros\/#breadcrumb","itemListElement":[{"@type":"ListItem","position":1,"name":"\u00cdndice de Caracter\u00edsticas OneDesk","item":"https:\/\/onedesk.com\/pt-pt\/indice-de-caracteristicas\/"},{"@type":"ListItem","position":2,"name":"Macros"}]},{"@type":"WebSite","@id":"https:\/\/onedesk.com\/pt-pt\/#website","url":"https:\/\/onedesk.com\/pt-pt\/","name":"OneDesk","description":"Software de Gest\u00e3o de Projetos e Helpdesk","publisher":{"@id":"https:\/\/onedesk.com\/pt-pt\/#organization"},"potentialAction":[{"@type":"SearchAction","target":{"@type":"EntryPoint","urlTemplate":"https:\/\/onedesk.com\/pt-pt\/?s={search_term_string}"},"query-input":{"@type":"PropertyValueSpecification","valueRequired":true,"valueName":"search_term_string"}}],"inLanguage":"pt-PT"},{"@type":"Organization","@id":"https:\/\/onedesk.com\/pt-pt\/#organization","name":"OneDesk","url":"https:\/\/onedesk.com\/pt-pt\/","logo":{"@type":"ImageObject","inLanguage":"pt-PT","@id":"https:\/\/onedesk.com\/pt-pt\/#\/schema\/logo\/image\/","url":"https:\/\/onedesk.com\/wp-content\/uploads\/2016\/01\/white-logo-small.png","contentUrl":"https:\/\/onedesk.com\/wp-content\/uploads\/2016\/01\/white-logo-small.png","width":207,"height":40,"caption":"OneDesk"},"image":{"@id":"https:\/\/onedesk.com\/pt-pt\/#\/schema\/logo\/image\/"},"sameAs":["https:\/\/www.facebook.com\/OneDeskApp","https:\/\/x.com\/OneDeskApp","https:\/\/www.instagram.com\/onedeskapp\/","https:\/\/www.linkedin.com\/company\/onedesk-inc-1","https:\/\/www.pinterest.com\/onedesk\/","https:\/\/www.youtube.com\/user\/OneDeskApp"]}]}},"tpgb_featured_images":null,"tpgb_post_meta_info":{"get_date":"December 20, 2021","get_modified_date":"August 8, 2023","author_name":"Kenneth Lim","author_url":"https:\/\/onedesk.com\/pt-pt\/author\/ken-lim\/","author_email":"ken.lim@onedesk.com","author_website":"","author_description":"","author_facebook":"","author_twitter":"","author_instagram":"","author_role":["subscriber"],"author_firstname":"Kenneth","author_lastname":"Lim","user_login":"ken.lim","author_avatar":"<img alt='' src='https:\/\/secure.gravatar.com\/avatar\/a4ec21f0334373cadb0a505588ce84b318527287a4e82901cc7c9b983073d3e7?s=200&#038;d=mm&#038;r=g' srcset='https:\/\/secure.gravatar.com\/avatar\/a4ec21f0334373cadb0a505588ce84b318527287a4e82901cc7c9b983073d3e7?s=400&#038;d=mm&#038;r=g 2x' class='avatar avatar-200 photo' height='200' width='200' decoding='async'\/>","author_avatar_url":"https:\/\/secure.gravatar.com\/avatar\/a4ec21f0334373cadb0a505588ce84b318527287a4e82901cc7c9b983073d3e7?s=96&d=mm&r=g","comment_count":0,"post_likes":0,"post_views":0},"tpgb_post_category":[],"jetpack_shortlink":"https:\/\/wp.me\/PfpPaI-EaM","amp_enabled":true,"_links":{"self":[{"href":"https:\/\/onedesk.com\/pt-pt\/wp-json\/wp\/v2\/pages\/154428","targetHints":{"allow":["GET"]}}],"collection":[{"href":"https:\/\/onedesk.com\/pt-pt\/wp-json\/wp\/v2\/pages"}],"about":[{"href":"https:\/\/onedesk.com\/pt-pt\/wp-json\/wp\/v2\/types\/page"}],"author":[{"embeddable":true,"href":"https:\/\/onedesk.com\/pt-pt\/wp-json\/wp\/v2\/users\/25"}],"replies":[{"embeddable":true,"href":"https:\/\/onedesk.com\/pt-pt\/wp-json\/wp\/v2\/comments?post=154428"}],"version-history":[{"count":5,"href":"https:\/\/onedesk.com\/pt-pt\/wp-json\/wp\/v2\/pages\/154428\/revisions"}],"predecessor-version":[{"id":253343,"href":"https:\/\/onedesk.com\/pt-pt\/wp-json\/wp\/v2\/pages\/154428\/revisions\/253343"}],"up":[{"embeddable":true,"href":"https:\/\/onedesk.com\/pt-pt\/wp-json\/wp\/v2\/pages\/151682"}],"wp:attachment":[{"href":"https:\/\/onedesk.com\/pt-pt\/wp-json\/wp\/v2\/media?parent=154428"}],"curies":[{"name":"wp","href":"https:\/\/api.w.org\/{rel}","templated":true}]}}