{"id":154566,"date":"2021-12-20T15:13:26","date_gmt":"2021-12-20T15:13:26","guid":{"rendered":"https:\/\/onedesk.com\/indice-de-caracteristicas\/itens-de-fusao\/"},"modified":"2023-08-08T18:59:17","modified_gmt":"2023-08-08T18:59:17","slug":"mesclagem-de-itens","status":"publish","type":"page","link":"https:\/\/onedesk.com\/pt-pt\/indice-de-caracteristicas\/mesclagem-de-itens\/","title":{"rendered":"Mesclando itens"},"content":{"rendered":"\t\t<div data-elementor-type=\"wp-page\" data-elementor-id=\"154566\" class=\"elementor elementor-154566 elementor-117919\" data-elementor-post-type=\"page\">\n\t\t\t\t\t\t<section class=\"elementor-section elementor-top-section elementor-element elementor-element-b8d3cd6 elementor-section-boxed elementor-section-height-default elementor-section-height-default\" data-id=\"b8d3cd6\" data-element_type=\"section\" data-e-type=\"section\">\n\t\t\t\t\t\t<div class=\"elementor-container elementor-column-gap-default\">\n\t\t\t\t\t<div class=\"elementor-column elementor-col-100 elementor-top-column elementor-element elementor-element-605f37\" data-id=\"605f37\" data-element_type=\"column\" data-e-type=\"column\">\n\t\t\t<div class=\"elementor-widget-wrap elementor-element-populated\">\n\t\t\t\t\t\t<div class=\"elementor-element elementor-element-230b39cb elementor-widget elementor-widget-heading\" data-id=\"230b39cb\" data-element_type=\"widget\" data-e-type=\"widget\" data-widget_type=\"heading.default\">\n\t\t\t\t<div class=\"elementor-widget-container\">\n\t\t\t\t\t<h1 class=\"elementor-heading-title elementor-size-default\">Itens de fus\u00e3o<\/h1>\t\t\t\t<\/div>\n\t\t\t\t<\/div>\n\t\t\t\t<div class=\"elementor-element elementor-element-767daac2 elementor-widget elementor-widget-text-editor\" data-id=\"767daac2\" data-element_type=\"widget\" data-e-type=\"widget\" data-widget_type=\"text-editor.default\">\n\t\t\t\t<div class=\"elementor-widget-container\">\n\t\t\t\t\t\t\t\t\t<p>Tem v\u00e1rios bilhetes sobre o mesmo problema? Combine seu trabalho facilmente com o recurso de mesclagem do OneDesk.<\/p>\n\t\t\t\t\t\t\t\t<\/div>\n\t\t\t\t<\/div>\n\t\t\t\t<div class=\"elementor-element elementor-element-a9f3845 elementor-align-center elementor-widget elementor-widget-global elementor-global-161534 elementor-global-131872 elementor-widget-button\" data-id=\"a9f3845\" data-element_type=\"widget\" data-e-type=\"widget\" data-widget_type=\"button.default\">\n\t\t\t\t<div class=\"elementor-widget-container\">\n\t\t\t\t\t\t\t\t\t<div class=\"elementor-button-wrapper\">\n\t\t\t\t\t<a class=\"elementor-button elementor-button-link elementor-size-lg elementor-animation-grow\" href=\"https:\/\/onedesk.com\/pt-pt\/inscricao-livre\/\">\n\t\t\t\t\t\t<span class=\"elementor-button-content-wrapper\">\n\t\t\t\t\t\t\t\t\t<span class=\"elementor-button-text\">Inscreva-se livre!<\/span>\n\t\t\t\t\t<\/span>\n\t\t\t\t\t<\/a>\n\t\t\t\t<\/div>\n\t\t\t\t\t\t\t\t<\/div>\n\t\t\t\t<\/div>\n\t\t\t\t\t<\/div>\n\t\t<\/div>\n\t\t\t\t\t<\/div>\n\t\t<\/section>\n\t\t\t\t<section class=\"elementor-section elementor-top-section elementor-element elementor-element-5ce26098 elementor-section-boxed elementor-section-height-default elementor-section-height-default\" data-id=\"5ce26098\" data-element_type=\"section\" data-e-type=\"section\">\n\t\t\t\t\t\t<div class=\"elementor-container elementor-column-gap-default\">\n\t\t\t\t\t<div class=\"elementor-column elementor-col-50 elementor-top-column elementor-element elementor-element-41d5746d\" data-id=\"41d5746d\" data-element_type=\"column\" data-e-type=\"column\">\n\t\t\t<div class=\"elementor-widget-wrap elementor-element-populated\">\n\t\t\t\t\t\t<div class=\"elementor-element elementor-element-2dacd5f elementor-widget elementor-widget-image\" data-id=\"2dacd5f\" data-element_type=\"widget\" data-e-type=\"widget\" data-widget_type=\"image.default\">\n\t\t\t\t<div class=\"elementor-widget-container\">\n\t\t\t\t\t\t\t\t\t\t\t\t\t\t\t<img fetchpriority=\"high\" decoding=\"async\" width=\"1024\" height=\"835\" src=\"https:\/\/onedesk.com\/wp-content\/uploads\/2021\/07\/merging-01-1024x835.png\" class=\"attachment-large size-large wp-image-117929\" alt=\"Itens de fus\u00e3o\" srcset=\"https:\/\/onedesk.com\/wp-content\/uploads\/2021\/07\/merging-01-1024x835.png 1024w, https:\/\/onedesk.com\/wp-content\/uploads\/2021\/07\/merging-01-300x245.png 300w, https:\/\/onedesk.com\/wp-content\/uploads\/2021\/07\/merging-01-768x626.png 768w, https:\/\/onedesk.com\/wp-content\/uploads\/2021\/07\/merging-01-368x300.png 368w, https:\/\/onedesk.com\/wp-content\/uploads\/2021\/07\/merging-01-255x208.png 255w, https:\/\/onedesk.com\/wp-content\/uploads\/2021\/07\/merging-01-98x80.png 98w, https:\/\/onedesk.com\/wp-content\/uploads\/2021\/07\/merging-01-49x40.png 49w, https:\/\/onedesk.com\/wp-content\/uploads\/2021\/07\/merging-01-480x392.png 480w, https:\/\/onedesk.com\/wp-content\/uploads\/2021\/07\/merging-01-500x408.png 500w, https:\/\/onedesk.com\/wp-content\/uploads\/2021\/07\/merging-01-750x612.png 750w, https:\/\/onedesk.com\/wp-content\/uploads\/2021\/07\/merging-01-360x294.png 360w, https:\/\/onedesk.com\/wp-content\/uploads\/2021\/07\/merging-01.png 1047w\" sizes=\"(max-width: 1024px) 100vw, 1024px\" \/>\t\t\t\t\t\t\t\t\t\t\t\t\t\t\t<\/div>\n\t\t\t\t<\/div>\n\t\t\t\t\t<\/div>\n\t\t<\/div>\n\t\t\t\t<div class=\"elementor-column elementor-col-50 elementor-top-column elementor-element elementor-element-335c1751\" data-id=\"335c1751\" data-element_type=\"column\" data-e-type=\"column\">\n\t\t\t<div class=\"elementor-widget-wrap elementor-element-populated\">\n\t\t\t\t\t\t<div class=\"elementor-element elementor-element-49badd4 elementor-widget elementor-widget-heading\" data-id=\"49badd4\" data-element_type=\"widget\" data-e-type=\"widget\" data-widget_type=\"heading.default\">\n\t\t\t\t<div class=\"elementor-widget-container\">\n\t\t\t\t\t<h2 class=\"elementor-heading-title elementor-size-default\">Mesclar t\u00edquetes ou tarefas<\/h2>\t\t\t\t<\/div>\n\t\t\t\t<\/div>\n\t\t\t\t<div class=\"elementor-element elementor-element-7691d4c1 elementor-widget elementor-widget-text-editor\" data-id=\"7691d4c1\" data-element_type=\"widget\" data-e-type=\"widget\" data-widget_type=\"text-editor.default\">\n\t\t\t\t<div class=\"elementor-widget-container\">\n\t\t\t\t\t\t\t\t\t<p>A OneDesk permite fundir dois ou mais bilhetes ou tarefas (itens) numa s\u00f3. A fus\u00e3o de itens permite-lhe trabalhar num \u00fanico item de trabalho com toda a informa\u00e7\u00e3o coletiva, atualizando tamb\u00e9m os clientes que os solicitaram a partir de um local. Pode controlar as altera\u00e7\u00f5es feitas aos itens fundidos, tais como o estado do ciclo de vida, percentagem de conclus\u00e3o, que informa\u00e7\u00f5es copiar para a frente e, claro, enviar uma mensagem para notificar todos os seguidores sobre a fus\u00e3o.<\/p>\n\t\t\t\t\t\t\t\t<\/div>\n\t\t\t\t<\/div>\n\t\t\t\t\t<\/div>\n\t\t<\/div>\n\t\t\t\t\t<\/div>\n\t\t<\/section>\n\t\t\t\t<\/div>\n\t\t","protected":false},"excerpt":{"rendered":"<p>Itens de fus\u00e3o Tem v\u00e1rios bilhetes sobre o mesmo problema? Combine seu trabalho facilmente com o recurso de mesclagem do OneDesk. Sign up free! Mesclar t\u00edquetes ou tarefas A OneDesk permite fundir dois ou mais bilhetes ou tarefas (itens) numa s\u00f3. A fus\u00e3o de itens permite-lhe trabalhar num \u00fanico item de trabalho com toda a [&hellip;]<\/p>\n","protected":false},"author":25,"featured_media":0,"parent":151682,"menu_order":23,"comment_status":"closed","ping_status":"closed","template":"","meta":{"tpgb_global_settings":"","_crdt_document":"","inline_featured_image":false,"site-sidebar-layout":"default","site-content-layout":"","ast-site-content-layout":"default","site-content-style":"default","site-sidebar-style":"default","ast-global-header-display":"","ast-banner-title-visibility":"","ast-main-header-display":"","ast-hfb-above-header-display":"","ast-hfb-below-header-display":"","ast-hfb-mobile-header-display":"","site-post-title":"","ast-breadcrumbs-content":"","ast-featured-img":"","footer-sml-layout":"","ast-disable-related-posts":"","theme-transparent-header-meta":"","adv-header-id-meta":"","stick-header-meta":"","header-above-stick-meta":"","header-main-stick-meta":"","header-below-stick-meta":"","astra-migrate-meta-layouts":"default","ast-page-background-enabled":"default","ast-page-background-meta":{"desktop":{"background-color":"var(--ast-global-color-4)","background-image":"","background-repeat":"repeat","background-position":"center center","background-size":"auto","background-attachment":"scroll","background-type":"","background-media":"","overlay-type":"","overlay-color":"","overlay-opacity":"","overlay-gradient":""},"tablet":{"background-color":"","background-image":"","background-repeat":"repeat","background-position":"center center","background-size":"auto","background-attachment":"scroll","background-type":"","background-media":"","overlay-type":"","overlay-color":"","overlay-opacity":"","overlay-gradient":""},"mobile":{"background-color":"","background-image":"","background-repeat":"repeat","background-position":"center center","background-size":"auto","background-attachment":"scroll","background-type":"","background-media":"","overlay-type":"","overlay-color":"","overlay-opacity":"","overlay-gradient":""}},"ast-content-background-meta":{"desktop":{"background-color":"var(--ast-global-color-5)","background-image":"","background-repeat":"repeat","background-position":"center center","background-size":"auto","background-attachment":"scroll","background-type":"","background-media":"","overlay-type":"","overlay-color":"","overlay-opacity":"","overlay-gradient":""},"tablet":{"background-color":"var(--ast-global-color-5)","background-image":"","background-repeat":"repeat","background-position":"center center","background-size":"auto","background-attachment":"scroll","background-type":"","background-media":"","overlay-type":"","overlay-color":"","overlay-opacity":"","overlay-gradient":""},"mobile":{"background-color":"var(--ast-global-color-5)","background-image":"","background-repeat":"repeat","background-position":"center center","background-size":"auto","background-attachment":"scroll","background-type":"","background-media":"","overlay-type":"","overlay-color":"","overlay-opacity":"","overlay-gradient":""}},"footnotes":""},"class_list":["post-154566","page","type-page","status-publish","hentry"],"yoast_head":"<!-- This site is optimized with the Yoast SEO Premium plugin v27.4 (Yoast SEO v27.4) - https:\/\/yoast.com\/product\/yoast-seo-premium-wordpress\/ -->\n<title>Mesclando itens | OneDesk HelpDesk &amp; Aplicativo de Gerenciamento de Projetos<\/title>\n<meta name=\"description\" content=\"OneDesk \u00e9 software de gest\u00e3o de helpdesk e projeto. Voc\u00ea pode mesclar t\u00edquetes e tarefas para gerenci\u00e1-los como uma \u00fanica entidade.\" \/>\n<meta name=\"robots\" content=\"index, follow, max-snippet:-1, max-image-preview:large, max-video-preview:-1\" \/>\n<link rel=\"canonical\" href=\"https:\/\/onedesk.com\/pt-pt\/indice-de-caracteristicas\/mesclagem-de-itens\/\" \/>\n<meta property=\"og:locale\" content=\"pt_PT\" \/>\n<meta property=\"og:type\" content=\"article\" \/>\n<meta property=\"og:title\" content=\"Mesclando itens | OneDesk HelpDesk &amp; Aplicativo de Gerenciamento de Projetos\" \/>\n<meta property=\"og:description\" content=\"OneDesk \u00e9 software de gest\u00e3o de helpdesk e projeto. Voc\u00ea pode mesclar t\u00edquetes e tarefas para gerenci\u00e1-los como uma \u00fanica entidade.\" \/>\n<meta property=\"og:url\" content=\"https:\/\/onedesk.com\/pt-pt\/indice-de-caracteristicas\/mesclagem-de-itens\/\" \/>\n<meta property=\"og:site_name\" content=\"OneDesk\" \/>\n<meta property=\"article:publisher\" content=\"https:\/\/www.facebook.com\/OneDeskApp\" \/>\n<meta property=\"article:modified_time\" content=\"2023-08-08T18:59:17+00:00\" \/>\n<meta property=\"og:image\" content=\"https:\/\/onedesk.com\/wp-content\/uploads\/2021\/07\/merging-01-1024x835.png\" \/>\n<meta name=\"twitter:card\" content=\"summary_large_image\" \/>\n<meta name=\"twitter:site\" content=\"@OneDeskApp\" \/>\n<meta name=\"twitter:label1\" content=\"Est. reading time\" \/>\n\t<meta name=\"twitter:data1\" content=\"1 minute\" \/>\n<!-- \/ Yoast SEO Premium plugin. -->","yoast_head_json":{"title":"Mesclando itens | OneDesk HelpDesk & Aplicativo de Gerenciamento de Projetos","description":"OneDesk \u00e9 software de gest\u00e3o de helpdesk e projeto. Voc\u00ea pode mesclar t\u00edquetes e tarefas para gerenci\u00e1-los como uma \u00fanica entidade.","robots":{"index":"index","follow":"follow","max-snippet":"max-snippet:-1","max-image-preview":"max-image-preview:large","max-video-preview":"max-video-preview:-1"},"canonical":"https:\/\/onedesk.com\/pt-pt\/indice-de-caracteristicas\/mesclagem-de-itens\/","og_locale":"pt_PT","og_type":"article","og_title":"Mesclando itens | OneDesk HelpDesk & Aplicativo de Gerenciamento de Projetos","og_description":"OneDesk \u00e9 software de gest\u00e3o de helpdesk e projeto. Voc\u00ea pode mesclar t\u00edquetes e tarefas para gerenci\u00e1-los como uma \u00fanica entidade.","og_url":"https:\/\/onedesk.com\/pt-pt\/indice-de-caracteristicas\/mesclagem-de-itens\/","og_site_name":"OneDesk","article_publisher":"https:\/\/www.facebook.com\/OneDeskApp","article_modified_time":"2023-08-08T18:59:17+00:00","og_image":[{"url":"https:\/\/onedesk.com\/wp-content\/uploads\/2021\/07\/merging-01-1024x835.png","type":"","width":"","height":""}],"twitter_card":"summary_large_image","twitter_site":"@OneDeskApp","twitter_misc":{"Est. reading time":"1 minute"},"schema":{"@context":"https:\/\/schema.org","@graph":[{"@type":"WebPage","@id":"https:\/\/onedesk.com\/pt-pt\/indice-de-caracteristicas\/mesclagem-de-itens\/","url":"https:\/\/onedesk.com\/pt-pt\/indice-de-caracteristicas\/mesclagem-de-itens\/","name":"Mesclando itens | OneDesk HelpDesk & Aplicativo de Gerenciamento de Projetos","isPartOf":{"@id":"https:\/\/onedesk.com\/pt-pt\/#website"},"primaryImageOfPage":{"@id":"https:\/\/onedesk.com\/pt-pt\/indice-de-caracteristicas\/mesclagem-de-itens\/#primaryimage"},"image":{"@id":"https:\/\/onedesk.com\/pt-pt\/indice-de-caracteristicas\/mesclagem-de-itens\/#primaryimage"},"thumbnailUrl":"https:\/\/onedesk.com\/wp-content\/uploads\/2021\/07\/merging-01-1024x835.png","datePublished":"2021-12-20T15:13:26+00:00","dateModified":"2023-08-08T18:59:17+00:00","description":"OneDesk \u00e9 software de gest\u00e3o de helpdesk e projeto. Voc\u00ea pode mesclar t\u00edquetes e tarefas para gerenci\u00e1-los como uma \u00fanica entidade.","breadcrumb":{"@id":"https:\/\/onedesk.com\/pt-pt\/indice-de-caracteristicas\/mesclagem-de-itens\/#breadcrumb"},"inLanguage":"pt-PT","potentialAction":[{"@type":"ReadAction","target":["https:\/\/onedesk.com\/pt-pt\/indice-de-caracteristicas\/mesclagem-de-itens\/"]}]},{"@type":"ImageObject","inLanguage":"pt-PT","@id":"https:\/\/onedesk.com\/pt-pt\/indice-de-caracteristicas\/mesclagem-de-itens\/#primaryimage","url":"https:\/\/onedesk.com\/wp-content\/uploads\/2021\/07\/merging-01-1024x835.png","contentUrl":"https:\/\/onedesk.com\/wp-content\/uploads\/2021\/07\/merging-01-1024x835.png"},{"@type":"BreadcrumbList","@id":"https:\/\/onedesk.com\/pt-pt\/indice-de-caracteristicas\/mesclagem-de-itens\/#breadcrumb","itemListElement":[{"@type":"ListItem","position":1,"name":"\u00cdndice de Caracter\u00edsticas OneDesk","item":"https:\/\/onedesk.com\/pt-pt\/indice-de-caracteristicas\/"},{"@type":"ListItem","position":2,"name":"Mesclando itens"}]},{"@type":"WebSite","@id":"https:\/\/onedesk.com\/pt-pt\/#website","url":"https:\/\/onedesk.com\/pt-pt\/","name":"OneDesk","description":"Software de Gest\u00e3o de Projetos e Helpdesk","publisher":{"@id":"https:\/\/onedesk.com\/pt-pt\/#organization"},"potentialAction":[{"@type":"SearchAction","target":{"@type":"EntryPoint","urlTemplate":"https:\/\/onedesk.com\/pt-pt\/?s={search_term_string}"},"query-input":{"@type":"PropertyValueSpecification","valueRequired":true,"valueName":"search_term_string"}}],"inLanguage":"pt-PT"},{"@type":"Organization","@id":"https:\/\/onedesk.com\/pt-pt\/#organization","name":"OneDesk","url":"https:\/\/onedesk.com\/pt-pt\/","logo":{"@type":"ImageObject","inLanguage":"pt-PT","@id":"https:\/\/onedesk.com\/pt-pt\/#\/schema\/logo\/image\/","url":"https:\/\/onedesk.com\/wp-content\/uploads\/2016\/01\/white-logo-small.png","contentUrl":"https:\/\/onedesk.com\/wp-content\/uploads\/2016\/01\/white-logo-small.png","width":207,"height":40,"caption":"OneDesk"},"image":{"@id":"https:\/\/onedesk.com\/pt-pt\/#\/schema\/logo\/image\/"},"sameAs":["https:\/\/www.facebook.com\/OneDeskApp","https:\/\/x.com\/OneDeskApp","https:\/\/www.instagram.com\/onedeskapp\/","https:\/\/www.linkedin.com\/company\/onedesk-inc-1","https:\/\/www.pinterest.com\/onedesk\/","https:\/\/www.youtube.com\/user\/OneDeskApp"]}]}},"tpgb_featured_images":null,"tpgb_post_meta_info":{"get_date":"December 20, 2021","get_modified_date":"August 8, 2023","author_name":"Kenneth Lim","author_url":"https:\/\/onedesk.com\/pt-pt\/author\/ken-lim\/","author_email":"ken.lim@onedesk.com","author_website":"","author_description":"","author_facebook":"","author_twitter":"","author_instagram":"","author_role":["subscriber"],"author_firstname":"Kenneth","author_lastname":"Lim","user_login":"ken.lim","author_avatar":"<img alt='' src='https:\/\/secure.gravatar.com\/avatar\/a4ec21f0334373cadb0a505588ce84b318527287a4e82901cc7c9b983073d3e7?s=200&#038;d=mm&#038;r=g' srcset='https:\/\/secure.gravatar.com\/avatar\/a4ec21f0334373cadb0a505588ce84b318527287a4e82901cc7c9b983073d3e7?s=400&#038;d=mm&#038;r=g 2x' class='avatar avatar-200 photo' height='200' width='200' decoding='async'\/>","author_avatar_url":"https:\/\/secure.gravatar.com\/avatar\/a4ec21f0334373cadb0a505588ce84b318527287a4e82901cc7c9b983073d3e7?s=96&d=mm&r=g","comment_count":0,"post_likes":0,"post_views":0},"tpgb_post_category":[],"jetpack_shortlink":"https:\/\/wp.me\/PfpPaI-Ed0","amp_enabled":true,"_links":{"self":[{"href":"https:\/\/onedesk.com\/pt-pt\/wp-json\/wp\/v2\/pages\/154566","targetHints":{"allow":["GET"]}}],"collection":[{"href":"https:\/\/onedesk.com\/pt-pt\/wp-json\/wp\/v2\/pages"}],"about":[{"href":"https:\/\/onedesk.com\/pt-pt\/wp-json\/wp\/v2\/types\/page"}],"author":[{"embeddable":true,"href":"https:\/\/onedesk.com\/pt-pt\/wp-json\/wp\/v2\/users\/25"}],"replies":[{"embeddable":true,"href":"https:\/\/onedesk.com\/pt-pt\/wp-json\/wp\/v2\/comments?post=154566"}],"version-history":[{"count":4,"href":"https:\/\/onedesk.com\/pt-pt\/wp-json\/wp\/v2\/pages\/154566\/revisions"}],"predecessor-version":[{"id":252668,"href":"https:\/\/onedesk.com\/pt-pt\/wp-json\/wp\/v2\/pages\/154566\/revisions\/252668"}],"up":[{"embeddable":true,"href":"https:\/\/onedesk.com\/pt-pt\/wp-json\/wp\/v2\/pages\/151682"}],"wp:attachment":[{"href":"https:\/\/onedesk.com\/pt-pt\/wp-json\/wp\/v2\/media?parent=154566"}],"curies":[{"name":"wp","href":"https:\/\/api.w.org\/{rel}","templated":true}]}}