{"id":154985,"date":"2021-12-20T16:02:20","date_gmt":"2021-12-20T16:02:20","guid":{"rendered":"https:\/\/onedesk.com\/indice-de-caracteristicas\/monitorizacao-de-e-mails\/"},"modified":"2023-08-08T19:06:43","modified_gmt":"2023-08-08T19:06:43","slug":"monitoramento-de-e-mail","status":"publish","type":"page","link":"https:\/\/onedesk.com\/pt-pt\/indice-de-caracteristicas\/monitoramento-de-e-mail\/","title":{"rendered":"Monitoramento de e-mail"},"content":{"rendered":"\t\t<div data-elementor-type=\"wp-page\" data-elementor-id=\"154985\" class=\"elementor elementor-154985 elementor-83546\" data-elementor-post-type=\"page\">\n\t\t\t\t\t\t<section class=\"elementor-section elementor-top-section elementor-element elementor-element-35c19cfa elementor-section-boxed elementor-section-height-default elementor-section-height-default\" data-id=\"35c19cfa\" data-element_type=\"section\" data-e-type=\"section\">\n\t\t\t\t\t\t<div class=\"elementor-container elementor-column-gap-default\">\n\t\t\t\t\t<div class=\"elementor-column elementor-col-100 elementor-top-column elementor-element elementor-element-6ecc91a9\" data-id=\"6ecc91a9\" data-element_type=\"column\" data-e-type=\"column\">\n\t\t\t<div class=\"elementor-widget-wrap\">\n\t\t\t\t\t\t\t<\/div>\n\t\t<\/div>\n\t\t\t\t\t<\/div>\n\t\t<\/section>\n\t\t\t\t<section class=\"elementor-section elementor-top-section elementor-element elementor-element-766d10c elementor-section-boxed elementor-section-height-default elementor-section-height-default\" data-id=\"766d10c\" data-element_type=\"section\" data-e-type=\"section\">\n\t\t\t\t\t\t<div class=\"elementor-container elementor-column-gap-default\">\n\t\t\t\t\t<div class=\"elementor-column elementor-col-100 elementor-top-column elementor-element elementor-element-a276d9e\" data-id=\"a276d9e\" data-element_type=\"column\" data-e-type=\"column\">\n\t\t\t<div class=\"elementor-widget-wrap elementor-element-populated\">\n\t\t\t\t\t\t<div class=\"elementor-element elementor-element-677664e7 elementor-widget elementor-widget-heading\" data-id=\"677664e7\" data-element_type=\"widget\" data-e-type=\"widget\" data-widget_type=\"heading.default\">\n\t\t\t\t<div class=\"elementor-widget-container\">\n\t\t\t\t\t<h1 class=\"elementor-heading-title elementor-size-default\">Monitoriza\u00e7\u00e3o de e-mail<\/h1>\t\t\t\t<\/div>\n\t\t\t\t<\/div>\n\t\t\t\t<div class=\"elementor-element elementor-element-5ef147b9 elementor-widget elementor-widget-text-editor\" data-id=\"5ef147b9\" data-element_type=\"widget\" data-e-type=\"widget\" data-widget_type=\"text-editor.default\">\n\t\t\t\t<div class=\"elementor-widget-container\">\n\t\t\t\t\t\t\t\t\t<p>Monitoriza\u00e7\u00e3o de emails de entrada e sa\u00edda<\/p>\n\t\t\t\t\t\t\t\t<\/div>\n\t\t\t\t<\/div>\n\t\t\t\t<div class=\"elementor-element elementor-element-f2d5080 elementor-align-center elementor-widget elementor-widget-global elementor-global-161534 elementor-global-131872 elementor-widget-button\" data-id=\"f2d5080\" data-element_type=\"widget\" data-e-type=\"widget\" data-widget_type=\"button.default\">\n\t\t\t\t<div class=\"elementor-widget-container\">\n\t\t\t\t\t\t\t\t\t<div class=\"elementor-button-wrapper\">\n\t\t\t\t\t<a class=\"elementor-button elementor-button-link elementor-size-lg elementor-animation-grow\" href=\"https:\/\/onedesk.com\/pt-pt\/inscricao-livre\/\">\n\t\t\t\t\t\t<span class=\"elementor-button-content-wrapper\">\n\t\t\t\t\t\t\t\t\t<span class=\"elementor-button-text\">Inscreva-se livre!<\/span>\n\t\t\t\t\t<\/span>\n\t\t\t\t\t<\/a>\n\t\t\t\t<\/div>\n\t\t\t\t\t\t\t\t<\/div>\n\t\t\t\t<\/div>\n\t\t\t\t\t<\/div>\n\t\t<\/div>\n\t\t\t\t\t<\/div>\n\t\t<\/section>\n\t\t\t\t<section class=\"elementor-section elementor-top-section elementor-element elementor-element-7be0cb78 elementor-section-boxed elementor-section-height-default elementor-section-height-default\" data-id=\"7be0cb78\" data-element_type=\"section\" data-e-type=\"section\">\n\t\t\t\t\t\t<div class=\"elementor-container elementor-column-gap-default\">\n\t\t\t\t\t<div class=\"elementor-column elementor-col-50 elementor-top-column elementor-element elementor-element-b3c1134\" data-id=\"b3c1134\" data-element_type=\"column\" data-e-type=\"column\">\n\t\t\t<div class=\"elementor-widget-wrap elementor-element-populated\">\n\t\t\t\t\t\t<div class=\"elementor-element elementor-element-4e6b697 elementor-widget elementor-widget-image\" data-id=\"4e6b697\" data-element_type=\"widget\" data-e-type=\"widget\" data-widget_type=\"image.default\">\n\t\t\t\t<div class=\"elementor-widget-container\">\n\t\t\t\t\t\t\t\t\t\t\t\t\t\t\t<img fetchpriority=\"high\" decoding=\"async\" width=\"602\" height=\"597\" src=\"https:\/\/onedesk.com\/wp-content\/uploads\/2016\/01\/EmailMonitoring.png\" class=\"attachment-large size-large wp-image-83689\" alt=\"monitoriza\u00e7\u00e3o de e-mail\" srcset=\"https:\/\/onedesk.com\/wp-content\/uploads\/2016\/01\/EmailMonitoring.png 602w, https:\/\/onedesk.com\/wp-content\/uploads\/2016\/01\/EmailMonitoring-300x298.png 300w, https:\/\/onedesk.com\/wp-content\/uploads\/2016\/01\/EmailMonitoring-150x150.png 150w, https:\/\/onedesk.com\/wp-content\/uploads\/2016\/01\/EmailMonitoring-303x300.png 303w, https:\/\/onedesk.com\/wp-content\/uploads\/2016\/01\/EmailMonitoring-255x253.png 255w, https:\/\/onedesk.com\/wp-content\/uploads\/2016\/01\/EmailMonitoring-81x80.png 81w, https:\/\/onedesk.com\/wp-content\/uploads\/2016\/01\/EmailMonitoring-40x40.png 40w, https:\/\/onedesk.com\/wp-content\/uploads\/2016\/01\/EmailMonitoring-60x60.png 60w, https:\/\/onedesk.com\/wp-content\/uploads\/2016\/01\/EmailMonitoring-480x476.png 480w, https:\/\/onedesk.com\/wp-content\/uploads\/2016\/01\/EmailMonitoring-500x496.png 500w, https:\/\/onedesk.com\/wp-content\/uploads\/2016\/01\/EmailMonitoring-360x357.png 360w\" sizes=\"(max-width: 602px) 100vw, 602px\" \/>\t\t\t\t\t\t\t\t\t\t\t\t\t\t\t<\/div>\n\t\t\t\t<\/div>\n\t\t\t\t\t<\/div>\n\t\t<\/div>\n\t\t\t\t<div class=\"elementor-column elementor-col-50 elementor-top-column elementor-element elementor-element-13529493\" data-id=\"13529493\" data-element_type=\"column\" data-e-type=\"column\">\n\t\t\t<div class=\"elementor-widget-wrap elementor-element-populated\">\n\t\t\t\t\t\t<div class=\"elementor-element elementor-element-6ef3772e elementor-widget elementor-widget-heading\" data-id=\"6ef3772e\" data-element_type=\"widget\" data-e-type=\"widget\" data-widget_type=\"heading.default\">\n\t\t\t\t<div class=\"elementor-widget-container\">\n\t\t\t\t\t<h2 class=\"elementor-heading-title elementor-size-default\">Criar respostas baseadas em gatilhos de palavras-chave<\/h2>\t\t\t\t<\/div>\n\t\t\t\t<\/div>\n\t\t\t\t<div class=\"elementor-element elementor-element-436003e4 elementor-widget elementor-widget-text-editor\" data-id=\"436003e4\" data-element_type=\"widget\" data-e-type=\"widget\" data-widget_type=\"text-editor.default\">\n\t\t\t\t<div class=\"elementor-widget-container\">\n\t\t\t\t\t\t\t\t\t<p>O OneDesk garante que voc\u00ea seja capaz de monitorar todas as atividades de e-mail com transpar\u00eancia. N\u00f3s fornecemos facilidade de esp\u00edrito para que voc\u00ea possa rastrear quaisquer mensagens de e-mail recebidas e enviadas, visualizar o que foi enviado, para quem e quais a\u00e7\u00f5es certos e-mails recebidos disparam no OneDesk. Mostramos-lhe todas estas informa\u00e7\u00f5es para comunica\u00e7\u00f5es por e-mail nas \u00faltimas 72 horas.<\/p>\n\t\t\t\t\t\t\t\t<\/div>\n\t\t\t\t<\/div>\n\t\t\t\t<div class=\"elementor-element elementor-element-614b797 elementor-widget elementor-widget-heading\" data-id=\"614b797\" data-element_type=\"widget\" data-e-type=\"widget\" data-widget_type=\"heading.default\">\n\t\t\t\t<div class=\"elementor-widget-container\">\n\t\t\t\t\t<h2 class=\"elementor-heading-title elementor-size-default\">Monitorize todos os e-mails de sa\u00edda para garantir a transpar\u00eancia<\/h2>\t\t\t\t<\/div>\n\t\t\t\t<\/div>\n\t\t\t\t<div class=\"elementor-element elementor-element-8600891 elementor-widget elementor-widget-text-editor\" data-id=\"8600891\" data-element_type=\"widget\" data-e-type=\"widget\" data-widget_type=\"text-editor.default\">\n\t\t\t\t<div class=\"elementor-widget-container\">\n\t\t\t\t\t\t\t\t\t<p>As mensagens de e-mail s\u00e3o essenciais para uma comunica\u00e7\u00e3o eficaz com seus usu\u00e1rios e clientes, e voc\u00ea quer ter certeza de que seus e-mails est\u00e3o sendo enviados e entregues. Os recursos de monitoramento de e-mail do OneDesk oferecem tranquilidade, permitindo que voc\u00ea rastreie as comunica\u00e7\u00f5es de e-mail enviadas. Se um cliente disser que nunca recebeu um e-mail, voc\u00ea pode verificar e determinar se e quando ele foi enviado, entregue ou n\u00e3o entregue. Voc\u00ea poder\u00e1 saber se seus e-mails est\u00e3o sendo processados, entregues, devolvidos, bloqueados e muito mais.<\/p>\n\t\t\t\t\t\t\t\t<\/div>\n\t\t\t\t<\/div>\n\t\t\t\t\t<\/div>\n\t\t<\/div>\n\t\t\t\t\t<\/div>\n\t\t<\/section>\n\t\t\t\t<section class=\"elementor-section elementor-top-section elementor-element elementor-element-368eb4ef elementor-section-boxed elementor-section-height-default elementor-section-height-default\" data-id=\"368eb4ef\" data-element_type=\"section\" data-e-type=\"section\">\n\t\t\t\t\t\t<div class=\"elementor-container elementor-column-gap-default\">\n\t\t\t\t\t<div class=\"elementor-column elementor-col-100 elementor-top-column elementor-element elementor-element-7f10658e\" data-id=\"7f10658e\" data-element_type=\"column\" data-e-type=\"column\">\n\t\t\t<div class=\"elementor-widget-wrap elementor-element-populated\">\n\t\t\t\t\t\t<div class=\"elementor-element elementor-element-2b843beb elementor-widget elementor-widget-heading\" data-id=\"2b843beb\" data-element_type=\"widget\" data-e-type=\"widget\" data-widget_type=\"heading.default\">\n\t\t\t\t<div class=\"elementor-widget-container\">\n\t\t\t\t\t<h2 class=\"elementor-heading-title elementor-size-default\">Acompanhe todas as comunica\u00e7\u00f5es recebidas <\/h2>\t\t\t\t<\/div>\n\t\t\t\t<\/div>\n\t\t\t\t<div class=\"elementor-element elementor-element-1834a55b elementor-widget elementor-widget-text-editor\" data-id=\"1834a55b\" data-element_type=\"widget\" data-e-type=\"widget\" data-widget_type=\"text-editor.default\">\n\t\t\t\t<div class=\"elementor-widget-container\">\n\t\t\t\t\t\t\t\t\t<p>As comunica\u00e7\u00f5es de entrada do seu cliente podem afetar diferentes partes do OneDesk: eles podem adicionar mensagens em conversas, podem acionar a cria\u00e7\u00e3o de t\u00edquetes e tarefas e muito mais. Voc\u00ea pode acompanhar tudo isso no <a href=\"https:\/\/onedesk.com\/pt-pt\/indice-de-caracteristicas\/monitor-incoming-ticket-creation\/\">aplicativo de entrada de e-mail<\/a>. Tamb\u00e9m pode monitorizar quem lhe enviou estas comunica\u00e7\u00f5es e quando deve mant\u00ea-lo a par dos pedidos dos seus clientes.<\/p>\n\t\t\t\t\t\t\t\t<\/div>\n\t\t\t\t<\/div>\n\t\t\t\t\t<\/div>\n\t\t<\/div>\n\t\t\t\t\t<\/div>\n\t\t<\/section>\n\t\t\t\t<\/div>\n\t\t","protected":false},"excerpt":{"rendered":"<p>Monitoriza\u00e7\u00e3o de e-mail Monitoriza\u00e7\u00e3o de emails de entrada e sa\u00edda Sign up free! Criar respostas baseadas em gatilhos de palavras-chave O OneDesk garante que voc\u00ea seja capaz de monitorar todas as atividades de e-mail com transpar\u00eancia. N\u00f3s fornecemos facilidade de esp\u00edrito para que voc\u00ea possa rastrear quaisquer mensagens de e-mail recebidas e enviadas, visualizar o [&hellip;]<\/p>\n","protected":false},"author":27,"featured_media":0,"parent":151682,"menu_order":44,"comment_status":"closed","ping_status":"closed","template":"","meta":{"tpgb_global_settings":"","_crdt_document":"","inline_featured_image":false,"site-sidebar-layout":"default","site-content-layout":"","ast-site-content-layout":"default","site-content-style":"default","site-sidebar-style":"default","ast-global-header-display":"","ast-banner-title-visibility":"","ast-main-header-display":"","ast-hfb-above-header-display":"","ast-hfb-below-header-display":"","ast-hfb-mobile-header-display":"","site-post-title":"","ast-breadcrumbs-content":"","ast-featured-img":"","footer-sml-layout":"","ast-disable-related-posts":"","theme-transparent-header-meta":"","adv-header-id-meta":"","stick-header-meta":"","header-above-stick-meta":"","header-main-stick-meta":"","header-below-stick-meta":"","astra-migrate-meta-layouts":"default","ast-page-background-enabled":"default","ast-page-background-meta":{"desktop":{"background-color":"var(--ast-global-color-4)","background-image":"","background-repeat":"repeat","background-position":"center center","background-size":"auto","background-attachment":"scroll","background-type":"","background-media":"","overlay-type":"","overlay-color":"","overlay-opacity":"","overlay-gradient":""},"tablet":{"background-color":"","background-image":"","background-repeat":"repeat","background-position":"center center","background-size":"auto","background-attachment":"scroll","background-type":"","background-media":"","overlay-type":"","overlay-color":"","overlay-opacity":"","overlay-gradient":""},"mobile":{"background-color":"","background-image":"","background-repeat":"repeat","background-position":"center center","background-size":"auto","background-attachment":"scroll","background-type":"","background-media":"","overlay-type":"","overlay-color":"","overlay-opacity":"","overlay-gradient":""}},"ast-content-background-meta":{"desktop":{"background-color":"var(--ast-global-color-5)","background-image":"","background-repeat":"repeat","background-position":"center center","background-size":"auto","background-attachment":"scroll","background-type":"","background-media":"","overlay-type":"","overlay-color":"","overlay-opacity":"","overlay-gradient":""},"tablet":{"background-color":"var(--ast-global-color-5)","background-image":"","background-repeat":"repeat","background-position":"center center","background-size":"auto","background-attachment":"scroll","background-type":"","background-media":"","overlay-type":"","overlay-color":"","overlay-opacity":"","overlay-gradient":""},"mobile":{"background-color":"var(--ast-global-color-5)","background-image":"","background-repeat":"repeat","background-position":"center center","background-size":"auto","background-attachment":"scroll","background-type":"","background-media":"","overlay-type":"","overlay-color":"","overlay-opacity":"","overlay-gradient":""}},"footnotes":""},"class_list":["post-154985","page","type-page","status-publish","hentry"],"yoast_head":"<!-- This site is optimized with the Yoast SEO Premium plugin v27.2 (Yoast SEO v27.3) - https:\/\/yoast.com\/product\/yoast-seo-premium-wordpress\/ -->\n<title>Monitoramento de e-mail | OneDesk HelpDesk &amp; Aplicativo de Gerenciamento de Projetos<\/title>\n<meta name=\"description\" content=\"OneDesk \u00e9 software de gest\u00e3o de helpdesk e projeto. Monitore e-mails recebidos e enviados e esteja confiante com sua comunica\u00e7\u00e3o por e-mail.\" \/>\n<meta name=\"robots\" content=\"index, follow, max-snippet:-1, max-image-preview:large, max-video-preview:-1\" \/>\n<link rel=\"canonical\" href=\"https:\/\/onedesk.com\/pt-pt\/indice-de-caracteristicas\/monitoramento-de-e-mail\/\" \/>\n<meta property=\"og:locale\" content=\"pt_PT\" \/>\n<meta property=\"og:type\" content=\"article\" \/>\n<meta property=\"og:title\" content=\"Monitoramento de e-mail | OneDesk HelpDesk &amp; Aplicativo de Gerenciamento de Projetos\" \/>\n<meta property=\"og:description\" content=\"OneDesk \u00e9 software de gest\u00e3o de helpdesk e projeto. Monitore e-mails recebidos e enviados e esteja confiante com sua comunica\u00e7\u00e3o por e-mail.\" \/>\n<meta property=\"og:url\" content=\"https:\/\/onedesk.com\/pt-pt\/indice-de-caracteristicas\/monitoramento-de-e-mail\/\" \/>\n<meta property=\"og:site_name\" content=\"OneDesk\" \/>\n<meta property=\"article:publisher\" content=\"https:\/\/www.facebook.com\/OneDeskApp\" \/>\n<meta property=\"article:modified_time\" content=\"2023-08-08T19:06:43+00:00\" \/>\n<meta property=\"og:image\" content=\"https:\/\/onedesk.com\/wp-content\/uploads\/2016\/01\/EmailMonitoring.png\" \/>\n<meta name=\"twitter:card\" content=\"summary_large_image\" \/>\n<meta name=\"twitter:site\" content=\"@OneDeskApp\" \/>\n<meta name=\"twitter:label1\" content=\"Est. reading time\" \/>\n\t<meta name=\"twitter:data1\" content=\"1 minute\" \/>\n<!-- \/ Yoast SEO Premium plugin. -->","yoast_head_json":{"title":"Monitoramento de e-mail | OneDesk HelpDesk & Aplicativo de Gerenciamento de Projetos","description":"OneDesk \u00e9 software de gest\u00e3o de helpdesk e projeto. Monitore e-mails recebidos e enviados e esteja confiante com sua comunica\u00e7\u00e3o por e-mail.","robots":{"index":"index","follow":"follow","max-snippet":"max-snippet:-1","max-image-preview":"max-image-preview:large","max-video-preview":"max-video-preview:-1"},"canonical":"https:\/\/onedesk.com\/pt-pt\/indice-de-caracteristicas\/monitoramento-de-e-mail\/","og_locale":"pt_PT","og_type":"article","og_title":"Monitoramento de e-mail | OneDesk HelpDesk & Aplicativo de Gerenciamento de Projetos","og_description":"OneDesk \u00e9 software de gest\u00e3o de helpdesk e projeto. Monitore e-mails recebidos e enviados e esteja confiante com sua comunica\u00e7\u00e3o por e-mail.","og_url":"https:\/\/onedesk.com\/pt-pt\/indice-de-caracteristicas\/monitoramento-de-e-mail\/","og_site_name":"OneDesk","article_publisher":"https:\/\/www.facebook.com\/OneDeskApp","article_modified_time":"2023-08-08T19:06:43+00:00","og_image":[{"url":"https:\/\/onedesk.com\/wp-content\/uploads\/2016\/01\/EmailMonitoring.png","type":"","width":"","height":""}],"twitter_card":"summary_large_image","twitter_site":"@OneDeskApp","twitter_misc":{"Est. reading time":"1 minute"},"schema":{"@context":"https:\/\/schema.org","@graph":[{"@type":"WebPage","@id":"https:\/\/onedesk.com\/pt-pt\/indice-de-caracteristicas\/monitoramento-de-e-mail\/","url":"https:\/\/onedesk.com\/pt-pt\/indice-de-caracteristicas\/monitoramento-de-e-mail\/","name":"Monitoramento de e-mail | OneDesk HelpDesk & Aplicativo de Gerenciamento de Projetos","isPartOf":{"@id":"https:\/\/onedesk.com\/pt-pt\/#website"},"primaryImageOfPage":{"@id":"https:\/\/onedesk.com\/pt-pt\/indice-de-caracteristicas\/monitoramento-de-e-mail\/#primaryimage"},"image":{"@id":"https:\/\/onedesk.com\/pt-pt\/indice-de-caracteristicas\/monitoramento-de-e-mail\/#primaryimage"},"thumbnailUrl":"https:\/\/onedesk.com\/wp-content\/uploads\/2016\/01\/EmailMonitoring.png","datePublished":"2021-12-20T16:02:20+00:00","dateModified":"2023-08-08T19:06:43+00:00","description":"OneDesk \u00e9 software de gest\u00e3o de helpdesk e projeto. Monitore e-mails recebidos e enviados e esteja confiante com sua comunica\u00e7\u00e3o por e-mail.","breadcrumb":{"@id":"https:\/\/onedesk.com\/pt-pt\/indice-de-caracteristicas\/monitoramento-de-e-mail\/#breadcrumb"},"inLanguage":"pt-PT","potentialAction":[{"@type":"ReadAction","target":["https:\/\/onedesk.com\/pt-pt\/indice-de-caracteristicas\/monitoramento-de-e-mail\/"]}]},{"@type":"ImageObject","inLanguage":"pt-PT","@id":"https:\/\/onedesk.com\/pt-pt\/indice-de-caracteristicas\/monitoramento-de-e-mail\/#primaryimage","url":"https:\/\/onedesk.com\/wp-content\/uploads\/2016\/01\/EmailMonitoring.png","contentUrl":"https:\/\/onedesk.com\/wp-content\/uploads\/2016\/01\/EmailMonitoring.png"},{"@type":"BreadcrumbList","@id":"https:\/\/onedesk.com\/pt-pt\/indice-de-caracteristicas\/monitoramento-de-e-mail\/#breadcrumb","itemListElement":[{"@type":"ListItem","position":1,"name":"\u00cdndice de Caracter\u00edsticas OneDesk","item":"https:\/\/onedesk.com\/pt-pt\/indice-de-caracteristicas\/"},{"@type":"ListItem","position":2,"name":"Monitoramento de e-mail"}]},{"@type":"WebSite","@id":"https:\/\/onedesk.com\/pt-pt\/#website","url":"https:\/\/onedesk.com\/pt-pt\/","name":"OneDesk","description":"Software de Gest\u00e3o de Projetos e Helpdesk","publisher":{"@id":"https:\/\/onedesk.com\/pt-pt\/#organization"},"potentialAction":[{"@type":"SearchAction","target":{"@type":"EntryPoint","urlTemplate":"https:\/\/onedesk.com\/pt-pt\/?s={search_term_string}"},"query-input":{"@type":"PropertyValueSpecification","valueRequired":true,"valueName":"search_term_string"}}],"inLanguage":"pt-PT"},{"@type":"Organization","@id":"https:\/\/onedesk.com\/pt-pt\/#organization","name":"OneDesk","url":"https:\/\/onedesk.com\/pt-pt\/","logo":{"@type":"ImageObject","inLanguage":"pt-PT","@id":"https:\/\/onedesk.com\/pt-pt\/#\/schema\/logo\/image\/","url":"https:\/\/onedesk.com\/wp-content\/uploads\/2016\/01\/white-logo-small.png","contentUrl":"https:\/\/onedesk.com\/wp-content\/uploads\/2016\/01\/white-logo-small.png","width":207,"height":40,"caption":"OneDesk"},"image":{"@id":"https:\/\/onedesk.com\/pt-pt\/#\/schema\/logo\/image\/"},"sameAs":["https:\/\/www.facebook.com\/OneDeskApp","https:\/\/x.com\/OneDeskApp","https:\/\/www.instagram.com\/onedeskapp\/","https:\/\/www.linkedin.com\/company\/onedesk-inc-1","https:\/\/www.pinterest.com\/onedesk\/","https:\/\/www.youtube.com\/user\/OneDeskApp"]}]}},"tpgb_featured_images":null,"tpgb_post_meta_info":{"get_date":"December 20, 2021","get_modified_date":"August 8, 2023","author_name":"Sabrin Yusef","author_url":"https:\/\/onedesk.com\/pt-pt\/author\/sarbin-yusef\/","author_email":"sabrin.yusef@onedesk.com","author_website":"","author_description":"","author_facebook":"","author_twitter":"","author_instagram":"","author_role":["customer"],"author_firstname":"Sabrin","author_lastname":"Yusef","user_login":"sarbin.yusef","author_avatar":"<img alt='' src='https:\/\/secure.gravatar.com\/avatar\/1f20332b0900369c93c9c272e03885bde073bf214b3dd3eb4bea569a45bea588?s=200&#038;d=mm&#038;r=g' srcset='https:\/\/secure.gravatar.com\/avatar\/1f20332b0900369c93c9c272e03885bde073bf214b3dd3eb4bea569a45bea588?s=400&#038;d=mm&#038;r=g 2x' class='avatar avatar-200 photo' height='200' width='200' decoding='async'\/>","author_avatar_url":"https:\/\/secure.gravatar.com\/avatar\/1f20332b0900369c93c9c272e03885bde073bf214b3dd3eb4bea569a45bea588?s=96&d=mm&r=g","comment_count":0,"post_likes":0,"post_views":0},"tpgb_post_category":[],"jetpack_shortlink":"https:\/\/wp.me\/PfpPaI-EjL","amp_enabled":true,"_links":{"self":[{"href":"https:\/\/onedesk.com\/pt-pt\/wp-json\/wp\/v2\/pages\/154985","targetHints":{"allow":["GET"]}}],"collection":[{"href":"https:\/\/onedesk.com\/pt-pt\/wp-json\/wp\/v2\/pages"}],"about":[{"href":"https:\/\/onedesk.com\/pt-pt\/wp-json\/wp\/v2\/types\/page"}],"author":[{"embeddable":true,"href":"https:\/\/onedesk.com\/pt-pt\/wp-json\/wp\/v2\/users\/27"}],"replies":[{"embeddable":true,"href":"https:\/\/onedesk.com\/pt-pt\/wp-json\/wp\/v2\/comments?post=154985"}],"version-history":[{"count":5,"href":"https:\/\/onedesk.com\/pt-pt\/wp-json\/wp\/v2\/pages\/154985\/revisions"}],"predecessor-version":[{"id":253033,"href":"https:\/\/onedesk.com\/pt-pt\/wp-json\/wp\/v2\/pages\/154985\/revisions\/253033"}],"up":[{"embeddable":true,"href":"https:\/\/onedesk.com\/pt-pt\/wp-json\/wp\/v2\/pages\/151682"}],"wp:attachment":[{"href":"https:\/\/onedesk.com\/pt-pt\/wp-json\/wp\/v2\/media?parent=154985"}],"curies":[{"name":"wp","href":"https:\/\/api.w.org\/{rel}","templated":true}]}}