{"id":236250,"date":"2022-07-07T21:49:32","date_gmt":"2022-07-07T21:49:32","guid":{"rendered":"https:\/\/onedesk.com\/indice-de-caracteristicas\/agendamento\/"},"modified":"2022-07-07T21:49:33","modified_gmt":"2022-07-07T21:49:33","slug":"agendamento","status":"publish","type":"page","link":"https:\/\/onedesk.com\/pt-pt\/indice-de-caracteristicas\/agendamento\/","title":{"rendered":"Agendamento"},"content":{"rendered":"\t\t<div data-elementor-type=\"wp-page\" data-elementor-id=\"236250\" class=\"elementor elementor-236250 elementor-236228\" data-elementor-post-type=\"page\">\n\t\t\t\t\t\t<section class=\"elementor-section elementor-top-section elementor-element elementor-element-2378df4 elementor-section-boxed elementor-section-height-default elementor-section-height-default\" data-id=\"2378df4\" data-element_type=\"section\" data-e-type=\"section\">\n\t\t\t\t\t\t<div class=\"elementor-container elementor-column-gap-default\">\n\t\t\t\t\t<div class=\"elementor-column elementor-col-100 elementor-top-column elementor-element elementor-element-2d23672\" data-id=\"2d23672\" data-element_type=\"column\" data-e-type=\"column\">\n\t\t\t<div class=\"elementor-widget-wrap\">\n\t\t\t\t\t\t\t<\/div>\n\t\t<\/div>\n\t\t\t\t\t<\/div>\n\t\t<\/section>\n\t\t\t\t<section class=\"elementor-section elementor-top-section elementor-element elementor-element-88ee574 elementor-section-boxed elementor-section-height-default elementor-section-height-default\" data-id=\"88ee574\" data-element_type=\"section\" data-e-type=\"section\">\n\t\t\t\t\t\t<div class=\"elementor-container elementor-column-gap-default\">\n\t\t\t\t\t<div class=\"elementor-column elementor-col-100 elementor-top-column elementor-element elementor-element-14e4b3a\" data-id=\"14e4b3a\" data-element_type=\"column\" data-e-type=\"column\">\n\t\t\t<div class=\"elementor-widget-wrap elementor-element-populated\">\n\t\t\t\t\t\t<div class=\"elementor-element elementor-element-f89e55e elementor-widget elementor-widget-heading\" data-id=\"f89e55e\" data-element_type=\"widget\" data-e-type=\"widget\" data-widget_type=\"heading.default\">\n\t\t\t\t<div class=\"elementor-widget-container\">\n\t\t\t\t\t<h1 class=\"elementor-heading-title elementor-size-default\">Agendamento  <\/h1>\t\t\t\t<\/div>\n\t\t\t\t<\/div>\n\t\t\t\t<div class=\"elementor-element elementor-element-84df608 elementor-widget elementor-widget-text-editor\" data-id=\"84df608\" data-element_type=\"widget\" data-e-type=\"widget\" data-widget_type=\"text-editor.default\">\n\t\t\t\t<div class=\"elementor-widget-container\">\n\t\t\t\t\t\t\t\t\t<p>Planeie, marque e acompanhe o progresso de todas as suas tarefas, bilhetes e projetos.<\/p>\t\t\t\t\t\t\t\t<\/div>\n\t\t\t\t<\/div>\n\t\t\t\t\t<\/div>\n\t\t<\/div>\n\t\t\t\t\t<\/div>\n\t\t<\/section>\n\t\t\t\t<section class=\"elementor-section elementor-top-section elementor-element elementor-element-3cbb3ce elementor-section-boxed elementor-section-height-default elementor-section-height-default\" data-id=\"3cbb3ce\" data-element_type=\"section\" data-e-type=\"section\">\n\t\t\t\t\t\t<div class=\"elementor-container elementor-column-gap-default\">\n\t\t\t\t\t<div class=\"elementor-column elementor-col-50 elementor-top-column elementor-element elementor-element-9bdc959\" data-id=\"9bdc959\" data-element_type=\"column\" data-e-type=\"column\">\n\t\t\t<div class=\"elementor-widget-wrap elementor-element-populated\">\n\t\t\t\t\t\t<div class=\"elementor-element elementor-element-768e266 elementor-widget elementor-widget-heading\" data-id=\"768e266\" data-element_type=\"widget\" data-e-type=\"widget\" data-widget_type=\"heading.default\">\n\t\t\t\t<div class=\"elementor-widget-container\">\n\t\t\t\t\t<h2 class=\"elementor-heading-title elementor-size-default\">Agendamento para o minuto  <\/h2>\t\t\t\t<\/div>\n\t\t\t\t<\/div>\n\t\t\t\t<div class=\"elementor-element elementor-element-64c15d4 elementor-widget elementor-widget-text-editor\" data-id=\"64c15d4\" data-element_type=\"widget\" data-e-type=\"widget\" data-widget_type=\"text-editor.default\">\n\t\t\t\t<div class=\"elementor-widget-container\">\n\t\t\t\t\t\t\t\t\t<p>Planeie e agende as suas tarefas e projetos para iniciar e terminar em determinados dias ou hor\u00e1rios, at\u00e9<a href=\"https:\/\/onedesk.com\/pt-pt\/ao-minuto-de-agendamento\/\"> ao minuto<\/a>. Tamb\u00e9m pode estimar o esfor\u00e7o para as suas tarefas com <a href=\"https:\/\/onedesk.com\/pt-pt\/indice-de-caracteristicas\/ageis-gestao-de-projetos\/\">tempo ou pontos \u00e1geis<\/a>. Quando a sua equipa trabalha em tarefas e projetos, eles podem registar a hora. Quando o tempo \u00e9 registado, o &#8220;progresso real&#8221; \u00e9 gerado. Esta fun\u00e7\u00e3o permite-lhe monitorizar os seus planos em compara\u00e7\u00e3o com o trabalho real que est\u00e1 a ser feito.  <\/p>\t\t\t\t\t\t\t\t<\/div>\n\t\t\t\t<\/div>\n\t\t\t\t\t<\/div>\n\t\t<\/div>\n\t\t\t\t<div class=\"elementor-column elementor-col-50 elementor-top-column elementor-element elementor-element-e17816f\" data-id=\"e17816f\" data-element_type=\"column\" data-e-type=\"column\">\n\t\t\t<div class=\"elementor-widget-wrap elementor-element-populated\">\n\t\t\t\t\t\t<div class=\"elementor-element elementor-element-2c8c703 elementor-widget elementor-widget-image\" data-id=\"2c8c703\" data-element_type=\"widget\" data-e-type=\"widget\" data-widget_type=\"image.default\">\n\t\t\t\t<div class=\"elementor-widget-container\">\n\t\t\t\t\t\t\t\t\t\t\t\t\t\t\t<img fetchpriority=\"high\" decoding=\"async\" width=\"721\" height=\"555\" src=\"https:\/\/onedesk.com\/wp-content\/uploads\/2022\/06\/Finer-Scheduling-2.jpg\" class=\"attachment-large size-large wp-image-234736\" alt=\"\" srcset=\"https:\/\/onedesk.com\/wp-content\/uploads\/2022\/06\/Finer-Scheduling-2.jpg 721w, https:\/\/onedesk.com\/wp-content\/uploads\/2022\/06\/Finer-Scheduling-2-300x231.jpg 300w\" sizes=\"(max-width: 721px) 100vw, 721px\" \/>\t\t\t\t\t\t\t\t\t\t\t\t\t\t\t<\/div>\n\t\t\t\t<\/div>\n\t\t\t\t\t<\/div>\n\t\t<\/div>\n\t\t\t\t\t<\/div>\n\t\t<\/section>\n\t\t\t\t<section class=\"elementor-section elementor-top-section elementor-element elementor-element-0f7f7e8 elementor-section-boxed elementor-section-height-default elementor-section-height-default\" data-id=\"0f7f7e8\" data-element_type=\"section\" data-e-type=\"section\">\n\t\t\t\t\t\t<div class=\"elementor-container elementor-column-gap-default\">\n\t\t\t\t\t<div class=\"elementor-column elementor-col-50 elementor-top-column elementor-element elementor-element-5155869\" data-id=\"5155869\" data-element_type=\"column\" data-e-type=\"column\">\n\t\t\t<div class=\"elementor-widget-wrap elementor-element-populated\">\n\t\t\t\t\t\t<div class=\"elementor-element elementor-element-68fca4e elementor-widget elementor-widget-image\" data-id=\"68fca4e\" data-element_type=\"widget\" data-e-type=\"widget\" data-widget_type=\"image.default\">\n\t\t\t\t<div class=\"elementor-widget-container\">\n\t\t\t\t\t\t\t\t\t\t\t\t\t\t\t<img decoding=\"async\" width=\"679\" height=\"283\" src=\"https:\/\/onedesk.com\/wp-content\/uploads\/2022\/07\/Gantt-Planned-ToolTip.webp\" class=\"attachment-large size-large wp-image-235410\" alt=\"gantt gest\u00e3o de projeto de gr\u00e1fico\" srcset=\"https:\/\/onedesk.com\/wp-content\/uploads\/2022\/07\/Gantt-Planned-ToolTip.webp 679w, https:\/\/onedesk.com\/wp-content\/uploads\/2022\/07\/Gantt-Planned-ToolTip-300x125.webp 300w\" sizes=\"(max-width: 679px) 100vw, 679px\" \/>\t\t\t\t\t\t\t\t\t\t\t\t\t\t\t<\/div>\n\t\t\t\t<\/div>\n\t\t\t\t\t<\/div>\n\t\t<\/div>\n\t\t\t\t<div class=\"elementor-column elementor-col-50 elementor-top-column elementor-element elementor-element-ccff82b\" data-id=\"ccff82b\" data-element_type=\"column\" data-e-type=\"column\">\n\t\t\t<div class=\"elementor-widget-wrap elementor-element-populated\">\n\t\t\t\t\t\t<div class=\"elementor-element elementor-element-a7de1d8 elementor-widget elementor-widget-heading\" data-id=\"a7de1d8\" data-element_type=\"widget\" data-e-type=\"widget\" data-widget_type=\"heading.default\">\n\t\t\t\t<div class=\"elementor-widget-container\">\n\t\t\t\t\t<h2 class=\"elementor-heading-title elementor-size-default\">Agendamento de gr\u00e1ficos de Gantt<\/h2>\t\t\t\t<\/div>\n\t\t\t\t<\/div>\n\t\t\t\t<div class=\"elementor-element elementor-element-8993765 elementor-widget elementor-widget-text-editor\" data-id=\"8993765\" data-element_type=\"widget\" data-e-type=\"widget\" data-widget_type=\"text-editor.default\">\n\t\t\t\t<div class=\"elementor-widget-container\">\n\t\t\t\t\t\t\t\t\t<p>Mova-se, encolhe e alarga as tuas tarefas e projetos na linha temporal do <a href=\"https:\/\/onedesk.com\/pt-pt\/indice-de-caracteristicas\/gantt-chart\/\">gr\u00e1fico de Gantt<\/a> para as agendar. Pode facilmente criar <a href=\"https:\/\/onedesk.com\/features-index\/task-dependencies\/\">depend\u00eancias<\/a> na tabela Gantt, como o in\u00edcio ao in\u00edcio ou o in\u00edcio ao fim. Voc\u00ea pode monitorizar facilmente o progresso planeado e real, bem como a carga de trabalho geral no Gantt. O verde representa progresso real enquanto o azul \u00e9 o calend\u00e1rio planeado.  <\/p>\t\t\t\t\t\t\t\t<\/div>\n\t\t\t\t<\/div>\n\t\t\t\t\t<\/div>\n\t\t<\/div>\n\t\t\t\t\t<\/div>\n\t\t<\/section>\n\t\t\t\t<section class=\"elementor-section elementor-top-section elementor-element elementor-element-54b333d elementor-section-boxed elementor-section-height-default elementor-section-height-default\" data-id=\"54b333d\" data-element_type=\"section\" data-e-type=\"section\">\n\t\t\t\t\t\t<div class=\"elementor-container elementor-column-gap-default\">\n\t\t\t\t\t<div class=\"elementor-column elementor-col-50 elementor-top-column elementor-element elementor-element-7f052a3\" data-id=\"7f052a3\" data-element_type=\"column\" data-e-type=\"column\">\n\t\t\t<div class=\"elementor-widget-wrap elementor-element-populated\">\n\t\t\t\t\t\t<div class=\"elementor-element elementor-element-2945bc6 elementor-widget elementor-widget-heading\" data-id=\"2945bc6\" data-element_type=\"widget\" data-e-type=\"widget\" data-widget_type=\"heading.default\">\n\t\t\t\t<div class=\"elementor-widget-container\">\n\t\t\t\t\t<h2 class=\"elementor-heading-title elementor-size-default\">Agendamento com a vista do calend\u00e1rio<\/h2>\t\t\t\t<\/div>\n\t\t\t\t<\/div>\n\t\t\t\t<div class=\"elementor-element elementor-element-a5f973d elementor-widget elementor-widget-text-editor\" data-id=\"a5f973d\" data-element_type=\"widget\" data-e-type=\"widget\" data-widget_type=\"text-editor.default\">\n\t\t\t\t<div class=\"elementor-widget-container\">\n\t\t\t\t\t\t\t\t\t<p>Agende as suas tarefas com a vista di\u00e1ria, semanal ou mensal <a href=\"https:\/\/onedesk.com\/pt-pt\/indice-de-caracteristicas\/calendario\/\">do calend\u00e1rio<\/a>. Como todas as vistas no OneDesk (incluindo o Gantt), tamb\u00e9m pode filtrar e configurar o seu calend\u00e1rio. Por exemplo, reduza a sua vis\u00e3o para ver apenas tarefas atribu\u00eddas a uma equipa espec\u00edfica. Tamb\u00e9m pode importar ou exportar tarefas para outras aplica\u00e7\u00f5es com <a href=\"https:\/\/onedesk.com\/pt-pt\/videos\/onedesk-getting-start-integracoes\/\">integra\u00e7\u00f5es.<\/a>&nbsp;<\/p>\t\t\t\t\t\t\t\t<\/div>\n\t\t\t\t<\/div>\n\t\t\t\t\t<\/div>\n\t\t<\/div>\n\t\t\t\t<div class=\"elementor-column elementor-col-50 elementor-top-column elementor-element elementor-element-7edb833\" data-id=\"7edb833\" data-element_type=\"column\" data-e-type=\"column\">\n\t\t\t<div class=\"elementor-widget-wrap elementor-element-populated\">\n\t\t\t\t\t\t<div class=\"elementor-element elementor-element-3ee6758 elementor-widget elementor-widget-image\" data-id=\"3ee6758\" data-element_type=\"widget\" data-e-type=\"widget\" data-widget_type=\"image.default\">\n\t\t\t\t<div class=\"elementor-widget-container\">\n\t\t\t\t\t\t\t\t\t\t\t\t\t\t\t<img decoding=\"async\" width=\"559\" height=\"476\" src=\"https:\/\/onedesk.com\/wp-content\/uploads\/2022\/07\/Calendar-Daily.webp\" class=\"attachment-large size-large wp-image-235497\" alt=\"vista di\u00e1ria do calend\u00e1rio\" srcset=\"https:\/\/onedesk.com\/wp-content\/uploads\/2022\/07\/Calendar-Daily.webp 559w, https:\/\/onedesk.com\/wp-content\/uploads\/2022\/07\/Calendar-Daily-300x255.webp 300w\" sizes=\"(max-width: 559px) 100vw, 559px\" \/>\t\t\t\t\t\t\t\t\t\t\t\t\t\t\t<\/div>\n\t\t\t\t<\/div>\n\t\t\t\t\t<\/div>\n\t\t<\/div>\n\t\t\t\t\t<\/div>\n\t\t<\/section>\n\t\t\t\t<section class=\"elementor-section elementor-top-section elementor-element elementor-element-c7f2b48 elementor-section-boxed elementor-section-height-default elementor-section-height-default\" data-id=\"c7f2b48\" data-element_type=\"section\" data-e-type=\"section\">\n\t\t\t\t\t\t<div class=\"elementor-container elementor-column-gap-default\">\n\t\t\t\t\t<div class=\"elementor-column elementor-col-50 elementor-top-column elementor-element elementor-element-cb8501f\" data-id=\"cb8501f\" data-element_type=\"column\" data-e-type=\"column\">\n\t\t\t<div class=\"elementor-widget-wrap elementor-element-populated\">\n\t\t\t\t\t\t<div class=\"elementor-element elementor-element-9862b63 elementor-widget elementor-widget-image\" data-id=\"9862b63\" data-element_type=\"widget\" data-e-type=\"widget\" data-widget_type=\"image.default\">\n\t\t\t\t<div class=\"elementor-widget-container\">\n\t\t\t\t\t\t\t\t\t\t\t\t\t\t\t<img loading=\"lazy\" decoding=\"async\" width=\"557\" height=\"559\" src=\"https:\/\/onedesk.com\/wp-content\/uploads\/2022\/07\/Smart-Scheduling.webp\" class=\"attachment-large size-large wp-image-235397\" alt=\"ferramenta inteligente de agendamento de projetos\" srcset=\"https:\/\/onedesk.com\/wp-content\/uploads\/2022\/07\/Smart-Scheduling.webp 557w, https:\/\/onedesk.com\/wp-content\/uploads\/2022\/07\/Smart-Scheduling-300x300.webp 300w, https:\/\/onedesk.com\/wp-content\/uploads\/2022\/07\/Smart-Scheduling-150x150.webp 150w\" sizes=\"(max-width: 557px) 100vw, 557px\" \/>\t\t\t\t\t\t\t\t\t\t\t\t\t\t\t<\/div>\n\t\t\t\t<\/div>\n\t\t\t\t\t<\/div>\n\t\t<\/div>\n\t\t\t\t<div class=\"elementor-column elementor-col-50 elementor-top-column elementor-element elementor-element-0f8fa1d\" data-id=\"0f8fa1d\" data-element_type=\"column\" data-e-type=\"column\">\n\t\t\t<div class=\"elementor-widget-wrap elementor-element-populated\">\n\t\t\t\t\t\t<div class=\"elementor-element elementor-element-f43c8ae elementor-widget elementor-widget-heading\" data-id=\"f43c8ae\" data-element_type=\"widget\" data-e-type=\"widget\" data-widget_type=\"heading.default\">\n\t\t\t\t<div class=\"elementor-widget-container\">\n\t\t\t\t\t<h2 class=\"elementor-heading-title elementor-size-default\">Agendamento inteligente<\/h2>\t\t\t\t<\/div>\n\t\t\t\t<\/div>\n\t\t\t\t<div class=\"elementor-element elementor-element-ee803bf elementor-widget elementor-widget-text-editor\" data-id=\"ee803bf\" data-element_type=\"widget\" data-e-type=\"widget\" data-widget_type=\"text-editor.default\">\n\t\t\t\t<div class=\"elementor-widget-container\">\n\t\t\t\t\t\t\t\t\t<p>A ferramenta de agendamento inteligente est\u00e1 dispon\u00edvel na sua vista Gantt. Agendamento inteligente poupa tempo e esfor\u00e7o. Reagenda automaticamente tarefas nos seus projetos para minimizar a dura\u00e7\u00e3o do projeto, tendo em conta as depend\u00eancias de tarefas.  <\/p>\t\t\t\t\t\t\t\t<\/div>\n\t\t\t\t<\/div>\n\t\t\t\t\t<\/div>\n\t\t<\/div>\n\t\t\t\t\t<\/div>\n\t\t<\/section>\n\t\t\t\t<\/div>\n\t\t","protected":false},"excerpt":{"rendered":"<p>Agendamento Planeie, marque e acompanhe o progresso de todas as suas tarefas, bilhetes e projetos. Agendamento para o minuto Planeie e agende as suas tarefas e projetos para iniciar e terminar em determinados dias ou hor\u00e1rios, at\u00e9 ao minuto. Tamb\u00e9m pode estimar o esfor\u00e7o para as suas tarefas com tempo ou pontos \u00e1geis. Quando a [&hellip;]<\/p>\n","protected":false},"author":30,"featured_media":0,"parent":151682,"menu_order":0,"comment_status":"closed","ping_status":"closed","template":"","meta":{"tpgb_global_settings":"","_crdt_document":"","inline_featured_image":false,"site-sidebar-layout":"no-sidebar","site-content-layout":"page-builder","ast-site-content-layout":"default","site-content-style":"default","site-sidebar-style":"default","ast-global-header-display":"","ast-banner-title-visibility":"","ast-main-header-display":"","ast-hfb-above-header-display":"","ast-hfb-below-header-display":"","ast-hfb-mobile-header-display":"","site-post-title":"disabled","ast-breadcrumbs-content":"","ast-featured-img":"disabled","footer-sml-layout":"","ast-disable-related-posts":"","theme-transparent-header-meta":"","adv-header-id-meta":"","stick-header-meta":"","header-above-stick-meta":"","header-main-stick-meta":"","header-below-stick-meta":"","astra-migrate-meta-layouts":"default","ast-page-background-enabled":"default","ast-page-background-meta":{"desktop":{"background-color":"var(--ast-global-color-4)","background-image":"","background-repeat":"repeat","background-position":"center center","background-size":"auto","background-attachment":"scroll","background-type":"","background-media":"","overlay-type":"","overlay-color":"","overlay-opacity":"","overlay-gradient":""},"tablet":{"background-color":"","background-image":"","background-repeat":"repeat","background-position":"center center","background-size":"auto","background-attachment":"scroll","background-type":"","background-media":"","overlay-type":"","overlay-color":"","overlay-opacity":"","overlay-gradient":""},"mobile":{"background-color":"","background-image":"","background-repeat":"repeat","background-position":"center center","background-size":"auto","background-attachment":"scroll","background-type":"","background-media":"","overlay-type":"","overlay-color":"","overlay-opacity":"","overlay-gradient":""}},"ast-content-background-meta":{"desktop":{"background-color":"var(--ast-global-color-5)","background-image":"","background-repeat":"repeat","background-position":"center center","background-size":"auto","background-attachment":"scroll","background-type":"","background-media":"","overlay-type":"","overlay-color":"","overlay-opacity":"","overlay-gradient":""},"tablet":{"background-color":"var(--ast-global-color-5)","background-image":"","background-repeat":"repeat","background-position":"center center","background-size":"auto","background-attachment":"scroll","background-type":"","background-media":"","overlay-type":"","overlay-color":"","overlay-opacity":"","overlay-gradient":""},"mobile":{"background-color":"var(--ast-global-color-5)","background-image":"","background-repeat":"repeat","background-position":"center center","background-size":"auto","background-attachment":"scroll","background-type":"","background-media":"","overlay-type":"","overlay-color":"","overlay-opacity":"","overlay-gradient":""}},"footnotes":""},"class_list":["post-236250","page","type-page","status-publish","hentry"],"yoast_head":"<!-- This site is optimized with the Yoast SEO Premium plugin v27.6 (Yoast SEO v27.6) - https:\/\/yoast.com\/product\/yoast-seo-premium-wordpress\/ -->\n<title>| de agendamento Caracter\u00edsticas | OneDesk - Help Desk &amp; Project Management<\/title>\n<meta name=\"description\" content=\"O OneDesk \u00e9 helpdesk e gest\u00e3o de projetos numa aplica\u00e7\u00e3o. Planeie e agende as suas tarefas e projetos com funcionalidades de agendamento vers\u00e1teis.\" \/>\n<meta name=\"robots\" content=\"index, follow, max-snippet:-1, max-image-preview:large, max-video-preview:-1\" \/>\n<link rel=\"canonical\" href=\"https:\/\/onedesk.com\/pt-pt\/indice-de-caracteristicas\/agendamento\/\" \/>\n<meta property=\"og:locale\" content=\"pt_PT\" \/>\n<meta property=\"og:type\" content=\"article\" \/>\n<meta property=\"og:title\" content=\"| de agendamento Caracter\u00edsticas | OneDesk - Help Desk &amp; Project Management\" \/>\n<meta property=\"og:description\" content=\"O OneDesk \u00e9 helpdesk e gest\u00e3o de projetos numa aplica\u00e7\u00e3o. Planeie e agende as suas tarefas e projetos com funcionalidades de agendamento vers\u00e1teis.\" \/>\n<meta property=\"og:url\" content=\"https:\/\/onedesk.com\/pt-pt\/indice-de-caracteristicas\/agendamento\/\" \/>\n<meta property=\"og:site_name\" content=\"OneDesk\" \/>\n<meta property=\"article:publisher\" content=\"https:\/\/www.facebook.com\/OneDeskApp\" \/>\n<meta property=\"article:modified_time\" content=\"2022-07-07T21:49:33+00:00\" \/>\n<meta property=\"og:image\" content=\"https:\/\/onedesk.com\/wp-content\/uploads\/2022\/06\/Finer-Scheduling-2.jpg\" \/>\n<meta name=\"twitter:card\" content=\"summary_large_image\" \/>\n<meta name=\"twitter:site\" content=\"@OneDeskApp\" \/>\n<meta name=\"twitter:label1\" content=\"Est. reading time\" \/>\n\t<meta name=\"twitter:data1\" content=\"1 minute\" \/>\n<!-- \/ Yoast SEO Premium plugin. -->","yoast_head_json":{"title":"| de agendamento Caracter\u00edsticas | OneDesk - Help Desk & Project Management","description":"O OneDesk \u00e9 helpdesk e gest\u00e3o de projetos numa aplica\u00e7\u00e3o. Planeie e agende as suas tarefas e projetos com funcionalidades de agendamento vers\u00e1teis.","robots":{"index":"index","follow":"follow","max-snippet":"max-snippet:-1","max-image-preview":"max-image-preview:large","max-video-preview":"max-video-preview:-1"},"canonical":"https:\/\/onedesk.com\/pt-pt\/indice-de-caracteristicas\/agendamento\/","og_locale":"pt_PT","og_type":"article","og_title":"| de agendamento Caracter\u00edsticas | OneDesk - Help Desk & Project Management","og_description":"O OneDesk \u00e9 helpdesk e gest\u00e3o de projetos numa aplica\u00e7\u00e3o. Planeie e agende as suas tarefas e projetos com funcionalidades de agendamento vers\u00e1teis.","og_url":"https:\/\/onedesk.com\/pt-pt\/indice-de-caracteristicas\/agendamento\/","og_site_name":"OneDesk","article_publisher":"https:\/\/www.facebook.com\/OneDeskApp","article_modified_time":"2022-07-07T21:49:33+00:00","og_image":[{"url":"https:\/\/onedesk.com\/wp-content\/uploads\/2022\/06\/Finer-Scheduling-2.jpg","type":"","width":"","height":""}],"twitter_card":"summary_large_image","twitter_site":"@OneDeskApp","twitter_misc":{"Est. reading time":"1 minute"},"schema":{"@context":"https:\/\/schema.org","@graph":[{"@type":"WebPage","@id":"https:\/\/onedesk.com\/pt-pt\/indice-de-caracteristicas\/agendamento\/","url":"https:\/\/onedesk.com\/pt-pt\/indice-de-caracteristicas\/agendamento\/","name":"| de agendamento Caracter\u00edsticas | OneDesk - Help Desk & Project Management","isPartOf":{"@id":"https:\/\/onedesk.com\/pt-pt\/#website"},"primaryImageOfPage":{"@id":"https:\/\/onedesk.com\/pt-pt\/indice-de-caracteristicas\/agendamento\/#primaryimage"},"image":{"@id":"https:\/\/onedesk.com\/pt-pt\/indice-de-caracteristicas\/agendamento\/#primaryimage"},"thumbnailUrl":"https:\/\/onedesk.com\/wp-content\/uploads\/2022\/06\/Finer-Scheduling-2.jpg","datePublished":"2022-07-07T21:49:32+00:00","dateModified":"2022-07-07T21:49:33+00:00","description":"O OneDesk \u00e9 helpdesk e gest\u00e3o de projetos numa aplica\u00e7\u00e3o. Planeie e agende as suas tarefas e projetos com funcionalidades de agendamento vers\u00e1teis.","breadcrumb":{"@id":"https:\/\/onedesk.com\/pt-pt\/indice-de-caracteristicas\/agendamento\/#breadcrumb"},"inLanguage":"pt-PT","potentialAction":[{"@type":"ReadAction","target":["https:\/\/onedesk.com\/pt-pt\/indice-de-caracteristicas\/agendamento\/"]}]},{"@type":"ImageObject","inLanguage":"pt-PT","@id":"https:\/\/onedesk.com\/pt-pt\/indice-de-caracteristicas\/agendamento\/#primaryimage","url":"https:\/\/onedesk.com\/wp-content\/uploads\/2022\/06\/Finer-Scheduling-2.jpg","contentUrl":"https:\/\/onedesk.com\/wp-content\/uploads\/2022\/06\/Finer-Scheduling-2.jpg"},{"@type":"BreadcrumbList","@id":"https:\/\/onedesk.com\/pt-pt\/indice-de-caracteristicas\/agendamento\/#breadcrumb","itemListElement":[{"@type":"ListItem","position":1,"name":"\u00cdndice de Caracter\u00edsticas OneDesk","item":"https:\/\/onedesk.com\/pt-pt\/indice-de-caracteristicas\/"},{"@type":"ListItem","position":2,"name":"Agendamento"}]},{"@type":"WebSite","@id":"https:\/\/onedesk.com\/pt-pt\/#website","url":"https:\/\/onedesk.com\/pt-pt\/","name":"OneDesk","description":"Software de Gest\u00e3o de Projetos e Helpdesk","publisher":{"@id":"https:\/\/onedesk.com\/pt-pt\/#organization"},"potentialAction":[{"@type":"SearchAction","target":{"@type":"EntryPoint","urlTemplate":"https:\/\/onedesk.com\/pt-pt\/?s={search_term_string}"},"query-input":{"@type":"PropertyValueSpecification","valueRequired":true,"valueName":"search_term_string"}}],"inLanguage":"pt-PT"},{"@type":"Organization","@id":"https:\/\/onedesk.com\/pt-pt\/#organization","name":"OneDesk","url":"https:\/\/onedesk.com\/pt-pt\/","logo":{"@type":"ImageObject","inLanguage":"pt-PT","@id":"https:\/\/onedesk.com\/pt-pt\/#\/schema\/logo\/image\/","url":"https:\/\/onedesk.com\/wp-content\/uploads\/2016\/01\/white-logo-small.png","contentUrl":"https:\/\/onedesk.com\/wp-content\/uploads\/2016\/01\/white-logo-small.png","width":207,"height":40,"caption":"OneDesk"},"image":{"@id":"https:\/\/onedesk.com\/pt-pt\/#\/schema\/logo\/image\/"},"sameAs":["https:\/\/www.facebook.com\/OneDeskApp","https:\/\/x.com\/OneDeskApp","https:\/\/www.instagram.com\/onedeskapp\/","https:\/\/www.linkedin.com\/company\/onedesk-inc-1","https:\/\/www.pinterest.com\/onedesk\/","https:\/\/www.youtube.com\/user\/OneDeskApp"]}]}},"tpgb_featured_images":null,"tpgb_post_meta_info":{"get_date":"July 7, 2022","get_modified_date":"July 7, 2022","author_name":"Erin Richardson","author_url":"https:\/\/onedesk.com\/pt-pt\/author\/erin-richardsononedesk-com\/","author_email":"erin.richardson@onedesk.com","author_website":"","author_description":"","author_facebook":"","author_twitter":"","author_instagram":"","author_role":["administrator"],"author_firstname":"Erin","author_lastname":"Richardson","user_login":"erin.richardson@onedesk.com","author_avatar":"<img alt='' src='https:\/\/secure.gravatar.com\/avatar\/5b43ac2756efc1d5aa46746163fa71ceee43f42a78652ebc70940d512d77cba0?s=200&#038;d=mm&#038;r=g' srcset='https:\/\/secure.gravatar.com\/avatar\/5b43ac2756efc1d5aa46746163fa71ceee43f42a78652ebc70940d512d77cba0?s=400&#038;d=mm&#038;r=g 2x' class='avatar avatar-200 photo' height='200' width='200' decoding='async'\/>","author_avatar_url":"https:\/\/secure.gravatar.com\/avatar\/5b43ac2756efc1d5aa46746163fa71ceee43f42a78652ebc70940d512d77cba0?s=96&d=mm&r=g","comment_count":0,"post_likes":0,"post_views":0},"tpgb_post_category":[],"jetpack_shortlink":"https:\/\/wp.me\/PfpPaI-Zsu","amp_enabled":true,"_links":{"self":[{"href":"https:\/\/onedesk.com\/pt-pt\/wp-json\/wp\/v2\/pages\/236250","targetHints":{"allow":["GET"]}}],"collection":[{"href":"https:\/\/onedesk.com\/pt-pt\/wp-json\/wp\/v2\/pages"}],"about":[{"href":"https:\/\/onedesk.com\/pt-pt\/wp-json\/wp\/v2\/types\/page"}],"author":[{"embeddable":true,"href":"https:\/\/onedesk.com\/pt-pt\/wp-json\/wp\/v2\/users\/30"}],"replies":[{"embeddable":true,"href":"https:\/\/onedesk.com\/pt-pt\/wp-json\/wp\/v2\/comments?post=236250"}],"version-history":[{"count":1,"href":"https:\/\/onedesk.com\/pt-pt\/wp-json\/wp\/v2\/pages\/236250\/revisions"}],"predecessor-version":[{"id":236251,"href":"https:\/\/onedesk.com\/pt-pt\/wp-json\/wp\/v2\/pages\/236250\/revisions\/236251"}],"up":[{"embeddable":true,"href":"https:\/\/onedesk.com\/pt-pt\/wp-json\/wp\/v2\/pages\/151682"}],"wp:attachment":[{"href":"https:\/\/onedesk.com\/pt-pt\/wp-json\/wp\/v2\/media?parent=236250"}],"curies":[{"name":"wp","href":"https:\/\/api.w.org\/{rel}","templated":true}]}}