{"id":256935,"date":"2023-09-27T15:54:26","date_gmt":"2023-09-27T15:54:26","guid":{"rendered":"https:\/\/onedesk.com\/indice-de-caracteristicas\/visualizacao-da-carga-de-trabalho\/"},"modified":"2023-09-27T15:54:41","modified_gmt":"2023-09-27T15:54:41","slug":"visualizacao-da-carga-de-trabalho","status":"publish","type":"page","link":"https:\/\/onedesk.com\/pt-pt\/indice-de-caracteristicas\/visualizacao-da-carga-de-trabalho\/","title":{"rendered":"Visualiza\u00e7\u00e3o da carga de trabalho"},"content":{"rendered":"\t\t<div data-elementor-type=\"wp-page\" data-elementor-id=\"256935\" class=\"elementor elementor-256935 elementor-241001\" data-elementor-post-type=\"page\">\n\t\t\t\t\t\t<section class=\"elementor-section elementor-top-section elementor-element elementor-element-e14e9ec elementor-section-boxed elementor-section-height-default elementor-section-height-default\" data-id=\"e14e9ec\" data-element_type=\"section\" data-e-type=\"section\">\n\t\t\t\t\t\t<div class=\"elementor-container elementor-column-gap-default\">\n\t\t\t\t\t<div class=\"elementor-column elementor-col-100 elementor-top-column elementor-element elementor-element-308c918\" data-id=\"308c918\" data-element_type=\"column\" data-e-type=\"column\">\n\t\t\t<div class=\"elementor-widget-wrap elementor-element-populated\">\n\t\t\t\t\t\t<div class=\"elementor-element elementor-element-f0c5d3e elementor-widget elementor-widget-heading\" data-id=\"f0c5d3e\" data-element_type=\"widget\" data-e-type=\"widget\" data-widget_type=\"heading.default\">\n\t\t\t\t<div class=\"elementor-widget-container\">\n\t\t\t\t\t<h1 class=\"elementor-heading-title elementor-size-default\">Visualiza\u00e7\u00e3o da carga de trabalho<\/h1>\t\t\t\t<\/div>\n\t\t\t\t<\/div>\n\t\t\t\t<div class=\"elementor-element elementor-element-fc2b93f elementor-widget elementor-widget-text-editor\" data-id=\"fc2b93f\" data-element_type=\"widget\" data-e-type=\"widget\" data-widget_type=\"text-editor.default\">\n\t\t\t\t<div class=\"elementor-widget-container\">\n\t\t\t\t\t\t\t\t\t<p>As exibi\u00e7\u00f5es de carga de trabalho no OneDesk permitem que voc\u00ea agende e atribua tarefas de forma inteligente.&nbsp;<\/p>\n\t\t\t\t\t\t\t\t<\/div>\n\t\t\t\t<\/div>\n\t\t\t\t\t<\/div>\n\t\t<\/div>\n\t\t\t\t\t<\/div>\n\t\t<\/section>\n\t\t\t\t<section class=\"elementor-section elementor-top-section elementor-element elementor-element-7fe4800 elementor-section-boxed elementor-section-height-default elementor-section-height-default\" data-id=\"7fe4800\" data-element_type=\"section\" data-e-type=\"section\">\n\t\t\t\t\t\t<div class=\"elementor-container elementor-column-gap-default\">\n\t\t\t\t\t<div class=\"elementor-column elementor-col-50 elementor-top-column elementor-element elementor-element-9a5df75\" data-id=\"9a5df75\" data-element_type=\"column\" data-e-type=\"column\">\n\t\t\t<div class=\"elementor-widget-wrap elementor-element-populated\">\n\t\t\t\t\t\t<div class=\"elementor-element elementor-element-e330afb elementor-widget elementor-widget-heading\" data-id=\"e330afb\" data-element_type=\"widget\" data-e-type=\"widget\" data-widget_type=\"heading.default\">\n\t\t\t\t<div class=\"elementor-widget-container\">\n\t\t\t\t\t<h2 class=\"elementor-heading-title elementor-size-default\">A visualiza\u00e7\u00e3o da carga de trabalho<\/h2>\t\t\t\t<\/div>\n\t\t\t\t<\/div>\n\t\t\t\t<div class=\"elementor-element elementor-element-24e8c69 elementor-widget elementor-widget-text-editor\" data-id=\"24e8c69\" data-element_type=\"widget\" data-e-type=\"widget\" data-widget_type=\"text-editor.default\">\n\t\t\t\t<div class=\"elementor-widget-container\">\n\t\t\t\t\t\t\t\t\t<p>A visualiza\u00e7\u00e3o da carga de trabalho \u00e9 um layout usado para visualizar e entender a <a href=\"https:\/\/onedesk.com\/pt-pt\/utilizacao-carga-de-trabalho\/\">carga de trabalho<\/a> da sua equipe. Visualize o trabalho total mensalmente, semanalmente ou diariamente. Filtre a vista para um intervalo de datas espec\u00edfico, pelo estado de uma tarefa, um <a href=\"https:\/\/onedesk.com\/pt-pt\/indice-de-caracteristicas\/tipos-configuraveis\/\">tipo de tarefa<\/a> e muito mais.<\/p>\n\t\t\t\t\t\t\t\t<\/div>\n\t\t\t\t<\/div>\n\t\t\t\t\t<\/div>\n\t\t<\/div>\n\t\t\t\t<div class=\"elementor-column elementor-col-50 elementor-top-column elementor-element elementor-element-b47a8a8\" data-id=\"b47a8a8\" data-element_type=\"column\" data-e-type=\"column\">\n\t\t\t<div class=\"elementor-widget-wrap elementor-element-populated\">\n\t\t\t\t\t\t<div class=\"elementor-element elementor-element-3e32575 elementor-widget elementor-widget-image\" data-id=\"3e32575\" data-element_type=\"widget\" data-e-type=\"widget\" data-widget_type=\"image.default\">\n\t\t\t\t<div class=\"elementor-widget-container\">\n\t\t\t\t\t\t\t\t\t\t\t\t\t\t\t<img fetchpriority=\"high\" decoding=\"async\" width=\"1024\" height=\"314\" src=\"https:\/\/onedesk.com\/wp-content\/uploads\/2022\/09\/Workload-MGMT-1024x314.png\" class=\"attachment-large size-large wp-image-240967\" alt=\"resource planning view\" srcset=\"https:\/\/onedesk.com\/wp-content\/uploads\/2022\/09\/Workload-MGMT-1024x314.png 1024w, https:\/\/onedesk.com\/wp-content\/uploads\/2022\/09\/Workload-MGMT-300x92.png 300w, https:\/\/onedesk.com\/wp-content\/uploads\/2022\/09\/Workload-MGMT-768x236.png 768w, https:\/\/onedesk.com\/wp-content\/uploads\/2022\/09\/Workload-MGMT.png 1173w\" sizes=\"(max-width: 1024px) 100vw, 1024px\" \/>\t\t\t\t\t\t\t\t\t\t\t\t\t\t\t<\/div>\n\t\t\t\t<\/div>\n\t\t\t\t\t<\/div>\n\t\t<\/div>\n\t\t\t\t\t<\/div>\n\t\t<\/section>\n\t\t\t\t<section class=\"elementor-section elementor-top-section elementor-element elementor-element-471af2d elementor-section-boxed elementor-section-height-default elementor-section-height-default\" data-id=\"471af2d\" data-element_type=\"section\" data-e-type=\"section\">\n\t\t\t\t\t\t<div class=\"elementor-container elementor-column-gap-default\">\n\t\t\t\t\t<div class=\"elementor-column elementor-col-50 elementor-top-column elementor-element elementor-element-6c06df6\" data-id=\"6c06df6\" data-element_type=\"column\" data-e-type=\"column\">\n\t\t\t<div class=\"elementor-widget-wrap elementor-element-populated\">\n\t\t\t\t\t\t<div class=\"elementor-element elementor-element-8f92c88 elementor-widget elementor-widget-image\" data-id=\"8f92c88\" data-element_type=\"widget\" data-e-type=\"widget\" data-widget_type=\"image.default\">\n\t\t\t\t<div class=\"elementor-widget-container\">\n\t\t\t\t\t\t\t\t\t\t\t\t\t\t\t<img decoding=\"async\" width=\"800\" height=\"393\" src=\"https:\/\/onedesk.com\/wp-content\/uploads\/2022\/09\/Resource-Planning-Assignees.png\" class=\"attachment-large size-large wp-image-240993\" alt=\"assignee resource planning\" srcset=\"https:\/\/onedesk.com\/wp-content\/uploads\/2022\/09\/Resource-Planning-Assignees.png 800w, https:\/\/onedesk.com\/wp-content\/uploads\/2022\/09\/Resource-Planning-Assignees-300x147.png 300w, https:\/\/onedesk.com\/wp-content\/uploads\/2022\/09\/Resource-Planning-Assignees-768x377.png 768w\" sizes=\"(max-width: 800px) 100vw, 800px\" \/>\t\t\t\t\t\t\t\t\t\t\t\t\t\t\t<\/div>\n\t\t\t\t<\/div>\n\t\t\t\t\t<\/div>\n\t\t<\/div>\n\t\t\t\t<div class=\"elementor-column elementor-col-50 elementor-top-column elementor-element elementor-element-e8666cc\" data-id=\"e8666cc\" data-element_type=\"column\" data-e-type=\"column\">\n\t\t\t<div class=\"elementor-widget-wrap elementor-element-populated\">\n\t\t\t\t\t\t<div class=\"elementor-element elementor-element-3288cce elementor-widget elementor-widget-heading\" data-id=\"3288cce\" data-element_type=\"widget\" data-e-type=\"widget\" data-widget_type=\"heading.default\">\n\t\t\t\t<div class=\"elementor-widget-container\">\n\t\t\t\t\t<h2 class=\"elementor-heading-title elementor-size-default\">Atribua tarefas \u00e0s pessoas certas<\/h2>\t\t\t\t<\/div>\n\t\t\t\t<\/div>\n\t\t\t\t<div class=\"elementor-element elementor-element-3748626 elementor-widget elementor-widget-text-editor\" data-id=\"3748626\" data-element_type=\"widget\" data-e-type=\"widget\" data-widget_type=\"text-editor.default\">\n\t\t\t\t<div class=\"elementor-widget-container\">\n\t\t\t\t\t\t\t\t\t<p>Ao atribuir uma tarefa, voc\u00ea pode ver a <a href=\"https:\/\/onedesk.com\/user-availability\/\">disponibilidade<\/a> de cada membro da equipe primeiro. Esse recurso permite que voc\u00ea atribua a pessoa mais apropriada para a tarefa. Na mesma janela, voc\u00ea tamb\u00e9m pode agendar ou reagendar a tarefa.<\/p>\n\t\t\t\t\t\t\t\t<\/div>\n\t\t\t\t<\/div>\n\t\t\t\t\t<\/div>\n\t\t<\/div>\n\t\t\t\t\t<\/div>\n\t\t<\/section>\n\t\t\t\t<section class=\"elementor-section elementor-top-section elementor-element elementor-element-de13d9f elementor-section-boxed elementor-section-height-default elementor-section-height-default\" data-id=\"de13d9f\" data-element_type=\"section\" data-e-type=\"section\">\n\t\t\t\t\t\t<div class=\"elementor-container elementor-column-gap-default\">\n\t\t\t\t\t<div class=\"elementor-column elementor-col-100 elementor-top-column elementor-element elementor-element-6db40d5\" data-id=\"6db40d5\" data-element_type=\"column\" data-e-type=\"column\">\n\t\t\t<div class=\"elementor-widget-wrap elementor-element-populated\">\n\t\t\t\t\t\t<div class=\"elementor-element elementor-element-acf716b elementor-widget elementor-widget-heading\" data-id=\"acf716b\" data-element_type=\"widget\" data-e-type=\"widget\" data-widget_type=\"heading.default\">\n\t\t\t\t<div class=\"elementor-widget-container\">\n\t\t\t\t\t<h2 class=\"elementor-heading-title elementor-size-default\">Recursos de aprendizagem<\/h2>\t\t\t\t<\/div>\n\t\t\t\t<\/div>\n\t\t\t\t\t<\/div>\n\t\t<\/div>\n\t\t\t\t\t<\/div>\n\t\t<\/section>\n\t\t\t\t<section class=\"elementor-section elementor-top-section elementor-element elementor-element-e90f45c elementor-section-boxed elementor-section-height-default elementor-section-height-default\" data-id=\"e90f45c\" data-element_type=\"section\" data-e-type=\"section\">\n\t\t\t\t\t\t<div class=\"elementor-container elementor-column-gap-default\">\n\t\t\t\t\t<div class=\"elementor-column elementor-col-33 elementor-top-column elementor-element elementor-element-f042190\" data-id=\"f042190\" data-element_type=\"column\" data-e-type=\"column\" data-settings=\"{&quot;background_background&quot;:&quot;classic&quot;}\">\n\t\t\t<div class=\"elementor-widget-wrap elementor-element-populated\">\n\t\t\t\t\t\t<div class=\"elementor-element elementor-element-714636b elementor-widget elementor-widget-heading\" data-id=\"714636b\" data-element_type=\"widget\" data-e-type=\"widget\" data-widget_type=\"heading.default\">\n\t\t\t\t<div class=\"elementor-widget-container\">\n\t\t\t\t\t<h3 class=\"elementor-heading-title elementor-size-default\"><a href=\"https:\/\/kb.onedesk.com\/app-od\/o-onedesk\/knowledge-base-1\/article-9551c3f0-d6f5-43f2-b625-23d44e57647a\">Usando o modo de exibi\u00e7\u00e3o de carga de trabalho<\/a><\/h3>\t\t\t\t<\/div>\n\t\t\t\t<\/div>\n\t\t\t\t<div class=\"elementor-element elementor-element-524daa3 elementor-widget elementor-widget-text-editor\" data-id=\"524daa3\" data-element_type=\"widget\" data-e-type=\"widget\" data-widget_type=\"text-editor.default\">\n\t\t\t\t<div class=\"elementor-widget-container\">\n\t\t\t\t\t\t\t\t\t<p>Monitore a carga de trabalho e a disponibilidade do usu\u00e1rio a partir da exibi\u00e7\u00e3o da carga de trabalho.&nbsp;<\/p>\n<p><a href=\"https:\/\/kb.onedesk.com\/app-od\/o-onedesk\/knowledge-base-1\/article-9551c3f0-d6f5-43f2-b625-23d44e57647a\"><strong>Saiba mais&gt;&gt;<\/strong><\/a><\/p>\t\t\t\t\t\t\t\t<\/div>\n\t\t\t\t<\/div>\n\t\t\t\t\t<\/div>\n\t\t<\/div>\n\t\t\t\t<div class=\"elementor-column elementor-col-33 elementor-top-column elementor-element elementor-element-2f46cbc\" data-id=\"2f46cbc\" data-element_type=\"column\" data-e-type=\"column\" data-settings=\"{&quot;background_background&quot;:&quot;classic&quot;}\">\n\t\t\t<div class=\"elementor-widget-wrap elementor-element-populated\">\n\t\t\t\t\t\t<div class=\"elementor-element elementor-element-0cee95e elementor-widget elementor-widget-heading\" data-id=\"0cee95e\" data-element_type=\"widget\" data-e-type=\"widget\" data-widget_type=\"heading.default\">\n\t\t\t\t<div class=\"elementor-widget-container\">\n\t\t\t\t\t<h3 class=\"elementor-heading-title elementor-size-default\"><a href=\"https:\/\/kb.onedesk.com\/app-od\/o-onedesk\/knowledge-base-1\/article-b485316c-08ab-4b5a-a8bf-bf7cb19b9c49\">Gest\u00e3o de recursos <\/a><\/h3>\t\t\t\t<\/div>\n\t\t\t\t<\/div>\n\t\t\t\t<div class=\"elementor-element elementor-element-baa65e6 elementor-widget elementor-widget-text-editor\" data-id=\"baa65e6\" data-element_type=\"widget\" data-e-type=\"widget\" data-widget_type=\"text-editor.default\">\n\t\t\t\t<div class=\"elementor-widget-container\">\n\t\t\t\t\t\t\t\t\t<p>Atribua tarefas \u00e0s pessoas certas no momento certo para maximizar seus recursos.<\/p>\n<p><strong><a href=\"https:\/\/kb.onedesk.com\/app-od\/o-onedesk\/knowledge-base-1\/article-b485316c-08ab-4b5a-a8bf-bf7cb19b9c49\">Saiba mais&gt;&gt;<\/a><\/strong><\/p>\n\t\t\t\t\t\t\t\t<\/div>\n\t\t\t\t<\/div>\n\t\t\t\t\t<\/div>\n\t\t<\/div>\n\t\t\t\t<div class=\"elementor-column elementor-col-33 elementor-top-column elementor-element elementor-element-dfb67fe\" data-id=\"dfb67fe\" data-element_type=\"column\" data-e-type=\"column\" data-settings=\"{&quot;background_background&quot;:&quot;classic&quot;}\">\n\t\t\t<div class=\"elementor-widget-wrap elementor-element-populated\">\n\t\t\t\t\t\t<div class=\"elementor-element elementor-element-5cfd021 elementor-widget elementor-widget-heading\" data-id=\"5cfd021\" data-element_type=\"widget\" data-e-type=\"widget\" data-widget_type=\"heading.default\">\n\t\t\t\t<div class=\"elementor-widget-container\">\n\t\t\t\t\t<h3 class=\"elementor-heading-title elementor-size-default\"><a href=\"https:\/\/kb.onedesk.com\/app-od\/o-onedesk\/knowledge-base-1\/article-aa7af1dc-9145-460d-830d-ab9717bc31c9\">Definindo a disponibilidade do usu\u00e1rio  <\/a><\/h3>\t\t\t\t<\/div>\n\t\t\t\t<\/div>\n\t\t\t\t<div class=\"elementor-element elementor-element-7558186 elementor-widget elementor-widget-text-editor\" data-id=\"7558186\" data-element_type=\"widget\" data-e-type=\"widget\" data-widget_type=\"text-editor.default\">\n\t\t\t\t<div class=\"elementor-widget-container\">\n\t\t\t\t\t\t\t\t\t<p>Defina as horas e os dias de trabalho da sua equipa, bem como as f\u00e9rias, para determinar a disponibilidade.  <\/p>\n<p><a href=\"https:\/\/kb.onedesk.com\/app-od\/o-onedesk\/knowledge-base-1\/article-aa7af1dc-9145-460d-830d-ab9717bc31c9\"><strong>Saiba mais&gt;&gt;<\/strong><\/a><\/p>\n\t\t\t\t\t\t\t\t<\/div>\n\t\t\t\t<\/div>\n\t\t\t\t\t<\/div>\n\t\t<\/div>\n\t\t\t\t\t<\/div>\n\t\t<\/section>\n\t\t\t\t<\/div>\n\t\t","protected":false},"excerpt":{"rendered":"<p>Visualiza\u00e7\u00e3o da carga de trabalho As exibi\u00e7\u00f5es de carga de trabalho no OneDesk permitem que voc\u00ea agende e atribua tarefas de forma inteligente.&nbsp; A visualiza\u00e7\u00e3o da carga de trabalho A visualiza\u00e7\u00e3o da carga de trabalho \u00e9 um layout usado para visualizar e entender a carga de trabalho da sua equipe. Visualize o trabalho total mensalmente, [&hellip;]<\/p>\n","protected":false},"author":30,"featured_media":0,"parent":151682,"menu_order":0,"comment_status":"closed","ping_status":"closed","template":"","meta":{"tpgb_global_settings":"","_crdt_document":"","inline_featured_image":false,"site-sidebar-layout":"no-sidebar","site-content-layout":"page-builder","ast-site-content-layout":"default","site-content-style":"default","site-sidebar-style":"default","ast-global-header-display":"","ast-banner-title-visibility":"","ast-main-header-display":"","ast-hfb-above-header-display":"","ast-hfb-below-header-display":"","ast-hfb-mobile-header-display":"","site-post-title":"disabled","ast-breadcrumbs-content":"","ast-featured-img":"disabled","footer-sml-layout":"","ast-disable-related-posts":"","theme-transparent-header-meta":"","adv-header-id-meta":"","stick-header-meta":"","header-above-stick-meta":"","header-main-stick-meta":"","header-below-stick-meta":"","astra-migrate-meta-layouts":"default","ast-page-background-enabled":"default","ast-page-background-meta":{"desktop":{"background-color":"var(--ast-global-color-4)","background-image":"","background-repeat":"repeat","background-position":"center center","background-size":"auto","background-attachment":"scroll","background-type":"","background-media":"","overlay-type":"","overlay-color":"","overlay-opacity":"","overlay-gradient":""},"tablet":{"background-color":"","background-image":"","background-repeat":"repeat","background-position":"center center","background-size":"auto","background-attachment":"scroll","background-type":"","background-media":"","overlay-type":"","overlay-color":"","overlay-opacity":"","overlay-gradient":""},"mobile":{"background-color":"","background-image":"","background-repeat":"repeat","background-position":"center center","background-size":"auto","background-attachment":"scroll","background-type":"","background-media":"","overlay-type":"","overlay-color":"","overlay-opacity":"","overlay-gradient":""}},"ast-content-background-meta":{"desktop":{"background-color":"var(--ast-global-color-5)","background-image":"","background-repeat":"repeat","background-position":"center center","background-size":"auto","background-attachment":"scroll","background-type":"","background-media":"","overlay-type":"","overlay-color":"","overlay-opacity":"","overlay-gradient":""},"tablet":{"background-color":"var(--ast-global-color-5)","background-image":"","background-repeat":"repeat","background-position":"center center","background-size":"auto","background-attachment":"scroll","background-type":"","background-media":"","overlay-type":"","overlay-color":"","overlay-opacity":"","overlay-gradient":""},"mobile":{"background-color":"var(--ast-global-color-5)","background-image":"","background-repeat":"repeat","background-position":"center center","background-size":"auto","background-attachment":"scroll","background-type":"","background-media":"","overlay-type":"","overlay-color":"","overlay-opacity":"","overlay-gradient":""}},"footnotes":""},"class_list":["post-256935","page","type-page","status-publish","hentry"],"yoast_head":"<!-- This site is optimized with the Yoast SEO Premium plugin v27.3 (Yoast SEO v27.3) - https:\/\/yoast.com\/product\/yoast-seo-premium-wordpress\/ -->\n<title>Visualiza\u00e7\u00e3o da carga de trabalho | Carater\u00edsticas | OneDesk<\/title>\n<meta name=\"description\" content=\"Use o modo de exibi\u00e7\u00e3o de carga de trabalho no OneDesk para visualizar e entender a disponibilidade e a carga de trabalho geral das pessoas em sua organiza\u00e7\u00e3o.\" \/>\n<meta name=\"robots\" content=\"index, follow, max-snippet:-1, max-image-preview:large, max-video-preview:-1\" \/>\n<link rel=\"canonical\" href=\"https:\/\/onedesk.com\/pt-pt\/indice-de-caracteristicas\/visualizacao-da-carga-de-trabalho\/\" \/>\n<meta property=\"og:locale\" content=\"pt_PT\" \/>\n<meta property=\"og:type\" content=\"article\" \/>\n<meta property=\"og:title\" content=\"Visualiza\u00e7\u00e3o da carga de trabalho | Carater\u00edsticas | OneDesk\" \/>\n<meta property=\"og:description\" content=\"Use o modo de exibi\u00e7\u00e3o de carga de trabalho no OneDesk para visualizar e entender a disponibilidade e a carga de trabalho geral das pessoas em sua organiza\u00e7\u00e3o.\" \/>\n<meta property=\"og:url\" content=\"https:\/\/onedesk.com\/pt-pt\/indice-de-caracteristicas\/visualizacao-da-carga-de-trabalho\/\" \/>\n<meta property=\"og:site_name\" content=\"OneDesk\" \/>\n<meta property=\"article:publisher\" content=\"https:\/\/www.facebook.com\/OneDeskApp\" \/>\n<meta property=\"article:modified_time\" content=\"2023-09-27T15:54:41+00:00\" \/>\n<meta property=\"og:image\" content=\"https:\/\/onedesk.com\/wp-content\/uploads\/2022\/09\/Workload-MGMT-1024x314.png\" \/>\n<meta name=\"twitter:card\" content=\"summary_large_image\" \/>\n<meta name=\"twitter:site\" content=\"@OneDeskApp\" \/>\n<meta name=\"twitter:label1\" content=\"Est. reading time\" \/>\n\t<meta name=\"twitter:data1\" content=\"1 minute\" \/>\n<!-- \/ Yoast SEO Premium plugin. -->","yoast_head_json":{"title":"Visualiza\u00e7\u00e3o da carga de trabalho | Carater\u00edsticas | OneDesk","description":"Use o modo de exibi\u00e7\u00e3o de carga de trabalho no OneDesk para visualizar e entender a disponibilidade e a carga de trabalho geral das pessoas em sua organiza\u00e7\u00e3o.","robots":{"index":"index","follow":"follow","max-snippet":"max-snippet:-1","max-image-preview":"max-image-preview:large","max-video-preview":"max-video-preview:-1"},"canonical":"https:\/\/onedesk.com\/pt-pt\/indice-de-caracteristicas\/visualizacao-da-carga-de-trabalho\/","og_locale":"pt_PT","og_type":"article","og_title":"Visualiza\u00e7\u00e3o da carga de trabalho | Carater\u00edsticas | OneDesk","og_description":"Use o modo de exibi\u00e7\u00e3o de carga de trabalho no OneDesk para visualizar e entender a disponibilidade e a carga de trabalho geral das pessoas em sua organiza\u00e7\u00e3o.","og_url":"https:\/\/onedesk.com\/pt-pt\/indice-de-caracteristicas\/visualizacao-da-carga-de-trabalho\/","og_site_name":"OneDesk","article_publisher":"https:\/\/www.facebook.com\/OneDeskApp","article_modified_time":"2023-09-27T15:54:41+00:00","og_image":[{"url":"https:\/\/onedesk.com\/wp-content\/uploads\/2022\/09\/Workload-MGMT-1024x314.png","type":"","width":"","height":""}],"twitter_card":"summary_large_image","twitter_site":"@OneDeskApp","twitter_misc":{"Est. reading time":"1 minute"},"schema":{"@context":"https:\/\/schema.org","@graph":[{"@type":"WebPage","@id":"https:\/\/onedesk.com\/pt-pt\/indice-de-caracteristicas\/visualizacao-da-carga-de-trabalho\/","url":"https:\/\/onedesk.com\/pt-pt\/indice-de-caracteristicas\/visualizacao-da-carga-de-trabalho\/","name":"Visualiza\u00e7\u00e3o da carga de trabalho | Carater\u00edsticas | OneDesk","isPartOf":{"@id":"https:\/\/onedesk.com\/pt-pt\/#website"},"primaryImageOfPage":{"@id":"https:\/\/onedesk.com\/pt-pt\/indice-de-caracteristicas\/visualizacao-da-carga-de-trabalho\/#primaryimage"},"image":{"@id":"https:\/\/onedesk.com\/pt-pt\/indice-de-caracteristicas\/visualizacao-da-carga-de-trabalho\/#primaryimage"},"thumbnailUrl":"https:\/\/onedesk.com\/wp-content\/uploads\/2022\/09\/Workload-MGMT-1024x314.png","datePublished":"2023-09-27T15:54:26+00:00","dateModified":"2023-09-27T15:54:41+00:00","description":"Use o modo de exibi\u00e7\u00e3o de carga de trabalho no OneDesk para visualizar e entender a disponibilidade e a carga de trabalho geral das pessoas em sua organiza\u00e7\u00e3o.","breadcrumb":{"@id":"https:\/\/onedesk.com\/pt-pt\/indice-de-caracteristicas\/visualizacao-da-carga-de-trabalho\/#breadcrumb"},"inLanguage":"pt-PT","potentialAction":[{"@type":"ReadAction","target":["https:\/\/onedesk.com\/pt-pt\/indice-de-caracteristicas\/visualizacao-da-carga-de-trabalho\/"]}]},{"@type":"ImageObject","inLanguage":"pt-PT","@id":"https:\/\/onedesk.com\/pt-pt\/indice-de-caracteristicas\/visualizacao-da-carga-de-trabalho\/#primaryimage","url":"https:\/\/onedesk.com\/wp-content\/uploads\/2022\/09\/Workload-MGMT-1024x314.png","contentUrl":"https:\/\/onedesk.com\/wp-content\/uploads\/2022\/09\/Workload-MGMT-1024x314.png"},{"@type":"BreadcrumbList","@id":"https:\/\/onedesk.com\/pt-pt\/indice-de-caracteristicas\/visualizacao-da-carga-de-trabalho\/#breadcrumb","itemListElement":[{"@type":"ListItem","position":1,"name":"\u00cdndice de Caracter\u00edsticas OneDesk","item":"https:\/\/onedesk.com\/pt-pt\/indice-de-caracteristicas\/"},{"@type":"ListItem","position":2,"name":"Visualiza\u00e7\u00e3o da carga de trabalho"}]},{"@type":"WebSite","@id":"https:\/\/onedesk.com\/pt-pt\/#website","url":"https:\/\/onedesk.com\/pt-pt\/","name":"OneDesk","description":"Software de Gest\u00e3o de Projetos e Helpdesk","publisher":{"@id":"https:\/\/onedesk.com\/pt-pt\/#organization"},"potentialAction":[{"@type":"SearchAction","target":{"@type":"EntryPoint","urlTemplate":"https:\/\/onedesk.com\/pt-pt\/?s={search_term_string}"},"query-input":{"@type":"PropertyValueSpecification","valueRequired":true,"valueName":"search_term_string"}}],"inLanguage":"pt-PT"},{"@type":"Organization","@id":"https:\/\/onedesk.com\/pt-pt\/#organization","name":"OneDesk","url":"https:\/\/onedesk.com\/pt-pt\/","logo":{"@type":"ImageObject","inLanguage":"pt-PT","@id":"https:\/\/onedesk.com\/pt-pt\/#\/schema\/logo\/image\/","url":"https:\/\/onedesk.com\/wp-content\/uploads\/2016\/01\/white-logo-small.png","contentUrl":"https:\/\/onedesk.com\/wp-content\/uploads\/2016\/01\/white-logo-small.png","width":207,"height":40,"caption":"OneDesk"},"image":{"@id":"https:\/\/onedesk.com\/pt-pt\/#\/schema\/logo\/image\/"},"sameAs":["https:\/\/www.facebook.com\/OneDeskApp","https:\/\/x.com\/OneDeskApp","https:\/\/www.instagram.com\/onedeskapp\/","https:\/\/www.linkedin.com\/company\/onedesk-inc-1","https:\/\/www.pinterest.com\/onedesk\/","https:\/\/www.youtube.com\/user\/OneDeskApp"]}]}},"tpgb_featured_images":null,"tpgb_post_meta_info":{"get_date":"September 27, 2023","get_modified_date":"September 27, 2023","author_name":"Erin Richardson","author_url":"https:\/\/onedesk.com\/pt-pt\/author\/erin-richardsononedesk-com\/","author_email":"erin.richardson@onedesk.com","author_website":"","author_description":"","author_facebook":"","author_twitter":"","author_instagram":"","author_role":["administrator"],"author_firstname":"Erin","author_lastname":"Richardson","user_login":"erin.richardson@onedesk.com","author_avatar":"<img alt='' src='https:\/\/secure.gravatar.com\/avatar\/5b43ac2756efc1d5aa46746163fa71ceee43f42a78652ebc70940d512d77cba0?s=200&#038;d=mm&#038;r=g' srcset='https:\/\/secure.gravatar.com\/avatar\/5b43ac2756efc1d5aa46746163fa71ceee43f42a78652ebc70940d512d77cba0?s=400&#038;d=mm&#038;r=g 2x' class='avatar avatar-200 photo' height='200' width='200' decoding='async'\/>","author_avatar_url":"https:\/\/secure.gravatar.com\/avatar\/5b43ac2756efc1d5aa46746163fa71ceee43f42a78652ebc70940d512d77cba0?s=96&d=mm&r=g","comment_count":0,"post_likes":0,"post_views":0},"tpgb_post_category":[],"jetpack_shortlink":"https:\/\/wp.me\/PfpPaI-14Q7","amp_enabled":true,"_links":{"self":[{"href":"https:\/\/onedesk.com\/pt-pt\/wp-json\/wp\/v2\/pages\/256935","targetHints":{"allow":["GET"]}}],"collection":[{"href":"https:\/\/onedesk.com\/pt-pt\/wp-json\/wp\/v2\/pages"}],"about":[{"href":"https:\/\/onedesk.com\/pt-pt\/wp-json\/wp\/v2\/types\/page"}],"author":[{"embeddable":true,"href":"https:\/\/onedesk.com\/pt-pt\/wp-json\/wp\/v2\/users\/30"}],"replies":[{"embeddable":true,"href":"https:\/\/onedesk.com\/pt-pt\/wp-json\/wp\/v2\/comments?post=256935"}],"version-history":[{"count":2,"href":"https:\/\/onedesk.com\/pt-pt\/wp-json\/wp\/v2\/pages\/256935\/revisions"}],"predecessor-version":[{"id":256946,"href":"https:\/\/onedesk.com\/pt-pt\/wp-json\/wp\/v2\/pages\/256935\/revisions\/256946"}],"up":[{"embeddable":true,"href":"https:\/\/onedesk.com\/pt-pt\/wp-json\/wp\/v2\/pages\/151682"}],"wp:attachment":[{"href":"https:\/\/onedesk.com\/pt-pt\/wp-json\/wp\/v2\/media?parent=256935"}],"curies":[{"name":"wp","href":"https:\/\/api.w.org\/{rel}","templated":true}]}}