{"id":258243,"date":"2023-09-27T17:04:35","date_gmt":"2023-09-27T17:04:35","guid":{"rendered":"https:\/\/onedesk.com\/indice-de-caracteristicas\/connect-google\/"},"modified":"2023-09-27T17:04:38","modified_gmt":"2023-09-27T17:04:38","slug":"connect-google","status":"publish","type":"page","link":"https:\/\/onedesk.com\/pt-pt\/indice-de-caracteristicas\/connect-google\/","title":{"rendered":"Conectar a Caixa de entrada do Google"},"content":{"rendered":"\t\t<div data-elementor-type=\"wp-page\" data-elementor-id=\"258243\" class=\"elementor elementor-258243 elementor-244193\" data-elementor-post-type=\"page\">\n\t\t\t\t\t\t<section class=\"elementor-section elementor-top-section elementor-element elementor-element-1c80314 elementor-section-boxed elementor-section-height-default elementor-section-height-default\" data-id=\"1c80314\" data-element_type=\"section\" data-e-type=\"section\">\n\t\t\t\t\t\t<div class=\"elementor-container elementor-column-gap-default\">\n\t\t\t\t\t<div class=\"elementor-column elementor-col-100 elementor-top-column elementor-element elementor-element-b2e9cd3\" data-id=\"b2e9cd3\" data-element_type=\"column\" data-e-type=\"column\">\n\t\t\t<div class=\"elementor-widget-wrap elementor-element-populated\">\n\t\t\t\t\t\t<div class=\"elementor-element elementor-element-1b1e2c8 elementor-widget elementor-widget-heading\" data-id=\"1b1e2c8\" data-element_type=\"widget\" data-e-type=\"widget\" data-widget_type=\"heading.default\">\n\t\t\t\t<div class=\"elementor-widget-container\">\n\t\t\t\t\t<h1 class=\"elementor-heading-title elementor-size-default\">Conectar uma caixa de entrada do Google Workspace<\/h1>\t\t\t\t<\/div>\n\t\t\t\t<\/div>\n\t\t\t\t<div class=\"elementor-element elementor-element-ea57fcb elementor-widget elementor-widget-text-editor\" data-id=\"ea57fcb\" data-element_type=\"widget\" data-e-type=\"widget\" data-widget_type=\"text-editor.default\">\n\t\t\t\t<div class=\"elementor-widget-container\">\n\t\t\t\t\t\t\t\t\t<p>Conecte os canais de entrada e sa\u00edda da sua caixa de entrada de suporte do Google Workspace ou do Gmail.<\/p>\n\t\t\t\t\t\t\t\t<\/div>\n\t\t\t\t<\/div>\n\t\t\t\t\t<\/div>\n\t\t<\/div>\n\t\t\t\t\t<\/div>\n\t\t<\/section>\n\t\t\t\t<section class=\"elementor-section elementor-top-section elementor-element elementor-element-e70ba1e elementor-section-boxed elementor-section-height-default elementor-section-height-default\" data-id=\"e70ba1e\" data-element_type=\"section\" data-e-type=\"section\">\n\t\t\t\t\t\t<div class=\"elementor-container elementor-column-gap-default\">\n\t\t\t\t\t<div class=\"elementor-column elementor-col-100 elementor-top-column elementor-element elementor-element-8d3b797\" data-id=\"8d3b797\" data-element_type=\"column\" data-e-type=\"column\">\n\t\t\t<div class=\"elementor-widget-wrap elementor-element-populated\">\n\t\t\t\t\t\t<div class=\"elementor-element elementor-element-51bd41e elementor-widget elementor-widget-heading\" data-id=\"51bd41e\" data-element_type=\"widget\" data-e-type=\"widget\" data-widget_type=\"heading.default\">\n\t\t\t\t<div class=\"elementor-widget-container\">\n\t\t\t\t\t<h2 class=\"elementor-heading-title elementor-size-default\">Conecte-se diretamente com a senha do aplicativo<\/h2>\t\t\t\t<\/div>\n\t\t\t\t<\/div>\n\t\t\t\t<div class=\"elementor-element elementor-element-69dc753 elementor-widget elementor-widget-text-editor\" data-id=\"69dc753\" data-element_type=\"widget\" data-e-type=\"widget\" data-widget_type=\"text-editor.default\">\n\t\t\t\t<div class=\"elementor-widget-container\">\n\t\t\t\t\t\t\t\t\t<p>Conecte-se facilmente usando uma <a href=\"https:\/\/onedesk.com\/gmail-app-password\/\">senha de aplicativo<\/a>, criada em sua conta de e-mail de suporte do Google Workspace ou do Gmail. Depois de conectar sua caixa de entrada de suporte ao OneDesk, novos e-mails recebidos ser\u00e3o criados como t\u00edquetes. A sua equipa pode enviar respostas aos clientes a partir da mesma conta de suporte.<\/p>\n\t\t\t\t\t\t\t\t<\/div>\n\t\t\t\t<\/div>\n\t\t\t\t\t<\/div>\n\t\t<\/div>\n\t\t\t\t\t<\/div>\n\t\t<\/section>\n\t\t\t\t<section class=\"elementor-section elementor-top-section elementor-element elementor-element-91c7a55 elementor-section-boxed elementor-section-height-default elementor-section-height-default\" data-id=\"91c7a55\" data-element_type=\"section\" data-e-type=\"section\">\n\t\t\t\t\t\t<div class=\"elementor-container elementor-column-gap-default\">\n\t\t\t\t\t<div class=\"elementor-column elementor-col-50 elementor-top-column elementor-element elementor-element-209db36\" data-id=\"209db36\" data-element_type=\"column\" data-e-type=\"column\">\n\t\t\t<div class=\"elementor-widget-wrap elementor-element-populated\">\n\t\t\t\t\t\t<div class=\"elementor-element elementor-element-fc6906a elementor-widget elementor-widget-image\" data-id=\"fc6906a\" data-element_type=\"widget\" data-e-type=\"widget\" data-widget_type=\"image.default\">\n\t\t\t\t<div class=\"elementor-widget-container\">\n\t\t\t\t\t\t\t\t\t\t\t\t\t\t\t<img decoding=\"async\" width=\"150\" height=\"150\" src=\"https:\/\/onedesk.com\/wp-content\/uploads\/2021\/11\/email-to-ticket-1-150x150.png\" class=\"attachment-thumbnail size-thumbnail wp-image-142517\" alt=\"E-mail para bilhete\" srcset=\"https:\/\/onedesk.com\/wp-content\/uploads\/2021\/11\/email-to-ticket-1-150x150.png 150w, https:\/\/onedesk.com\/wp-content\/uploads\/2021\/11\/email-to-ticket-1-300x300.png 300w, https:\/\/onedesk.com\/wp-content\/uploads\/2021\/11\/email-to-ticket-1.png 512w\" sizes=\"(max-width: 150px) 100vw, 150px\" \/>\t\t\t\t\t\t\t\t\t\t\t\t\t\t\t<\/div>\n\t\t\t\t<\/div>\n\t\t\t\t\t<\/div>\n\t\t<\/div>\n\t\t\t\t<div class=\"elementor-column elementor-col-50 elementor-top-column elementor-element elementor-element-ceb63bc\" data-id=\"ceb63bc\" data-element_type=\"column\" data-e-type=\"column\">\n\t\t\t<div class=\"elementor-widget-wrap elementor-element-populated\">\n\t\t\t\t\t\t<div class=\"elementor-element elementor-element-f7724d7 elementor-widget elementor-widget-heading\" data-id=\"f7724d7\" data-element_type=\"widget\" data-e-type=\"widget\" data-widget_type=\"heading.default\">\n\t\t\t\t<div class=\"elementor-widget-container\">\n\t\t\t\t\t<h2 class=\"elementor-heading-title elementor-size-default\">Crie t\u00edquetes a partir de e-mails recebidos<\/h2>\t\t\t\t<\/div>\n\t\t\t\t<\/div>\n\t\t\t\t<div class=\"elementor-element elementor-element-a949476 elementor-widget elementor-widget-text-editor\" data-id=\"a949476\" data-element_type=\"widget\" data-e-type=\"widget\" data-widget_type=\"text-editor.default\">\n\t\t\t\t<div class=\"elementor-widget-container\">\n\t\t\t\t\t\t\t\t\t<p>Os e-mails recebidos criam novos t\u00edquetes em sua conta do OneDesk. Tudo \u00e9 capturado e convertido para o ticket &#8211; linha de assunto do e-mail, corpo, anexos e detalhes do cliente.<\/p>\n\t\t\t\t\t\t\t\t<\/div>\n\t\t\t\t<\/div>\n\t\t\t\t<div class=\"elementor-element elementor-element-ed3574e elementor-widget elementor-widget-heading\" data-id=\"ed3574e\" data-element_type=\"widget\" data-e-type=\"widget\" data-widget_type=\"heading.default\">\n\t\t\t\t<div class=\"elementor-widget-container\">\n\t\t\t\t\t<h2 class=\"elementor-heading-title elementor-size-default\">Canal de sa\u00edda transparente<\/h2>\t\t\t\t<\/div>\n\t\t\t\t<\/div>\n\t\t\t\t<div class=\"elementor-element elementor-element-d7f2f3a elementor-widget elementor-widget-text-editor\" data-id=\"d7f2f3a\" data-element_type=\"widget\" data-e-type=\"widget\" data-widget_type=\"text-editor.default\">\n\t\t\t\t<div class=\"elementor-widget-container\">\n\t\t\t\t\t\t\t\t\t<p>Envie respostas para tickets do OneDesk. Os clientes ver\u00e3o seu pr\u00f3prio e-mail de suporte, permitindo confian\u00e7a e transpar\u00eancia.  <\/p>\n\t\t\t\t\t\t\t\t<\/div>\n\t\t\t\t<\/div>\n\t\t\t\t\t<\/div>\n\t\t<\/div>\n\t\t\t\t\t<\/div>\n\t\t<\/section>\n\t\t\t\t<section class=\"elementor-section elementor-top-section elementor-element elementor-element-0e5e235 elementor-section-boxed elementor-section-height-default elementor-section-height-default\" data-id=\"0e5e235\" data-element_type=\"section\" data-e-type=\"section\">\n\t\t\t\t\t\t<div class=\"elementor-container elementor-column-gap-default\">\n\t\t\t\t\t<div class=\"elementor-column elementor-col-100 elementor-top-column elementor-element elementor-element-bcd9d34\" data-id=\"bcd9d34\" data-element_type=\"column\" data-e-type=\"column\">\n\t\t\t<div class=\"elementor-widget-wrap elementor-element-populated\">\n\t\t\t\t\t\t<div class=\"elementor-element elementor-element-67b15f8 elementor-widget elementor-widget-heading\" data-id=\"67b15f8\" data-element_type=\"widget\" data-e-type=\"widget\" data-widget_type=\"heading.default\">\n\t\t\t\t<div class=\"elementor-widget-container\">\n\t\t\t\t\t<h2 class=\"elementor-heading-title elementor-size-default\">Recursos de aprendizagem<\/h2>\t\t\t\t<\/div>\n\t\t\t\t<\/div>\n\t\t\t\t\t<\/div>\n\t\t<\/div>\n\t\t\t\t\t<\/div>\n\t\t<\/section>\n\t\t\t\t<section class=\"elementor-section elementor-top-section elementor-element elementor-element-63e1be0 elementor-section-boxed elementor-section-height-default elementor-section-height-default\" data-id=\"63e1be0\" data-element_type=\"section\" data-e-type=\"section\">\n\t\t\t\t\t\t<div class=\"elementor-container elementor-column-gap-default\">\n\t\t\t\t\t<div class=\"elementor-column elementor-col-33 elementor-top-column elementor-element elementor-element-5869b7f\" data-id=\"5869b7f\" data-element_type=\"column\" data-e-type=\"column\" data-settings=\"{&quot;background_background&quot;:&quot;classic&quot;}\">\n\t\t\t<div class=\"elementor-widget-wrap elementor-element-populated\">\n\t\t\t\t\t\t<div class=\"elementor-element elementor-element-9d136f3 elementor-widget elementor-widget-heading\" data-id=\"9d136f3\" data-element_type=\"widget\" data-e-type=\"widget\" data-widget_type=\"heading.default\">\n\t\t\t\t<div class=\"elementor-widget-container\">\n\t\t\t\t\t<h3 class=\"elementor-heading-title elementor-size-default\"><a href=\"https:\/\/kb.onedesk.com\/app-od\/o-onedesk\/knowledge-base-1\/article-2c4d8949-cae6-4528-b4f1-672aab8715da\">E-mail para ticket<\/a><\/h3>\t\t\t\t<\/div>\n\t\t\t\t<\/div>\n\t\t\t\t<div class=\"elementor-element elementor-element-da2e537 elementor-widget elementor-widget-text-editor\" data-id=\"da2e537\" data-element_type=\"widget\" data-e-type=\"widget\" data-widget_type=\"text-editor.default\">\n\t\t\t\t<div class=\"elementor-widget-container\">\n\t\t\t\t\t\t\t\t\t<p>Crie novos tickets a partir de e-mails recebidos.<\/p>\n<p><strong><a href=\"https:\/\/kb.onedesk.com\/app-od\/o-onedesk\/knowledge-base-1\/article-2c4d8949-cae6-4528-b4f1-672aab8715da\">Saiba mais&gt;&gt;<\/a><\/strong><\/p>\n\t\t\t\t\t\t\t\t<\/div>\n\t\t\t\t<\/div>\n\t\t\t\t\t<\/div>\n\t\t<\/div>\n\t\t\t\t<div class=\"elementor-column elementor-col-33 elementor-top-column elementor-element elementor-element-c676954\" data-id=\"c676954\" data-element_type=\"column\" data-e-type=\"column\" data-settings=\"{&quot;background_background&quot;:&quot;classic&quot;}\">\n\t\t\t<div class=\"elementor-widget-wrap elementor-element-populated\">\n\t\t\t\t\t\t<div class=\"elementor-element elementor-element-c687750 elementor-widget elementor-widget-heading\" data-id=\"c687750\" data-element_type=\"widget\" data-e-type=\"widget\" data-widget_type=\"heading.default\">\n\t\t\t\t<div class=\"elementor-widget-container\">\n\t\t\t\t\t<h3 class=\"elementor-heading-title elementor-size-default\"><a href=\"https:\/\/kb.onedesk.com\/app-od\/o-onedesk\/knowledge-base-1\/article-a91bd45f-e1bc-4da4-b917-785cb83ad1e9\">O fluxo de e-mail<\/a><\/h3>\t\t\t\t<\/div>\n\t\t\t\t<\/div>\n\t\t\t\t<div class=\"elementor-element elementor-element-e21d3ba elementor-widget elementor-widget-text-editor\" data-id=\"e21d3ba\" data-element_type=\"widget\" data-e-type=\"widget\" data-widget_type=\"text-editor.default\">\n\t\t\t\t<div class=\"elementor-widget-container\">\n\t\t\t\t\t\t\t\t\t<p>Conecte sua conta diretamente ou configure o encaminhamento autom\u00e1tico para criar novos t\u00edquetes.<\/p>\n<p><strong><a href=\"https:\/\/kb.onedesk.com\/app-od\/o-onedesk\/knowledge-base-1\/article-a91bd45f-e1bc-4da4-b917-785cb83ad1e9\">Saiba mais&gt;&gt;<\/a><\/strong><\/p>\n\t\t\t\t\t\t\t\t<\/div>\n\t\t\t\t<\/div>\n\t\t\t\t\t<\/div>\n\t\t<\/div>\n\t\t\t\t<div class=\"elementor-column elementor-col-33 elementor-top-column elementor-element elementor-element-d224266\" data-id=\"d224266\" data-element_type=\"column\" data-e-type=\"column\" data-settings=\"{&quot;background_background&quot;:&quot;classic&quot;}\">\n\t\t\t<div class=\"elementor-widget-wrap elementor-element-populated\">\n\t\t\t\t\t\t<div class=\"elementor-element elementor-element-8eabb8f elementor-widget elementor-widget-heading\" data-id=\"8eabb8f\" data-element_type=\"widget\" data-e-type=\"widget\" data-widget_type=\"heading.default\">\n\t\t\t\t<div class=\"elementor-widget-container\">\n\t\t\t\t\t<h3 class=\"elementor-heading-title elementor-size-default\"><a href=\"https:\/\/kb.onedesk.com\/app-od\/o-onedesk\/knowledge-base-1\/article-44b65d90-017c-4e1d-8481-997d81dd65b2\">Configura\u00e7\u00f5es de e-mail<\/a><\/h3>\t\t\t\t<\/div>\n\t\t\t\t<\/div>\n\t\t\t\t<div class=\"elementor-element elementor-element-073cbf5 elementor-widget elementor-widget-text-editor\" data-id=\"073cbf5\" data-element_type=\"widget\" data-e-type=\"widget\" data-widget_type=\"text-editor.default\">\n\t\t\t\t<div class=\"elementor-widget-container\">\n\t\t\t\t\t\t\t\t\t<p>Configure seu fluxo de e-mail e obtenha controle sobre e-mails enviados e recebidos.<\/p>\n<p><strong><a href=\"https:\/\/kb.onedesk.com\/app-od\/o-onedesk\/knowledge-base-1\/article-44b65d90-017c-4e1d-8481-997d81dd65b2\">Saiba mais&gt;&gt;<\/a><\/strong><\/p>\n\t\t\t\t\t\t\t\t<\/div>\n\t\t\t\t<\/div>\n\t\t\t\t\t<\/div>\n\t\t<\/div>\n\t\t\t\t\t<\/div>\n\t\t<\/section>\n\t\t\t\t<\/div>\n\t\t","protected":false},"excerpt":{"rendered":"<p>Conectar uma caixa de entrada do Google Workspace Conecte os canais de entrada e sa\u00edda da sua caixa de entrada de suporte do Google Workspace ou do Gmail. Conecte-se diretamente com a senha do aplicativo Conecte-se facilmente usando uma senha de aplicativo, criada em sua conta de e-mail de suporte do Google Workspace ou do [&hellip;]<\/p>\n","protected":false},"author":30,"featured_media":0,"parent":151682,"menu_order":0,"comment_status":"closed","ping_status":"closed","template":"","meta":{"tpgb_global_settings":"","_crdt_document":"","inline_featured_image":false,"site-sidebar-layout":"no-sidebar","site-content-layout":"page-builder","ast-site-content-layout":"default","site-content-style":"default","site-sidebar-style":"default","ast-global-header-display":"","ast-banner-title-visibility":"","ast-main-header-display":"","ast-hfb-above-header-display":"","ast-hfb-below-header-display":"","ast-hfb-mobile-header-display":"","site-post-title":"disabled","ast-breadcrumbs-content":"","ast-featured-img":"disabled","footer-sml-layout":"","ast-disable-related-posts":"","theme-transparent-header-meta":"","adv-header-id-meta":"","stick-header-meta":"","header-above-stick-meta":"","header-main-stick-meta":"","header-below-stick-meta":"","astra-migrate-meta-layouts":"default","ast-page-background-enabled":"default","ast-page-background-meta":{"desktop":{"background-color":"var(--ast-global-color-4)","background-image":"","background-repeat":"repeat","background-position":"center center","background-size":"auto","background-attachment":"scroll","background-type":"","background-media":"","overlay-type":"","overlay-color":"","overlay-opacity":"","overlay-gradient":""},"tablet":{"background-color":"","background-image":"","background-repeat":"repeat","background-position":"center center","background-size":"auto","background-attachment":"scroll","background-type":"","background-media":"","overlay-type":"","overlay-color":"","overlay-opacity":"","overlay-gradient":""},"mobile":{"background-color":"","background-image":"","background-repeat":"repeat","background-position":"center center","background-size":"auto","background-attachment":"scroll","background-type":"","background-media":"","overlay-type":"","overlay-color":"","overlay-opacity":"","overlay-gradient":""}},"ast-content-background-meta":{"desktop":{"background-color":"var(--ast-global-color-5)","background-image":"","background-repeat":"repeat","background-position":"center center","background-size":"auto","background-attachment":"scroll","background-type":"","background-media":"","overlay-type":"","overlay-color":"","overlay-opacity":"","overlay-gradient":""},"tablet":{"background-color":"var(--ast-global-color-5)","background-image":"","background-repeat":"repeat","background-position":"center center","background-size":"auto","background-attachment":"scroll","background-type":"","background-media":"","overlay-type":"","overlay-color":"","overlay-opacity":"","overlay-gradient":""},"mobile":{"background-color":"var(--ast-global-color-5)","background-image":"","background-repeat":"repeat","background-position":"center center","background-size":"auto","background-attachment":"scroll","background-type":"","background-media":"","overlay-type":"","overlay-color":"","overlay-opacity":"","overlay-gradient":""}},"footnotes":""},"class_list":["post-258243","page","type-page","status-publish","hentry"],"yoast_head":"<!-- This site is optimized with the Yoast SEO Premium plugin v27.2 (Yoast SEO v27.3) - https:\/\/yoast.com\/product\/yoast-seo-premium-wordpress\/ -->\n<title>Conectar-se a uma Caixa de entrada do Google | Recursos de Help Desk | OneDesk<\/title>\n<meta name=\"description\" content=\"Conecte sua caixa de entrada de suporte do Google Workspace ou do Gmail por meio de uma senha de aplicativo. Crie tickets a partir de e-mails e responda a partir do mesmo canal.\" \/>\n<meta name=\"robots\" content=\"index, follow, max-snippet:-1, max-image-preview:large, max-video-preview:-1\" \/>\n<link rel=\"canonical\" href=\"https:\/\/onedesk.com\/pt-pt\/indice-de-caracteristicas\/connect-google\/\" \/>\n<meta property=\"og:locale\" content=\"pt_PT\" \/>\n<meta property=\"og:type\" content=\"article\" \/>\n<meta property=\"og:title\" content=\"Conectar-se a uma Caixa de entrada do Google | Recursos de Help Desk | OneDesk\" \/>\n<meta property=\"og:description\" content=\"Conecte sua caixa de entrada de suporte do Google Workspace ou do Gmail por meio de uma senha de aplicativo. Crie tickets a partir de e-mails e responda a partir do mesmo canal.\" \/>\n<meta property=\"og:url\" content=\"https:\/\/onedesk.com\/pt-pt\/indice-de-caracteristicas\/connect-google\/\" \/>\n<meta property=\"og:site_name\" content=\"OneDesk\" \/>\n<meta property=\"article:publisher\" content=\"https:\/\/www.facebook.com\/OneDeskApp\" \/>\n<meta property=\"article:modified_time\" content=\"2023-09-27T17:04:38+00:00\" \/>\n<meta property=\"og:image\" content=\"https:\/\/onedesk.com\/wp-content\/uploads\/2021\/11\/email-to-ticket-1-150x150.png\" \/>\n<meta name=\"twitter:card\" content=\"summary_large_image\" \/>\n<meta name=\"twitter:site\" content=\"@OneDeskApp\" \/>\n<meta name=\"twitter:label1\" content=\"Est. reading time\" \/>\n\t<meta name=\"twitter:data1\" content=\"1 minute\" \/>\n<!-- \/ Yoast SEO Premium plugin. -->","yoast_head_json":{"title":"Conectar-se a uma Caixa de entrada do Google | Recursos de Help Desk | OneDesk","description":"Conecte sua caixa de entrada de suporte do Google Workspace ou do Gmail por meio de uma senha de aplicativo. Crie tickets a partir de e-mails e responda a partir do mesmo canal.","robots":{"index":"index","follow":"follow","max-snippet":"max-snippet:-1","max-image-preview":"max-image-preview:large","max-video-preview":"max-video-preview:-1"},"canonical":"https:\/\/onedesk.com\/pt-pt\/indice-de-caracteristicas\/connect-google\/","og_locale":"pt_PT","og_type":"article","og_title":"Conectar-se a uma Caixa de entrada do Google | Recursos de Help Desk | OneDesk","og_description":"Conecte sua caixa de entrada de suporte do Google Workspace ou do Gmail por meio de uma senha de aplicativo. Crie tickets a partir de e-mails e responda a partir do mesmo canal.","og_url":"https:\/\/onedesk.com\/pt-pt\/indice-de-caracteristicas\/connect-google\/","og_site_name":"OneDesk","article_publisher":"https:\/\/www.facebook.com\/OneDeskApp","article_modified_time":"2023-09-27T17:04:38+00:00","og_image":[{"url":"https:\/\/onedesk.com\/wp-content\/uploads\/2021\/11\/email-to-ticket-1-150x150.png","type":"","width":"","height":""}],"twitter_card":"summary_large_image","twitter_site":"@OneDeskApp","twitter_misc":{"Est. reading time":"1 minute"},"schema":{"@context":"https:\/\/schema.org","@graph":[{"@type":"WebPage","@id":"https:\/\/onedesk.com\/pt-pt\/indice-de-caracteristicas\/connect-google\/","url":"https:\/\/onedesk.com\/pt-pt\/indice-de-caracteristicas\/connect-google\/","name":"Conectar-se a uma Caixa de entrada do Google | Recursos de Help Desk | OneDesk","isPartOf":{"@id":"https:\/\/onedesk.com\/pt-pt\/#website"},"primaryImageOfPage":{"@id":"https:\/\/onedesk.com\/pt-pt\/indice-de-caracteristicas\/connect-google\/#primaryimage"},"image":{"@id":"https:\/\/onedesk.com\/pt-pt\/indice-de-caracteristicas\/connect-google\/#primaryimage"},"thumbnailUrl":"https:\/\/onedesk.com\/wp-content\/uploads\/2021\/11\/email-to-ticket-1-150x150.png","datePublished":"2023-09-27T17:04:35+00:00","dateModified":"2023-09-27T17:04:38+00:00","description":"Conecte sua caixa de entrada de suporte do Google Workspace ou do Gmail por meio de uma senha de aplicativo. Crie tickets a partir de e-mails e responda a partir do mesmo canal.","breadcrumb":{"@id":"https:\/\/onedesk.com\/pt-pt\/indice-de-caracteristicas\/connect-google\/#breadcrumb"},"inLanguage":"pt-PT","potentialAction":[{"@type":"ReadAction","target":["https:\/\/onedesk.com\/pt-pt\/indice-de-caracteristicas\/connect-google\/"]}]},{"@type":"ImageObject","inLanguage":"pt-PT","@id":"https:\/\/onedesk.com\/pt-pt\/indice-de-caracteristicas\/connect-google\/#primaryimage","url":"https:\/\/onedesk.com\/wp-content\/uploads\/2021\/11\/email-to-ticket-1-150x150.png","contentUrl":"https:\/\/onedesk.com\/wp-content\/uploads\/2021\/11\/email-to-ticket-1-150x150.png"},{"@type":"BreadcrumbList","@id":"https:\/\/onedesk.com\/pt-pt\/indice-de-caracteristicas\/connect-google\/#breadcrumb","itemListElement":[{"@type":"ListItem","position":1,"name":"\u00cdndice de Caracter\u00edsticas OneDesk","item":"https:\/\/onedesk.com\/pt-pt\/indice-de-caracteristicas\/"},{"@type":"ListItem","position":2,"name":"Conectar a Caixa de entrada do Google"}]},{"@type":"WebSite","@id":"https:\/\/onedesk.com\/pt-pt\/#website","url":"https:\/\/onedesk.com\/pt-pt\/","name":"OneDesk","description":"Software de Gest\u00e3o de Projetos e Helpdesk","publisher":{"@id":"https:\/\/onedesk.com\/pt-pt\/#organization"},"potentialAction":[{"@type":"SearchAction","target":{"@type":"EntryPoint","urlTemplate":"https:\/\/onedesk.com\/pt-pt\/?s={search_term_string}"},"query-input":{"@type":"PropertyValueSpecification","valueRequired":true,"valueName":"search_term_string"}}],"inLanguage":"pt-PT"},{"@type":"Organization","@id":"https:\/\/onedesk.com\/pt-pt\/#organization","name":"OneDesk","url":"https:\/\/onedesk.com\/pt-pt\/","logo":{"@type":"ImageObject","inLanguage":"pt-PT","@id":"https:\/\/onedesk.com\/pt-pt\/#\/schema\/logo\/image\/","url":"https:\/\/onedesk.com\/wp-content\/uploads\/2016\/01\/white-logo-small.png","contentUrl":"https:\/\/onedesk.com\/wp-content\/uploads\/2016\/01\/white-logo-small.png","width":207,"height":40,"caption":"OneDesk"},"image":{"@id":"https:\/\/onedesk.com\/pt-pt\/#\/schema\/logo\/image\/"},"sameAs":["https:\/\/www.facebook.com\/OneDeskApp","https:\/\/x.com\/OneDeskApp","https:\/\/www.instagram.com\/onedeskapp\/","https:\/\/www.linkedin.com\/company\/onedesk-inc-1","https:\/\/www.pinterest.com\/onedesk\/","https:\/\/www.youtube.com\/user\/OneDeskApp"]}]}},"tpgb_featured_images":null,"tpgb_post_meta_info":{"get_date":"September 27, 2023","get_modified_date":"September 27, 2023","author_name":"Erin Richardson","author_url":"https:\/\/onedesk.com\/pt-pt\/author\/erin-richardsononedesk-com\/","author_email":"erin.richardson@onedesk.com","author_website":"","author_description":"","author_facebook":"","author_twitter":"","author_instagram":"","author_role":["administrator"],"author_firstname":"Erin","author_lastname":"Richardson","user_login":"erin.richardson@onedesk.com","author_avatar":"<img alt='' src='https:\/\/secure.gravatar.com\/avatar\/5b43ac2756efc1d5aa46746163fa71ceee43f42a78652ebc70940d512d77cba0?s=200&#038;d=mm&#038;r=g' srcset='https:\/\/secure.gravatar.com\/avatar\/5b43ac2756efc1d5aa46746163fa71ceee43f42a78652ebc70940d512d77cba0?s=400&#038;d=mm&#038;r=g 2x' class='avatar avatar-200 photo' height='200' width='200' decoding='async'\/>","author_avatar_url":"https:\/\/secure.gravatar.com\/avatar\/5b43ac2756efc1d5aa46746163fa71ceee43f42a78652ebc70940d512d77cba0?s=96&d=mm&r=g","comment_count":0,"post_likes":0,"post_views":0},"tpgb_post_category":[],"jetpack_shortlink":"https:\/\/wp.me\/PfpPaI-15bd","amp_enabled":true,"_links":{"self":[{"href":"https:\/\/onedesk.com\/pt-pt\/wp-json\/wp\/v2\/pages\/258243","targetHints":{"allow":["GET"]}}],"collection":[{"href":"https:\/\/onedesk.com\/pt-pt\/wp-json\/wp\/v2\/pages"}],"about":[{"href":"https:\/\/onedesk.com\/pt-pt\/wp-json\/wp\/v2\/types\/page"}],"author":[{"embeddable":true,"href":"https:\/\/onedesk.com\/pt-pt\/wp-json\/wp\/v2\/users\/30"}],"replies":[{"embeddable":true,"href":"https:\/\/onedesk.com\/pt-pt\/wp-json\/wp\/v2\/comments?post=258243"}],"version-history":[{"count":1,"href":"https:\/\/onedesk.com\/pt-pt\/wp-json\/wp\/v2\/pages\/258243\/revisions"}],"predecessor-version":[{"id":258248,"href":"https:\/\/onedesk.com\/pt-pt\/wp-json\/wp\/v2\/pages\/258243\/revisions\/258248"}],"up":[{"embeddable":true,"href":"https:\/\/onedesk.com\/pt-pt\/wp-json\/wp\/v2\/pages\/151682"}],"wp:attachment":[{"href":"https:\/\/onedesk.com\/pt-pt\/wp-json\/wp\/v2\/media?parent=258243"}],"curies":[{"name":"wp","href":"https:\/\/api.w.org\/{rel}","templated":true}]}}