{"id":67606,"date":"2021-03-12T14:11:57","date_gmt":"2021-03-12T14:11:57","guid":{"rendered":"https:\/\/onedesk.com\/integrar-with-onedesk\/wordpress\/"},"modified":"2021-03-12T14:11:57","modified_gmt":"2021-03-12T14:11:57","slug":"wordpress","status":"publish","type":"page","link":"https:\/\/onedesk.com\/pt-pt\/integrar-with-onedesk\/wordpress\/","title":{"rendered":"WordPress"},"content":{"rendered":"<div style=\"float: left;\"><img decoding=\"async\" class=\"aligncenter wp-image-46284 size-full\" style=\"margin: 20px 20px;\" src=\"https:\/\/onedesk.com\/wp-content\/uploads\/2020\/01\/wordpress.png\" alt=\"WordPress Integration\" width=\"84\" height=\"84\"><\/div>\n<h2>Ligue o WordPress \u00e0 sua conta OneDesk<\/h2>\n<p>Adicione live-chat, um portal de clientes, formul\u00e1rios personalizados e uma base de conhecimento no seu website WordPress. A nossa Integra\u00e7\u00e3o WordPress permite-lhe ligar o software de gest\u00e3o de projetos e helpdesk da OneDesk ao seu website WordPress para aumentar o seu servi\u00e7o ao cliente.<\/p>\n<h3>O que \u00e9 que a Integra\u00e7\u00e3o WordPress te permite fazer?<\/h3>\n<p>Com o plugin WordPress instalado, pode adicionar facilmente as aplica\u00e7\u00f5es de <a href=\"https:\/\/onedesk.com\/videos\/adding-the-customer-apps-to-your-website\/\">clientes<\/a> OneDesk ao seu site. Impressione os seus clientes com live-chat, um portal de bilhetes para clientes, formul\u00e1rios de bilhete personalizados e uma base de conhecimentos. Estas aplica\u00e7\u00f5es viradas para o cliente est\u00e3o ligadas \u00e0 sua conta OneDesk, permitindo-lhe oferecer bilhetes de ajuda completos, comunica\u00e7\u00e3o de e-mail, gest\u00e3o de projetos e muito mais.<\/p>\n<p>Integrar o helpdesk da OneDesk e o software de gest\u00e3o de projetos com o seu website WordPress \u00e9 f\u00e1cil. Basta seguir os passos abaixo ou ver o v\u00eddeo.<\/p>\n","protected":false},"excerpt":{"rendered":"<p>Ligue o WordPress \u00e0 sua conta OneDesk Adicione live-chat, um portal de clientes, formul\u00e1rios personalizados e uma base de conhecimento no seu website WordPress. A nossa Integra\u00e7\u00e3o WordPress permite-lhe ligar o software de gest\u00e3o de projetos e helpdesk da OneDesk ao seu website WordPress para aumentar o seu servi\u00e7o ao cliente. O que \u00e9 que [&hellip;]<\/p>\n","protected":false},"author":1,"featured_media":0,"parent":67394,"menu_order":8,"comment_status":"closed","ping_status":"closed","template":"","meta":{"tpgb_global_settings":"","_crdt_document":"","inline_featured_image":false,"site-sidebar-layout":"default","site-content-layout":"","ast-site-content-layout":"default","site-content-style":"default","site-sidebar-style":"default","ast-global-header-display":"","ast-banner-title-visibility":"","ast-main-header-display":"","ast-hfb-above-header-display":"","ast-hfb-below-header-display":"","ast-hfb-mobile-header-display":"","site-post-title":"","ast-breadcrumbs-content":"","ast-featured-img":"","footer-sml-layout":"","ast-disable-related-posts":"","theme-transparent-header-meta":"","adv-header-id-meta":"","stick-header-meta":"","header-above-stick-meta":"","header-main-stick-meta":"","header-below-stick-meta":"","astra-migrate-meta-layouts":"default","ast-page-background-enabled":"default","ast-page-background-meta":{"desktop":{"background-color":"var(--ast-global-color-4)","background-image":"","background-repeat":"repeat","background-position":"center center","background-size":"auto","background-attachment":"scroll","background-type":"","background-media":"","overlay-type":"","overlay-color":"","overlay-opacity":"","overlay-gradient":""},"tablet":{"background-color":"","background-image":"","background-repeat":"repeat","background-position":"center center","background-size":"auto","background-attachment":"scroll","background-type":"","background-media":"","overlay-type":"","overlay-color":"","overlay-opacity":"","overlay-gradient":""},"mobile":{"background-color":"","background-image":"","background-repeat":"repeat","background-position":"center center","background-size":"auto","background-attachment":"scroll","background-type":"","background-media":"","overlay-type":"","overlay-color":"","overlay-opacity":"","overlay-gradient":""}},"ast-content-background-meta":{"desktop":{"background-color":"var(--ast-global-color-5)","background-image":"","background-repeat":"repeat","background-position":"center center","background-size":"auto","background-attachment":"scroll","background-type":"","background-media":"","overlay-type":"","overlay-color":"","overlay-opacity":"","overlay-gradient":""},"tablet":{"background-color":"var(--ast-global-color-5)","background-image":"","background-repeat":"repeat","background-position":"center center","background-size":"auto","background-attachment":"scroll","background-type":"","background-media":"","overlay-type":"","overlay-color":"","overlay-opacity":"","overlay-gradient":""},"mobile":{"background-color":"var(--ast-global-color-5)","background-image":"","background-repeat":"repeat","background-position":"center center","background-size":"auto","background-attachment":"scroll","background-type":"","background-media":"","overlay-type":"","overlay-color":"","overlay-opacity":"","overlay-gradient":""}},"footnotes":""},"class_list":["post-67606","page","type-page","status-publish","hentry"],"yoast_head":"<!-- This site is optimized with the Yoast SEO Premium plugin v27.2 (Yoast SEO v27.3) - https:\/\/yoast.com\/product\/yoast-seo-premium-wordpress\/ -->\n<title>| de integra\u00e7\u00e3o wordpress Help Desk e Software de Gest\u00e3o de Projetos<\/title>\n<meta name=\"description\" content=\"A Integra\u00e7\u00e3o WordPress est\u00e1 dispon\u00edvel para o OneDesk Help Desk e software de gest\u00e3o de projetos. Ligue a sua conta para trabalhar os seus projetos de forma mais eficiente.\" \/>\n<meta name=\"robots\" content=\"index, follow, max-snippet:-1, max-image-preview:large, max-video-preview:-1\" \/>\n<link rel=\"canonical\" href=\"https:\/\/onedesk.com\/pt-pt\/integrar-with-onedesk\/wordpress\/\" \/>\n<meta property=\"og:locale\" content=\"pt_PT\" \/>\n<meta property=\"og:type\" content=\"article\" \/>\n<meta property=\"og:title\" content=\"| de integra\u00e7\u00e3o wordpress Help Desk e Software de Gest\u00e3o de Projetos\" \/>\n<meta property=\"og:description\" content=\"A Integra\u00e7\u00e3o WordPress est\u00e1 dispon\u00edvel para o OneDesk Help Desk e software de gest\u00e3o de projetos. Ligue a sua conta para trabalhar os seus projetos de forma mais eficiente.\" \/>\n<meta property=\"og:url\" content=\"https:\/\/onedesk.com\/pt-pt\/integrar-with-onedesk\/wordpress\/\" \/>\n<meta property=\"og:site_name\" content=\"OneDesk\" \/>\n<meta property=\"article:publisher\" content=\"https:\/\/www.facebook.com\/OneDeskApp\" \/>\n<meta property=\"og:image\" content=\"https:\/\/onedesk.com\/wp-content\/uploads\/2020\/01\/wordpress.png\" \/>\n<meta name=\"twitter:card\" content=\"summary_large_image\" \/>\n<meta name=\"twitter:site\" content=\"@OneDeskApp\" \/>\n<meta name=\"twitter:label1\" content=\"Est. reading time\" \/>\n\t<meta name=\"twitter:data1\" content=\"1 minute\" \/>\n<!-- \/ Yoast SEO Premium plugin. -->","yoast_head_json":{"title":"| de integra\u00e7\u00e3o wordpress Help Desk e Software de Gest\u00e3o de Projetos","description":"A Integra\u00e7\u00e3o WordPress est\u00e1 dispon\u00edvel para o OneDesk Help Desk e software de gest\u00e3o de projetos. Ligue a sua conta para trabalhar os seus projetos de forma mais eficiente.","robots":{"index":"index","follow":"follow","max-snippet":"max-snippet:-1","max-image-preview":"max-image-preview:large","max-video-preview":"max-video-preview:-1"},"canonical":"https:\/\/onedesk.com\/pt-pt\/integrar-with-onedesk\/wordpress\/","og_locale":"pt_PT","og_type":"article","og_title":"| de integra\u00e7\u00e3o wordpress Help Desk e Software de Gest\u00e3o de Projetos","og_description":"A Integra\u00e7\u00e3o WordPress est\u00e1 dispon\u00edvel para o OneDesk Help Desk e software de gest\u00e3o de projetos. Ligue a sua conta para trabalhar os seus projetos de forma mais eficiente.","og_url":"https:\/\/onedesk.com\/pt-pt\/integrar-with-onedesk\/wordpress\/","og_site_name":"OneDesk","article_publisher":"https:\/\/www.facebook.com\/OneDeskApp","og_image":[{"url":"https:\/\/onedesk.com\/wp-content\/uploads\/2020\/01\/wordpress.png","type":"","width":"","height":""}],"twitter_card":"summary_large_image","twitter_site":"@OneDeskApp","twitter_misc":{"Est. reading time":"1 minute"},"schema":{"@context":"https:\/\/schema.org","@graph":[{"@type":"WebPage","@id":"https:\/\/onedesk.com\/pt-pt\/integrar-with-onedesk\/wordpress\/","url":"https:\/\/onedesk.com\/pt-pt\/integrar-with-onedesk\/wordpress\/","name":"| de integra\u00e7\u00e3o wordpress Help Desk e Software de Gest\u00e3o de Projetos","isPartOf":{"@id":"https:\/\/onedesk.com\/pt-pt\/#website"},"primaryImageOfPage":{"@id":"https:\/\/onedesk.com\/pt-pt\/integrar-with-onedesk\/wordpress\/#primaryimage"},"image":{"@id":"https:\/\/onedesk.com\/pt-pt\/integrar-with-onedesk\/wordpress\/#primaryimage"},"thumbnailUrl":"https:\/\/onedesk.com\/wp-content\/uploads\/2020\/01\/wordpress.png","datePublished":"2021-03-12T14:11:57+00:00","description":"A Integra\u00e7\u00e3o WordPress est\u00e1 dispon\u00edvel para o OneDesk Help Desk e software de gest\u00e3o de projetos. Ligue a sua conta para trabalhar os seus projetos de forma mais eficiente.","breadcrumb":{"@id":"https:\/\/onedesk.com\/pt-pt\/integrar-with-onedesk\/wordpress\/#breadcrumb"},"inLanguage":"pt-PT","potentialAction":[{"@type":"ReadAction","target":["https:\/\/onedesk.com\/pt-pt\/integrar-with-onedesk\/wordpress\/"]}]},{"@type":"ImageObject","inLanguage":"pt-PT","@id":"https:\/\/onedesk.com\/pt-pt\/integrar-with-onedesk\/wordpress\/#primaryimage","url":"https:\/\/onedesk.com\/wp-content\/uploads\/2020\/01\/wordpress.png","contentUrl":"https:\/\/onedesk.com\/wp-content\/uploads\/2020\/01\/wordpress.png"},{"@type":"BreadcrumbList","@id":"https:\/\/onedesk.com\/pt-pt\/integrar-with-onedesk\/wordpress\/#breadcrumb","itemListElement":[{"@type":"ListItem","position":1,"name":"Integre-se com o OneDesk","item":"https:\/\/onedesk.com\/pt-pt\/integrar-with-onedesk\/"},{"@type":"ListItem","position":2,"name":"WordPress"}]},{"@type":"WebSite","@id":"https:\/\/onedesk.com\/pt-pt\/#website","url":"https:\/\/onedesk.com\/pt-pt\/","name":"OneDesk","description":"Software de Gest\u00e3o de Projetos e Helpdesk","publisher":{"@id":"https:\/\/onedesk.com\/pt-pt\/#organization"},"potentialAction":[{"@type":"SearchAction","target":{"@type":"EntryPoint","urlTemplate":"https:\/\/onedesk.com\/pt-pt\/?s={search_term_string}"},"query-input":{"@type":"PropertyValueSpecification","valueRequired":true,"valueName":"search_term_string"}}],"inLanguage":"pt-PT"},{"@type":"Organization","@id":"https:\/\/onedesk.com\/pt-pt\/#organization","name":"OneDesk","url":"https:\/\/onedesk.com\/pt-pt\/","logo":{"@type":"ImageObject","inLanguage":"pt-PT","@id":"https:\/\/onedesk.com\/pt-pt\/#\/schema\/logo\/image\/","url":"https:\/\/onedesk.com\/wp-content\/uploads\/2016\/01\/white-logo-small.png","contentUrl":"https:\/\/onedesk.com\/wp-content\/uploads\/2016\/01\/white-logo-small.png","width":207,"height":40,"caption":"OneDesk"},"image":{"@id":"https:\/\/onedesk.com\/pt-pt\/#\/schema\/logo\/image\/"},"sameAs":["https:\/\/www.facebook.com\/OneDeskApp","https:\/\/x.com\/OneDeskApp","https:\/\/www.instagram.com\/onedeskapp\/","https:\/\/www.linkedin.com\/company\/onedesk-inc-1","https:\/\/www.pinterest.com\/onedesk\/","https:\/\/www.youtube.com\/user\/OneDeskApp"]}]}},"tpgb_featured_images":null,"tpgb_post_meta_info":{"get_date":"March 12, 2021","get_modified_date":"March 12, 2021","author_name":"server.admin@onedesk.com","author_url":"https:\/\/onedesk.com\/pt-pt\/author\/server-adminonedesk-com\/","author_email":"server.admin@onedesk.com","author_website":"","author_description":"","author_facebook":"","author_twitter":"","author_instagram":"","author_role":["administrator"],"author_firstname":"","author_lastname":"","user_login":"server.admin@onedesk.com","author_avatar":"<img alt='' src='https:\/\/secure.gravatar.com\/avatar\/a37d6b270be81ecbf4ab9ca7260f2d1ee4d0295343706f0648e9d7a0d75243d3?s=200&#038;d=mm&#038;r=g' srcset='https:\/\/secure.gravatar.com\/avatar\/a37d6b270be81ecbf4ab9ca7260f2d1ee4d0295343706f0648e9d7a0d75243d3?s=400&#038;d=mm&#038;r=g 2x' class='avatar avatar-200 photo' height='200' width='200' decoding='async'\/>","author_avatar_url":"https:\/\/secure.gravatar.com\/avatar\/a37d6b270be81ecbf4ab9ca7260f2d1ee4d0295343706f0648e9d7a0d75243d3?s=96&d=mm&r=g","comment_count":0,"post_likes":0,"post_views":0},"tpgb_post_category":[],"jetpack_shortlink":"https:\/\/wp.me\/PfpPaI-hAq","amp_enabled":true,"_links":{"self":[{"href":"https:\/\/onedesk.com\/pt-pt\/wp-json\/wp\/v2\/pages\/67606","targetHints":{"allow":["GET"]}}],"collection":[{"href":"https:\/\/onedesk.com\/pt-pt\/wp-json\/wp\/v2\/pages"}],"about":[{"href":"https:\/\/onedesk.com\/pt-pt\/wp-json\/wp\/v2\/types\/page"}],"author":[{"embeddable":true,"href":"https:\/\/onedesk.com\/pt-pt\/wp-json\/wp\/v2\/users\/1"}],"replies":[{"embeddable":true,"href":"https:\/\/onedesk.com\/pt-pt\/wp-json\/wp\/v2\/comments?post=67606"}],"version-history":[{"count":0,"href":"https:\/\/onedesk.com\/pt-pt\/wp-json\/wp\/v2\/pages\/67606\/revisions"}],"up":[{"embeddable":true,"href":"https:\/\/onedesk.com\/pt-pt\/wp-json\/wp\/v2\/pages\/67394"}],"wp:attachment":[{"href":"https:\/\/onedesk.com\/pt-pt\/wp-json\/wp\/v2\/media?parent=67606"}],"curies":[{"name":"wp","href":"https:\/\/api.w.org\/{rel}","templated":true}]}}