{"id":67664,"date":"2021-03-12T14:16:41","date_gmt":"2021-03-12T14:16:41","guid":{"rendered":"https:\/\/onedesk.com\/comecar\/passo-3-acrescentar-material\/"},"modified":"2021-03-12T14:17:06","modified_gmt":"2021-03-12T14:17:06","slug":"passo-3-acrescentar-material","status":"publish","type":"page","link":"https:\/\/onedesk.com\/pt-pt\/passo-3-acrescentar-material\/","title":{"rendered":"Passo 3 &#8211; Adicionar coisas"},"content":{"rendered":"<p>Agora que conhece os conceitos b\u00e1sicos no OneDesk, \u00e9 hora de come\u00e7ar a adicionar coisas. Pode criar itens, projetos, utilizadores, clientes, folhas de tempo e muito mais.<\/p>\n<h3>Cria\u00e7\u00e3o de itens e projetos<\/h3>\n<p>Clique na seta para baixo ao lado do bot\u00e3o &#8220;Adicionar&#8221; na barra superior e selecione o que pretende criar a partir do menu. Se clicar no bot\u00e3o &#8220;Adicionar&#8221; em si, o OneDesk tentar\u00e1 criar o que pensa querer com base na sua sele\u00e7\u00e3o atual, predefini\u00e7\u00f5es e na aplica\u00e7\u00e3o em que se encontra. Para criar artigos a granel, pode importar artigos (de CSV ou MPP) ou clonar projetos existentes.<br \/>\n<img fetchpriority=\"high\" decoding=\"async\" class=\"wp-image-41414 aligncenter\" src=\"https:\/\/onedesk.com\/wp-content\/uploads\/2016\/01\/Create.png\" alt=\"Create Stuff\" width=\"456\" height=\"599\"><\/p>\n<p>&nbsp;<\/p>\n<h3>Partilhar projetos<\/h3>\n<p>Quando criar um novo projeto pode escolher com quem partilh\u00e1-lo. Por padr\u00e3o \u00e9 partilhado com todos os utilizadores da sua empresa no momento em que \u00e9 criado. Quaisquer propriedades que selecione aqui podem ser modificadas mais tarde se mudar de ideias.<br \/>\n<img decoding=\"async\" class=\"wp-image-41417 size-full aligncenter\" src=\"https:\/\/onedesk.com\/wp-content\/uploads\/2016\/01\/create-project.png\" alt=\"Create Project\" width=\"500\"><\/p>\n<p>&nbsp;<\/p>\n<h3>Cria\u00e7\u00e3o de utilizadores e clientes<\/h3>\n<p>Pode criar utilizadores ou clientes um de cada vez ou importar clientes a partir do ficheiro CSV ou dos seus contactos. Pode criar equipas (grupos de utilizadores) ou organiza\u00e7\u00f5es de clientes (grupos de clientes).<br \/>\n<img decoding=\"async\" class=\"aligncenter size-full wp-image-30230\" src=\"https:\/\/onedesk.com\/wp-content\/uploads\/2016\/01\/create-user.png\" alt=\"Create User\" width=\"500\"><\/p>\n","protected":false},"excerpt":{"rendered":"<p>Agora que conhece os conceitos b\u00e1sicos no OneDesk, \u00e9 hora de come\u00e7ar a adicionar coisas. Pode criar itens, projetos, utilizadores, clientes, folhas de tempo e muito mais. Cria\u00e7\u00e3o de itens e projetos Clique na seta para baixo ao lado do bot\u00e3o &#8220;Adicionar&#8221; na barra superior e selecione o que pretende criar a partir do menu. [&hellip;]<\/p>\n","protected":false},"author":2,"featured_media":0,"parent":0,"menu_order":3,"comment_status":"closed","ping_status":"closed","template":"","meta":{"tpgb_global_settings":"","_crdt_document":"","inline_featured_image":false,"site-sidebar-layout":"default","site-content-layout":"","ast-site-content-layout":"default","site-content-style":"default","site-sidebar-style":"default","ast-global-header-display":"","ast-banner-title-visibility":"","ast-main-header-display":"","ast-hfb-above-header-display":"","ast-hfb-below-header-display":"","ast-hfb-mobile-header-display":"","site-post-title":"","ast-breadcrumbs-content":"","ast-featured-img":"","footer-sml-layout":"","ast-disable-related-posts":"","theme-transparent-header-meta":"","adv-header-id-meta":"","stick-header-meta":"","header-above-stick-meta":"","header-main-stick-meta":"","header-below-stick-meta":"","astra-migrate-meta-layouts":"default","ast-page-background-enabled":"default","ast-page-background-meta":{"desktop":{"background-color":"var(--ast-global-color-4)","background-image":"","background-repeat":"repeat","background-position":"center center","background-size":"auto","background-attachment":"scroll","background-type":"","background-media":"","overlay-type":"","overlay-color":"","overlay-opacity":"","overlay-gradient":""},"tablet":{"background-color":"","background-image":"","background-repeat":"repeat","background-position":"center center","background-size":"auto","background-attachment":"scroll","background-type":"","background-media":"","overlay-type":"","overlay-color":"","overlay-opacity":"","overlay-gradient":""},"mobile":{"background-color":"","background-image":"","background-repeat":"repeat","background-position":"center center","background-size":"auto","background-attachment":"scroll","background-type":"","background-media":"","overlay-type":"","overlay-color":"","overlay-opacity":"","overlay-gradient":""}},"ast-content-background-meta":{"desktop":{"background-color":"var(--ast-global-color-5)","background-image":"","background-repeat":"repeat","background-position":"center center","background-size":"auto","background-attachment":"scroll","background-type":"","background-media":"","overlay-type":"","overlay-color":"","overlay-opacity":"","overlay-gradient":""},"tablet":{"background-color":"var(--ast-global-color-5)","background-image":"","background-repeat":"repeat","background-position":"center center","background-size":"auto","background-attachment":"scroll","background-type":"","background-media":"","overlay-type":"","overlay-color":"","overlay-opacity":"","overlay-gradient":""},"mobile":{"background-color":"var(--ast-global-color-5)","background-image":"","background-repeat":"repeat","background-position":"center center","background-size":"auto","background-attachment":"scroll","background-type":"","background-media":"","overlay-type":"","overlay-color":"","overlay-opacity":"","overlay-gradient":""}},"footnotes":""},"class_list":["post-67664","page","type-page","status-publish","hentry"],"yoast_head":"<!-- This site is optimized with the Yoast SEO Premium plugin v27.4 (Yoast SEO v27.5) - https:\/\/yoast.com\/product\/yoast-seo-premium-wordpress\/ -->\n<title>Passo 3 - Adicionar coisas - OneDesk<\/title>\n<meta name=\"description\" content=\"OneDesk \u00e9 software helpdesk e software de gest\u00e3o de projetos numa \u00fanica aplica\u00e7\u00e3o. Isto passa por adicionar coisas dentro do OneDesk.\" \/>\n<meta name=\"robots\" content=\"index, follow, max-snippet:-1, max-image-preview:large, max-video-preview:-1\" \/>\n<link rel=\"canonical\" href=\"https:\/\/onedesk.com\/pt-pt\/passo-3-acrescentar-material\/\" \/>\n<meta property=\"og:locale\" content=\"pt_PT\" \/>\n<meta property=\"og:type\" content=\"article\" \/>\n<meta property=\"og:title\" content=\"Passo 3 - Adicionar coisas - OneDesk\" \/>\n<meta property=\"og:description\" content=\"OneDesk \u00e9 software helpdesk e software de gest\u00e3o de projetos numa \u00fanica aplica\u00e7\u00e3o. Isto passa por adicionar coisas dentro do OneDesk.\" \/>\n<meta property=\"og:url\" content=\"https:\/\/onedesk.com\/pt-pt\/passo-3-acrescentar-material\/\" \/>\n<meta property=\"og:site_name\" content=\"OneDesk\" \/>\n<meta property=\"article:publisher\" content=\"https:\/\/www.facebook.com\/OneDeskApp\" \/>\n<meta property=\"article:modified_time\" content=\"2021-03-12T14:17:06+00:00\" \/>\n<meta property=\"og:image\" content=\"https:\/\/onedesk.com\/wp-content\/uploads\/2016\/01\/Create.png\" \/>\n<meta name=\"twitter:card\" content=\"summary_large_image\" \/>\n<meta name=\"twitter:site\" content=\"@OneDeskApp\" \/>\n<meta name=\"twitter:label1\" content=\"Est. reading time\" \/>\n\t<meta name=\"twitter:data1\" content=\"1 minute\" \/>\n<!-- \/ Yoast SEO Premium plugin. -->","yoast_head_json":{"title":"Passo 3 - Adicionar coisas - OneDesk","description":"OneDesk \u00e9 software helpdesk e software de gest\u00e3o de projetos numa \u00fanica aplica\u00e7\u00e3o. Isto passa por adicionar coisas dentro do OneDesk.","robots":{"index":"index","follow":"follow","max-snippet":"max-snippet:-1","max-image-preview":"max-image-preview:large","max-video-preview":"max-video-preview:-1"},"canonical":"https:\/\/onedesk.com\/pt-pt\/passo-3-acrescentar-material\/","og_locale":"pt_PT","og_type":"article","og_title":"Passo 3 - Adicionar coisas - OneDesk","og_description":"OneDesk \u00e9 software helpdesk e software de gest\u00e3o de projetos numa \u00fanica aplica\u00e7\u00e3o. Isto passa por adicionar coisas dentro do OneDesk.","og_url":"https:\/\/onedesk.com\/pt-pt\/passo-3-acrescentar-material\/","og_site_name":"OneDesk","article_publisher":"https:\/\/www.facebook.com\/OneDeskApp","article_modified_time":"2021-03-12T14:17:06+00:00","og_image":[{"url":"https:\/\/onedesk.com\/wp-content\/uploads\/2016\/01\/Create.png","type":"","width":"","height":""}],"twitter_card":"summary_large_image","twitter_site":"@OneDeskApp","twitter_misc":{"Est. reading time":"1 minute"},"schema":{"@context":"https:\/\/schema.org","@graph":[{"@type":"WebPage","@id":"https:\/\/onedesk.com\/pt-pt\/passo-3-acrescentar-material\/","url":"https:\/\/onedesk.com\/pt-pt\/passo-3-acrescentar-material\/","name":"Passo 3 - Adicionar coisas - OneDesk","isPartOf":{"@id":"https:\/\/onedesk.com\/pt-pt\/#website"},"primaryImageOfPage":{"@id":"https:\/\/onedesk.com\/pt-pt\/passo-3-acrescentar-material\/#primaryimage"},"image":{"@id":"https:\/\/onedesk.com\/pt-pt\/passo-3-acrescentar-material\/#primaryimage"},"thumbnailUrl":"https:\/\/onedesk.com\/wp-content\/uploads\/2016\/01\/Create.png","datePublished":"2021-03-12T14:16:41+00:00","dateModified":"2021-03-12T14:17:06+00:00","description":"OneDesk \u00e9 software helpdesk e software de gest\u00e3o de projetos numa \u00fanica aplica\u00e7\u00e3o. Isto passa por adicionar coisas dentro do OneDesk.","inLanguage":"pt-PT","potentialAction":[{"@type":"ReadAction","target":["https:\/\/onedesk.com\/pt-pt\/passo-3-acrescentar-material\/"]}]},{"@type":"ImageObject","inLanguage":"pt-PT","@id":"https:\/\/onedesk.com\/pt-pt\/passo-3-acrescentar-material\/#primaryimage","url":"https:\/\/onedesk.com\/wp-content\/uploads\/2016\/01\/Create.png","contentUrl":"https:\/\/onedesk.com\/wp-content\/uploads\/2016\/01\/Create.png"},{"@type":"WebSite","@id":"https:\/\/onedesk.com\/pt-pt\/#website","url":"https:\/\/onedesk.com\/pt-pt\/","name":"OneDesk","description":"Software de Gest\u00e3o de Projetos e Helpdesk","publisher":{"@id":"https:\/\/onedesk.com\/pt-pt\/#organization"},"potentialAction":[{"@type":"SearchAction","target":{"@type":"EntryPoint","urlTemplate":"https:\/\/onedesk.com\/pt-pt\/?s={search_term_string}"},"query-input":{"@type":"PropertyValueSpecification","valueRequired":true,"valueName":"search_term_string"}}],"inLanguage":"pt-PT"},{"@type":"Organization","@id":"https:\/\/onedesk.com\/pt-pt\/#organization","name":"OneDesk","url":"https:\/\/onedesk.com\/pt-pt\/","logo":{"@type":"ImageObject","inLanguage":"pt-PT","@id":"https:\/\/onedesk.com\/pt-pt\/#\/schema\/logo\/image\/","url":"https:\/\/onedesk.com\/wp-content\/uploads\/2016\/01\/white-logo-small.png","contentUrl":"https:\/\/onedesk.com\/wp-content\/uploads\/2016\/01\/white-logo-small.png","width":207,"height":40,"caption":"OneDesk"},"image":{"@id":"https:\/\/onedesk.com\/pt-pt\/#\/schema\/logo\/image\/"},"sameAs":["https:\/\/www.facebook.com\/OneDeskApp","https:\/\/x.com\/OneDeskApp","https:\/\/www.instagram.com\/onedeskapp\/","https:\/\/www.linkedin.com\/company\/onedesk-inc-1","https:\/\/www.pinterest.com\/onedesk\/","https:\/\/www.youtube.com\/user\/OneDeskApp"]}]}},"tpgb_featured_images":null,"tpgb_post_meta_info":{"get_date":"March 12, 2021","get_modified_date":"March 12, 2021","author_name":"Derek","author_url":"https:\/\/onedesk.com\/pt-pt\/author\/derekonedesk-com\/","author_email":"derek@onedesk.com","author_website":"","author_description":"","author_facebook":"","author_twitter":"","author_instagram":"","author_role":["administrator"],"author_firstname":"Derek","author_lastname":"","user_login":"derek@onedesk.com","author_avatar":"<img alt='' src='https:\/\/secure.gravatar.com\/avatar\/457ebef17878f2246da5e4df1ab1420e949ee125154dfb140a3f3ce911b0ef71?s=200&#038;d=mm&#038;r=g' srcset='https:\/\/secure.gravatar.com\/avatar\/457ebef17878f2246da5e4df1ab1420e949ee125154dfb140a3f3ce911b0ef71?s=400&#038;d=mm&#038;r=g 2x' class='avatar avatar-200 photo' height='200' width='200' decoding='async'\/>","author_avatar_url":"https:\/\/secure.gravatar.com\/avatar\/457ebef17878f2246da5e4df1ab1420e949ee125154dfb140a3f3ce911b0ef71?s=96&d=mm&r=g","comment_count":0,"post_likes":0,"post_views":0},"tpgb_post_category":[],"jetpack_shortlink":"https:\/\/wp.me\/PfpPaI-hBm","amp_enabled":true,"_links":{"self":[{"href":"https:\/\/onedesk.com\/pt-pt\/wp-json\/wp\/v2\/pages\/67664","targetHints":{"allow":["GET"]}}],"collection":[{"href":"https:\/\/onedesk.com\/pt-pt\/wp-json\/wp\/v2\/pages"}],"about":[{"href":"https:\/\/onedesk.com\/pt-pt\/wp-json\/wp\/v2\/types\/page"}],"author":[{"embeddable":true,"href":"https:\/\/onedesk.com\/pt-pt\/wp-json\/wp\/v2\/users\/2"}],"replies":[{"embeddable":true,"href":"https:\/\/onedesk.com\/pt-pt\/wp-json\/wp\/v2\/comments?post=67664"}],"version-history":[{"count":1,"href":"https:\/\/onedesk.com\/pt-pt\/wp-json\/wp\/v2\/pages\/67664\/revisions"}],"predecessor-version":[{"id":67677,"href":"https:\/\/onedesk.com\/pt-pt\/wp-json\/wp\/v2\/pages\/67664\/revisions\/67677"}],"wp:attachment":[{"href":"https:\/\/onedesk.com\/pt-pt\/wp-json\/wp\/v2\/media?parent=67664"}],"curies":[{"name":"wp","href":"https:\/\/api.w.org\/{rel}","templated":true}]}}