{"id":112656,"date":"2021-06-23T15:35:17","date_gmt":"2021-06-23T15:35:17","guid":{"rendered":"https:\/\/onedesk.com\/okta\/"},"modified":"2021-06-23T15:35:38","modified_gmt":"2021-06-23T15:35:38","slug":"okta","status":"publish","type":"page","link":"https:\/\/onedesk.com\/sv\/integrera-med-onedesk\/okta\/","title":{"rendered":"Okta"},"content":{"rendered":"<div style=\"float: left;\"><img decoding=\"async\" class=\"aligncenter wp-image-46284 size-full\" style=\"margin: 20px 20px;\" src=\"https:\/\/onedesk.com\/wp-content\/uploads\/2016\/01\/okta.jpg\" alt=\"Okta Integration\" width=\"84\" height=\"84\"><\/div>\n<h2>Anslut Okta till ditt OneDesk-konto<\/h2>\n<p>L\u00e4gg till<a href=\"https:\/\/onedesk.com\/videos\/single-sign-on-with-openid\/\"> enkel inloggning (SSO)<\/a> f\u00f6r dina OneDesk-anv\u00e4ndare och kundkonton genom att ansluta till Okta. Hantera dina referenser enkelt inom Okta.<\/p>\n<h3>Vad l\u00e5ter Okta Integration dig g\u00f6ra?<\/h3>\n<p>Med Okta-integrationen aktiverad kommer dina anv\u00e4ndare eller kunder att kunna logga in p\u00e5 sina OneDesk-konton med de referenser som hanteras av Okta. L\u00e4s mer om integrationen av<a href=\"https:\/\/www.okta.com\/integrations\/onedesk\/\"> OneDesk&#8217;s helpdesk och projektledningsprogramvara f\u00f6r Okta<\/a> p\u00e5 Okta-webbplatsen.<\/p>\n<p>Det \u00e4r enkelt att integrera OneDesk helpdesk och projektledningsprogram med ditt Okta-konto. F\u00f6lj bara stegen nedan eller titta p\u00e5 videon.<\/p>\n","protected":false},"excerpt":{"rendered":"<p>Anslut Okta till ditt OneDesk-konto L\u00e4gg till enkel inloggning (SSO) f\u00f6r dina OneDesk-anv\u00e4ndare och kundkonton genom att ansluta till Okta. Hantera dina referenser enkelt inom Okta. Vad l\u00e5ter Okta Integration dig g\u00f6ra? Med Okta-integrationen aktiverad kommer dina anv\u00e4ndare eller kunder att kunna logga in p\u00e5 sina OneDesk-konton med de referenser som hanteras av Okta. L\u00e4s [&hellip;]<\/p>\n","protected":false},"author":1,"featured_media":0,"parent":115215,"menu_order":12,"comment_status":"closed","ping_status":"closed","template":"","meta":{"tpgb_global_settings":"","_crdt_document":"","inline_featured_image":false,"site-sidebar-layout":"default","site-content-layout":"","ast-site-content-layout":"default","site-content-style":"default","site-sidebar-style":"default","ast-global-header-display":"","ast-banner-title-visibility":"","ast-main-header-display":"","ast-hfb-above-header-display":"","ast-hfb-below-header-display":"","ast-hfb-mobile-header-display":"","site-post-title":"","ast-breadcrumbs-content":"","ast-featured-img":"","footer-sml-layout":"","ast-disable-related-posts":"","theme-transparent-header-meta":"","adv-header-id-meta":"","stick-header-meta":"","header-above-stick-meta":"","header-main-stick-meta":"","header-below-stick-meta":"","astra-migrate-meta-layouts":"default","ast-page-background-enabled":"default","ast-page-background-meta":{"desktop":{"background-color":"var(--ast-global-color-4)","background-image":"","background-repeat":"repeat","background-position":"center center","background-size":"auto","background-attachment":"scroll","background-type":"","background-media":"","overlay-type":"","overlay-color":"","overlay-opacity":"","overlay-gradient":""},"tablet":{"background-color":"","background-image":"","background-repeat":"repeat","background-position":"center center","background-size":"auto","background-attachment":"scroll","background-type":"","background-media":"","overlay-type":"","overlay-color":"","overlay-opacity":"","overlay-gradient":""},"mobile":{"background-color":"","background-image":"","background-repeat":"repeat","background-position":"center center","background-size":"auto","background-attachment":"scroll","background-type":"","background-media":"","overlay-type":"","overlay-color":"","overlay-opacity":"","overlay-gradient":""}},"ast-content-background-meta":{"desktop":{"background-color":"var(--ast-global-color-5)","background-image":"","background-repeat":"repeat","background-position":"center center","background-size":"auto","background-attachment":"scroll","background-type":"","background-media":"","overlay-type":"","overlay-color":"","overlay-opacity":"","overlay-gradient":""},"tablet":{"background-color":"var(--ast-global-color-5)","background-image":"","background-repeat":"repeat","background-position":"center center","background-size":"auto","background-attachment":"scroll","background-type":"","background-media":"","overlay-type":"","overlay-color":"","overlay-opacity":"","overlay-gradient":""},"mobile":{"background-color":"var(--ast-global-color-5)","background-image":"","background-repeat":"repeat","background-position":"center center","background-size":"auto","background-attachment":"scroll","background-type":"","background-media":"","overlay-type":"","overlay-color":"","overlay-opacity":"","overlay-gradient":""}},"footnotes":""},"class_list":["post-112656","page","type-page","status-publish","hentry"],"yoast_head":"<!-- This site is optimized with the Yoast SEO Premium plugin v27.2 (Yoast SEO v27.3) - https:\/\/yoast.com\/product\/yoast-seo-premium-wordpress\/ -->\n<title>Okta Integration | Helpdesk och projektledningsprogram | OneDesk<\/title>\n<meta name=\"description\" content=\"Okta Integration \u00e4r tillg\u00e4ngligt f\u00f6r OneDesk Help Desk och Project Management Software. Anslut ditt konto f\u00f6r att arbeta mer effektivt med dina projekt.\" \/>\n<meta name=\"robots\" content=\"index, follow, max-snippet:-1, max-image-preview:large, max-video-preview:-1\" \/>\n<link rel=\"canonical\" href=\"https:\/\/onedesk.com\/sv\/integrera-med-onedesk\/okta\/\" \/>\n<meta property=\"og:locale\" content=\"sv_SE\" \/>\n<meta property=\"og:type\" content=\"article\" \/>\n<meta property=\"og:title\" content=\"Okta Integration | Helpdesk och projektledningsprogram | OneDesk\" \/>\n<meta property=\"og:description\" content=\"Okta Integration \u00e4r tillg\u00e4ngligt f\u00f6r OneDesk Help Desk och Project Management Software. Anslut ditt konto f\u00f6r att arbeta mer effektivt med dina projekt.\" \/>\n<meta property=\"og:url\" content=\"https:\/\/onedesk.com\/sv\/integrera-med-onedesk\/okta\/\" \/>\n<meta property=\"og:site_name\" content=\"OneDesk\" \/>\n<meta property=\"article:publisher\" content=\"https:\/\/www.facebook.com\/OneDeskApp\" \/>\n<meta property=\"article:modified_time\" content=\"2021-06-23T15:35:38+00:00\" \/>\n<meta property=\"og:image\" content=\"https:\/\/onedesk.com\/wp-content\/uploads\/2016\/01\/okta.jpg\" \/>\n<meta name=\"twitter:card\" content=\"summary_large_image\" \/>\n<meta name=\"twitter:site\" content=\"@OneDeskApp\" \/>\n<!-- \/ Yoast SEO Premium plugin. -->","yoast_head_json":{"title":"Okta Integration | Helpdesk och projektledningsprogram | OneDesk","description":"Okta Integration \u00e4r tillg\u00e4ngligt f\u00f6r OneDesk Help Desk och Project Management Software. Anslut ditt konto f\u00f6r att arbeta mer effektivt med dina projekt.","robots":{"index":"index","follow":"follow","max-snippet":"max-snippet:-1","max-image-preview":"max-image-preview:large","max-video-preview":"max-video-preview:-1"},"canonical":"https:\/\/onedesk.com\/sv\/integrera-med-onedesk\/okta\/","og_locale":"sv_SE","og_type":"article","og_title":"Okta Integration | Helpdesk och projektledningsprogram | OneDesk","og_description":"Okta Integration \u00e4r tillg\u00e4ngligt f\u00f6r OneDesk Help Desk och Project Management Software. Anslut ditt konto f\u00f6r att arbeta mer effektivt med dina projekt.","og_url":"https:\/\/onedesk.com\/sv\/integrera-med-onedesk\/okta\/","og_site_name":"OneDesk","article_publisher":"https:\/\/www.facebook.com\/OneDeskApp","article_modified_time":"2021-06-23T15:35:38+00:00","og_image":[{"url":"https:\/\/onedesk.com\/wp-content\/uploads\/2016\/01\/okta.jpg","type":"","width":"","height":""}],"twitter_card":"summary_large_image","twitter_site":"@OneDeskApp","schema":{"@context":"https:\/\/schema.org","@graph":[{"@type":"WebPage","@id":"https:\/\/onedesk.com\/sv\/integrera-med-onedesk\/okta\/","url":"https:\/\/onedesk.com\/sv\/integrera-med-onedesk\/okta\/","name":"Okta Integration | Helpdesk och projektledningsprogram | OneDesk","isPartOf":{"@id":"https:\/\/onedesk.com\/sv\/#website"},"primaryImageOfPage":{"@id":"https:\/\/onedesk.com\/sv\/integrera-med-onedesk\/okta\/#primaryimage"},"image":{"@id":"https:\/\/onedesk.com\/sv\/integrera-med-onedesk\/okta\/#primaryimage"},"thumbnailUrl":"https:\/\/onedesk.com\/wp-content\/uploads\/2016\/01\/okta.jpg","datePublished":"2021-06-23T15:35:17+00:00","dateModified":"2021-06-23T15:35:38+00:00","description":"Okta Integration \u00e4r tillg\u00e4ngligt f\u00f6r OneDesk Help Desk och Project Management Software. Anslut ditt konto f\u00f6r att arbeta mer effektivt med dina projekt.","breadcrumb":{"@id":"https:\/\/onedesk.com\/sv\/integrera-med-onedesk\/okta\/#breadcrumb"},"inLanguage":"sv-SE","potentialAction":[{"@type":"ReadAction","target":["https:\/\/onedesk.com\/sv\/integrera-med-onedesk\/okta\/"]}]},{"@type":"ImageObject","inLanguage":"sv-SE","@id":"https:\/\/onedesk.com\/sv\/integrera-med-onedesk\/okta\/#primaryimage","url":"https:\/\/onedesk.com\/wp-content\/uploads\/2016\/01\/okta.jpg","contentUrl":"https:\/\/onedesk.com\/wp-content\/uploads\/2016\/01\/okta.jpg"},{"@type":"BreadcrumbList","@id":"https:\/\/onedesk.com\/sv\/integrera-med-onedesk\/okta\/#breadcrumb","itemListElement":[{"@type":"ListItem","position":1,"name":"Integrera med OneDesk","item":"https:\/\/onedesk.com\/sv\/integrera-med-onedesk\/"},{"@type":"ListItem","position":2,"name":"Okta"}]},{"@type":"WebSite","@id":"https:\/\/onedesk.com\/sv\/#website","url":"https:\/\/onedesk.com\/sv\/","name":"OneDesk","description":"Projektledning &amp; Helpdesk-programvara","publisher":{"@id":"https:\/\/onedesk.com\/sv\/#organization"},"potentialAction":[{"@type":"SearchAction","target":{"@type":"EntryPoint","urlTemplate":"https:\/\/onedesk.com\/sv\/?s={search_term_string}"},"query-input":{"@type":"PropertyValueSpecification","valueRequired":true,"valueName":"search_term_string"}}],"inLanguage":"sv-SE"},{"@type":"Organization","@id":"https:\/\/onedesk.com\/sv\/#organization","name":"OneDesk","url":"https:\/\/onedesk.com\/sv\/","logo":{"@type":"ImageObject","inLanguage":"sv-SE","@id":"https:\/\/onedesk.com\/sv\/#\/schema\/logo\/image\/","url":"https:\/\/onedesk.com\/wp-content\/uploads\/2016\/01\/white-logo-small.png","contentUrl":"https:\/\/onedesk.com\/wp-content\/uploads\/2016\/01\/white-logo-small.png","width":207,"height":40,"caption":"OneDesk"},"image":{"@id":"https:\/\/onedesk.com\/sv\/#\/schema\/logo\/image\/"},"sameAs":["https:\/\/www.facebook.com\/OneDeskApp","https:\/\/x.com\/OneDeskApp","https:\/\/www.instagram.com\/onedeskapp\/","https:\/\/www.linkedin.com\/company\/onedesk-inc-1","https:\/\/www.pinterest.com\/onedesk\/","https:\/\/www.youtube.com\/user\/OneDeskApp"]}]}},"tpgb_featured_images":null,"tpgb_post_meta_info":{"get_date":"June 23, 2021","get_modified_date":"June 23, 2021","author_name":"server.admin@onedesk.com","author_url":"https:\/\/onedesk.com\/sv\/author\/server-adminonedesk-com\/","author_email":"server.admin@onedesk.com","author_website":"","author_description":"","author_facebook":"","author_twitter":"","author_instagram":"","author_role":["administrator"],"author_firstname":"","author_lastname":"","user_login":"server.admin@onedesk.com","author_avatar":"<img alt='' src='https:\/\/secure.gravatar.com\/avatar\/a37d6b270be81ecbf4ab9ca7260f2d1ee4d0295343706f0648e9d7a0d75243d3?s=200&#038;d=mm&#038;r=g' srcset='https:\/\/secure.gravatar.com\/avatar\/a37d6b270be81ecbf4ab9ca7260f2d1ee4d0295343706f0648e9d7a0d75243d3?s=400&#038;d=mm&#038;r=g 2x' class='avatar avatar-200 photo' height='200' width='200' decoding='async'\/>","author_avatar_url":"https:\/\/secure.gravatar.com\/avatar\/a37d6b270be81ecbf4ab9ca7260f2d1ee4d0295343706f0648e9d7a0d75243d3?s=96&d=mm&r=g","comment_count":0,"post_likes":0,"post_views":0},"tpgb_post_category":[],"jetpack_shortlink":"https:\/\/wp.me\/PfpPaI-tj2","amp_enabled":true,"_links":{"self":[{"href":"https:\/\/onedesk.com\/sv\/wp-json\/wp\/v2\/pages\/112656","targetHints":{"allow":["GET"]}}],"collection":[{"href":"https:\/\/onedesk.com\/sv\/wp-json\/wp\/v2\/pages"}],"about":[{"href":"https:\/\/onedesk.com\/sv\/wp-json\/wp\/v2\/types\/page"}],"author":[{"embeddable":true,"href":"https:\/\/onedesk.com\/sv\/wp-json\/wp\/v2\/users\/1"}],"replies":[{"embeddable":true,"href":"https:\/\/onedesk.com\/sv\/wp-json\/wp\/v2\/comments?post=112656"}],"version-history":[{"count":1,"href":"https:\/\/onedesk.com\/sv\/wp-json\/wp\/v2\/pages\/112656\/revisions"}],"predecessor-version":[{"id":112667,"href":"https:\/\/onedesk.com\/sv\/wp-json\/wp\/v2\/pages\/112656\/revisions\/112667"}],"up":[{"embeddable":true,"href":"https:\/\/onedesk.com\/sv\/wp-json\/wp\/v2\/pages\/115215"}],"wp:attachment":[{"href":"https:\/\/onedesk.com\/sv\/wp-json\/wp\/v2\/media?parent=112656"}],"curies":[{"name":"wp","href":"https:\/\/api.w.org\/{rel}","templated":true}]}}