{"id":114920,"date":"2021-06-24T14:08:36","date_gmt":"2021-06-24T14:08:36","guid":{"rendered":"https:\/\/onedesk.com\/komma-igang\/organisera\/"},"modified":"2021-06-24T14:08:41","modified_gmt":"2021-06-24T14:08:41","slug":"organisera","status":"publish","type":"page","link":"https:\/\/onedesk.com\/sv\/organisera\/","title":{"rendered":"Steg 1 &#8211; Inledning"},"content":{"rendered":"<h3 style=\"text-align: center;\">Vad \u00e4r OneDesk?<\/h3>\n<p>OneDesk kombinerar helpdesk och projektledningsprogram f\u00f6r att hj\u00e4lpa dig att uppr\u00e4tth\u00e5lla ett samarbetsfl\u00f6de mellan dina aff\u00e4rsprocesser och teammedlemmar. Varf\u00f6r f\u00f6rs\u00f6ka ansluta flera olika verktyg n\u00e4r man kan g\u00f6ra jobbet?<\/p>\n<h3 style=\"text-align: center;\">Vem \u00e4r OneDesk f\u00f6r?<\/h3>\n<p>OneDesk l\u00e5ter dig organisera ditt arbete p\u00e5 ett s\u00e4tt som passar dig. Bjud in teammedlemmar, kunder och aff\u00e4rspartners som arbetar och samarbetar om biljetter och projekt.<\/p>\n<p><img fetchpriority=\"high\" decoding=\"async\" class=\"aligncenter size-full wp-image-30212\" src=\"https:\/\/onedesk.com\/wp-content\/uploads\/2016\/01\/share-project.png\" alt=\"OneDesk is for who image\" width=\"544\" height=\"248\"><\/p>\n<h3 style=\"text-align: center;\">OneDesk \u00e4r flexibel<\/h3>\n<p>OneDesk kan hantera alla arbetsfl\u00f6den du anv\u00e4nder. Planera dina produkter, utg\u00e5vor och projekt med traditionella top-down eller Agile metoder. OneDesk l\u00e5ter dig kombinera metoderna f\u00f6r att passa dina processer.<\/p>\n<p>F\u00e5 arbete gjort &#8211; p\u00e5 ditt s\u00e4tt.<\/p>\n<p><img decoding=\"async\" class=\"aligncenter size-full wp-image-114925\" src=\"https:\/\/onedesk.com\/wp-content\/uploads\/2016\/02\/trad-agile.png\" alt=\"trad-agile\" width=\"749\" height=\"189\"><\/p>\n","protected":false},"excerpt":{"rendered":"<p>Vad \u00e4r OneDesk? OneDesk kombinerar helpdesk och projektledningsprogram f\u00f6r att hj\u00e4lpa dig att uppr\u00e4tth\u00e5lla ett samarbetsfl\u00f6de mellan dina aff\u00e4rsprocesser och teammedlemmar. Varf\u00f6r f\u00f6rs\u00f6ka ansluta flera olika verktyg n\u00e4r man kan g\u00f6ra jobbet? Vem \u00e4r OneDesk f\u00f6r? OneDesk l\u00e5ter dig organisera ditt arbete p\u00e5 ett s\u00e4tt som passar dig. Bjud in teammedlemmar, kunder och aff\u00e4rspartners som [&hellip;]<\/p>\n","protected":false},"author":2,"featured_media":0,"parent":0,"menu_order":0,"comment_status":"closed","ping_status":"closed","template":"","meta":{"tpgb_global_settings":"","_crdt_document":"","inline_featured_image":false,"site-sidebar-layout":"default","site-content-layout":"","ast-site-content-layout":"default","site-content-style":"default","site-sidebar-style":"default","ast-global-header-display":"","ast-banner-title-visibility":"","ast-main-header-display":"","ast-hfb-above-header-display":"","ast-hfb-below-header-display":"","ast-hfb-mobile-header-display":"","site-post-title":"","ast-breadcrumbs-content":"","ast-featured-img":"","footer-sml-layout":"","ast-disable-related-posts":"","theme-transparent-header-meta":"","adv-header-id-meta":"","stick-header-meta":"","header-above-stick-meta":"","header-main-stick-meta":"","header-below-stick-meta":"","astra-migrate-meta-layouts":"default","ast-page-background-enabled":"default","ast-page-background-meta":{"desktop":{"background-color":"var(--ast-global-color-4)","background-image":"","background-repeat":"repeat","background-position":"center center","background-size":"auto","background-attachment":"scroll","background-type":"","background-media":"","overlay-type":"","overlay-color":"","overlay-opacity":"","overlay-gradient":""},"tablet":{"background-color":"","background-image":"","background-repeat":"repeat","background-position":"center center","background-size":"auto","background-attachment":"scroll","background-type":"","background-media":"","overlay-type":"","overlay-color":"","overlay-opacity":"","overlay-gradient":""},"mobile":{"background-color":"","background-image":"","background-repeat":"repeat","background-position":"center center","background-size":"auto","background-attachment":"scroll","background-type":"","background-media":"","overlay-type":"","overlay-color":"","overlay-opacity":"","overlay-gradient":""}},"ast-content-background-meta":{"desktop":{"background-color":"var(--ast-global-color-5)","background-image":"","background-repeat":"repeat","background-position":"center center","background-size":"auto","background-attachment":"scroll","background-type":"","background-media":"","overlay-type":"","overlay-color":"","overlay-opacity":"","overlay-gradient":""},"tablet":{"background-color":"var(--ast-global-color-5)","background-image":"","background-repeat":"repeat","background-position":"center center","background-size":"auto","background-attachment":"scroll","background-type":"","background-media":"","overlay-type":"","overlay-color":"","overlay-opacity":"","overlay-gradient":""},"mobile":{"background-color":"var(--ast-global-color-5)","background-image":"","background-repeat":"repeat","background-position":"center center","background-size":"auto","background-attachment":"scroll","background-type":"","background-media":"","overlay-type":"","overlay-color":"","overlay-opacity":"","overlay-gradient":""}},"footnotes":""},"class_list":["post-114920","page","type-page","status-publish","hentry"],"yoast_head":"<!-- This site is optimized with the Yoast SEO Premium plugin v27.3 (Yoast SEO v27.3) - https:\/\/yoast.com\/product\/yoast-seo-premium-wordpress\/ -->\n<title>Steg 1 - Inledning - OneDesk<\/title>\n<meta name=\"description\" content=\"OneDesk \u00e4r helpdesk- och projekthanteringsprogramvara i en applikation. Detta \u00e4r en introduktion till OneDesk.\" \/>\n<meta name=\"robots\" content=\"index, follow, max-snippet:-1, max-image-preview:large, max-video-preview:-1\" \/>\n<link rel=\"canonical\" href=\"https:\/\/onedesk.com\/sv\/organisera\/\" \/>\n<meta property=\"og:locale\" content=\"sv_SE\" \/>\n<meta property=\"og:type\" content=\"article\" \/>\n<meta property=\"og:title\" content=\"Steg 1 - Inledning - OneDesk\" \/>\n<meta property=\"og:description\" content=\"OneDesk \u00e4r helpdesk- och projekthanteringsprogramvara i en applikation. Detta \u00e4r en introduktion till OneDesk.\" \/>\n<meta property=\"og:url\" content=\"https:\/\/onedesk.com\/sv\/organisera\/\" \/>\n<meta property=\"og:site_name\" content=\"OneDesk\" \/>\n<meta property=\"article:publisher\" content=\"https:\/\/www.facebook.com\/OneDeskApp\" \/>\n<meta property=\"article:modified_time\" content=\"2021-06-24T14:08:41+00:00\" \/>\n<meta property=\"og:image\" content=\"https:\/\/onedesk.com\/wp-content\/uploads\/2016\/01\/share-project.png\" \/>\n<meta name=\"twitter:card\" content=\"summary_large_image\" \/>\n<meta name=\"twitter:site\" content=\"@OneDeskApp\" \/>\n<meta name=\"twitter:label1\" content=\"Est. reading time\" \/>\n\t<meta name=\"twitter:data1\" content=\"1 minute\" \/>\n<!-- \/ Yoast SEO Premium plugin. -->","yoast_head_json":{"title":"Steg 1 - Inledning - OneDesk","description":"OneDesk \u00e4r helpdesk- och projekthanteringsprogramvara i en applikation. Detta \u00e4r en introduktion till OneDesk.","robots":{"index":"index","follow":"follow","max-snippet":"max-snippet:-1","max-image-preview":"max-image-preview:large","max-video-preview":"max-video-preview:-1"},"canonical":"https:\/\/onedesk.com\/sv\/organisera\/","og_locale":"sv_SE","og_type":"article","og_title":"Steg 1 - Inledning - OneDesk","og_description":"OneDesk \u00e4r helpdesk- och projekthanteringsprogramvara i en applikation. Detta \u00e4r en introduktion till OneDesk.","og_url":"https:\/\/onedesk.com\/sv\/organisera\/","og_site_name":"OneDesk","article_publisher":"https:\/\/www.facebook.com\/OneDeskApp","article_modified_time":"2021-06-24T14:08:41+00:00","og_image":[{"url":"https:\/\/onedesk.com\/wp-content\/uploads\/2016\/01\/share-project.png","type":"","width":"","height":""}],"twitter_card":"summary_large_image","twitter_site":"@OneDeskApp","twitter_misc":{"Est. reading time":"1 minute"},"schema":{"@context":"https:\/\/schema.org","@graph":[{"@type":"WebPage","@id":"https:\/\/onedesk.com\/sv\/organisera\/","url":"https:\/\/onedesk.com\/sv\/organisera\/","name":"Steg 1 - Inledning - OneDesk","isPartOf":{"@id":"https:\/\/onedesk.com\/sv\/#website"},"primaryImageOfPage":{"@id":"https:\/\/onedesk.com\/sv\/organisera\/#primaryimage"},"image":{"@id":"https:\/\/onedesk.com\/sv\/organisera\/#primaryimage"},"thumbnailUrl":"https:\/\/onedesk.com\/wp-content\/uploads\/2016\/01\/share-project.png","datePublished":"2021-06-24T14:08:36+00:00","dateModified":"2021-06-24T14:08:41+00:00","description":"OneDesk \u00e4r helpdesk- och projekthanteringsprogramvara i en applikation. Detta \u00e4r en introduktion till OneDesk.","inLanguage":"sv-SE","potentialAction":[{"@type":"ReadAction","target":["https:\/\/onedesk.com\/sv\/organisera\/"]}]},{"@type":"ImageObject","inLanguage":"sv-SE","@id":"https:\/\/onedesk.com\/sv\/organisera\/#primaryimage","url":"https:\/\/onedesk.com\/wp-content\/uploads\/2016\/01\/share-project.png","contentUrl":"https:\/\/onedesk.com\/wp-content\/uploads\/2016\/01\/share-project.png"},{"@type":"WebSite","@id":"https:\/\/onedesk.com\/sv\/#website","url":"https:\/\/onedesk.com\/sv\/","name":"OneDesk","description":"Projektledning &amp; Helpdesk-programvara","publisher":{"@id":"https:\/\/onedesk.com\/sv\/#organization"},"potentialAction":[{"@type":"SearchAction","target":{"@type":"EntryPoint","urlTemplate":"https:\/\/onedesk.com\/sv\/?s={search_term_string}"},"query-input":{"@type":"PropertyValueSpecification","valueRequired":true,"valueName":"search_term_string"}}],"inLanguage":"sv-SE"},{"@type":"Organization","@id":"https:\/\/onedesk.com\/sv\/#organization","name":"OneDesk","url":"https:\/\/onedesk.com\/sv\/","logo":{"@type":"ImageObject","inLanguage":"sv-SE","@id":"https:\/\/onedesk.com\/sv\/#\/schema\/logo\/image\/","url":"https:\/\/onedesk.com\/wp-content\/uploads\/2016\/01\/white-logo-small.png","contentUrl":"https:\/\/onedesk.com\/wp-content\/uploads\/2016\/01\/white-logo-small.png","width":207,"height":40,"caption":"OneDesk"},"image":{"@id":"https:\/\/onedesk.com\/sv\/#\/schema\/logo\/image\/"},"sameAs":["https:\/\/www.facebook.com\/OneDeskApp","https:\/\/x.com\/OneDeskApp","https:\/\/www.instagram.com\/onedeskapp\/","https:\/\/www.linkedin.com\/company\/onedesk-inc-1","https:\/\/www.pinterest.com\/onedesk\/","https:\/\/www.youtube.com\/user\/OneDeskApp"]}]}},"tpgb_featured_images":null,"tpgb_post_meta_info":{"get_date":"June 24, 2021","get_modified_date":"June 24, 2021","author_name":"Derek","author_url":"https:\/\/onedesk.com\/sv\/author\/derekonedesk-com\/","author_email":"derek@onedesk.com","author_website":"","author_description":"","author_facebook":"","author_twitter":"","author_instagram":"","author_role":["administrator"],"author_firstname":"Derek","author_lastname":"","user_login":"derek@onedesk.com","author_avatar":"<img alt='' src='https:\/\/secure.gravatar.com\/avatar\/457ebef17878f2246da5e4df1ab1420e949ee125154dfb140a3f3ce911b0ef71?s=200&#038;d=mm&#038;r=g' srcset='https:\/\/secure.gravatar.com\/avatar\/457ebef17878f2246da5e4df1ab1420e949ee125154dfb140a3f3ce911b0ef71?s=400&#038;d=mm&#038;r=g 2x' class='avatar avatar-200 photo' height='200' width='200' decoding='async'\/>","author_avatar_url":"https:\/\/secure.gravatar.com\/avatar\/457ebef17878f2246da5e4df1ab1420e949ee125154dfb140a3f3ce911b0ef71?s=96&d=mm&r=g","comment_count":0,"post_likes":0,"post_views":0},"tpgb_post_category":[],"jetpack_shortlink":"https:\/\/wp.me\/PfpPaI-tTy","amp_enabled":true,"_links":{"self":[{"href":"https:\/\/onedesk.com\/sv\/wp-json\/wp\/v2\/pages\/114920","targetHints":{"allow":["GET"]}}],"collection":[{"href":"https:\/\/onedesk.com\/sv\/wp-json\/wp\/v2\/pages"}],"about":[{"href":"https:\/\/onedesk.com\/sv\/wp-json\/wp\/v2\/types\/page"}],"author":[{"embeddable":true,"href":"https:\/\/onedesk.com\/sv\/wp-json\/wp\/v2\/users\/2"}],"replies":[{"embeddable":true,"href":"https:\/\/onedesk.com\/sv\/wp-json\/wp\/v2\/comments?post=114920"}],"version-history":[{"count":1,"href":"https:\/\/onedesk.com\/sv\/wp-json\/wp\/v2\/pages\/114920\/revisions"}],"predecessor-version":[{"id":114936,"href":"https:\/\/onedesk.com\/sv\/wp-json\/wp\/v2\/pages\/114920\/revisions\/114936"}],"wp:attachment":[{"href":"https:\/\/onedesk.com\/sv\/wp-json\/wp\/v2\/media?parent=114920"}],"curies":[{"name":"wp","href":"https:\/\/api.w.org\/{rel}","templated":true}]}}