{"id":115658,"date":"2021-06-24T14:29:13","date_gmt":"2021-06-24T14:29:13","guid":{"rendered":"https:\/\/onedesk.com\/integrera-med-onedesk\/lada\/"},"modified":"2023-12-22T20:10:36","modified_gmt":"2023-12-22T20:10:36","slug":"lada","status":"publish","type":"page","link":"https:\/\/onedesk.com\/sv\/integrera-med-onedesk\/lada\/","title":{"rendered":"L\u00e5da"},"content":{"rendered":"\t\t<div data-elementor-type=\"wp-page\" data-elementor-id=\"115658\" class=\"elementor elementor-115658 elementor-46509\" data-elementor-post-type=\"page\">\n\t\t\t\t\t\t<section class=\"elementor-section elementor-top-section elementor-element elementor-element-6d99eaf elementor-section-boxed elementor-section-height-default elementor-section-height-default\" data-id=\"6d99eaf\" data-element_type=\"section\" data-e-type=\"section\">\n\t\t\t\t\t\t<div class=\"elementor-container elementor-column-gap-default\">\n\t\t\t\t\t<div class=\"elementor-column elementor-col-100 elementor-top-column elementor-element elementor-element-679397f\" data-id=\"679397f\" data-element_type=\"column\" data-e-type=\"column\">\n\t\t\t<div class=\"elementor-widget-wrap elementor-element-populated\">\n\t\t\t\t\t\t<div class=\"elementor-element elementor-element-a55688a elementor-widget elementor-widget-heading\" data-id=\"a55688a\" data-element_type=\"widget\" data-e-type=\"widget\" data-widget_type=\"heading.default\">\n\t\t\t\t<div class=\"elementor-widget-container\">\n\t\t\t\t\t<h1 class=\"elementor-heading-title elementor-size-default\">Boxintegration med Help Desk och Project Management Software<\/h1>\t\t\t\t<\/div>\n\t\t\t\t<\/div>\n\t\t\t\t<div class=\"elementor-element elementor-element-41b6e24 elementor-widget elementor-widget-text-editor\" data-id=\"41b6e24\" data-element_type=\"widget\" data-e-type=\"widget\" data-widget_type=\"text-editor.default\">\n\t\t\t\t<div class=\"elementor-widget-container\">\n\t\t\t\t\t\t\t\t\t<p>OneDesk integrerar Helpdesk och Project Management-programvara med ditt Box-konto.<\/p>\n\t\t\t\t\t\t\t\t<\/div>\n\t\t\t\t<\/div>\n\t\t\t\t<div class=\"elementor-element elementor-element-70dc348 elementor-align-center elementor-widget elementor-widget-global elementor-global-161540 elementor-global-131872 elementor-widget-button\" data-id=\"70dc348\" data-element_type=\"widget\" data-e-type=\"widget\" data-widget_type=\"button.default\">\n\t\t\t\t<div class=\"elementor-widget-container\">\n\t\t\t\t\t\t\t\t\t<div class=\"elementor-button-wrapper\">\n\t\t\t\t\t<a class=\"elementor-button elementor-button-link elementor-size-lg elementor-animation-grow\" href=\"https:\/\/onedesk.com\/sv\/registrera-dig-gratis\/\">\n\t\t\t\t\t\t<span class=\"elementor-button-content-wrapper\">\n\t\t\t\t\t\t\t\t\t<span class=\"elementor-button-text\">Registrera dig gratis!<\/span>\n\t\t\t\t\t<\/span>\n\t\t\t\t\t<\/a>\n\t\t\t\t<\/div>\n\t\t\t\t\t\t\t\t<\/div>\n\t\t\t\t<\/div>\n\t\t\t\t\t<\/div>\n\t\t<\/div>\n\t\t\t\t\t<\/div>\n\t\t<\/section>\n\t\t\t\t<section class=\"elementor-section elementor-top-section elementor-element elementor-element-99d3343 elementor-section-boxed elementor-section-height-default elementor-section-height-default\" data-id=\"99d3343\" data-element_type=\"section\" data-e-type=\"section\" data-settings=\"{&quot;background_background&quot;:&quot;classic&quot;}\">\n\t\t\t\t\t\t<div class=\"elementor-container elementor-column-gap-default\">\n\t\t\t\t\t<div class=\"elementor-column elementor-col-50 elementor-top-column elementor-element elementor-element-7f6d894\" data-id=\"7f6d894\" data-element_type=\"column\" data-e-type=\"column\">\n\t\t\t<div class=\"elementor-widget-wrap elementor-element-populated\">\n\t\t\t\t\t\t<div class=\"elementor-element elementor-element-61483c0 elementor-widget elementor-widget-image\" data-id=\"61483c0\" data-element_type=\"widget\" data-e-type=\"widget\" data-widget_type=\"image.default\">\n\t\t\t\t<div class=\"elementor-widget-container\">\n\t\t\t\t\t\t\t\t\t\t\t\t\t\t\t<img decoding=\"async\" width=\"84\" height=\"84\" src=\"https:\/\/onedesk.com\/wp-content\/uploads\/2020\/01\/box.png\" class=\"attachment-large size-large wp-image-115716\" alt=\"l\u00e5da\" srcset=\"https:\/\/onedesk.com\/wp-content\/uploads\/2020\/01\/box.png 84w, https:\/\/onedesk.com\/wp-content\/uploads\/2020\/01\/box-80x80.png 80w, https:\/\/onedesk.com\/wp-content\/uploads\/2020\/01\/box-40x40.png 40w, https:\/\/onedesk.com\/wp-content\/uploads\/2020\/01\/box-60x60.png 60w\" sizes=\"(max-width: 84px) 100vw, 84px\" \/>\t\t\t\t\t\t\t\t\t\t\t\t\t\t\t<\/div>\n\t\t\t\t<\/div>\n\t\t\t\t\t<\/div>\n\t\t<\/div>\n\t\t\t\t<div class=\"elementor-column elementor-col-50 elementor-top-column elementor-element elementor-element-1f8a51f\" data-id=\"1f8a51f\" data-element_type=\"column\" data-e-type=\"column\">\n\t\t\t<div class=\"elementor-widget-wrap elementor-element-populated\">\n\t\t\t\t\t\t<div class=\"elementor-element elementor-element-8bd308a elementor-widget elementor-widget-heading\" data-id=\"8bd308a\" data-element_type=\"widget\" data-e-type=\"widget\" data-widget_type=\"heading.default\">\n\t\t\t\t<div class=\"elementor-widget-container\">\n\t\t\t\t\t<h2 class=\"elementor-heading-title elementor-size-default\">Anslut Box till ditt OneDesk-konto<\/h2>\t\t\t\t<\/div>\n\t\t\t\t<\/div>\n\t\t\t\t<div class=\"elementor-element elementor-element-ea152df elementor-widget elementor-widget-text-editor\" data-id=\"ea152df\" data-element_type=\"widget\" data-e-type=\"widget\" data-widget_type=\"text-editor.default\">\n\t\t\t\t<div class=\"elementor-widget-container\">\n\t\t\t\t\t\t\t\t\t<p>Bifoga filer direkt fr\u00e5n molnet. Anslut OneDesks helpdesk och projekthanteringsprogram till ditt Box-konto f\u00f6r att g\u00f6ra det enklare att ta tag i och bifoga filerna du lagrar d\u00e4r.<\/p>\n\t\t\t\t\t\t\t\t<\/div>\n\t\t\t\t<\/div>\n\t\t\t\t\t<\/div>\n\t\t<\/div>\n\t\t\t\t\t<\/div>\n\t\t<\/section>\n\t\t\t\t<section class=\"elementor-section elementor-top-section elementor-element elementor-element-c0758d4 elementor-section-boxed elementor-section-height-default elementor-section-height-default\" data-id=\"c0758d4\" data-element_type=\"section\" data-e-type=\"section\">\n\t\t\t\t\t\t<div class=\"elementor-container elementor-column-gap-default\">\n\t\t\t\t\t<div class=\"elementor-column elementor-col-100 elementor-top-column elementor-element elementor-element-07a1025\" data-id=\"07a1025\" data-element_type=\"column\" data-e-type=\"column\">\n\t\t\t<div class=\"elementor-widget-wrap elementor-element-populated\">\n\t\t\t\t\t\t<div class=\"elementor-element elementor-element-63f2df4 elementor-widget elementor-widget-heading\" data-id=\"63f2df4\" data-element_type=\"widget\" data-e-type=\"widget\" data-widget_type=\"heading.default\">\n\t\t\t\t<div class=\"elementor-widget-container\">\n\t\t\t\t\t<h2 class=\"elementor-heading-title elementor-size-default\">Vad l\u00e5ter Box Integration dig g\u00f6ra?<\/h2>\t\t\t\t<\/div>\n\t\t\t\t<\/div>\n\t\t\t\t<div class=\"elementor-element elementor-element-76f7b82 elementor-widget elementor-widget-text-editor\" data-id=\"76f7b82\" data-element_type=\"widget\" data-e-type=\"widget\" data-widget_type=\"text-editor.default\">\n\t\t\t\t<div class=\"elementor-widget-container\">\n\t\t\t\t\t\t\t\t\t<p>Med Box-integrationen aktiverad har du ytterligare ett alternativ n\u00e4r det g\u00e4ller att bifoga filer till biljetter, uppgifter och projekt i OneDesk. Du kan fortfarande l\u00e4gga till dem fr\u00e5n din lokala lagring, men dessutom kan du bl\u00e4ddra efter dem och bifoga dem direkt fr\u00e5n ditt Box-konto.<\/p>\n<p>Det \u00e4r enkelt att integrera OneDesks helpdesk och projekthanteringsprogram med ditt Box-konto. F\u00f6lj bara stegen nedan eller titta p\u00e5 videon.<\/p>\n\t\t\t\t\t\t\t\t<\/div>\n\t\t\t\t<\/div>\n\t\t\t\t\t<\/div>\n\t\t<\/div>\n\t\t\t\t\t<\/div>\n\t\t<\/section>\n\t\t\t\t<section class=\"elementor-section elementor-top-section elementor-element elementor-element-71f082c elementor-section-boxed elementor-section-height-default elementor-section-height-default\" data-id=\"71f082c\" data-element_type=\"section\" data-e-type=\"section\" data-settings=\"{&quot;background_background&quot;:&quot;classic&quot;}\">\n\t\t\t\t\t\t<div class=\"elementor-container elementor-column-gap-default\">\n\t\t\t\t\t<div class=\"elementor-column elementor-col-100 elementor-top-column elementor-element elementor-element-e4710dc\" data-id=\"e4710dc\" data-element_type=\"column\" data-e-type=\"column\">\n\t\t\t<div class=\"elementor-widget-wrap elementor-element-populated\">\n\t\t\t\t\t\t<div class=\"elementor-element elementor-element-aa97827 elementor-widget elementor-widget-heading\" data-id=\"aa97827\" data-element_type=\"widget\" data-e-type=\"widget\" data-widget_type=\"heading.default\">\n\t\t\t\t<div class=\"elementor-widget-container\">\n\t\t\t\t\t<h2 class=\"elementor-heading-title elementor-size-default\">Hur man ansluter OneDesk till Box<\/h2>\t\t\t\t<\/div>\n\t\t\t\t<\/div>\n\t\t\t\t<div class=\"elementor-element elementor-element-a10f13d elementor-widget elementor-widget-text-editor\" data-id=\"a10f13d\" data-element_type=\"widget\" data-e-type=\"widget\" data-widget_type=\"text-editor.default\">\n\t\t\t\t<div class=\"elementor-widget-container\">\n\t\t\t\t\t\t\t\t\t<ul>\n<li><span style=\"font-size: 16px;\">I ditt OneDesk-konto, navigera till ADMINISTRATION&gt; INTEGRATIONER<\/span><\/li>\n<li>Klicka p\u00e5 Anslut bredvid Box-integreringen.  <\/li>\n<li>Anslut-knappen \u00e4ndras f\u00f6r att indikera att integrationen nu \u00e4r aktiv.<\/li>\n<li>Navigera till en \u00e4rende-, uppgifts- eller projektdetaljpanel och klicka p\u00e5 &#8220;Bifoga&#8221;.  <\/li>\n<li>Du kommer nu att ha ett nytt alternativ i bifoga-menyn till &#8216;Bifoga fr\u00e5n box&#8217;.<\/li>\n<li>V\u00e4lj &#8220;Bifoga fr\u00e5n Box&#8221; och du kommer att bli ombedd att logga in och auktorisera ditt Box-konto.<\/li>\n<\/ul>\n<div class=\"tour-content-0\"> <\/div>\n\t\t\t\t\t\t\t\t<\/div>\n\t\t\t\t<\/div>\n\t\t\t\t\t<\/div>\n\t\t<\/div>\n\t\t\t\t\t<\/div>\n\t\t<\/section>\n\t\t\t\t<\/div>\n\t\t","protected":false},"excerpt":{"rendered":"<p>Boxintegration med Help Desk och Project Management Software OneDesk integrerar Helpdesk och Project Management-programvara med ditt Box-konto. Sign up free! Anslut Box till ditt OneDesk-konto Bifoga filer direkt fr\u00e5n molnet. Anslut OneDesks helpdesk och projekthanteringsprogram till ditt Box-konto f\u00f6r att g\u00f6ra det enklare att ta tag i och bifoga filerna du lagrar d\u00e4r. Vad l\u00e5ter [&hellip;]<\/p>\n","protected":false},"author":1,"featured_media":0,"parent":115215,"menu_order":1,"comment_status":"closed","ping_status":"closed","template":"","meta":{"tpgb_global_settings":"","_crdt_document":"","inline_featured_image":false,"site-sidebar-layout":"default","site-content-layout":"","ast-site-content-layout":"default","site-content-style":"default","site-sidebar-style":"default","ast-global-header-display":"","ast-banner-title-visibility":"","ast-main-header-display":"","ast-hfb-above-header-display":"","ast-hfb-below-header-display":"","ast-hfb-mobile-header-display":"","site-post-title":"","ast-breadcrumbs-content":"","ast-featured-img":"","footer-sml-layout":"","ast-disable-related-posts":"","theme-transparent-header-meta":"","adv-header-id-meta":"","stick-header-meta":"","header-above-stick-meta":"","header-main-stick-meta":"","header-below-stick-meta":"","astra-migrate-meta-layouts":"default","ast-page-background-enabled":"default","ast-page-background-meta":{"desktop":{"background-color":"var(--ast-global-color-4)","background-image":"","background-repeat":"repeat","background-position":"center center","background-size":"auto","background-attachment":"scroll","background-type":"","background-media":"","overlay-type":"","overlay-color":"","overlay-opacity":"","overlay-gradient":""},"tablet":{"background-color":"","background-image":"","background-repeat":"repeat","background-position":"center center","background-size":"auto","background-attachment":"scroll","background-type":"","background-media":"","overlay-type":"","overlay-color":"","overlay-opacity":"","overlay-gradient":""},"mobile":{"background-color":"","background-image":"","background-repeat":"repeat","background-position":"center center","background-size":"auto","background-attachment":"scroll","background-type":"","background-media":"","overlay-type":"","overlay-color":"","overlay-opacity":"","overlay-gradient":""}},"ast-content-background-meta":{"desktop":{"background-color":"var(--ast-global-color-5)","background-image":"","background-repeat":"repeat","background-position":"center center","background-size":"auto","background-attachment":"scroll","background-type":"","background-media":"","overlay-type":"","overlay-color":"","overlay-opacity":"","overlay-gradient":""},"tablet":{"background-color":"var(--ast-global-color-5)","background-image":"","background-repeat":"repeat","background-position":"center center","background-size":"auto","background-attachment":"scroll","background-type":"","background-media":"","overlay-type":"","overlay-color":"","overlay-opacity":"","overlay-gradient":""},"mobile":{"background-color":"var(--ast-global-color-5)","background-image":"","background-repeat":"repeat","background-position":"center center","background-size":"auto","background-attachment":"scroll","background-type":"","background-media":"","overlay-type":"","overlay-color":"","overlay-opacity":"","overlay-gradient":""}},"footnotes":""},"class_list":["post-115658","page","type-page","status-publish","hentry"],"yoast_head":"<!-- This site is optimized with the Yoast SEO Premium plugin v27.2 (Yoast SEO v27.3) - https:\/\/yoast.com\/product\/yoast-seo-premium-wordpress\/ -->\n<title>Boxintegration | Helpdesk och projektledningsprogram | OneDesk<\/title>\n<meta name=\"description\" content=\"Box Integration \u00e4r tillg\u00e4ngligt f\u00f6r OneDesk Help Desk och Project Management Software. Anslut ditt konto f\u00f6r att arbeta mer effektivt med dina projekt.\" \/>\n<meta name=\"robots\" content=\"index, follow, max-snippet:-1, max-image-preview:large, max-video-preview:-1\" \/>\n<link rel=\"canonical\" href=\"https:\/\/onedesk.com\/sv\/integrera-med-onedesk\/lada\/\" \/>\n<meta property=\"og:locale\" content=\"sv_SE\" \/>\n<meta property=\"og:type\" content=\"article\" \/>\n<meta property=\"og:title\" content=\"Boxintegration | Helpdesk och projektledningsprogram | OneDesk\" \/>\n<meta property=\"og:description\" content=\"Box Integration \u00e4r tillg\u00e4ngligt f\u00f6r OneDesk Help Desk och Project Management Software. Anslut ditt konto f\u00f6r att arbeta mer effektivt med dina projekt.\" \/>\n<meta property=\"og:url\" content=\"https:\/\/onedesk.com\/sv\/integrera-med-onedesk\/lada\/\" \/>\n<meta property=\"og:site_name\" content=\"OneDesk\" \/>\n<meta property=\"article:publisher\" content=\"https:\/\/www.facebook.com\/OneDeskApp\" \/>\n<meta property=\"article:modified_time\" content=\"2023-12-22T20:10:36+00:00\" \/>\n<meta property=\"og:image\" content=\"https:\/\/onedesk.com\/wp-content\/uploads\/2020\/01\/box.png\" \/>\n<meta name=\"twitter:card\" content=\"summary_large_image\" \/>\n<meta name=\"twitter:site\" content=\"@OneDeskApp\" \/>\n<meta name=\"twitter:label1\" content=\"Est. reading time\" \/>\n\t<meta name=\"twitter:data1\" content=\"1 minute\" \/>\n<!-- \/ Yoast SEO Premium plugin. -->","yoast_head_json":{"title":"Boxintegration | Helpdesk och projektledningsprogram | OneDesk","description":"Box Integration \u00e4r tillg\u00e4ngligt f\u00f6r OneDesk Help Desk och Project Management Software. Anslut ditt konto f\u00f6r att arbeta mer effektivt med dina projekt.","robots":{"index":"index","follow":"follow","max-snippet":"max-snippet:-1","max-image-preview":"max-image-preview:large","max-video-preview":"max-video-preview:-1"},"canonical":"https:\/\/onedesk.com\/sv\/integrera-med-onedesk\/lada\/","og_locale":"sv_SE","og_type":"article","og_title":"Boxintegration | Helpdesk och projektledningsprogram | OneDesk","og_description":"Box Integration \u00e4r tillg\u00e4ngligt f\u00f6r OneDesk Help Desk och Project Management Software. Anslut ditt konto f\u00f6r att arbeta mer effektivt med dina projekt.","og_url":"https:\/\/onedesk.com\/sv\/integrera-med-onedesk\/lada\/","og_site_name":"OneDesk","article_publisher":"https:\/\/www.facebook.com\/OneDeskApp","article_modified_time":"2023-12-22T20:10:36+00:00","og_image":[{"url":"https:\/\/onedesk.com\/wp-content\/uploads\/2020\/01\/box.png","type":"","width":"","height":""}],"twitter_card":"summary_large_image","twitter_site":"@OneDeskApp","twitter_misc":{"Est. reading time":"1 minute"},"schema":{"@context":"https:\/\/schema.org","@graph":[{"@type":"WebPage","@id":"https:\/\/onedesk.com\/sv\/integrera-med-onedesk\/lada\/","url":"https:\/\/onedesk.com\/sv\/integrera-med-onedesk\/lada\/","name":"Boxintegration | Helpdesk och projektledningsprogram | OneDesk","isPartOf":{"@id":"https:\/\/onedesk.com\/sv\/#website"},"primaryImageOfPage":{"@id":"https:\/\/onedesk.com\/sv\/integrera-med-onedesk\/lada\/#primaryimage"},"image":{"@id":"https:\/\/onedesk.com\/sv\/integrera-med-onedesk\/lada\/#primaryimage"},"thumbnailUrl":"https:\/\/onedesk.com\/wp-content\/uploads\/2020\/01\/box.png","datePublished":"2021-06-24T14:29:13+00:00","dateModified":"2023-12-22T20:10:36+00:00","description":"Box Integration \u00e4r tillg\u00e4ngligt f\u00f6r OneDesk Help Desk och Project Management Software. Anslut ditt konto f\u00f6r att arbeta mer effektivt med dina projekt.","breadcrumb":{"@id":"https:\/\/onedesk.com\/sv\/integrera-med-onedesk\/lada\/#breadcrumb"},"inLanguage":"sv-SE","potentialAction":[{"@type":"ReadAction","target":["https:\/\/onedesk.com\/sv\/integrera-med-onedesk\/lada\/"]}]},{"@type":"ImageObject","inLanguage":"sv-SE","@id":"https:\/\/onedesk.com\/sv\/integrera-med-onedesk\/lada\/#primaryimage","url":"https:\/\/onedesk.com\/wp-content\/uploads\/2020\/01\/box.png","contentUrl":"https:\/\/onedesk.com\/wp-content\/uploads\/2020\/01\/box.png"},{"@type":"BreadcrumbList","@id":"https:\/\/onedesk.com\/sv\/integrera-med-onedesk\/lada\/#breadcrumb","itemListElement":[{"@type":"ListItem","position":1,"name":"Integrera med OneDesk","item":"https:\/\/onedesk.com\/sv\/integrera-med-onedesk\/"},{"@type":"ListItem","position":2,"name":"L\u00e5da"}]},{"@type":"WebSite","@id":"https:\/\/onedesk.com\/sv\/#website","url":"https:\/\/onedesk.com\/sv\/","name":"OneDesk","description":"Projektledning &amp; Helpdesk-programvara","publisher":{"@id":"https:\/\/onedesk.com\/sv\/#organization"},"potentialAction":[{"@type":"SearchAction","target":{"@type":"EntryPoint","urlTemplate":"https:\/\/onedesk.com\/sv\/?s={search_term_string}"},"query-input":{"@type":"PropertyValueSpecification","valueRequired":true,"valueName":"search_term_string"}}],"inLanguage":"sv-SE"},{"@type":"Organization","@id":"https:\/\/onedesk.com\/sv\/#organization","name":"OneDesk","url":"https:\/\/onedesk.com\/sv\/","logo":{"@type":"ImageObject","inLanguage":"sv-SE","@id":"https:\/\/onedesk.com\/sv\/#\/schema\/logo\/image\/","url":"https:\/\/onedesk.com\/wp-content\/uploads\/2016\/01\/white-logo-small.png","contentUrl":"https:\/\/onedesk.com\/wp-content\/uploads\/2016\/01\/white-logo-small.png","width":207,"height":40,"caption":"OneDesk"},"image":{"@id":"https:\/\/onedesk.com\/sv\/#\/schema\/logo\/image\/"},"sameAs":["https:\/\/www.facebook.com\/OneDeskApp","https:\/\/x.com\/OneDeskApp","https:\/\/www.instagram.com\/onedeskapp\/","https:\/\/www.linkedin.com\/company\/onedesk-inc-1","https:\/\/www.pinterest.com\/onedesk\/","https:\/\/www.youtube.com\/user\/OneDeskApp"]}]}},"tpgb_featured_images":null,"tpgb_post_meta_info":{"get_date":"June 24, 2021","get_modified_date":"December 22, 2023","author_name":"server.admin@onedesk.com","author_url":"https:\/\/onedesk.com\/sv\/author\/server-adminonedesk-com\/","author_email":"server.admin@onedesk.com","author_website":"","author_description":"","author_facebook":"","author_twitter":"","author_instagram":"","author_role":["administrator"],"author_firstname":"","author_lastname":"","user_login":"server.admin@onedesk.com","author_avatar":"<img alt='' src='https:\/\/secure.gravatar.com\/avatar\/a37d6b270be81ecbf4ab9ca7260f2d1ee4d0295343706f0648e9d7a0d75243d3?s=200&#038;d=mm&#038;r=g' srcset='https:\/\/secure.gravatar.com\/avatar\/a37d6b270be81ecbf4ab9ca7260f2d1ee4d0295343706f0648e9d7a0d75243d3?s=400&#038;d=mm&#038;r=g 2x' class='avatar avatar-200 photo' height='200' width='200' decoding='async'\/>","author_avatar_url":"https:\/\/secure.gravatar.com\/avatar\/a37d6b270be81ecbf4ab9ca7260f2d1ee4d0295343706f0648e9d7a0d75243d3?s=96&d=mm&r=g","comment_count":0,"post_likes":0,"post_views":0},"tpgb_post_category":[],"jetpack_shortlink":"https:\/\/wp.me\/PfpPaI-u5s","amp_enabled":true,"_links":{"self":[{"href":"https:\/\/onedesk.com\/sv\/wp-json\/wp\/v2\/pages\/115658","targetHints":{"allow":["GET"]}}],"collection":[{"href":"https:\/\/onedesk.com\/sv\/wp-json\/wp\/v2\/pages"}],"about":[{"href":"https:\/\/onedesk.com\/sv\/wp-json\/wp\/v2\/types\/page"}],"author":[{"embeddable":true,"href":"https:\/\/onedesk.com\/sv\/wp-json\/wp\/v2\/users\/1"}],"replies":[{"embeddable":true,"href":"https:\/\/onedesk.com\/sv\/wp-json\/wp\/v2\/comments?post=115658"}],"version-history":[{"count":4,"href":"https:\/\/onedesk.com\/sv\/wp-json\/wp\/v2\/pages\/115658\/revisions"}],"predecessor-version":[{"id":264592,"href":"https:\/\/onedesk.com\/sv\/wp-json\/wp\/v2\/pages\/115658\/revisions\/264592"}],"up":[{"embeddable":true,"href":"https:\/\/onedesk.com\/sv\/wp-json\/wp\/v2\/pages\/115215"}],"wp:attachment":[{"href":"https:\/\/onedesk.com\/sv\/wp-json\/wp\/v2\/media?parent=115658"}],"curies":[{"name":"wp","href":"https:\/\/api.w.org\/{rel}","templated":true}]}}