{"id":152842,"date":"2021-12-16T20:58:46","date_gmt":"2021-12-16T20:58:46","guid":{"rendered":"https:\/\/onedesk.com\/funktioner-index\/instrumentpanel-widget\/"},"modified":"2021-12-16T21:00:38","modified_gmt":"2021-12-16T21:00:38","slug":"instrumentpanel-widget","status":"publish","type":"page","link":"https:\/\/onedesk.com\/sv\/funktioner-index\/instrumentpanel-widget\/","title":{"rendered":"Dashboard-widget"},"content":{"rendered":"\t\t<div data-elementor-type=\"wp-page\" data-elementor-id=\"152842\" class=\"elementor elementor-152842 elementor-100594\" data-elementor-post-type=\"page\">\n\t\t\t\t\t\t<section class=\"elementor-section elementor-top-section elementor-element elementor-element-609187a elementor-section-boxed elementor-section-height-default elementor-section-height-default\" data-id=\"609187a\" data-element_type=\"section\" data-e-type=\"section\">\n\t\t\t\t\t\t<div class=\"elementor-container elementor-column-gap-default\">\n\t\t\t\t\t<div class=\"elementor-column elementor-col-100 elementor-top-column elementor-element elementor-element-bea8812\" data-id=\"bea8812\" data-element_type=\"column\" data-e-type=\"column\">\n\t\t\t<div class=\"elementor-widget-wrap\">\n\t\t\t\t\t\t\t<\/div>\n\t\t<\/div>\n\t\t\t\t\t<\/div>\n\t\t<\/section>\n\t\t\t\t<section class=\"elementor-section elementor-top-section elementor-element elementor-element-6ab93c4 elementor-section-boxed elementor-section-height-default elementor-section-height-default\" data-id=\"6ab93c4\" data-element_type=\"section\" data-e-type=\"section\">\n\t\t\t\t\t\t<div class=\"elementor-container elementor-column-gap-default\">\n\t\t\t\t\t<div class=\"elementor-column elementor-col-100 elementor-top-column elementor-element elementor-element-a2a549f\" data-id=\"a2a549f\" data-element_type=\"column\" data-e-type=\"column\">\n\t\t\t<div class=\"elementor-widget-wrap elementor-element-populated\">\n\t\t\t\t\t\t<div class=\"elementor-element elementor-element-2a1d7b7 elementor-widget elementor-widget-heading\" data-id=\"2a1d7b7\" data-element_type=\"widget\" data-e-type=\"widget\" data-widget_type=\"heading.default\">\n\t\t\t\t<div class=\"elementor-widget-container\">\n\t\t\t\t\t<h2 class=\"elementor-heading-title elementor-size-default\">OneDesks Dashboard-widget<\/h2>\t\t\t\t<\/div>\n\t\t\t\t<\/div>\n\t\t\t\t\t<\/div>\n\t\t<\/div>\n\t\t\t\t\t<\/div>\n\t\t<\/section>\n\t\t\t\t<section class=\"elementor-section elementor-top-section elementor-element elementor-element-7842aa2 elementor-section-boxed elementor-section-height-default elementor-section-height-default\" data-id=\"7842aa2\" data-element_type=\"section\" data-e-type=\"section\">\n\t\t\t\t\t\t<div class=\"elementor-container elementor-column-gap-default\">\n\t\t\t\t\t<div class=\"elementor-column elementor-col-100 elementor-top-column elementor-element elementor-element-7c8722a\" data-id=\"7c8722a\" data-element_type=\"column\" data-e-type=\"column\">\n\t\t\t<div class=\"elementor-widget-wrap elementor-element-populated\">\n\t\t\t\t\t\t<div class=\"elementor-element elementor-element-45e87db elementor-widget elementor-widget-text-editor\" data-id=\"45e87db\" data-element_type=\"widget\" data-e-type=\"widget\" data-widget_type=\"text-editor.default\">\n\t\t\t\t<div class=\"elementor-widget-container\">\n\t\t\t\t\t\t\t\t\t<\/p>\n<p>H\u00e5ll dig uppdaterad med nyckeltal och se vad ditt team h\u00e5ller p\u00e5 med i OneDesk.<\/p>\n\t\t\t\t\t\t\t\t<\/div>\n\t\t\t\t<\/div>\n\t\t\t\t\t<\/div>\n\t\t<\/div>\n\t\t\t\t\t<\/div>\n\t\t<\/section>\n\t\t\t\t<section class=\"elementor-section elementor-top-section elementor-element elementor-element-510eee2 elementor-section-boxed elementor-section-height-default elementor-section-height-default\" data-id=\"510eee2\" data-element_type=\"section\" data-e-type=\"section\">\n\t\t\t\t\t\t<div class=\"elementor-container elementor-column-gap-default\">\n\t\t\t\t\t<div class=\"elementor-column elementor-col-100 elementor-top-column elementor-element elementor-element-2ecdef1\" data-id=\"2ecdef1\" data-element_type=\"column\" data-e-type=\"column\">\n\t\t\t<div class=\"elementor-widget-wrap elementor-element-populated\">\n\t\t\t\t\t\t<div class=\"elementor-element elementor-element-3c2b0ac elementor-align-center elementor-widget elementor-widget-global elementor-global-161540 elementor-global-131872 elementor-widget-button\" data-id=\"3c2b0ac\" data-element_type=\"widget\" data-e-type=\"widget\" data-widget_type=\"button.default\">\n\t\t\t\t<div class=\"elementor-widget-container\">\n\t\t\t\t\t\t\t\t\t<div class=\"elementor-button-wrapper\">\n\t\t\t\t\t<a class=\"elementor-button elementor-button-link elementor-size-lg elementor-animation-grow\" href=\"https:\/\/onedesk.com\/sv\/registrera-dig-gratis\/\">\n\t\t\t\t\t\t<span class=\"elementor-button-content-wrapper\">\n\t\t\t\t\t\t\t\t\t<span class=\"elementor-button-text\">Registrera dig gratis!<\/span>\n\t\t\t\t\t<\/span>\n\t\t\t\t\t<\/a>\n\t\t\t\t<\/div>\n\t\t\t\t\t\t\t\t<\/div>\n\t\t\t\t<\/div>\n\t\t\t\t\t<\/div>\n\t\t<\/div>\n\t\t\t\t\t<\/div>\n\t\t<\/section>\n\t\t\t\t<section class=\"elementor-section elementor-top-section elementor-element elementor-element-f0c23b7 elementor-section-boxed elementor-section-height-default elementor-section-height-default\" data-id=\"f0c23b7\" data-element_type=\"section\" data-e-type=\"section\">\n\t\t\t\t\t\t<div class=\"elementor-container elementor-column-gap-default\">\n\t\t\t\t\t<div class=\"elementor-column elementor-col-100 elementor-top-column elementor-element elementor-element-f0e7552\" data-id=\"f0e7552\" data-element_type=\"column\" data-e-type=\"column\">\n\t\t\t<div class=\"elementor-widget-wrap elementor-element-populated\">\n\t\t\t\t\t\t<div class=\"elementor-element elementor-element-d619c98 elementor-widget elementor-widget-image\" data-id=\"d619c98\" data-element_type=\"widget\" data-e-type=\"widget\" data-widget_type=\"image.default\">\n\t\t\t\t<div class=\"elementor-widget-container\">\n\t\t\t\t\t\t\t\t\t\t\t\t\t\t\t<img fetchpriority=\"high\" decoding=\"async\" width=\"1024\" height=\"216\" src=\"https:\/\/onedesk.com\/wp-content\/uploads\/2021\/05\/Key-Performance-Indicator-1024x216.png\" class=\"attachment-large size-large wp-image-152854\" alt=\"Key Performance Indicator\" srcset=\"https:\/\/onedesk.com\/wp-content\/uploads\/2021\/05\/Key-Performance-Indicator-1024x216.png 1024w, https:\/\/onedesk.com\/wp-content\/uploads\/2021\/05\/Key-Performance-Indicator-300x63.png 300w, https:\/\/onedesk.com\/wp-content\/uploads\/2021\/05\/Key-Performance-Indicator-768x162.png 768w, https:\/\/onedesk.com\/wp-content\/uploads\/2021\/05\/Key-Performance-Indicator-1536x324.png 1536w, https:\/\/onedesk.com\/wp-content\/uploads\/2021\/05\/Key-Performance-Indicator-2048x432.png 2048w, https:\/\/onedesk.com\/wp-content\/uploads\/2021\/05\/Key-Performance-Indicator-1422x300.png 1422w, https:\/\/onedesk.com\/wp-content\/uploads\/2021\/05\/Key-Performance-Indicator-1140x240.png 1140w, https:\/\/onedesk.com\/wp-content\/uploads\/2021\/05\/Key-Performance-Indicator-255x54.png 255w, https:\/\/onedesk.com\/wp-content\/uploads\/2021\/05\/Key-Performance-Indicator-379x80.png 379w, https:\/\/onedesk.com\/wp-content\/uploads\/2021\/05\/Key-Performance-Indicator-190x40.png 190w, https:\/\/onedesk.com\/wp-content\/uploads\/2021\/05\/Key-Performance-Indicator-480x101.png 480w, https:\/\/onedesk.com\/wp-content\/uploads\/2021\/05\/Key-Performance-Indicator-500x105.png 500w, https:\/\/onedesk.com\/wp-content\/uploads\/2021\/05\/Key-Performance-Indicator-1920x405.png 1920w, https:\/\/onedesk.com\/wp-content\/uploads\/2021\/05\/Key-Performance-Indicator-750x158.png 750w, https:\/\/onedesk.com\/wp-content\/uploads\/2021\/05\/Key-Performance-Indicator-360x76.png 360w\" sizes=\"(max-width: 1024px) 100vw, 1024px\" \/>\t\t\t\t\t\t\t\t\t\t\t\t\t\t\t<\/div>\n\t\t\t\t<\/div>\n\t\t\t\t\t<\/div>\n\t\t<\/div>\n\t\t\t\t\t<\/div>\n\t\t<\/section>\n\t\t\t\t<section class=\"elementor-section elementor-top-section elementor-element elementor-element-352aee4 elementor-section-boxed elementor-section-height-default elementor-section-height-default\" data-id=\"352aee4\" data-element_type=\"section\" data-e-type=\"section\">\n\t\t\t\t\t\t<div class=\"elementor-container elementor-column-gap-default\">\n\t\t\t\t\t<div class=\"elementor-column elementor-col-100 elementor-top-column elementor-element elementor-element-9f72c69\" data-id=\"9f72c69\" data-element_type=\"column\" data-e-type=\"column\">\n\t\t\t<div class=\"elementor-widget-wrap elementor-element-populated\">\n\t\t\t\t\t\t<div class=\"elementor-element elementor-element-59aebbe elementor-widget elementor-widget-spacer\" data-id=\"59aebbe\" data-element_type=\"widget\" data-e-type=\"widget\" data-widget_type=\"spacer.default\">\n\t\t\t\t<div class=\"elementor-widget-container\">\n\t\t\t\t\t\t\t<div class=\"elementor-spacer\">\n\t\t\t<div class=\"elementor-spacer-inner\"><\/div>\n\t\t<\/div>\n\t\t\t\t\t\t<\/div>\n\t\t\t\t<\/div>\n\t\t\t\t\t<\/div>\n\t\t<\/div>\n\t\t\t\t\t<\/div>\n\t\t<\/section>\n\t\t\t\t<section class=\"elementor-section elementor-top-section elementor-element elementor-element-d018c19 elementor-section-boxed elementor-section-height-default elementor-section-height-default\" data-id=\"d018c19\" data-element_type=\"section\" data-e-type=\"section\">\n\t\t\t\t\t\t<div class=\"elementor-container elementor-column-gap-default\">\n\t\t\t\t\t<div class=\"elementor-column elementor-col-100 elementor-top-column elementor-element elementor-element-3a0d434\" data-id=\"3a0d434\" data-element_type=\"column\" data-e-type=\"column\">\n\t\t\t<div class=\"elementor-widget-wrap elementor-element-populated\">\n\t\t\t\t\t\t<div class=\"elementor-element elementor-element-ce498a3 elementor-widget elementor-widget-text-editor\" data-id=\"ce498a3\" data-element_type=\"widget\" data-e-type=\"widget\" data-widget_type=\"text-editor.default\">\n\t\t\t\t<div class=\"elementor-widget-container\">\n\t\t\t\t\t\t\t\t\t<p>OneDesk har en instrumentpanelswidget som visar nyckelprestandaindikatorerna f\u00f6r din verksamhet. Den fungerar som en sammanst\u00e4llning av nyckeltal som visar viktig statistik f\u00f6r dina biljetter och uppgifter. Den kan sl\u00e5s p\u00e5\/av och fungerar i b\u00e5de standardvyer och <a href=\"https:\/\/onedesk.com\/features-index\/customizable-shareable-work-views\/\">anpassade vyer<\/a> . Genom att klicka igenom olika delar av widgeten filtreras din data ytterligare.<\/p>\n<p>Instrumentpanelswidgeten i sammanfattning l\u00e5ter dig:<\/p>\n<ul>\n<li>F\u00e5 en sammanfattning av dina arbetsframsteg<\/li>\n<li>Kontrollera f\u00f6r att se vem som jobbar med vad i realtid<\/li>\n<li>Se f\u00f6rdelningen av arbetet mellan ditt team<\/li>\n<\/ul>\n\t\t\t\t\t\t\t\t<\/div>\n\t\t\t\t<\/div>\n\t\t\t\t\t<\/div>\n\t\t<\/div>\n\t\t\t\t\t<\/div>\n\t\t<\/section>\n\t\t\t\t<section class=\"elementor-section elementor-top-section elementor-element elementor-element-b714405 elementor-section-boxed elementor-section-height-default elementor-section-height-default\" data-id=\"b714405\" data-element_type=\"section\" data-e-type=\"section\">\n\t\t\t\t\t\t<div class=\"elementor-container elementor-column-gap-default\">\n\t\t\t\t\t<div class=\"elementor-column elementor-col-100 elementor-top-column elementor-element elementor-element-b098378\" data-id=\"b098378\" data-element_type=\"column\" data-e-type=\"column\">\n\t\t\t<div class=\"elementor-widget-wrap elementor-element-populated\">\n\t\t\t\t\t\t<div class=\"elementor-element elementor-element-a07a429 elementor-widget elementor-widget-spacer\" data-id=\"a07a429\" data-element_type=\"widget\" data-e-type=\"widget\" data-widget_type=\"spacer.default\">\n\t\t\t\t<div class=\"elementor-widget-container\">\n\t\t\t\t\t\t\t<div class=\"elementor-spacer\">\n\t\t\t<div class=\"elementor-spacer-inner\"><\/div>\n\t\t<\/div>\n\t\t\t\t\t\t<\/div>\n\t\t\t\t<\/div>\n\t\t\t\t\t<\/div>\n\t\t<\/div>\n\t\t\t\t\t<\/div>\n\t\t<\/section>\n\t\t\t\t<\/div>\n\t\t","protected":false},"excerpt":{"rendered":"<p>OneDesks Dashboard-widget H\u00e5ll dig uppdaterad med nyckeltal och se vad ditt team h\u00e5ller p\u00e5 med i OneDesk. Sign up free! OneDesk har en instrumentpanelswidget som visar nyckelprestandaindikatorerna f\u00f6r din verksamhet. Den fungerar som en sammanst\u00e4llning av nyckeltal som visar viktig statistik f\u00f6r dina biljetter och uppgifter. Den kan sl\u00e5s p\u00e5\/av och fungerar i b\u00e5de standardvyer [&hellip;]<\/p>\n","protected":false},"author":25,"featured_media":0,"parent":151688,"menu_order":46,"comment_status":"closed","ping_status":"closed","template":"","meta":{"tpgb_global_settings":"","_crdt_document":"","inline_featured_image":false,"site-sidebar-layout":"no-sidebar","site-content-layout":"page-builder","ast-site-content-layout":"default","site-content-style":"default","site-sidebar-style":"default","ast-global-header-display":"","ast-banner-title-visibility":"","ast-main-header-display":"","ast-hfb-above-header-display":"","ast-hfb-below-header-display":"","ast-hfb-mobile-header-display":"","site-post-title":"disabled","ast-breadcrumbs-content":"","ast-featured-img":"disabled","footer-sml-layout":"","ast-disable-related-posts":"","theme-transparent-header-meta":"","adv-header-id-meta":"","stick-header-meta":"","header-above-stick-meta":"","header-main-stick-meta":"","header-below-stick-meta":"","astra-migrate-meta-layouts":"default","ast-page-background-enabled":"default","ast-page-background-meta":{"desktop":{"background-color":"var(--ast-global-color-4)","background-image":"","background-repeat":"repeat","background-position":"center center","background-size":"auto","background-attachment":"scroll","background-type":"","background-media":"","overlay-type":"","overlay-color":"","overlay-opacity":"","overlay-gradient":""},"tablet":{"background-color":"","background-image":"","background-repeat":"repeat","background-position":"center center","background-size":"auto","background-attachment":"scroll","background-type":"","background-media":"","overlay-type":"","overlay-color":"","overlay-opacity":"","overlay-gradient":""},"mobile":{"background-color":"","background-image":"","background-repeat":"repeat","background-position":"center center","background-size":"auto","background-attachment":"scroll","background-type":"","background-media":"","overlay-type":"","overlay-color":"","overlay-opacity":"","overlay-gradient":""}},"ast-content-background-meta":{"desktop":{"background-color":"var(--ast-global-color-5)","background-image":"","background-repeat":"repeat","background-position":"center center","background-size":"auto","background-attachment":"scroll","background-type":"","background-media":"","overlay-type":"","overlay-color":"","overlay-opacity":"","overlay-gradient":""},"tablet":{"background-color":"var(--ast-global-color-5)","background-image":"","background-repeat":"repeat","background-position":"center center","background-size":"auto","background-attachment":"scroll","background-type":"","background-media":"","overlay-type":"","overlay-color":"","overlay-opacity":"","overlay-gradient":""},"mobile":{"background-color":"var(--ast-global-color-5)","background-image":"","background-repeat":"repeat","background-position":"center center","background-size":"auto","background-attachment":"scroll","background-type":"","background-media":"","overlay-type":"","overlay-color":"","overlay-opacity":"","overlay-gradient":""}},"footnotes":""},"class_list":["post-152842","page","type-page","status-publish","hentry"],"yoast_head":"<!-- This site is optimized with the Yoast SEO Premium plugin v27.6 (Yoast SEO v27.6) - https:\/\/yoast.com\/product\/yoast-seo-premium-wordpress\/ -->\n<title>Dashboard-widget | OneDesk Help Desk och projektledningsprogramvara<\/title>\n<meta name=\"description\" content=\"OneDesk \u00e4r programvara f\u00f6r helpdesk och projektledning. H\u00e5ll koll p\u00e5 din projektprestanda genom KPI:er som visas p\u00e5 instrumentpanelswidgeten.\" \/>\n<meta name=\"robots\" content=\"index, follow, max-snippet:-1, max-image-preview:large, max-video-preview:-1\" \/>\n<link rel=\"canonical\" href=\"https:\/\/onedesk.com\/sv\/funktioner-index\/instrumentpanel-widget\/\" \/>\n<meta property=\"og:locale\" content=\"sv_SE\" \/>\n<meta property=\"og:type\" content=\"article\" \/>\n<meta property=\"og:title\" content=\"Dashboard-widget | OneDesk Help Desk och projektledningsprogramvara\" \/>\n<meta property=\"og:description\" content=\"OneDesk \u00e4r programvara f\u00f6r helpdesk och projektledning. H\u00e5ll koll p\u00e5 din projektprestanda genom KPI:er som visas p\u00e5 instrumentpanelswidgeten.\" \/>\n<meta property=\"og:url\" content=\"https:\/\/onedesk.com\/sv\/funktioner-index\/instrumentpanel-widget\/\" \/>\n<meta property=\"og:site_name\" content=\"OneDesk\" \/>\n<meta property=\"article:publisher\" content=\"https:\/\/www.facebook.com\/OneDeskApp\" \/>\n<meta property=\"article:modified_time\" content=\"2021-12-16T21:00:38+00:00\" \/>\n<meta property=\"og:image\" content=\"https:\/\/onedesk.com\/wp-content\/uploads\/2021\/05\/Key-Performance-Indicator-1024x216.png\" \/>\n<meta name=\"twitter:card\" content=\"summary_large_image\" \/>\n<meta name=\"twitter:site\" content=\"@OneDeskApp\" \/>\n<meta name=\"twitter:label1\" content=\"Est. reading time\" \/>\n\t<meta name=\"twitter:data1\" content=\"1 minute\" \/>\n<!-- \/ Yoast SEO Premium plugin. -->","yoast_head_json":{"title":"Dashboard-widget | OneDesk Help Desk och projektledningsprogramvara","description":"OneDesk \u00e4r programvara f\u00f6r helpdesk och projektledning. H\u00e5ll koll p\u00e5 din projektprestanda genom KPI:er som visas p\u00e5 instrumentpanelswidgeten.","robots":{"index":"index","follow":"follow","max-snippet":"max-snippet:-1","max-image-preview":"max-image-preview:large","max-video-preview":"max-video-preview:-1"},"canonical":"https:\/\/onedesk.com\/sv\/funktioner-index\/instrumentpanel-widget\/","og_locale":"sv_SE","og_type":"article","og_title":"Dashboard-widget | OneDesk Help Desk och projektledningsprogramvara","og_description":"OneDesk \u00e4r programvara f\u00f6r helpdesk och projektledning. H\u00e5ll koll p\u00e5 din projektprestanda genom KPI:er som visas p\u00e5 instrumentpanelswidgeten.","og_url":"https:\/\/onedesk.com\/sv\/funktioner-index\/instrumentpanel-widget\/","og_site_name":"OneDesk","article_publisher":"https:\/\/www.facebook.com\/OneDeskApp","article_modified_time":"2021-12-16T21:00:38+00:00","og_image":[{"url":"https:\/\/onedesk.com\/wp-content\/uploads\/2021\/05\/Key-Performance-Indicator-1024x216.png","type":"","width":"","height":""}],"twitter_card":"summary_large_image","twitter_site":"@OneDeskApp","twitter_misc":{"Est. reading time":"1 minute"},"schema":{"@context":"https:\/\/schema.org","@graph":[{"@type":"WebPage","@id":"https:\/\/onedesk.com\/sv\/funktioner-index\/instrumentpanel-widget\/","url":"https:\/\/onedesk.com\/sv\/funktioner-index\/instrumentpanel-widget\/","name":"Dashboard-widget | OneDesk Help Desk och projektledningsprogramvara","isPartOf":{"@id":"https:\/\/onedesk.com\/sv\/#website"},"primaryImageOfPage":{"@id":"https:\/\/onedesk.com\/sv\/funktioner-index\/instrumentpanel-widget\/#primaryimage"},"image":{"@id":"https:\/\/onedesk.com\/sv\/funktioner-index\/instrumentpanel-widget\/#primaryimage"},"thumbnailUrl":"https:\/\/onedesk.com\/wp-content\/uploads\/2021\/05\/Key-Performance-Indicator-1024x216.png","datePublished":"2021-12-16T20:58:46+00:00","dateModified":"2021-12-16T21:00:38+00:00","description":"OneDesk \u00e4r programvara f\u00f6r helpdesk och projektledning. H\u00e5ll koll p\u00e5 din projektprestanda genom KPI:er som visas p\u00e5 instrumentpanelswidgeten.","breadcrumb":{"@id":"https:\/\/onedesk.com\/sv\/funktioner-index\/instrumentpanel-widget\/#breadcrumb"},"inLanguage":"sv-SE","potentialAction":[{"@type":"ReadAction","target":["https:\/\/onedesk.com\/sv\/funktioner-index\/instrumentpanel-widget\/"]}]},{"@type":"ImageObject","inLanguage":"sv-SE","@id":"https:\/\/onedesk.com\/sv\/funktioner-index\/instrumentpanel-widget\/#primaryimage","url":"https:\/\/onedesk.com\/wp-content\/uploads\/2021\/05\/Key-Performance-Indicator-1024x216.png","contentUrl":"https:\/\/onedesk.com\/wp-content\/uploads\/2021\/05\/Key-Performance-Indicator-1024x216.png"},{"@type":"BreadcrumbList","@id":"https:\/\/onedesk.com\/sv\/funktioner-index\/instrumentpanel-widget\/#breadcrumb","itemListElement":[{"@type":"ListItem","position":1,"name":"OneDesk Funktionsindex","item":"https:\/\/onedesk.com\/sv\/funktioner-index\/"},{"@type":"ListItem","position":2,"name":"Dashboard-widget"}]},{"@type":"WebSite","@id":"https:\/\/onedesk.com\/sv\/#website","url":"https:\/\/onedesk.com\/sv\/","name":"OneDesk","description":"Projektledning &amp; Helpdesk-programvara","publisher":{"@id":"https:\/\/onedesk.com\/sv\/#organization"},"potentialAction":[{"@type":"SearchAction","target":{"@type":"EntryPoint","urlTemplate":"https:\/\/onedesk.com\/sv\/?s={search_term_string}"},"query-input":{"@type":"PropertyValueSpecification","valueRequired":true,"valueName":"search_term_string"}}],"inLanguage":"sv-SE"},{"@type":"Organization","@id":"https:\/\/onedesk.com\/sv\/#organization","name":"OneDesk","url":"https:\/\/onedesk.com\/sv\/","logo":{"@type":"ImageObject","inLanguage":"sv-SE","@id":"https:\/\/onedesk.com\/sv\/#\/schema\/logo\/image\/","url":"https:\/\/onedesk.com\/wp-content\/uploads\/2016\/01\/white-logo-small.png","contentUrl":"https:\/\/onedesk.com\/wp-content\/uploads\/2016\/01\/white-logo-small.png","width":207,"height":40,"caption":"OneDesk"},"image":{"@id":"https:\/\/onedesk.com\/sv\/#\/schema\/logo\/image\/"},"sameAs":["https:\/\/www.facebook.com\/OneDeskApp","https:\/\/x.com\/OneDeskApp","https:\/\/www.instagram.com\/onedeskapp\/","https:\/\/www.linkedin.com\/company\/onedesk-inc-1","https:\/\/www.pinterest.com\/onedesk\/","https:\/\/www.youtube.com\/user\/OneDeskApp"]}]}},"tpgb_featured_images":null,"tpgb_post_meta_info":{"get_date":"December 16, 2021","get_modified_date":"December 16, 2021","author_name":"Kenneth Lim","author_url":"https:\/\/onedesk.com\/sv\/author\/ken-lim\/","author_email":"ken.lim@onedesk.com","author_website":"","author_description":"","author_facebook":"","author_twitter":"","author_instagram":"","author_role":["subscriber"],"author_firstname":"Kenneth","author_lastname":"Lim","user_login":"ken.lim","author_avatar":"<img alt='' src='https:\/\/secure.gravatar.com\/avatar\/a4ec21f0334373cadb0a505588ce84b318527287a4e82901cc7c9b983073d3e7?s=200&#038;d=mm&#038;r=g' srcset='https:\/\/secure.gravatar.com\/avatar\/a4ec21f0334373cadb0a505588ce84b318527287a4e82901cc7c9b983073d3e7?s=400&#038;d=mm&#038;r=g 2x' class='avatar avatar-200 photo' height='200' width='200' decoding='async'\/>","author_avatar_url":"https:\/\/secure.gravatar.com\/avatar\/a4ec21f0334373cadb0a505588ce84b318527287a4e82901cc7c9b983073d3e7?s=96&d=mm&r=g","comment_count":0,"post_likes":0,"post_views":0},"tpgb_post_category":[],"jetpack_shortlink":"https:\/\/wp.me\/PfpPaI-DLc","amp_enabled":true,"_links":{"self":[{"href":"https:\/\/onedesk.com\/sv\/wp-json\/wp\/v2\/pages\/152842","targetHints":{"allow":["GET"]}}],"collection":[{"href":"https:\/\/onedesk.com\/sv\/wp-json\/wp\/v2\/pages"}],"about":[{"href":"https:\/\/onedesk.com\/sv\/wp-json\/wp\/v2\/types\/page"}],"author":[{"embeddable":true,"href":"https:\/\/onedesk.com\/sv\/wp-json\/wp\/v2\/users\/25"}],"replies":[{"embeddable":true,"href":"https:\/\/onedesk.com\/sv\/wp-json\/wp\/v2\/comments?post=152842"}],"version-history":[{"count":2,"href":"https:\/\/onedesk.com\/sv\/wp-json\/wp\/v2\/pages\/152842\/revisions"}],"predecessor-version":[{"id":152858,"href":"https:\/\/onedesk.com\/sv\/wp-json\/wp\/v2\/pages\/152842\/revisions\/152858"}],"up":[{"embeddable":true,"href":"https:\/\/onedesk.com\/sv\/wp-json\/wp\/v2\/pages\/151688"}],"wp:attachment":[{"href":"https:\/\/onedesk.com\/sv\/wp-json\/wp\/v2\/media?parent=152842"}],"curies":[{"name":"wp","href":"https:\/\/api.w.org\/{rel}","templated":true}]}}