{"id":153807,"date":"2021-12-17T18:40:30","date_gmt":"2021-12-17T18:40:30","guid":{"rendered":"https:\/\/onedesk.com\/funktioner-index\/flersprakig-formaga\/"},"modified":"2023-08-08T19:00:52","modified_gmt":"2023-08-08T19:00:52","slug":"flersprakig-formaga","status":"publish","type":"page","link":"https:\/\/onedesk.com\/sv\/funktioner-index\/flersprakig-formaga\/","title":{"rendered":"Flerspr\u00e5kig f\u00f6rm\u00e5ga"},"content":{"rendered":"\t\t<div data-elementor-type=\"wp-page\" data-elementor-id=\"153807\" class=\"elementor elementor-153807 elementor-101055\" data-elementor-post-type=\"page\">\n\t\t\t\t\t\t<section class=\"elementor-section elementor-top-section elementor-element elementor-element-1737df6a elementor-section-boxed elementor-section-height-default elementor-section-height-default\" data-id=\"1737df6a\" data-element_type=\"section\" data-e-type=\"section\">\n\t\t\t\t\t\t<div class=\"elementor-container elementor-column-gap-default\">\n\t\t\t\t\t<div class=\"elementor-column elementor-col-100 elementor-top-column elementor-element elementor-element-204cecf9\" data-id=\"204cecf9\" data-element_type=\"column\" data-e-type=\"column\">\n\t\t\t<div class=\"elementor-widget-wrap elementor-element-populated\">\n\t\t\t\t\t\t<div class=\"elementor-element elementor-element-4837a0fc elementor-widget elementor-widget-heading\" data-id=\"4837a0fc\" data-element_type=\"widget\" data-e-type=\"widget\" data-widget_type=\"heading.default\">\n\t\t\t\t<div class=\"elementor-widget-container\">\n\t\t\t\t\t<h2 class=\"elementor-heading-title elementor-size-default\">Flerspr\u00e5kig f\u00f6rm\u00e5ga<\/h2>\t\t\t\t<\/div>\n\t\t\t\t<\/div>\n\t\t\t\t<div class=\"elementor-element elementor-element-2dc676af elementor-widget elementor-widget-text-editor\" data-id=\"2dc676af\" data-element_type=\"widget\" data-e-type=\"widget\" data-widget_type=\"text-editor.default\">\n\t\t\t\t<div class=\"elementor-widget-container\">\n\t\t\t\t\t\t\t\t\t<p>Arbeta p\u00e5 det spr\u00e5k du v\u00e4ljer. <\/p>\n\t\t\t\t\t\t\t\t<\/div>\n\t\t\t\t<\/div>\n\t\t\t\t<div class=\"elementor-element elementor-element-2b9f41c elementor-align-center elementor-widget elementor-widget-global elementor-global-161540 elementor-global-131872 elementor-widget-button\" data-id=\"2b9f41c\" data-element_type=\"widget\" data-e-type=\"widget\" data-widget_type=\"button.default\">\n\t\t\t\t<div class=\"elementor-widget-container\">\n\t\t\t\t\t\t\t\t\t<div class=\"elementor-button-wrapper\">\n\t\t\t\t\t<a class=\"elementor-button elementor-button-link elementor-size-lg elementor-animation-grow\" href=\"https:\/\/onedesk.com\/sv\/registrera-dig-gratis\/\">\n\t\t\t\t\t\t<span class=\"elementor-button-content-wrapper\">\n\t\t\t\t\t\t\t\t\t<span class=\"elementor-button-text\">Registrera dig gratis!<\/span>\n\t\t\t\t\t<\/span>\n\t\t\t\t\t<\/a>\n\t\t\t\t<\/div>\n\t\t\t\t\t\t\t\t<\/div>\n\t\t\t\t<\/div>\n\t\t\t\t\t<\/div>\n\t\t<\/div>\n\t\t\t\t\t<\/div>\n\t\t<\/section>\n\t\t\t\t<section class=\"elementor-section elementor-top-section elementor-element elementor-element-cb52e72 elementor-section-boxed elementor-section-height-default elementor-section-height-default\" data-id=\"cb52e72\" data-element_type=\"section\" data-e-type=\"section\">\n\t\t\t\t\t\t<div class=\"elementor-container elementor-column-gap-default\">\n\t\t\t\t\t<div class=\"elementor-column elementor-col-50 elementor-top-column elementor-element elementor-element-41273f6b\" data-id=\"41273f6b\" data-element_type=\"column\" data-e-type=\"column\">\n\t\t\t<div class=\"elementor-widget-wrap elementor-element-populated\">\n\t\t\t\t\t\t<div class=\"elementor-element elementor-element-f634b1d elementor-widget elementor-widget-image\" data-id=\"f634b1d\" data-element_type=\"widget\" data-e-type=\"widget\" data-widget_type=\"image.default\">\n\t\t\t\t<div class=\"elementor-widget-container\">\n\t\t\t\t\t\t\t\t\t\t\t\t\t\t\t<img fetchpriority=\"high\" decoding=\"async\" width=\"1024\" height=\"1019\" src=\"https:\/\/onedesk.com\/wp-content\/uploads\/2021\/05\/Multi-Language-Capability-1024x1019.png\" class=\"attachment-large size-large wp-image-153809\" alt=\"Flerspr\u00e5kig f\u00f6rm\u00e5ga\" srcset=\"https:\/\/onedesk.com\/wp-content\/uploads\/2021\/05\/Multi-Language-Capability-1024x1019.png 1024w, https:\/\/onedesk.com\/wp-content\/uploads\/2021\/05\/Multi-Language-Capability-300x298.png 300w, https:\/\/onedesk.com\/wp-content\/uploads\/2021\/05\/Multi-Language-Capability-150x150.png 150w, https:\/\/onedesk.com\/wp-content\/uploads\/2021\/05\/Multi-Language-Capability-768x764.png 768w, https:\/\/onedesk.com\/wp-content\/uploads\/2021\/05\/Multi-Language-Capability-302x300.png 302w, https:\/\/onedesk.com\/wp-content\/uploads\/2021\/05\/Multi-Language-Capability-905x900.png 905w, https:\/\/onedesk.com\/wp-content\/uploads\/2021\/05\/Multi-Language-Capability-255x254.png 255w, https:\/\/onedesk.com\/wp-content\/uploads\/2021\/05\/Multi-Language-Capability-80x80.png 80w, https:\/\/onedesk.com\/wp-content\/uploads\/2021\/05\/Multi-Language-Capability-40x40.png 40w, https:\/\/onedesk.com\/wp-content\/uploads\/2021\/05\/Multi-Language-Capability-60x60.png 60w, https:\/\/onedesk.com\/wp-content\/uploads\/2021\/05\/Multi-Language-Capability-480x477.png 480w, https:\/\/onedesk.com\/wp-content\/uploads\/2021\/05\/Multi-Language-Capability-500x497.png 500w, https:\/\/onedesk.com\/wp-content\/uploads\/2021\/05\/Multi-Language-Capability-750x746.png 750w, https:\/\/onedesk.com\/wp-content\/uploads\/2021\/05\/Multi-Language-Capability-360x358.png 360w, https:\/\/onedesk.com\/wp-content\/uploads\/2021\/05\/Multi-Language-Capability.png 1508w\" sizes=\"(max-width: 1024px) 100vw, 1024px\" \/>\t\t\t\t\t\t\t\t\t\t\t\t\t\t\t<\/div>\n\t\t\t\t<\/div>\n\t\t\t\t\t<\/div>\n\t\t<\/div>\n\t\t\t\t<div class=\"elementor-column elementor-col-50 elementor-top-column elementor-element elementor-element-222523bc\" data-id=\"222523bc\" data-element_type=\"column\" data-e-type=\"column\">\n\t\t\t<div class=\"elementor-widget-wrap elementor-element-populated\">\n\t\t\t\t\t\t<div class=\"elementor-element elementor-element-eaba348 elementor-widget elementor-widget-heading\" data-id=\"eaba348\" data-element_type=\"widget\" data-e-type=\"widget\" data-widget_type=\"heading.default\">\n\t\t\t\t<div class=\"elementor-widget-container\">\n\t\t\t\t\t<h2 class=\"elementor-heading-title elementor-size-default\">St\u00e4ll in dina spr\u00e5kinst\u00e4llningar <\/h2>\t\t\t\t<\/div>\n\t\t\t\t<\/div>\n\t\t\t\t<div class=\"elementor-element elementor-element-106d5c96 elementor-widget elementor-widget-text-editor\" data-id=\"106d5c96\" data-element_type=\"widget\" data-e-type=\"widget\" data-widget_type=\"text-editor.default\">\n\t\t\t\t<div class=\"elementor-widget-container\">\n\t\t\t\t\t\t\t\t\t<p>OneDesk l\u00e5ter dig \u00e4ndra dess <a href=\"https:\/\/onedesk.com\/sv\/stod-for-flera-sprak\/\">gr\u00e4nssnittsspr\u00e5k<\/a> p\u00e5 <a href=\"https:\/\/onedesk.com\/sv\/funktioner-index\/foretagspreferenser\/\">f\u00f6retags-<\/a> , anv\u00e4ndar- och kundniv\u00e5. Detta g\u00f6r att du kan:<\/p>\n<ul>\n<li>Matcha gr\u00e4nssnittsspr\u00e5ket f\u00f6r OneDesk med ditt f\u00f6retags spr\u00e5kpreferens.<\/li>\n<li>Till\u00e5t anv\u00e4ndare att v\u00e4lja sitt eget f\u00f6redragna gr\u00e4nssnittsspr\u00e5k om ditt f\u00f6retag \u00e4r flerspr\u00e5kigt.<\/li>\n<li>F\u00f6rb\u00e4ttra kundupplevelsen genom att l\u00e5ta dem v\u00e4lja sitt f\u00f6redragna spr\u00e5k i <a href=\"https:\/\/onedesk.com\/sv\/lagg-till-appar-till-din-webbplats\/\">kundappar<\/a><\/li>\n<\/ul>\n\t\t\t\t\t\t\t\t<\/div>\n\t\t\t\t<\/div>\n\t\t\t\t\t<\/div>\n\t\t<\/div>\n\t\t\t\t\t<\/div>\n\t\t<\/section>\n\t\t\t\t<section class=\"elementor-section elementor-top-section elementor-element elementor-element-5cd4721 elementor-section-boxed elementor-section-height-default elementor-section-height-default\" data-id=\"5cd4721\" data-element_type=\"section\" data-e-type=\"section\">\n\t\t\t\t\t\t<div class=\"elementor-container elementor-column-gap-default\">\n\t\t\t\t\t<div class=\"elementor-column elementor-col-100 elementor-top-column elementor-element elementor-element-bebaeee\" data-id=\"bebaeee\" data-element_type=\"column\" data-e-type=\"column\">\n\t\t\t<div class=\"elementor-widget-wrap elementor-element-populated\">\n\t\t\t\t\t\t<div class=\"elementor-element elementor-element-ad413eb elementor-widget elementor-widget-heading\" data-id=\"ad413eb\" data-element_type=\"widget\" data-e-type=\"widget\" data-widget_type=\"heading.default\">\n\t\t\t\t<div class=\"elementor-widget-container\">\n\t\t\t\t\t<h2 class=\"elementor-heading-title elementor-size-default\">L\u00e4rresurser<\/h2>\t\t\t\t<\/div>\n\t\t\t\t<\/div>\n\t\t\t\t\t<\/div>\n\t\t<\/div>\n\t\t\t\t\t<\/div>\n\t\t<\/section>\n\t\t\t\t<section class=\"elementor-section elementor-top-section elementor-element elementor-element-b416c2b elementor-section-boxed elementor-section-height-default elementor-section-height-default\" data-id=\"b416c2b\" data-element_type=\"section\" data-e-type=\"section\">\n\t\t\t\t\t\t<div class=\"elementor-container elementor-column-gap-default\">\n\t\t\t\t\t<div class=\"elementor-column elementor-col-50 elementor-top-column elementor-element elementor-element-8dd41a9\" data-id=\"8dd41a9\" data-element_type=\"column\" data-e-type=\"column\" data-settings=\"{&quot;background_background&quot;:&quot;classic&quot;}\">\n\t\t\t<div class=\"elementor-widget-wrap elementor-element-populated\">\n\t\t\t\t\t\t<div class=\"elementor-element elementor-element-5fad198 elementor-widget elementor-widget-heading\" data-id=\"5fad198\" data-element_type=\"widget\" data-e-type=\"widget\" data-widget_type=\"heading.default\">\n\t\t\t\t<div class=\"elementor-widget-container\">\n\t\t\t\t\t<h3 class=\"elementor-heading-title elementor-size-default\"><a href=\"https:\/\/kb.onedesk.com\/app-od\/o-onedesk\/knowledge-base-1\/article-7bcc3927-3076-48d9-905c-c3ce833f2961\">Spr\u00e5kinst\u00e4llningar<\/a><\/h3>\t\t\t\t<\/div>\n\t\t\t\t<\/div>\n\t\t\t\t<div class=\"elementor-element elementor-element-1b61330 elementor-widget elementor-widget-text-editor\" data-id=\"1b61330\" data-element_type=\"widget\" data-e-type=\"widget\" data-widget_type=\"text-editor.default\">\n\t\t\t\t<div class=\"elementor-widget-container\">\n\t\t\t\t\t\t\t\t\t<p>St\u00e4ll in ditt spr\u00e5k p\u00e5 f\u00f6retags-, agent- eller kundniv\u00e5. <\/p>\n<p><a href=\"https:\/\/kb.onedesk.com\/app-od\/o-onedesk\/knowledge-base-1\/article-7bcc3927-3076-48d9-905c-c3ce833f2961\"><strong>L\u00e4s mer&gt;&gt;<\/strong><\/a><\/p>\n\t\t\t\t\t\t\t\t<\/div>\n\t\t\t\t<\/div>\n\t\t\t\t\t<\/div>\n\t\t<\/div>\n\t\t\t\t<div class=\"elementor-column elementor-col-50 elementor-top-column elementor-element elementor-element-be968af\" data-id=\"be968af\" data-element_type=\"column\" data-e-type=\"column\" data-settings=\"{&quot;background_background&quot;:&quot;classic&quot;}\">\n\t\t\t<div class=\"elementor-widget-wrap elementor-element-populated\">\n\t\t\t\t\t\t<div class=\"elementor-element elementor-element-7497f0b elementor-widget elementor-widget-heading\" data-id=\"7497f0b\" data-element_type=\"widget\" data-e-type=\"widget\" data-widget_type=\"heading.default\">\n\t\t\t\t<div class=\"elementor-widget-container\">\n\t\t\t\t\t<h3 class=\"elementor-heading-title elementor-size-default\"><a href=\"https:\/\/kb.onedesk.com\/app-od\/o-onedesk\/knowledge-base-1\/article-ae3e3b56-14f6-440e-853c-2046cd9c75e6\">Kundkommunikationskanaler<\/a><\/h3>\t\t\t\t<\/div>\n\t\t\t\t<\/div>\n\t\t\t\t<div class=\"elementor-element elementor-element-b300ed0 elementor-widget elementor-widget-text-editor\" data-id=\"b300ed0\" data-element_type=\"widget\" data-e-type=\"widget\" data-widget_type=\"text-editor.default\">\n\t\t\t\t<div class=\"elementor-widget-container\">\n\t\t\t\t\t\t\t\t\t<p>Kommunicera med dina kunder eller slutanv\u00e4ndare genom olika kanaler.<\/p>\n<p><a href=\"https:\/\/kb.onedesk.com\/app-od\/o-onedesk\/knowledge-base-1\/article-ae3e3b56-14f6-440e-853c-2046cd9c75e6\"><strong>L\u00e4s mer&gt;&gt;<\/strong><\/a><\/p>\n\t\t\t\t\t\t\t\t<\/div>\n\t\t\t\t<\/div>\n\t\t\t\t\t<\/div>\n\t\t<\/div>\n\t\t\t\t\t<\/div>\n\t\t<\/section>\n\t\t\t\t<\/div>\n\t\t","protected":false},"excerpt":{"rendered":"<p>Flerspr\u00e5kig f\u00f6rm\u00e5ga Arbeta p\u00e5 det spr\u00e5k du v\u00e4ljer. Sign up free! St\u00e4ll in dina spr\u00e5kinst\u00e4llningar OneDesk l\u00e5ter dig \u00e4ndra dess gr\u00e4nssnittsspr\u00e5k p\u00e5 f\u00f6retags- , anv\u00e4ndar- och kundniv\u00e5. Detta g\u00f6r att du kan: Matcha gr\u00e4nssnittsspr\u00e5ket f\u00f6r OneDesk med ditt f\u00f6retags spr\u00e5kpreferens. Till\u00e5t anv\u00e4ndare att v\u00e4lja sitt eget f\u00f6redragna gr\u00e4nssnittsspr\u00e5k om ditt f\u00f6retag \u00e4r flerspr\u00e5kigt. F\u00f6rb\u00e4ttra kundupplevelsen [&hellip;]<\/p>\n","protected":false},"author":30,"featured_media":0,"parent":151688,"menu_order":21,"comment_status":"closed","ping_status":"closed","template":"","meta":{"tpgb_global_settings":"","_crdt_document":"","inline_featured_image":false,"site-sidebar-layout":"default","site-content-layout":"","ast-site-content-layout":"default","site-content-style":"default","site-sidebar-style":"default","ast-global-header-display":"","ast-banner-title-visibility":"","ast-main-header-display":"","ast-hfb-above-header-display":"","ast-hfb-below-header-display":"","ast-hfb-mobile-header-display":"","site-post-title":"","ast-breadcrumbs-content":"","ast-featured-img":"","footer-sml-layout":"","ast-disable-related-posts":"","theme-transparent-header-meta":"","adv-header-id-meta":"","stick-header-meta":"","header-above-stick-meta":"","header-main-stick-meta":"","header-below-stick-meta":"","astra-migrate-meta-layouts":"default","ast-page-background-enabled":"default","ast-page-background-meta":{"desktop":{"background-color":"var(--ast-global-color-4)","background-image":"","background-repeat":"repeat","background-position":"center center","background-size":"auto","background-attachment":"scroll","background-type":"","background-media":"","overlay-type":"","overlay-color":"","overlay-opacity":"","overlay-gradient":""},"tablet":{"background-color":"","background-image":"","background-repeat":"repeat","background-position":"center center","background-size":"auto","background-attachment":"scroll","background-type":"","background-media":"","overlay-type":"","overlay-color":"","overlay-opacity":"","overlay-gradient":""},"mobile":{"background-color":"","background-image":"","background-repeat":"repeat","background-position":"center center","background-size":"auto","background-attachment":"scroll","background-type":"","background-media":"","overlay-type":"","overlay-color":"","overlay-opacity":"","overlay-gradient":""}},"ast-content-background-meta":{"desktop":{"background-color":"var(--ast-global-color-5)","background-image":"","background-repeat":"repeat","background-position":"center center","background-size":"auto","background-attachment":"scroll","background-type":"","background-media":"","overlay-type":"","overlay-color":"","overlay-opacity":"","overlay-gradient":""},"tablet":{"background-color":"var(--ast-global-color-5)","background-image":"","background-repeat":"repeat","background-position":"center center","background-size":"auto","background-attachment":"scroll","background-type":"","background-media":"","overlay-type":"","overlay-color":"","overlay-opacity":"","overlay-gradient":""},"mobile":{"background-color":"var(--ast-global-color-5)","background-image":"","background-repeat":"repeat","background-position":"center center","background-size":"auto","background-attachment":"scroll","background-type":"","background-media":"","overlay-type":"","overlay-color":"","overlay-opacity":"","overlay-gradient":""}},"footnotes":""},"class_list":["post-153807","page","type-page","status-publish","hentry"],"yoast_head":"<!-- This site is optimized with the Yoast SEO Premium plugin v27.3 (Yoast SEO v27.3) - https:\/\/yoast.com\/product\/yoast-seo-premium-wordpress\/ -->\n<title>Flerspr\u00e5kig f\u00f6rm\u00e5ga | Funktioner | OneDesk Help Desk och projektledning<\/title>\n<meta name=\"description\" content=\"OneDesk \u00e4r helpdesk och projektledningsprogram. V\u00e5r flerspr\u00e5kiga funktion l\u00e5ter dig v\u00e4lja gr\u00e4nssnittsspr\u00e5k f\u00f6r OneDesk.\" \/>\n<meta name=\"robots\" content=\"index, follow, max-snippet:-1, max-image-preview:large, max-video-preview:-1\" \/>\n<link rel=\"canonical\" href=\"https:\/\/onedesk.com\/sv\/funktioner-index\/flersprakig-formaga\/\" \/>\n<meta property=\"og:locale\" content=\"sv_SE\" \/>\n<meta property=\"og:type\" content=\"article\" \/>\n<meta property=\"og:title\" content=\"Flerspr\u00e5kig f\u00f6rm\u00e5ga | Funktioner | OneDesk Help Desk och projektledning\" \/>\n<meta property=\"og:description\" content=\"OneDesk \u00e4r helpdesk och projektledningsprogram. V\u00e5r flerspr\u00e5kiga funktion l\u00e5ter dig v\u00e4lja gr\u00e4nssnittsspr\u00e5k f\u00f6r OneDesk.\" \/>\n<meta property=\"og:url\" content=\"https:\/\/onedesk.com\/sv\/funktioner-index\/flersprakig-formaga\/\" \/>\n<meta property=\"og:site_name\" content=\"OneDesk\" \/>\n<meta property=\"article:publisher\" content=\"https:\/\/www.facebook.com\/OneDeskApp\" \/>\n<meta property=\"article:modified_time\" content=\"2023-08-08T19:00:52+00:00\" \/>\n<meta property=\"og:image\" content=\"https:\/\/onedesk.com\/wp-content\/uploads\/2021\/05\/Multi-Language-Capability-1024x1019.png\" \/>\n<meta name=\"twitter:card\" content=\"summary_large_image\" \/>\n<meta name=\"twitter:site\" content=\"@OneDeskApp\" \/>\n<meta name=\"twitter:label1\" content=\"Est. reading time\" \/>\n\t<meta name=\"twitter:data1\" content=\"1 minute\" \/>\n<!-- \/ Yoast SEO Premium plugin. -->","yoast_head_json":{"title":"Flerspr\u00e5kig f\u00f6rm\u00e5ga | Funktioner | OneDesk Help Desk och projektledning","description":"OneDesk \u00e4r helpdesk och projektledningsprogram. V\u00e5r flerspr\u00e5kiga funktion l\u00e5ter dig v\u00e4lja gr\u00e4nssnittsspr\u00e5k f\u00f6r OneDesk.","robots":{"index":"index","follow":"follow","max-snippet":"max-snippet:-1","max-image-preview":"max-image-preview:large","max-video-preview":"max-video-preview:-1"},"canonical":"https:\/\/onedesk.com\/sv\/funktioner-index\/flersprakig-formaga\/","og_locale":"sv_SE","og_type":"article","og_title":"Flerspr\u00e5kig f\u00f6rm\u00e5ga | Funktioner | OneDesk Help Desk och projektledning","og_description":"OneDesk \u00e4r helpdesk och projektledningsprogram. V\u00e5r flerspr\u00e5kiga funktion l\u00e5ter dig v\u00e4lja gr\u00e4nssnittsspr\u00e5k f\u00f6r OneDesk.","og_url":"https:\/\/onedesk.com\/sv\/funktioner-index\/flersprakig-formaga\/","og_site_name":"OneDesk","article_publisher":"https:\/\/www.facebook.com\/OneDeskApp","article_modified_time":"2023-08-08T19:00:52+00:00","og_image":[{"url":"https:\/\/onedesk.com\/wp-content\/uploads\/2021\/05\/Multi-Language-Capability-1024x1019.png","type":"","width":"","height":""}],"twitter_card":"summary_large_image","twitter_site":"@OneDeskApp","twitter_misc":{"Est. reading time":"1 minute"},"schema":{"@context":"https:\/\/schema.org","@graph":[{"@type":"WebPage","@id":"https:\/\/onedesk.com\/sv\/funktioner-index\/flersprakig-formaga\/","url":"https:\/\/onedesk.com\/sv\/funktioner-index\/flersprakig-formaga\/","name":"Flerspr\u00e5kig f\u00f6rm\u00e5ga | Funktioner | OneDesk Help Desk och projektledning","isPartOf":{"@id":"https:\/\/onedesk.com\/sv\/#website"},"primaryImageOfPage":{"@id":"https:\/\/onedesk.com\/sv\/funktioner-index\/flersprakig-formaga\/#primaryimage"},"image":{"@id":"https:\/\/onedesk.com\/sv\/funktioner-index\/flersprakig-formaga\/#primaryimage"},"thumbnailUrl":"https:\/\/onedesk.com\/wp-content\/uploads\/2021\/05\/Multi-Language-Capability-1024x1019.png","datePublished":"2021-12-17T18:40:30+00:00","dateModified":"2023-08-08T19:00:52+00:00","description":"OneDesk \u00e4r helpdesk och projektledningsprogram. V\u00e5r flerspr\u00e5kiga funktion l\u00e5ter dig v\u00e4lja gr\u00e4nssnittsspr\u00e5k f\u00f6r OneDesk.","breadcrumb":{"@id":"https:\/\/onedesk.com\/sv\/funktioner-index\/flersprakig-formaga\/#breadcrumb"},"inLanguage":"sv-SE","potentialAction":[{"@type":"ReadAction","target":["https:\/\/onedesk.com\/sv\/funktioner-index\/flersprakig-formaga\/"]}]},{"@type":"ImageObject","inLanguage":"sv-SE","@id":"https:\/\/onedesk.com\/sv\/funktioner-index\/flersprakig-formaga\/#primaryimage","url":"https:\/\/onedesk.com\/wp-content\/uploads\/2021\/05\/Multi-Language-Capability-1024x1019.png","contentUrl":"https:\/\/onedesk.com\/wp-content\/uploads\/2021\/05\/Multi-Language-Capability-1024x1019.png"},{"@type":"BreadcrumbList","@id":"https:\/\/onedesk.com\/sv\/funktioner-index\/flersprakig-formaga\/#breadcrumb","itemListElement":[{"@type":"ListItem","position":1,"name":"OneDesk Funktionsindex","item":"https:\/\/onedesk.com\/sv\/funktioner-index\/"},{"@type":"ListItem","position":2,"name":"Flerspr\u00e5kig f\u00f6rm\u00e5ga"}]},{"@type":"WebSite","@id":"https:\/\/onedesk.com\/sv\/#website","url":"https:\/\/onedesk.com\/sv\/","name":"OneDesk","description":"Projektledning &amp; Helpdesk-programvara","publisher":{"@id":"https:\/\/onedesk.com\/sv\/#organization"},"potentialAction":[{"@type":"SearchAction","target":{"@type":"EntryPoint","urlTemplate":"https:\/\/onedesk.com\/sv\/?s={search_term_string}"},"query-input":{"@type":"PropertyValueSpecification","valueRequired":true,"valueName":"search_term_string"}}],"inLanguage":"sv-SE"},{"@type":"Organization","@id":"https:\/\/onedesk.com\/sv\/#organization","name":"OneDesk","url":"https:\/\/onedesk.com\/sv\/","logo":{"@type":"ImageObject","inLanguage":"sv-SE","@id":"https:\/\/onedesk.com\/sv\/#\/schema\/logo\/image\/","url":"https:\/\/onedesk.com\/wp-content\/uploads\/2016\/01\/white-logo-small.png","contentUrl":"https:\/\/onedesk.com\/wp-content\/uploads\/2016\/01\/white-logo-small.png","width":207,"height":40,"caption":"OneDesk"},"image":{"@id":"https:\/\/onedesk.com\/sv\/#\/schema\/logo\/image\/"},"sameAs":["https:\/\/www.facebook.com\/OneDeskApp","https:\/\/x.com\/OneDeskApp","https:\/\/www.instagram.com\/onedeskapp\/","https:\/\/www.linkedin.com\/company\/onedesk-inc-1","https:\/\/www.pinterest.com\/onedesk\/","https:\/\/www.youtube.com\/user\/OneDeskApp"]}]}},"tpgb_featured_images":null,"tpgb_post_meta_info":{"get_date":"December 17, 2021","get_modified_date":"August 8, 2023","author_name":"Erin Richardson","author_url":"https:\/\/onedesk.com\/sv\/author\/erin-richardsononedesk-com\/","author_email":"erin.richardson@onedesk.com","author_website":"","author_description":"","author_facebook":"","author_twitter":"","author_instagram":"","author_role":["administrator"],"author_firstname":"Erin","author_lastname":"Richardson","user_login":"erin.richardson@onedesk.com","author_avatar":"<img alt='' src='https:\/\/secure.gravatar.com\/avatar\/5b43ac2756efc1d5aa46746163fa71ceee43f42a78652ebc70940d512d77cba0?s=200&#038;d=mm&#038;r=g' srcset='https:\/\/secure.gravatar.com\/avatar\/5b43ac2756efc1d5aa46746163fa71ceee43f42a78652ebc70940d512d77cba0?s=400&#038;d=mm&#038;r=g 2x' class='avatar avatar-200 photo' height='200' width='200' decoding='async'\/>","author_avatar_url":"https:\/\/secure.gravatar.com\/avatar\/5b43ac2756efc1d5aa46746163fa71ceee43f42a78652ebc70940d512d77cba0?s=96&d=mm&r=g","comment_count":0,"post_likes":0,"post_views":0},"tpgb_post_category":[],"jetpack_shortlink":"https:\/\/wp.me\/PfpPaI-E0L","amp_enabled":true,"_links":{"self":[{"href":"https:\/\/onedesk.com\/sv\/wp-json\/wp\/v2\/pages\/153807","targetHints":{"allow":["GET"]}}],"collection":[{"href":"https:\/\/onedesk.com\/sv\/wp-json\/wp\/v2\/pages"}],"about":[{"href":"https:\/\/onedesk.com\/sv\/wp-json\/wp\/v2\/types\/page"}],"author":[{"embeddable":true,"href":"https:\/\/onedesk.com\/sv\/wp-json\/wp\/v2\/users\/30"}],"replies":[{"embeddable":true,"href":"https:\/\/onedesk.com\/sv\/wp-json\/wp\/v2\/comments?post=153807"}],"version-history":[{"count":5,"href":"https:\/\/onedesk.com\/sv\/wp-json\/wp\/v2\/pages\/153807\/revisions"}],"predecessor-version":[{"id":252760,"href":"https:\/\/onedesk.com\/sv\/wp-json\/wp\/v2\/pages\/153807\/revisions\/252760"}],"up":[{"embeddable":true,"href":"https:\/\/onedesk.com\/sv\/wp-json\/wp\/v2\/pages\/151688"}],"wp:attachment":[{"href":"https:\/\/onedesk.com\/sv\/wp-json\/wp\/v2\/media?parent=153807"}],"curies":[{"name":"wp","href":"https:\/\/api.w.org\/{rel}","templated":true}]}}