{"id":154645,"date":"2021-12-20T15:15:11","date_gmt":"2021-12-20T15:15:11","guid":{"rendered":"https:\/\/onedesk.com\/komma-igang-med-onedesk\/"},"modified":"2023-06-22T17:47:37","modified_gmt":"2023-06-22T17:47:37","slug":"komma-igang-med-onedesk","status":"publish","type":"page","link":"https:\/\/onedesk.com\/sv\/komma-igang-med-onedesk\/","title":{"rendered":"Kom ig\u00e5ng med OneDesk"},"content":{"rendered":"\t\t<div data-elementor-type=\"wp-page\" data-elementor-id=\"154645\" class=\"elementor elementor-154645\" data-elementor-post-type=\"page\">\n\t\t\t\t\t\t<section class=\"elementor-section elementor-top-section elementor-element elementor-element-39d69e96 elementor-section-boxed elementor-section-height-default elementor-section-height-default\" data-id=\"39d69e96\" data-element_type=\"section\" data-e-type=\"section\">\n\t\t\t\t\t\t<div class=\"elementor-container elementor-column-gap-default\">\n\t\t\t\t\t<div class=\"elementor-column elementor-col-100 elementor-top-column elementor-element elementor-element-76c3194c\" data-id=\"76c3194c\" data-element_type=\"column\" data-e-type=\"column\">\n\t\t\t<div class=\"elementor-widget-wrap elementor-element-populated\">\n\t\t\t\t\t\t\t<\/div>\n\t\t<\/div>\n\t\t\t\t\t<\/div>\n\t\t<\/section>\n\t\t\t\t<section class=\"elementor-section elementor-top-section elementor-element elementor-element-85b205f elementor-section-boxed elementor-section-height-default elementor-section-height-default\" data-id=\"85b205f\" data-element_type=\"section\" data-e-type=\"section\">\n\t\t\t\t\t\t<div class=\"elementor-container elementor-column-gap-default\">\n\t\t\t\t\t<div class=\"elementor-column elementor-col-33 elementor-top-column elementor-element elementor-element-62287b3f\" data-id=\"62287b3f\" data-element_type=\"column\" data-e-type=\"column\">\n\t\t\t<div class=\"elementor-widget-wrap elementor-element-populated\">\n\t\t\t\t\t\t<div class=\"elementor-element elementor-element-2f52c2e6 elementor-widget elementor-widget-heading\" data-id=\"2f52c2e6\" data-element_type=\"widget\" data-e-type=\"widget\" data-widget_type=\"heading.default\">\n\t\t\t\t<div class=\"elementor-widget-container\">\n\t\t\t\t\t<h4 class=\"elementor-heading-title elementor-size-default\">Inneh\u00e5llsf\u00f6rteckning<\/h4>\t\t\t\t<\/div>\n\t\t\t\t<\/div>\n\t\t\t\t<div class=\"elementor-element elementor-element-edc413b elementor-nav-menu--dropdown-none elementor-widget elementor-widget-nav-menu\" data-id=\"edc413b\" data-element_type=\"widget\" data-e-type=\"widget\" data-settings=\"{&quot;layout&quot;:&quot;vertical&quot;,&quot;submenu_icon&quot;:{&quot;value&quot;:&quot;&lt;i class=\\&quot;fas fa-caret-down\\&quot; aria-hidden=\\&quot;true\\&quot;&gt;&lt;\\\/i&gt;&quot;,&quot;library&quot;:&quot;fa-solid&quot;}}\" data-widget_type=\"nav-menu.default\">\n\t\t\t\t<div class=\"elementor-widget-container\">\n\t\t\t\t\t\t\t\t<nav aria-label=\"Menu\" class=\"elementor-nav-menu--main elementor-nav-menu__container elementor-nav-menu--layout-vertical e--pointer-underline e--animation-fade\">\n\t\t\t\t<ul id=\"menu-1-edc413b\" class=\"elementor-nav-menu sm-vertical\"><li class=\"menu-item menu-item-type-post_type menu-item-object-page menu-item-157407\"><a href=\"https:\/\/onedesk.com\/sv\/forsta-10-minuter-i-onedesk\/\" class=\"elementor-item menu-link\">F\u00f6rsta 10 minuterna i OneDesk<\/a><\/li>\n<li class=\"menu-item menu-item-type-post_type menu-item-object-page menu-item-157408\"><a href=\"https:\/\/onedesk.com\/sv\/ombord-pa-ditt-team\/\" class=\"elementor-item menu-link\">Introduktion till ditt team<\/a><\/li>\n<li class=\"menu-item menu-item-type-post_type menu-item-object-page menu-item-157409\"><a href=\"https:\/\/onedesk.com\/sv\/prenumeration-going-pro\/\" class=\"elementor-item menu-link\">Prenumerera &amp; Going Pro<\/a><\/li>\n<li class=\"menu-item menu-item-type-post_type menu-item-object-page menu-item-157410\"><a href=\"https:\/\/onedesk.com\/sv\/gar-live-till-kunder\/\" class=\"elementor-item menu-link\">S\u00e4nds live till kunderna<\/a><\/li>\n<li class=\"menu-item menu-item-type-post_type menu-item-object-page menu-item-157411\"><a href=\"https:\/\/onedesk.com\/sv\/biljett-routing-arbetsfloden\/\" class=\"elementor-item menu-link\">Ticket Routing &amp; Workflows<\/a><\/li>\n<li class=\"menu-item menu-item-type-post_type menu-item-object-page menu-item-157412\"><a href=\"https:\/\/onedesk.com\/sv\/projekt-ledning-uppgift-arbetsfloden\/\" class=\"elementor-item menu-link\">Projektledning och arbetsfl\u00f6den<\/a><\/li>\n<li class=\"menu-item menu-item-type-post_type menu-item-object-page menu-item-157413\"><a href=\"https:\/\/onedesk.com\/sv\/kommunicera-med-kunder\/\" class=\"elementor-item menu-link\">Kommunicera med kunder<\/a><\/li>\n<li class=\"menu-item menu-item-type-post_type menu-item-object-page menu-item-157459\"><a href=\"https:\/\/onedesk.com\/sv\/sparningsarbete\/\" class=\"elementor-item menu-link\">Sp\u00e5rningsarbete<\/a><\/li>\n<\/ul>\t\t\t<\/nav>\n\t\t\t\t\t\t<nav class=\"elementor-nav-menu--dropdown elementor-nav-menu__container\" aria-hidden=\"true\">\n\t\t\t\t<ul id=\"menu-2-edc413b\" class=\"elementor-nav-menu sm-vertical\"><li class=\"menu-item menu-item-type-post_type menu-item-object-page menu-item-157407\"><a href=\"https:\/\/onedesk.com\/sv\/forsta-10-minuter-i-onedesk\/\" class=\"elementor-item menu-link\" tabindex=\"-1\">F\u00f6rsta 10 minuterna i OneDesk<\/a><\/li>\n<li class=\"menu-item menu-item-type-post_type menu-item-object-page menu-item-157408\"><a href=\"https:\/\/onedesk.com\/sv\/ombord-pa-ditt-team\/\" class=\"elementor-item menu-link\" tabindex=\"-1\">Introduktion till ditt team<\/a><\/li>\n<li class=\"menu-item menu-item-type-post_type menu-item-object-page menu-item-157409\"><a href=\"https:\/\/onedesk.com\/sv\/prenumeration-going-pro\/\" class=\"elementor-item menu-link\" tabindex=\"-1\">Prenumerera &amp; Going Pro<\/a><\/li>\n<li class=\"menu-item menu-item-type-post_type menu-item-object-page menu-item-157410\"><a href=\"https:\/\/onedesk.com\/sv\/gar-live-till-kunder\/\" class=\"elementor-item menu-link\" tabindex=\"-1\">S\u00e4nds live till kunderna<\/a><\/li>\n<li class=\"menu-item menu-item-type-post_type menu-item-object-page menu-item-157411\"><a href=\"https:\/\/onedesk.com\/sv\/biljett-routing-arbetsfloden\/\" class=\"elementor-item menu-link\" tabindex=\"-1\">Ticket Routing &amp; Workflows<\/a><\/li>\n<li class=\"menu-item menu-item-type-post_type menu-item-object-page menu-item-157412\"><a href=\"https:\/\/onedesk.com\/sv\/projekt-ledning-uppgift-arbetsfloden\/\" class=\"elementor-item menu-link\" tabindex=\"-1\">Projektledning och arbetsfl\u00f6den<\/a><\/li>\n<li class=\"menu-item menu-item-type-post_type menu-item-object-page menu-item-157413\"><a href=\"https:\/\/onedesk.com\/sv\/kommunicera-med-kunder\/\" class=\"elementor-item menu-link\" tabindex=\"-1\">Kommunicera med kunder<\/a><\/li>\n<li class=\"menu-item menu-item-type-post_type menu-item-object-page menu-item-157459\"><a href=\"https:\/\/onedesk.com\/sv\/sparningsarbete\/\" class=\"elementor-item menu-link\" tabindex=\"-1\">Sp\u00e5rningsarbete<\/a><\/li>\n<\/ul>\t\t\t<\/nav>\n\t\t\t\t\t\t<\/div>\n\t\t\t\t<\/div>\n\t\t\t\t<div class=\"elementor-element elementor-element-8a6e57c elementor-widget elementor-widget-heading\" data-id=\"8a6e57c\" data-element_type=\"widget\" data-e-type=\"widget\" data-widget_type=\"heading.default\">\n\t\t\t\t<div class=\"elementor-widget-container\">\n\t\t\t\t\t<h4 class=\"elementor-heading-title elementor-size-default\">Dykning djupare<\/h4>\t\t\t\t<\/div>\n\t\t\t\t<\/div>\n\t\t\t\t<div class=\"elementor-element elementor-element-4d5c92d elementor-nav-menu--dropdown-none elementor-widget elementor-widget-nav-menu\" data-id=\"4d5c92d\" data-element_type=\"widget\" data-e-type=\"widget\" data-settings=\"{&quot;layout&quot;:&quot;vertical&quot;,&quot;submenu_icon&quot;:{&quot;value&quot;:&quot;&lt;i class=\\&quot;fas fa-caret-down\\&quot; aria-hidden=\\&quot;true\\&quot;&gt;&lt;\\\/i&gt;&quot;,&quot;library&quot;:&quot;fa-solid&quot;}}\" data-widget_type=\"nav-menu.default\">\n\t\t\t\t<div class=\"elementor-widget-container\">\n\t\t\t\t\t\t\t\t<nav aria-label=\"Menu\" class=\"elementor-nav-menu--main elementor-nav-menu__container elementor-nav-menu--layout-vertical e--pointer-underline e--animation-fade\">\n\t\t\t\t<ul id=\"menu-1-4d5c92d\" class=\"elementor-nav-menu sm-vertical\"><li class=\"menu-item menu-item-type-post_type menu-item-object-page menu-item-157506\"><a href=\"https:\/\/onedesk.com\/sv\/anpassa-ditt-arbetsflode\/\" class=\"elementor-item menu-link\">Anpassa ditt arbetsfl\u00f6de<\/a><\/li>\n<li class=\"menu-item menu-item-type-post_type menu-item-object-page menu-item-157507\"><a href=\"https:\/\/onedesk.com\/sv\/anpassa-din-anvandarupplevelse\/\" class=\"elementor-item menu-link\">Anpassa dina anv\u00e4ndares upplevelse<\/a><\/li>\n<li class=\"menu-item menu-item-type-post_type menu-item-object-page menu-item-157508\"><a href=\"https:\/\/onedesk.com\/sv\/anpassa-dina-kunder-upplevelse\/\" class=\"elementor-item menu-link\">Anpassa dina kunders upplevelse<\/a><\/li>\n<li class=\"menu-item menu-item-type-post_type menu-item-object-page menu-item-157509\"><a href=\"https:\/\/onedesk.com\/sv\/hanterande-anvandare\/\" class=\"elementor-item menu-link\">Hantera anv\u00e4ndare<\/a><\/li>\n<li class=\"menu-item menu-item-type-post_type menu-item-object-page menu-item-157510\"><a href=\"https:\/\/onedesk.com\/sv\/hantera-kunder\/\" class=\"elementor-item menu-link\">Hantera kunder<\/a><\/li>\n<li class=\"menu-item menu-item-type-post_type menu-item-object-page menu-item-157511\"><a href=\"https:\/\/onedesk.com\/sv\/onedesk-kunskapsbas\/\" class=\"elementor-item menu-link\">OneDesk kunskapsbas<\/a><\/li>\n<li class=\"menu-item menu-item-type-post_type menu-item-object-page menu-item-157512\"><a href=\"https:\/\/onedesk.com\/sv\/onedesk-live-chatt\/\" class=\"elementor-item menu-link\">OneDesk Live Chat<\/a><\/li>\n<li class=\"menu-item menu-item-type-post_type menu-item-object-page menu-item-157513\"><a href=\"https:\/\/onedesk.com\/sv\/onedesk-klient-portal\/\" class=\"elementor-item menu-link\">OneDesk klientportal<\/a><\/li>\n<li class=\"menu-item menu-item-type-post_type menu-item-object-page menu-item-157514\"><a href=\"https:\/\/onedesk.com\/sv\/analyser\/\" class=\"elementor-item menu-link\">Analytics<\/a><\/li>\n<\/ul>\t\t\t<\/nav>\n\t\t\t\t\t\t<nav class=\"elementor-nav-menu--dropdown elementor-nav-menu__container\" aria-hidden=\"true\">\n\t\t\t\t<ul id=\"menu-2-4d5c92d\" class=\"elementor-nav-menu sm-vertical\"><li class=\"menu-item menu-item-type-post_type menu-item-object-page menu-item-157506\"><a href=\"https:\/\/onedesk.com\/sv\/anpassa-ditt-arbetsflode\/\" class=\"elementor-item menu-link\" tabindex=\"-1\">Anpassa ditt arbetsfl\u00f6de<\/a><\/li>\n<li class=\"menu-item menu-item-type-post_type menu-item-object-page menu-item-157507\"><a href=\"https:\/\/onedesk.com\/sv\/anpassa-din-anvandarupplevelse\/\" class=\"elementor-item menu-link\" tabindex=\"-1\">Anpassa dina anv\u00e4ndares upplevelse<\/a><\/li>\n<li class=\"menu-item menu-item-type-post_type menu-item-object-page menu-item-157508\"><a href=\"https:\/\/onedesk.com\/sv\/anpassa-dina-kunder-upplevelse\/\" class=\"elementor-item menu-link\" tabindex=\"-1\">Anpassa dina kunders upplevelse<\/a><\/li>\n<li class=\"menu-item menu-item-type-post_type menu-item-object-page menu-item-157509\"><a href=\"https:\/\/onedesk.com\/sv\/hanterande-anvandare\/\" class=\"elementor-item menu-link\" tabindex=\"-1\">Hantera anv\u00e4ndare<\/a><\/li>\n<li class=\"menu-item menu-item-type-post_type menu-item-object-page menu-item-157510\"><a href=\"https:\/\/onedesk.com\/sv\/hantera-kunder\/\" class=\"elementor-item menu-link\" tabindex=\"-1\">Hantera kunder<\/a><\/li>\n<li class=\"menu-item menu-item-type-post_type menu-item-object-page menu-item-157511\"><a href=\"https:\/\/onedesk.com\/sv\/onedesk-kunskapsbas\/\" class=\"elementor-item menu-link\" tabindex=\"-1\">OneDesk kunskapsbas<\/a><\/li>\n<li class=\"menu-item menu-item-type-post_type menu-item-object-page menu-item-157512\"><a href=\"https:\/\/onedesk.com\/sv\/onedesk-live-chatt\/\" class=\"elementor-item menu-link\" tabindex=\"-1\">OneDesk Live Chat<\/a><\/li>\n<li class=\"menu-item menu-item-type-post_type menu-item-object-page menu-item-157513\"><a href=\"https:\/\/onedesk.com\/sv\/onedesk-klient-portal\/\" class=\"elementor-item menu-link\" tabindex=\"-1\">OneDesk klientportal<\/a><\/li>\n<li class=\"menu-item menu-item-type-post_type menu-item-object-page menu-item-157514\"><a href=\"https:\/\/onedesk.com\/sv\/analyser\/\" class=\"elementor-item menu-link\" tabindex=\"-1\">Analytics<\/a><\/li>\n<\/ul>\t\t\t<\/nav>\n\t\t\t\t\t\t<\/div>\n\t\t\t\t<\/div>\n\t\t\t\t\t<\/div>\n\t\t<\/div>\n\t\t\t\t<div class=\"elementor-column elementor-col-66 elementor-top-column elementor-element elementor-element-3aa66a2\" data-id=\"3aa66a2\" data-element_type=\"column\" data-e-type=\"column\">\n\t\t\t<div class=\"elementor-widget-wrap elementor-element-populated\">\n\t\t\t\t\t\t<section class=\"elementor-section elementor-inner-section elementor-element elementor-element-d18dda3 elementor-section-boxed elementor-section-height-default elementor-section-height-default\" data-id=\"d18dda3\" data-element_type=\"section\" data-e-type=\"section\">\n\t\t\t\t\t\t<div class=\"elementor-container elementor-column-gap-default\">\n\t\t\t\t\t<div class=\"elementor-column elementor-col-33 elementor-inner-column elementor-element elementor-element-0f67312\" data-id=\"0f67312\" data-element_type=\"column\" data-e-type=\"column\">\n\t\t\t<div class=\"elementor-widget-wrap elementor-element-populated\">\n\t\t\t\t\t\t<div class=\"elementor-element elementor-element-dac2ecf elementor-widget elementor-widget-text-editor\" data-id=\"dac2ecf\" data-element_type=\"widget\" data-e-type=\"widget\" data-widget_type=\"text-editor.default\">\n\t\t\t\t<div class=\"elementor-widget-container\">\n\t\t\t\t\t\t\t\t\t<p><a href=\"https:\/\/youtu.be\/rNKG7R0xHGA\"><span style=\"text-decoration: underline;\"><strong>Se v\u00e5r Kom ig\u00e5ng-video<\/strong><\/span><\/a><\/p>\n\t\t\t\t\t\t\t\t<\/div>\n\t\t\t\t<\/div>\n\t\t\t\t\t<\/div>\n\t\t<\/div>\n\t\t\t\t<div class=\"elementor-column elementor-col-33 elementor-inner-column elementor-element elementor-element-242eeb0\" data-id=\"242eeb0\" data-element_type=\"column\" data-e-type=\"column\">\n\t\t\t<div class=\"elementor-widget-wrap elementor-element-populated\">\n\t\t\t\t\t\t<div class=\"elementor-element elementor-element-8c6da99 elementor-widget elementor-widget-text-editor\" data-id=\"8c6da99\" data-element_type=\"widget\" data-e-type=\"widget\" data-widget_type=\"text-editor.default\">\n\t\t\t\t<div class=\"elementor-widget-container\">\n\t\t\t\t\t\t\t\t\t<p><a href=\"https:\/\/kb.onedesk.com\/app-od\/o-onedesk\/knowledge-base-1\"><b><u>L\u00e4r dig allt om OneDesks funktioner<\/u><\/b><\/a><\/p>\n\t\t\t\t\t\t\t\t<\/div>\n\t\t\t\t<\/div>\n\t\t\t\t\t<\/div>\n\t\t<\/div>\n\t\t\t\t<div class=\"elementor-column elementor-col-33 elementor-inner-column elementor-element elementor-element-c04abe5\" data-id=\"c04abe5\" data-element_type=\"column\" data-e-type=\"column\">\n\t\t\t<div class=\"elementor-widget-wrap elementor-element-populated\">\n\t\t\t\t\t\t<div class=\"elementor-element elementor-element-5e30335 elementor-widget elementor-widget-text-editor\" data-id=\"5e30335\" data-element_type=\"widget\" data-e-type=\"widget\" data-widget_type=\"text-editor.default\">\n\t\t\t\t<div class=\"elementor-widget-container\">\n\t\t\t\t\t\t\t\t\t<p><a href=\"https:\/\/onedesk.com\/sv\/onedesk-video-guide-2\/\"><b><u>OneDesks videoguide<\/u><\/b><\/a><\/p>\n\t\t\t\t\t\t\t\t<\/div>\n\t\t\t\t<\/div>\n\t\t\t\t\t<\/div>\n\t\t<\/div>\n\t\t\t\t\t<\/div>\n\t\t<\/section>\n\t\t\t\t<div class=\"elementor-element elementor-element-12f0f353 elementor-widget elementor-widget-html\" data-id=\"12f0f353\" data-element_type=\"widget\" data-e-type=\"widget\" data-widget_type=\"html.default\">\n\t\t\t\t<div class=\"elementor-widget-container\">\n\t\t\t\t\t<center>\n<img decoding=\"async\" src=\"https:\/\/onedesk.com\/wp-content\/uploads\/2021\/09\/01-Onboarding-Page.svg\" alt=\"\" width=\"400px\"><\/center>\n<br>\n<p>OneDesks Kom ig\u00e5ng-guide ger dig en omfattande steg-f\u00f6r-steg-kurs i att fullst\u00e4ndigt konfigurera ditt konto. B\u00f6rja h\u00e4r f\u00f6r att l\u00e4ra dig mer om hur du kan f\u00e5 ut det mesta av OneDesk.<\/p>\n<br>\n<button class=\"guidebutton\" onclick=\"window.location.href='https:\/\/onedesk.com\/first-10-minutes-in-onedesk\/';\">N\u00e4sta &gt;<\/button>\t\t\t\t<\/div>\n\t\t\t\t<\/div>\n\t\t\t\t\t<\/div>\n\t\t<\/div>\n\t\t\t\t\t<\/div>\n\t\t<\/section>\n\t\t\t\t<\/div>\n\t\t","protected":false},"excerpt":{"rendered":"<p>Inneh\u00e5llsf\u00f6rteckning Dykning djupare Se v\u00e5r Kom ig\u00e5ng-video L\u00e4r dig allt om OneDesks funktioner OneDesks videoguide OneDesks Kom ig\u00e5ng-guide ger dig en omfattande steg-f\u00f6r-steg-kurs i att fullst\u00e4ndigt konfigurera ditt konto. B\u00f6rja h\u00e4r f\u00f6r att l\u00e4ra dig mer om hur du kan f\u00e5 ut det mesta av OneDesk. N\u00e4sta &gt;<\/p>\n","protected":false},"author":27,"featured_media":0,"parent":0,"menu_order":0,"comment_status":"closed","ping_status":"closed","template":"","meta":{"tpgb_global_settings":"","_crdt_document":"","inline_featured_image":false,"site-sidebar-layout":"no-sidebar","site-content-layout":"page-builder","ast-site-content-layout":"default","site-content-style":"default","site-sidebar-style":"default","ast-global-header-display":"","ast-banner-title-visibility":"","ast-main-header-display":"","ast-hfb-above-header-display":"","ast-hfb-below-header-display":"","ast-hfb-mobile-header-display":"","site-post-title":"disabled","ast-breadcrumbs-content":"","ast-featured-img":"disabled","footer-sml-layout":"","ast-disable-related-posts":"","theme-transparent-header-meta":"","adv-header-id-meta":"","stick-header-meta":"","header-above-stick-meta":"","header-main-stick-meta":"","header-below-stick-meta":"","astra-migrate-meta-layouts":"default","ast-page-background-enabled":"default","ast-page-background-meta":{"desktop":{"background-color":"var(--ast-global-color-4)","background-image":"","background-repeat":"repeat","background-position":"center center","background-size":"auto","background-attachment":"scroll","background-type":"","background-media":"","overlay-type":"","overlay-color":"","overlay-opacity":"","overlay-gradient":""},"tablet":{"background-color":"","background-image":"","background-repeat":"repeat","background-position":"center center","background-size":"auto","background-attachment":"scroll","background-type":"","background-media":"","overlay-type":"","overlay-color":"","overlay-opacity":"","overlay-gradient":""},"mobile":{"background-color":"","background-image":"","background-repeat":"repeat","background-position":"center center","background-size":"auto","background-attachment":"scroll","background-type":"","background-media":"","overlay-type":"","overlay-color":"","overlay-opacity":"","overlay-gradient":""}},"ast-content-background-meta":{"desktop":{"background-color":"var(--ast-global-color-5)","background-image":"","background-repeat":"repeat","background-position":"center center","background-size":"auto","background-attachment":"scroll","background-type":"","background-media":"","overlay-type":"","overlay-color":"","overlay-opacity":"","overlay-gradient":""},"tablet":{"background-color":"var(--ast-global-color-5)","background-image":"","background-repeat":"repeat","background-position":"center center","background-size":"auto","background-attachment":"scroll","background-type":"","background-media":"","overlay-type":"","overlay-color":"","overlay-opacity":"","overlay-gradient":""},"mobile":{"background-color":"var(--ast-global-color-5)","background-image":"","background-repeat":"repeat","background-position":"center center","background-size":"auto","background-attachment":"scroll","background-type":"","background-media":"","overlay-type":"","overlay-color":"","overlay-opacity":"","overlay-gradient":""}},"footnotes":""},"class_list":["post-154645","page","type-page","status-publish","hentry"],"yoast_head":"<!-- This site is optimized with the Yoast SEO Premium plugin v27.3 (Yoast SEO v27.3) - https:\/\/yoast.com\/product\/yoast-seo-premium-wordpress\/ -->\n<title>Introduktion | OneDesk HelpDesk &amp; PM Onboarding Guide<\/title>\n<meta name=\"description\" content=\"OneDesk \u00e4r helpdesk- och projekthanteringsprogramvara i en applikation. L\u00e4r dig mer om OneDesk-systemet i det h\u00e4r introduktionsavsnittet.\" \/>\n<meta name=\"robots\" content=\"index, follow, max-snippet:-1, max-image-preview:large, max-video-preview:-1\" \/>\n<link rel=\"canonical\" href=\"https:\/\/onedesk.com\/sv\/komma-igang-med-onedesk\/\" \/>\n<meta property=\"og:locale\" content=\"sv_SE\" \/>\n<meta property=\"og:type\" content=\"article\" \/>\n<meta property=\"og:title\" content=\"Introduktion | OneDesk HelpDesk &amp; PM Onboarding Guide\" \/>\n<meta property=\"og:description\" content=\"OneDesk \u00e4r helpdesk- och projekthanteringsprogramvara i en applikation. L\u00e4r dig mer om OneDesk-systemet i det h\u00e4r introduktionsavsnittet.\" \/>\n<meta property=\"og:url\" content=\"https:\/\/onedesk.com\/sv\/komma-igang-med-onedesk\/\" \/>\n<meta property=\"og:site_name\" content=\"OneDesk\" \/>\n<meta property=\"article:publisher\" content=\"https:\/\/www.facebook.com\/OneDeskApp\" \/>\n<meta property=\"article:modified_time\" content=\"2023-06-22T17:47:37+00:00\" \/>\n<meta property=\"og:image\" content=\"https:\/\/onedesk.com\/wp-content\/uploads\/2021\/09\/01-Onboarding-Page.svg\" \/>\n<meta name=\"twitter:card\" content=\"summary_large_image\" \/>\n<meta name=\"twitter:site\" content=\"@OneDeskApp\" \/>\n<!-- \/ Yoast SEO Premium plugin. -->","yoast_head_json":{"title":"Introduktion | OneDesk HelpDesk & PM Onboarding Guide","description":"OneDesk \u00e4r helpdesk- och projekthanteringsprogramvara i en applikation. L\u00e4r dig mer om OneDesk-systemet i det h\u00e4r introduktionsavsnittet.","robots":{"index":"index","follow":"follow","max-snippet":"max-snippet:-1","max-image-preview":"max-image-preview:large","max-video-preview":"max-video-preview:-1"},"canonical":"https:\/\/onedesk.com\/sv\/komma-igang-med-onedesk\/","og_locale":"sv_SE","og_type":"article","og_title":"Introduktion | OneDesk HelpDesk & PM Onboarding Guide","og_description":"OneDesk \u00e4r helpdesk- och projekthanteringsprogramvara i en applikation. L\u00e4r dig mer om OneDesk-systemet i det h\u00e4r introduktionsavsnittet.","og_url":"https:\/\/onedesk.com\/sv\/komma-igang-med-onedesk\/","og_site_name":"OneDesk","article_publisher":"https:\/\/www.facebook.com\/OneDeskApp","article_modified_time":"2023-06-22T17:47:37+00:00","og_image":[{"url":"https:\/\/onedesk.com\/wp-content\/uploads\/2021\/09\/01-Onboarding-Page.svg","type":"","width":"","height":""}],"twitter_card":"summary_large_image","twitter_site":"@OneDeskApp","schema":{"@context":"https:\/\/schema.org","@graph":[{"@type":"WebPage","@id":"https:\/\/onedesk.com\/sv\/komma-igang-med-onedesk\/","url":"https:\/\/onedesk.com\/sv\/komma-igang-med-onedesk\/","name":"Introduktion | OneDesk HelpDesk & PM Onboarding Guide","isPartOf":{"@id":"https:\/\/onedesk.com\/sv\/#website"},"primaryImageOfPage":{"@id":"https:\/\/onedesk.com\/sv\/komma-igang-med-onedesk\/#primaryimage"},"image":{"@id":"https:\/\/onedesk.com\/sv\/komma-igang-med-onedesk\/#primaryimage"},"thumbnailUrl":"https:\/\/onedesk.com\/wp-content\/uploads\/2021\/09\/01-Onboarding-Page.svg","datePublished":"2021-12-20T15:15:11+00:00","dateModified":"2023-06-22T17:47:37+00:00","description":"OneDesk \u00e4r helpdesk- och projekthanteringsprogramvara i en applikation. L\u00e4r dig mer om OneDesk-systemet i det h\u00e4r introduktionsavsnittet.","inLanguage":"sv-SE","potentialAction":[{"@type":"ReadAction","target":["https:\/\/onedesk.com\/sv\/komma-igang-med-onedesk\/"]}]},{"@type":"ImageObject","inLanguage":"sv-SE","@id":"https:\/\/onedesk.com\/sv\/komma-igang-med-onedesk\/#primaryimage","url":"https:\/\/onedesk.com\/wp-content\/uploads\/2021\/09\/01-Onboarding-Page.svg","contentUrl":"https:\/\/onedesk.com\/wp-content\/uploads\/2021\/09\/01-Onboarding-Page.svg"},{"@type":"WebSite","@id":"https:\/\/onedesk.com\/sv\/#website","url":"https:\/\/onedesk.com\/sv\/","name":"OneDesk","description":"Projektledning &amp; Helpdesk-programvara","publisher":{"@id":"https:\/\/onedesk.com\/sv\/#organization"},"potentialAction":[{"@type":"SearchAction","target":{"@type":"EntryPoint","urlTemplate":"https:\/\/onedesk.com\/sv\/?s={search_term_string}"},"query-input":{"@type":"PropertyValueSpecification","valueRequired":true,"valueName":"search_term_string"}}],"inLanguage":"sv-SE"},{"@type":"Organization","@id":"https:\/\/onedesk.com\/sv\/#organization","name":"OneDesk","url":"https:\/\/onedesk.com\/sv\/","logo":{"@type":"ImageObject","inLanguage":"sv-SE","@id":"https:\/\/onedesk.com\/sv\/#\/schema\/logo\/image\/","url":"https:\/\/onedesk.com\/wp-content\/uploads\/2016\/01\/white-logo-small.png","contentUrl":"https:\/\/onedesk.com\/wp-content\/uploads\/2016\/01\/white-logo-small.png","width":207,"height":40,"caption":"OneDesk"},"image":{"@id":"https:\/\/onedesk.com\/sv\/#\/schema\/logo\/image\/"},"sameAs":["https:\/\/www.facebook.com\/OneDeskApp","https:\/\/x.com\/OneDeskApp","https:\/\/www.instagram.com\/onedeskapp\/","https:\/\/www.linkedin.com\/company\/onedesk-inc-1","https:\/\/www.pinterest.com\/onedesk\/","https:\/\/www.youtube.com\/user\/OneDeskApp"]}]}},"tpgb_featured_images":null,"tpgb_post_meta_info":{"get_date":"December 20, 2021","get_modified_date":"June 22, 2023","author_name":"Sabrin Yusef","author_url":"https:\/\/onedesk.com\/sv\/author\/sarbin-yusef\/","author_email":"sabrin.yusef@onedesk.com","author_website":"","author_description":"","author_facebook":"","author_twitter":"","author_instagram":"","author_role":["customer"],"author_firstname":"Sabrin","author_lastname":"Yusef","user_login":"sarbin.yusef","author_avatar":"<img alt='' src='https:\/\/secure.gravatar.com\/avatar\/1f20332b0900369c93c9c272e03885bde073bf214b3dd3eb4bea569a45bea588?s=200&#038;d=mm&#038;r=g' srcset='https:\/\/secure.gravatar.com\/avatar\/1f20332b0900369c93c9c272e03885bde073bf214b3dd3eb4bea569a45bea588?s=400&#038;d=mm&#038;r=g 2x' class='avatar avatar-200 photo' height='200' width='200' decoding='async'\/>","author_avatar_url":"https:\/\/secure.gravatar.com\/avatar\/1f20332b0900369c93c9c272e03885bde073bf214b3dd3eb4bea569a45bea588?s=96&d=mm&r=g","comment_count":0,"post_likes":0,"post_views":0},"tpgb_post_category":[],"jetpack_shortlink":"https:\/\/wp.me\/PfpPaI-Eeh","amp_enabled":true,"_links":{"self":[{"href":"https:\/\/onedesk.com\/sv\/wp-json\/wp\/v2\/pages\/154645","targetHints":{"allow":["GET"]}}],"collection":[{"href":"https:\/\/onedesk.com\/sv\/wp-json\/wp\/v2\/pages"}],"about":[{"href":"https:\/\/onedesk.com\/sv\/wp-json\/wp\/v2\/types\/page"}],"author":[{"embeddable":true,"href":"https:\/\/onedesk.com\/sv\/wp-json\/wp\/v2\/users\/27"}],"replies":[{"embeddable":true,"href":"https:\/\/onedesk.com\/sv\/wp-json\/wp\/v2\/comments?post=154645"}],"version-history":[{"count":15,"href":"https:\/\/onedesk.com\/sv\/wp-json\/wp\/v2\/pages\/154645\/revisions"}],"predecessor-version":[{"id":250978,"href":"https:\/\/onedesk.com\/sv\/wp-json\/wp\/v2\/pages\/154645\/revisions\/250978"}],"wp:attachment":[{"href":"https:\/\/onedesk.com\/sv\/wp-json\/wp\/v2\/media?parent=154645"}],"curies":[{"name":"wp","href":"https:\/\/api.w.org\/{rel}","templated":true}]}}