{"id":154749,"date":"2021-12-20T15:16:21","date_gmt":"2021-12-20T15:16:21","guid":{"rendered":"https:\/\/onedesk.com\/prenumeration-going-pro\/"},"modified":"2022-03-30T21:25:31","modified_gmt":"2022-03-30T21:25:31","slug":"prenumeration-going-pro","status":"publish","type":"page","link":"https:\/\/onedesk.com\/sv\/prenumeration-going-pro\/","title":{"rendered":"Prenumerera &amp; Going Pro"},"content":{"rendered":"\t\t<div data-elementor-type=\"wp-page\" data-elementor-id=\"154749\" class=\"elementor elementor-154749 elementor-144071\" data-elementor-post-type=\"page\">\n\t\t\t\t\t\t<section class=\"elementor-section elementor-top-section elementor-element elementor-element-417939cc elementor-section-boxed elementor-section-height-default elementor-section-height-default\" data-id=\"417939cc\" data-element_type=\"section\" data-e-type=\"section\">\n\t\t\t\t\t\t<div class=\"elementor-container elementor-column-gap-default\">\n\t\t\t\t\t<div class=\"elementor-column elementor-col-100 elementor-top-column elementor-element elementor-element-45db296a\" data-id=\"45db296a\" data-element_type=\"column\" data-e-type=\"column\">\n\t\t\t<div class=\"elementor-widget-wrap\">\n\t\t\t\t\t\t\t<\/div>\n\t\t<\/div>\n\t\t\t\t\t<\/div>\n\t\t<\/section>\n\t\t\t\t<section class=\"elementor-section elementor-top-section elementor-element elementor-element-2cc14ae9 elementor-section-boxed elementor-section-height-default elementor-section-height-default\" data-id=\"2cc14ae9\" data-element_type=\"section\" data-e-type=\"section\">\n\t\t\t\t\t\t<div class=\"elementor-container elementor-column-gap-default\">\n\t\t\t\t\t<div class=\"elementor-column elementor-col-100 elementor-top-column elementor-element elementor-element-44abddf9\" data-id=\"44abddf9\" data-element_type=\"column\" data-e-type=\"column\">\n\t\t\t<div class=\"elementor-widget-wrap elementor-element-populated\">\n\t\t\t\t\t\t\t<\/div>\n\t\t<\/div>\n\t\t\t\t\t<\/div>\n\t\t<\/section>\n\t\t\t\t<section class=\"elementor-section elementor-top-section elementor-element elementor-element-3eaea76d elementor-section-boxed elementor-section-height-default elementor-section-height-default\" data-id=\"3eaea76d\" data-element_type=\"section\" data-e-type=\"section\">\n\t\t\t\t\t\t<div class=\"elementor-container elementor-column-gap-default\">\n\t\t\t\t\t<div class=\"elementor-column elementor-col-33 elementor-top-column elementor-element elementor-element-a2834a2\" data-id=\"a2834a2\" data-element_type=\"column\" data-e-type=\"column\">\n\t\t\t<div class=\"elementor-widget-wrap elementor-element-populated\">\n\t\t\t\t\t\t<div class=\"elementor-element elementor-element-62fef03 elementor-widget elementor-widget-heading\" data-id=\"62fef03\" data-element_type=\"widget\" data-e-type=\"widget\" data-widget_type=\"heading.default\">\n\t\t\t\t<div class=\"elementor-widget-container\">\n\t\t\t\t\t<h4 class=\"elementor-heading-title elementor-size-default\">Inneh\u00e5llsf\u00f6rteckning<\/h4>\t\t\t\t<\/div>\n\t\t\t\t<\/div>\n\t\t\t\t<div class=\"elementor-element elementor-element-72d633f elementor-nav-menu--dropdown-tablet elementor-nav-menu__text-align-aside elementor-nav-menu--toggle elementor-nav-menu--burger elementor-widget elementor-widget-nav-menu\" data-id=\"72d633f\" data-element_type=\"widget\" data-e-type=\"widget\" data-settings=\"{&quot;layout&quot;:&quot;vertical&quot;,&quot;submenu_icon&quot;:{&quot;value&quot;:&quot;&lt;i class=\\&quot;fas fa-caret-down\\&quot; aria-hidden=\\&quot;true\\&quot;&gt;&lt;\\\/i&gt;&quot;,&quot;library&quot;:&quot;fa-solid&quot;},&quot;toggle&quot;:&quot;burger&quot;}\" data-widget_type=\"nav-menu.default\">\n\t\t\t\t<div class=\"elementor-widget-container\">\n\t\t\t\t\t\t\t\t<nav aria-label=\"Menu\" class=\"elementor-nav-menu--main elementor-nav-menu__container elementor-nav-menu--layout-vertical e--pointer-underline e--animation-fade\">\n\t\t\t\t<ul id=\"menu-1-72d633f\" class=\"elementor-nav-menu sm-vertical\"><li class=\"menu-item menu-item-type-post_type menu-item-object-page menu-item-157407\"><a href=\"https:\/\/onedesk.com\/sv\/forsta-10-minuter-i-onedesk\/\" class=\"elementor-item menu-link\">F\u00f6rsta 10 minuterna i OneDesk<\/a><\/li>\n<li class=\"menu-item menu-item-type-post_type menu-item-object-page menu-item-157408\"><a href=\"https:\/\/onedesk.com\/sv\/ombord-pa-ditt-team\/\" class=\"elementor-item menu-link\">Introduktion till ditt team<\/a><\/li>\n<li class=\"menu-item menu-item-type-post_type menu-item-object-page menu-item-157409\"><a href=\"https:\/\/onedesk.com\/sv\/prenumeration-going-pro\/\" class=\"elementor-item menu-link\">Prenumerera &amp; Going Pro<\/a><\/li>\n<li class=\"menu-item menu-item-type-post_type menu-item-object-page menu-item-157410\"><a href=\"https:\/\/onedesk.com\/sv\/gar-live-till-kunder\/\" class=\"elementor-item menu-link\">S\u00e4nds live till kunderna<\/a><\/li>\n<li class=\"menu-item menu-item-type-post_type menu-item-object-page menu-item-157411\"><a href=\"https:\/\/onedesk.com\/sv\/biljett-routing-arbetsfloden\/\" class=\"elementor-item menu-link\">Ticket Routing &amp; Workflows<\/a><\/li>\n<li class=\"menu-item menu-item-type-post_type menu-item-object-page menu-item-157412\"><a href=\"https:\/\/onedesk.com\/sv\/projekt-ledning-uppgift-arbetsfloden\/\" class=\"elementor-item menu-link\">Projektledning och arbetsfl\u00f6den<\/a><\/li>\n<li class=\"menu-item menu-item-type-post_type menu-item-object-page menu-item-157413\"><a href=\"https:\/\/onedesk.com\/sv\/kommunicera-med-kunder\/\" class=\"elementor-item menu-link\">Kommunicera med kunder<\/a><\/li>\n<li class=\"menu-item menu-item-type-post_type menu-item-object-page menu-item-157459\"><a href=\"https:\/\/onedesk.com\/sv\/sparningsarbete\/\" class=\"elementor-item menu-link\">Sp\u00e5rningsarbete<\/a><\/li>\n<\/ul>\t\t\t<\/nav>\n\t\t\t\t\t<div class=\"elementor-menu-toggle\" role=\"button\" tabindex=\"0\" aria-label=\"Menu Toggle\" aria-expanded=\"false\">\n\t\t\t<i aria-hidden=\"true\" role=\"presentation\" class=\"elementor-menu-toggle__icon--open eicon-menu-bar\"><\/i><i aria-hidden=\"true\" role=\"presentation\" class=\"elementor-menu-toggle__icon--close eicon-close\"><\/i>\t\t<\/div>\n\t\t\t\t\t<nav class=\"elementor-nav-menu--dropdown elementor-nav-menu__container\" aria-hidden=\"true\">\n\t\t\t\t<ul id=\"menu-2-72d633f\" class=\"elementor-nav-menu sm-vertical\"><li class=\"menu-item menu-item-type-post_type menu-item-object-page menu-item-157407\"><a href=\"https:\/\/onedesk.com\/sv\/forsta-10-minuter-i-onedesk\/\" class=\"elementor-item menu-link\" tabindex=\"-1\">F\u00f6rsta 10 minuterna i OneDesk<\/a><\/li>\n<li class=\"menu-item menu-item-type-post_type menu-item-object-page menu-item-157408\"><a href=\"https:\/\/onedesk.com\/sv\/ombord-pa-ditt-team\/\" class=\"elementor-item menu-link\" tabindex=\"-1\">Introduktion till ditt team<\/a><\/li>\n<li class=\"menu-item menu-item-type-post_type menu-item-object-page menu-item-157409\"><a href=\"https:\/\/onedesk.com\/sv\/prenumeration-going-pro\/\" class=\"elementor-item menu-link\" tabindex=\"-1\">Prenumerera &amp; Going Pro<\/a><\/li>\n<li class=\"menu-item menu-item-type-post_type menu-item-object-page menu-item-157410\"><a href=\"https:\/\/onedesk.com\/sv\/gar-live-till-kunder\/\" class=\"elementor-item menu-link\" tabindex=\"-1\">S\u00e4nds live till kunderna<\/a><\/li>\n<li class=\"menu-item menu-item-type-post_type menu-item-object-page menu-item-157411\"><a href=\"https:\/\/onedesk.com\/sv\/biljett-routing-arbetsfloden\/\" class=\"elementor-item menu-link\" tabindex=\"-1\">Ticket Routing &amp; Workflows<\/a><\/li>\n<li class=\"menu-item menu-item-type-post_type menu-item-object-page menu-item-157412\"><a href=\"https:\/\/onedesk.com\/sv\/projekt-ledning-uppgift-arbetsfloden\/\" class=\"elementor-item menu-link\" tabindex=\"-1\">Projektledning och arbetsfl\u00f6den<\/a><\/li>\n<li class=\"menu-item menu-item-type-post_type menu-item-object-page menu-item-157413\"><a href=\"https:\/\/onedesk.com\/sv\/kommunicera-med-kunder\/\" class=\"elementor-item menu-link\" tabindex=\"-1\">Kommunicera med kunder<\/a><\/li>\n<li class=\"menu-item menu-item-type-post_type menu-item-object-page menu-item-157459\"><a href=\"https:\/\/onedesk.com\/sv\/sparningsarbete\/\" class=\"elementor-item menu-link\" tabindex=\"-1\">Sp\u00e5rningsarbete<\/a><\/li>\n<\/ul>\t\t\t<\/nav>\n\t\t\t\t\t\t<\/div>\n\t\t\t\t<\/div>\n\t\t\t\t<div class=\"elementor-element elementor-element-2a6bc8f elementor-widget elementor-widget-heading\" data-id=\"2a6bc8f\" data-element_type=\"widget\" data-e-type=\"widget\" data-widget_type=\"heading.default\">\n\t\t\t\t<div class=\"elementor-widget-container\">\n\t\t\t\t\t<h4 class=\"elementor-heading-title elementor-size-default\">Dykning djupare<\/h4>\t\t\t\t<\/div>\n\t\t\t\t<\/div>\n\t\t\t\t<div class=\"elementor-element elementor-element-ec8589a elementor-nav-menu--dropdown-tablet elementor-nav-menu__text-align-aside elementor-nav-menu--toggle elementor-nav-menu--burger elementor-widget elementor-widget-nav-menu\" data-id=\"ec8589a\" data-element_type=\"widget\" data-e-type=\"widget\" data-settings=\"{&quot;layout&quot;:&quot;vertical&quot;,&quot;submenu_icon&quot;:{&quot;value&quot;:&quot;&lt;i class=\\&quot;fas fa-caret-down\\&quot; aria-hidden=\\&quot;true\\&quot;&gt;&lt;\\\/i&gt;&quot;,&quot;library&quot;:&quot;fa-solid&quot;},&quot;toggle&quot;:&quot;burger&quot;}\" data-widget_type=\"nav-menu.default\">\n\t\t\t\t<div class=\"elementor-widget-container\">\n\t\t\t\t\t\t\t\t<nav aria-label=\"Menu\" class=\"elementor-nav-menu--main elementor-nav-menu__container elementor-nav-menu--layout-vertical e--pointer-underline e--animation-fade\">\n\t\t\t\t<ul id=\"menu-1-ec8589a\" class=\"elementor-nav-menu sm-vertical\"><li class=\"menu-item menu-item-type-post_type menu-item-object-page menu-item-157506\"><a href=\"https:\/\/onedesk.com\/sv\/anpassa-ditt-arbetsflode\/\" class=\"elementor-item menu-link\">Anpassa ditt arbetsfl\u00f6de<\/a><\/li>\n<li class=\"menu-item menu-item-type-post_type menu-item-object-page menu-item-157507\"><a href=\"https:\/\/onedesk.com\/sv\/anpassa-din-anvandarupplevelse\/\" class=\"elementor-item menu-link\">Anpassa dina anv\u00e4ndares upplevelse<\/a><\/li>\n<li class=\"menu-item menu-item-type-post_type menu-item-object-page menu-item-157508\"><a href=\"https:\/\/onedesk.com\/sv\/anpassa-dina-kunder-upplevelse\/\" class=\"elementor-item menu-link\">Anpassa dina kunders upplevelse<\/a><\/li>\n<li class=\"menu-item menu-item-type-post_type menu-item-object-page menu-item-157509\"><a href=\"https:\/\/onedesk.com\/sv\/hanterande-anvandare\/\" class=\"elementor-item menu-link\">Hantera anv\u00e4ndare<\/a><\/li>\n<li class=\"menu-item menu-item-type-post_type menu-item-object-page menu-item-157510\"><a href=\"https:\/\/onedesk.com\/sv\/hantera-kunder\/\" class=\"elementor-item menu-link\">Hantera kunder<\/a><\/li>\n<li class=\"menu-item menu-item-type-post_type menu-item-object-page menu-item-157511\"><a href=\"https:\/\/onedesk.com\/sv\/onedesk-kunskapsbas\/\" class=\"elementor-item menu-link\">OneDesk kunskapsbas<\/a><\/li>\n<li class=\"menu-item menu-item-type-post_type menu-item-object-page menu-item-157512\"><a href=\"https:\/\/onedesk.com\/sv\/onedesk-live-chatt\/\" class=\"elementor-item menu-link\">OneDesk Live Chat<\/a><\/li>\n<li class=\"menu-item menu-item-type-post_type menu-item-object-page menu-item-157513\"><a href=\"https:\/\/onedesk.com\/sv\/onedesk-klient-portal\/\" class=\"elementor-item menu-link\">OneDesk klientportal<\/a><\/li>\n<li class=\"menu-item menu-item-type-post_type menu-item-object-page menu-item-157514\"><a href=\"https:\/\/onedesk.com\/sv\/analyser\/\" class=\"elementor-item menu-link\">Analytics<\/a><\/li>\n<\/ul>\t\t\t<\/nav>\n\t\t\t\t\t<div class=\"elementor-menu-toggle\" role=\"button\" tabindex=\"0\" aria-label=\"Menu Toggle\" aria-expanded=\"false\">\n\t\t\t<i aria-hidden=\"true\" role=\"presentation\" class=\"elementor-menu-toggle__icon--open eicon-menu-bar\"><\/i><i aria-hidden=\"true\" role=\"presentation\" class=\"elementor-menu-toggle__icon--close eicon-close\"><\/i>\t\t<\/div>\n\t\t\t\t\t<nav class=\"elementor-nav-menu--dropdown elementor-nav-menu__container\" aria-hidden=\"true\">\n\t\t\t\t<ul id=\"menu-2-ec8589a\" class=\"elementor-nav-menu sm-vertical\"><li class=\"menu-item menu-item-type-post_type menu-item-object-page menu-item-157506\"><a href=\"https:\/\/onedesk.com\/sv\/anpassa-ditt-arbetsflode\/\" class=\"elementor-item menu-link\" tabindex=\"-1\">Anpassa ditt arbetsfl\u00f6de<\/a><\/li>\n<li class=\"menu-item menu-item-type-post_type menu-item-object-page menu-item-157507\"><a href=\"https:\/\/onedesk.com\/sv\/anpassa-din-anvandarupplevelse\/\" class=\"elementor-item menu-link\" tabindex=\"-1\">Anpassa dina anv\u00e4ndares upplevelse<\/a><\/li>\n<li class=\"menu-item menu-item-type-post_type menu-item-object-page menu-item-157508\"><a href=\"https:\/\/onedesk.com\/sv\/anpassa-dina-kunder-upplevelse\/\" class=\"elementor-item menu-link\" tabindex=\"-1\">Anpassa dina kunders upplevelse<\/a><\/li>\n<li class=\"menu-item menu-item-type-post_type menu-item-object-page menu-item-157509\"><a href=\"https:\/\/onedesk.com\/sv\/hanterande-anvandare\/\" class=\"elementor-item menu-link\" tabindex=\"-1\">Hantera anv\u00e4ndare<\/a><\/li>\n<li class=\"menu-item menu-item-type-post_type menu-item-object-page menu-item-157510\"><a href=\"https:\/\/onedesk.com\/sv\/hantera-kunder\/\" class=\"elementor-item menu-link\" tabindex=\"-1\">Hantera kunder<\/a><\/li>\n<li class=\"menu-item menu-item-type-post_type menu-item-object-page menu-item-157511\"><a href=\"https:\/\/onedesk.com\/sv\/onedesk-kunskapsbas\/\" class=\"elementor-item menu-link\" tabindex=\"-1\">OneDesk kunskapsbas<\/a><\/li>\n<li class=\"menu-item menu-item-type-post_type menu-item-object-page menu-item-157512\"><a href=\"https:\/\/onedesk.com\/sv\/onedesk-live-chatt\/\" class=\"elementor-item menu-link\" tabindex=\"-1\">OneDesk Live Chat<\/a><\/li>\n<li class=\"menu-item menu-item-type-post_type menu-item-object-page menu-item-157513\"><a href=\"https:\/\/onedesk.com\/sv\/onedesk-klient-portal\/\" class=\"elementor-item menu-link\" tabindex=\"-1\">OneDesk klientportal<\/a><\/li>\n<li class=\"menu-item menu-item-type-post_type menu-item-object-page menu-item-157514\"><a href=\"https:\/\/onedesk.com\/sv\/analyser\/\" class=\"elementor-item menu-link\" tabindex=\"-1\">Analytics<\/a><\/li>\n<\/ul>\t\t\t<\/nav>\n\t\t\t\t\t\t<\/div>\n\t\t\t\t<\/div>\n\t\t\t\t\t<\/div>\n\t\t<\/div>\n\t\t\t\t<div class=\"elementor-column elementor-col-66 elementor-top-column elementor-element elementor-element-28edd6de\" data-id=\"28edd6de\" data-element_type=\"column\" data-e-type=\"column\">\n\t\t\t<div class=\"elementor-widget-wrap elementor-element-populated\">\n\t\t\t\t\t\t<div class=\"elementor-element elementor-element-4206f0d7 elementor-widget elementor-widget-html\" data-id=\"4206f0d7\" data-element_type=\"widget\" data-e-type=\"widget\" data-widget_type=\"html.default\">\n\t\t\t\t<div class=\"elementor-widget-container\">\n\t\t\t\t\t<p>\nN\u00e4r du har anv\u00e4nt OneDesk och \u00e4r redo att bli proffs kan du enkelt uppdatera din kostnadsfria testversion till en licensierad plan. L\u00e4s mer om v\u00e5ra rimliga priser och vanliga fr\u00e5gor <a href=\"https:\/\/onedesk.com\/sv\/prissattning\/\">h\u00e4r<\/a> eller <a href=\"https:\/\/youtu.be\/vDnpRx2tokA\">titta p\u00e5 videon<\/a> f\u00f6r att se detaljer om hur du blir proffs.<\/p>\n<br>\n\n<center>\n<iframe width=\"500\" height=\"315\" src=\"https:\/\/youtu.be\/vDnpRx2tokA\" title=\"YouTube video player\" frameborder=\"0\" allow=\"accelerometer; autoplay; clipboard-write; encrypted-media; gyroscope; picture-in-picture\" allowfullscreen=\"\"><\/iframe><\/center>\n<br>\n\n<br>\n<button class=\"guidebutton\" onclick=\"window.location.href='\/onboarding-your-team\/';\"><Previous{{{wpml_tag_15}}}\n{{{wpml_tag_16}}}Next ><\/button>\t\t\t\t<\/div>\n\t\t\t\t<\/div>\n\t\t\t\t\t<\/div>\n\t\t<\/div>\n\t\t\t\t\t<\/div>\n\t\t<\/section>\n\t\t\t\t<\/div>\n\t\t","protected":false},"excerpt":{"rendered":"<p>Inneh\u00e5llsf\u00f6rteckning Dykning djupare N\u00e4r du har anv\u00e4nt OneDesk och \u00e4r redo att bli proffs kan du enkelt uppdatera din kostnadsfria testversion till en licensierad plan. L\u00e4s mer om v\u00e5ra rimliga priser och vanliga fr\u00e5gor h\u00e4r eller titta p\u00e5 videon f\u00f6r att se detaljer om hur du blir proffs.<\/p>\n","protected":false},"author":27,"featured_media":0,"parent":0,"menu_order":0,"comment_status":"closed","ping_status":"closed","template":"","meta":{"tpgb_global_settings":"","_crdt_document":"","inline_featured_image":false,"site-sidebar-layout":"no-sidebar","site-content-layout":"page-builder","ast-site-content-layout":"default","site-content-style":"default","site-sidebar-style":"default","ast-global-header-display":"","ast-banner-title-visibility":"","ast-main-header-display":"","ast-hfb-above-header-display":"","ast-hfb-below-header-display":"","ast-hfb-mobile-header-display":"","site-post-title":"disabled","ast-breadcrumbs-content":"","ast-featured-img":"disabled","footer-sml-layout":"","ast-disable-related-posts":"","theme-transparent-header-meta":"","adv-header-id-meta":"","stick-header-meta":"","header-above-stick-meta":"","header-main-stick-meta":"","header-below-stick-meta":"","astra-migrate-meta-layouts":"default","ast-page-background-enabled":"default","ast-page-background-meta":{"desktop":{"background-color":"var(--ast-global-color-4)","background-image":"","background-repeat":"repeat","background-position":"center center","background-size":"auto","background-attachment":"scroll","background-type":"","background-media":"","overlay-type":"","overlay-color":"","overlay-opacity":"","overlay-gradient":""},"tablet":{"background-color":"","background-image":"","background-repeat":"repeat","background-position":"center center","background-size":"auto","background-attachment":"scroll","background-type":"","background-media":"","overlay-type":"","overlay-color":"","overlay-opacity":"","overlay-gradient":""},"mobile":{"background-color":"","background-image":"","background-repeat":"repeat","background-position":"center center","background-size":"auto","background-attachment":"scroll","background-type":"","background-media":"","overlay-type":"","overlay-color":"","overlay-opacity":"","overlay-gradient":""}},"ast-content-background-meta":{"desktop":{"background-color":"var(--ast-global-color-5)","background-image":"","background-repeat":"repeat","background-position":"center center","background-size":"auto","background-attachment":"scroll","background-type":"","background-media":"","overlay-type":"","overlay-color":"","overlay-opacity":"","overlay-gradient":""},"tablet":{"background-color":"var(--ast-global-color-5)","background-image":"","background-repeat":"repeat","background-position":"center center","background-size":"auto","background-attachment":"scroll","background-type":"","background-media":"","overlay-type":"","overlay-color":"","overlay-opacity":"","overlay-gradient":""},"mobile":{"background-color":"var(--ast-global-color-5)","background-image":"","background-repeat":"repeat","background-position":"center center","background-size":"auto","background-attachment":"scroll","background-type":"","background-media":"","overlay-type":"","overlay-color":"","overlay-opacity":"","overlay-gradient":""}},"footnotes":""},"class_list":["post-154749","page","type-page","status-publish","hentry"],"yoast_head":"<!-- This site is optimized with the Yoast SEO Premium plugin v27.5 (Yoast SEO v27.5) - https:\/\/yoast.com\/product\/yoast-seo-premium-wordpress\/ -->\n<title>Prenumerera &amp; Going Pro | OneDesk HelpDesk &amp; PM Onboarding Guide<\/title>\n<meta name=\"description\" content=\"OneDesk \u00e4r en helpdesk- och projektledningsprogramvara i en applikation. L\u00e4s mer om tillg\u00e4ngliga prenumerationer.\" \/>\n<meta name=\"robots\" content=\"index, follow, max-snippet:-1, max-image-preview:large, max-video-preview:-1\" \/>\n<link rel=\"canonical\" href=\"https:\/\/onedesk.com\/sv\/prenumeration-going-pro\/\" \/>\n<meta property=\"og:locale\" content=\"sv_SE\" \/>\n<meta property=\"og:type\" content=\"article\" \/>\n<meta property=\"og:title\" content=\"Prenumerera &amp; Going Pro | OneDesk HelpDesk &amp; PM Onboarding Guide\" \/>\n<meta property=\"og:description\" content=\"OneDesk \u00e4r en helpdesk- och projektledningsprogramvara i en applikation. L\u00e4s mer om tillg\u00e4ngliga prenumerationer.\" \/>\n<meta property=\"og:url\" content=\"https:\/\/onedesk.com\/sv\/prenumeration-going-pro\/\" \/>\n<meta property=\"og:site_name\" content=\"OneDesk\" \/>\n<meta property=\"article:publisher\" content=\"https:\/\/www.facebook.com\/OneDeskApp\" \/>\n<meta property=\"article:modified_time\" content=\"2022-03-30T21:25:31+00:00\" \/>\n<meta property=\"og:image\" content=\"https:\/\/onedesk.com\/wp-content\/uploads\/2020\/04\/OneDesk-Logo.png\" \/>\n\t<meta property=\"og:image:width\" content=\"1280\" \/>\n\t<meta property=\"og:image:height\" content=\"800\" \/>\n\t<meta property=\"og:image:type\" content=\"image\/png\" \/>\n<meta name=\"twitter:card\" content=\"summary_large_image\" \/>\n<meta name=\"twitter:site\" content=\"@OneDeskApp\" \/>\n<!-- \/ Yoast SEO Premium plugin. -->","yoast_head_json":{"title":"Prenumerera & Going Pro | OneDesk HelpDesk & PM Onboarding Guide","description":"OneDesk \u00e4r en helpdesk- och projektledningsprogramvara i en applikation. L\u00e4s mer om tillg\u00e4ngliga prenumerationer.","robots":{"index":"index","follow":"follow","max-snippet":"max-snippet:-1","max-image-preview":"max-image-preview:large","max-video-preview":"max-video-preview:-1"},"canonical":"https:\/\/onedesk.com\/sv\/prenumeration-going-pro\/","og_locale":"sv_SE","og_type":"article","og_title":"Prenumerera & Going Pro | OneDesk HelpDesk & PM Onboarding Guide","og_description":"OneDesk \u00e4r en helpdesk- och projektledningsprogramvara i en applikation. L\u00e4s mer om tillg\u00e4ngliga prenumerationer.","og_url":"https:\/\/onedesk.com\/sv\/prenumeration-going-pro\/","og_site_name":"OneDesk","article_publisher":"https:\/\/www.facebook.com\/OneDeskApp","article_modified_time":"2022-03-30T21:25:31+00:00","og_image":[{"width":1280,"height":800,"url":"https:\/\/onedesk.com\/wp-content\/uploads\/2020\/04\/OneDesk-Logo.png","type":"image\/png"}],"twitter_card":"summary_large_image","twitter_site":"@OneDeskApp","schema":{"@context":"https:\/\/schema.org","@graph":[{"@type":"WebPage","@id":"https:\/\/onedesk.com\/sv\/prenumeration-going-pro\/","url":"https:\/\/onedesk.com\/sv\/prenumeration-going-pro\/","name":"Prenumerera & Going Pro | OneDesk HelpDesk & PM Onboarding Guide","isPartOf":{"@id":"https:\/\/onedesk.com\/sv\/#website"},"datePublished":"2021-12-20T15:16:21+00:00","dateModified":"2022-03-30T21:25:31+00:00","description":"OneDesk \u00e4r en helpdesk- och projektledningsprogramvara i en applikation. L\u00e4s mer om tillg\u00e4ngliga prenumerationer.","inLanguage":"sv-SE","potentialAction":[{"@type":"ReadAction","target":["https:\/\/onedesk.com\/sv\/prenumeration-going-pro\/"]}]},{"@type":"WebSite","@id":"https:\/\/onedesk.com\/sv\/#website","url":"https:\/\/onedesk.com\/sv\/","name":"OneDesk","description":"Projektledning &amp; Helpdesk-programvara","publisher":{"@id":"https:\/\/onedesk.com\/sv\/#organization"},"potentialAction":[{"@type":"SearchAction","target":{"@type":"EntryPoint","urlTemplate":"https:\/\/onedesk.com\/sv\/?s={search_term_string}"},"query-input":{"@type":"PropertyValueSpecification","valueRequired":true,"valueName":"search_term_string"}}],"inLanguage":"sv-SE"},{"@type":"Organization","@id":"https:\/\/onedesk.com\/sv\/#organization","name":"OneDesk","url":"https:\/\/onedesk.com\/sv\/","logo":{"@type":"ImageObject","inLanguage":"sv-SE","@id":"https:\/\/onedesk.com\/sv\/#\/schema\/logo\/image\/","url":"https:\/\/onedesk.com\/wp-content\/uploads\/2016\/01\/white-logo-small.png","contentUrl":"https:\/\/onedesk.com\/wp-content\/uploads\/2016\/01\/white-logo-small.png","width":207,"height":40,"caption":"OneDesk"},"image":{"@id":"https:\/\/onedesk.com\/sv\/#\/schema\/logo\/image\/"},"sameAs":["https:\/\/www.facebook.com\/OneDeskApp","https:\/\/x.com\/OneDeskApp","https:\/\/www.instagram.com\/onedeskapp\/","https:\/\/www.linkedin.com\/company\/onedesk-inc-1","https:\/\/www.pinterest.com\/onedesk\/","https:\/\/www.youtube.com\/user\/OneDeskApp"]}]}},"tpgb_featured_images":null,"tpgb_post_meta_info":{"get_date":"December 20, 2021","get_modified_date":"March 30, 2022","author_name":"Sabrin Yusef","author_url":"https:\/\/onedesk.com\/sv\/author\/sarbin-yusef\/","author_email":"sabrin.yusef@onedesk.com","author_website":"","author_description":"","author_facebook":"","author_twitter":"","author_instagram":"","author_role":["customer"],"author_firstname":"Sabrin","author_lastname":"Yusef","user_login":"sarbin.yusef","author_avatar":"<img alt='' src='https:\/\/secure.gravatar.com\/avatar\/1f20332b0900369c93c9c272e03885bde073bf214b3dd3eb4bea569a45bea588?s=200&#038;d=mm&#038;r=g' srcset='https:\/\/secure.gravatar.com\/avatar\/1f20332b0900369c93c9c272e03885bde073bf214b3dd3eb4bea569a45bea588?s=400&#038;d=mm&#038;r=g 2x' class='avatar avatar-200 photo' height='200' width='200' decoding='async'\/>","author_avatar_url":"https:\/\/secure.gravatar.com\/avatar\/1f20332b0900369c93c9c272e03885bde073bf214b3dd3eb4bea569a45bea588?s=96&d=mm&r=g","comment_count":0,"post_likes":0,"post_views":0},"tpgb_post_category":[],"jetpack_shortlink":"https:\/\/wp.me\/PfpPaI-EfX","amp_enabled":true,"_links":{"self":[{"href":"https:\/\/onedesk.com\/sv\/wp-json\/wp\/v2\/pages\/154749","targetHints":{"allow":["GET"]}}],"collection":[{"href":"https:\/\/onedesk.com\/sv\/wp-json\/wp\/v2\/pages"}],"about":[{"href":"https:\/\/onedesk.com\/sv\/wp-json\/wp\/v2\/types\/page"}],"author":[{"embeddable":true,"href":"https:\/\/onedesk.com\/sv\/wp-json\/wp\/v2\/users\/27"}],"replies":[{"embeddable":true,"href":"https:\/\/onedesk.com\/sv\/wp-json\/wp\/v2\/comments?post=154749"}],"version-history":[{"count":15,"href":"https:\/\/onedesk.com\/sv\/wp-json\/wp\/v2\/pages\/154749\/revisions"}],"predecessor-version":[{"id":168383,"href":"https:\/\/onedesk.com\/sv\/wp-json\/wp\/v2\/pages\/154749\/revisions\/168383"}],"wp:attachment":[{"href":"https:\/\/onedesk.com\/sv\/wp-json\/wp\/v2\/media?parent=154749"}],"curies":[{"name":"wp","href":"https:\/\/api.w.org\/{rel}","templated":true}]}}